{"id":145091,"date":"2023-08-22T13:38:24","date_gmt":"2023-08-22T11:38:24","guid":{"rendered":"https:\/\/www.secowarwick.com\/?page_id=145091"},"modified":"2023-08-22T13:48:59","modified_gmt":"2023-08-22T11:48:59","slug":"urzadzenie-myjace","status":"publish","type":"page","link":"https:\/\/www.secowarwick.com\/pl\/urzadzenie-myjace\/","title":{"rendered":"URZ\u0104DZENIE MYJ\u0104CE"},"content":{"rendered":"<p>[et_pb_section fb_built=&#8221;1&#8243; admin_label=&#8221;section&#8221; _builder_version=&#8221;4.16&#8243; custom_padding=&#8221;0px|||&#8221; transparent_background=&#8221;off&#8221; make_fullwidth=&#8221;off&#8221; use_custom_width=&#8221;off&#8221; width_unit=&#8221;on&#8221; global_colors_info=&#8221;{}&#8221;][et_pb_row _builder_version=&#8221;4.16&#8243; _module_preset=&#8221;default&#8221; global_colors_info=&#8221;{}&#8221;][et_pb_column type=&#8221;4_4&#8243; _builder_version=&#8221;4.16&#8243; _module_preset=&#8221;default&#8221; global_colors_info=&#8221;{}&#8221;][et_pb_breadcrumbs _builder_version=&#8221;4.10.3&#8243; _module_preset=&#8221;default&#8221; global_colors_info=&#8221;{}&#8221;][\/et_pb_breadcrumbs][\/et_pb_column][\/et_pb_row][et_pb_row admin_label=&#8221;row&#8221; _builder_version=&#8221;4.16&#8243; background_size=&#8221;initial&#8221; background_position=&#8221;top_left&#8221; background_repeat=&#8221;repeat&#8221; custom_padding=&#8221;0px|||&#8221; make_fullwidth=&#8221;off&#8221; use_custom_width=&#8221;off&#8221; width_unit=&#8221;on&#8221; global_colors_info=&#8221;{}&#8221;][et_pb_column type=&#8221;4_4&#8243; _builder_version=&#8221;4.16&#8243; custom_padding=&#8221;|||&#8221; global_colors_info=&#8221;{}&#8221; custom_padding__hover=&#8221;|||&#8221;][et_pb_divider show_divider=&#8221;off&#8221; _builder_version=&#8221;4.16&#8243; _module_preset=&#8221;default&#8221; global_colors_info=&#8221;{}&#8221;][\/et_pb_divider][et_pb_text module_class=&#8221;red-square-list-parent&#8221; _builder_version=&#8221;4.19.2&#8243; background_size=&#8221;initial&#8221; background_position=&#8221;top_left&#8221; background_repeat=&#8221;repeat&#8221; use_border_color=&#8221;off&#8221; global_colors_info=&#8221;{}&#8221;]<\/p>\n<h1>URZ\u0104DZENIE MYJ\u0104CE<\/h1>\n<h2>MODEL HV 6612<\/h2>\n<p>Profesjonalne urz\u0105dzenie myj\u0105ce model HV 6612<\/p>\n<h3>Informacje og\u00f3lne:<\/h3>\n<p style=\"text-align: left;\"><span style=\"color: #ff0000;\">\/ <\/span>Producent: \u00a0Rubig\/HYDROVAC,<br \/><span style=\"color: #ff0000;\">\/ <\/span>Rok produkcji:\u00a0 2002,<br \/><span style=\"color: #ff0000;\">\/ <\/span>Stan: po generalnym remoncie kilka lat temu, aktualnie nie u\u017cywane<br \/><span style=\"color: #ff0000;\">\/ <\/span>Lokalizacja: W\u0119gry<br \/><span style=\"color: #ff0000;\">\/ <\/span>Urz\u0105dzenie od\u0142\u0105czone:\u00a0 przygotowane do relokacji<\/p>\n<p>&nbsp;<\/p>\n<h4 style=\"text-align: center;\"><strong><span style=\"color: #ff0000;\">\u00a0<\/span>Oferujemy ocen\u0119 techniczn\u0105, relokacj\u0119 oraz monta\u017c urz\u0105dzenia w miejscu docelowym na trenie E.U.<\/strong><\/h4>\n<p>[\/et_pb_text][\/et_pb_column][\/et_pb_row][\/et_pb_section][et_pb_section fb_built=&#8221;1&#8243; admin_label=&#8221;section&#8221; _builder_version=&#8221;4.19.2&#8243; background_color=&#8221;#f8f8f8&#8243; custom_margin=&#8221;-20px||||false|false&#8221; custom_padding=&#8221;0px||||false|false&#8221; transparent_background=&#8221;off&#8221; make_fullwidth=&#8221;off&#8221; use_custom_width=&#8221;off&#8221; width_unit=&#8221;on&#8221; global_colors_info=&#8221;{}&#8221;][et_pb_row column_structure=&#8221;1_2,1_2&#8243; admin_label=&#8221;row&#8221; _builder_version=&#8221;4.19.2&#8243; background_size=&#8221;initial&#8221; background_position=&#8221;top_left&#8221; background_repeat=&#8221;repeat&#8221; custom_margin=&#8221;-20px||||false|false&#8221; global_colors_info=&#8221;{}&#8221;][et_pb_column type=&#8221;1_2&#8243; _builder_version=&#8221;4.16&#8243; custom_padding=&#8221;|||&#8221; global_colors_info=&#8221;{}&#8221; custom_padding__hover=&#8221;|||&#8221;][et_pb_text _builder_version=&#8221;4.19.2&#8243; _module_preset=&#8221;default&#8221; text_font_size=&#8221;16px&#8221; global_colors_info=&#8221;{}&#8221;]<\/p>\n<p>&nbsp;<\/p>\n<p>&nbsp;<\/p>\n<p>[\/et_pb_text][et_pb_image src=&#8221;https:\/\/www.secowarwick.com\/wp-content\/uploads\/2023\/08\/uzradzenie-myjace.jpg&#8221; alt=&#8221;RETORT ELECTRIC PIT FURNACE TYPE VRNe-60.100-650-5-ZF&#8221; title_text=&#8221;uzr\u0105dzenie myj\u0105ce&#8221; align_tablet=&#8221;center&#8221; align_phone=&#8221;&#8221; align_last_edited=&#8221;on|desktop&#8221; _builder_version=&#8221;4.19.2&#8243; global_colors_info=&#8221;{}&#8221;][\/et_pb_image][\/et_pb_column][et_pb_column type=&#8221;1_2&#8243; _builder_version=&#8221;4.16&#8243; custom_padding=&#8221;|||&#8221; global_colors_info=&#8221;{}&#8221; custom_padding__hover=&#8221;|||&#8221;][et_pb_text admin_label=&#8221;apostrof&#8221; module_class=&#8221;przecinek-tlo-nizej&#8221; _builder_version=&#8221;4.19.2&#8243; custom_margin=&#8221;||||false|false&#8221; custom_margin_tablet=&#8221;&#8221; custom_margin_phone=&#8221;&#8221; custom_margin_last_edited=&#8221;on|desktop&#8221; saved_tabs=&#8221;all&#8221; global_colors_info=&#8221;{}&#8221;]<\/p>\n<h3>Podstawowe dane techniczne<\/h3>\n<p>[\/et_pb_text][et_pb_text _builder_version=&#8221;4.19.2&#8243; _module_preset=&#8221;default&#8221; global_colors_info=&#8221;{}&#8221;]<\/p>\n<p><strong><span style=\"color: #ff0000;\">\/<\/span><\/strong> Wymiary komory roboczej [mm] \u00a0W=600 x H=600 x L=1200,<\/p>\n<p><strong><span style=\"color: #ff0000;\">\/<\/span><\/strong> Maksymalna masa wsadu 750 kg,<\/p>\n<p><strong><span style=\"color: #ff0000;\">\/<\/span><\/strong> Wymiary urz\u0105dzenia [mm] W=2100 x H=3500 x L= 3450,<\/p>\n<p><strong><span style=\"color: #ff0000;\">\/<\/span><\/strong> Wymiary komory mycia \u00a0[mm]950 mm x1200 mm,<\/p>\n<p><strong><span style=\"color: #ff0000;\">\/<\/span><\/strong> Pojemno\u015b\u0107 komory mycia 855 l,<\/p>\n<p><strong><span style=\"color: #ff0000;\">\/<\/span><\/strong> Pompa pr\u00f3\u017cniowa \u00a0155 m3\/h 80-100 m bar,<\/p>\n<p><strong><span style=\"color: #ff0000;\">\/<\/span><\/strong> Sterowanie \u2013 SIEMENS \u2013 COROS OP25,<\/p>\n<p style=\"text-align: left;\">\u00a0<strong>Szczeg\u00f3\u0142owe dane techniczne dost\u0119pne na \u017cyczenie.<\/strong><\/p>\n<p><a href=\"#_ftnref1\" name=\"_ftn1\"><\/a><\/p>\n<p>[\/et_pb_text][\/et_pb_column][\/et_pb_row][\/et_pb_section]<\/p>\n","protected":false},"excerpt":{"rendered":"<p>[et_pb_breadcrumbs _builder_version=&#8221;4.10.3&#8243; _module_preset=&#8221;default&#8221; global_colors_info=&#8221;{}&#8221;][\/et_pb_breadcrumbs]URZ\u0104DZENIE MYJ\u0104CE MODEL HV 6612 Profesjonalne urz\u0105dzenie myj\u0105ce model HV 6612 Informacje og\u00f3lne: \/ Producent: \u00a0Rubig\/HYDROVAC,\/ Rok produkcji:\u00a0 2002,\/ Stan: po generalnym remoncie kilka lat temu, aktualnie nie u\u017cywane\/ Lokalizacja: W\u0119gry\/ Urz\u0105dzenie od\u0142\u0105czone:\u00a0 przygotowane do relokacji &nbsp; \u00a0Oferujemy ocen\u0119 techniczn\u0105, relokacj\u0119 oraz monta\u017c urz\u0105dzenia w miejscu docelowym na trenie E.U.&nbsp; &nbsp;Podstawowe dane [&hellip;]<\/p>\n","protected":false},"author":2,"featured_media":0,"parent":0,"menu_order":0,"comment_status":"closed","ping_status":"closed","template":"","meta":{"_acf_changed":false,"_et_pb_use_builder":"on","_et_pb_old_content":"","_et_gb_content_width":"","footnotes":""},"class_list":["post-145091","page","type-page","status-publish"],"acf":[],"_links":{"self":[{"href":"https:\/\/www.secowarwick.com\/pl\/wp-json\/wp\/v2\/pages\/145091","targetHints":{"allow":["GET"]}}],"collection":[{"href":"https:\/\/www.secowarwick.com\/pl\/wp-json\/wp\/v2\/pages"}],"about":[{"href":"https:\/\/www.secowarwick.com\/pl\/wp-json\/wp\/v2\/types\/page"}],"author":[{"embeddable":true,"href":"https:\/\/www.secowarwick.com\/pl\/wp-json\/wp\/v2\/users\/2"}],"replies":[{"embeddable":true,"href":"https:\/\/www.secowarwick.com\/pl\/wp-json\/wp\/v2\/comments?post=145091"}],"version-history":[{"count":9,"href":"https:\/\/www.secowarwick.com\/pl\/wp-json\/wp\/v2\/pages\/145091\/revisions"}],"predecessor-version":[{"id":145111,"href":"https:\/\/www.secowarwick.com\/pl\/wp-json\/wp\/v2\/pages\/145091\/revisions\/145111"}],"wp:attachment":[{"href":"https:\/\/www.secowarwick.com\/pl\/wp-json\/wp\/v2\/media?parent=145091"}],"curies":[{"name":"wp","href":"https:\/\/api.w.org\/{rel}","templated":true}]}}