{"id":145911,"date":"2023-09-19T13:50:42","date_gmt":"2023-09-19T11:50:42","guid":{"rendered":"https:\/\/www.secowarwick.com\/?page_id=145911"},"modified":"2023-11-24T13:44:14","modified_gmt":"2023-11-24T12:44:14","slug":"tresci-premium","status":"publish","type":"page","link":"https:\/\/www.secowarwick.com\/pl\/tresci-premium\/","title":{"rendered":"Tre\u015bci Premium"},"content":{"rendered":"<p>[et_pb_section fb_built=&#8221;1&#8243; _builder_version=&#8221;4.19.2&#8243; _module_preset=&#8221;default&#8221; global_colors_info=&#8221;{}&#8221;][et_pb_row _builder_version=&#8221;4.19.2&#8243; _module_preset=&#8221;default&#8221; global_colors_info=&#8221;{}&#8221;][et_pb_column type=&#8221;4_4&#8243; _builder_version=&#8221;4.19.2&#8243; _module_preset=&#8221;default&#8221; global_colors_info=&#8221;{}&#8221;][et_pb_text _builder_version=&#8221;4.19.2&#8243; _module_preset=&#8221;default&#8221; global_colors_info=&#8221;{}&#8221;]<\/p>\n<h2><span style=\"color: #dc291e;\">\/<\/span> GALERIA ZDJ\u0118\u0106<\/h2>\n<p>[\/et_pb_text][et_pb_gallery gallery_ids=&#8221;146532,146366,146377,146384,146497,146359,146391,146427,146525,146420,146413,146405,146434,146483,146476,146398,146504,146518,146546,146553,146539,146560,146448,146441,146455,146462,146469,146370,146511,146781,146774,146767,146760,146753,146746,146739,146732,146725,146718,146711,146704,146648,146697,146690,146683,146676,146669,146662,146655,146641&#8243; posts_number=&#8221;40&#8243; show_title_and_caption=&#8221;off&#8221; show_pagination=&#8221;off&#8221; _builder_version=&#8221;4.19.2&#8243; _module_preset=&#8221;default&#8221; global_colors_info=&#8221;{}&#8221;][\/et_pb_gallery][\/et_pb_column][\/et_pb_row][et_pb_row _builder_version=&#8221;4.19.2&#8243; _module_preset=&#8221;default&#8221; column_structure=&#8221;1_2,1_2&#8243;][et_pb_column _builder_version=&#8221;4.19.2&#8243; _module_preset=&#8221;default&#8221; type=&#8221;1_2&#8243;][et_pb_text _builder_version=&#8221;4.19.2&#8243; _module_preset=&#8221;default&#8221; global_colors_info=&#8221;{}&#8221;]<\/p>\n<h3><span style=\"color: #ff0000;\">\/<\/span> CONTENT PREMIUM<\/h3>\n<p>[\/et_pb_text][et_pb_text _builder_version=&#8221;4.19.2&#8243; _module_preset=&#8221;default&#8221; locked=&#8221;off&#8221; global_colors_info=&#8221;{}&#8221;]<\/p>\n<p style=\"text-align: left;\"><a href=\"https:\/\/www.secowarwick.com\/wp-content\/uploads\/2021\/05\/SECO_WARWICK_DNA_2021_PL.pdf\" target=\"_blank\" rel=\"noopener\"><strong>DNABOOK<\/strong><\/a><\/p>\n<p style=\"text-align: left;\"><a href=\"https:\/\/www.secowarwick.com\/wp-content\/uploads\/2023\/06\/ECOBOOK-2-1.pdf\" target=\"_blank\" rel=\"noopener\"><strong>ECOBOOK<\/strong><\/a><\/p>\n<p style=\"text-align: left;\"><strong><a href=\"https:\/\/www.secowarwick.com\/wp-content\/uploads\/2022\/09\/Gas-Nitriding-Furnace_ZeroFlow_Case-Study-2.pdf\" target=\"_blank\" rel=\"noopener\">Nitriding for the automotive industry<\/a><\/strong><\/p>\n<p style=\"text-align: left;\"><strong><a href=\"https:\/\/www.secowarwick.com\/wp-content\/uploads\/2023\/01\/Low-Pressure-Carburizing-for-Hardening-Plant-%E2%80%93-Case-Study.pdf\" target=\"_blank\" rel=\"noopener\">Hardening plant solutions join forces to develop<\/a><\/strong><\/p>\n<p style=\"text-align: left;\"><strong><a href=\"https:\/\/www.secowarwick.com\/wp-content\/uploads\/2023\/01\/Vacuum-furnace-for-low-pressure-carburizing-CaseMaster-Evolution%C2%AE-Case-Study.pdf\" target=\"_blank\" rel=\"noopener\">Heat treatment and mechanical processing of metals using SECO\/WARWICK technology\u00a0<\/a><\/strong><\/p>\n<p>&nbsp;<\/p>\n<p>[\/et_pb_text][\/et_pb_column][et_pb_column _builder_version=&#8221;4.19.2&#8243; _module_preset=&#8221;default&#8221; type=&#8221;1_2&#8243;][et_pb_text _builder_version=&#8221;4.19.2&#8243; _module_preset=&#8221;default&#8221; global_colors_info=&#8221;{}&#8221;]<\/p>\n<h3><span style=\"color: #ff0000;\">\/<\/span> ULOTKI<\/h3>\n<p>[\/et_pb_text][et_pb_selected_documents _builder_version=&#8221;4.19.2&#8243; _module_preset=&#8221;default&#8221; global_colors_info=&#8221;{}&#8221;][et_pb_document post_id=&#8221;103117&#8243; title=&#8221;Pit-LPC &#8211; brochure&#8221; _builder_version=&#8221;4.19.2&#8243; _module_preset=&#8221;default&#8221; global_colors_info=&#8221;{}&#8221;][\/et_pb_document][et_pb_document post_id=&#8221;123879&#8243; title=&#8221;ZeroFlow\u00ae &#8211; brochure&#8221; _builder_version=&#8221;4.19.2&#8243; _module_preset=&#8221;default&#8221; global_colors_info=&#8221;{}&#8221;][\/et_pb_document][et_pb_document post_id=&#8221;35453&#8243; title=&#8221;Vacuum Induction Melting (VIM) Systems &#8211; brochure&#8221; _builder_version=&#8221;4.19.2&#8243; _module_preset=&#8221;default&#8221; global_colors_info=&#8221;{}&#8221;][\/et_pb_document][et_pb_document post_id=&#8221;129226&#8243; title=&#8221;CaseMaster Evolution\u00ae T &#8211; brochure&#8221; _builder_version=&#8221;4.19.2&#8243; _module_preset=&#8221;default&#8221; global_colors_info=&#8221;{}&#8221;][\/et_pb_document][et_pb_document post_id=&#8221;105257&#8243; title=&#8221;Metal Powder Production Systems &#8211; brochure&#8221; _builder_version=&#8221;4.19.2&#8243; _module_preset=&#8221;default&#8221; global_colors_info=&#8221;{}&#8221;][\/et_pb_document][\/et_pb_selected_documents][et_pb_selected_documents _builder_version=&#8221;4.19.2&#8243; _module_preset=&#8221;default&#8221; locked=&#8221;off&#8221; global_colors_info=&#8221;{}&#8221;][et_pb_document post_id=&#8221;118194&#8243; title=&#8221;R&#038;D CAB Furnace &#8211; brochure&#8221; _builder_version=&#8221;4.19.2&#8243; _module_preset=&#8221;default&#8221; global_colors_info=&#8221;{}&#8221;][\/et_pb_document][\/et_pb_selected_documents][et_pb_selected_documents _builder_version=&#8221;4.19.2&#8243; _module_preset=&#8221;default&#8221; locked=&#8221;off&#8221; global_colors_info=&#8221;{}&#8221;][et_pb_document post_id=&#8221;114595&#8243; title=&#8221;CAB Controlled Atmosphere Aluminum Brazing Systems &#8211; brochure&#8221; _builder_version=&#8221;4.19.2&#8243; _module_preset=&#8221;default&#8221; global_colors_info=&#8221;{}&#8221;][\/et_pb_document][et_pb_document post_id=&#8221;105036&#8243; title=&#8221;General Retech Vacuum Metallurgical Equipment &#8211; brochure&#8221; _builder_version=&#8221;4.19.2&#8243; _module_preset=&#8221;default&#8221; global_colors_info=&#8221;{}&#8221;][\/et_pb_document][\/et_pb_selected_documents][et_pb_text _builder_version=&#8221;4.19.2&#8243; _module_preset=&#8221;default&#8221; locked=&#8221;off&#8221; global_colors_info=&#8221;{}&#8221;]<\/p>\n<p style=\"text-align: left;\"><a href=\"https:\/\/www.secowarwick.com\/wp-content\/uploads\/2023\/06\/EVCAB-FURNACE.jpg\" target=\"_blank\" rel=\"noopener\"><b>EV\/CAB &#8211; Desings for E-mobility<\/b><\/a><\/p>\n<p style=\"text-align: left;\"><a href=\"https:\/\/www.secowarwick.com\/wp-content\/uploads\/2016\/11\/2021_AP_Spare_-Parts_and_CAB_Line_Modification.pdf\" target=\"_blank\" rel=\"noopener\"><b>Spare parts and CAB line modifications -brochure<\/b><\/a><\/p>\n<p><strong><a href=\"https:\/\/www.secowarwick.com\/wp-content\/uploads\/2016\/03\/Universal-CAB-Batch-Furnace-2020.pdf\" target=\"_blank\" rel=\"noopener\">Universal CAB Batch Furnace &#8211; brochure<\/a><\/strong><\/p>\n<p>&nbsp;<\/p>\n<p>[\/et_pb_text][\/et_pb_column][\/et_pb_row][et_pb_row column_structure=&#8221;1_3,1_3,1_3&#8243; _builder_version=&#8221;4.19.2&#8243; _module_preset=&#8221;default&#8221; global_colors_info=&#8221;{}&#8221; disabled_on=&#8221;on|on|on&#8221; disabled=&#8221;on&#8221;][et_pb_column type=&#8221;1_3&#8243; _builder_version=&#8221;4.19.2&#8243; _module_preset=&#8221;default&#8221; global_colors_info=&#8221;{}&#8221;][et_pb_text _builder_version=&#8221;4.19.2&#8243; _module_preset=&#8221;default&#8221; global_colors_info=&#8221;{}&#8221;]<\/p>\n<h3><span style=\"color: #ff0000;\">\/<\/span> PREZENTACJE<\/h3>\n<p>[\/et_pb_text][et_pb_selected_documents _builder_version=&#8221;4.19.2&#8243; _module_preset=&#8221;default&#8221; global_colors_info=&#8221;{}&#8221;][et_pb_document post_id=&#8221;146141&#8243; title=&#8221;Ekologiczne azotowanie &#8211; technologia ZeroFlow i symulacja procesu&#8221; _builder_version=&#8221;4.19.2&#8243; _module_preset=&#8221;default&#8221; global_colors_info=&#8221;{}&#8221;][\/et_pb_document][et_pb_document post_id=&#8221;146150&#8243; title=&#8221;Ekonomiczne i ekologiczne mo\u017cliwo\u015bci modernizacji urz\u0105dze\u0144 do obr\u00f3bki cieplnej&#8221; _builder_version=&#8221;4.19.2&#8243; _module_preset=&#8221;default&#8221; global_colors_info=&#8221;{}&#8221;][\/et_pb_document][et_pb_document post_id=&#8221;146168&#8243; title=&#8221;Nowe wyzwania technologii lutowania wymiennik\u00f3w ciep\u0142a. Jednym z nich ograniczenie emisji CO2 VER-skompresowany&#8221; _builder_version=&#8221;4.19.2&#8243; _module_preset=&#8221;default&#8221; global_colors_info=&#8221;{}&#8221;][\/et_pb_document][et_pb_document post_id=&#8221;146159&#8243; title=&#8221;Piece pr\u00f3\u017cniowe CME-T technologicznym, ekonomicznym i ekologicznym rozwi\u0105zeniem rynkowym&#8221; _builder_version=&#8221;4.19.2&#8243; _module_preset=&#8221;default&#8221; global_colors_info=&#8221;{}&#8221;][\/et_pb_document][et_pb_document post_id=&#8221;146177&#8243; title=&#8221;Post\u0119p w zielonej technologii naw\u0119glania pr\u00f3\u017cniowego PreNIT LPC LPCN&#8221; _builder_version=&#8221;4.19.2&#8243; _module_preset=&#8221;default&#8221; global_colors_info=&#8221;{}&#8221;][\/et_pb_document][et_pb_document post_id=&#8221;146199&#8243; title=&#8221;Topowe i znacz\u0105ce wdro\u017cenia technologiczne Grupy SECO\/WARWICK&#8221; _builder_version=&#8221;4.19.2&#8243; _module_preset=&#8221;default&#8221; global_colors_info=&#8221;{}&#8221;][\/et_pb_document][et_pb_document post_id=&#8221;146189&#8243; title=&#8221;Wyzwania automatyzacji w obszarze obs\u0142ugi serwisowej&#8221; _builder_version=&#8221;4.19.2&#8243; _module_preset=&#8221;default&#8221; global_colors_info=&#8221;{}&#8221;][\/et_pb_document][et_pb_document post_id=&#8221;146215&#8243; title=&#8221;W poszukiwaniu doskona\u0142ych stop\u00f3w&#8221; _builder_version=&#8221;4.19.2&#8243; _module_preset=&#8221;default&#8221; global_colors_info=&#8221;{}&#8221;][\/et_pb_document][\/et_pb_selected_documents][\/et_pb_column][et_pb_column type=&#8221;1_3&#8243; _builder_version=&#8221;4.19.2&#8243; _module_preset=&#8221;default&#8221; global_colors_info=&#8221;{}&#8221;][\/et_pb_column][et_pb_column type=&#8221;1_3&#8243; _builder_version=&#8221;4.19.2&#8243; _module_preset=&#8221;default&#8221; global_colors_info=&#8221;{}&#8221;][\/et_pb_column][\/et_pb_row][\/et_pb_section]<\/p>\n","protected":false},"excerpt":{"rendered":"<p>\/ GALERIA ZDJ\u0118\u0106\/ CONTENT PREMIUMDNABOOK ECOBOOK Nitriding for the automotive industry Hardening plant solutions join forces to develop Heat treatment and mechanical processing of metals using SECO\/WARWICK technology\u00a0 &nbsp;\/ ULOTKI[et_pb_selected_documents _builder_version=&#8221;4.19.2&#8243; _module_preset=&#8221;default&#8221; global_colors_info=&#8221;{}&#8221;][et_pb_document post_id=&#8221;103117&#8243; title=&#8221;Pit-LPC &#8211; brochure&#8221; _builder_version=&#8221;4.19.2&#8243; _module_preset=&#8221;default&#8221; global_colors_info=&#8221;{}&#8221;][\/et_pb_document][et_pb_document post_id=&#8221;123879&#8243; title=&#8221;ZeroFlow\u00ae &#8211; brochure&#8221; _builder_version=&#8221;4.19.2&#8243; _module_preset=&#8221;default&#8221; global_colors_info=&#8221;{}&#8221;][\/et_pb_document][et_pb_document post_id=&#8221;35453&#8243; title=&#8221;Vacuum Induction Melting (VIM) Systems &#8211; brochure&#8221; [&hellip;]<\/p>\n","protected":false},"author":2,"featured_media":0,"parent":0,"menu_order":0,"comment_status":"closed","ping_status":"closed","template":"","meta":{"_acf_changed":false,"_et_pb_use_builder":"on","_et_pb_old_content":"","_et_gb_content_width":"","footnotes":""},"class_list":["post-145911","page","type-page","status-publish"],"acf":[],"_links":{"self":[{"href":"https:\/\/www.secowarwick.com\/pl\/wp-json\/wp\/v2\/pages\/145911","targetHints":{"allow":["GET"]}}],"collection":[{"href":"https:\/\/www.secowarwick.com\/pl\/wp-json\/wp\/v2\/pages"}],"about":[{"href":"https:\/\/www.secowarwick.com\/pl\/wp-json\/wp\/v2\/types\/page"}],"author":[{"embeddable":true,"href":"https:\/\/www.secowarwick.com\/pl\/wp-json\/wp\/v2\/users\/2"}],"replies":[{"embeddable":true,"href":"https:\/\/www.secowarwick.com\/pl\/wp-json\/wp\/v2\/comments?post=145911"}],"version-history":[{"count":13,"href":"https:\/\/www.secowarwick.com\/pl\/wp-json\/wp\/v2\/pages\/145911\/revisions"}],"predecessor-version":[{"id":149519,"href":"https:\/\/www.secowarwick.com\/pl\/wp-json\/wp\/v2\/pages\/145911\/revisions\/149519"}],"wp:attachment":[{"href":"https:\/\/www.secowarwick.com\/pl\/wp-json\/wp\/v2\/media?parent=145911"}],"curies":[{"name":"wp","href":"https:\/\/api.w.org\/{rel}","templated":true}]}}