{"id":145913,"date":"2023-09-20T09:06:05","date_gmt":"2023-09-20T07:06:05","guid":{"rendered":"https:\/\/www.secowarwick.com\/?page_id=145913"},"modified":"2023-09-20T12:24:31","modified_gmt":"2023-09-20T10:24:31","slug":"generator-atmosfery-endotermicznej","status":"publish","type":"page","link":"https:\/\/www.secowarwick.com\/pl\/generator-atmosfery-endotermicznej\/","title":{"rendered":"Generator atmosfery endotermicznej"},"content":{"rendered":"<p>[et_pb_section fb_built=&#8221;1&#8243; admin_label=&#8221;section&#8221; _builder_version=&#8221;4.16&#8243; custom_padding=&#8221;0px|||&#8221; transparent_background=&#8221;off&#8221; make_fullwidth=&#8221;off&#8221; use_custom_width=&#8221;off&#8221; width_unit=&#8221;on&#8221; global_colors_info=&#8221;{}&#8221;][et_pb_row _builder_version=&#8221;4.16&#8243; _module_preset=&#8221;default&#8221; global_colors_info=&#8221;{}&#8221;][et_pb_column type=&#8221;4_4&#8243; _builder_version=&#8221;4.16&#8243; _module_preset=&#8221;default&#8221; global_colors_info=&#8221;{}&#8221;][et_pb_breadcrumbs _builder_version=&#8221;4.10.3&#8243; _module_preset=&#8221;default&#8221; global_colors_info=&#8221;{}&#8221;][\/et_pb_breadcrumbs][\/et_pb_column][\/et_pb_row][et_pb_row admin_label=&#8221;row&#8221; _builder_version=&#8221;4.16&#8243; background_size=&#8221;initial&#8221; background_position=&#8221;top_left&#8221; background_repeat=&#8221;repeat&#8221; custom_padding=&#8221;0px|||&#8221; make_fullwidth=&#8221;off&#8221; use_custom_width=&#8221;off&#8221; width_unit=&#8221;on&#8221; global_colors_info=&#8221;{}&#8221;][et_pb_column type=&#8221;4_4&#8243; _builder_version=&#8221;4.16&#8243; custom_padding=&#8221;|||&#8221; global_colors_info=&#8221;{}&#8221; custom_padding__hover=&#8221;|||&#8221;][et_pb_divider show_divider=&#8221;off&#8221; _builder_version=&#8221;4.16&#8243; _module_preset=&#8221;default&#8221; global_colors_info=&#8221;{}&#8221;][\/et_pb_divider][et_pb_text module_class=&#8221;red-square-list-parent&#8221; _builder_version=&#8221;4.19.2&#8243; background_size=&#8221;initial&#8221; background_position=&#8221;top_left&#8221; background_repeat=&#8221;repeat&#8221; hover_enabled=&#8221;0&#8243; use_border_color=&#8221;off&#8221; global_colors_info=&#8221;{}&#8221; sticky_enabled=&#8221;0&#8243;]<\/p>\n<h1>GENERATOR ATMOSFERY ENDOTERMICZNEJ<\/h1>\n<h2>typ G-60-ET<\/h2>\n<p>&nbsp;<\/p>\n<p><span style=\"color: #ff0000;\">\/ <\/span>Producent: SECO\/WARWICK,<br \/><span style=\"color: #ff0000;\">\/ <\/span>rok produkcji: 2013,<br \/><span style=\"color: #ff0000;\">\/ <\/span>lokalizacja: Polska &#8211; \u015awiebodzin,<br \/><span style=\"color: #ff0000;\">\/ <\/span>urz\u0105dzenie nigdy nie u\u017cywane \u2013 anulowane zam\u00f3wienia Klienta,<br \/><span style=\"color: #ff0000;\">\/ <\/span>stan: bardzo dobry,<br \/><span style=\"color: #ff0000;\">\/ <\/span>wersja bez automatycznej regulacji przep\u0142ywu gazu. Mo\u017cliwo\u015b\u0107 doposa\u017cania przez SECO\/WARWICK,<br \/><span style=\"color: #ff0000;\">\/ <\/span>oferujemy ocen\u0119 techniczn\u0105, relokacj\u0119 oraz monta\u017c urz\u0105dzenia w miejscu docelowym na trenie E.U.<\/p>\n<h3>Przeznaczenie:<\/h3>\n<p>Generator atmosfery endotermicznej typu G-60-ET przeznaczony jest do wytwarzania regulowanej atmosfery endotermicznej z gazu ziemnego lub propanu i powietrza. Punkt rosy uzyskiwanej atmosfery jest w zakresie 0OC \u00b1 5OC.<\/p>\n<p>[\/et_pb_text][\/et_pb_column][\/et_pb_row][\/et_pb_section][et_pb_section fb_built=&#8221;1&#8243; admin_label=&#8221;section&#8221; _builder_version=&#8221;4.19.2&#8243; background_color=&#8221;#f8f8f8&#8243; custom_margin=&#8221;-20px||||false|false&#8221; custom_padding=&#8221;0px||||false|false&#8221; transparent_background=&#8221;off&#8221; make_fullwidth=&#8221;off&#8221; use_custom_width=&#8221;off&#8221; width_unit=&#8221;on&#8221; global_colors_info=&#8221;{}&#8221;][et_pb_row column_structure=&#8221;1_2,1_2&#8243; admin_label=&#8221;row&#8221; _builder_version=&#8221;4.19.2&#8243; background_size=&#8221;initial&#8221; background_position=&#8221;top_left&#8221; background_repeat=&#8221;repeat&#8221; custom_margin=&#8221;-20px||||false|false&#8221; global_colors_info=&#8221;{}&#8221;][et_pb_column type=&#8221;1_2&#8243; _builder_version=&#8221;4.16&#8243; custom_padding=&#8221;|||&#8221; global_colors_info=&#8221;{}&#8221; custom_padding__hover=&#8221;|||&#8221;][et_pb_image src=&#8221;https:\/\/www.secowarwick.com\/wp-content\/uploads\/2023\/09\/ENDOTHERMIC-ATMOSPHERE-GENERATOR-Type-G-60-ET-scaled.jpg&#8221; alt=&#8221;ENDOTHERMIC ATMOSPHERE GENERATOR Type G-60-ET&#8221; title_text=&#8221;ENDOTHERMIC ATMOSPHERE GENERATOR Type G-60-ET&#8221; align_tablet=&#8221;center&#8221; align_phone=&#8221;&#8221; align_last_edited=&#8221;on|desktop&#8221; _builder_version=&#8221;4.19.2&#8243; global_colors_info=&#8221;{}&#8221;][\/et_pb_image][et_pb_image src=&#8221;https:\/\/www.secowarwick.com\/wp-content\/uploads\/2023\/09\/ENDOTHERMIC-ATMOSPHERE-GENERATOR-scaled.jpg&#8221; alt=&#8221;ENDOTHERMIC ATMOSPHERE GENERATOR&#8221; title_text=&#8221;ENDOTHERMIC ATMOSPHERE GENERATOR&#8221; align_tablet=&#8221;center&#8221; align_phone=&#8221;&#8221; align_last_edited=&#8221;on|desktop&#8221; _builder_version=&#8221;4.19.2&#8243; global_colors_info=&#8221;{}&#8221;][\/et_pb_image][\/et_pb_column][et_pb_column type=&#8221;1_2&#8243; _builder_version=&#8221;4.16&#8243; custom_padding=&#8221;|||&#8221; global_colors_info=&#8221;{}&#8221; custom_padding__hover=&#8221;|||&#8221;][et_pb_text admin_label=&#8221;apostrof&#8221; module_class=&#8221;przecinek-tlo-nizej&#8221; _builder_version=&#8221;4.19.2&#8243; custom_margin=&#8221;||||false|false&#8221; custom_margin_tablet=&#8221;&#8221; custom_margin_phone=&#8221;&#8221; custom_margin_last_edited=&#8221;on|desktop&#8221; saved_tabs=&#8221;all&#8221; global_colors_info=&#8221;{}&#8221;]<\/p>\n<h2>Dane techniczne<\/h2>\n<p>[\/et_pb_text][et_pb_text _builder_version=&#8221;4.19.2&#8243; _module_preset=&#8221;default&#8221; hover_enabled=&#8221;0&#8243; global_colors_info=&#8221;{}&#8221; sticky_enabled=&#8221;0&#8243;]<\/p>\n<table style=\"width: 97.1082%; height: 550px;\" width=\"596\">\n<tbody>\n<tr style=\"height: 34px;\">\n<td style=\"width: 52.9406%; height: 34px; text-align: center;\" width=\"350\"><strong>Nazwa wyboru cz\u0119\u015bci<\/strong><\/td>\n<td style=\"width: 15.7624%; height: 34px; text-align: center;\" width=\"169\"><strong>Jednostka<\/strong><\/td>\n<td style=\"width: 28.5099%; height: 34px; text-align: center;\" width=\"74\"><strong>Warto\u015b\u0107<\/strong><\/td>\n<\/tr>\n<tr style=\"height: 12px;\">\n<td style=\"width: 52.9406%; height: 12px;\" width=\"350\">Wymiary gabarytowe<\/td>\n<td style=\"width: 15.7624%; height: 12px; text-align: center;\" width=\"169\">mm<\/td>\n<td style=\"width: 28.5099%; height: 12px; text-align: center;\" width=\"74\">Wg. rys. zestawieniowego<\/td>\n<\/tr>\n<tr style=\"height: 11px;\">\n<td style=\"width: 52.9406%; height: 11px;\" width=\"350\">Moc zainstalowana<\/td>\n<td style=\"width: 15.7624%; height: 11px; text-align: center;\" width=\"169\">kW<\/td>\n<td style=\"width: 28.5099%; height: 11px; text-align: center;\" width=\"74\">~32<\/td>\n<\/tr>\n<tr style=\"height: 51px;\">\n<td style=\"width: 52.9406%; height: 51px;\" width=\"350\">Masa brutto<\/td>\n<td style=\"width: 15.7624%; height: 51px; text-align: center;\" width=\"169\">kg<\/td>\n<td style=\"width: 28.5099%; height: 51px; text-align: center;\" width=\"74\">~2600<\/td>\n<\/tr>\n<tr style=\"height: 0px;\">\n<td style=\"height: 10px; width: 52.9406%; text-align: left;\" width=\"594\">Wydajno\u015b\u0107 atmosfery ENDO (przy swobodnym wyp\u0142ywie atmosfery)<\/td>\n<td style=\"width: 15.7624%; height: 10px; text-align: center;\">m<sup>3<\/sup>\/h<\/td>\n<td style=\"width: 28.5099%; height: 10px; text-align: center;\">60<\/td>\n<\/tr>\n<tr style=\"height: 13px;\">\n<td style=\"width: 52.9406%; height: 13px;\" width=\"350\">Rodzaj i ilo\u015b\u0107 katalizatora<\/td>\n<td style=\"width: 15.7624%; height: 13px; text-align: center;\" width=\"169\">dm<sup>3<\/sup><\/td>\n<td style=\"width: 28.5099%; height: 13px; text-align: center;\" width=\"74\">5-8%Ni &#8211; 30dm<sup>3<\/sup><\/td>\n<\/tr>\n<tr style=\"height: 51px;\">\n<td style=\"width: 52.9406%; height: 51px;\" width=\"350\">Zapotrzebowanie gazu procesowego<\/td>\n<td style=\"width: 15.7624%; height: 51px; text-align: center;\" width=\"169\">Nm<sup>3<\/sup>\/h<\/td>\n<td style=\"width: 28.5099%; height: 51px; text-align: center;\" width=\"74\">5 \u2013 propan<br \/>13,6 \u2013 metan<\/td>\n<\/tr>\n<tr style=\"height: 16px;\">\n<td style=\"width: 52.9406%; height: 16px;\" width=\"350\">Warto\u015b\u0107 opa\u0142owa gazu procesowego<\/td>\n<td style=\"width: 15.7624%; height: 16px; text-align: center;\" width=\"169\">MJ\/m<sup>3<\/sup><\/td>\n<td style=\"width: 28.5099%; height: 16px; text-align: center;\" width=\"74\">35- metan<br \/>93 \u2013 propan<\/td>\n<\/tr>\n<tr style=\"height: 10px;\">\n<td style=\"width: 52.9406%; height: 10px;\" width=\"350\">Temperatura znamionowa<\/td>\n<td style=\"width: 15.7624%; height: 10px; text-align: center;\" width=\"169\"><sup>o<\/sup>C<\/td>\n<td style=\"width: 28.5099%; height: 10px; text-align: center;\" width=\"74\">1050<\/td>\n<\/tr>\n<tr style=\"height: 10px;\">\n<td style=\"width: 52.9406%; height: 10px;\" width=\"350\">Typ czujnika temperatur<\/td>\n<td style=\"width: 15.7624%; height: 10px; text-align: center;\" width=\"169\">\u00a0<\/td>\n<td style=\"width: 28.5099%; height: 10px; text-align: center;\" width=\"74\">S<\/td>\n<\/tr>\n<tr style=\"height: 12px;\">\n<td style=\"width: 52.9406%; height: 12px;\" width=\"350\">Stosunek powietrze-gaz<br \/>dla propanu<br \/>dla metanu<\/td>\n<td style=\"width: 15.7624%; height: 12px; text-align: center;\" width=\"169\">\u00a0<\/td>\n<td style=\"width: 28.5099%; height: 12px; text-align: center;\" width=\"74\">7,5 do 1v<br \/>3,5 do 1<\/td>\n<\/tr>\n<\/tbody>\n<\/table>\n<p><a href=\"#_ftnref1\" name=\"_ftn1\"><\/a><\/p>\n<p>[\/et_pb_text][et_pb_text _builder_version=&#8221;4.19.2&#8243; _module_preset=&#8221;default&#8221; global_colors_info=&#8221;{}&#8221;]<\/p>\n<p>&nbsp;<\/p>\n<p>&nbsp;<\/p>\n<p>[\/et_pb_text][et_pb_text admin_label=&#8221;apostrof&#8221; module_class=&#8221;przecinek-tlo-nizej&#8221; _builder_version=&#8221;4.19.2&#8243; custom_margin=&#8221;||||false|false&#8221; custom_margin_tablet=&#8221;&#8221; custom_margin_phone=&#8221;&#8221; custom_margin_last_edited=&#8221;on|desktop&#8221; saved_tabs=&#8221;all&#8221; global_colors_info=&#8221;{}&#8221;]<\/p>\n<h2>Wykaz czynnik\u00f3w energetycznych niezb\u0119dnych do zasilania generatora<\/h2>\n<p>[\/et_pb_text][et_pb_text _builder_version=&#8221;4.19.2&#8243; _module_preset=&#8221;default&#8221; hover_enabled=&#8221;0&#8243; global_colors_info=&#8221;{}&#8221; sticky_enabled=&#8221;0&#8243;]<\/p>\n<table style=\"border-collapse: collapse; width: 100%; height: 328px;\">\n<tbody>\n<tr style=\"height: 23px;\">\n<td style=\"width: 20%; height: 23px; text-align: center;\"><strong>Czynnik techniczny<\/strong><\/td>\n<td style=\"width: 20%; height: 23px; text-align: center;\"><strong>Przy\u0142\u0105cze<\/strong><\/td>\n<td style=\"width: 20%; height: 23px; text-align: center;\"><strong>Zakres ci\u015bnie\u0144<\/strong><\/td>\n<td style=\"width: 20%; height: 23px; text-align: center;\"><strong>Zapotrzebowanie czynnika<\/strong><\/td>\n<td style=\"width: 20%; height: 23px; text-align: center;\"><strong>Uwagi<\/strong><\/td>\n<\/tr>\n<tr style=\"height: 47px;\">\n<td style=\"width: 20%; height: 47px;\">Doprowadzenie wody ch\u0142odz\u0105cej<\/td>\n<td style=\"width: 20%; height: 47px; text-align: center;\">G1\/2\u201d<\/td>\n<td style=\"width: 20%; height: 47px; text-align: center;\">2-5 Bar<\/td>\n<td style=\"width: 20%; height: 47px; text-align: center;\">1,2 [m<sup>3<\/sup>\/h]<\/td>\n<td style=\"width: 20%; height: 47px; text-align: center;\">Temp.&lt;25\u00baC Twardo\u015b\u0107 wody: \u226410\u00b0n<\/td>\n<\/tr>\n<tr style=\"height: 47px;\">\n<td style=\"width: 20%; height: 47px;\">Doprowadzenie gazu procesowego<\/td>\n<td style=\"width: 20%; height: 47px; text-align: center;\">G 3\/4\u201d<\/td>\n<td style=\"width: 20%; height: 47px; text-align: center;\">150-400 [mbar]<\/td>\n<td style=\"width: 20%; height: 47px; text-align: center;\">13,6 [Nm<sup>3<\/sup>\/h]<br \/>5 [Nm<sup>3<\/sup>\/h]<\/td>\n<td style=\"width: 20%; height: 47px; text-align: center;\">Metan<br \/>Propan<\/td>\n<\/tr>\n<tr style=\"height: 47px;\">\n<td style=\"width: 20%; height: 47px;\">Wylot atmosfery do spalenia<\/td>\n<td style=\"width: 20%; height: 47px; text-align: center;\">Rura DN50<\/td>\n<td style=\"width: 20%; height: 47px; text-align: center;\">Wolny wylot<\/td>\n<td style=\"width: 20%; height: 47px; text-align: center;\">max.60 [m<sup>3<\/sup>\/h]<\/td>\n<td style=\"width: 20%; height: 47px; text-align: center;\">\u00a0<\/td>\n<\/tr>\n<tr style=\"height: 47px;\">\n<td style=\"width: 20%; height: 47px;\">Zasilanie element\u00f3w grzejnych<\/td>\n<td style=\"width: 20%; height: 47px; text-align: center;\">\u00a0<\/td>\n<td style=\"width: 20%; height: 47px; text-align: center;\">\u00a0<\/td>\n<td style=\"width: 20%; height: 47px; text-align: center;\">30 [kW]<\/td>\n<td style=\"width: 20%; height: 47px; text-align: center;\">3x400V 50Hz<br \/>(3x380V 50Hz)<\/td>\n<\/tr>\n<tr style=\"height: 23px;\">\n<td style=\"width: 20%; height: 23px;\">Punkt poboru pr\u00f3bki<\/td>\n<td style=\"width: 20%; height: 23px; text-align: center;\">\u00a0<\/td>\n<td style=\"width: 20%; height: 23px; text-align: center;\">30-80 [mbar]<\/td>\n<td style=\"width: 20%; height: 23px; text-align: center;\">\u00a0<\/td>\n<td style=\"width: 20%; height: 23px; text-align: center;\">Pod\u0142\u0105czenie -ko\u0144c\u00f3wka na w\u0105\u017c \u00f8 wew. 6<\/td>\n<\/tr>\n<tr style=\"height: 71px;\">\n<td style=\"width: 20%; height: 71px;\">Odprowadzenie atmosfery ENDO do pieca<\/td>\n<td style=\"width: 20%; height: 71px; text-align: center;\">G2\u201c<\/td>\n<td style=\"width: 20%; height: 71px; text-align: center;\">30-80 [mbar]<\/td>\n<td style=\"width: 20%; height: 71px; text-align: center;\">60 [m<sup>3<\/sup>\/h]<\/td>\n<td style=\"width: 20%; height: 71px; text-align: center;\">\u00a0<\/td>\n<\/tr>\n<tr style=\"height: 23px;\">\n<td style=\"width: 20%; height: 23px;\">Odci\u0105g spalin<\/td>\n<td style=\"width: 20%; height: 23px; text-align: center;\">\u00a0<\/td>\n<td style=\"width: 20%; height: 23px; text-align: center;\">\u00a0<\/td>\n<td style=\"width: 20%; height: 23px; text-align: center;\">~1700 [m<sup>3<\/sup>\/h]<\/td>\n<td style=\"width: 20%; height: 23px; text-align: center;\">Temp. = ok.400<sup>o<\/sup>C<\/td>\n<\/tr>\n<\/tbody>\n<\/table>\n<p>[\/et_pb_text][\/et_pb_column][\/et_pb_row][\/et_pb_section]<\/p>\n","protected":false},"excerpt":{"rendered":"<p>[et_pb_breadcrumbs _builder_version=&#8221;4.10.3&#8243; _module_preset=&#8221;default&#8221; global_colors_info=&#8221;{}&#8221;][\/et_pb_breadcrumbs]GENERATOR ATMOSFERY ENDOTERMICZNEJ typ G-60-ET &nbsp; \/ Producent: SECO\/WARWICK,\/ rok produkcji: 2013,\/ lokalizacja: Polska &#8211; \u015awiebodzin,\/ urz\u0105dzenie nigdy nie u\u017cywane \u2013 anulowane zam\u00f3wienia Klienta,\/ stan: bardzo dobry,\/ wersja bez automatycznej regulacji przep\u0142ywu gazu. Mo\u017cliwo\u015b\u0107 doposa\u017cania przez SECO\/WARWICK,\/ oferujemy ocen\u0119 techniczn\u0105, relokacj\u0119 oraz monta\u017c urz\u0105dzenia w miejscu docelowym na trenie E.U. Przeznaczenie: Generator [&hellip;]<\/p>\n","protected":false},"author":2,"featured_media":0,"parent":0,"menu_order":0,"comment_status":"closed","ping_status":"closed","template":"","meta":{"_acf_changed":false,"_et_pb_use_builder":"on","_et_pb_old_content":"","_et_gb_content_width":"","footnotes":""},"class_list":["post-145913","page","type-page","status-publish"],"acf":[],"_links":{"self":[{"href":"https:\/\/www.secowarwick.com\/pl\/wp-json\/wp\/v2\/pages\/145913","targetHints":{"allow":["GET"]}}],"collection":[{"href":"https:\/\/www.secowarwick.com\/pl\/wp-json\/wp\/v2\/pages"}],"about":[{"href":"https:\/\/www.secowarwick.com\/pl\/wp-json\/wp\/v2\/types\/page"}],"author":[{"embeddable":true,"href":"https:\/\/www.secowarwick.com\/pl\/wp-json\/wp\/v2\/users\/2"}],"replies":[{"embeddable":true,"href":"https:\/\/www.secowarwick.com\/pl\/wp-json\/wp\/v2\/comments?post=145913"}],"version-history":[{"count":14,"href":"https:\/\/www.secowarwick.com\/pl\/wp-json\/wp\/v2\/pages\/145913\/revisions"}],"predecessor-version":[{"id":146077,"href":"https:\/\/www.secowarwick.com\/pl\/wp-json\/wp\/v2\/pages\/145913\/revisions\/146077"}],"wp:attachment":[{"href":"https:\/\/www.secowarwick.com\/pl\/wp-json\/wp\/v2\/media?parent=145913"}],"curies":[{"name":"wp","href":"https:\/\/api.w.org\/{rel}","templated":true}]}}