{"id":147043,"date":"2023-09-28T14:42:14","date_gmt":"2023-09-28T12:42:14","guid":{"rendered":"https:\/\/www.secowarwick.com\/?page_id=147043"},"modified":"2025-06-02T09:09:44","modified_gmt":"2025-06-02T07:09:44","slug":"alarmy","status":"publish","type":"page","link":"https:\/\/www.secowarwick.com\/pl\/service\/automatyka\/alarmy\/","title":{"rendered":"Alarmy"},"content":{"rendered":"<p>[et_pb_section fb_built=&#8221;1&#8243; admin_label=&#8221;section&#8221; _builder_version=&#8221;4.16&#8243; custom_padding=&#8221;0px|||&#8221; transparent_background=&#8221;off&#8221; make_fullwidth=&#8221;off&#8221; use_custom_width=&#8221;off&#8221; width_unit=&#8221;on&#8221; global_colors_info=&#8221;{}&#8221;][et_pb_row column_structure=&#8221;3_4,1_4&#8243; admin_label=&#8221;row&#8221; _builder_version=&#8221;4.23.1&#8243; background_size=&#8221;initial&#8221; background_position=&#8221;top_left&#8221; background_repeat=&#8221;repeat&#8221; custom_padding=&#8221;||||false|false&#8221; make_fullwidth=&#8221;off&#8221; use_custom_width=&#8221;off&#8221; width_unit=&#8221;on&#8221; global_colors_info=&#8221;{}&#8221;][et_pb_column type=&#8221;3_4&#8243; _builder_version=&#8221;4.16&#8243; custom_padding=&#8221;|||&#8221; global_colors_info=&#8221;{}&#8221; custom_padding__hover=&#8221;|||&#8221;][et_pb_code module_class=&#8221;custom-bread&#8221; _builder_version=&#8221;4.23.1&#8243; _module_preset=&#8221;default&#8221; global_colors_info=&#8221;{}&#8221;]<\/p>\n<div class=\"et_pb_module et_pb_breadcrumbs   et_pb_breadcrumbs_0\"><!-- [et_pb_line_break_holder] -->\t\t\t\t<pee id=\"breadcrumbs\"><span><span><a href=\"https:\/\/www.secowarwick.com\/pl\/\">HOME<\/a><\/span> \/ <span><a href=\"https:\/\/www.secowarwick.com\/pl\/service\/automatyka\/\">AUTOMATYKA<\/a><\/span> \/ <span class=\"breadcrumb_last\" aria-current=\"page\">ALARMY<\/span><\/span><\/pee><!-- [et_pb_line_break_holder] -->\t\t\t<\/div>\n<p>[\/et_pb_code][et_pb_text module_class=&#8221;red-square-list-parent podtytuly&#8221; _builder_version=&#8221;4.23.1&#8243; background_size=&#8221;initial&#8221; background_position=&#8221;top_left&#8221; background_repeat=&#8221;repeat&#8221; hover_enabled=&#8221;0&#8243; use_border_color=&#8221;off&#8221; global_colors_info=&#8221;{}&#8221; sticky_enabled=&#8221;0&#8243;]<\/p>\n<h1>Alarmy<\/h1>\n<h2><span class=\"TextRun SCXW44389878 BCX0\" lang=\"PL-PL\" xml:lang=\"PL-PL\" data-contrast=\"none\"><span class=\"NormalTextRun SCXW44389878 BCX0\"><img decoding=\"async\" class=\"alignleft wp-image-158481\" src=\"https:\/\/www.secowarwick.com\/wp-content\/uploads\/2024\/05\/sw-alarms-icon_2.svg\" alt=\"ALARMY\" width=\"80\" \/>Trzymaj r\u0119k\u0119 na\u00a0pulsie sprawdzaj\u0105c statystyki alarm\u00f3w oraz\u00a0historyczne i\u00a0bie\u017c\u0105ce alarmy oraz\u00a0ostrze\u017cenia.<\/span><\/span><span class=\"EOP SCXW44389878 BCX0\" data-ccp-props=\"{&quot;201341983&quot;:0,&quot;335559739&quot;:0,&quot;335559740&quot;:240}\">\u00a0<\/span><\/h2>\n<p>&nbsp;<\/p>\n<p><span data-contrast=\"none\">Alarmy to modu\u0142, umo\u017cliwia sprawdzenie statystki alarm\u00f3w historycznych danego urz\u0105dzenia. U\u017cytkownik ma pe\u0142en obraz aktywnych alarm\u00f3w i ostrze\u017ce\u0144 oraz dost\u0119p do ich historii w konfigurowalnym zakresie czasowym.\u00a0\u00a0<\/span><span data-ccp-props=\"{&quot;201341983&quot;:0,&quot;335559739&quot;:0,&quot;335559740&quot;:240}\">\u00a0<\/span><\/p>\n<p><span data-contrast=\"none\">Statystyki alarm\u00f3w przedstawiaj\u0105 10 najcz\u0119\u015bciej wyst\u0119puj\u0105cych alarm\u00f3w w\u00a0danym zakresie czasowym. Statystyki przedstawione s\u0105\u00a0w\u00a0postaci tabeli, gdzie mo\u017cna zobaczy\u0107; opis alarmu, liczb\u0119 wyst\u0105pie\u0144 w\u00a0danym przedziale czasowym oraz\u00a0wzgl\u0119dn\u0105 cz\u0119stotliwo\u015b\u0107 (przedstawienie wyst\u0105pie\u0144 alarmu w\u00a0spos\u00f3b graficzny i\u00a0liczbowy w\u00a0stosunku do\u00a0wszystkich alarm\u00f3w wyra\u017cony w\u00a0procentach).\u00a0<\/span><span data-ccp-props=\"{&quot;201341983&quot;:0,&quot;335559739&quot;:0,&quot;335559740&quot;:240}\">\u00a0<\/span><\/p>\n<p>[\/et_pb_text][\/et_pb_column][et_pb_column type=&#8221;1_4&#8243; _builder_version=&#8221;4.23.1&#8243; custom_padding=&#8221;75px||||false|false&#8221; custom_padding_tablet=&#8221;0px||||false|false&#8221; custom_padding_phone=&#8221;0px||||false|false&#8221; custom_padding_last_edited=&#8221;on|tablet&#8221; global_colors_info=&#8221;{}&#8221; custom_padding__hover=&#8221;|||&#8221;][et_pb_text admin_label=&#8221;btn_pl_premiumlibrary&#8221; module_class=&#8221;premium-library-button&#8221; _builder_version=&#8221;4.23.1&#8243; _module_preset=&#8221;default&#8221; text_orientation=&#8221;center&#8221; global_module=&#8221;157169&#8243; saved_tabs=&#8221;all&#8221; locked=&#8221;off&#8221; global_colors_info=&#8221;{}&#8221;]<\/p>\n<a href='https:\/\/www.secowarwick.com\/pl\/trescipremium\/' class='small-button smallred'><span>TRE\u015aCI PREMIUM<\/span><\/a>\n<p>[\/et_pb_text][et_pb_text admin_label=&#8221;R&#038;D PL&#8221; module_class=&#8221;product_widget_wrap_rd&#8221; _builder_version=&#8221;4.23.1&#8243; _module_preset=&#8221;default&#8221; text_orientation=&#8221;center&#8221; global_module=&#8221;165497&#8243; saved_tabs=&#8221;all&#8221; locked=&#8221;off&#8221; global_colors_info=&#8221;{}&#8221;]<\/p>\n<p><a href=\"https:\/\/www.secowarwick.com\/pl\/rd\/\"><span class=\"product_wigtet_name\">R&amp;D<\/span><\/a><\/p>\n<p>[\/et_pb_text][et_pb_text admin_label=&#8221;PRODUKTY pl&#8221; module_class=&#8221;product_widget_wrap_products&#8221; _builder_version=&#8221;4.23.1&#8243; _module_preset=&#8221;default&#8221; global_module=&#8221;178154&#8243; saved_tabs=&#8221;all&#8221; locked=&#8221;off&#8221; global_colors_info=&#8221;{}&#8221;]<\/p>\n<p><a href=\"https:\/\/www.secowarwick.com\/pl\/produkty\/\" target=\"_blank\" rel=\"noopener\"><span class=\"product_wigtet_name\">PRODUKTY<\/span><\/a><\/p>\n<p>[\/et_pb_text][et_pb_text admin_label=&#8221;SERVICE PL&#8221; module_class=&#8221;product_widget_wrap_service&#8221; _builder_version=&#8221;4.23.1&#8243; _module_preset=&#8221;default&#8221; global_module=&#8221;165500&#8243; saved_tabs=&#8221;all&#8221; locked=&#8221;off&#8221; global_colors_info=&#8221;{}&#8221;]<\/p>\n<p><a href=\"https:\/\/www.secowarwick.com\/pl\/profesjonalne-uslugi-serwisowe\/\"><span class=\"product_wigtet_name\">SERWIS<\/span><\/a><\/p>\n<p>[\/et_pb_text][et_pb_text admin_label=&#8221;SUPLEMENTALS PL&#8221; module_class=&#8221;product_widget_wrap_supleme&#8221; _builder_version=&#8221;4.23.1&#8243; _module_preset=&#8221;default&#8221; global_module=&#8221;165502&#8243; saved_tabs=&#8221;all&#8221; locked=&#8221;off&#8221; global_colors_info=&#8221;{}&#8221;]<\/p>\n<p><span class=\"product_wigtet_name\">DODATKOWE:<\/span><\/p>\n<p>[\/et_pb_text][et_pb_text admin_label=&#8221;dnabook-pl&#8221; module_class=&#8221;suplementals_product_dna suplementals_wrap&#8221; _builder_version=&#8221;4.23.1&#8243; _module_preset=&#8221;default&#8221; global_module=&#8221;165509&#8243; saved_tabs=&#8221;all&#8221; locked=&#8221;off&#8221; global_colors_info=&#8221;{}&#8221;]<\/p>\n<p><a href=\"https:\/\/www.secowarwick.com\/wp-content\/uploads\/2024\/02\/2024_SECO_WARWICK_Catalog_DNA_EN_SECOLOGY.pdf\" target=\"_blank\" rel=\"noopener\">DNA\/BOOK<\/a><\/p>\n<p>[\/et_pb_text][et_pb_text admin_label=&#8221;ECO\/BOOK-pl&#8221; module_class=&#8221;suplementals_product_eco suplementals_wrap&#8221; _builder_version=&#8221;4.23.1&#8243; _module_preset=&#8221;default&#8221; global_module=&#8221;165511&#8243; saved_tabs=&#8221;all&#8221; locked=&#8221;off&#8221; global_colors_info=&#8221;{}&#8221;]<\/p>\n<p><a href=\"https:\/\/www.secowarwick.com\/wp-content\/uploads\/2023\/06\/ECOBOOK-2-1.pdf\" target=\"_blank\" rel=\"noopener\">ECO\/BOOK<\/a><\/p>\n<p>[\/et_pb_text][\/et_pb_column][\/et_pb_row][\/et_pb_section][et_pb_section fb_built=&#8221;1&#8243; admin_label=&#8221;section&#8221; _builder_version=&#8221;4.19.2&#8243; background_color=&#8221;#f8f8f8&#8243; custom_margin=&#8221;-20px||||false|false&#8221; custom_padding=&#8221;0px||||false|false&#8221; transparent_background=&#8221;off&#8221; make_fullwidth=&#8221;off&#8221; use_custom_width=&#8221;off&#8221; width_unit=&#8221;on&#8221; global_colors_info=&#8221;{}&#8221;][et_pb_row column_structure=&#8221;1_2,1_2&#8243; admin_label=&#8221;row&#8221; _builder_version=&#8221;4.19.2&#8243; background_size=&#8221;initial&#8221; background_position=&#8221;top_left&#8221; background_repeat=&#8221;repeat&#8221; custom_margin=&#8221;-20px||||false|false&#8221; global_colors_info=&#8221;{}&#8221;][et_pb_column type=&#8221;1_2&#8243; _builder_version=&#8221;4.16&#8243; custom_padding=&#8221;|||&#8221; global_colors_info=&#8221;{}&#8221; custom_padding__hover=&#8221;|||&#8221;][et_pb_image src=&#8221;https:\/\/www.secowarwick.com\/wp-content\/uploads\/2023\/09\/alarm-statistics.jpg&#8221; alt=&#8221;Alarm statisctics SECO\/WARWICK&#8221; title_text=&#8221;alarm statistics&#8221; align_tablet=&#8221;center&#8221; align_phone=&#8221;&#8221; align_last_edited=&#8221;on|desktop&#8221; _builder_version=&#8221;4.19.2&#8243; global_colors_info=&#8221;{}&#8221;][\/et_pb_image][et_pb_image _builder_version=&#8221;4.19.2&#8243; _module_preset=&#8221;default&#8221; global_colors_info=&#8221;{}&#8221;][\/et_pb_image][et_pb_image src=&#8221;https:\/\/www.secowarwick.com\/wp-content\/uploads\/2023\/09\/historical-alerts-and-warnings.jpg&#8221; alt=&#8221;Historical alerts and warnings SECO\/WARWICK&#8221; title_text=&#8221;historical alerts and warnings&#8221; align_tablet=&#8221;center&#8221; align_phone=&#8221;&#8221; align_last_edited=&#8221;on|desktop&#8221; _builder_version=&#8221;4.19.2&#8243; global_colors_info=&#8221;{}&#8221;][\/et_pb_image][\/et_pb_column][et_pb_column type=&#8221;1_2&#8243; _builder_version=&#8221;4.16&#8243; custom_padding=&#8221;|||&#8221; global_colors_info=&#8221;{}&#8221; custom_padding__hover=&#8221;|||&#8221;][et_pb_text admin_label=&#8221;apostrof&#8221; module_class=&#8221;przecinek-tlo-nizej&#8221; _builder_version=&#8221;4.23.1&#8243; custom_margin=&#8221;||||false|false&#8221; custom_margin_last_edited=&#8221;off|desktop&#8221; saved_tabs=&#8221;all&#8221; global_colors_info=&#8221;{}&#8221;]<\/p>\n<p><span class=\"TextRun SCXW130432565 BCX0\" lang=\"PL-PL\" xml:lang=\"PL-PL\" data-contrast=\"none\"><span class=\"NormalTextRun SCXW130432565 BCX0\">G\u0142\u00f3wne funkcje <\/span><span class=\"NormalTextRun SCXW130432565 BCX0\">modu\u0142u<\/span><span class=\"NormalTextRun SCXW130432565 BCX0\">:<\/span><\/span><span class=\"EOP SCXW130432565 BCX0\" data-ccp-props=\"{&quot;201341983&quot;:0,&quot;335559739&quot;:150,&quot;335559740&quot;:240}\">\u00a0<\/span><\/p>\n<p>[\/et_pb_text][et_pb_text _builder_version=&#8221;4.19.2&#8243; _module_preset=&#8221;default&#8221; text_font_size=&#8221;16px&#8221; global_colors_info=&#8221;{}&#8221;]<\/p>\n<p><span class=\"TextRun SCXW102932848 BCX0\" lang=\"PL-PL\" xml:lang=\"PL-PL\" data-contrast=\"none\"><span class=\"NormalTextRun SCXW102932848 BCX0\"><span style=\"color: #db1414;\"><strong>\/ <\/strong><\/span>mo\u017cliwo\u015b\u0107 <\/span><span class=\"NormalTextRun SCXW102932848 BCX0\">przegl\u0105du<\/span><span class=\"NormalTextRun SCXW102932848 BCX0\"> wszystkich alarm\u00f3w <\/span><span class=\"NormalTextRun SCXW102932848 BCX0\">i&nbsp;ostrze\u017ce\u0144 <\/span><span class=\"NormalTextRun SCXW102932848 BCX0\">wyst\u0119puj\u0105cych na&nbsp;piecu<\/span><span class=\"NormalTextRun SCXW102932848 BCX0\">,<\/span><\/span><span class=\"LineBreakBlob BlobObject DragDrop SCXW102932848 BCX0\"><span class=\"SCXW102932848 BCX0\">\u00a0<\/span><br class=\"SCXW102932848 BCX0\" \/><\/span><span class=\"TextRun SCXW102932848 BCX0\" lang=\"PL-PL\" xml:lang=\"PL-PL\" data-contrast=\"none\"><span class=\"NormalTextRun SCXW102932848 BCX0\"><span style=\"color: #db1414;\"><strong>\/ <\/strong><\/span>mo\u017cliwo\u015b\u0107 przegl\u0105du wszystkich alarm\u00f3w i&nbsp;ostrze\u017ce\u0144 <\/span><span class=\"NormalTextRun SCXW102932848 BCX0\">z&nbsp;modu\u0142u Seco\/<\/span><span class=\"NormalTextRun SpellingErrorV2Themed SCXW102932848 BCX0\">Predictive<\/span><span class=\"NormalTextRun SCXW102932848 BCX0\"> wynikaj\u0105cych z&nbsp;poszczeg\u00f3lnych algorytm\u00f3w<\/span><span class=\"NormalTextRun SCXW102932848 BCX0\">,<\/span><\/span><span class=\"LineBreakBlob BlobObject DragDrop SCXW102932848 BCX0\"><span class=\"SCXW102932848 BCX0\">\u00a0<\/span><br class=\"SCXW102932848 BCX0\" \/><\/span><span class=\"TextRun SCXW102932848 BCX0\" lang=\"PL-PL\" xml:lang=\"PL-PL\" data-contrast=\"none\"><span class=\"NormalTextRun SCXW102932848 BCX0\"><span style=\"color: #db1414;\"><strong>\/ <\/strong><\/span>\u202f<\/span><\/span><span class=\"TextRun SCXW102932848 BCX0\" lang=\"PL-PL\" xml:lang=\"PL-PL\" data-contrast=\"none\"><span class=\"NormalTextRun SCXW102932848 BCX0\">powiadomienia e-mail<\/span><span class=\"NormalTextRun SCXW102932848 BCX0\">-&gt;<\/span> <span class=\"NormalTextRun SCXW102932848 BCX0\">w&nbsp;przypadku wygenerowania <\/span><span class=\"NormalTextRun SCXW102932848 BCX0\">alarmu lub ostrze\u017cenia<\/span><span class=\"NormalTextRun SCXW102932848 BCX0\">,<\/span><\/span><span class=\"LineBreakBlob BlobObject DragDrop SCXW102932848 BCX0\"><span class=\"SCXW102932848 BCX0\">\u00a0<\/span><br class=\"SCXW102932848 BCX0\" \/><\/span><span class=\"TextRun SCXW102932848 BCX0\" lang=\"PL-PL\" xml:lang=\"PL-PL\" data-contrast=\"none\"><span style=\"color: #db1414;\"><strong>\/ <\/strong><\/span> <span class=\"NormalTextRun SCXW102932848 BCX0\">wyb\u00f3r <\/span><span class=\"NormalTextRun SCXW102932848 BCX0\">typu zatwierdzenia alarmu (\u201eNieokre\u015blony<\/span><span class=\"NormalTextRun SCXW102932848 BCX0\">\u201d<\/span> <span class=\"NormalTextRun SCXW102932848 BCX0\">\u2013<\/span> <span class=\"NormalTextRun SCXW102932848 BCX0\">brak zatwierdzenia alarmu, \u201ePoprawny\u201d <\/span><span class=\"NormalTextRun SCXW102932848 BCX0\">\u2013<\/span> <span class=\"NormalTextRun SCXW102932848 BCX0\">wy\u015bwietlenie alarmu zgodne ze&nbsp;stanem urz\u0105dzenia<\/span><span class=\"NormalTextRun SCXW102932848 BCX0\">,<\/span><span class=\"NormalTextRun SCXW102932848 BCX0\"> \u201eNiepoprawny\u201d <\/span><span class=\"NormalTextRun SCXW102932848 BCX0\">\u2013<\/span> <span class=\"NormalTextRun SCXW102932848 BCX0\">alarm nie&nbsp;powinien si\u0119 pojawi\u0107)<\/span> <span class=\"NormalTextRun SCXW102932848 BCX0\">oraz&nbsp;wstawienia w\u0142asnego komentarza.<\/span><\/span><span class=\"EOP SCXW102932848 BCX0\" data-ccp-props=\"{&quot;201341983&quot;:0,&quot;335559739&quot;:0,&quot;335559740&quot;:240}\">\u00a0<\/span><\/p>\n<p>[\/et_pb_text][et_pb_text admin_label=&#8221;apostrof&#8221; module_class=&#8221;przecinek-tlo-nizej&#8221; _builder_version=&#8221;4.23.1&#8243; custom_margin=&#8221;||||false|false&#8221; custom_margin_tablet=&#8221;&#8221; custom_margin_phone=&#8221;&#8221; custom_margin_last_edited=&#8221;on|desktop&#8221; saved_tabs=&#8221;all&#8221; global_colors_info=&#8221;{}&#8221;]<\/p>\n<p>Wy\u015bwietlenia alarm\u00f3w<\/p>\n<p>[\/et_pb_text][et_pb_text _builder_version=&#8221;4.19.2&#8243; _module_preset=&#8221;default&#8221; text_font_size=&#8221;16px&#8221; global_colors_info=&#8221;{}&#8221;]<\/p>\n<p>&nbsp;<\/p>\n<p><span style=\"color: #db1414;\"><strong>\/ <\/strong><\/span><span class=\"TextRun SCXW145106180 BCX0\" lang=\"PL-PL\" xml:lang=\"PL-PL\" data-contrast=\"none\"><span class=\"NormalTextRun SCXW145106180 BCX0\">\u00a0modu\u0142u Seco\/<\/span><span class=\"NormalTextRun SpellingErrorV2Themed SCXW145106180 BCX0\">Predictive<\/span><span class=\"NormalTextRun SCXW145106180 BCX0\"> (<\/span><span class=\"NormalTextRun SCXW145106180 BCX0\">alarmy i&nbsp;ostrze\u017cenia wynik<\/span><span class=\"NormalTextRun SCXW145106180 BCX0\">aj\u0105ce z&nbsp;poszczeg\u00f3lnych algorytm\u00f3w \u2013 np.&nbsp;Przekroczona warto\u015b\u0107 rezystancji), <\/span><\/span><span class=\"EOP SCXW145106180 BCX0\" data-ccp-props=\"{&quot;201341983&quot;:0,&quot;335559739&quot;:0,&quot;335559740&quot;:240}\">\u00a0<\/span><br \/><span style=\"color: #db1414;\"><strong>\/ <\/strong><\/span><span class=\"TextRun SCXW46236947 BCX0\" lang=\"PL-PL\" xml:lang=\"PL-PL\" data-contrast=\"none\"><span class=\"NormalTextRun SCXW46236947 BCX0\">z&nbsp;pieca (np.&nbsp;uszkodzenie g\u0142owicy).\u00a0<\/span><\/span><\/p>\n<p>[\/et_pb_text][\/et_pb_column][\/et_pb_row][\/et_pb_section][et_pb_section fb_built=&#8221;1&#8243; _builder_version=&#8221;4.23.1&#8243; _module_preset=&#8221;default&#8221; global_colors_info=&#8221;{}&#8221;][et_pb_row column_structure=&#8221;3_4,1_4&#8243; use_custom_gutter=&#8221;on&#8221; gutter_width=&#8221;2&#8243; module_class=&#8221;automatycy-wiersz-korzysci&#8221; _builder_version=&#8221;4.23.1&#8243; _module_preset=&#8221;default&#8221; locked=&#8221;off&#8221; global_colors_info=&#8221;{}&#8221;][et_pb_column type=&#8221;3_4&#8243; _builder_version=&#8221;4.23.1&#8243; _module_preset=&#8221;default&#8221; global_colors_info=&#8221;{}&#8221;][et_pb_text module_class=&#8221;przecinek-tlo-nizej&#8221; _builder_version=&#8221;4.23.1&#8243; text_text_color=&#8221;#000000&#8243; background_size=&#8221;initial&#8221; background_position=&#8221;top_left&#8221; background_repeat=&#8221;repeat&#8221; use_border_color=&#8221;off&#8221; global_colors_info=&#8221;{}&#8221;]<\/p>\n<p>ALARMY &#8211; KORZY\u015aCI<\/p>\n<p>[\/et_pb_text][et_pb_text module_class=&#8221;opis-korzysci&#8221; _builder_version=&#8221;4.23.1&#8243; _module_preset=&#8221;default&#8221; custom_margin=&#8221;20px||||false|false&#8221; global_colors_info=&#8221;{}&#8221;]<\/p>\n<p><strong><span style=\"color: #dc291e;\">\/<\/span> <\/strong><strong>Dzia\u0142ania naprawcze:<\/strong> rozpoznanie typowych problem\u00f3w, to&nbsp;i&nbsp;szybkie dzia\u0142ania naprawcze.<br \/><strong><span style=\"color: #dc291e;\">\/<\/span> \u0141atwo\u015b\u0107 identyfikacji<\/strong> najcz\u0119stszych <strong>problem\u00f3w,<\/strong> to&nbsp;przygotowanie si\u0119 na&nbsp;ewentualne awarie i&nbsp;minimalizacj\u0119 przestoj\u00f3w.<br \/><strong><span style=\"color: #dc291e;\">\/<\/span> Bezpiecze\u0144stwo produkcji:<\/strong> \u015aledzenie nieprawid\u0142owo\u015bci pozwala na&nbsp;stosown\u0105 reakcj\u0119, zwi\u0119kszaj\u0105c bezpiecze\u0144stwo i&nbsp;ci\u0105g\u0142o\u015b\u0107 pracy urz\u0105dzenia oraz&nbsp;procesu produkcji.<br \/><strong><span style=\"color: #dc291e;\">\/<\/span> Monitorowanie<\/strong> dzi\u0119ki dost\u0119powi do&nbsp;wa\u017cnych informacji i&nbsp;jednocze\u015bnie szybka identyfikacja potencjalnych problem\u00f3w i&nbsp;ich rozwi\u0105zanie.<br \/><strong><span style=\"color: #dc291e;\">\/<\/span> Dost\u0119p do&nbsp;informacji<\/strong> o&nbsp;awariach bez&nbsp;fizycznej obecno\u015bci przy urz\u0105dzeniu, to:<br \/><strong>&#8211; Bezpiecze\u0144stwo:<\/strong> mo\u017ce zdalnie monitorowa\u0107 stan urz\u0105dzenia, co&nbsp;pozwala na&nbsp;szybk\u0105 reakcj\u0119 w&nbsp;przypadku awarii lub nieprawid\u0142owo\u015bci.<br \/><strong>&#8211; Oszcz\u0119dno\u015b\u0107 czasu<\/strong> dost\u0119p do&nbsp;informacji eliminuje potrzeb\u0119 osobistego sprawdzania urz\u0105dzenia i&nbsp;szybk\u0105 ocen\u0119, czy&nbsp;wymagane jest dzia\u0142anie i&nbsp;jakiego rodzaju.<br \/><strong>&#8211; Efektywno\u015b\u0107:<\/strong> poprzez koncentracj\u0119 na&nbsp;innych zadaniach, a&nbsp;jednocze\u015bnie monitorowa\u0107 stan urz\u0105dzenia.<\/p>\n<p>[\/et_pb_text][\/et_pb_column][et_pb_column type=&#8221;1_4&#8243; _builder_version=&#8221;4.23.1&#8243; _module_preset=&#8221;default&#8221; global_colors_info=&#8221;{}&#8221;][et_pb_image src=&#8221;https:\/\/www.secowarwick.com\/wp-content\/uploads\/2024\/05\/korzysci.png&#8221; alt=&#8221;korzy\u015bci&#8221; align=&#8221;center&#8221; module_class=&#8221;obraz-korzysci&#8221; _builder_version=&#8221;4.23.1&#8243; _module_preset=&#8221;default&#8221; global_colors_info=&#8221;{}&#8221;][\/et_pb_image][\/et_pb_column][\/et_pb_row][\/et_pb_section]<\/p>\n","protected":false},"excerpt":{"rendered":"<p>Alarmy Trzymaj r\u0119k\u0119 na\u00a0pulsie sprawdzaj\u0105c statystyki alarm\u00f3w oraz\u00a0historyczne i\u00a0bie\u017c\u0105ce alarmy oraz\u00a0ostrze\u017cenia.\u00a0 &nbsp; Alarmy to modu\u0142, umo\u017cliwia sprawdzenie statystki alarm\u00f3w historycznych danego urz\u0105dzenia. U\u017cytkownik ma pe\u0142en obraz aktywnych alarm\u00f3w i ostrze\u017ce\u0144 oraz dost\u0119p do ich historii w konfigurowalnym zakresie czasowym.\u00a0\u00a0\u00a0 Statystyki alarm\u00f3w przedstawiaj\u0105 10 najcz\u0119\u015bciej wyst\u0119puj\u0105cych alarm\u00f3w w\u00a0danym zakresie czasowym. Statystyki przedstawione s\u0105\u00a0w\u00a0postaci tabeli, gdzie mo\u017cna [&hellip;]<\/p>\n","protected":false},"author":2,"featured_media":0,"parent":124591,"menu_order":0,"comment_status":"closed","ping_status":"closed","template":"","meta":{"_acf_changed":false,"_et_pb_use_builder":"on","_et_pb_old_content":"","_et_gb_content_width":"","footnotes":""},"class_list":["post-147043","page","type-page","status-publish"],"acf":[],"_links":{"self":[{"href":"https:\/\/www.secowarwick.com\/pl\/wp-json\/wp\/v2\/pages\/147043","targetHints":{"allow":["GET"]}}],"collection":[{"href":"https:\/\/www.secowarwick.com\/pl\/wp-json\/wp\/v2\/pages"}],"about":[{"href":"https:\/\/www.secowarwick.com\/pl\/wp-json\/wp\/v2\/types\/page"}],"author":[{"embeddable":true,"href":"https:\/\/www.secowarwick.com\/pl\/wp-json\/wp\/v2\/users\/2"}],"replies":[{"embeddable":true,"href":"https:\/\/www.secowarwick.com\/pl\/wp-json\/wp\/v2\/comments?post=147043"}],"version-history":[{"count":13,"href":"https:\/\/www.secowarwick.com\/pl\/wp-json\/wp\/v2\/pages\/147043\/revisions"}],"predecessor-version":[{"id":178227,"href":"https:\/\/www.secowarwick.com\/pl\/wp-json\/wp\/v2\/pages\/147043\/revisions\/178227"}],"up":[{"embeddable":true,"href":"https:\/\/www.secowarwick.com\/pl\/wp-json\/wp\/v2\/pages\/124591"}],"wp:attachment":[{"href":"https:\/\/www.secowarwick.com\/pl\/wp-json\/wp\/v2\/media?parent=147043"}],"curies":[{"name":"wp","href":"https:\/\/api.w.org\/{rel}","templated":true}]}}