{"id":147104,"date":"2023-09-28T15:01:18","date_gmt":"2023-09-28T13:01:18","guid":{"rendered":"https:\/\/www.secowarwick.com\/service\/automatyka\/my-support\/"},"modified":"2025-06-02T09:49:00","modified_gmt":"2025-06-02T07:49:00","slug":"moje-wsparcie","status":"publish","type":"page","link":"https:\/\/www.secowarwick.com\/pl\/service\/automatyka\/moje-wsparcie\/","title":{"rendered":"Moje wsparcie"},"content":{"rendered":"<p>[et_pb_section fb_built=&#8221;1&#8243; admin_label=&#8221;section&#8221; _builder_version=&#8221;4.16&#8243; custom_padding=&#8221;0px|||&#8221; transparent_background=&#8221;off&#8221; make_fullwidth=&#8221;off&#8221; use_custom_width=&#8221;off&#8221; width_unit=&#8221;on&#8221; global_colors_info=&#8221;{}&#8221;][et_pb_row column_structure=&#8221;3_4,1_4&#8243; admin_label=&#8221;row&#8221; _builder_version=&#8221;4.23.1&#8243; background_size=&#8221;initial&#8221; background_position=&#8221;top_left&#8221; background_repeat=&#8221;repeat&#8221; custom_padding=&#8221;||||false|false&#8221; make_fullwidth=&#8221;off&#8221; use_custom_width=&#8221;off&#8221; width_unit=&#8221;on&#8221; global_colors_info=&#8221;{}&#8221;][et_pb_column type=&#8221;3_4&#8243; _builder_version=&#8221;4.16&#8243; custom_padding=&#8221;|||&#8221; global_colors_info=&#8221;{}&#8221; custom_padding__hover=&#8221;|||&#8221;][et_pb_code _builder_version=&#8221;4.23.1&#8243; _module_preset=&#8221;default&#8221; global_colors_info=&#8221;{}&#8221;]<\/p>\n<div class=\"et_pb_module et_pb_breadcrumbs   et_pb_breadcrumbs_0\"><!-- [et_pb_line_break_holder] -->\t\t\t\t<pee id=\"breadcrumbs\"><span><span><a href=\"https:\/\/www.secowarwick.com\/pl\/\">HOME<\/a><\/span> \/ <span><a href=\"https:\/\/www.secowarwick.com\/pl\/service\/automatyka\/\">AUTOMATYKA<\/a><\/span> \/ <span class=\"breadcrumb_last\" aria-current=\"page\">MOJE\u00a0WSPARCIE<\/span><\/span><\/pee><!-- [et_pb_line_break_holder] -->\t\t\t<\/div>\n<p>[\/et_pb_code][et_pb_text module_class=&#8221;red-square-list-parent podtytuly&#8221; _builder_version=&#8221;4.23.1&#8243; background_size=&#8221;initial&#8221; background_position=&#8221;top_left&#8221; background_repeat=&#8221;repeat&#8221; use_border_color=&#8221;off&#8221; global_colors_info=&#8221;{}&#8221;]<\/p>\n<h1>Moje&nbsp;wsparcie<\/h1>\n<h2><span data-contrast=\"none\"><img decoding=\"async\" class=\"alignleft wp-image-158506\" src=\"https:\/\/www.secowarwick.com\/wp-content\/uploads\/2024\/05\/sw-support-icon_2.svg\" alt=\"Moje wsparcie\" width=\"80\" \/>Tw\u00f3j&nbsp;dost\u0119p do&nbsp;pomocy technicznej, gdzie mo\u017cesz zg\u0142osi\u0107 spraw\u0119, kt\u00f3rej&nbsp;sam nie&nbsp;mo\u017cesz rozwi\u0105za\u0107 lub poszuka\u0107 rozwi\u0105zania podobnego problemu.<\/span><span data-ccp-props=\"{&quot;201341983&quot;:0,&quot;335559739&quot;:0,&quot;335559740&quot;:240}\">\u00a0<\/span><\/h2>\n<p><span data-contrast=\"none\">\u202f<\/span><span data-ccp-props=\"{&quot;201341983&quot;:0,&quot;335559739&quot;:0,&quot;335559740&quot;:240}\">\u00a0<\/span><\/p>\n<p><span data-contrast=\"none\">W&nbsp;ramach tego modu\u0142u u\u017cytkownik ma&nbsp;dost\u0119p do&nbsp;serwisu pomocy technicznej, gdzie mo\u017ce samodzielnie przejrze\u0107 zg\u0142oszenia (w&nbsp;celu poszukiwania rozwi\u0105zania podobnego problemu) lub zg\u0142osi\u0107 nowy problem z&nbsp;piecem. Do&nbsp;ka\u017cdego zg\u0142oszenia jest przypisany numer oraz&nbsp;osoba odpowiedzialna za&nbsp;jego rozwi\u0105zanie, co&nbsp;u\u0142atwia kontakt z&nbsp;serwisem SECO\/WARWICK oraz&nbsp;monitorowanie i&nbsp;rozwi\u0105zywanie problem\u00f3w. Daje te\u017c gwarancj\u0119, \u017ce&nbsp;zg\u0142oszenie zosta\u0142o przyj\u0119te i&nbsp;zostanie obs\u0142u\u017cone.\u00a0<\/span><span data-ccp-props=\"{&quot;201341983&quot;:0,&quot;335559739&quot;:0,&quot;335559740&quot;:240}\">\u00a0<\/span><\/p>\n<p><span data-contrast=\"none\">Jest te\u017c dost\u0119pna baza wiedzy tworzona przez&nbsp;naszych specjalist\u00f3w, kt\u00f3ra&nbsp;zwiera liczne odniesienia do&nbsp;pomocy technicznej, gdzie s\u0105&nbsp;umieszczone rozwi\u0105zania, by\u0107 mo\u017ce podobnych problem\u00f3w.\u00a0 Jest ona stale aktualizowana, rozszerzana i&nbsp;udoskonalana, dzi\u0119ki czemu zyskujesz dost\u0119p do&nbsp;najnowszych informacji i&nbsp;realnych przypadk\u00f3w.\u00a0<\/span><\/p>\n<p>[\/et_pb_text][\/et_pb_column][et_pb_column type=&#8221;1_4&#8243; _builder_version=&#8221;4.23.1&#8243; custom_padding=&#8221;75px||||false|false&#8221; custom_padding_tablet=&#8221;0px||||false|false&#8221; custom_padding_phone=&#8221;0px||||false|false&#8221; custom_padding_last_edited=&#8221;on|tablet&#8221; global_colors_info=&#8221;{}&#8221; custom_padding__hover=&#8221;|||&#8221;][et_pb_text admin_label=&#8221;btn_pl_premiumlibrary&#8221; module_class=&#8221;premium-library-button&#8221; _builder_version=&#8221;4.23.1&#8243; _module_preset=&#8221;default&#8221; text_orientation=&#8221;center&#8221; global_module=&#8221;157169&#8243; saved_tabs=&#8221;all&#8221; locked=&#8221;off&#8221; global_colors_info=&#8221;{}&#8221;]<\/p>\n<a href='https:\/\/www.secowarwick.com\/pl\/trescipremium\/' class='small-button smallred'><span>TRE\u015aCI PREMIUM<\/span><\/a>\n<p>[\/et_pb_text][et_pb_text admin_label=&#8221;R&#038;D PL&#8221; module_class=&#8221;product_widget_wrap_rd&#8221; _builder_version=&#8221;4.23.1&#8243; _module_preset=&#8221;default&#8221; text_orientation=&#8221;center&#8221; global_module=&#8221;165497&#8243; saved_tabs=&#8221;all&#8221; locked=&#8221;off&#8221; global_colors_info=&#8221;{}&#8221;]<\/p>\n<p><a href=\"https:\/\/www.secowarwick.com\/pl\/rd\/\"><span class=\"product_wigtet_name\">R&amp;D<\/span><\/a><\/p>\n<p>[\/et_pb_text][et_pb_text admin_label=&#8221;PRODUKTY pl&#8221; module_class=&#8221;product_widget_wrap_products&#8221; _builder_version=&#8221;4.23.1&#8243; _module_preset=&#8221;default&#8221; global_module=&#8221;178154&#8243; saved_tabs=&#8221;all&#8221; locked=&#8221;off&#8221; global_colors_info=&#8221;{}&#8221;]<\/p>\n<p><a href=\"https:\/\/www.secowarwick.com\/pl\/produkty\/\" target=\"_blank\" rel=\"noopener\"><span class=\"product_wigtet_name\">PRODUKTY<\/span><\/a><\/p>\n<p>[\/et_pb_text][et_pb_text admin_label=&#8221;SERVICE PL&#8221; module_class=&#8221;product_widget_wrap_service&#8221; _builder_version=&#8221;4.23.1&#8243; _module_preset=&#8221;default&#8221; global_module=&#8221;165500&#8243; saved_tabs=&#8221;all&#8221; locked=&#8221;off&#8221; global_colors_info=&#8221;{}&#8221;]<\/p>\n<p><a href=\"https:\/\/www.secowarwick.com\/pl\/profesjonalne-uslugi-serwisowe\/\"><span class=\"product_wigtet_name\">SERWIS<\/span><\/a><\/p>\n<p>[\/et_pb_text][et_pb_text admin_label=&#8221;SUPLEMENTALS PL&#8221; module_class=&#8221;product_widget_wrap_supleme&#8221; _builder_version=&#8221;4.23.1&#8243; _module_preset=&#8221;default&#8221; global_module=&#8221;165502&#8243; saved_tabs=&#8221;all&#8221; locked=&#8221;off&#8221; global_colors_info=&#8221;{}&#8221;]<\/p>\n<p><span class=\"product_wigtet_name\">DODATKOWE:<\/span><\/p>\n<p>[\/et_pb_text][et_pb_text admin_label=&#8221;dnabook-pl&#8221; module_class=&#8221;suplementals_product_dna suplementals_wrap&#8221; _builder_version=&#8221;4.23.1&#8243; _module_preset=&#8221;default&#8221; global_module=&#8221;165509&#8243; saved_tabs=&#8221;all&#8221; locked=&#8221;off&#8221; global_colors_info=&#8221;{}&#8221;]<\/p>\n<p><a href=\"https:\/\/www.secowarwick.com\/wp-content\/uploads\/2024\/02\/2024_SECO_WARWICK_Catalog_DNA_EN_SECOLOGY.pdf\" target=\"_blank\" rel=\"noopener\">DNA\/BOOK<\/a><\/p>\n<p>[\/et_pb_text][et_pb_text admin_label=&#8221;ECO\/BOOK-pl&#8221; module_class=&#8221;suplementals_product_eco suplementals_wrap&#8221; _builder_version=&#8221;4.23.1&#8243; _module_preset=&#8221;default&#8221; global_module=&#8221;165511&#8243; saved_tabs=&#8221;all&#8221; locked=&#8221;off&#8221; global_colors_info=&#8221;{}&#8221;]<\/p>\n<p><a href=\"https:\/\/www.secowarwick.com\/wp-content\/uploads\/2023\/06\/ECOBOOK-2-1.pdf\" target=\"_blank\" rel=\"noopener\">ECO\/BOOK<\/a><\/p>\n<p>[\/et_pb_text][\/et_pb_column][\/et_pb_row][\/et_pb_section][et_pb_section fb_built=&#8221;1&#8243; admin_label=&#8221;section&#8221; _builder_version=&#8221;4.19.2&#8243; background_color=&#8221;#f8f8f8&#8243; custom_margin=&#8221;-20px||||false|false&#8221; custom_padding=&#8221;0px||||false|false&#8221; transparent_background=&#8221;off&#8221; make_fullwidth=&#8221;off&#8221; use_custom_width=&#8221;off&#8221; width_unit=&#8221;on&#8221; global_colors_info=&#8221;{}&#8221;][et_pb_row column_structure=&#8221;1_2,1_2&#8243; admin_label=&#8221;row&#8221; _builder_version=&#8221;4.19.2&#8243; background_size=&#8221;initial&#8221; background_position=&#8221;top_left&#8221; background_repeat=&#8221;repeat&#8221; custom_margin=&#8221;-20px||||false|false&#8221; global_colors_info=&#8221;{}&#8221;][et_pb_column type=&#8221;1_2&#8243; _builder_version=&#8221;4.16&#8243; custom_padding=&#8221;|||&#8221; global_colors_info=&#8221;{}&#8221; custom_padding__hover=&#8221;|||&#8221;][et_pb_text _builder_version=&#8221;4.19.2&#8243; _module_preset=&#8221;default&#8221; global_colors_info=&#8221;{}&#8221;]<\/p>\n<p>&nbsp;<\/p>\n<p>&nbsp;<\/p>\n<p>&nbsp;<\/p>\n<p>[\/et_pb_text][et_pb_image src=&#8221;https:\/\/www.secowarwick.com\/wp-content\/uploads\/2023\/09\/My-support.jpg&#8221; alt=&#8221;Automation Systems &#8211; My\u00a0support &#8221; title_text=&#8221;My support&#8221; align_tablet=&#8221;center&#8221; align_phone=&#8221;&#8221; align_last_edited=&#8221;on|desktop&#8221; _builder_version=&#8221;4.19.2&#8243; global_colors_info=&#8221;{}&#8221;][\/et_pb_image][\/et_pb_column][et_pb_column type=&#8221;1_2&#8243; _builder_version=&#8221;4.16&#8243; custom_padding=&#8221;|||&#8221; global_colors_info=&#8221;{}&#8221; custom_padding__hover=&#8221;|||&#8221;][et_pb_text admin_label=&#8221;apostrof&#8221; module_class=&#8221;przecinek-tlo-nizej&#8221; _builder_version=&#8221;4.23.1&#8243; custom_margin=&#8221;50px|||&#8221; custom_margin_tablet=&#8221;&#8221; custom_margin_phone=&#8221;&#8221; custom_margin_last_edited=&#8221;on|desktop&#8221; saved_tabs=&#8221;all&#8221; global_colors_info=&#8221;{}&#8221;]<\/p>\n<p>G\u0142\u00f3wne funkcje modu\u0142u to:<\/p>\n<p>[\/et_pb_text][et_pb_text _builder_version=&#8221;4.19.2&#8243; _module_preset=&#8221;default&#8221; text_font_size=&#8221;16px&#8221; global_colors_info=&#8221;{}&#8221;]<\/p>\n<p><span class=\"TextRun SCXW102932848 BCX0\" lang=\"PL-PL\" xml:lang=\"PL-PL\" data-contrast=\"none\"><span class=\"NormalTextRun SCXW102932848 BCX0\"><span style=\"color: #db1414;\"><strong>\/ <\/strong><\/span><span class=\"NormalTextRun ContextualSpellingAndGrammarErrorV2Themed SCXW59334812 BCX0\">kontakt<\/span><span class=\"NormalTextRun SCXW59334812 BCX0\"> z&nbsp;serwisem oraz<\/span> <span class=\"NormalTextRun SCXW59334812 BCX0\">mo\u017cliwo\u015b\u0107 <\/span><span class=\"NormalTextRun SCXW59334812 BCX0\">zg\u0142oszenia nowego problemu w&nbsp;jednym miejscu,<\/span><\/span><\/span><span class=\"LineBreakBlob BlobObject DragDrop SCXW102932848 BCX0\"><br class=\"SCXW102932848 BCX0\" \/><\/span><span class=\"TextRun SCXW102932848 BCX0\" lang=\"PL-PL\" xml:lang=\"PL-PL\" data-contrast=\"none\"><span class=\"NormalTextRun SCXW102932848 BCX0\"><span style=\"color: #db1414;\"><strong>\/ <\/strong><\/span><span class=\"NormalTextRun SCXW39894981 BCX0\">przegl\u0105d historii zg\u0142osze\u0144 serwisowych<\/span><strong><span class=\"NormalTextRun SCXW39894981 BCX0\">,<\/span><\/strong><\/span><\/span><span class=\"LineBreakBlob BlobObject DragDrop SCXW102932848 BCX0\"><br class=\"SCXW102932848 BCX0\" \/><\/span><span class=\"TextRun SCXW102932848 BCX0\" lang=\"PL-PL\" xml:lang=\"PL-PL\" data-contrast=\"none\"><span class=\"NormalTextRun SCXW102932848 BCX0\"><span style=\"color: #db1414;\"><strong>\/ <\/strong><\/span><span class=\"NormalTextRun ContextualSpellingAndGrammarErrorV2Themed SCXW93823933 BCX0\">\u015bledzenie <\/span><span class=\"NormalTextRun SCXW93823933 BCX0\">statusu zg\u0142oszenia<\/span><span class=\"NormalTextRun SCXW93823933 BCX0\">,<\/span><\/span><\/span><span class=\"LineBreakBlob BlobObject DragDrop SCXW102932848 BCX0\"><br class=\"SCXW102932848 BCX0\" \/><\/span><span class=\"TextRun SCXW102932848 BCX0\" lang=\"PL-PL\" xml:lang=\"PL-PL\" data-contrast=\"none\"><span style=\"color: #db1414;\"><strong>\/ <\/strong><\/span><span class=\"TextRun SCXW179492839 BCX0\" lang=\"PL-PL\" xml:lang=\"PL-PL\" data-contrast=\"none\"><span class=\"NormalTextRun SCXW179492839 BCX0\">powiadomienia e-mail<\/span><span class=\"NormalTextRun SCXW179492839 BCX0\"> -&gt;<\/span><span class=\"NormalTextRun SCXW179492839 BCX0\"> w&nbsp;przypadku <\/span><span class=\"NormalTextRun SCXW179492839 BCX0\">istotnych zmian <\/span><span class=\"NormalTextRun SCXW179492839 BCX0\">w&nbsp;zg\u0142oszeniu (zmiana serwisanta, zmiana statusu, dodanie notatki <\/span><span class=\"NormalTextRun SCXW179492839 BCX0\">przez&nbsp;serwisanta itp.),<\/span><\/span><span style=\"color: #db1414;\"><strong><span class=\"NormalTextRun SCXW19497820 BCX0\"><br \/>\/ <\/span><\/strong><\/span><span class=\"NormalTextRun SCXW19497820 BCX0\"><span class=\"NormalTextRun SCXW179492839 BCX0\">mo\u017cliwo\u015b\u0107 samodzielnego rozwi\u0105<\/span><\/span><span class=\"NormalTextRun SCXW19497820 BCX0\"><span class=\"NormalTextRun SCXW179492839 BCX0\">zywania problemu <\/span><span class=\"NormalTextRun SCXW179492839 BCX0\">z&nbsp;pomoc\u0105 <\/span><span class=\"NormalTextRun SCXW179492839 BCX0\">bazy wiedzy.<\/span><\/span><\/span><\/p>\n<p>&nbsp;<\/p>\n<p>[\/et_pb_text][\/et_pb_column][\/et_pb_row][\/et_pb_section][et_pb_section fb_built=&#8221;1&#8243; _builder_version=&#8221;4.23.1&#8243; _module_preset=&#8221;default&#8221; global_colors_info=&#8221;{}&#8221;][et_pb_row column_structure=&#8221;3_4,1_4&#8243; use_custom_gutter=&#8221;on&#8221; gutter_width=&#8221;2&#8243; module_class=&#8221;automatycy-wiersz-korzysci&#8221; _builder_version=&#8221;4.23.1&#8243; _module_preset=&#8221;default&#8221; locked=&#8221;off&#8221; global_colors_info=&#8221;{}&#8221;][et_pb_column type=&#8221;3_4&#8243; _builder_version=&#8221;4.23.1&#8243; _module_preset=&#8221;default&#8221; global_colors_info=&#8221;{}&#8221;][et_pb_text module_class=&#8221;przecinek-tlo-nizej&#8221; _builder_version=&#8221;4.23.1&#8243; text_text_color=&#8221;#000000&#8243; background_size=&#8221;initial&#8221; background_position=&#8221;top_left&#8221; background_repeat=&#8221;repeat&#8221; use_border_color=&#8221;off&#8221; global_colors_info=&#8221;{}&#8221;]<\/p>\n<p>MOJE&nbsp;WSPARCIE &#8211; KORZY\u015aCI<\/p>\n<p>[\/et_pb_text][et_pb_text module_class=&#8221;opis-korzysci&#8221; _builder_version=&#8221;4.23.1&#8243; _module_preset=&#8221;default&#8221; custom_margin=&#8221;20px||||false|false&#8221; global_colors_info=&#8221;{}&#8221;]<\/p>\n<p><strong><span style=\"color: #dc291e;\">\/<\/span><\/strong><strong>\u00a0Platforma pomocy i&nbsp;komunikacji.<br \/><\/strong><strong><span style=\"color: #dc291e;\">\/<\/span>\u00a0Pomoc <\/strong>techniczna <strong>zawsze dost\u0119pna<\/strong>: bez&nbsp;wzgl\u0119du na&nbsp;por\u0119, tu&nbsp;wsparcie techniczne jest zawsze do&nbsp;dyspozycji.<br \/><strong><span style=\"color: #dc291e;\">\/<\/span><\/strong><strong>\u00a0<\/strong>Historia zg\u0142osze\u0144, to&nbsp;Twoja historyczna wiedza o&nbsp;problemach.<br \/><strong><span style=\"color: #dc291e;\">\/<\/span><\/strong><strong>\u00a0<\/strong>Specjalistyczna <strong>baza wiedzy<\/strong> zawieraj\u0105ca rozwi\u0105zania i&nbsp;podpowiedzi, to&nbsp;skarbnica fachowej wiedzy o&nbsp;technologii i&nbsp;Twoim rozwi\u0105zaniu oraz&nbsp;podobnych przypadkach.<br \/><strong><span style=\"color: #dc291e;\">\/<\/span>\u00a0Samodzielno\u015b\u0107 w&nbsp;rozwi\u0105zywaniu problem\u00f3w, to&nbsp;niezale\u017cno\u015b\u0107 i&nbsp;natychmiastowe rozwi\u0105zanie.<\/strong><\/p>\n<p>[\/et_pb_text][\/et_pb_column][et_pb_column type=&#8221;1_4&#8243; _builder_version=&#8221;4.23.1&#8243; _module_preset=&#8221;default&#8221; global_colors_info=&#8221;{}&#8221;][et_pb_image src=&#8221;https:\/\/www.secowarwick.com\/wp-content\/uploads\/2024\/05\/korzysci.png&#8221; alt=&#8221;korzy\u015bci&#8221; align=&#8221;center&#8221; module_class=&#8221;obraz-korzysci&#8221; _builder_version=&#8221;4.23.1&#8243; _module_preset=&#8221;default&#8221; global_colors_info=&#8221;{}&#8221;][\/et_pb_image][\/et_pb_column][\/et_pb_row][\/et_pb_section]<\/p>\n","protected":false},"excerpt":{"rendered":"<p>Moje&nbsp;wsparcie Tw\u00f3j&nbsp;dost\u0119p do&nbsp;pomocy technicznej, gdzie mo\u017cesz zg\u0142osi\u0107 spraw\u0119, kt\u00f3rej&nbsp;sam nie&nbsp;mo\u017cesz rozwi\u0105za\u0107 lub poszuka\u0107 rozwi\u0105zania podobnego problemu.\u00a0 \u202f\u00a0 W&nbsp;ramach tego modu\u0142u u\u017cytkownik ma&nbsp;dost\u0119p do&nbsp;serwisu pomocy technicznej, gdzie mo\u017ce samodzielnie przejrze\u0107 zg\u0142oszenia (w&nbsp;celu poszukiwania rozwi\u0105zania podobnego problemu) lub zg\u0142osi\u0107 nowy problem z&nbsp;piecem. Do&nbsp;ka\u017cdego zg\u0142oszenia jest przypisany numer oraz&nbsp;osoba odpowiedzialna za&nbsp;jego rozwi\u0105zanie, co&nbsp;u\u0142atwia kontakt z&nbsp;serwisem SECO\/WARWICK oraz&nbsp;monitorowanie i&nbsp;rozwi\u0105zywanie [&hellip;]<\/p>\n","protected":false},"author":2,"featured_media":0,"parent":124591,"menu_order":0,"comment_status":"closed","ping_status":"closed","template":"","meta":{"_acf_changed":false,"_et_pb_use_builder":"on","_et_pb_old_content":"","_et_gb_content_width":"","footnotes":""},"class_list":["post-147104","page","type-page","status-publish"],"acf":[],"_links":{"self":[{"href":"https:\/\/www.secowarwick.com\/pl\/wp-json\/wp\/v2\/pages\/147104","targetHints":{"allow":["GET"]}}],"collection":[{"href":"https:\/\/www.secowarwick.com\/pl\/wp-json\/wp\/v2\/pages"}],"about":[{"href":"https:\/\/www.secowarwick.com\/pl\/wp-json\/wp\/v2\/types\/page"}],"author":[{"embeddable":true,"href":"https:\/\/www.secowarwick.com\/pl\/wp-json\/wp\/v2\/users\/2"}],"replies":[{"embeddable":true,"href":"https:\/\/www.secowarwick.com\/pl\/wp-json\/wp\/v2\/comments?post=147104"}],"version-history":[{"count":9,"href":"https:\/\/www.secowarwick.com\/pl\/wp-json\/wp\/v2\/pages\/147104\/revisions"}],"predecessor-version":[{"id":178231,"href":"https:\/\/www.secowarwick.com\/pl\/wp-json\/wp\/v2\/pages\/147104\/revisions\/178231"}],"up":[{"embeddable":true,"href":"https:\/\/www.secowarwick.com\/pl\/wp-json\/wp\/v2\/pages\/124591"}],"wp:attachment":[{"href":"https:\/\/www.secowarwick.com\/pl\/wp-json\/wp\/v2\/media?parent=147104"}],"curies":[{"name":"wp","href":"https:\/\/api.w.org\/{rel}","templated":true}]}}