{"id":147161,"date":"2023-10-28T02:31:49","date_gmt":"2023-10-28T00:31:49","guid":{"rendered":"https:\/\/www.secowarwick.com\/?page_id=147161"},"modified":"2025-10-31T13:30:15","modified_gmt":"2025-10-31T12:30:15","slug":"uniwersalny-piec-komorowy-vab","status":"publish","type":"page","link":"https:\/\/www.secowarwick.com\/pl\/produkty\/piece-prozniowe\/uniwersalny-piec-komorowy-vab\/","title":{"rendered":"Uniwersalny piec komorowy VAB"},"content":{"rendered":"<p>[et_pb_section fb_built=&#8221;1&#8243; _builder_version=&#8221;4.16&#8243; global_colors_info=&#8221;{}&#8221;][et_pb_row _builder_version=&#8221;4.16&#8243; background_size=&#8221;initial&#8221; background_position=&#8221;top_left&#8221; background_repeat=&#8221;repeat&#8221; global_colors_info=&#8221;{}&#8221;][et_pb_column type=&#8221;4_4&#8243; _builder_version=&#8221;4.16&#8243; custom_padding=&#8221;|||&#8221; global_colors_info=&#8221;{}&#8221; custom_padding__hover=&#8221;|||&#8221;][et_pb_image src=&#8221;https:\/\/www.secowarwick.com\/wp-content\/uploads\/2023\/10\/Universal-VAB-Chamber-Furnace.jpg&#8221; alt=&#8221;The VAB chamber furnace is designed for vacuum aluminum brazing&#8221; title_text=&#8221;Universal VAB Chamber Furnace&#8221; align_tablet=&#8221;center&#8221; align_phone=&#8221;center&#8221; align_last_edited=&#8221;on|desktop&#8221; _builder_version=&#8221;4.19.2&#8243; global_colors_info=&#8221;{}&#8221;][\/et_pb_image][et_pb_breadcrumbs _builder_version=&#8221;3.6&#8243; global_colors_info=&#8221;{}&#8221;][\/et_pb_breadcrumbs][\/et_pb_column][\/et_pb_row][et_pb_row column_structure=&#8221;3_4,1_4&#8243; _builder_version=&#8221;4.16&#8243; global_colors_info=&#8221;{}&#8221;][et_pb_column type=&#8221;3_4&#8243; _builder_version=&#8221;4.16&#8243; custom_padding=&#8221;|||&#8221; global_colors_info=&#8221;{}&#8221; custom_padding__hover=&#8221;|||&#8221;][et_pb_text _builder_version=&#8221;4.23.1&#8243; text_orientation=&#8221;justified&#8221; custom_margin_tablet=&#8221;&#8221; custom_margin_phone=&#8221;-40px|||&#8221; custom_margin_last_edited=&#8221;on|phone&#8221; global_colors_info=&#8221;{}&#8221;]<\/p>\n<h1>Uniwersalny piec komorowy VAB<\/h1>\n<h2>Piec pr\u00f3\u017cniowy z\u00a0wysok\u0105 pr\u00f3\u017cni\u0105 i\u00a0systemem za\u0142adowczym &#8211; VAB 2xX<\/h2>\n<p>Piec komorowy VAB z\u00a0systemem za\u0142adowczym to\u00a0urz\u0105dzenie dedykowane lutowaniu pr\u00f3\u017cniowemu aluminium. Przy u\u017cyciu skutecznej i\u00a0wydajnej technologii, kt\u00f3ra\u00a0nie\u00a0wymaga stosowania topnika (technologia no\u00a0flux), mo\u017cna znacz\u0105co zwi\u0119kszy\u0107 bezpiecze\u0144stwo \u015brodowiska, zachowuj\u0105c jednocze\u015bnie powtarzalne wyniki. Rozwi\u0105zanie to\u00a0gwarantuje wysok\u0105 r\u00f3wnomierno\u015b\u0107 grzania i\u00a0minimalizacj\u0119 brak\u00f3w produkcyjnych dzi\u0119ki zoptymalizowanemu umiejscowieniu grzejnik\u00f3w, co\u00a0u\u0142atwia utrzymanie takich samych warunk\u00f3w dla ka\u017cdego miejsca wsadu.<\/p>\n<p>[\/et_pb_text][et_pb_tabs module_class=&#8221;red-tabs  eco-tab7&#8243; _builder_version=&#8221;4.23.1&#8243; custom_css_main_element=&#8221;margin-top: 2rem;||margin-bottom: 2rem;&#8221; global_colors_info=&#8221;{}&#8221;][et_pb_tab title=&#8221;Opis&#8221; _builder_version=&#8221;4.19.2&#8243; global_colors_info=&#8221;{}&#8221;]<\/p>\n<p>Piec komorowy VAB z&nbsp;systemem za\u0142adowczym jest wyposa\u017cony w&nbsp;wysokowydajny system do&nbsp;osi\u0105gania wysokiej pr\u00f3\u017cni oraz&nbsp;zoptymalizowan\u0105 komor\u0119 grzejn\u0105. Dzi\u0119ki odpowiedniej konstrukcji i&nbsp;rozmieszczeniu grzejnik\u00f3w dostarcza klientom wysokiej jako\u015bci cz\u0119\u015bci, zw\u0142aszcza do&nbsp;lutowania wymiennik\u00f3w ciep\u0142a.<\/p>\n<p>VAB 2xX to&nbsp;piec wysokopr\u00f3\u017cniowy zorientowany poziomo, jednokomorowy, dedykowany do&nbsp;lutowania aluminium. Posiada obudow\u0119 prostopad\u0142o\u015bcienn\u0105 oraz&nbsp;dwa r\u00f3wnolegle ustawione wsady. Komora grzejna sk\u0142ada si\u0119 z&nbsp;\u0142atwo demontowanych paneli, kt\u00f3re mo\u017cna wyj\u0105\u0107 na&nbsp;zewn\u0105trz. Dodatkowo, wyposa\u017cona jest w&nbsp;wielostrefowy system grzewczy, pokrywaj\u0105cy ka\u017cd\u0105 \u015bcian\u0119 komory oraz&nbsp;przestrze\u0144 pomi\u0119dzy dwoma r\u00f3wnolegle umieszczonymi wsadami. To&nbsp;rozwi\u0105zanie umo\u017cliwia precyzyjn\u0105 kontrol\u0119 oraz&nbsp;regulacj\u0119 temperatury. Obudowa pieca zosta\u0142a wykonana w&nbsp;jednop\u0142aszczowej konstrukcji, maj\u0105cej na&nbsp;celu utrzymanie wewn\u0119trznej \u015bciany pieca w&nbsp;temperaturze, co&nbsp;eliminuje kondensacj\u0119. Lutowane cz\u0119\u015bci s\u0105&nbsp;umieszczane na&nbsp;oprzyrz\u0105dowaniu w&nbsp;formie zawieszek, kt\u00f3re s\u0105&nbsp;podwieszane na&nbsp;szynach i&nbsp;transportowane do&nbsp;pieca w&nbsp;postaci wisz\u0105cej.<\/p>\n<p>[\/et_pb_tab][et_pb_tab title=&#8221;Korzy\u015bci&#8221; _builder_version=&#8221;4.19.2&#8243; global_colors_info=&#8221;{}&#8221;]<\/p>\n<p><strong><span style=\"color: #e31300;\">\/ <\/span><\/strong>Powtarzalno\u015b\u0107 wynik\u00f3w<br \/><strong><span style=\"color: #e31300;\">\/ <\/span><\/strong>Mo\u017cliwo\u015b\u0107 po\u0142\u0105czenia z&nbsp;innymi urz\u0105dzeniami (odolejacz)<br \/><strong><span style=\"color: #e31300;\">\/ <\/span><\/strong>Dobre i&nbsp;wytrzyma\u0142e po\u0142\u0105czenie lutowane<br \/><strong><span style=\"color: #e31300;\">\/ <\/span><\/strong>Czysto\u015b\u0107 cz\u0119\u015bci\/brak utlenienia<br \/><strong><span style=\"color: #e31300;\">\/ <\/span><\/strong>Wysoka jako\u015b\u0107 i&nbsp;idealna ochrona powierzchni cz\u0119\u015bci<br \/><strong><span style=\"color: #e31300;\">\/ <\/span><\/strong>Niskie zu\u017cycie energii, gaz\u00f3w procesowych i&nbsp;innych medi\u00f3w<br \/><strong><span style=\"color: #e31300;\">\/ <\/span><\/strong>Przyjazny dla \u015brodowiska z&nbsp;nisk\u0105 emisj\u0105 gaz\u00f3w procesowych<br \/><strong><span style=\"color: #e31300;\">\/ <\/span><\/strong>Prosta, modu\u0142owa konstrukcja, dopasowana i&nbsp;dostosowana do&nbsp;zada\u0144 i&nbsp;warunk\u00f3w zak\u0142adu<br \/><strong><span style=\"color: #e31300;\">\/ <\/span><\/strong>Gwarantowana jako\u015b\u0107 i&nbsp;powtarzalne wyniki procesu<br \/><strong><span style=\"color: #e31300;\">\/ <\/span><\/strong>Wsparcie w&nbsp;zakresie konserwacji zapobiegawczej<br \/><strong><span style=\"color: #e31300;\">\/ <\/span><\/strong>Zdalne sterowanie i&nbsp;monitoring<br \/><strong><span style=\"color: #e31300;\">\/ <\/span><\/strong>Szybka dostawa i&nbsp;prosty monta\u017c<br \/><strong><span style=\"color: #e31300;\">\/ <\/span><\/strong>Mo\u017cliwo\u015b\u0107 dostosowania do&nbsp;wymaga\u0144 klienta<\/p>\n<p>[\/et_pb_tab][et_pb_tab title=&#8221;Cechy&#8221; _builder_version=&#8221;4.23.1&#8243; _module_preset=&#8221;default&#8221; global_colors_info=&#8221;{}&#8221;]<\/p>\n<p><span style=\"color: #e31300;\"><strong>\/ <\/strong><\/span>Standardowa pojemno\u015b\u0107 pozioma 1800 kg i\u00a0wi\u0119cej<br \/><span style=\"color: #e31300;\"><strong>\/ <\/strong><\/span>Temperatura robocza \u2013 650\u00b0C<br \/><span style=\"color: #e31300;\"><strong>\/ <\/strong><\/span>Jednorodno\u015b\u0107 temperatury +\/-3\u00b0C<br \/><span style=\"color: #e31300;\"><strong>\/ <\/strong><\/span>Jednolity i\u00a0wydajny nagrzew radiacyjny 360\u00b0<br \/><span style=\"color: #e31300;\"><strong>\/ <\/strong><\/span>Kontrola ci\u015bnienia cz\u0105stkowego<br \/><span style=\"color: #e31300;\"><strong>\/ <\/strong><\/span>Obr\u00f3bka w\u00a0wysokiej pr\u00f3\u017cni do\u00a010<sup>-5<\/sup> mbar<br \/><span style=\"color: #e31300;\"><strong>\/ <\/strong><\/span>Gazy ch\u0142odz\u0105ce: N2,<br \/><span style=\"color: #e31300;\"><strong>\/ <\/strong><\/span>Metalowa, prostopad\u0142o\u015bcienna strefa grzejna<br \/><span style=\"color: #e31300;\"><strong>\/ <\/strong><\/span>Komputerowy system sterowania (PLC+IPC), przyjazny dla operatora<br \/><span style=\"color: #e31300;\"><strong>\/ <\/strong><\/span>Zgodno\u015b\u0107 z\u00a0globalnymi standardami przemys\u0142owymi<br \/><strong><span style=\"color: #e31300;\">\/ <\/span>System Automatycznego Sterowania Piecem SecoVac<\/strong><\/p>\n<h2><strong><br \/><\/strong>Funkcje konserwacji i\u00a0Kontroli<\/h2>\n<p><span style=\"color: #e31300;\"><strong>\/ <\/strong><\/span>Funkcjonalny, prosty w\u00a0obs\u0142udze, intuicyjny system<br \/><span style=\"color: #e31300;\"><strong>\/ <\/strong><\/span>Zasilanie Bezprzerwowe (UPS)<br \/><span style=\"color: #e31300;\"><strong>\/ <\/strong><\/span>Pe\u0142na wizualizacja i\u00a0kompleksowe zarz\u0105dzanie sytuacjami awaryjnymi<br \/><span style=\"color: #e31300;\"><strong>\/ <\/strong><\/span>Automatyczne generowanie predefiniowanych raport\u00f3w (graficznych lub numerycznych) oraz\u00a0z\u00a0eksportem do\u00a0plik\u00f3w zewn\u0119trznych<br \/><span style=\"color: #e31300;\"><strong>\/ <\/strong><\/span>Hierarchia poziom\u00f3w dost\u0119pu u\u017cytkownik\u00f3w<br \/><span style=\"color: #e31300;\"><strong>\/ <\/strong><\/span>Zdalne sterowanie i\u00a0monitoring<br \/><span style=\"color: #e31300;\"><strong>\/ <\/strong><\/span>Indywidualna konfiguracja wszystkich wykres\u00f3w analizy danych i\u00a0wydruk\u00f3w<br \/><span style=\"color: #e31300;\"><strong>\/ <\/strong><\/span>Pe\u0142na integracja z\u00a0oprogramowaniem SCADA \u2013 bez\u00a0konieczno\u015bci instalowania dodatkowego oprogramowania<\/p>\n<h2>Funkcje Produkcyjne<\/h2>\n<p><span style=\"color: #e31300;\"><strong>\/ <\/strong><\/span>Przyjazne programowanie proces\u00f3w systemowych pieca<br \/><span style=\"color: #e31300;\"><strong>\/ <\/strong><\/span>Zaawansowane zarz\u0105dzanie procesami z\u00a0nieograniczon\u0105 liczb\u0105 receptur<br \/><span style=\"color: #e31300;\"><strong>\/ <\/strong><\/span>System zabezpiecza przed\u00a0b\u0142\u0119dnym doborem program\u00f3w technologicznych<\/p>\n<h2>Funkcje Operacyjne<\/h2>\n<p><span style=\"color: #e31300;\"><strong>\/ <\/strong><\/span>Liczniki czasu pracy, mo\u017cliwo\u015b\u0107 planowania przegl\u0105d\u00f3w okresowych<br \/><span style=\"color: #e31300;\"><strong>\/ <\/strong><\/span>Wiele j\u0119zyk\u00f3w<br \/><span style=\"color: #e31300;\"><strong>\/ <\/strong><\/span>Monitorowanie \u017cywotno\u015bci termopar<br \/><span style=\"color: #e31300;\"><strong>\/ <\/strong><\/span>Przechowywana historia pracy urz\u0105dzenia<br \/><span style=\"color: #e31300;\"><strong>\/ <\/strong><\/span>Monitorowanie zu\u017cycia medi\u00f3w, z\u00a0opcjonalnymi ostrze\u017ceniami o\u00a0uzupe\u0142nianiu<br \/><span style=\"color: #e31300;\"><strong>\/ <\/strong><\/span>Dwustopniowy alarm ostrzegawczy \u2013 kodowanie kolorami pozwala na\u00a0natychmiastow\u0105 identyfikacj\u0119 alarm\u00f3w<br \/><span style=\"color: #e31300;\"><strong>\/ <\/strong><\/span>\u0141atwe tworzenie kopii zapasowych systemu<\/p>\n<h2>Funkcje Zarz\u0105dzania<\/h2>\n<p><span style=\"color: #e31300;\"><strong>\/ <\/strong><\/span>Integracja z\u00a0systemami zarz\u0105dzania wy\u017cszego poziomu<br \/><span style=\"color: #e31300;\"><strong>\/ <\/strong><\/span>Bezpiecze\u0144stwo danych dzi\u0119ki r\u00f3\u017cnym poziomom dost\u0119pu u\u017cytkownika<br \/><span style=\"color: #e31300;\"><strong>\/ <\/strong><\/span>Optymalizacja produkcji na\u00a0podstawie zgromadzonych informacji<br \/><span style=\"color: #e31300;\"><strong>\/ <\/strong><\/span>Zmniejszone obci\u0105\u017cenie operatora dzi\u0119ki automatyzacji produkcji<br \/><span style=\"color: #e31300;\"><strong>\/ <\/strong><\/span>Programowalne op\u00f3\u017anienie czasu\/daty rozpocz\u0119cia procesu z\u00a0opcj\u0105 powiadomienia GSM (Globalny System Komunikacji Mobilnej).<br \/><span style=\"color: #e31300;\"><strong>\/ <\/strong><\/span>D\u0142ugoterminowa rejestracja danych i\u00a0zdalny dost\u0119p do\u00a0zarchiwizowanych informacji<br \/><span style=\"color: #e31300;\"><strong>\/ <\/strong><\/span>Przegl\u0105darka aplikacji zapewnia dost\u0119p do\u00a0danych \u201etylko do\u00a0odczytu\u201d.<\/p>\n<h2>Modele<\/h2>\n<p><span style=\"color: #e31300;\"><strong>\/ <\/strong><\/span>450x1580x1780<\/p>\n<h2>DEDYKOWANE URZ\u0104DZENIA POMOCNICZE<\/h2>\n<p><span style=\"color: #e31300;\"><strong>\/ <\/strong><\/span>\u0141adowarki r\u0119czne i\/lub automatyczne<br \/><span style=\"color: #e31300;\"><strong>\/ <\/strong><\/span>Stacja za\u0142adowcza<br \/><span style=\"color: #e31300;\"><strong>\/ <\/strong><\/span>Stacja ch\u0142odz\u0105ca<br \/><span style=\"color: #e31300;\"><strong>\/ <\/strong><\/span>Oprzyrz\u0105dowanie ze\u00a0stali nierdzewnej<br \/><span style=\"color: #e31300;\"><strong>\/ <\/strong><\/span>Zamkni\u0119ty Uk\u0142ad Wody Ch\u0142odz\u0105cej (ZOWOCH)<br \/><span style=\"color: #e31300;\"><strong>\/ <\/strong><\/span>Zbiornik buforowy gazu<br \/><span style=\"color: #e31300;\"><strong>\/ <\/strong><\/span>Helowy system recyklingu<br \/><span style=\"color: #e31300;\"><strong>\/ <\/strong><\/span>Ochrona przed\u00a0ha\u0142asem uk\u0142adu pompowego<br \/><span style=\"color: #e31300;\"><strong>\/ <\/strong><\/span>System pomiaru punktu rosy na\u00a0wlocie gazu<br \/><span style=\"color: #e31300;\"><strong>\/ <\/strong><\/span>Oddzielny chiller do\u00a0ch\u0142odzenia pompy dyfuzyjnej<br \/><span style=\"color: #e31300;\"><strong>\/ <\/strong><\/span>Kosz do\u00a0rozk\u0142adu temperatur lub datapaq<br \/><span style=\"color: #e31300;\"><strong>\/ <\/strong><\/span>Oszcz\u0119dzaj\u0105cy czas zestaw cz\u0119\u015bci zamiennych<\/p>\n<p>[\/et_pb_tab][et_pb_tab title=&#8221;Opcje&#8221; _builder_version=&#8221;4.23.1&#8243; _module_preset=&#8221;default&#8221; global_colors_info=&#8221;{}&#8221;]<\/p>\n<h2>Opcje Pieca<\/h2>\n<p><span style=\"color: #e31300;\"><strong>\/ <\/strong><\/span>Wysoka pr\u00f3\u017cnia dzi\u0119ki pompie dyfuzyjnej, kriogenicznej lub turbomolekularnej<br \/><span style=\"color: #e31300;\"><strong>\/ <\/strong><\/span>Praca w\u00a0wy\u017cszej temperaturze<br \/><span style=\"color: #e31300;\"><strong>\/ <\/strong><\/span>Wielokomorowa kontrola temperatury<br \/><span style=\"color: #e31300;\"><strong>\/ <\/strong><\/span>Pu\u0142apka niskotemperaturowa i\u00a0kriogeniczna<br \/><span style=\"color: #e31300;\"><strong>\/ <\/strong><\/span>Wyb\u00f3r koloru<\/p>\n<h2>Opcje Systemu Sterowania<\/h2>\n<p><span style=\"color: #e31300;\"><strong>\/ <\/strong><\/span>Wyb\u00f3r systemu sterowania &#8211; PLC, IPC<br \/><span style=\"color: #e31300;\"><strong>\/ <\/strong><\/span>System sterowania zarz\u0105dzana moc\u0105<br \/><span style=\"color: #e31300;\"><strong>\/ <\/strong><\/span>Niezale\u017cny rejestrator danych<br \/><span style=\"color: #e31300;\"><strong>\/ <\/strong><\/span>Zdalne sterowanie i\u00a0monitoring<br \/><span style=\"color: #e31300;\"><strong>\/ <\/strong><\/span>Klimatyzowana szafa sterownicza<br \/><strong><span style=\"color: #e31300;\">\/ <\/span>Procesy Opcjonalne<br \/><\/strong><span style=\"color: #e31300;\"><strong>\/ <\/strong><\/span>Ch\u0142odzenie izotermiczne i\u00a0kontrolowane<br \/><span style=\"color: #e31300;\"><strong>\/ <\/strong><\/span>Odpuszczanie<\/p>\n<p>[\/et_pb_tab][et_pb_tab title=&#8221;Materia\u0142y&#8221; _builder_version=&#8221;4.19.2&#8243; global_colors_info=&#8221;{}&#8221;]<\/p>\n<p>Wszystkie stopy aluminium, kt\u00f3re mo\u017cna lutowa\u0107 za&nbsp;pomoc\u0105 topnika, mo\u017cna lutowa\u0107 pr\u00f3\u017cniowo, Ponadto, niekt\u00f3re stopy aluminium zawieraj\u0105ce magnez (np.&nbsp;seria 5xxx), kt\u00f3re nie&nbsp;s\u0105&nbsp;\u0142atwo lutowane w&nbsp;procesie topnikowym, mog\u0105 by\u0107 lutowane w&nbsp;pr\u00f3\u017cni.<\/p>\n<p>Stosuj\u0105c prawid\u0142owe techniki, stopy serii lxxx, 3xxx, 5xxx i&nbsp;7xxx mog\u0105 by\u0107 pr\u00f3\u017cniowo lutowane.<\/p>\n<p>[\/et_pb_tab][et_pb_tab title=&#8221;Procesy&#8221; _builder_version=&#8221;4.19.2&#8243; global_colors_info=&#8221;{}&#8221;]<\/p>\n<p><span style=\"color: #e31300;\"><strong>\/ <\/strong><\/span>Lutowanie<\/p>\n<p>[\/et_pb_tab][et_pb_tab title=&#8221;Przemys\u0142y&#8221; _builder_version=&#8221;4.19.2&#8243; global_colors_info=&#8221;{}&#8221;]<\/p>\n<p><span style=\"color: #e31300;\"><strong>\/ <\/strong><\/span>HVAC&amp;R<br \/><span style=\"color: #e31300;\"><strong>\/ <\/strong><\/span>Bran\u017ca motoryzacyjna i&nbsp;terenowa<br \/><span style=\"color: #e31300;\"><strong>\/ <\/strong><\/span>Generatory pr\u0105dotw\u00f3rcze i&nbsp;elektrownie<br \/><span style=\"color: #e31300;\"><strong>\/ <\/strong><\/span>Lotnictwo<br \/><span style=\"color: #e31300;\"><strong>\/ <\/strong><\/span>Kolej<br \/><span style=\"color: #e31300;\"><strong>\/ <\/strong><\/span>Elektronika<br \/><span style=\"color: #e31300;\"><strong>\/ <\/strong><\/span>Urz\u0105dzenia domowe<\/p>\n<p>[\/et_pb_tab][et_pb_tab title=&#8221; &#8221; _builder_version=&#8221;4.23.1&#8243; _module_preset=&#8221;default&#8221; global_colors_info=&#8221;{}&#8221;]<\/p>\n<p><strong><span style=\"color: #dc291e;\">\/ <\/span><\/strong>Pr\u00f3\u017cnia jako atmosfera ochronna i&nbsp;technologiczna eliminuje konieczno\u015b\u0107 stosowania szkodliwych gaz\u00f3w procesowych i&nbsp;ich emisji do&nbsp;otoczenia<br \/><strong><span style=\"color: #dc291e;\">\/ <\/span><\/strong>Brak emisji CO\u2082, brak u\u017cycia paliw kopalnianych<br \/><strong><span style=\"color: #dc291e;\">\/ <\/span><\/strong>Zastosowanie gazu do&nbsp;ch\u0142odzenia (azot, argon), pozyskiwanego i&nbsp;zwracanego do&nbsp;powietrza, neutralnego dla \u015brodowiska<br \/><strong><span style=\"color: #dc291e;\">\/ <\/span><\/strong>Wzmocniona izolacja termiczna oszcz\u0119dza energi\u0119 elektryczn\u0105 (ok. 20 %)<br \/><strong><span style=\"color: #dc291e;\"> \/ <\/span><\/strong>Wysoka sprawno\u015b\u0107 energetyczna u\u017cytych komponent\u00f3w elektrycznych (silniki klasy IE3, sterowanie falownikowe, itp.)<br \/><strong><span style=\"color: #dc291e;\">\/ <\/span><\/strong>Zastosowanie system\u00f3w i&nbsp;algorytm\u00f3w ograniczaj\u0105cych zu\u017cycie czynnik\u00f3w energetycznych i&nbsp;technologicznych (system pompowy, grzania i&nbsp;ch\u0142odzenia)<br \/><strong><span style=\"color: #dc291e;\">\/ <\/span><\/strong>Brak emisji szkodliwych substancji<br \/><strong><span style=\"color: #dc291e;\">\/ <\/span><\/strong>Zmniejszenie deformacji hartowniczych i&nbsp;koszt\u00f3w obr\u00f3bki twardej (hard machining)<br \/><strong><span style=\"color: #dc291e;\">\/ <\/span><\/strong>Eliminacja mycia cz\u0119\u015bci po&nbsp;obr\u00f3bce cieplnej<\/p>\n<p>[\/et_pb_tab][\/et_pb_tabs][et_pb_code _builder_version=&#8221;4.19.2&#8243; _module_preset=&#8221;default&#8221; saved_tabs=&#8221;all&#8221; global_colors_info=&#8221;{}&#8221;]<pee style=\"text-align: center;\"><a class=\"small-button smallred\" style=\"font-size: 20px; padding: 20px 60px;\" href=\"https:\/\/www.secowarwick.com\/pl\/zapytaj-o-oferte\/\"><span style=\"display: block; transform: skew(15deg,0deg); -webkit-transform: skew(15deg,0deg); font-size: 20px; !important\">DOWIEDZ SI\u0118 WI\u0118CEJ<\/span><\/a><\/pee>[\/et_pb_code][\/et_pb_column][et_pb_column type=&#8221;1_4&#8243; _builder_version=&#8221;4.16&#8243; custom_padding=&#8221;|||&#8221; global_colors_info=&#8221;{}&#8221; custom_padding__hover=&#8221;|||&#8221;][et_pb_gallery gallery_ids=&#8221;81631,81624,81586,81594,81603,81617,81565,81572,75682&#8243; posts_number=&#8221;1&#8243; show_title_and_caption=&#8221;off&#8221; show_pagination=&#8221;off&#8221; zoom_icon_color=&#8221;#e2001a&#8221; module_class=&#8221;seco-products-gallery-new&#8221; _builder_version=&#8221;4.23.1&#8243; custom_css_overlay_icon=&#8221;content:&#8217;ZOBACZ GALERI\u0118&#8217; !important;&#8221; global_colors_info=&#8221;{}&#8221;][\/et_pb_gallery][et_pb_text admin_label=&#8221;btn_pl_premiumlibrary&#8221; module_class=&#8221;premium-library-button&#8221; _builder_version=&#8221;4.23.1&#8243; _module_preset=&#8221;default&#8221; text_orientation=&#8221;center&#8221; global_module=&#8221;157169&#8243; saved_tabs=&#8221;all&#8221; locked=&#8221;off&#8221; global_colors_info=&#8221;{}&#8221;]<\/p>\n<a href='https:\/\/www.secowarwick.com\/pl\/trescipremium\/' class='small-button smallred'><span>TRE\u015aCI PREMIUM<\/span><\/a>\n<p>[\/et_pb_text][et_pb_text admin_label=&#8221;R&#038;D PL&#8221; module_class=&#8221;product_widget_wrap_rd&#8221; _builder_version=&#8221;4.23.1&#8243; _module_preset=&#8221;default&#8221; text_orientation=&#8221;center&#8221; global_module=&#8221;165497&#8243; saved_tabs=&#8221;all&#8221; locked=&#8221;off&#8221; global_colors_info=&#8221;{}&#8221;]<\/p>\n<p><a href=\"https:\/\/www.secowarwick.com\/pl\/rd\/\"><span class=\"product_wigtet_name\">R&amp;D<\/span><\/a><\/p>\n<p>[\/et_pb_text][et_pb_text admin_label=&#8221;AUTOMATYKA PL&#8221; module_class=&#8221;product_widget_wrap_automation&#8221; _builder_version=&#8221;4.23.1&#8243; _module_preset=&#8221;default&#8221; global_module=&#8221;165495&#8243; saved_tabs=&#8221;all&#8221; locked=&#8221;off&#8221; global_colors_info=&#8221;{}&#8221;]<\/p>\n<p><a href=\"https:\/\/www.secowarwick.com\/pl\/service\/automatyka\/\"><span class=\"product_wigtet_name\">AUTOMATYKA<\/span><\/a><\/p>\n<p>[\/et_pb_text][et_pb_text admin_label=&#8221;SERVICE PL&#8221; module_class=&#8221;product_widget_wrap_service&#8221; _builder_version=&#8221;4.23.1&#8243; _module_preset=&#8221;default&#8221; global_module=&#8221;165500&#8243; saved_tabs=&#8221;all&#8221; locked=&#8221;off&#8221; global_colors_info=&#8221;{}&#8221;]<\/p>\n<p><a href=\"https:\/\/www.secowarwick.com\/pl\/profesjonalne-uslugi-serwisowe\/\"><span class=\"product_wigtet_name\">SERWIS<\/span><\/a><\/p>\n<p>[\/et_pb_text][et_pb_text admin_label=&#8221;SUPLEMENTALS PL&#8221; module_class=&#8221;product_widget_wrap_supleme&#8221; _builder_version=&#8221;4.23.1&#8243; _module_preset=&#8221;default&#8221; global_module=&#8221;165502&#8243; saved_tabs=&#8221;all&#8221; locked=&#8221;off&#8221; global_colors_info=&#8221;{}&#8221;]<\/p>\n<p><span class=\"product_wigtet_name\">DODATKOWE:<\/span><\/p>\n<p>[\/et_pb_text][et_pb_text admin_label=&#8221;Product brochure&#8221; module_class=&#8221;suplementals_product_brochure suplementals_wrap&#8221; _builder_version=&#8221;4.23.1&#8243; _module_preset=&#8221;default&#8221; hover_enabled=&#8221;0&#8243; locked=&#8221;off&#8221; global_colors_info=&#8221;{}&#8221; sticky_enabled=&#8221;0&#8243;]<\/p>\n<p><a href=\"https:\/\/www.secowarwick.com\/wp-content\/uploads\/2025\/10\/VAC-VAB-Line-WWW.pdf\" target=\"_blank\" rel=\"noopener\">Broszura produktu<\/a><\/p>\n<p>[\/et_pb_text][et_pb_text admin_label=&#8221;Katalog produkt\u00f3w vac pl&#8221; module_class=&#8221;suplementals_product_catalogue suplementals_wrap&#8221; _builder_version=&#8221;4.23.1&#8243; _module_preset=&#8221;default&#8221; global_module=&#8221;169522&#8243; saved_tabs=&#8221;all&#8221; locked=&#8221;off&#8221; global_colors_info=&#8221;{}&#8221;]<\/p>\n<p><a href=\"https:\/\/www.secowarwick.com\/wp-content\/uploads\/2025\/01\/VAC_catalogue_2024_web.pdf\" target=\"_blank\" rel=\"noopener\">Katalog produkt\u00f3w<\/a><\/p>\n<p>[\/et_pb_text][et_pb_text admin_label=&#8221;Product movie playlista&#8221; module_class=&#8221;suplementals_product_movie suplementals_wrap&#8221; _builder_version=&#8221;4.23.1&#8243; _module_preset=&#8221;default&#8221; global_module=&#8221;169535&#8243; saved_tabs=&#8221;all&#8221; locked=&#8221;off&#8221; global_colors_info=&#8221;{}&#8221;]<\/p>\n<p><a href=\"https:\/\/www.youtube.com\/playlist?list=PLa0hhW_hoQqEsIHM5LQtr9h_9UlwGFBO8\" target=\"_blank\" rel=\"noopener\">Film produktowy<\/a><\/p>\n<p>[\/et_pb_text][et_pb_text admin_label=&#8221;dnabook-pl&#8221; module_class=&#8221;suplementals_product_dna suplementals_wrap&#8221; _builder_version=&#8221;4.23.1&#8243; _module_preset=&#8221;default&#8221; global_module=&#8221;165509&#8243; saved_tabs=&#8221;all&#8221; locked=&#8221;off&#8221; global_colors_info=&#8221;{}&#8221;]<\/p>\n<p><a href=\"https:\/\/www.secowarwick.com\/wp-content\/uploads\/2025\/07\/DNA_BOOK.pdf\" target=\"_blank\" rel=\"noopener\">DNA\/BOOK<\/a><\/p>\n<p>[\/et_pb_text][et_pb_text admin_label=&#8221;ECO\/BOOK-pl&#8221; module_class=&#8221;suplementals_product_eco suplementals_wrap&#8221; _builder_version=&#8221;4.23.1&#8243; _module_preset=&#8221;default&#8221; global_module=&#8221;165511&#8243; saved_tabs=&#8221;all&#8221; locked=&#8221;off&#8221; global_colors_info=&#8221;{}&#8221;]<\/p>\n<p><a href=\"https:\/\/www.secowarwick.com\/wp-content\/uploads\/2023\/06\/ECOBOOK-2-1.pdf\" target=\"_blank\" rel=\"noopener\">ECO\/BOOK<\/a><\/p>\n<p>[\/et_pb_text][et_pb_text admin_label=&#8221;RFQ product widget pl&#8221; module_class=&#8221;product_widget_wrap_rfq-en&#8221; _builder_version=&#8221;4.23.1&#8243; _module_preset=&#8221;default&#8221; global_module=&#8221;186180&#8243; saved_tabs=&#8221;all&#8221; locked=&#8221;off&#8221; global_colors_info=&#8221;{}&#8221;]<\/p>\n<p style=\"text-align: center;\"><a class=\"small-button smallred\" href=\"https:\/\/www.secowarwick.com\/pl\/zapytaj-o-oferte\/\"><span class=\"product_wigtet_name\">ZAPYTAJ O&nbsp;OFERT\u0118<\/span><\/a><\/p>\n<p>[\/et_pb_text][\/et_pb_column][\/et_pb_row][\/et_pb_section]<\/p>\n","protected":false},"excerpt":{"rendered":"<p>[et_pb_breadcrumbs _builder_version=&#8221;3.6&#8243; global_colors_info=&#8221;{}&#8221;][\/et_pb_breadcrumbs]Uniwersalny piec komorowy VAB Piec pr\u00f3\u017cniowy z\u00a0wysok\u0105 pr\u00f3\u017cni\u0105 i\u00a0systemem za\u0142adowczym &#8211; VAB 2xX Piec komorowy VAB z\u00a0systemem za\u0142adowczym to\u00a0urz\u0105dzenie dedykowane lutowaniu pr\u00f3\u017cniowemu aluminium. Przy u\u017cyciu skutecznej i\u00a0wydajnej technologii, kt\u00f3ra\u00a0nie\u00a0wymaga stosowania topnika (technologia no\u00a0flux), mo\u017cna znacz\u0105co zwi\u0119kszy\u0107 bezpiecze\u0144stwo \u015brodowiska, zachowuj\u0105c jednocze\u015bnie powtarzalne wyniki. Rozwi\u0105zanie to\u00a0gwarantuje wysok\u0105 r\u00f3wnomierno\u015b\u0107 grzania i\u00a0minimalizacj\u0119 brak\u00f3w produkcyjnych dzi\u0119ki zoptymalizowanemu umiejscowieniu [&hellip;]<\/p>\n","protected":false},"author":2,"featured_media":0,"parent":7225,"menu_order":0,"comment_status":"closed","ping_status":"closed","template":"","meta":{"_acf_changed":false,"_et_pb_use_builder":"on","_et_pb_old_content":"","_et_gb_content_width":"","footnotes":""},"class_list":["post-147161","page","type-page","status-publish"],"acf":[],"_links":{"self":[{"href":"https:\/\/www.secowarwick.com\/pl\/wp-json\/wp\/v2\/pages\/147161","targetHints":{"allow":["GET"]}}],"collection":[{"href":"https:\/\/www.secowarwick.com\/pl\/wp-json\/wp\/v2\/pages"}],"about":[{"href":"https:\/\/www.secowarwick.com\/pl\/wp-json\/wp\/v2\/types\/page"}],"author":[{"embeddable":true,"href":"https:\/\/www.secowarwick.com\/pl\/wp-json\/wp\/v2\/users\/2"}],"replies":[{"embeddable":true,"href":"https:\/\/www.secowarwick.com\/pl\/wp-json\/wp\/v2\/comments?post=147161"}],"version-history":[{"count":33,"href":"https:\/\/www.secowarwick.com\/pl\/wp-json\/wp\/v2\/pages\/147161\/revisions"}],"predecessor-version":[{"id":186555,"href":"https:\/\/www.secowarwick.com\/pl\/wp-json\/wp\/v2\/pages\/147161\/revisions\/186555"}],"up":[{"embeddable":true,"href":"https:\/\/www.secowarwick.com\/pl\/wp-json\/wp\/v2\/pages\/7225"}],"wp:attachment":[{"href":"https:\/\/www.secowarwick.com\/pl\/wp-json\/wp\/v2\/media?parent=147161"}],"curies":[{"name":"wp","href":"https:\/\/api.w.org\/{rel}","templated":true}]}}