{"id":147188,"date":"2023-10-28T02:33:36","date_gmt":"2023-10-28T00:33:36","guid":{"rendered":"https:\/\/www.secowarwick.com\/?page_id=147188"},"modified":"2025-10-31T13:35:57","modified_gmt":"2025-10-31T12:35:57","slug":"vab-do-odolejania","status":"publish","type":"page","link":"https:\/\/www.secowarwick.com\/pl\/produkty\/piece-prozniowe\/vab-do-odolejania\/","title":{"rendered":"Piec pr\u00f3\u017cniowy VAB do odolejania"},"content":{"rendered":"<p>[et_pb_section fb_built=&#8221;1&#8243; _builder_version=&#8221;4.16&#8243; global_colors_info=&#8221;{}&#8221;][et_pb_row _builder_version=&#8221;4.16&#8243; background_size=&#8221;initial&#8221; background_position=&#8221;top_left&#8221; background_repeat=&#8221;repeat&#8221; global_colors_info=&#8221;{}&#8221;][et_pb_column type=&#8221;4_4&#8243; _builder_version=&#8221;4.16&#8243; custom_padding=&#8221;|||&#8221; global_colors_info=&#8221;{}&#8221; custom_padding__hover=&#8221;|||&#8221;][et_pb_image src=&#8221;https:\/\/www.secowarwick.com\/wp-content\/uploads\/2023\/10\/VAB-Furnace-for-removing-residual-oil.jpg&#8221; alt=&#8221;Piec pr\u00f3\u017cniowy VAB do\u00a0odolejania&#8221; title_text=&#8221;Piec pr\u00f3\u017cniowy VAB do\u00a0odolejania&#8221; align_tablet=&#8221;center&#8221; align_phone=&#8221;center&#8221; align_last_edited=&#8221;on|desktop&#8221; _builder_version=&#8221;4.23.1&#8243; global_colors_info=&#8221;{}&#8221;][\/et_pb_image][et_pb_breadcrumbs _builder_version=&#8221;3.6&#8243; global_colors_info=&#8221;{}&#8221;][\/et_pb_breadcrumbs][\/et_pb_column][\/et_pb_row][et_pb_row column_structure=&#8221;3_4,1_4&#8243; _builder_version=&#8221;4.16&#8243; global_colors_info=&#8221;{}&#8221;][et_pb_column type=&#8221;3_4&#8243; _builder_version=&#8221;4.16&#8243; custom_padding=&#8221;|||&#8221; global_colors_info=&#8221;{}&#8221; custom_padding__hover=&#8221;|||&#8221;][et_pb_text _builder_version=&#8221;4.23.1&#8243; text_orientation=&#8221;justified&#8221; custom_margin_tablet=&#8221;&#8221; custom_margin_phone=&#8221;-40px|||&#8221; custom_margin_last_edited=&#8221;on|phone&#8221; global_colors_info=&#8221;{}&#8221;]<\/p>\n<h1>Piec pr\u00f3\u017cniowy do\u00a0odolejania<\/h1>\n<h2>Usuwania oleju pozosta\u0142ego z\u00a0procesu formowania lub t\u0142oczenia cz\u0119\u015bci, przed\u00a0dalsza obr\u00f3bk\u0105 ciepln\u0105.<\/h2>\n<p>System pr\u00f3\u017cniowy do\u00a0odolejania s\u0142u\u017cy do\u00a0usuwania oleju pozosta\u0142ego z\u00a0procesu formowania lub t\u0142oczenia cz\u0119\u015bci. Wykonywany jest przed\u00a0dalsz\u0105 obr\u00f3bk\u0105 ciepln\u0105, najcz\u0119\u015bciej lutowaniem. Operacja ta\u00a0jest niezb\u0119dna, aby zapewni\u0107 odpowiedni\u0105 czysto\u015b\u0107 cz\u0119\u015bci, przed\u00a0procesem lutowania. Usuwanie oleju polega na\u00a0podgrzaniu cz\u0119\u015bci do\u00a0temperatury parowania oleju w\u00a0podci\u015bnieniu. Temperatura w\u00a0piecu kontrolowane jest za\u00a0pomoc\u0105 wielostrefowego systemu grzejnego, kt\u00f3ry\u00a0umo\u017cliwia precyzyjn\u0105 kontrol\u0119 oraz\u00a0regulacj\u0119 temperatury. Specjalnie zaprojektowany system pompowy odprowadza opary oleju z\u00a0przestrzeni pieca, kt\u00f3re nast\u0119pnie s\u0105\u00a0skraplane w\u00a0instalacji wylotowej. Odzyskany olej magazynowany jest w\u00a0zbiorniku.<\/p>\n<p>[\/et_pb_text][et_pb_tabs module_class=&#8221;red-tabs  eco-tab6&#8243; _builder_version=&#8221;4.23.1&#8243; custom_css_main_element=&#8221;margin-top: 2rem;||margin-bottom: 2rem;&#8221; global_colors_info=&#8221;{}&#8221;][et_pb_tab title=&#8221;Korzy\u015bci&#8221; _builder_version=&#8221;4.23.1&#8243; global_colors_info=&#8221;{}&#8221;]<\/p>\n<p><strong><span style=\"color: #e31300;\">\/ <\/span><\/strong>Mo\u017cliwo\u015b\u0107 dostosowania do&nbsp;wymaga\u0144 klienta<br \/><strong><span style=\"color: #e31300;\">\/ <\/span><\/strong>Wysoka jako\u015b\u0107 i&nbsp;idealna ochrona powierzchni cz\u0119\u015bci<br \/><strong><span style=\"color: #e31300;\">\/ <\/span><\/strong>Niskie zu\u017cycie energii, gaz\u00f3w procesowych i&nbsp;innych medi\u00f3w<br \/><strong><span style=\"color: #e31300;\">\/ <\/span><\/strong>Przyjazny dla \u015brodowiska z&nbsp;nisk\u0105 emisj\u0105 gaz\u00f3w procesowych<br \/><strong><span style=\"color: #e31300;\">\/ <\/span><\/strong>Prosta, modu\u0142owa konstrukcja, dopasowana i&nbsp;dostosowana do&nbsp;zada\u0144 i&nbsp;warunk\u00f3w zak\u0142adu<br \/><strong><span style=\"color: #e31300;\">\/ <\/span><\/strong>Gwarantowana jako\u015b\u0107 i&nbsp;powtarzalne wyniki procesu<br \/><strong><span style=\"color: #e31300;\">\/ <\/span><\/strong>Wsparcie w&nbsp;zakresie konserwacji zapobiegawczej<br \/><strong><span style=\"color: #e31300;\">\/ <\/span><\/strong>Zdalne sterowanie i&nbsp;monitoring<br \/><strong><span style=\"color: #e31300;\">\/ <\/span><\/strong>Szybka dostawa i&nbsp;prosty monta\u017c<\/p>\n<p>[\/et_pb_tab][et_pb_tab title=&#8221;Cechy&#8221; _builder_version=&#8221;4.23.1&#8243; _module_preset=&#8221;default&#8221; global_colors_info=&#8221;{}&#8221;]<\/p>\n<p><span style=\"color: #e31300;\"><strong>\/ <\/strong><\/span>Standardowa pojemno\u015b\u0107 pozioma 1300 kg i\u00a0wi\u0119cej<br \/><span style=\"color: #e31300;\"><strong>\/ <\/strong><\/span>Temperatura robocza \u2013 380\u00b0C<br \/><span style=\"color: #e31300;\"><strong>\/ <\/strong><\/span>Jednorodno\u015b\u0107 temperatury +\/-6\u00b0C \/ +\/-10\u00b0F<br \/><span style=\"color: #e31300;\"><strong>\/ <\/strong><\/span>Kontrola ci\u015bnienia cz\u0105stkowego<br \/><span style=\"color: #e31300;\"><strong>\/ <\/strong><\/span>Obr\u00f3bka w\u00a0wysokiej pr\u00f3\u017cni do\u00a010<sup>-2<\/sup>\u00a0mbar<br \/><span style=\"color: #e31300;\"><strong>\/ <\/strong><\/span>Gazy ch\u0142odz\u0105ce: N2,<br \/><span style=\"color: #e31300;\"><strong>\/ <\/strong><\/span>Komputerowy system sterowania (PLC+IPC), przyjazny dla operatora<br \/><span style=\"color: #e31300;\"><strong>\/ <\/strong><\/span>Zgodno\u015b\u0107 z\u00a0globalnymi standardami przemys\u0142owymi<\/p>\n<h2>Funkcje konserwacji i\u00a0Kontroli<\/h2>\n<p><span style=\"color: #e31300;\"><strong>\/ <\/strong><\/span>Funkcjonalny, prosty w\u00a0obs\u0142udze, intuicyjny system<br \/><span style=\"color: #e31300;\"><strong>\/ <\/strong><\/span>Zasilanie Bezprzerwowe (UPS)<br \/><span style=\"color: #e31300;\"><strong>\/ <\/strong><\/span>Pe\u0142na wizualizacja i\u00a0kompleksowe zarz\u0105dzanie sytuacjami awaryjnymi<br \/><span style=\"color: #e31300;\"><strong>\/ <\/strong><\/span>Automatyczne generowanie predefiniowanych raport\u00f3w (graficznych lub numerycznych) oraz\u00a0z\u00a0eksportem do\u00a0plik\u00f3w zewn\u0119trznych<br \/><span style=\"color: #e31300;\"><strong>\/ <\/strong><\/span>Hierarchia poziom\u00f3w dost\u0119pu u\u017cytkownik\u00f3w<br \/><span style=\"color: #e31300;\"><strong>\/ <\/strong><\/span>Zdalne sterowanie i\u00a0monitoring<br \/><span style=\"color: #e31300;\"><strong>\/ <\/strong><\/span>Indywidualna konfiguracja wszystkich wykres\u00f3w analizy danych i\u00a0wydruk\u00f3w<br \/><span style=\"color: #e31300;\"><strong>\/ <\/strong><\/span>Pe\u0142na integracja z\u00a0oprogramowaniem SCADA \u2013 bez\u00a0konieczno\u015bci instalowania dodatkowego oprogramowania<br \/><strong><span style=\"color: #e31300;\">\/ <\/span>System Automatycznego Sterowania Piecem SecoVac<\/strong><\/p>\n<h2>Funkcje Produkcyjne<\/h2>\n<p><span style=\"color: #e31300;\"><strong>\/ <\/strong><\/span>Przyjazne programowanie proces\u00f3w systemowych pieca<br \/><span style=\"color: #e31300;\"><strong>\/ <\/strong><\/span>Zaawansowane zarz\u0105dzanie procesami z\u00a0nieograniczon\u0105 liczb\u0105 receptur<br \/><span style=\"color: #e31300;\"><strong>\/ <\/strong><\/span>System zabezpiecza przed\u00a0b\u0142\u0119dnym doborem program\u00f3w technologicznych<\/p>\n<h2>Funkcje Operacyjne<\/h2>\n<p><span style=\"color: #e31300;\"><strong>\/ <\/strong><\/span>Liczniki czasu pracy, mo\u017cliwo\u015b\u0107 planowania przegl\u0105d\u00f3w okresowych<br \/><span style=\"color: #e31300;\"><strong>\/ <\/strong><\/span>Wiele j\u0119zyk\u00f3w<br \/><span style=\"color: #e31300;\"><strong>\/ <\/strong><\/span>Monitorowanie \u017cywotno\u015bci termopar<br \/><span style=\"color: #e31300;\"><strong>\/ <\/strong><\/span>Przechowywana historia pracy urz\u0105dzenia<br \/><span style=\"color: #e31300;\"><strong>\/ <\/strong><\/span>Monitorowanie zu\u017cycia medi\u00f3w, z\u00a0opcjonalnymi ostrze\u017ceniami o\u00a0uzupe\u0142nianiu<br \/><span style=\"color: #e31300;\"><strong>\/ <\/strong><\/span>Dwustopniowy alarm ostrzegawczy \u2013 kodowanie kolorami pozwala na\u00a0natychmiastow\u0105 identyfikacj\u0119 alarm\u00f3w<br \/><span style=\"color: #e31300;\"><strong>\/ <\/strong><\/span>\u0141atwe tworzenie kopii zapasowych systemu<\/p>\n<h2>Funkcje Zarz\u0105dzania<\/h2>\n<p><span style=\"color: #e31300;\"><strong>\/ <\/strong><\/span>Integracja z\u00a0systemami zarz\u0105dzania wy\u017cszego poziomu<br \/><span style=\"color: #e31300;\"><strong>\/ <\/strong><\/span>Bezpiecze\u0144stwo danych dzi\u0119ki r\u00f3\u017cnym poziomom dost\u0119pu u\u017cytkownika<br \/><span style=\"color: #e31300;\"><strong>\/ <\/strong><\/span>Optymalizacja produkcji na\u00a0podstawie zgromadzonych informacji<br \/><span style=\"color: #e31300;\"><strong>\/ <\/strong><\/span>Zmniejszone obci\u0105\u017cenie operatora dzi\u0119ki automatyzacji produkcji<br \/><span style=\"color: #e31300;\"><strong>\/ <\/strong><\/span>Programowalne op\u00f3\u017anienie czasu\/daty rozpocz\u0119cia procesu z\u00a0opcj\u0105 powiadomienia GSM (Globalny System Komunikacji Mobilnej).<br \/><span style=\"color: #e31300;\"><strong>\/ <\/strong><\/span>D\u0142ugoterminowa rejestracja danych i\u00a0zdalny dost\u0119p do\u00a0zarchiwizowanych informacji<br \/><span style=\"color: #e31300;\"><strong>\/ <\/strong><\/span>Przegl\u0105darka aplikacji zapewnia dost\u0119p do\u00a0danych \u201etylko do\u00a0odczytu\u201d.<\/p>\n<h2>Modele<\/h2>\n<p><span style=\"color: #e31300;\"><strong>\/ <\/strong><\/span>450x2000x3000 WxHxL<\/p>\n<h2>DEDYKOWANE URZ\u0104DZENIA POMOCNICZE<\/h2>\n<p><span style=\"color: #e31300;\"><strong>\/ <\/strong><\/span>\u0141adowarki r\u0119czne i\/lub automatyczne<br \/><span style=\"color: #e31300;\"><strong>\/ <\/strong><\/span>Oprzyrz\u0105dowanie ze\u00a0stali nierdzewnej<br \/><span style=\"color: #e31300;\"><strong>\/ <\/strong><\/span>Zamkni\u0119ty Uk\u0142ad Wody Ch\u0142odz\u0105cej (ZOWOCH)<br \/><span style=\"color: #e31300;\"><strong>\/ <\/strong><\/span>Zbiornik buforowy gazu<br \/><span style=\"color: #e31300;\"><strong>\/ <\/strong><\/span>Ochrona przed\u00a0ha\u0142asem uk\u0142adu pompowego<br \/><span style=\"color: #e31300;\"><strong>\/ <\/strong><\/span>System pomiaru punktu rosy na\u00a0wlocie gazu<br \/><span style=\"color: #e31300;\"><strong>\/ <\/strong><\/span>Kosz do\u00a0rozk\u0142adu temperatur lub Datapaq<br \/><span style=\"color: #e31300;\"><strong>\/ <\/strong><\/span>Oszcz\u0119dzaj\u0105cy czas zestaw cz\u0119\u015bci zamiennych<\/p>\n<p>[\/et_pb_tab][et_pb_tab title=&#8221;Opcje&#8221; _builder_version=&#8221;4.23.1&#8243; _module_preset=&#8221;default&#8221; global_colors_info=&#8221;{}&#8221;]<\/p>\n<h2>Opcje Systemu Sterowania<\/h2>\n<p><span style=\"color: #e31300;\"><strong>\/ <\/strong><\/span>Wyb\u00f3r systemu sterowania &#8211; PLC, IPC<br \/><span style=\"color: #e31300;\"><strong>\/ <\/strong><\/span>System sterowania zarz\u0105dzana moc\u0105<br \/><span style=\"color: #e31300;\"><strong>\/ <\/strong><\/span>Niezale\u017cny rejestrator danych<br \/><span style=\"color: #e31300;\"><strong>\/ <\/strong><\/span>Zdalne sterowanie i\u00a0monitoring<br \/><span style=\"color: #e31300;\"><strong>\/ <\/strong><\/span>Klimatyzowana szafa sterownicza<\/p>\n<p>[\/et_pb_tab][et_pb_tab title=&#8221;Materia\u0142y&#8221; _builder_version=&#8221;4.23.1&#8243; global_colors_info=&#8221;{}&#8221;]<\/p>\n<p><strong><span style=\"color: #ff0000;\">\/<\/span><\/strong> Stopy aluminium<\/p>\n<p>[\/et_pb_tab][et_pb_tab title=&#8221;Procesy&#8221; _builder_version=&#8221;4.23.1&#8243; global_colors_info=&#8221;{}&#8221;]<\/p>\n<p><span style=\"color: #e31300;\"><strong>\/ <\/strong><\/span>Specjalne<\/p>\n<p>[\/et_pb_tab][et_pb_tab title=&#8221;Przemys\u0142y&#8221; _builder_version=&#8221;4.23.1&#8243; global_colors_info=&#8221;{}&#8221;]<\/p>\n<p><span style=\"color: #e31300;\"><strong>\/ <\/strong><\/span>Samochodowy<br \/><span style=\"color: #e31300;\"><strong>\/ <\/strong><\/span>Maszynowy<\/p>\n<p>[\/et_pb_tab][et_pb_tab title=&#8221; &#8221; _builder_version=&#8221;4.23.1&#8243; _module_preset=&#8221;default&#8221; global_colors_info=&#8221;{}&#8221;]<\/p>\n<p><strong><span style=\"color: #dc291e;\">\/ <\/span><\/strong>Pr\u00f3\u017cnia jako atmosfera ochronna i&nbsp;technologiczna eliminuje konieczno\u015b\u0107 stosowania szkodliwych gaz\u00f3w procesowych i&nbsp;ich emisji do&nbsp;otoczenia<br \/><strong><span style=\"color: #dc291e;\">\/ <\/span><\/strong>Brak emisji CO\u2082, brak u\u017cycia paliw kopalnianych<br \/><strong><span style=\"color: #dc291e;\">\/ <\/span><\/strong>Zastosowanie gazu do&nbsp;ch\u0142odzenia (azot, argon), pozyskiwanego i&nbsp;zwracanego do&nbsp;powietrza, neutralnego dla \u015brodowiska<br \/><strong><span style=\"color: #dc291e;\">\/ <\/span><\/strong>Wzmocniona izolacja termiczna oszcz\u0119dza energi\u0119 elektryczn\u0105 (ok. 20 %)<br \/><strong><span style=\"color: #dc291e;\"> \/ <\/span><\/strong>Wysoka sprawno\u015b\u0107 energetyczna u\u017cytych komponent\u00f3w elektrycznych (silniki klasy IE3, sterowanie falownikowe, itp.)<br \/><strong><span style=\"color: #dc291e;\">\/ <\/span><\/strong>Zastosowanie system\u00f3w i&nbsp;algorytm\u00f3w ograniczaj\u0105cych zu\u017cycie czynnik\u00f3w energetycznych i&nbsp;technologicznych (system pompowy, grzania i&nbsp;ch\u0142odzenia)<br \/><strong><span style=\"color: #dc291e;\">\/ <\/span><\/strong>Brak emisji szkodliwych substancji<br \/><strong><span style=\"color: #dc291e;\">\/ <\/span><\/strong>Zmniejszenie deformacji hartowniczych i&nbsp;koszt\u00f3w obr\u00f3bki twardej (hard machining)<br \/><strong><span style=\"color: #dc291e;\">\/ <\/span><\/strong>Eliminacja mycia cz\u0119\u015bci po&nbsp;obr\u00f3bce cieplnej.<\/p>\n<p>[\/et_pb_tab][\/et_pb_tabs][et_pb_code _builder_version=&#8221;4.19.2&#8243; _module_preset=&#8221;default&#8221; saved_tabs=&#8221;all&#8221; global_colors_info=&#8221;{}&#8221;]<pee style=\"text-align: center;\"><a class=\"small-button smallred\" style=\"font-size: 20px; padding: 20px 60px;\" href=\"https:\/\/www.secowarwick.com\/pl\/zapytaj-o-oferte\/\"><span style=\"display: block; transform: skew(15deg,0deg); -webkit-transform: skew(15deg,0deg); font-size: 20px; !important\">DOWIEDZ SI\u0118 WI\u0118CEJ<\/span><\/a><\/pee>[\/et_pb_code][\/et_pb_column][et_pb_column type=&#8221;1_4&#8243; _builder_version=&#8221;4.16&#8243; custom_padding=&#8221;|||&#8221; global_colors_info=&#8221;{}&#8221; custom_padding__hover=&#8221;|||&#8221;][et_pb_gallery gallery_ids=&#8221;148180,148173&#8243; posts_number=&#8221;1&#8243; show_title_and_caption=&#8221;off&#8221; show_pagination=&#8221;off&#8221; zoom_icon_color=&#8221;#e2001a&#8221; module_class=&#8221;seco-products-gallery-new&#8221; _builder_version=&#8221;4.23.1&#8243; custom_css_overlay_icon=&#8221;content:&#8217;ZOBACZ GALERI\u0118&#8217; !important;&#8221; global_colors_info=&#8221;{}&#8221;][\/et_pb_gallery][et_pb_text admin_label=&#8221;btn_pl_premiumlibrary&#8221; module_class=&#8221;premium-library-button&#8221; _builder_version=&#8221;4.23.1&#8243; _module_preset=&#8221;default&#8221; text_orientation=&#8221;center&#8221; global_module=&#8221;157169&#8243; saved_tabs=&#8221;all&#8221; locked=&#8221;off&#8221; global_colors_info=&#8221;{}&#8221;]<\/p>\n<a href='https:\/\/www.secowarwick.com\/pl\/trescipremium\/' class='small-button smallred'><span>TRE\u015aCI PREMIUM<\/span><\/a>\n<p>[\/et_pb_text][et_pb_text admin_label=&#8221;R&#038;D PL&#8221; module_class=&#8221;product_widget_wrap_rd&#8221; _builder_version=&#8221;4.23.1&#8243; _module_preset=&#8221;default&#8221; text_orientation=&#8221;center&#8221; global_module=&#8221;165497&#8243; saved_tabs=&#8221;all&#8221; locked=&#8221;off&#8221; global_colors_info=&#8221;{}&#8221;]<\/p>\n<p><a href=\"https:\/\/www.secowarwick.com\/pl\/rd\/\"><span class=\"product_wigtet_name\">R&amp;D<\/span><\/a><\/p>\n<p>[\/et_pb_text][et_pb_text admin_label=&#8221;AUTOMATYKA PL&#8221; module_class=&#8221;product_widget_wrap_automation&#8221; _builder_version=&#8221;4.23.1&#8243; _module_preset=&#8221;default&#8221; global_module=&#8221;165495&#8243; saved_tabs=&#8221;all&#8221; locked=&#8221;off&#8221; global_colors_info=&#8221;{}&#8221;]<\/p>\n<p><a href=\"https:\/\/www.secowarwick.com\/pl\/service\/automatyka\/\"><span class=\"product_wigtet_name\">AUTOMATYKA<\/span><\/a><\/p>\n<p>[\/et_pb_text][et_pb_text admin_label=&#8221;SERVICE PL&#8221; module_class=&#8221;product_widget_wrap_service&#8221; _builder_version=&#8221;4.23.1&#8243; _module_preset=&#8221;default&#8221; global_module=&#8221;165500&#8243; saved_tabs=&#8221;all&#8221; locked=&#8221;off&#8221; global_colors_info=&#8221;{}&#8221;]<\/p>\n<p><a href=\"https:\/\/www.secowarwick.com\/pl\/profesjonalne-uslugi-serwisowe\/\"><span class=\"product_wigtet_name\">SERWIS<\/span><\/a><\/p>\n<p>[\/et_pb_text][et_pb_text admin_label=&#8221;SUPLEMENTALS PL&#8221; module_class=&#8221;product_widget_wrap_supleme&#8221; _builder_version=&#8221;4.23.1&#8243; _module_preset=&#8221;default&#8221; global_module=&#8221;165502&#8243; saved_tabs=&#8221;all&#8221; locked=&#8221;off&#8221; global_colors_info=&#8221;{}&#8221;]<\/p>\n<p><span class=\"product_wigtet_name\">DODATKOWE:<\/span><\/p>\n<p>[\/et_pb_text][et_pb_text admin_label=&#8221;Product brochure&#8221; module_class=&#8221;suplementals_product_brochure suplementals_wrap&#8221; _builder_version=&#8221;4.23.1&#8243; _module_preset=&#8221;default&#8221; hover_enabled=&#8221;0&#8243; locked=&#8221;off&#8221; global_colors_info=&#8221;{}&#8221; sticky_enabled=&#8221;0&#8243;]<\/p>\n<p><a href=\"https:\/\/www.secowarwick.com\/wp-content\/uploads\/2025\/10\/VAC-VAB-Line-WWW.pdf\" target=\"_blank\" rel=\"noopener\">Broszura produktu<\/a><\/p>\n<p>[\/et_pb_text][et_pb_text admin_label=&#8221;Katalog produkt\u00f3w vac pl&#8221; module_class=&#8221;suplementals_product_catalogue suplementals_wrap&#8221; _builder_version=&#8221;4.23.1&#8243; _module_preset=&#8221;default&#8221; global_module=&#8221;169522&#8243; saved_tabs=&#8221;all&#8221; locked=&#8221;off&#8221; global_colors_info=&#8221;{}&#8221;]<\/p>\n<p><a href=\"https:\/\/www.secowarwick.com\/wp-content\/uploads\/2025\/01\/VAC_catalogue_2024_web.pdf\" target=\"_blank\" rel=\"noopener\">Katalog produkt\u00f3w<\/a><\/p>\n<p>[\/et_pb_text][et_pb_text admin_label=&#8221;Product movie playlista&#8221; module_class=&#8221;suplementals_product_movie suplementals_wrap&#8221; _builder_version=&#8221;4.23.1&#8243; _module_preset=&#8221;default&#8221; global_module=&#8221;169535&#8243; saved_tabs=&#8221;all&#8221; locked=&#8221;off&#8221; global_colors_info=&#8221;{}&#8221;]<\/p>\n<p><a href=\"https:\/\/www.youtube.com\/playlist?list=PLa0hhW_hoQqEsIHM5LQtr9h_9UlwGFBO8\" target=\"_blank\" rel=\"noopener\">Film produktowy<\/a><\/p>\n<p>[\/et_pb_text][et_pb_text admin_label=&#8221;dnabook-pl&#8221; module_class=&#8221;suplementals_product_dna suplementals_wrap&#8221; _builder_version=&#8221;4.23.1&#8243; _module_preset=&#8221;default&#8221; global_module=&#8221;165509&#8243; saved_tabs=&#8221;all&#8221; locked=&#8221;off&#8221; global_colors_info=&#8221;{}&#8221;]<\/p>\n<p><a href=\"https:\/\/www.secowarwick.com\/wp-content\/uploads\/2025\/07\/DNA_BOOK.pdf\" target=\"_blank\" rel=\"noopener\">DNA\/BOOK<\/a><\/p>\n<p>[\/et_pb_text][et_pb_text admin_label=&#8221;ECO\/BOOK-pl&#8221; module_class=&#8221;suplementals_product_eco suplementals_wrap&#8221; _builder_version=&#8221;4.23.1&#8243; _module_preset=&#8221;default&#8221; global_module=&#8221;165511&#8243; saved_tabs=&#8221;all&#8221; locked=&#8221;off&#8221; global_colors_info=&#8221;{}&#8221;]<\/p>\n<p><a href=\"https:\/\/www.secowarwick.com\/wp-content\/uploads\/2023\/06\/ECOBOOK-2-1.pdf\" target=\"_blank\" rel=\"noopener\">ECO\/BOOK<\/a><\/p>\n<p>[\/et_pb_text][et_pb_text admin_label=&#8221;RFQ product widget pl&#8221; module_class=&#8221;product_widget_wrap_rfq-en&#8221; _builder_version=&#8221;4.23.1&#8243; _module_preset=&#8221;default&#8221; global_module=&#8221;186180&#8243; saved_tabs=&#8221;all&#8221; locked=&#8221;off&#8221; global_colors_info=&#8221;{}&#8221;]<\/p>\n<p style=\"text-align: center;\"><a class=\"small-button smallred\" href=\"https:\/\/www.secowarwick.com\/pl\/zapytaj-o-oferte\/\"><span class=\"product_wigtet_name\">ZAPYTAJ O&nbsp;OFERT\u0118<\/span><\/a><\/p>\n<p>[\/et_pb_text][\/et_pb_column][\/et_pb_row][\/et_pb_section]<\/p>\n","protected":false},"excerpt":{"rendered":"<p>[et_pb_breadcrumbs _builder_version=&#8221;3.6&#8243; global_colors_info=&#8221;{}&#8221;][\/et_pb_breadcrumbs]Piec pr\u00f3\u017cniowy do\u00a0odolejania Usuwania oleju pozosta\u0142ego z\u00a0procesu formowania lub t\u0142oczenia cz\u0119\u015bci, przed\u00a0dalsza obr\u00f3bk\u0105 ciepln\u0105. System pr\u00f3\u017cniowy do\u00a0odolejania s\u0142u\u017cy do\u00a0usuwania oleju pozosta\u0142ego z\u00a0procesu formowania lub t\u0142oczenia cz\u0119\u015bci. Wykonywany jest przed\u00a0dalsz\u0105 obr\u00f3bk\u0105 ciepln\u0105, najcz\u0119\u015bciej lutowaniem. Operacja ta\u00a0jest niezb\u0119dna, aby zapewni\u0107 odpowiedni\u0105 czysto\u015b\u0107 cz\u0119\u015bci, przed\u00a0procesem lutowania. Usuwanie oleju polega na\u00a0podgrzaniu cz\u0119\u015bci do\u00a0temperatury parowania oleju w\u00a0podci\u015bnieniu. Temperatura [&hellip;]<\/p>\n","protected":false},"author":2,"featured_media":148023,"parent":7225,"menu_order":0,"comment_status":"closed","ping_status":"closed","template":"","meta":{"_acf_changed":false,"_et_pb_use_builder":"on","_et_pb_old_content":"","_et_gb_content_width":"","footnotes":""},"class_list":["post-147188","page","type-page","status-publish","has-post-thumbnail"],"acf":[],"_links":{"self":[{"href":"https:\/\/www.secowarwick.com\/pl\/wp-json\/wp\/v2\/pages\/147188","targetHints":{"allow":["GET"]}}],"collection":[{"href":"https:\/\/www.secowarwick.com\/pl\/wp-json\/wp\/v2\/pages"}],"about":[{"href":"https:\/\/www.secowarwick.com\/pl\/wp-json\/wp\/v2\/types\/page"}],"author":[{"embeddable":true,"href":"https:\/\/www.secowarwick.com\/pl\/wp-json\/wp\/v2\/users\/2"}],"replies":[{"embeddable":true,"href":"https:\/\/www.secowarwick.com\/pl\/wp-json\/wp\/v2\/comments?post=147188"}],"version-history":[{"count":43,"href":"https:\/\/www.secowarwick.com\/pl\/wp-json\/wp\/v2\/pages\/147188\/revisions"}],"predecessor-version":[{"id":186561,"href":"https:\/\/www.secowarwick.com\/pl\/wp-json\/wp\/v2\/pages\/147188\/revisions\/186561"}],"up":[{"embeddable":true,"href":"https:\/\/www.secowarwick.com\/pl\/wp-json\/wp\/v2\/pages\/7225"}],"wp:featuredmedia":[{"embeddable":true,"href":"https:\/\/www.secowarwick.com\/pl\/wp-json\/wp\/v2\/media\/148023"}],"wp:attachment":[{"href":"https:\/\/www.secowarwick.com\/pl\/wp-json\/wp\/v2\/media?parent=147188"}],"curies":[{"name":"wp","href":"https:\/\/api.w.org\/{rel}","templated":true}]}}