{"id":147623,"date":"2023-10-17T11:17:21","date_gmt":"2023-10-17T09:17:21","guid":{"rendered":"https:\/\/www.secowarwick.com\/seco-deals\/black-friday\/"},"modified":"2023-11-14T09:33:50","modified_gmt":"2023-11-14T08:33:50","slug":"black-friday","status":"publish","type":"page","link":"https:\/\/www.secowarwick.com\/pl\/seco-deals-old\/black-friday\/","title":{"rendered":"OFERTA BLACK FRIDAY W SECO\/WARWICK"},"content":{"rendered":"<p>[et_pb_section fb_built=&#8221;1&#8243; _builder_version=&#8221;4.16&#8243; custom_margin=&#8221;0px|||&#8221; custom_padding=&#8221;0px|||&#8221; global_colors_info=&#8221;{}&#8221;][et_pb_row _builder_version=&#8221;4.16&#8243; background_size=&#8221;initial&#8221; background_position=&#8221;top_left&#8221; background_repeat=&#8221;repeat&#8221; global_colors_info=&#8221;{}&#8221;][et_pb_column type=&#8221;4_4&#8243; _builder_version=&#8221;4.16&#8243; custom_padding=&#8221;|||&#8221; global_colors_info=&#8221;{}&#8221; custom_padding__hover=&#8221;|||&#8221;][et_pb_image src=&#8221;https:\/\/www.secowarwick.com\/wp-content\/uploads\/2023\/10\/blackfriday-2023.jpg&#8221; alt=&#8221;Black Friday 2023 SECO\/WARWICK&#8221; title_text=&#8221;2023BlackFriday&#8221; align_tablet=&#8221;center&#8221; align_phone=&#8221;&#8221; align_last_edited=&#8221;on|desktop&#8221; _builder_version=&#8221;4.19.2&#8243; animation_style=&#8221;slide&#8221; animation_direction=&#8221;bottom&#8221; global_colors_info=&#8221;{}&#8221;][\/et_pb_image][et_pb_text admin_label=&#8221;Text&#8221; module_class=&#8221;hunt&#8221; _builder_version=&#8221;4.19.2&#8243; custom_margin=&#8221;40px|||&#8221; custom_margin_tablet=&#8221;&#8221; custom_margin_phone=&#8221;20px|||&#8221; custom_margin_last_edited=&#8221;on|phone&#8221; animation_style=&#8221;fade&#8221; global_colors_info=&#8221;{}&#8221;]<\/p>\n<h2>\u00a0<\/h2>\n<h2 style=\"text-align: center;\"><span class=\"TextRun SCXW252390214 BCX0\" lang=\"PL-PL\" xml:lang=\"PL-PL\" data-contrast=\"auto\"><span class=\"NormalTextRun SCXW252390214 BCX0\">Na celowniku najlepsze oferty SECO\/WARWICK<\/span><\/span>:<\/h2>\n<p>&nbsp;<\/p>\n<p style=\"text-align: center;\"><strong><span style=\"font-size: 14pt; color: #000000;\"><span class=\"TextRun SCXW219964203 BCX0\" lang=\"PL-PL\" xml:lang=\"PL-PL\" data-contrast=\"auto\"><span class=\"NormalTextRun SCXW219964203 BCX0\">OFERTA<\/span><\/span> <span style=\"color: #dc291e;\">|<\/span> <span class=\"TextRun SCXW219964203 BCX0\" lang=\"PL-PL\" xml:lang=\"PL-PL\" data-contrast=\"auto\"><span class=\"NormalTextRun SCXW219964203 BCX0\">PRODUKT<\/span><\/span> <span style=\"color: #dc291e;\">|<\/span> <span class=\"TextRun SCXW219964203 BCX0\" lang=\"PL-PL\" xml:lang=\"PL-PL\" data-contrast=\"auto\"><span class=\"NormalTextRun SCXW219964203 BCX0\">CZAS<\/span><\/span> <\/span><\/strong><\/p>\n<p style=\"text-align: center;\"><span class=\"TextRun SCXW166745661 BCX0\" lang=\"PL-PL\" xml:lang=\"PL-PL\" data-contrast=\"auto\"><span class=\"NormalTextRun SCXW166745661 BCX0\">Ustrzel <\/span><span class=\"NormalTextRun SCXW166745661 BCX0\">najlepsz\u0105 ofert\u0119<\/span><span class=\"NormalTextRun SCXW166745661 BCX0\"> sprzeda\u017cow\u0105<\/span><span class=\"NormalTextRun SCXW166745661 BCX0\"> piec<\/span><span class=\"NormalTextRun SCXW166745661 BCX0\">\u00f3w <\/span><span class=\"NormalTextRun SCXW166745661 BCX0\">pr\u00f3\u017cniow<\/span><span class=\"NormalTextRun SCXW166745661 BCX0\">ych<\/span><span class=\"NormalTextRun SCXW166745661 BCX0\"> SECO\/WARWICK<\/span><span class=\"NormalTextRun SCXW166745661 BCX0\">!<\/span><span class=\"NormalTextRun SCXW166745661 BCX0\"> Dobrze wyceluj <\/span><span class=\"NormalTextRun SCXW166745661 BCX0\">jeszcze przed szale\u0144stwem Black <\/span><span class=\"NormalTextRun SpellingErrorV2Themed SCXW166745661 BCX0\">Friday<\/span><span class=\"NormalTextRun SCXW166745661 BCX0\">. Zyskaj <\/span><span class=\"NormalTextRun SCXW166745661 BCX0\">teraz<\/span><span class=\"NormalTextRun SCXW166745661 BCX0\">!\u00a0<\/span><\/span><\/p>\n<p style=\"text-align: center;\"><span class=\"TextRun SCXW268190951 BCX0\" lang=\"PL-PL\" xml:lang=\"PL-PL\" data-contrast=\"auto\"><span class=\"NormalTextRun SCXW268190951 BCX0\">Co zyskujesz kupuj\u0105c <\/span><span class=\"NormalTextRun SCXW268190951 BCX0\">piece pr\u00f3\u017cniowe VECTOR w specjalnej ofercie BLACK FRIDAY SECO\/WARWICK?<\/span><\/span><span class=\"EOP SCXW268190951 BCX0\" data-ccp-props=\"{&quot;201341983&quot;:0,&quot;335559739&quot;:160,&quot;335559740&quot;:259}\">\u00a0<\/span><\/p>\n<h3 style=\"text-align: center;\">\u00a0<\/h3>\n<p>[\/et_pb_text][\/et_pb_column][\/et_pb_row][et_pb_row column_structure=&#8221;1_3,1_3,1_3&#8243; _builder_version=&#8221;4.19.2&#8243; _module_preset=&#8221;default&#8221; width_tablet=&#8221;100%&#8221; width_phone=&#8221;100%&#8221; width_last_edited=&#8221;on|tablet&#8221; max_width=&#8221;900px&#8221; module_alignment=&#8221;center&#8221; custom_margin=&#8221;||||false|false&#8221; custom_padding=&#8221;||60px||false|false&#8221; global_colors_info=&#8221;{}&#8221;][et_pb_column type=&#8221;1_3&#8243; _builder_version=&#8221;4.19.2&#8243; _module_preset=&#8221;default&#8221; global_colors_info=&#8221;{}&#8221;][et_pb_blurb title=&#8221;CZAS&#8221; image=&#8221;https:\/\/www.secowarwick.com\/wp-content\/uploads\/2023\/10\/clock-1.png&#8221; alt=&#8221;save your time&#8221; image_icon_width=&#8221;60%&#8221; _builder_version=&#8221;4.19.2&#8243; header_font=&#8221;|800|||||||&#8221; header_text_align=&#8221;center&#8221; header_font_size=&#8221;16&#8243; body_font=&#8221;||||||||&#8221; text_orientation=&#8221;center&#8221; custom_margin=&#8221;-14px|||&#8221; locked=&#8221;off&#8221; global_colors_info=&#8221;{}&#8221;]<\/p>\n<p><span class=\"NormalTextRun SCXW216349708 BCX0\">Szybszy ni\u017c zwykle czas dostawy<\/span><span class=\"NormalTextRun SCXW216349708 BCX0\">, piec mo\u017ce by\u0107 Tw\u00f3j od <\/span><span class=\"NormalTextRun SCXW216349708 BCX0\">zaraz<\/span><\/p>\n<p>[\/et_pb_blurb][\/et_pb_column][et_pb_column type=&#8221;1_3&#8243; _builder_version=&#8221;4.19.2&#8243; _module_preset=&#8221;default&#8221; global_colors_info=&#8221;{}&#8221;][et_pb_blurb title=&#8221;PIENI\u0104DZE&#8221; image=&#8221;https:\/\/www.secowarwick.com\/wp-content\/uploads\/2023\/10\/save-money-1.png&#8221; alt=&#8221;save your money&#8221; image_icon_width=&#8221;60%&#8221; _builder_version=&#8221;4.19.2&#8243; header_font=&#8221;|800|||||||&#8221; header_text_align=&#8221;center&#8221; header_font_size=&#8221;16&#8243; body_font=&#8221;||||||||&#8221; text_orientation=&#8221;center&#8221; custom_margin=&#8221;-14px|||&#8221; locked=&#8221;off&#8221; global_colors_info=&#8221;{}&#8221;]<\/p>\n<p><span class=\"NormalTextRun SCXW163446888 BCX0\">M<\/span><span class=\"NormalTextRun SCXW163446888 BCX0\">niejsz<\/span><span class=\"NormalTextRun SCXW163446888 BCX0\">e<\/span><span class=\"NormalTextRun SCXW163446888 BCX0\"> koszty przestoju<\/span><span class=\"NormalTextRun SCXW163446888 BCX0\"> i zachowanie ci\u0105g\u0142o\u015bci <\/span><span class=\"NormalTextRun SCXW163446888 BCX0\">produkcji<\/span><\/p>\n<p>[\/et_pb_blurb][\/et_pb_column][et_pb_column type=&#8221;1_3&#8243; _builder_version=&#8221;4.19.2&#8243; _module_preset=&#8221;default&#8221; global_colors_info=&#8221;{}&#8221;][et_pb_blurb title=&#8221;SPOK\u00d3J&#8221; image=&#8221;https:\/\/www.secowarwick.com\/wp-content\/uploads\/2023\/10\/target-1.png&#8221; alt=&#8221;peace of mind&#8221; image_icon_width=&#8221;60%&#8221; _builder_version=&#8221;4.19.2&#8243; header_font=&#8221;|800|||||||&#8221; header_text_align=&#8221;center&#8221; header_font_size=&#8221;16&#8243; body_font=&#8221;||||||||&#8221; text_orientation=&#8221;center&#8221; custom_margin=&#8221;-14px|||&#8221; locked=&#8221;off&#8221; global_colors_info=&#8221;{}&#8221;]<\/p>\n<p><span class=\"NormalTextRun SCXW177040761 BCX0\">Nowa, lepsza wydajno\u015b\u0107<\/span><span class=\"NormalTextRun SCXW177040761 BCX0\">,<\/span><span class=\"NormalTextRun SCXW177040761 BCX0\"> dzi\u0119ki piecom pr\u00f3\u017cniowym <\/span><span class=\"NormalTextRun SpellingErrorV2Themed SpellingErrorHighlight SCXW177040761 BCX0\">Vector<\/span><\/p>\n<p>[\/et_pb_blurb][\/et_pb_column][\/et_pb_row][et_pb_row column_structure=&#8221;1_2,1_2&#8243; _builder_version=&#8221;4.19.2&#8243; _module_preset=&#8221;default&#8221; global_colors_info=&#8221;{}&#8221;][et_pb_column type=&#8221;1_2&#8243; _builder_version=&#8221;4.19.2&#8243; _module_preset=&#8221;default&#8221; global_colors_info=&#8221;{}&#8221;][et_pb_text _builder_version=&#8221;4.19.2&#8243; custom_margin_tablet=&#8221;&#8221; custom_margin_phone=&#8221;10px|||&#8221; custom_margin_last_edited=&#8221;on|phone&#8221; custom_css_main_element=&#8221;z-index: 99 !important;&#8221; global_colors_info=&#8221;{}&#8221;]<\/p>\n<h2 style=\"text-align: center;\"><span style=\"color: #000000;\"><strong>BLACK FRIDAY AMERYKA<\/strong><\/span><\/h2>\n<p>[\/et_pb_text][et_pb_image src=&#8221;https:\/\/www.secowarwick.com\/wp-content\/uploads\/2023\/10\/A-top-shelf-well-equipped-vacuum-furnace-popular-in-Europe-1.jpg&#8221; alt=&#8221;Dedicated to the American market&#8221; title_text=&#8221;vacuum furnace india&#8221; url_new_window=&#8221;on&#8221; align_tablet=&#8221;center&#8221; align_phone=&#8221;&#8221; align_last_edited=&#8221;on|desktop&#8221; _builder_version=&#8221;4.19.2&#8243; custom_margin=&#8221;-42px|||&#8221; animation_style=&#8221;slide&#8221; animation_direction=&#8221;bottom&#8221; global_colors_info=&#8221;{}&#8221;][\/et_pb_image][et_pb_text _builder_version=&#8221;4.19.2&#8243; custom_margin_tablet=&#8221;&#8221; custom_margin_phone=&#8221;10px|||&#8221; custom_margin_last_edited=&#8221;on|phone&#8221; custom_css_main_element=&#8221;z-index: 99 !important;&#8221; global_colors_info=&#8221;{}&#8221;]<\/p>\n<h3 style=\"text-align: center;\"><span data-contrast=\"auto\">Dedykowany na rynek ameryka\u0144ski i spe\u0142niaj\u0105cy ameryka\u0144skie wymagania, <\/span><span data-contrast=\"auto\">ekonomiczny piec pr\u00f3\u017cniowy.<\/span><span data-ccp-props=\"{&quot;201341983&quot;:2,&quot;335559739&quot;:0,&quot;335559740&quot;:288}\">\u00a0<\/span><\/h3>\n<p>[\/et_pb_text][et_pb_text _builder_version=&#8221;4.19.2&#8243; _module_preset=&#8221;default&#8221; custom_margin=&#8221;|200px|||false|false&#8221; locked=&#8221;off&#8221; global_colors_info=&#8221;{}&#8221;]<\/p>\n<p style=\"text-align: right;\"><a class=\"small-button smallred\" style=\"font-size: 16px; padding: 10px 30px;\" href=\"https:\/\/www.secovacusa.com\/product\/vector-for-sale\"><span style=\"display: block; transform: skew(15deg,0deg); -webkit-transform: skew(15deg,0deg); font-size: 16px;\">WI\u0118CEJ <\/span><\/a><\/p>\n<p>[\/et_pb_text][\/et_pb_column][et_pb_column type=&#8221;1_2&#8243; _builder_version=&#8221;4.19.2&#8243; _module_preset=&#8221;default&#8221; global_colors_info=&#8221;{}&#8221;][et_pb_text _builder_version=&#8221;4.19.2&#8243; custom_margin_tablet=&#8221;&#8221; custom_margin_phone=&#8221;10px|||&#8221; custom_margin_last_edited=&#8221;on|phone&#8221; custom_css_main_element=&#8221;z-index: 99 !important;&#8221; global_colors_info=&#8221;{}&#8221;]<\/p>\n<h2 style=\"text-align: center;\"><span style=\"color: #000000;\"><strong>BLACK FRIDAY EUROPA I INDIE<\/strong><\/span><\/h2>\n<p>[\/et_pb_text][et_pb_image src=&#8221;https:\/\/www.secowarwick.com\/wp-content\/uploads\/2023\/10\/Dedicated-to-the-American-market-1.jpg&#8221; alt=&#8221;A top shelf well-equipped vacuum furnace popular in Europe&#8221; title_text=&#8221;vacuum furnace america&#8221; url_new_window=&#8221;on&#8221; align_tablet=&#8221;center&#8221; align_phone=&#8221;&#8221; align_last_edited=&#8221;on|desktop&#8221; _builder_version=&#8221;4.19.2&#8243; custom_margin=&#8221;-42px|||&#8221; animation_style=&#8221;slide&#8221; animation_direction=&#8221;bottom&#8221; global_colors_info=&#8221;{}&#8221;][\/et_pb_image][et_pb_text _builder_version=&#8221;4.19.2&#8243; animation_style=&#8221;fade&#8221; animation_delay=&#8221;400ms&#8221; global_colors_info=&#8221;{}&#8221;]<\/p>\n<h3 style=\"text-align: center;\"><span class=\"TextRun SCXW220921202 BCX0\" lang=\"PL-PL\" xml:lang=\"PL-PL\" data-contrast=\"auto\"><span class=\"NormalTextRun SCXW220921202 BCX0\">Popularny w Europie<\/span><span class=\"NormalTextRun SCXW220921202 BCX0\">, doskona\u0142y na rynek indyjski<\/span><span class=\"NormalTextRun SCXW220921202 BCX0\"> bogato wyposa\u017cony piec pr\u00f3\u017cniowy z najwy\u017cszej p\u00f3\u0142ki<\/span><span class=\"NormalTextRun SCXW220921202 BCX0\">.<\/span><\/span><span class=\"EOP SCXW220921202 BCX0\" data-ccp-props=\"{&quot;201341983&quot;:2,&quot;335559739&quot;:0,&quot;335559740&quot;:288}\">\u00a0<\/span><\/h3>\n<p>[\/et_pb_text][et_pb_text _builder_version=&#8221;4.19.2&#8243; _module_preset=&#8221;default&#8221; custom_margin=&#8221;|200px|||false|false&#8221; hover_enabled=&#8221;0&#8243; locked=&#8221;off&#8221; global_colors_info=&#8221;{}&#8221; sticky_enabled=&#8221;0&#8243;]<\/p>\n<p style=\"text-align: right;\"><a class=\"small-button smallred\" style=\"font-size: 16px; padding: 10px 30px;\" href=\"https:\/\/www.secowarwick.com\/wp-content\/uploads\/2023\/11\/2023_Black-Friday_Offerta_v2.pdf\" target=\"_blank\" rel=\"noopener\"><span style=\"display: block; transform: skew(15deg,0deg); -webkit-transform: skew(15deg,0deg); font-size: 16px;\"> WI\u0118CEJ <\/span><\/a><\/p>\n<p>[\/et_pb_text][\/et_pb_column][\/et_pb_row][et_pb_row _builder_version=&#8221;4.16&#8243; _module_preset=&#8221;default&#8221; global_colors_info=&#8221;{}&#8221;][et_pb_column type=&#8221;4_4&#8243; _builder_version=&#8221;4.16&#8243; _module_preset=&#8221;default&#8221; global_colors_info=&#8221;{}&#8221;][et_pb_text _builder_version=&#8221;4.19.2&#8243; animation_style=&#8221;fade&#8221; animation_delay=&#8221;400ms&#8221; global_colors_info=&#8221;{}&#8221;]<\/p>\n<h3 style=\"text-align: center;\"><span style=\"color: #dc291e;\">SKONSULTUJ SI\u0118 Z NASZYM ZESPO\u0141EM!<\/span><\/h3>\n<p>[\/et_pb_text][et_pb_image src=&#8221;https:\/\/www.secowarwick.com\/wp-content\/uploads\/2023\/09\/arrow2.png&#8221; alt=&#8221;Strza\u0142ka&#8221; title_text=&#8221;arrow2&#8243; _builder_version=&#8221;4.19.2&#8243; _module_preset=&#8221;default&#8221; custom_margin=&#8221;|||570px|false|false&#8221; global_colors_info=&#8221;{}&#8221;][\/et_pb_image][\/et_pb_column][\/et_pb_row][et_pb_row _builder_version=&#8221;4.16&#8243; _module_preset=&#8221;default&#8221; global_colors_info=&#8221;{}&#8221;][et_pb_column type=&#8221;4_4&#8243; _builder_version=&#8221;4.16&#8243; _module_preset=&#8221;default&#8221; global_colors_info=&#8221;{}&#8221;][et_pb_code _builder_version=&#8221;4.19.2&#8243; _module_preset=&#8221;default&#8221; saved_tabs=&#8221;all&#8221; global_colors_info=&#8221;{}&#8221;]<pee style=\"text-align: center;\"><a class=\"small-button smallred\" style=\"font-size: 20px; padding: 20px 60px;\" href=\"https:\/\/www.secowarwick.com\/pl\/zapytaj-o-oferte\/\"><span style=\"display: block; transform: skew(15deg,0deg); -webkit-transform: skew(15deg,0deg); font-size: 20px; !important\">DOWIEDZ SI\u0118 WI\u0118CEJ<\/span><\/a><\/pee>[\/et_pb_code][\/et_pb_column][\/et_pb_row][\/et_pb_section]<\/p>\n","protected":false},"excerpt":{"rendered":"<p>\u00a0 Na celowniku najlepsze oferty SECO\/WARWICK: &nbsp; OFERTA | PRODUKT | CZAS Ustrzel najlepsz\u0105 ofert\u0119 sprzeda\u017cow\u0105 piec\u00f3w pr\u00f3\u017cniowych SECO\/WARWICK! Dobrze wyceluj jeszcze przed szale\u0144stwem Black Friday. Zyskaj teraz!\u00a0 Co zyskujesz kupuj\u0105c piece pr\u00f3\u017cniowe VECTOR w specjalnej ofercie BLACK FRIDAY SECO\/WARWICK?\u00a0 \u00a0Szybszy ni\u017c zwykle czas dostawy, piec mo\u017ce by\u0107 Tw\u00f3j od zarazMniejsze koszty przestoju i zachowanie [&hellip;]<\/p>\n","protected":false},"author":2,"featured_media":0,"parent":84827,"menu_order":0,"comment_status":"closed","ping_status":"closed","template":"","meta":{"_acf_changed":false,"_et_pb_use_builder":"on","_et_pb_old_content":"","_et_gb_content_width":"","footnotes":""},"class_list":["post-147623","page","type-page","status-publish"],"acf":[],"_links":{"self":[{"href":"https:\/\/www.secowarwick.com\/pl\/wp-json\/wp\/v2\/pages\/147623","targetHints":{"allow":["GET"]}}],"collection":[{"href":"https:\/\/www.secowarwick.com\/pl\/wp-json\/wp\/v2\/pages"}],"about":[{"href":"https:\/\/www.secowarwick.com\/pl\/wp-json\/wp\/v2\/types\/page"}],"author":[{"embeddable":true,"href":"https:\/\/www.secowarwick.com\/pl\/wp-json\/wp\/v2\/users\/2"}],"replies":[{"embeddable":true,"href":"https:\/\/www.secowarwick.com\/pl\/wp-json\/wp\/v2\/comments?post=147623"}],"version-history":[{"count":19,"href":"https:\/\/www.secowarwick.com\/pl\/wp-json\/wp\/v2\/pages\/147623\/revisions"}],"predecessor-version":[{"id":149042,"href":"https:\/\/www.secowarwick.com\/pl\/wp-json\/wp\/v2\/pages\/147623\/revisions\/149042"}],"up":[{"embeddable":true,"href":"https:\/\/www.secowarwick.com\/pl\/wp-json\/wp\/v2\/pages\/84827"}],"wp:attachment":[{"href":"https:\/\/www.secowarwick.com\/pl\/wp-json\/wp\/v2\/media?parent=147623"}],"curies":[{"name":"wp","href":"https:\/\/api.w.org\/{rel}","templated":true}]}}