{"id":147644,"date":"2023-10-23T06:43:29","date_gmt":"2023-10-23T04:43:29","guid":{"rendered":"https:\/\/www.secowarwick.com\/?page_id=147644"},"modified":"2023-10-23T09:20:22","modified_gmt":"2023-10-23T07:20:22","slug":"nagroda-gospodarcza-lubuskie-2023","status":"publish","type":"page","link":"https:\/\/www.secowarwick.com\/pl\/ospolce\/nagrody-i-wyroznienia\/nagroda-gospodarcza-lubuskie-2023\/","title":{"rendered":"Nagroda Gospodarcza"},"content":{"rendered":"<p>[et_pb_section fb_built=&#8221;1&#8243; _builder_version=&#8221;4.16&#8243; global_colors_info=&#8221;{}&#8221;][et_pb_row _builder_version=&#8221;4.16&#8243; background_size=&#8221;initial&#8221; background_position=&#8221;top_left&#8221; background_repeat=&#8221;repeat&#8221; global_colors_info=&#8221;{}&#8221;][et_pb_column type=&#8221;4_4&#8243; _builder_version=&#8221;4.16&#8243; custom_padding=&#8221;|||&#8221; global_colors_info=&#8221;{}&#8221; custom_padding__hover=&#8221;|||&#8221;][et_pb_text _builder_version=&#8221;4.19.2&#8243; background_size=&#8221;initial&#8221; background_position=&#8221;top_left&#8221; background_repeat=&#8221;repeat&#8221; hover_enabled=&#8221;0&#8243; global_colors_info=&#8221;{}&#8221; sticky_enabled=&#8221;0&#8243;]<\/p>\n<h3>W czwartek, 5 pa\u017adziernika, w Teatrze Lubuskim, wr\u0119czono\u202fNagrody Gospodarcze Marsza\u0142ka Wojew\u00f3dztwa Lubuskiego.\u202fGala wr\u0119czenia nagr\u00f3d by\u0142a fina\u0142em najwa\u017cniejszego gospodarczego wydarzenia roku w regionie \u2013 <strong>Kongresu Gospodarczego Lubuskie 2023.<\/strong><\/h3>\n<p>&nbsp;<\/p>\n<p><img decoding=\"async\" class=\"wp-image-147629 size-large aligncenter\" src=\"https:\/\/www.secowarwick.com\/wp-content\/uploads\/2023\/10\/nagroda-gospodarcza-1024x567.jpg\" alt=\"Innowacyjne Du\u017ce Przedsi\u0119biorstwo\" width=\"1024\" height=\"567\" srcset=\"https:\/\/www.secowarwick.com\/wp-content\/uploads\/2023\/10\/nagroda-gospodarcza-1024x567.jpg 1024w, https:\/\/www.secowarwick.com\/wp-content\/uploads\/2023\/10\/nagroda-gospodarcza-980x543.jpg 980w, https:\/\/www.secowarwick.com\/wp-content\/uploads\/2023\/10\/nagroda-gospodarcza-480x266.jpg 480w\" sizes=\"(min-width: 0px) and (max-width: 480px) 480px, (min-width: 481px) and (max-width: 980px) 980px, (min-width: 981px) 1024px, 100vw\" \/><\/p>\n<p>Z ogromn\u0105 rado\u015bci\u0105 og\u0142aszamy, \u017ce Dru\u017cyna SECO\/WARWICK walczy\u0142a konkursie o <strong>nagrod\u0119 w kategorii &#8222;Innowacyjne Du\u017ce Przedsi\u0119biorstwo&#8221; i zaj\u0119\u0142a miejsce na podium, tj. drugie miejsce!<\/strong><\/p>\n<p>Sz\u00f3sta edycja konkursu, po raz kolejny organizowana we wsp\u00f3\u0142pracy z\u202fBankiem Gospodarstwa Krajowego Region Lubuski, mia\u0142a na celu nagrodzenie i promocj\u0119 innowacyjnych firm, produkt\u00f3w, technologii i us\u0142ug, a tak\u017ce innych nowoczesnych rozwi\u0105za\u0144 wp\u0142ywaj\u0105cych na rozw\u00f3j spo\u0142eczno-gospodarczy Wojew\u00f3dztwa Lubuskiego. W tym roku nagrody by\u0142y przyznawane w 4 kategoriach: innowacyjne mikro, ma\u0142e, \u015brednie oraz du\u017ce przedsi\u0119biorstwo, a startowa\u0107 mog\u0142y wszystkie firmy z wojew\u00f3dztwa lubuskiego.<\/p>\n<p><span class=\"TextRun SCXW40671914 BCX0\" lang=\"PL-PL\" xml:lang=\"PL-PL\" data-contrast=\"auto\"><span class=\"NormalTextRun SCXW40671914 BCX0\">To dla nas bardzo wa\u017cne wyr\u00f3\u017cnienie, kt\u00f3re nap\u0119dza do jeszcze lepszej pracy, poszukiwania nowych \u015bcie\u017cek rozwoju, nowych innowacji i technologii. Nie tylko na rynku lokalnym, ale tak\u017ce na arenie mi\u0119dzynarodowej.<\/span><\/span><span class=\"EOP SCXW40671914 BCX0\" data-ccp-props=\"{&quot;201341983&quot;:0,&quot;335559739&quot;:0,&quot;335559740&quot;:240}\">\u00a0<\/span><\/p>\n<p>[\/et_pb_text][\/et_pb_column][\/et_pb_row][\/et_pb_section]<\/p>\n","protected":false},"excerpt":{"rendered":"<p>W czwartek, 5 pa\u017adziernika, w Teatrze Lubuskim, wr\u0119czono\u202fNagrody Gospodarcze Marsza\u0142ka Wojew\u00f3dztwa Lubuskiego.\u202fGala wr\u0119czenia nagr\u00f3d by\u0142a fina\u0142em najwa\u017cniejszego gospodarczego wydarzenia roku w regionie \u2013 Kongresu Gospodarczego Lubuskie 2023. &nbsp; Z ogromn\u0105 rado\u015bci\u0105 og\u0142aszamy, \u017ce Dru\u017cyna SECO\/WARWICK walczy\u0142a konkursie o nagrod\u0119 w kategorii &#8222;Innowacyjne Du\u017ce Przedsi\u0119biorstwo&#8221; i zaj\u0119\u0142a miejsce na podium, tj. drugie miejsce! Sz\u00f3sta edycja konkursu, [&hellip;]<\/p>\n","protected":false},"author":2,"featured_media":147632,"parent":6722,"menu_order":0,"comment_status":"closed","ping_status":"closed","template":"","meta":{"_acf_changed":false,"_et_pb_use_builder":"on","_et_pb_old_content":"<h3>W czwartek, 5 pa\u017adziernika, w Teatrze Lubuskim, wr\u0119czono\u202fNagrody Gospodarcze Marsza\u0142ka Wojew\u00f3dztwa Lubuskiego.\u202fGala wr\u0119czenia nagr\u00f3d by\u0142a fina\u0142em najwa\u017cniejszego gospodarczego wydarzenia roku w regionie \u2013 <strong>Kongresu Gospodarczego Lubuskie 2023.<\/strong><\/h3><p><img class=\"wp-image-147629 size-large aligncenter\" src=\"https:\/\/www.secowarwick.com\/wp-content\/uploads\/2023\/10\/nagroda-gospodarcza-1024x567.jpg\" alt=\"Innowacyjne Du\u017ce Przedsi\u0119biorstwo\" width=\"1024\" height=\"567\" \/><\/p><p>Z ogromn\u0105 rado\u015bci\u0105 og\u0142aszamy, \u017ce Dru\u017cyna SECO\/WARWICK walczy\u0142a konkursie o <strong>nagrod\u0119 w kategorii \"Innowacyjne Du\u017ce Przedsi\u0119biorstwo\" i zaj\u0119\u0142a miejsce na podium, tj. drugie miejsce!<\/strong><\/p><p>Sz\u00f3sta edycja konkursu, po raz kolejny organizowana we wsp\u00f3\u0142pracy z\u202fBankiem Gospodarstwa Krajowego Region Lubuski, mia\u0142a na celu nagrodzenie i promocj\u0119 innowacyjnych firm, produkt\u00f3w, technologii i us\u0142ug, a tak\u017ce innych nowoczesnych rozwi\u0105za\u0144 wp\u0142ywaj\u0105cych na rozw\u00f3j spo\u0142eczno-gospodarczy Wojew\u00f3dztwa Lubuskiego. W tym roku nagrody by\u0142y przyznawane w 4 kategoriach: innowacyjne mikro, ma\u0142e, \u015brednie oraz du\u017ce przedsi\u0119biorstwo, a startowa\u0107 mog\u0142y wszystkie firmy z wojew\u00f3dztwa lubuskiego.<\/p><p><span class=\"TextRun SCXW40671914 BCX0\" lang=\"PL-PL\" xml:lang=\"PL-PL\" data-contrast=\"auto\"><span class=\"NormalTextRun SCXW40671914 BCX0\">To dla nas bardzo wa\u017cne wyr\u00f3\u017cnienie, kt\u00f3re nap\u0119dza nas do jeszcze lepszej pracy, poszukiwania nowych \u015bcie\u017cek rozwoju, nowych innowacji i technologii. Nie tylko na rynku lokalnym, ale tak\u017ce na arenie mi\u0119dzynarodowej.<\/span><\/span><span class=\"EOP SCXW40671914 BCX0\" data-ccp-props=\"{\"201341983\":0,\"335559739\":0,\"335559740\":240}\">\u00a0<\/span><\/p>","_et_gb_content_width":"","footnotes":""},"class_list":["post-147644","page","type-page","status-publish","has-post-thumbnail"],"acf":[],"_links":{"self":[{"href":"https:\/\/www.secowarwick.com\/pl\/wp-json\/wp\/v2\/pages\/147644","targetHints":{"allow":["GET"]}}],"collection":[{"href":"https:\/\/www.secowarwick.com\/pl\/wp-json\/wp\/v2\/pages"}],"about":[{"href":"https:\/\/www.secowarwick.com\/pl\/wp-json\/wp\/v2\/types\/page"}],"author":[{"embeddable":true,"href":"https:\/\/www.secowarwick.com\/pl\/wp-json\/wp\/v2\/users\/2"}],"replies":[{"embeddable":true,"href":"https:\/\/www.secowarwick.com\/pl\/wp-json\/wp\/v2\/comments?post=147644"}],"version-history":[{"count":3,"href":"https:\/\/www.secowarwick.com\/pl\/wp-json\/wp\/v2\/pages\/147644\/revisions"}],"predecessor-version":[{"id":147713,"href":"https:\/\/www.secowarwick.com\/pl\/wp-json\/wp\/v2\/pages\/147644\/revisions\/147713"}],"up":[{"embeddable":true,"href":"https:\/\/www.secowarwick.com\/pl\/wp-json\/wp\/v2\/pages\/6722"}],"wp:featuredmedia":[{"embeddable":true,"href":"https:\/\/www.secowarwick.com\/pl\/wp-json\/wp\/v2\/media\/147632"}],"wp:attachment":[{"href":"https:\/\/www.secowarwick.com\/pl\/wp-json\/wp\/v2\/media?parent=147644"}],"curies":[{"name":"wp","href":"https:\/\/api.w.org\/{rel}","templated":true}]}}