{"id":148037,"date":"2023-10-28T02:33:25","date_gmt":"2023-10-28T00:33:25","guid":{"rendered":"https:\/\/www.secowarwick.com\/?page_id=148037"},"modified":"2025-10-31T13:33:09","modified_gmt":"2025-10-31T12:33:09","slug":"wsadowy-piec-komorowy-vab","status":"publish","type":"page","link":"https:\/\/www.secowarwick.com\/pl\/produkty\/piece-prozniowe\/wsadowy-piec-komorowy-vab\/","title":{"rendered":"Wsadowy piec komorowy VAB"},"content":{"rendered":"<p>[et_pb_section fb_built=&#8221;1&#8243; _builder_version=&#8221;4.16&#8243; global_colors_info=&#8221;{}&#8221;][et_pb_row _builder_version=&#8221;4.16&#8243; background_size=&#8221;initial&#8221; background_position=&#8221;top_left&#8221; background_repeat=&#8221;repeat&#8221; global_colors_info=&#8221;{}&#8221;][et_pb_column type=&#8221;4_4&#8243; _builder_version=&#8221;4.16&#8243; custom_padding=&#8221;|||&#8221; global_colors_info=&#8221;{}&#8221; custom_padding__hover=&#8221;|||&#8221;][et_pb_image src=&#8221;https:\/\/www.secowarwick.com\/wp-content\/uploads\/2023\/10\/Universal-batch-chamber-furnace-VAB.jpg&#8221; alt=&#8221;The VAB chamber furnace is designed for vacuum aluminum brazing&#8221; title_text=&#8221;Universal batch chamber furnace VAB&#8221; align_tablet=&#8221;center&#8221; align_phone=&#8221;center&#8221; align_last_edited=&#8221;on|desktop&#8221; _builder_version=&#8221;4.19.2&#8243; global_colors_info=&#8221;{}&#8221;][\/et_pb_image][et_pb_breadcrumbs _builder_version=&#8221;3.6&#8243; global_colors_info=&#8221;{}&#8221;][\/et_pb_breadcrumbs][\/et_pb_column][\/et_pb_row][et_pb_row column_structure=&#8221;3_4,1_4&#8243; _builder_version=&#8221;4.16&#8243; global_colors_info=&#8221;{}&#8221;][et_pb_column type=&#8221;3_4&#8243; _builder_version=&#8221;4.16&#8243; custom_padding=&#8221;|||&#8221; global_colors_info=&#8221;{}&#8221; custom_padding__hover=&#8221;|||&#8221;][et_pb_text _builder_version=&#8221;4.23.1&#8243; text_orientation=&#8221;justified&#8221; custom_margin_tablet=&#8221;&#8221; custom_margin_phone=&#8221;-40px|||&#8221; custom_margin_last_edited=&#8221;on|phone&#8221; global_colors_info=&#8221;{}&#8221;]<\/p>\n<h1>Wsadowy piec komorowy<\/h1>\n<h2>Uniwersalny, wsadowy piec komorowy VAB<\/h2>\n<p>Piec komorowy VAB to\u00a0urz\u0105dzenie dedykowane lutowaniu pr\u00f3\u017cniowemu aluminium. Jest to\u00a0skuteczna i\u00a0wydajna technologia, kt\u00f3ra\u00a0nie\u00a0wymaga zastosowania topnika (technologia no\u00a0flux). Zapewnia wi\u0119ksze bezpiecze\u0144stwo dla \u015brodowiska, przy zachowaniu powtarzalnych rezultat\u00f3w. Linia piec\u00f3w pr\u00f3\u017cniowych przeznaczonych do\u00a0p\u00f3\u0142ci\u0105g\u0142ej lub wsadowej produkcji element\u00f3w aluminiowych dedykowana g\u0142\u00f3wnie dla przemys\u0142u samochodowego lub lotniczego.<\/p>\n<p>[\/et_pb_text][et_pb_tabs module_class=&#8221;red-tabs  eco-tab5&#8243; _builder_version=&#8221;4.23.1&#8243; custom_css_main_element=&#8221;margin-top: 2rem;||margin-bottom: 2rem;&#8221; global_colors_info=&#8221;{}&#8221;][et_pb_tab title=&#8221;Korzy\u015bci&#8221; _builder_version=&#8221;4.23.1&#8243; global_colors_info=&#8221;{}&#8221;]<\/p>\n<p><strong><span style=\"color: #e31300;\">\/ <\/span><\/strong>R\u00f3wnomierny rozk\u0142ad temperatury<br \/><strong><span style=\"color: #e31300;\">\/ <\/span><\/strong>Powtarzalno\u015b\u0107 wynik\u00f3w i&nbsp;minimalizacja wyrob\u00f3w niezgodnych<br \/><strong><span style=\"color: #e31300;\">\/ <\/span><\/strong>\u0141atwo\u015b\u0107 za\u0142adunku<br \/><strong><span style=\"color: #e31300;\">\/ <\/span><\/strong>Mo\u017cliwo\u015b\u0107 po\u0142\u0105czenia z&nbsp;innymi urz\u0105dzeniami (odolejacz)<br \/><strong><span style=\"color: #e31300;\">\/ <\/span><\/strong>Czysto\u015b\u0107 cz\u0119\u015bci\/brak utlenienia<\/p>\n<p>[\/et_pb_tab][et_pb_tab title=&#8221;Cechy&#8221; _builder_version=&#8221;4.23.1&#8243; _module_preset=&#8221;default&#8221; global_colors_info=&#8221;{}&#8221;]<\/p>\n<p>Lutowanie pr\u00f3\u017cniowe bez\u00a0topnika (fluxless brazing) oferuje zalety polegaj\u0105ce na\u00a0mo\u017cliwo\u015bci wyeliminowania wtr\u0105ce\u0144 topnika oraz\u00a0projektowania \u015blepych wn\u0119k, kr\u0119tych \u015bcie\u017cek i\u00a0ma\u0142ych przej\u015b\u0107 w\u00a0cz\u0119\u015bciach lutowanych, bez\u00a0wzgl\u0119du na\u00a0szkodliwe efekty zwi\u0105zane z\u00a0usuwaniem topnika i\u00a0jego uwi\u0119zienia po\u00a0lutowaniu.<\/p>\n<p>[\/et_pb_tab][et_pb_tab title=&#8221;Materia\u0142y&#8221; _builder_version=&#8221;4.23.1&#8243; global_colors_info=&#8221;{}&#8221;]<\/p>\n<p><strong><span style=\"color: #ff0000;\">\/ <\/span><\/strong>Wszystkie stopy aluminium, kt\u00f3re mo\u017cna lutowa\u0107 za\u00a0pomoc\u0105 topnika, mo\u017cna lutowa\u0107 pr\u00f3\u017cniowo, Ponadto, niekt\u00f3re stopy aluminium zawieraj\u0105ce magnez (np.\u00a0seria 5xxx), kt\u00f3re nie\u00a0s\u0105\u00a0\u0142atwo lutowane w\u00a0procesie topnikowym, mog\u0105 by\u0107 lutowane w\u00a0pr\u00f3\u017cni<br \/><strong><span style=\"color: #ff0000;\">\/<\/span><\/strong> Stosuj\u0105c prawid\u0142owe techniki, stopy serii lxxx, 3xxx, 5xxx i\u00a07xxx mog\u0105 by\u0107 pr\u00f3\u017cniowo lutowane<\/p>\n<p>[\/et_pb_tab][et_pb_tab title=&#8221;Procesy&#8221; _builder_version=&#8221;4.23.1&#8243; global_colors_info=&#8221;{}&#8221;]<\/p>\n<p><span style=\"color: #e31300;\"><strong>\/ <\/strong><\/span>Lutowanie<\/p>\n<p>[\/et_pb_tab][et_pb_tab title=&#8221;Przemys\u0142y&#8221; _builder_version=&#8221;4.23.1&#8243; global_colors_info=&#8221;{}&#8221;]<\/p>\n<p><span style=\"color: #e31300;\"><strong>\/ <\/strong><\/span>Bran\u017ca motoryzacyjna i&nbsp;terenowa<br \/><span style=\"color: #e31300;\"><strong>\/ <\/strong><\/span>Generatory pr\u0105dotw\u00f3rcze i&nbsp;elektrownie<br \/><span style=\"color: #e31300;\"><strong>\/ <\/strong><\/span>Lotnictwo<br \/><span style=\"color: #e31300;\"><strong>\/<\/strong><\/span> Kolej<br \/><span style=\"color: #e31300;\"><strong>\/ <\/strong><\/span>Elektronika<br \/><span style=\"color: #e31300;\"><strong>\/<\/strong><\/span> Urz\u0105dzenia domowe<br \/><span style=\"color: #e31300;\"><strong>\/ <\/strong><\/span>HVAC&amp;R<\/p>\n<p>[\/et_pb_tab][et_pb_tab title=&#8221; &#8221; _builder_version=&#8221;4.23.1&#8243; _module_preset=&#8221;default&#8221; global_colors_info=&#8221;{}&#8221;]<\/p>\n<p><strong><span style=\"color: #dc291e;\">\/ <\/span><\/strong>Pr\u00f3\u017cnia jako atmosfera ochronna i\u00a0technologiczna eliminuje konieczno\u015b\u0107 stosowania szkodliwych gaz\u00f3w procesowych i\u00a0ich emisji do\u00a0otoczenia<br \/><strong><span style=\"color: #dc291e;\">\/ <\/span><\/strong>Brak emisji CO\u2082, brak u\u017cycia paliw kopalnianych<br \/><strong><span style=\"color: #dc291e;\">\/ <\/span><\/strong>Zastosowanie gazu do\u00a0ch\u0142odzenia (azot, argon), pozyskiwanego i\u00a0zwracanego do\u00a0powietrza, neutralnego dla \u015brodowiska<br \/><strong><span style=\"color: #dc291e;\">\/ <\/span><\/strong>Wzmocniona izolacja termiczna oszcz\u0119dza energi\u0119 elektryczn\u0105 (ok. 20 %)<br \/><strong><span style=\"color: #dc291e;\"> \/ <\/span><\/strong>Wysoka sprawno\u015b\u0107 energetyczna u\u017cytych komponent\u00f3w elektrycznych (silniki klasy IE3, sterowanie falownikowe, itp.)<br \/><strong><span style=\"color: #dc291e;\">\/ <\/span><\/strong>Zastosowanie system\u00f3w i\u00a0algorytm\u00f3w ograniczaj\u0105cych zu\u017cycie czynnik\u00f3w energetycznych i\u00a0technologicznych (system pompowy, grzania i\u00a0ch\u0142odzenia)<br \/><strong><span style=\"color: #dc291e;\">\/ <\/span><\/strong>Brak emisji szkodliwych substancji<br \/><strong><span style=\"color: #dc291e;\">\/ <\/span><\/strong>Zmniejszenie deformacji hartowniczych i\u00a0koszt\u00f3w obr\u00f3bki twardej (hard machining)<br \/><strong><span style=\"color: #dc291e;\">\/ <\/span><\/strong>Eliminacja mycia cz\u0119\u015bci po&nbsp;obr\u00f3bce cieplnej<\/p>\n<p>[\/et_pb_tab][\/et_pb_tabs][et_pb_code _builder_version=&#8221;4.19.2&#8243; _module_preset=&#8221;default&#8221; saved_tabs=&#8221;all&#8221; global_colors_info=&#8221;{}&#8221;]<pee style=\"text-align: center;\"><a class=\"small-button smallred\" style=\"font-size: 20px; padding: 20px 60px;\" href=\"https:\/\/www.secowarwick.com\/pl\/zapytaj-o-oferte\/\"><span style=\"display: block; transform: skew(15deg,0deg); -webkit-transform: skew(15deg,0deg); font-size: 20px; !important\">DOWIEDZ SI\u0118 WI\u0118CEJ<\/span><\/a><\/pee>[\/et_pb_code][\/et_pb_column][et_pb_column type=&#8221;1_4&#8243; _builder_version=&#8221;4.16&#8243; custom_padding=&#8221;|||&#8221; global_colors_info=&#8221;{}&#8221; custom_padding__hover=&#8221;|||&#8221;][et_pb_gallery gallery_ids=&#8221;148152,148159,148166,148187&#8243; posts_number=&#8221;1&#8243; show_title_and_caption=&#8221;off&#8221; show_pagination=&#8221;off&#8221; zoom_icon_color=&#8221;#e2001a&#8221; module_class=&#8221;seco-products-gallery-new&#8221; _builder_version=&#8221;4.23.1&#8243; custom_css_overlay_icon=&#8221;content:&#8217;ZOBACZ GALERI\u0118&#8217; !important;&#8221; global_colors_info=&#8221;{}&#8221;][\/et_pb_gallery][et_pb_text admin_label=&#8221;btn_pl_premiumlibrary&#8221; module_class=&#8221;premium-library-button&#8221; _builder_version=&#8221;4.23.1&#8243; _module_preset=&#8221;default&#8221; text_orientation=&#8221;center&#8221; global_module=&#8221;157169&#8243; saved_tabs=&#8221;all&#8221; locked=&#8221;off&#8221; global_colors_info=&#8221;{}&#8221;]<\/p>\n<a href='https:\/\/www.secowarwick.com\/pl\/trescipremium\/' class='small-button smallred'><span>TRE\u015aCI PREMIUM<\/span><\/a>\n<p>[\/et_pb_text][et_pb_text admin_label=&#8221;R&#038;D PL&#8221; module_class=&#8221;product_widget_wrap_rd&#8221; _builder_version=&#8221;4.23.1&#8243; _module_preset=&#8221;default&#8221; text_orientation=&#8221;center&#8221; global_module=&#8221;165497&#8243; saved_tabs=&#8221;all&#8221; locked=&#8221;off&#8221; global_colors_info=&#8221;{}&#8221;]<\/p>\n<p><a href=\"https:\/\/www.secowarwick.com\/pl\/rd\/\"><span class=\"product_wigtet_name\">R&amp;D<\/span><\/a><\/p>\n<p>[\/et_pb_text][et_pb_text admin_label=&#8221;AUTOMATYKA PL&#8221; module_class=&#8221;product_widget_wrap_automation&#8221; _builder_version=&#8221;4.23.1&#8243; _module_preset=&#8221;default&#8221; global_module=&#8221;165495&#8243; saved_tabs=&#8221;all&#8221; locked=&#8221;off&#8221; global_colors_info=&#8221;{}&#8221;]<\/p>\n<p><a href=\"https:\/\/www.secowarwick.com\/pl\/service\/automatyka\/\"><span class=\"product_wigtet_name\">AUTOMATYKA<\/span><\/a><\/p>\n<p>[\/et_pb_text][et_pb_text admin_label=&#8221;SERVICE PL&#8221; module_class=&#8221;product_widget_wrap_service&#8221; _builder_version=&#8221;4.23.1&#8243; _module_preset=&#8221;default&#8221; global_module=&#8221;165500&#8243; saved_tabs=&#8221;all&#8221; locked=&#8221;off&#8221; global_colors_info=&#8221;{}&#8221;]<\/p>\n<p><a href=\"https:\/\/www.secowarwick.com\/pl\/profesjonalne-uslugi-serwisowe\/\"><span class=\"product_wigtet_name\">SERWIS<\/span><\/a><\/p>\n<p>[\/et_pb_text][et_pb_text admin_label=&#8221;SUPLEMENTALS PL&#8221; module_class=&#8221;product_widget_wrap_supleme&#8221; _builder_version=&#8221;4.23.1&#8243; _module_preset=&#8221;default&#8221; global_module=&#8221;165502&#8243; saved_tabs=&#8221;all&#8221; locked=&#8221;off&#8221; global_colors_info=&#8221;{}&#8221;]<\/p>\n<p><span class=\"product_wigtet_name\">DODATKOWE:<\/span><\/p>\n<p>[\/et_pb_text][et_pb_text admin_label=&#8221;Product brochure&#8221; module_class=&#8221;suplementals_product_brochure suplementals_wrap&#8221; _builder_version=&#8221;4.23.1&#8243; _module_preset=&#8221;default&#8221; hover_enabled=&#8221;0&#8243; locked=&#8221;off&#8221; global_colors_info=&#8221;{}&#8221; sticky_enabled=&#8221;0&#8243;]<\/p>\n<p><a href=\"https:\/\/www.secowarwick.com\/wp-content\/uploads\/2025\/10\/VAC-VAB-Line-WWW.pdf\" target=\"_blank\" rel=\"noopener\">Broszura produktu<\/a><\/p>\n<p>[\/et_pb_text][et_pb_text admin_label=&#8221;Katalog produkt\u00f3w vac pl&#8221; module_class=&#8221;suplementals_product_catalogue suplementals_wrap&#8221; _builder_version=&#8221;4.23.1&#8243; _module_preset=&#8221;default&#8221; global_module=&#8221;169522&#8243; saved_tabs=&#8221;all&#8221; locked=&#8221;off&#8221; global_colors_info=&#8221;{}&#8221;]<\/p>\n<p><a href=\"https:\/\/www.secowarwick.com\/wp-content\/uploads\/2025\/01\/VAC_catalogue_2024_web.pdf\" target=\"_blank\" rel=\"noopener\">Katalog produkt\u00f3w<\/a><\/p>\n<p>[\/et_pb_text][et_pb_text admin_label=&#8221;Product movie playlista&#8221; module_class=&#8221;suplementals_product_movie suplementals_wrap&#8221; _builder_version=&#8221;4.23.1&#8243; _module_preset=&#8221;default&#8221; global_module=&#8221;169535&#8243; saved_tabs=&#8221;all&#8221; locked=&#8221;off&#8221; global_colors_info=&#8221;{}&#8221;]<\/p>\n<p><a href=\"https:\/\/www.youtube.com\/playlist?list=PLa0hhW_hoQqEsIHM5LQtr9h_9UlwGFBO8\" target=\"_blank\" rel=\"noopener\">Film produktowy<\/a><\/p>\n<p>[\/et_pb_text][et_pb_text admin_label=&#8221;dnabook-pl&#8221; module_class=&#8221;suplementals_product_dna suplementals_wrap&#8221; _builder_version=&#8221;4.23.1&#8243; _module_preset=&#8221;default&#8221; global_module=&#8221;165509&#8243; saved_tabs=&#8221;all&#8221; locked=&#8221;off&#8221; global_colors_info=&#8221;{}&#8221;]<\/p>\n<p><a href=\"https:\/\/www.secowarwick.com\/wp-content\/uploads\/2025\/07\/DNA_BOOK.pdf\" target=\"_blank\" rel=\"noopener\">DNA\/BOOK<\/a><\/p>\n<p>[\/et_pb_text][et_pb_text admin_label=&#8221;ECO\/BOOK-pl&#8221; module_class=&#8221;suplementals_product_eco suplementals_wrap&#8221; _builder_version=&#8221;4.23.1&#8243; _module_preset=&#8221;default&#8221; global_module=&#8221;165511&#8243; saved_tabs=&#8221;all&#8221; locked=&#8221;off&#8221; global_colors_info=&#8221;{}&#8221;]<\/p>\n<p><a href=\"https:\/\/www.secowarwick.com\/wp-content\/uploads\/2023\/06\/ECOBOOK-2-1.pdf\" target=\"_blank\" rel=\"noopener\">ECO\/BOOK<\/a><\/p>\n<p>[\/et_pb_text][et_pb_text admin_label=&#8221;RFQ product widget pl&#8221; module_class=&#8221;product_widget_wrap_rfq-en&#8221; _builder_version=&#8221;4.23.1&#8243; _module_preset=&#8221;default&#8221; global_module=&#8221;186180&#8243; saved_tabs=&#8221;all&#8221; locked=&#8221;off&#8221; global_colors_info=&#8221;{}&#8221;]<\/p>\n<p style=\"text-align: center;\"><a class=\"small-button smallred\" href=\"https:\/\/www.secowarwick.com\/pl\/zapytaj-o-oferte\/\"><span class=\"product_wigtet_name\">ZAPYTAJ O&nbsp;OFERT\u0118<\/span><\/a><\/p>\n<p>[\/et_pb_text][\/et_pb_column][\/et_pb_row][\/et_pb_section]<\/p>\n","protected":false},"excerpt":{"rendered":"<p>[et_pb_breadcrumbs _builder_version=&#8221;3.6&#8243; global_colors_info=&#8221;{}&#8221;][\/et_pb_breadcrumbs]Wsadowy piec komorowy Uniwersalny, wsadowy piec komorowy VAB Piec komorowy VAB to\u00a0urz\u0105dzenie dedykowane lutowaniu pr\u00f3\u017cniowemu aluminium. Jest to\u00a0skuteczna i\u00a0wydajna technologia, kt\u00f3ra\u00a0nie\u00a0wymaga zastosowania topnika (technologia no\u00a0flux). Zapewnia wi\u0119ksze bezpiecze\u0144stwo dla \u015brodowiska, przy zachowaniu powtarzalnych rezultat\u00f3w. Linia piec\u00f3w pr\u00f3\u017cniowych przeznaczonych do\u00a0p\u00f3\u0142ci\u0105g\u0142ej lub wsadowej produkcji element\u00f3w aluminiowych dedykowana g\u0142\u00f3wnie dla przemys\u0142u samochodowego lub lotniczego.\/ R\u00f3wnomierny rozk\u0142ad [&hellip;]<\/p>\n","protected":false},"author":2,"featured_media":0,"parent":7225,"menu_order":0,"comment_status":"closed","ping_status":"closed","template":"","meta":{"_acf_changed":false,"_et_pb_use_builder":"on","_et_pb_old_content":"","_et_gb_content_width":"","footnotes":""},"class_list":["post-148037","page","type-page","status-publish"],"acf":[],"_links":{"self":[{"href":"https:\/\/www.secowarwick.com\/pl\/wp-json\/wp\/v2\/pages\/148037","targetHints":{"allow":["GET"]}}],"collection":[{"href":"https:\/\/www.secowarwick.com\/pl\/wp-json\/wp\/v2\/pages"}],"about":[{"href":"https:\/\/www.secowarwick.com\/pl\/wp-json\/wp\/v2\/types\/page"}],"author":[{"embeddable":true,"href":"https:\/\/www.secowarwick.com\/pl\/wp-json\/wp\/v2\/users\/2"}],"replies":[{"embeddable":true,"href":"https:\/\/www.secowarwick.com\/pl\/wp-json\/wp\/v2\/comments?post=148037"}],"version-history":[{"count":30,"href":"https:\/\/www.secowarwick.com\/pl\/wp-json\/wp\/v2\/pages\/148037\/revisions"}],"predecessor-version":[{"id":186557,"href":"https:\/\/www.secowarwick.com\/pl\/wp-json\/wp\/v2\/pages\/148037\/revisions\/186557"}],"up":[{"embeddable":true,"href":"https:\/\/www.secowarwick.com\/pl\/wp-json\/wp\/v2\/pages\/7225"}],"wp:attachment":[{"href":"https:\/\/www.secowarwick.com\/pl\/wp-json\/wp\/v2\/media?parent=148037"}],"curies":[{"name":"wp","href":"https:\/\/api.w.org\/{rel}","templated":true}]}}