{"id":148260,"date":"2023-10-28T03:13:42","date_gmt":"2023-10-28T01:13:42","guid":{"rendered":"https:\/\/www.secowarwick.com\/?page_id=148260"},"modified":"2025-12-05T11:43:23","modified_gmt":"2025-12-05T10:43:23","slug":"technologia-vab","status":"publish","type":"page","link":"https:\/\/www.secowarwick.com\/pl\/produkty\/piece-prozniowe\/technologia-vab\/","title":{"rendered":"Technologia VAB"},"content":{"rendered":"<p>[et_pb_section fb_built=&#8221;1&#8243; _builder_version=&#8221;4.16&#8243; global_colors_info=&#8221;{}&#8221;][et_pb_row _builder_version=&#8221;4.16&#8243; _module_preset=&#8221;default&#8221; global_colors_info=&#8221;{}&#8221;][et_pb_column type=&#8221;4_4&#8243; _builder_version=&#8221;4.16&#8243; _module_preset=&#8221;default&#8221; global_colors_info=&#8221;{}&#8221;][et_pb_image src=&#8221;https:\/\/www.secowarwick.com\/wp-content\/uploads\/2023\/09\/VAB-furnace-line.jpg&#8221; alt=&#8221;Furnaces for vacuum aluminum brazing&#8221; title_text=&#8221;VAB furnace line&#8221; _builder_version=&#8221;4.19.2&#8243; _module_preset=&#8221;default&#8221; global_colors_info=&#8221;{}&#8221;][\/et_pb_image][et_pb_breadcrumbs _builder_version=&#8221;4.10.3&#8243; _module_preset=&#8221;default&#8221; global_colors_info=&#8221;{}&#8221;][\/et_pb_breadcrumbs][\/et_pb_column][\/et_pb_row][et_pb_row column_structure=&#8221;2_3,1_3&#8243; _builder_version=&#8221;4.23.1&#8243; _module_preset=&#8221;default&#8221; global_colors_info=&#8221;{}&#8221;][et_pb_column type=&#8221;2_3&#8243; _builder_version=&#8221;4.23.1&#8243; _module_preset=&#8221;default&#8221; global_colors_info=&#8221;{}&#8221;][et_pb_text module_class=&#8221;podtytuly&#8221; _builder_version=&#8221;4.23.1&#8243; _module_preset=&#8221;default&#8221; hover_enabled=&#8221;0&#8243; global_colors_info=&#8221;{}&#8221; sticky_enabled=&#8221;0&#8243;]<\/p>\n<h1>Technologia VAB<\/h1>\n<h2>Piece pr\u00f3\u017cniowe do lutowania twardego aluminium.<\/h2>\n<p>Technologia VAB zyskuje na\u00a0znaczeniu z\u00a0uwagi na\u00a0sw\u0105 przyjazno\u015b\u0107 \u015brodowisku i\u00a0czysto\u015b\u0107 procesu.<\/p>\n<p>Piece VAB zapewniaj\u0105 niezawodne i\u00a0powtarzalne rezultaty po\u0142\u0105cze\u0144 lutowanych, w\u00a0szerokiej gamie urz\u0105dze\u0144 dopasowanych do\u00a0oczekiwa\u0144 i\u00a0wymaga\u0144 klient\u00f3w.<\/p>\n<p>[\/et_pb_text][\/et_pb_column][et_pb_column type=&#8221;1_3&#8243; _builder_version=&#8221;4.23.1&#8243; _module_preset=&#8221;default&#8221; global_colors_info=&#8221;{}&#8221;][et_pb_selected_documents _builder_version=&#8221;4.23.1&#8243; _module_preset=&#8221;default&#8221; global_colors_info=&#8221;{}&#8221;][et_pb_document post_id=&#8221;154291&#8243; title=&#8221;Vacuum Aluminum Brazing technology &#8211; brochure&#8221; _builder_version=&#8221;4.23.1&#8243; _module_preset=&#8221;default&#8221; global_colors_info=&#8221;{}&#8221;][\/et_pb_document][\/et_pb_selected_documents][et_pb_text _builder_version=&#8221;4.23.1&#8243; _module_preset=&#8221;default&#8221; global_colors_info=&#8221;{}&#8221;]<\/p>\n<p>Poszerz swoj\u0105 wiedz\u0119 i&nbsp;obejrzyj <strong><a href=\"https:\/\/www.youtube.com\/watch?v=aJdVDnnYajY\" target=\"_blank\" rel=\"noopener\">studium przypadku dotycz\u0105ce pr\u00f3\u017cniowego systemu lutowania aluminium 2,0.<\/a><\/strong><\/p>\n<p>[\/et_pb_text][\/et_pb_column][\/et_pb_row][et_pb_row _builder_version=&#8221;4.16&#8243; custom_margin=&#8221;0px|||&#8221; custom_padding=&#8221;0px|||&#8221; global_colors_info=&#8221;{}&#8221;][et_pb_column type=&#8221;4_4&#8243; _builder_version=&#8221;4.16&#8243; custom_padding=&#8221;|||&#8221; global_colors_info=&#8221;{}&#8221; custom_padding__hover=&#8221;|||&#8221;][et_pb_seco_products product_1_title=&#8221;Linia piec\u00f3w VAB&#8221; product_1_src=&#8221;https:\/\/www.secowarwick.com\/wp-content\/uploads\/2023\/10\/VAB-furnace-line.jpg&#8221; product_1_alt=&#8221;Single-chamber High Vacuum Furnace for multipurpose and dedicated applications&#8221; product_1_button=&#8221;WI\u0118CEJ&#8221; product_1_url=&#8221;https:\/\/www.secowarwick.com\/pl\/produkty\/piece-prozniowe\/piece-do-lutowania-aluminium-w-prozni\/&#8221; product_2_title=&#8221;Universalny piec komorowy VAB&#8221; product_2_src=&#8221;https:\/\/www.secowarwick.com\/wp-content\/uploads\/2023\/10\/Universal-VAB-Chamber-Furnacemini.jpg&#8221; product_2_alt=&#8221;Universalny piec komorowy VAB&#8221; product_2_button=&#8221;WI\u0118CEJ&#8221; product_2_url=&#8221;https:\/\/www.secowarwick.com\/pl\/uniwersalny-piec-komorowy-vab\/&#8221; product_3_title=&#8221;Wsadowy piec komorowy VAB&#8221; product_3_src=&#8221;https:\/\/www.secowarwick.com\/wp-content\/uploads\/2023\/10\/Universal-batch-chamber-furnace-VABmini.jpg&#8221; product_3_button=&#8221;WI\u0118CEJ&#8221; product_3_url=&#8221;https:\/\/www.secowarwick.com\/pl\/wsadowy-piec-komorowy-vab\/&#8221; product_4_title=&#8221;Wielokomorowy, modu\u0142owy piec VAB&#8221; product_4_src=&#8221;https:\/\/www.secowarwick.com\/wp-content\/uploads\/2023\/10\/VAB-multi-chambersmini.jpg&#8221; product_4_alt=&#8221;Wielokomorowy, modu\u0142owy piec VAB&#8221; product_4_button=&#8221;WI\u0118CEJ&#8221; product_4_url=&#8221;https:\/\/www.secowarwick.com\/pl\/piec-wielokomorowy-vab\/&#8221; product_5_title=&#8221;Piec pr\u00f3\u017cniowy do odolejania&#8221; product_5_src=&#8221;https:\/\/www.secowarwick.com\/wp-content\/uploads\/2023\/10\/VAB-Furnace-for-removing-residual-oilmini.jpg&#8221; product_5_alt=&#8221;Piec Pr\u00f3\u017cniowy do odolejania&#8221; product_5_button=&#8221;WI\u0118CEJ&#8221; product_5_url=&#8221;https:\/\/www.secowarwick.com\/pl\/vab-do-odolejania\/&#8221; product_6_title=&#8221;Przetestuj piec VAB&#8221; product_6_src=&#8221;https:\/\/www.secowarwick.com\/wp-content\/uploads\/2023\/11\/VECTOR-VAB-RD.jpg&#8221; product_6_button=&#8221;WI\u0118CEJ&#8221; product_6_url=&#8221;https:\/\/www.secowarwick.com\/pl\/testy-pieca-vab\/&#8221; module_id=&#8221;secoalutest&#8221; module_class=&#8221;disable-animation max800&#8243; _builder_version=&#8221;4.19.2&#8243; global_colors_info=&#8221;{}&#8221;][\/et_pb_seco_products][\/et_pb_column][\/et_pb_row][et_pb_row _builder_version=&#8221;4.16&#8243; _module_preset=&#8221;default&#8221; global_colors_info=&#8221;{}&#8221;][et_pb_column type=&#8221;4_4&#8243; _builder_version=&#8221;4.16&#8243; _module_preset=&#8221;default&#8221; global_colors_info=&#8221;{}&#8221;][et_pb_code _builder_version=&#8221;4.19.2&#8243; _module_preset=&#8221;default&#8221; saved_tabs=&#8221;all&#8221; global_colors_info=&#8221;{}&#8221;]<pee style=\"text-align: center;\"><a class=\"small-button smallred\" style=\"font-size: 20px; padding: 20px 60px;\" href=\"https:\/\/www.secowarwick.com\/pl\/zapytaj-o-oferte\/\"><span style=\"display: block; transform: skew(15deg,0deg); -webkit-transform: skew(15deg,0deg); font-size: 20px; !important\">DOWIEDZ SI\u0118 WI\u0118CEJ<\/span><\/a><\/pee>[\/et_pb_code][\/et_pb_column][\/et_pb_row][\/et_pb_section]<\/p>\n","protected":false},"excerpt":{"rendered":"<p>[et_pb_breadcrumbs _builder_version=&#8221;4.10.3&#8243; _module_preset=&#8221;default&#8221; global_colors_info=&#8221;{}&#8221;][\/et_pb_breadcrumbs]Technologia VAB Piece pr\u00f3\u017cniowe do lutowania twardego aluminium. Technologia VAB zyskuje na\u00a0znaczeniu z\u00a0uwagi na\u00a0sw\u0105 przyjazno\u015b\u0107 \u015brodowisku i\u00a0czysto\u015b\u0107 procesu. Piece VAB zapewniaj\u0105 niezawodne i\u00a0powtarzalne rezultaty po\u0142\u0105cze\u0144 lutowanych, w\u00a0szerokiej gamie urz\u0105dze\u0144 dopasowanych do\u00a0oczekiwa\u0144 i\u00a0wymaga\u0144 klient\u00f3w.[et_pb_selected_documents _builder_version=&#8221;4.23.1&#8243; _module_preset=&#8221;default&#8221; global_colors_info=&#8221;{}&#8221;][et_pb_document post_id=&#8221;154291&#8243; title=&#8221;Vacuum Aluminum Brazing technology &#8211; brochure&#8221; _builder_version=&#8221;4.23.1&#8243; _module_preset=&#8221;default&#8221; global_colors_info=&#8221;{}&#8221;][\/et_pb_document][\/et_pb_selected_documents]Poszerz swoj\u0105 wiedz\u0119 i&nbsp;obejrzyj studium przypadku dotycz\u0105ce [&hellip;]<\/p>\n","protected":false},"author":2,"featured_media":0,"parent":7225,"menu_order":0,"comment_status":"closed","ping_status":"closed","template":"","meta":{"_acf_changed":false,"_et_pb_use_builder":"on","_et_pb_old_content":"","_et_gb_content_width":"","footnotes":""},"class_list":["post-148260","page","type-page","status-publish"],"acf":[],"_links":{"self":[{"href":"https:\/\/www.secowarwick.com\/pl\/wp-json\/wp\/v2\/pages\/148260","targetHints":{"allow":["GET"]}}],"collection":[{"href":"https:\/\/www.secowarwick.com\/pl\/wp-json\/wp\/v2\/pages"}],"about":[{"href":"https:\/\/www.secowarwick.com\/pl\/wp-json\/wp\/v2\/types\/page"}],"author":[{"embeddable":true,"href":"https:\/\/www.secowarwick.com\/pl\/wp-json\/wp\/v2\/users\/2"}],"replies":[{"embeddable":true,"href":"https:\/\/www.secowarwick.com\/pl\/wp-json\/wp\/v2\/comments?post=148260"}],"version-history":[{"count":18,"href":"https:\/\/www.secowarwick.com\/pl\/wp-json\/wp\/v2\/pages\/148260\/revisions"}],"predecessor-version":[{"id":188224,"href":"https:\/\/www.secowarwick.com\/pl\/wp-json\/wp\/v2\/pages\/148260\/revisions\/188224"}],"up":[{"embeddable":true,"href":"https:\/\/www.secowarwick.com\/pl\/wp-json\/wp\/v2\/pages\/7225"}],"wp:attachment":[{"href":"https:\/\/www.secowarwick.com\/pl\/wp-json\/wp\/v2\/media?parent=148260"}],"curies":[{"name":"wp","href":"https:\/\/api.w.org\/{rel}","templated":true}]}}