{"id":148278,"date":"2023-09-19T11:40:42","date_gmt":"2023-09-19T09:40:42","guid":{"rendered":"https:\/\/www.secowarwick.com\/produkty\/piece-prozniowe\/vab-furnace-line\/"},"modified":"2025-10-31T13:30:04","modified_gmt":"2025-10-31T12:30:04","slug":"piece-do-lutowania-aluminium-w-prozni","status":"publish","type":"page","link":"https:\/\/www.secowarwick.com\/pl\/produkty\/piece-prozniowe\/piece-do-lutowania-aluminium-w-prozni\/","title":{"rendered":"Linia piec\u00f3w VAB"},"content":{"rendered":"<p>[et_pb_section fb_built=&#8221;1&#8243; _builder_version=&#8221;4.16&#8243; global_colors_info=&#8221;{}&#8221;][et_pb_row _builder_version=&#8221;4.16&#8243; background_size=&#8221;initial&#8221; background_position=&#8221;top_left&#8221; background_repeat=&#8221;repeat&#8221; global_colors_info=&#8221;{}&#8221;][et_pb_column type=&#8221;4_4&#8243; _builder_version=&#8221;4.16&#8243; custom_padding=&#8221;|||&#8221; global_colors_info=&#8221;{}&#8221; custom_padding__hover=&#8221;|||&#8221;][et_pb_image src=&#8221;https:\/\/www.secowarwick.com\/wp-content\/uploads\/2023\/09\/VAB-furnace-line.jpg&#8221; alt=&#8221;Furnaces for vacuum aluminum brazing&#8221; title_text=&#8221;VAB furnace line&#8221; align_tablet=&#8221;center&#8221; align_phone=&#8221;center&#8221; align_last_edited=&#8221;on|desktop&#8221; _builder_version=&#8221;4.19.2&#8243; global_colors_info=&#8221;{}&#8221;][\/et_pb_image][et_pb_breadcrumbs _builder_version=&#8221;3.6&#8243; global_colors_info=&#8221;{}&#8221;][\/et_pb_breadcrumbs][\/et_pb_column][\/et_pb_row][et_pb_row column_structure=&#8221;3_4,1_4&#8243; _builder_version=&#8221;4.16&#8243; global_colors_info=&#8221;{}&#8221;][et_pb_column type=&#8221;3_4&#8243; _builder_version=&#8221;4.16&#8243; custom_padding=&#8221;|||&#8221; global_colors_info=&#8221;{}&#8221; custom_padding__hover=&#8221;|||&#8221;][et_pb_text _builder_version=&#8221;4.23.1&#8243; text_orientation=&#8221;justified&#8221; custom_margin_tablet=&#8221;&#8221; custom_margin_phone=&#8221;-40px|||&#8221; custom_margin_last_edited=&#8221;on|phone&#8221; global_colors_info=&#8221;{}&#8221;]<\/p>\n<h1>Linia piec\u00f3w VAB<\/h1>\n<h2>Piece do\u00a0lutowania aluminium w\u00a0pr\u00f3\u017cni<\/h2>\n<p>Znana od\u00a0lat technologia VAB zyskuje na\u00a0znaczeniu z\u00a0uwagi na\u00a0sw\u0105 przyjazno\u015b\u0107 \u015brodowisku i\u00a0czysto\u015b\u0107 procesu.<\/p>\n<p>Piece VAB zapewniaj\u0105 niezawodne i\u00a0powtarzalne rezultaty po\u0142\u0105cze\u0144 lutowanych, w\u00a0szerokiej gamie urz\u0105dze\u0144 dopasowanych do\u00a0oczekiwa\u0144 i\u00a0wymaga\u0144 klient\u00f3w.<\/p>\n<p>[\/et_pb_text][et_pb_tabs module_class=&#8221;red-tabs  eco-tab6&#8243; _builder_version=&#8221;4.23.1&#8243; custom_css_main_element=&#8221;margin-top: 2rem;||margin-bottom: 2rem;&#8221; global_colors_info=&#8221;{}&#8221;][et_pb_tab title=&#8221;Opis&#8221; _builder_version=&#8221;4.19.2&#8243; global_colors_info=&#8221;{}&#8221;]<\/p>\n<p>Piece i&nbsp;technologia VAB (fluxless brazing) to&nbsp;rozwi\u0105zania do&nbsp;lutowania aluminium w&nbsp;pr\u00f3\u017cni. W&nbsp;swoim procesie eliminuj\u0105 topnik, kt\u00f3ry&nbsp;nie&nbsp;jest u\u017cywany do&nbsp;tworzenia po\u0142\u0105cze\u0144 dodatkiem stopowym w&nbsp;lutowanych detalach lub w&nbsp;postaci sta\u0142ej w&nbsp;piecu. \u00a0Kluczowym elementem lutowania aluminium w&nbsp;pr\u00f3\u017cni jest zastosowanie magnezu jako dodatku stopowego w&nbsp;lutowanych detalach lub w&nbsp;postaci sta\u0142ej w&nbsp;piecu. Magnez jest niezb\u0119dny w&nbsp;procesie, poniewa\u017c przy odparowaniu potrafi zwi\u0105za\u0107 tlen i&nbsp;par\u0119 wodn\u0105, poprawiaj\u0105c w&nbsp;ten spos\u00f3b czysto\u015b\u0107 pr\u00f3\u017cni. Redukuje on&nbsp;r\u00f3wnie\u017c tlenek aluminium, na&nbsp;powierzchni lutowanych cz\u0119\u015bci, przez&nbsp;co&nbsp;mo\u017cliwe jest ich r\u00f3wnomierne i&nbsp;szybkie zwil\u017cenie.<\/p>\n<p>Lutowanie aluminium w&nbsp;pr\u00f3\u017cni ma&nbsp;bardzo w\u0105ski zakres dopuszczalnych temperatur procesowych. Zasad\u0105 jest, \u017ce&nbsp;metal wype\u0142niaj\u0105cy (filler) musi si\u0119 up\u0142ynni\u0107 zanim metal bazowy osi\u0105gnie temperatur\u0119 solidus. W&nbsp;wi\u0119kszo\u015bci przypadk\u00f3w ta&nbsp;r\u00f3\u017cnica temperatur jest bardzo ma\u0142a (5-10 \u00baC), dlatego krytyczny jest profil temperaturowy procesu i&nbsp;mo\u017cliwo\u015b\u0107 jego osi\u0105gni\u0119cia przez&nbsp;piec.<\/p>\n<p>Technologia VAB jest idealna dla: skomplikowanych kszta\u0142t\u00f3w, spoin wewn\u0119trznych i&nbsp;wielopowierzchniowych, r\u00f3\u017cnych gatunk\u00f3w aluminium i&nbsp;ich grubo\u015bci.<\/p>\n<p>[\/et_pb_tab][et_pb_tab title=&#8221;Korzy\u015bci&#8221; _builder_version=&#8221;4.19.2&#8243; global_colors_info=&#8221;{}&#8221;]<\/p>\n<p><strong><span style=\"color: #e31300;\">\/ <\/span><\/strong>Lutowanie beztlenowe eliminuje koszty topnika i&nbsp;jego aplikacji<br \/><strong><span style=\"color: #e31300;\">\/ <\/span><\/strong>Mycie cz\u0119\u015bci ograniczone do&nbsp;mycia przed&nbsp;procesem<br \/><strong><span style=\"color: #e31300;\">\/ <\/span><\/strong>Po&nbsp;procesie cz\u0119\u015bci s\u0105&nbsp;czyste z&nbsp;matowo szarym wyko\u0144czeniem<br \/><strong><span style=\"color: #e31300;\">\/ <\/span><\/strong>Eliminacja potencjalnych miejsc korozji przez&nbsp;eliminacje topnika<br \/><strong><span style=\"color: #e31300;\">\/ <\/span><\/strong>Technologia przyjazna \u015brodowisku<br \/><strong><span style=\"color: #e31300;\">\/ <\/span><\/strong>Powtarzalno\u015b\u0107 wynik\u00f3w w&nbsp;zwi\u0105zku z&nbsp;du\u017c\u0105 r\u00f3wnomierno\u015bci\u0105 temperatury i&nbsp;wysok\u0105 pr\u00f3\u017cni\u0105<br \/><strong><span style=\"color: #e31300;\">\/ <\/span><\/strong>Brak pozosta\u0142o\u015bci lub korozji spowodowanej zanieczyszczeniem topnikiem (fluxem)<br \/><strong><span style=\"color: #e31300;\">\/ <\/span><\/strong>Produkt wysokiej jako\u015bci<\/p>\n<p>[\/et_pb_tab][et_pb_tab title=&#8221;Procesy&#8221; _builder_version=&#8221;4.23.1&#8243; global_colors_info=&#8221;{}&#8221;]<\/p>\n<p><span style=\"color: #e31300;\"><strong>\/ <\/strong><\/span>Lutowanie<\/p>\n<p>[\/et_pb_tab][et_pb_tab title=&#8221;Przemys\u0142y&#8221; _builder_version=&#8221;4.23.1&#8243; global_colors_info=&#8221;{}&#8221;]<\/p>\n<p><span style=\"color: #e31300;\"><strong>\/ <\/strong><\/span>Bran\u017ca grzewcza, wentylacyjna, klimatyzacyjna i&nbsp;ch\u0142odnicza (HVAC&amp;R)<br \/><span style=\"color: #e31300;\"><strong>\/ <\/strong><\/span>Motoryzacyjny<br \/><span style=\"color: #e31300;\"><strong>\/ <\/strong><\/span>Lotnictwo<br \/><span style=\"color: #e31300;\"><strong>\/ <\/strong><\/span>Kolej<br \/><span style=\"color: #e31300;\"><strong>\/ <\/strong><\/span>Elektronika i\u00a0urz\u0105dzenia domowe<br \/><span style=\"color: #e31300;\"><strong>\/ <\/strong><\/span>Producenci generator\u00f3w pr\u0105dotw\u00f3rczych i\u00a0elektrownie<\/p>\n<p>[\/et_pb_tab][et_pb_tab title=&#8221;Materia\u0142y&#8221; _builder_version=&#8221;4.23.1&#8243; global_colors_info=&#8221;{}&#8221;]<\/p>\n<p>Wszystkie stopy aluminium, kt\u00f3re mo\u017cna lutowa\u0107 za&nbsp;pomoc\u0105 topnika, mo\u017cna lutowa\u0107 pr\u00f3\u017cniowo, Ponadto, niekt\u00f3re stopy aluminium zawieraj\u0105ce magnez (np.&nbsp;seria 5xxx), kt\u00f3re nie&nbsp;s\u0105&nbsp;\u0142atwo lutowane w&nbsp;procesie topnikowym, mog\u0105 by\u0107 lutowane w&nbsp;pr\u00f3\u017cni.<\/p>\n<p>Stosuj\u0105c prawid\u0142owe techniki, stopy serii lxxx, 3xxx, 5xxx, 6xxx i&nbsp;7xxx mog\u0105 by\u0107 pr\u00f3\u017cniowo lutowane.<\/p>\n<p>[\/et_pb_tab][et_pb_tab title=&#8221;Opcje&#8221; _builder_version=&#8221;4.19.2&#8243; _module_preset=&#8221;default&#8221; global_colors_info=&#8221;{}&#8221;]<\/p>\n<p>Produkty technologii VAB mo\u017cemy podzieli\u0107 na&nbsp;3 typy:<\/p>\n<p>VAB wsadowy z&nbsp;podwieszanym wsadem i&nbsp;dedykowanym systemem transportowym,<\/p>\n<p><img decoding=\"async\" class=\"alignnone wp-image-145874 size-full\" src=\"https:\/\/www.secowarwick.com\/wp-content\/uploads\/2023\/09\/VAB-3.jpg\" alt=\"Batch VAB with a suspended load and a dedicated transport system\" width=\"1200\" height=\"900\" srcset=\"https:\/\/www.secowarwick.com\/wp-content\/uploads\/2023\/09\/VAB-3.jpg 1200w, https:\/\/www.secowarwick.com\/wp-content\/uploads\/2023\/09\/VAB-3-980x735.jpg 980w, https:\/\/www.secowarwick.com\/wp-content\/uploads\/2023\/09\/VAB-3-480x360.jpg 480w\" sizes=\"(min-width: 0px) and (max-width: 480px) 480px, (min-width: 481px) and (max-width: 980px) 980px, (min-width: 981px) 1200px, 100vw\" \/><\/p>\n<p><span style=\"color: #dc291e;\">\u00a0<\/span><\/p>\n<p>VAB wsadowy z&nbsp;przestrzeni\u0105 dedykowany do&nbsp;przemys\u0142u lotniczego oraz&nbsp;obr\u00f3bki komercyjnej, \u0142adowany na&nbsp;tacach<\/p>\n<p><img decoding=\"async\" class=\"wp-image-145205 alignnone size-full\" src=\"https:\/\/www.secowarwick.com\/wp-content\/uploads\/2023\/08\/Batch-VAB-with-space-dedicated-to-the-aerospace-industry-and-commercial-heat-treatment-loaded-on-trays.jpg\" alt=\"Batch VAB with space dedicated to the aerospace industry and commercial heat treatment, loaded on trays\" width=\"764\" height=\"417\" srcset=\"https:\/\/www.secowarwick.com\/wp-content\/uploads\/2023\/08\/Batch-VAB-with-space-dedicated-to-the-aerospace-industry-and-commercial-heat-treatment-loaded-on-trays.jpg 764w, https:\/\/www.secowarwick.com\/wp-content\/uploads\/2023\/08\/Batch-VAB-with-space-dedicated-to-the-aerospace-industry-and-commercial-heat-treatment-loaded-on-trays-480x262.jpg 480w\" sizes=\"(min-width: 0px) and (max-width: 480px) 480px, (min-width: 481px) 764px, 100vw\" \/><\/p>\n<p><span style=\"color: #dc291e;\">\u00a0<\/span><\/p>\n<p>VAB wielokomorowy, &#8211; linia ci\u0105g\u0142a przelotowa.<\/p>\n<p><img decoding=\"async\" class=\"alignnone wp-image-145867 size-full\" src=\"https:\/\/www.secowarwick.com\/wp-content\/uploads\/2023\/09\/Vacuum-Aluminum-Brazing-1.jpg\" alt=\"VAB multi-chamber, - continuous line\" width=\"1200\" height=\"900\" srcset=\"https:\/\/www.secowarwick.com\/wp-content\/uploads\/2023\/09\/Vacuum-Aluminum-Brazing-1.jpg 1200w, https:\/\/www.secowarwick.com\/wp-content\/uploads\/2023\/09\/Vacuum-Aluminum-Brazing-1-980x735.jpg 980w, https:\/\/www.secowarwick.com\/wp-content\/uploads\/2023\/09\/Vacuum-Aluminum-Brazing-1-480x360.jpg 480w\" sizes=\"(min-width: 0px) and (max-width: 480px) 480px, (min-width: 481px) and (max-width: 980px) 980px, (min-width: 981px) 1200px, 100vw\" \/><\/p>\n<p>Dodatkowym produktem, kt\u00f3ry&nbsp;mo\u017ce by\u0107 u\u017cywany do&nbsp;technologii VAB jest pr\u00f3\u017cniowy piec do&nbsp;odolejania cz\u0119\u015bci po&nbsp;procesie t\u0142oczenia. Mo\u017ce on&nbsp;pracowa\u0107 z&nbsp;ka\u017cdym z&nbsp;trzech typ\u00f3w produkt\u00f3w VAB. Jest on&nbsp;u\u017cywany do&nbsp;usuni\u0119cia oleju z&nbsp;cz\u0119\u015bci przed&nbsp;za\u0142adunkiem ich do&nbsp;pieca. Zamiast niego mo\u017ce by\u0107 u\u017cywana myjka alkoholowa a&nbsp;dzi\u0119ki pr\u00f3\u017cniowemu odolejaczowi przyspieszamy proces odbywaj\u0105cy si\u0119 w&nbsp;g\u0142\u00f3wnym piecu VAB. Cz\u0119\u015bci w&nbsp;odolejaczu nagrzewane s\u0105&nbsp;do&nbsp;370-400\u00baC i&nbsp;transferowane do&nbsp;g\u0142\u00f3wnego pieca VAB, dzi\u0119ki temu w&nbsp;piecu VAB cz\u0119\u015bci nagrzewamy ju\u017c od&nbsp;400\u00baC do&nbsp;600\u00baC.<\/p>\n<p>Kolejnym dodatkowym produktem linii VAB mo\u017ce by\u0107 komora ch\u0142odzenia powietrzem. Cz\u0119\u015bci po&nbsp;lutowaniu w&nbsp;temp. 600\u00baC s\u0105&nbsp;ch\u0142odzone poni\u017cej 500\u00baC i&nbsp;aby zwolni\u0107 komor\u0119 lutownicz\u0105 s\u0105&nbsp;transferowane do&nbsp;innej komory ch\u0142odzenia, gdzie s\u0105&nbsp;ch\u0142odzone wymienniki powietrzem. Aluminium w&nbsp;tej&nbsp;temperaturze ju\u017c si\u0119 nie&nbsp;utlenia i&nbsp;jest to&nbsp;bezpieczne dla jako\u015bci i&nbsp;powierzchni.<\/p>\n<p>&nbsp;<\/p>\n<p>[\/et_pb_tab][et_pb_tab title=&#8221; &#8221; _builder_version=&#8221;4.23.1&#8243; _module_preset=&#8221;default&#8221; global_colors_info=&#8221;{}&#8221;]<\/p>\n<p><strong><span style=\"color: #dc291e;\">\/ <\/span><\/strong>Pr\u00f3\u017cnia jako atmosfera ochronna i&nbsp;technologiczna eliminuje konieczno\u015b\u0107 stosowania szkodliwych gaz\u00f3w procesowych i&nbsp;ich emisji do&nbsp;otoczenia<br \/><strong><span style=\"color: #dc291e;\">\/ <\/span><\/strong>Brak emisji CO\u2082, brak u\u017cycia paliw kopalnianych<br \/><strong><span style=\"color: #dc291e;\">\/ <\/span><\/strong>Zastosowanie gazu do&nbsp;ch\u0142odzenia (azot, argon), pozyskiwanego i&nbsp;zwracanego do&nbsp;powietrza, neutralnego dla \u015brodowiska<br \/><strong><span style=\"color: #dc291e;\">\/ <\/span><\/strong>Wzmocniona izolacja termiczna oszcz\u0119dza energi\u0119 elektryczn\u0105 (ok. 20 %)<br \/><strong><span style=\"color: #dc291e;\"> \/ <\/span><\/strong>Wysoka sprawno\u015b\u0107 energetyczna u\u017cytych komponent\u00f3w elektrycznych (silniki klasy IE3, sterowanie falownikowe, itp.)<br \/><strong><span style=\"color: #dc291e;\">\/ <\/span><\/strong>Zastosowanie system\u00f3w i&nbsp;algorytm\u00f3w ograniczaj\u0105cych zu\u017cycie czynnik\u00f3w energetycznych i&nbsp;technologicznych (system pompowy, grzania i&nbsp;ch\u0142odzenia)<br \/><strong><span style=\"color: #dc291e;\">\/ <\/span><\/strong>Brak emisji szkodliwych substancji<br \/><strong><span style=\"color: #dc291e;\">\/ <\/span><\/strong>Zmniejszenie deformacji hartowniczych i&nbsp;koszt\u00f3w obr\u00f3bki twardej (hard machining)<br \/><strong><span style=\"color: #dc291e;\">\/ <\/span><\/strong>Eliminacja mycia cz\u0119\u015bci po&nbsp;obr\u00f3bce cieplnej.<\/p>\n<p>[\/et_pb_tab][\/et_pb_tabs][et_pb_code _builder_version=&#8221;4.16&#8243; _module_preset=&#8221;default&#8221; saved_tabs=&#8221;all&#8221; global_colors_info=&#8221;{}&#8221;]<pee style=\"text-align: center;\"><a class=\"small-button smallred\" style=\"font-size: 20px; padding: 20px 60px;\" href=\"https:\/\/www.secowarwick.com\/en\/request-for-quote\/\"><span style=\"display: block; transform: skew(15deg,0deg); -webkit-transform: skew(15deg,0deg); font-size: 20px; !important\">ASK FOR MORE<\/span><\/a><\/pee>[\/et_pb_code][\/et_pb_column][et_pb_column type=&#8221;1_4&#8243; _builder_version=&#8221;4.16&#8243; custom_padding=&#8221;|||&#8221; global_colors_info=&#8221;{}&#8221; custom_padding__hover=&#8221;|||&#8221;][et_pb_gallery gallery_ids=&#8221;81631,81624,81586,81594,81603,81617,81565,81572,75682&#8243; posts_number=&#8221;1&#8243; show_title_and_caption=&#8221;off&#8221; show_pagination=&#8221;off&#8221; zoom_icon_color=&#8221;#e2001a&#8221; module_class=&#8221;seco-products-gallery-new&#8221; _builder_version=&#8221;4.23.1&#8243; custom_css_overlay_icon=&#8221;content:&#8217;ZOBACZ GALERI\u0118&#8217; !important;&#8221; global_colors_info=&#8221;{}&#8221;][\/et_pb_gallery][et_pb_text admin_label=&#8221;btn_pl_premiumlibrary&#8221; module_class=&#8221;premium-library-button&#8221; _builder_version=&#8221;4.23.1&#8243; _module_preset=&#8221;default&#8221; text_orientation=&#8221;center&#8221; global_module=&#8221;157169&#8243; saved_tabs=&#8221;all&#8221; locked=&#8221;off&#8221; global_colors_info=&#8221;{}&#8221;]<\/p>\n<a href='https:\/\/www.secowarwick.com\/pl\/trescipremium\/' class='small-button smallred'><span>TRE\u015aCI PREMIUM<\/span><\/a>\n<p>[\/et_pb_text][et_pb_text admin_label=&#8221;R&#038;D PL&#8221; module_class=&#8221;product_widget_wrap_rd&#8221; _builder_version=&#8221;4.23.1&#8243; _module_preset=&#8221;default&#8221; text_orientation=&#8221;center&#8221; global_module=&#8221;165497&#8243; saved_tabs=&#8221;all&#8221; locked=&#8221;off&#8221; global_colors_info=&#8221;{}&#8221;]<\/p>\n<p><a href=\"https:\/\/www.secowarwick.com\/pl\/rd\/\"><span class=\"product_wigtet_name\">R&amp;D<\/span><\/a><\/p>\n<p>[\/et_pb_text][et_pb_text admin_label=&#8221;AUTOMATYKA PL&#8221; module_class=&#8221;product_widget_wrap_automation&#8221; _builder_version=&#8221;4.23.1&#8243; _module_preset=&#8221;default&#8221; global_module=&#8221;165495&#8243; saved_tabs=&#8221;all&#8221; locked=&#8221;off&#8221; global_colors_info=&#8221;{}&#8221;]<\/p>\n<p><a href=\"https:\/\/www.secowarwick.com\/pl\/service\/automatyka\/\"><span class=\"product_wigtet_name\">AUTOMATYKA<\/span><\/a><\/p>\n<p>[\/et_pb_text][et_pb_text admin_label=&#8221;SERVICE PL&#8221; module_class=&#8221;product_widget_wrap_service&#8221; _builder_version=&#8221;4.23.1&#8243; _module_preset=&#8221;default&#8221; global_module=&#8221;165500&#8243; saved_tabs=&#8221;all&#8221; locked=&#8221;off&#8221; global_colors_info=&#8221;{}&#8221;]<\/p>\n<p><a href=\"https:\/\/www.secowarwick.com\/pl\/profesjonalne-uslugi-serwisowe\/\"><span class=\"product_wigtet_name\">SERWIS<\/span><\/a><\/p>\n<p>[\/et_pb_text][et_pb_text admin_label=&#8221;SUPLEMENTALS PL&#8221; module_class=&#8221;product_widget_wrap_supleme&#8221; _builder_version=&#8221;4.23.1&#8243; _module_preset=&#8221;default&#8221; global_module=&#8221;165502&#8243; saved_tabs=&#8221;all&#8221; locked=&#8221;off&#8221; global_colors_info=&#8221;{}&#8221;]<\/p>\n<p><span class=\"product_wigtet_name\">DODATKOWE:<\/span><\/p>\n<p>[\/et_pb_text][et_pb_text admin_label=&#8221;Product brochure&#8221; module_class=&#8221;suplementals_product_brochure suplementals_wrap&#8221; _builder_version=&#8221;4.23.1&#8243; _module_preset=&#8221;default&#8221; hover_enabled=&#8221;0&#8243; locked=&#8221;off&#8221; global_colors_info=&#8221;{}&#8221; sticky_enabled=&#8221;0&#8243;]<\/p>\n<p><a href=\"https:\/\/www.secowarwick.com\/wp-content\/uploads\/2025\/10\/VAC-VAB-Line-WWW.pdf\" target=\"_blank\" rel=\"noopener\">Broszura produktu<\/a><\/p>\n<p>[\/et_pb_text][et_pb_text admin_label=&#8221;Katalog produkt\u00f3w vac pl&#8221; module_class=&#8221;suplementals_product_catalogue suplementals_wrap&#8221; _builder_version=&#8221;4.23.1&#8243; _module_preset=&#8221;default&#8221; global_module=&#8221;169522&#8243; saved_tabs=&#8221;all&#8221; locked=&#8221;off&#8221; global_colors_info=&#8221;{}&#8221;]<\/p>\n<p><a href=\"https:\/\/www.secowarwick.com\/wp-content\/uploads\/2025\/01\/VAC_catalogue_2024_web.pdf\" target=\"_blank\" rel=\"noopener\">Katalog produkt\u00f3w<\/a><\/p>\n<p>[\/et_pb_text][et_pb_text admin_label=&#8221;Product movie playlista&#8221; module_class=&#8221;suplementals_product_movie suplementals_wrap&#8221; _builder_version=&#8221;4.23.1&#8243; _module_preset=&#8221;default&#8221; global_module=&#8221;169535&#8243; saved_tabs=&#8221;all&#8221; locked=&#8221;off&#8221; global_colors_info=&#8221;{}&#8221;]<\/p>\n<p><a href=\"https:\/\/www.youtube.com\/playlist?list=PLa0hhW_hoQqEsIHM5LQtr9h_9UlwGFBO8\" target=\"_blank\" rel=\"noopener\">Film produktowy<\/a><\/p>\n<p>[\/et_pb_text][et_pb_text admin_label=&#8221;dnabook-pl&#8221; module_class=&#8221;suplementals_product_dna suplementals_wrap&#8221; _builder_version=&#8221;4.23.1&#8243; _module_preset=&#8221;default&#8221; global_module=&#8221;165509&#8243; saved_tabs=&#8221;all&#8221; locked=&#8221;off&#8221; global_colors_info=&#8221;{}&#8221;]<\/p>\n<p><a href=\"https:\/\/www.secowarwick.com\/wp-content\/uploads\/2025\/07\/DNA_BOOK.pdf\" target=\"_blank\" rel=\"noopener\">DNA\/BOOK<\/a><\/p>\n<p>[\/et_pb_text][et_pb_text admin_label=&#8221;ECO\/BOOK-pl&#8221; module_class=&#8221;suplementals_product_eco suplementals_wrap&#8221; _builder_version=&#8221;4.23.1&#8243; _module_preset=&#8221;default&#8221; global_module=&#8221;165511&#8243; saved_tabs=&#8221;all&#8221; locked=&#8221;off&#8221; global_colors_info=&#8221;{}&#8221;]<\/p>\n<p><a href=\"https:\/\/www.secowarwick.com\/wp-content\/uploads\/2023\/06\/ECOBOOK-2-1.pdf\" target=\"_blank\" rel=\"noopener\">ECO\/BOOK<\/a><\/p>\n<p>[\/et_pb_text][et_pb_text admin_label=&#8221;RFQ product widget pl&#8221; module_class=&#8221;product_widget_wrap_rfq-en&#8221; _builder_version=&#8221;4.23.1&#8243; _module_preset=&#8221;default&#8221; global_module=&#8221;186180&#8243; saved_tabs=&#8221;all&#8221; locked=&#8221;off&#8221; global_colors_info=&#8221;{}&#8221;]<\/p>\n<p style=\"text-align: center;\"><a class=\"small-button smallred\" href=\"https:\/\/www.secowarwick.com\/pl\/zapytaj-o-oferte\/\"><span class=\"product_wigtet_name\">ZAPYTAJ O&nbsp;OFERT\u0118<\/span><\/a><\/p>\n<p>[\/et_pb_text][\/et_pb_column][\/et_pb_row][\/et_pb_section]<\/p>\n","protected":false},"excerpt":{"rendered":"<p>[et_pb_breadcrumbs _builder_version=&#8221;3.6&#8243; global_colors_info=&#8221;{}&#8221;][\/et_pb_breadcrumbs]Linia piec\u00f3w VAB Piece do\u00a0lutowania aluminium w\u00a0pr\u00f3\u017cni Znana od\u00a0lat technologia VAB zyskuje na\u00a0znaczeniu z\u00a0uwagi na\u00a0sw\u0105 przyjazno\u015b\u0107 \u015brodowisku i\u00a0czysto\u015b\u0107 procesu. Piece VAB zapewniaj\u0105 niezawodne i\u00a0powtarzalne rezultaty po\u0142\u0105cze\u0144 lutowanych, w\u00a0szerokiej gamie urz\u0105dze\u0144 dopasowanych do\u00a0oczekiwa\u0144 i\u00a0wymaga\u0144 klient\u00f3w.Piece i&nbsp;technologia VAB (fluxless brazing) to&nbsp;rozwi\u0105zania do&nbsp;lutowania aluminium w&nbsp;pr\u00f3\u017cni. W&nbsp;swoim procesie eliminuj\u0105 topnik, kt\u00f3ry&nbsp;nie&nbsp;jest u\u017cywany do&nbsp;tworzenia po\u0142\u0105cze\u0144 dodatkiem stopowym w&nbsp;lutowanych [&hellip;]<\/p>\n","protected":false},"author":2,"featured_media":0,"parent":7225,"menu_order":0,"comment_status":"closed","ping_status":"closed","template":"","meta":{"_acf_changed":false,"_et_pb_use_builder":"on","_et_pb_old_content":"","_et_gb_content_width":"","footnotes":""},"class_list":["post-148278","page","type-page","status-publish"],"acf":[],"_links":{"self":[{"href":"https:\/\/www.secowarwick.com\/pl\/wp-json\/wp\/v2\/pages\/148278","targetHints":{"allow":["GET"]}}],"collection":[{"href":"https:\/\/www.secowarwick.com\/pl\/wp-json\/wp\/v2\/pages"}],"about":[{"href":"https:\/\/www.secowarwick.com\/pl\/wp-json\/wp\/v2\/types\/page"}],"author":[{"embeddable":true,"href":"https:\/\/www.secowarwick.com\/pl\/wp-json\/wp\/v2\/users\/2"}],"replies":[{"embeddable":true,"href":"https:\/\/www.secowarwick.com\/pl\/wp-json\/wp\/v2\/comments?post=148278"}],"version-history":[{"count":15,"href":"https:\/\/www.secowarwick.com\/pl\/wp-json\/wp\/v2\/pages\/148278\/revisions"}],"predecessor-version":[{"id":186553,"href":"https:\/\/www.secowarwick.com\/pl\/wp-json\/wp\/v2\/pages\/148278\/revisions\/186553"}],"up":[{"embeddable":true,"href":"https:\/\/www.secowarwick.com\/pl\/wp-json\/wp\/v2\/pages\/7225"}],"wp:attachment":[{"href":"https:\/\/www.secowarwick.com\/pl\/wp-json\/wp\/v2\/media?parent=148278"}],"curies":[{"name":"wp","href":"https:\/\/api.w.org\/{rel}","templated":true}]}}