{"id":148834,"date":"2023-11-08T15:20:55","date_gmt":"2023-11-08T14:20:55","guid":{"rendered":"https:\/\/www.secowarwick.com\/?page_id=148834"},"modified":"2023-11-13T10:42:32","modified_gmt":"2023-11-13T09:42:32","slug":"testy-pieca-vab","status":"publish","type":"page","link":"https:\/\/www.secowarwick.com\/pl\/produkty\/piece-prozniowe\/testy-pieca-vab\/","title":{"rendered":"Innowacyjny Piec do Proces\u00f3w VAB"},"content":{"rendered":"<p>[et_pb_section fb_built=&#8221;1&#8243; _builder_version=&#8221;4.19.2&#8243; _module_preset=&#8221;default&#8221; global_colors_info=&#8221;{}&#8221;][et_pb_row _builder_version=&#8221;4.19.2&#8243; _module_preset=&#8221;default&#8221; global_colors_info=&#8221;{}&#8221;][et_pb_column type=&#8221;4_4&#8243; _builder_version=&#8221;4.19.2&#8243; _module_preset=&#8221;default&#8221; global_colors_info=&#8221;{}&#8221;][et_pb_breadcrumbs _builder_version=&#8221;4.19.2&#8243; _module_preset=&#8221;default&#8221; global_colors_info=&#8221;{}&#8221;][\/et_pb_breadcrumbs][et_pb_text _builder_version=&#8221;4.19.2&#8243; _module_preset=&#8221;default&#8221; global_colors_info=&#8221;{}&#8221;]<\/p>\n<h1>Przedstawiamy Innowacyjny Piec do Proces\u00f3w VAB<\/h1>\n<p>W dziale R&amp;D zosta\u0142 opracowany nowy piec dedykowany do przeprowadzania pr\u00f3b i proces\u00f3w VAB. To unikalna okazja do samodzielnego sprawdzenia dzia\u0142ania technologii VAB oraz weryfikacji nowych stop\u00f3w aluminium pod k\u0105tem eliminacji Fluxa.<\/p>\n<h2>Otw\u00f3rz Drzwi do Przysz\u0142o\u015bci Obr\u00f3bki Cieplnej<\/h2>\n<p>Dzi\u0119ki temu innowacyjnemu rozwi\u0105zaniu, klienci maj\u0105 mo\u017cliwo\u015b\u0107 eksploracji najnowszych osi\u0105gni\u0119\u0107 w bran\u017cy obr\u00f3bki cieplnej. Nowy piec VAB w R&amp;D stanowi prze\u0142om w testowaniu i rozwijaniu innowacyjnych materia\u0142\u00f3w.<\/p>\n<h2>Zapraszamy do Wsp\u00f3\u0142pracy<\/h2>\n<p>Wsp\u00f3lnie mo\u017cemy redefiniowa\u0107 standardy w obr\u00f3bce cieplnej. Skontaktuj si\u0119 z nami ju\u017c dzi\u015b i do\u0142\u0105cz do przysz\u0142o\u015bci obr\u00f3bki cieplnej.<\/p>\n<p>[\/et_pb_text][et_pb_text _builder_version=&#8221;4.19.2&#8243; _module_preset=&#8221;default&#8221; global_colors_info=&#8221;{}&#8221;]<\/p>\n<p>&nbsp;<\/p>\n<p>&nbsp;<\/p>\n<p>[\/et_pb_text][et_pb_code _builder_version=&#8221;4.19.2&#8243; _module_preset=&#8221;default&#8221; saved_tabs=&#8221;all&#8221; locked=&#8221;off&#8221; global_colors_info=&#8221;{}&#8221;]<pee style=\"text-align: center;\"><a class=\"small-button smallred\" style=\"font-size: 20px; padding: 20px 60px;\" href=\"https:\/\/www.secowarwick.com\/pl\/zapytaj-o-oferte\/\"><span style=\"display: block; transform: skew(15deg,0deg); -webkit-transform: skew(15deg,0deg); font-size: 20px; !important\">DOWIEDZ SI\u0118 WI\u0118CEJ<\/span><\/a><\/pee>[\/et_pb_code][et_pb_text _builder_version=&#8221;4.19.2&#8243; _module_preset=&#8221;default&#8221; global_colors_info=&#8221;{}&#8221;]<\/p>\n<p>&nbsp;<\/p>\n<p>&nbsp;<\/p>\n<p>[\/et_pb_text][et_pb_image src=&#8221;https:\/\/www.secowarwick.com\/wp-content\/uploads\/2023\/11\/VECTOR-VAB.jpg&#8221; alt=&#8221;Nowy piec VAB w R&#038;D&#8221; title_text=&#8221;VECTOR VAB&#8221; _builder_version=&#8221;4.19.2&#8243; _module_preset=&#8221;default&#8221; global_colors_info=&#8221;{}&#8221;][\/et_pb_image][\/et_pb_column][\/et_pb_row][\/et_pb_section]<\/p>\n","protected":false},"excerpt":{"rendered":"<p>[et_pb_breadcrumbs _builder_version=&#8221;4.19.2&#8243; _module_preset=&#8221;default&#8221; global_colors_info=&#8221;{}&#8221;][\/et_pb_breadcrumbs]Przedstawiamy Innowacyjny Piec do Proces\u00f3w VAB W dziale R&amp;D zosta\u0142 opracowany nowy piec dedykowany do przeprowadzania pr\u00f3b i proces\u00f3w VAB. To unikalna okazja do samodzielnego sprawdzenia dzia\u0142ania technologii VAB oraz weryfikacji nowych stop\u00f3w aluminium pod k\u0105tem eliminacji Fluxa. Otw\u00f3rz Drzwi do Przysz\u0142o\u015bci Obr\u00f3bki Cieplnej Dzi\u0119ki temu innowacyjnemu rozwi\u0105zaniu, klienci maj\u0105 mo\u017cliwo\u015b\u0107 eksploracji [&hellip;]<\/p>\n","protected":false},"author":2,"featured_media":0,"parent":7225,"menu_order":0,"comment_status":"closed","ping_status":"closed","template":"","meta":{"_acf_changed":false,"_et_pb_use_builder":"on","_et_pb_old_content":"","_et_gb_content_width":"","footnotes":""},"class_list":["post-148834","page","type-page","status-publish"],"acf":[],"_links":{"self":[{"href":"https:\/\/www.secowarwick.com\/pl\/wp-json\/wp\/v2\/pages\/148834","targetHints":{"allow":["GET"]}}],"collection":[{"href":"https:\/\/www.secowarwick.com\/pl\/wp-json\/wp\/v2\/pages"}],"about":[{"href":"https:\/\/www.secowarwick.com\/pl\/wp-json\/wp\/v2\/types\/page"}],"author":[{"embeddable":true,"href":"https:\/\/www.secowarwick.com\/pl\/wp-json\/wp\/v2\/users\/2"}],"replies":[{"embeddable":true,"href":"https:\/\/www.secowarwick.com\/pl\/wp-json\/wp\/v2\/comments?post=148834"}],"version-history":[{"count":6,"href":"https:\/\/www.secowarwick.com\/pl\/wp-json\/wp\/v2\/pages\/148834\/revisions"}],"predecessor-version":[{"id":148857,"href":"https:\/\/www.secowarwick.com\/pl\/wp-json\/wp\/v2\/pages\/148834\/revisions\/148857"}],"up":[{"embeddable":true,"href":"https:\/\/www.secowarwick.com\/pl\/wp-json\/wp\/v2\/pages\/7225"}],"wp:attachment":[{"href":"https:\/\/www.secowarwick.com\/pl\/wp-json\/wp\/v2\/media?parent=148834"}],"curies":[{"name":"wp","href":"https:\/\/api.w.org\/{rel}","templated":true}]}}