{"id":149623,"date":"2023-11-27T15:13:31","date_gmt":"2023-11-27T14:13:31","guid":{"rendered":"https:\/\/www.secowarwick.com\/?page_id=149623"},"modified":"2025-04-23T13:25:37","modified_gmt":"2025-04-23T11:25:37","slug":"piec-komorowy-gazowy-kuzniczy","status":"publish","type":"page","link":"https:\/\/www.secowarwick.com\/pl\/piec-przemyslowy-z-drugiej-reki\/piec-komorowy-gazowy-kuzniczy\/","title":{"rendered":"Piec gazowy ku\u017aniczy"},"content":{"rendered":"<p>[et_pb_section fb_built=&#8221;1&#8243; admin_label=&#8221;section&#8221; _builder_version=&#8221;4.16&#8243; custom_padding=&#8221;0px|||&#8221; transparent_background=&#8221;off&#8221; make_fullwidth=&#8221;off&#8221; use_custom_width=&#8221;off&#8221; width_unit=&#8221;on&#8221; global_colors_info=&#8221;{}&#8221;][et_pb_row _builder_version=&#8221;4.16&#8243; _module_preset=&#8221;default&#8221; global_colors_info=&#8221;{}&#8221;][et_pb_column type=&#8221;4_4&#8243; _builder_version=&#8221;4.16&#8243; _module_preset=&#8221;default&#8221; global_colors_info=&#8221;{}&#8221;][et_pb_breadcrumbs _builder_version=&#8221;4.10.3&#8243; _module_preset=&#8221;default&#8221; global_colors_info=&#8221;{}&#8221;][\/et_pb_breadcrumbs][\/et_pb_column][\/et_pb_row][et_pb_row admin_label=&#8221;row&#8221; _builder_version=&#8221;4.16&#8243; background_size=&#8221;initial&#8221; background_position=&#8221;top_left&#8221; background_repeat=&#8221;repeat&#8221; custom_padding=&#8221;0px|||&#8221; make_fullwidth=&#8221;off&#8221; use_custom_width=&#8221;off&#8221; width_unit=&#8221;on&#8221; global_colors_info=&#8221;{}&#8221;][et_pb_column type=&#8221;4_4&#8243; _builder_version=&#8221;4.16&#8243; custom_padding=&#8221;|||&#8221; global_colors_info=&#8221;{}&#8221; custom_padding__hover=&#8221;|||&#8221;][et_pb_divider show_divider=&#8221;off&#8221; _builder_version=&#8221;4.16&#8243; _module_preset=&#8221;default&#8221; global_colors_info=&#8221;{}&#8221;][\/et_pb_divider][et_pb_text module_class=&#8221;red-square-list-parent&#8221; _builder_version=&#8221;4.23.1&#8243; background_size=&#8221;initial&#8221; background_position=&#8221;top_left&#8221; background_repeat=&#8221;repeat&#8221; use_border_color=&#8221;off&#8221; global_colors_info=&#8221;{}&#8221;]<\/p>\n<h1>PIEC GAZOWY KOMOROWY KU\u0179NICZY<\/h1>\n<h2>TYP IPT<\/h2>\n<p>Piec komorowy gazowy ku\u017aniczy przeznaczony do&nbsp;nagrzewania element\u00f3w stalowych umieszczonych bezpo\u015brednio na&nbsp;trzonie pieca \u00a0w temperaturze maksymalnej\u00a0 do&nbsp;1300 st. C&nbsp;w&nbsp;atmosferze spalin.<\/p>\n<h3>Informacje og\u00f3lne:<\/h3>\n<p><span style=\"color: #ff0000;\">\/<\/span> Piec gazowy komorowy ku\u017aniczy,<br \/><span style=\"color: #ff0000;\">\/ <\/span>Producent Industrial Process Technology,<br \/><span style=\"color: #ff0000;\">\/ <\/span>Rok produkcji: 2021,<br \/><span style=\"color: #ff0000;\">\/ <\/span>Lokalizacja: Polska Po\u0142udniowa<br \/><span style=\"color: #ff0000;\">\/ <\/span>Piec od\u0142\u0105czony- gotowy do&nbsp;relokacji,<br \/><span style=\"color: #ff0000;\">\/ <\/span>Stan: Piec nie&nbsp;wykona\u0142 ani jednego procesu poza rozruchem po&nbsp;pierwszym monta\u017cu.<br \/><span style=\"color: #ff0000;\">\/ <\/span>Oferujemy ocen\u0119 techniczn\u0105, relokacj\u0119 oraz&nbsp;monta\u017c urz\u0105dzenia w&nbsp;miejscu docelowym na&nbsp;trenie E.U.<\/p>\n<p>[\/et_pb_text][\/et_pb_column][\/et_pb_row][\/et_pb_section][et_pb_section fb_built=&#8221;1&#8243; admin_label=&#8221;section&#8221; _builder_version=&#8221;4.19.2&#8243; background_color=&#8221;#f8f8f8&#8243; custom_margin=&#8221;-20px||||false|false&#8221; custom_padding=&#8221;0px||||false|false&#8221; transparent_background=&#8221;off&#8221; make_fullwidth=&#8221;off&#8221; use_custom_width=&#8221;off&#8221; width_unit=&#8221;on&#8221; global_colors_info=&#8221;{}&#8221;][et_pb_row column_structure=&#8221;1_2,1_2&#8243; admin_label=&#8221;row&#8221; _builder_version=&#8221;4.19.2&#8243; background_size=&#8221;initial&#8221; background_position=&#8221;top_left&#8221; background_repeat=&#8221;repeat&#8221; custom_margin=&#8221;-20px||||false|false&#8221; global_colors_info=&#8221;{}&#8221;][et_pb_column type=&#8221;1_2&#8243; _builder_version=&#8221;4.16&#8243; custom_padding=&#8221;|||&#8221; global_colors_info=&#8221;{}&#8221; custom_padding__hover=&#8221;|||&#8221;][et_pb_gallery gallery_ids=&#8221;149616,149609&#8243; posts_number=&#8221;1&#8243; show_title_and_caption=&#8221;off&#8221; show_pagination=&#8221;off&#8221; zoom_icon_color=&#8221;#e2001a&#8221; module_class=&#8221;seco-products-gallery-new2025&#8243; _builder_version=&#8221;4.23.1&#8243; custom_margin=&#8221;||||false|false&#8221; hover_enabled=&#8221;0&#8243; locked=&#8221;off&#8221; global_colors_info=&#8221;{}&#8221; custom_css_free_form=&#8221;.et_overlay:before { content: 'GALERIA&#8217; !important; }&#8221; sticky_enabled=&#8221;0&#8243;][\/et_pb_gallery][et_pb_image src=&#8221;https:\/\/www.secowarwick.com\/wp-content\/uploads\/2023\/11\/ITRmini.png&#8221; alt=&#8221;PIEC GAZOWY KOMOROWY KU\u0179NICZY&#8221; title_text=&#8221;ITRmini&#8221; align_tablet=&#8221;center&#8221; align_phone=&#8221;&#8221; align_last_edited=&#8221;on|desktop&#8221; _builder_version=&#8221;4.19.2&#8243; global_colors_info=&#8221;{}&#8221;][\/et_pb_image][\/et_pb_column][et_pb_column type=&#8221;1_2&#8243; _builder_version=&#8221;4.16&#8243; custom_padding=&#8221;|||&#8221; global_colors_info=&#8221;{}&#8221; custom_padding__hover=&#8221;|||&#8221;][et_pb_text admin_label=&#8221;apostrof&#8221; module_class=&#8221;przecinek-tlo-nizej&#8221; _builder_version=&#8221;4.19.2&#8243; custom_margin=&#8221;||||false|false&#8221; custom_margin_tablet=&#8221;&#8221; custom_margin_phone=&#8221;&#8221; custom_margin_last_edited=&#8221;on|desktop&#8221; saved_tabs=&#8221;all&#8221; global_colors_info=&#8221;{}&#8221;]<\/p>\n<h2>Dane techniczne<\/h2>\n<p>[\/et_pb_text][et_pb_text _builder_version=&#8221;4.19.2&#8243; _module_preset=&#8221;default&#8221; global_colors_info=&#8221;{}&#8221;]<\/p>\n<h2>\u00a0<\/h2>\n<table style=\"width: 100.606%; height: 734px;\" width=\"549\">\n<tbody>\n<tr style=\"height: 34px;\">\n<td style=\"height: 34px; width: 126.425%;\" colspan=\"3\" width=\"549\"><strong>Wymiary okna wsadowego:<\/strong><\/td>\n<\/tr>\n<tr style=\"height: 18px;\">\n<td style=\"width: 62.651%; height: 18px;\" width=\"354\">Szeroko\u015b\u0107<\/td>\n<td style=\"width: 17.5527%; height: 18px; text-align: center;\" width=\"78\">800<\/td>\n<td style=\"width: 46.2216%; height: 18px; text-align: center;\" width=\"116\">mm<\/td>\n<\/tr>\n<tr style=\"height: 21px;\">\n<td style=\"width: 62.651%; height: 21px;\" width=\"354\">Wysoko\u015b\u0107<\/td>\n<td style=\"width: 17.5527%; height: 21px; text-align: center;\" width=\"78\">400<\/td>\n<td style=\"width: 46.2216%; height: 21px; text-align: center;\" width=\"116\">mm<\/td>\n<\/tr>\n<tr style=\"height: 27px;\">\n<td style=\"width: 126.425%; height: 27px;\" colspan=\"3\" width=\"354\"><strong>Wymiary przestrzeni u\u017cytecznej:<\/strong><\/td>\n<\/tr>\n<tr style=\"height: 30px;\">\n<td style=\"width: 62.651%; height: 30px;\" width=\"354\">Szeroko\u015b\u0107<\/td>\n<td style=\"width: 17.5527%; height: 30px; text-align: center;\" width=\"78\">800<\/td>\n<td style=\"width: 46.2216%; height: 30px; text-align: center;\" width=\"116\">mm<\/td>\n<\/tr>\n<tr style=\"height: 19px;\">\n<td style=\"width: 62.651%; height: 19px;\" width=\"354\">Wysoko\u015b\u0107<\/td>\n<td style=\"width: 17.5527%; height: 19px; text-align: center;\" width=\"78\">300<\/td>\n<td style=\"width: 46.2216%; height: 19px; text-align: center;\" width=\"116\">mm<\/td>\n<\/tr>\n<tr style=\"height: 12px;\">\n<td style=\"width: 62.651%; height: 12px;\" width=\"354\">D\u0142ugo\u015b\u0107<\/td>\n<td style=\"width: 17.5527%; height: 12px; text-align: center;\" width=\"78\">1200<\/td>\n<td style=\"width: 46.2216%; height: 12px; text-align: center;\" width=\"116\">mm<\/td>\n<\/tr>\n<tr style=\"height: 25px;\">\n<td style=\"width: 126.425%; height: 25px;\" colspan=\"3\" width=\"354\">\u00a0<\/td>\n<\/tr>\n<tr style=\"height: 18px;\">\n<td style=\"width: 62.651%; height: 18px;\" width=\"354\">Maksymalna obci\u0105\u017cenie trzonu<\/td>\n<td style=\"width: 17.5527%; height: 18px; text-align: center;\" width=\"78\">800<\/td>\n<td style=\"width: 46.2216%; height: 18px; text-align: center;\" width=\"116\">kg<\/td>\n<\/tr>\n<tr style=\"height: 20px;\">\n<td style=\"width: 62.651%; height: 20px;\" width=\"354\">Maksymalna wydajno\u015b\u0107 pieca<\/td>\n<td style=\"width: 17.5527%; height: 20px; text-align: center;\" width=\"78\">400<\/td>\n<td style=\"width: 46.2216%; height: 20px; text-align: center;\" width=\"116\">kg\/godz<\/td>\n<\/tr>\n<tr style=\"height: 15px;\">\n<td style=\"width: 126.425%; height: 15px;\" colspan=\"3\" width=\"354\"><strong>Wymiary gabarytowe pieca wraz z&nbsp;instalacjami i&nbsp;szaf\u0105 sterownicz\u0105:<\/strong><\/td>\n<\/tr>\n<tr style=\"height: 18px;\">\n<td style=\"width: 62.651%; height: 18px;\" width=\"354\">Szeroko\u015b\u0107:<\/td>\n<td style=\"width: 17.5527%; height: 18px; text-align: center;\" width=\"78\">~3 000<\/td>\n<td style=\"width: 46.2216%; height: 18px; text-align: center;\" width=\"116\">mm<\/td>\n<\/tr>\n<tr style=\"height: 31px;\">\n<td style=\"width: 62.651%; height: 31px;\" width=\"354\">Wysoko\u015b\u0107:<\/td>\n<td style=\"width: 17.5527%; height: 31px; text-align: center;\" width=\"78\">~4 500<\/td>\n<td style=\"width: 46.2216%; height: 31px; text-align: center;\" width=\"116\">mm<\/td>\n<\/tr>\n<tr style=\"height: 23px;\">\n<td style=\"width: 62.651%; height: 23px;\" width=\"354\">D\u0142ugo\u015b\u0107:<\/td>\n<td style=\"width: 17.5527%; height: 23px; text-align: center;\" width=\"78\">~4 800<\/td>\n<td style=\"width: 46.2216%; height: 23px; text-align: center;\" width=\"116\">mm<\/td>\n<\/tr>\n<tr style=\"height: 10px;\">\n<td style=\"width: 62.651%; height: 10px;\" width=\"354\">\u00a0<\/td>\n<td style=\"height: 10px; text-align: center; width: 63.7743%;\" colspan=\"2\" width=\"195\">\u00a0<\/td>\n<\/tr>\n<tr style=\"height: 10px;\">\n<td style=\"width: 62.651%; height: 10px;\" width=\"354\">Masa pieca<\/td>\n<td style=\"width: 17.5527%; height: 10px; text-align: center;\" width=\"78\">~9 800<\/td>\n<td style=\"width: 46.2216%; height: 10px; text-align: center;\" width=\"116\">kg<\/td>\n<\/tr>\n<tr style=\"height: 10px;\">\n<td style=\"width: 62.651%; height: 10px;\" width=\"354\">Spos\u00f3b za\u0142adunku<\/td>\n<td style=\"width: 63.7743%; height: 10px; text-align: center;\" colspan=\"2\" width=\"195\">r\u0119czny<\/td>\n<\/tr>\n<tr style=\"height: 18px;\">\n<td style=\"width: 62.651%; height: 18px;\" width=\"354\">Poziom za\u0142adowczy<\/td>\n<td style=\"width: 17.5527%; height: 18px; text-align: center;\" width=\"78\">~1 100<\/td>\n<td style=\"width: 46.2216%; height: 18px; text-align: center;\" width=\"116\">mm<\/td>\n<\/tr>\n<tr style=\"height: 23px;\">\n<td style=\"width: 62.651%; height: 23px;\">Temperatura znamionowa pieca<\/td>\n<td style=\"width: 17.5527%; text-align: center; height: 23px;\">1 300<\/td>\n<td style=\"width: 46.2216%; text-align: center; height: 23px;\">\u00b0C<\/td>\n<\/tr>\n<tr style=\"height: 23px;\">\n<td style=\"width: 62.651%; height: 23px;\">Zalecana temperatura robocza pieca<\/td>\n<td style=\"width: 17.5527%; text-align: center; height: 23px;\">1 280<\/td>\n<td style=\"width: 46.2216%; text-align: center; height: 23px;\">\u00b0C<\/td>\n<\/tr>\n<tr style=\"height: 23px;\">\n<td style=\"width: 62.651%; height: 23px;\">Pr\u0119dko\u015b\u0107 rozgrzewu pustego pieca<\/td>\n<td style=\"width: 17.5527%; text-align: center; height: 23px;\">150<\/td>\n<td style=\"width: 46.2216%; text-align: center; height: 23px;\">\u00b0C\/h<\/td>\n<\/tr>\n<tr style=\"height: 23px;\">\n<td style=\"width: 62.651%; height: 23px;\">Rodzaj atmosfery<\/td>\n<td style=\"text-align: center; width: 63.7743%; height: 23px;\" colspan=\"2\">spaliny<\/td>\n<\/tr>\n<tr style=\"height: 18px;\">\n<td style=\"width: 126.425%; height: 18px;\" colspan=\"3\" width=\"354\"><strong><br \/>Energia elektryczna:<br \/><\/strong><\/td>\n<\/tr>\n<tr style=\"height: 23px;\">\n<td style=\"width: 62.651%; height: 23px;\">&#8211; zasilanie:<\/td>\n<td style=\"width: 17.5527%; text-align: center; height: 23px;\">3\/N\/PE 400\/230<\/td>\n<td style=\"width: 46.2216%; text-align: center; height: 23px;\">V&nbsp;AC<\/td>\n<\/tr>\n<tr style=\"height: 23px;\">\n<td style=\"width: 62.651%; height: 23px;\">&#8211; cz\u0119stotliwo\u015b\u0107:<\/td>\n<td style=\"width: 17.5527%; text-align: center; height: 23px;\">50<\/td>\n<td style=\"width: 46.2216%; text-align: center; height: 23px;\">Hz<\/td>\n<\/tr>\n<tr style=\"height: 23px;\">\n<td style=\"width: 62.651%; height: 23px;\">&#8211; obwody sterownicze:<\/td>\n<td style=\"width: 17.5527%; text-align: center; height: 23px;\">24<\/td>\n<td style=\"width: 46.2216%; text-align: center; height: 23px;\">V&nbsp;DC<\/td>\n<\/tr>\n<tr style=\"height: 23px;\">\n<td style=\"width: 62.651%; height: 23px;\">\u00a0<\/td>\n<td style=\"text-align: center; width: 63.7743%; height: 23px;\" colspan=\"2\">\u00a0<\/td>\n<\/tr>\n<tr style=\"height: 23px;\">\n<td style=\"width: 62.651%; height: 23px;\">Zainstalowana moc elektryczna<\/td>\n<td style=\"width: 17.5527%; text-align: center; height: 23px;\">~4<\/td>\n<td style=\"width: 46.2216%; text-align: center; height: 23px;\">kW<\/td>\n<\/tr>\n<tr style=\"height: 10px;\">\n<td style=\"width: 62.651%; height: 10px;\" colspan=\"3\"><strong><strong><br \/>System grzejny:<\/strong><\/strong><\/td>\n<\/tr>\n<tr style=\"height: 10px;\">\n<td style=\"width: 62.651%; height: 10px;\" width=\"313\">&#8211; ilo\u015b\u0107 stref grzejnych:<\/td>\n<td style=\"width: 63.7743%; height: 10px;\" colspan=\"2\" width=\"97\">\n<p style=\"text-align: center;\">1<\/p>\n<\/td>\n<\/tr>\n<tr style=\"height: 10px;\">\n<td style=\"width: 62.651%; height: 10px;\" width=\"313\">&#8211; typ palnik\u00f3w:<\/td>\n<td style=\"width: 63.7743%; height: 10px;\" colspan=\"2\" width=\"97\">\n<p style=\"text-align: center;\">BIO65HB-400\/335-(34)E<\/p>\n<\/td>\n<\/tr>\n<tr style=\"height: 10px;\">\n<td style=\"width: 62.651%; height: 10px;\" width=\"313\">&#8211; \u0142\u0105czna ilo\u015b\u0107 palnik\u00f3w:<\/td>\n<td style=\"width: 17.5527%; height: 10px; text-align: center;\" width=\"97\">2<\/td>\n<td style=\"width: 46.2216%; height: 10px; text-align: center;\" width=\"183\">\u00a0szt.<\/td>\n<\/tr>\n<tr style=\"height: 10px;\">\n<td style=\"width: 62.651%; height: 10px;\" width=\"313\">&#8211; moc grzejna palnik\u00f3w:<\/td>\n<td style=\"width: 17.5527%; height: 10px; text-align: center;\" width=\"97\">180<\/td>\n<td style=\"width: 46.2216%; height: 10px; text-align: center;\" width=\"183\">\u00a0kW<\/td>\n<\/tr>\n<tr style=\"height: 10px;\">\n<td style=\"width: 126.425%; height: 10px;\" colspan=\"3\" width=\"411\"><strong>&#8211; zalecany zakres regulacji mocy grzejnej:<\/strong><\/td>\n<\/tr>\n<tr style=\"height: 10px;\">\n<td style=\"width: 62.651%; height: 10px;\" width=\"313\">&#8211; moc minimalna:<\/td>\n<td style=\"width: 17.5527%; height: 10px; text-align: center;\" width=\"97\">~19<\/td>\n<td style=\"width: 46.2216%; height: 10px; text-align: center;\" width=\"183\">\u00a0kW<\/td>\n<\/tr>\n<tr style=\"height: 10px;\">\n<td style=\"width: 62.651%; height: 10px;\" width=\"313\">&#8211; moc maksymalna:<\/td>\n<td style=\"width: 17.5527%; height: 10px; text-align: center;\" width=\"97\">~75<\/td>\n<td style=\"width: 46.2216%; height: 10px; text-align: center;\" width=\"183\">kW<\/td>\n<\/tr>\n<tr style=\"height: 10px;\">\n<td style=\"width: 62.651%; height: 10px;\" width=\"313\">&#8211; gaz ziemny typu:<\/td>\n<td style=\"width: 63.7743%; height: 10px; text-align: center;\" colspan=\"2\" width=\"97\">(E) lub GZ50<\/td>\n<\/tr>\n<tr style=\"height: 10px;\">\n<td style=\"width: 62.651%; height: 10px;\" width=\"313\">&#8211; ci\u015bnienie na&nbsp;przy\u0142\u0105czu:<\/td>\n<td style=\"width: 17.5527%; height: 10px; text-align: center;\" width=\"97\">250<\/td>\n<td style=\"width: 46.2216%; height: 10px; text-align: center;\" width=\"183\">\u00a0mbar<\/td>\n<\/tr>\n<tr style=\"height: 10px;\">\n<td style=\"width: 62.651%; height: 10px;\" width=\"313\">&#8211; wielko\u015b\u0107 przy\u0142\u0105cza:<\/td>\n<td style=\"width: 63.7743%; height: 10px; text-align: center;\" colspan=\"2\" width=\"97\">1\u00bd\u201d<\/td>\n<\/tr>\n<tr style=\"height: 10px;\">\n<td style=\"width: 62.651%; height: 10px;\" width=\"313\">&#8211; przepustowo\u015b\u0107 przy\u0142\u0105cza:<\/td>\n<td style=\"width: 17.5527%; height: 10px; text-align: center;\" width=\"97\">~30<\/td>\n<td style=\"width: 46.2216%; height: 10px; text-align: center;\" width=\"183\">\u00a0m<sup>3<\/sup>\/h<\/td>\n<\/tr>\n<tr style=\"height: 10px;\">\n<td style=\"width: 126.425%; height: 10px;\" colspan=\"3\" width=\"313\"><strong>Drzwi termiczne pieca:<\/strong><\/td>\n<\/tr>\n<tr style=\"height: 10px;\">\n<td style=\"width: 62.651%; height: 10px;\" width=\"313\">&#8211; nap\u0119d drzwi pieca:<\/td>\n<td style=\"width: 63.7743%; height: 10px; text-align: center;\" colspan=\"2\" width=\"97\">elektromechaniczny,<\/td>\n<\/tr>\n<tr style=\"height: 10px;\">\n<td style=\"width: 62.651%; height: 10px;\" width=\"313\">&#8211; kierunek otwierania\/zamykania drzwi:<\/td>\n<td style=\"width: 17.5527%; height: 10px; text-align: center;\" colspan=\"2\" width=\"97\">g\u00f3ra\/d\u00f3\u0142<\/td>\n<\/tr>\n<\/tbody>\n<\/table>\n<p>&nbsp;<\/p>\n<p><a href=\"#_ftnref1\" name=\"_ftn1\"><\/a><\/p>\n<p>[\/et_pb_text][\/et_pb_column][\/et_pb_row][\/et_pb_section]<\/p>\n","protected":false},"excerpt":{"rendered":"<p>[et_pb_breadcrumbs _builder_version=&#8221;4.10.3&#8243; _module_preset=&#8221;default&#8221; global_colors_info=&#8221;{}&#8221;][\/et_pb_breadcrumbs]PIEC GAZOWY KOMOROWY KU\u0179NICZY TYP IPT Piec komorowy gazowy ku\u017aniczy przeznaczony do&nbsp;nagrzewania element\u00f3w stalowych umieszczonych bezpo\u015brednio na&nbsp;trzonie pieca \u00a0w temperaturze maksymalnej\u00a0 do&nbsp;1300 st. C&nbsp;w&nbsp;atmosferze spalin. Informacje og\u00f3lne: \/ Piec gazowy komorowy ku\u017aniczy,\/ Producent Industrial Process Technology,\/ Rok produkcji: 2021,\/ Lokalizacja: Polska Po\u0142udniowa\/ Piec od\u0142\u0105czony- gotowy do&nbsp;relokacji,\/ Stan: Piec nie&nbsp;wykona\u0142 ani jednego procesu [&hellip;]<\/p>\n","protected":false},"author":2,"featured_media":0,"parent":138631,"menu_order":0,"comment_status":"closed","ping_status":"closed","template":"","meta":{"_acf_changed":false,"_et_pb_use_builder":"on","_et_pb_old_content":"","_et_gb_content_width":"","footnotes":""},"class_list":["post-149623","page","type-page","status-publish"],"acf":[],"_links":{"self":[{"href":"https:\/\/www.secowarwick.com\/pl\/wp-json\/wp\/v2\/pages\/149623","targetHints":{"allow":["GET"]}}],"collection":[{"href":"https:\/\/www.secowarwick.com\/pl\/wp-json\/wp\/v2\/pages"}],"about":[{"href":"https:\/\/www.secowarwick.com\/pl\/wp-json\/wp\/v2\/types\/page"}],"author":[{"embeddable":true,"href":"https:\/\/www.secowarwick.com\/pl\/wp-json\/wp\/v2\/users\/2"}],"replies":[{"embeddable":true,"href":"https:\/\/www.secowarwick.com\/pl\/wp-json\/wp\/v2\/comments?post=149623"}],"version-history":[{"count":9,"href":"https:\/\/www.secowarwick.com\/pl\/wp-json\/wp\/v2\/pages\/149623\/revisions"}],"predecessor-version":[{"id":176548,"href":"https:\/\/www.secowarwick.com\/pl\/wp-json\/wp\/v2\/pages\/149623\/revisions\/176548"}],"up":[{"embeddable":true,"href":"https:\/\/www.secowarwick.com\/pl\/wp-json\/wp\/v2\/pages\/138631"}],"wp:attachment":[{"href":"https:\/\/www.secowarwick.com\/pl\/wp-json\/wp\/v2\/media?parent=149623"}],"curies":[{"name":"wp","href":"https:\/\/api.w.org\/{rel}","templated":true}]}}