{"id":149681,"date":"2023-11-29T13:27:04","date_gmt":"2023-11-29T12:27:04","guid":{"rendered":"https:\/\/www.secowarwick.com\/?page_id=149681"},"modified":"2025-11-03T15:49:47","modified_gmt":"2025-11-03T14:49:47","slug":"lutowanie-prozniowe-elementow-elektrycznych","status":"publish","type":"page","link":"https:\/\/www.secowarwick.com\/pl\/lutowanie-prozniowe-elementow-elektrycznych\/","title":{"rendered":"Piec pr\u00f3\u017cniowy do lutowania prze\u0142\u0105cznik\u00f3w pr\u00f3\u017cniowych"},"content":{"rendered":"<p>[et_pb_section fb_built=&#8221;1&#8243; _builder_version=&#8221;4.16&#8243; global_colors_info=&#8221;{}&#8221;][et_pb_row _builder_version=&#8221;4.16&#8243; background_size=&#8221;initial&#8221; background_position=&#8221;top_left&#8221; background_repeat=&#8221;repeat&#8221; global_colors_info=&#8221;{}&#8221;][et_pb_column type=&#8221;4_4&#8243; _builder_version=&#8221;4.16&#8243; custom_padding=&#8221;|||&#8221; global_colors_info=&#8221;{}&#8221; custom_padding__hover=&#8221;|||&#8221;][et_pb_image src=&#8221;https:\/\/www.secowarwick.com\/wp-content\/uploads\/2023\/11\/brazing-vacuum-interrupters.jpg&#8221; alt=&#8221;Vacuum furnace for brazing vacuum interrupters  &#8221; title_text=&#8221;brazing vacuum interrupters&#8221; align_tablet=&#8221;center&#8221; align_phone=&#8221;center&#8221; align_last_edited=&#8221;on|desktop&#8221; _builder_version=&#8221;4.19.2&#8243; global_colors_info=&#8221;{}&#8221;][\/et_pb_image][et_pb_breadcrumbs _builder_version=&#8221;3.6&#8243; global_colors_info=&#8221;{}&#8221;][\/et_pb_breadcrumbs][\/et_pb_column][\/et_pb_row][et_pb_row column_structure=&#8221;3_4,1_4&#8243; _builder_version=&#8221;4.16&#8243; global_colors_info=&#8221;{}&#8221;][et_pb_column type=&#8221;3_4&#8243; _builder_version=&#8221;4.16&#8243; custom_padding=&#8221;|||&#8221; global_colors_info=&#8221;{}&#8221; custom_padding__hover=&#8221;|||&#8221;][et_pb_text _builder_version=&#8221;4.23.1&#8243; text_orientation=&#8221;justified&#8221; custom_margin_tablet=&#8221;&#8221; custom_margin_phone=&#8221;-40px|||&#8221; custom_margin_last_edited=&#8221;on|phone&#8221; global_colors_info=&#8221;{}&#8221;]<\/p>\n<h1><span class=\"EOP SCXW135131425 BCX0\" data-ccp-props=\"{&quot;201341983&quot;:0,&quot;335559685&quot;:360,&quot;335559739&quot;:0,&quot;335559740&quot;:259}\"><span class=\"TextRun SCXW64762054 BCX0\" lang=\"PL-PL\" xml:lang=\"PL-PL\" data-contrast=\"auto\"><span class=\"NormalTextRun SCXW64762054 BCX0\">Piec pr\u00f3\u017cniowy do\u00a0lutowania prze\u0142\u0105cznik\u00f3w pr\u00f3\u017cniowych\u00a0<\/span><\/span><span class=\"EOP SCXW64762054 BCX0\" data-ccp-props=\"{&quot;201341983&quot;:0,&quot;335559685&quot;:360,&quot;335559739&quot;:0,&quot;335559740&quot;:259}\">\u00a0<\/span> <\/span><\/h1>\n<h2>Vector UHV &#8211; piec pr\u00f3\u017cniowy<span class=\"TextRun SCXW135131425 BCX0\" lang=\"EN-US\" xml:lang=\"EN-US\" data-contrast=\"auto\"><span class=\"NormalTextRun SCXW135131425 BCX0\">\u00a0do <span class=\"TextRun SCXW33449343 BCX0\" lang=\"PL-PL\" xml:lang=\"PL-PL\" data-contrast=\"auto\"><span class=\"NormalTextRun SCXW33449343 BCX0\">lutowania pr\u00f3\u017cniowego<\/span><\/span> <span class=\"TextRun SCXW33449343 BCX0\" lang=\"PL-PL\" xml:lang=\"PL-PL\" data-contrast=\"auto\"><span class=\"NormalTextRun SCXW33449343 BCX0\">element\u00f3w elektrycznych<\/span><\/span><span class=\"NormalTextRun SCXW73829465 BCX0\">\u00a0(VCB)<\/span><\/span><\/span><\/h2>\n<p><span class=\"TextRun SCXW240499594 BCX0\" lang=\"PL-PL\" xml:lang=\"PL-PL\" data-contrast=\"auto\"><span class=\"NormalTextRun SpellingErrorV2Themed SCXW240499594 BCX0\">Vector<\/span><span class=\"NormalTextRun SCXW240499594 BCX0\"> to\u00a0jednokomorowy<\/span><\/span><span class=\"TextRun SCXW240499594 BCX0\" lang=\"PL-PL\" xml:lang=\"PL-PL\" data-contrast=\"auto\"><span class=\"NormalTextRun SCXW240499594 BCX0\"> piec pr\u00f3\u017cniowy<\/span><\/span><span class=\"TextRun SCXW240499594 BCX0\" lang=\"PL-PL\" xml:lang=\"PL-PL\" data-contrast=\"auto\"><span class=\"NormalTextRun SCXW240499594 BCX0\"> przeznaczony do\u00a0procesu<\/span><\/span><span class=\"TextRun SCXW240499594 BCX0\" lang=\"PL-PL\" xml:lang=\"PL-PL\" data-contrast=\"auto\"><span class=\"NormalTextRun SCXW240499594 BCX0\"> lutowania pr\u00f3\u017cniowego<\/span><\/span> <span class=\"TextRun SCXW240499594 BCX0\" lang=\"PL-PL\" xml:lang=\"PL-PL\" data-contrast=\"auto\"><span class=\"NormalTextRun SCXW240499594 BCX0\">element\u00f3w elektrycznych<\/span><\/span><span class=\"TextRun SCXW240499594 BCX0\" lang=\"PL-PL\" xml:lang=\"PL-PL\" data-contrast=\"auto\"><span class=\"NormalTextRun SCXW240499594 BCX0\">, takich jak <\/span><\/span><span class=\"TextRun SCXW240499594 BCX0\" lang=\"PL-PL\" xml:lang=\"PL-PL\" data-contrast=\"auto\"><span class=\"NormalTextRun SCXW240499594 BCX0\">prze\u0142\u0105czniki pr\u00f3\u017cniowe<\/span><\/span><span class=\"TextRun SCXW240499594 BCX0\" lang=\"PL-PL\" xml:lang=\"PL-PL\" data-contrast=\"auto\"><span class=\"NormalTextRun SCXW240499594 BCX0\"> i\u00a0<\/span><\/span><span class=\"TextRun SCXW240499594 BCX0\" lang=\"PL-PL\" xml:lang=\"PL-PL\" data-contrast=\"auto\"><span class=\"NormalTextRun SCXW240499594 BCX0\">wy\u0142\u0105czniki pr\u00f3\u017cniowe<\/span><\/span> <span class=\"TextRun SCXW240499594 BCX0\" lang=\"PL-PL\" xml:lang=\"PL-PL\" data-contrast=\"auto\"><span class=\"NormalTextRun SCXW240499594 BCX0\">(VCB).<\/span><\/span><span class=\"TextRun SCXW240499594 BCX0\" lang=\"PL-PL\" xml:lang=\"PL-PL\" data-contrast=\"auto\"><span class=\"NormalTextRun SCXW240499594 BCX0\">\u00a0<\/span><\/span><span class=\"EOP SCXW240499594 BCX0\" data-ccp-props=\"{&quot;201341983&quot;:0,&quot;335559685&quot;:360,&quot;335559739&quot;:0,&quot;335559740&quot;:259}\">\u00a0<\/span><\/p>\n<p><span data-contrast=\"auto\">Tego typu zastosowania wymagaj\u0105 atmosfery procesowej o\u00a0wysokiej czysto\u015bci. Dlatego piece te\u00a0s\u0105\u00a0wyposa\u017cone w\u00a0pompy turbomolekularne, aby uzyska\u0107 wysok\u0105 lub bardzo wysok\u0105 pr\u00f3\u017cni\u0119.\u00a0<\/span><span data-ccp-props=\"{&quot;201341983&quot;:0,&quot;335559685&quot;:360,&quot;335559739&quot;:0,&quot;335559740&quot;:259}\">\u00a0<\/span><\/p>\n<p><span data-contrast=\"auto\">Ponadto, ze\u00a0wzgl\u0119du na\u00a0wysokie wymagania czysto\u015bci, urz\u0105dzenia s\u0105\u00a0montowane i\u00a0testowane w\u00a0dedykowanym czystym pomieszczeniu w\u00a0naszym warsztacie. Dzi\u0119ki temu zminimalizowane jest ryzyko zanieczyszczenia wn\u0119trza system\u00f3w pieca.\u00a0<\/span><\/p>\n<p>[\/et_pb_text][et_pb_tabs module_class=&#8221;red-tabs  eco-tab6&#8243; _builder_version=&#8221;4.23.1&#8243; custom_css_main_element=&#8221;margin-top: 2rem;||margin-bottom: 2rem;&#8221; global_colors_info=&#8221;{}&#8221;][et_pb_tab title=&#8221;Opis&#8221; _builder_version=&#8221;4.19.2&#8243; global_colors_info=&#8221;{}&#8221;]<\/p>\n<p><span class=\"TextRun SCXW144906731 BCX0\" lang=\"PL-PL\" xml:lang=\"PL-PL\" data-contrast=\"auto\"><span class=\"NormalTextRun SpellingErrorV2Themed SCXW144906731 BCX0\">Vector<\/span><span class=\"NormalTextRun SCXW144906731 BCX0\"> to&nbsp;jednokomorowy, poziomy piec pr\u00f3\u017cniowy, wyposa\u017cony w&nbsp;molibdenow\u0105 gor\u0105c\u0105 stref\u0119 przeznaczon\u0105 do&nbsp;czystego procesu oraz&nbsp;w&nbsp;pompy turbomolekularne, umo\u017cliwiaj\u0105ce osi\u0105gni\u0119cie wysokiego poziomu pr\u00f3\u017cni. Dodatkowo, piec o&nbsp;wi\u0119kszym rozmiarze wyposa\u017cony jest w&nbsp;\u015brodkowy element grzejny<\/span><span class=\"NormalTextRun SCXW144906731 BCX0\">. Z<\/span><span class=\"NormalTextRun SCXW144906731 BCX0\">apewni<\/span><span class=\"NormalTextRun SCXW144906731 BCX0\">a&nbsp;to<\/span><span class=\"NormalTextRun SCXW144906731 BCX0\"> optymaln\u0105 jednorodno\u015b\u0107 <\/span><span class=\"NormalTextRun SCXW144906731 BCX0\">nagrzewu <\/span><span class=\"NormalTextRun SCXW144906731 BCX0\">wszystkich obrabianych cz\u0119\u015bci.<\/span><\/span><span class=\"EOP SCXW144906731 BCX0\" data-ccp-props=\"{&quot;201341983&quot;:0,&quot;335559685&quot;:360,&quot;335559739&quot;:0,&quot;335559740&quot;:259}\">\u00a0<\/span><\/p>\n<p>[\/et_pb_tab][et_pb_tab title=&#8221;Cechy&#8221; _builder_version=&#8221;4.23.1&#8243; global_colors_info=&#8221;{}&#8221;]<\/p>\n<p><strong><span style=\"color: #e31300;\">\/ <\/span><\/strong><span data-contrast=\"auto\">Orientacja pozioma<\/span><span data-ccp-props=\"{&quot;134233117&quot;:false,&quot;134233118&quot;:false,&quot;201341983&quot;:0,&quot;335559738&quot;:0,&quot;335559739&quot;:0,&quot;335559740&quot;:240}\"><br \/><\/span><span data-contrast=\"auto\"><strong><span style=\"color: #e31300;\">\/ <\/span><\/strong>Dwa standardowe rozmiary: 600x600x900 i&nbsp;1000x1000x1200 (ze&nbsp;\u015brodkowym elementem grzejnym)<\/span><span data-ccp-props=\"{&quot;134233117&quot;:false,&quot;134233118&quot;:false,&quot;201341983&quot;:0,&quot;335559738&quot;:0,&quot;335559739&quot;:0,&quot;335559740&quot;:240}\"><br \/><\/span><span data-contrast=\"auto\"><strong><span style=\"color: #e31300;\">\/ <\/span><\/strong>Standardowa pojemno\u015b\u0107 opcji poziomej 600kg i&nbsp;do&nbsp;1500kg<\/span><span data-ccp-props=\"{&quot;134233117&quot;:false,&quot;134233118&quot;:false,&quot;201341983&quot;:0,&quot;335559738&quot;:0,&quot;335559739&quot;:0,&quot;335559740&quot;:240}\"><br \/><\/span><span data-contrast=\"auto\"><strong><span style=\"color: #e31300;\">\/ <\/span><\/strong>Metalowa strefa gor\u0105ca<\/span><span data-ccp-props=\"{&quot;134233117&quot;:false,&quot;134233118&quot;:false,&quot;201341983&quot;:0,&quot;335559738&quot;:0,&quot;335559739&quot;:0,&quot;335559740&quot;:240}\"><br \/><\/span><span data-contrast=\"auto\"><strong><span style=\"color: #e31300;\">\/ <\/span><\/strong>Sze\u015b\u0107 stref sterowania sterowanych tyrystorami<\/span><span data-ccp-props=\"{&quot;134233117&quot;:false,&quot;134233118&quot;:false,&quot;201341983&quot;:0,&quot;335559738&quot;:0,&quot;335559739&quot;:0,&quot;335559740&quot;:240}\"><br \/><\/span><span data-contrast=\"auto\"><strong><span style=\"color: #e31300;\">\/ <\/span><\/strong>Ultra wysoka pr\u00f3\u017cnia, dzi\u0119ki zastosowaniu pomp turbomolekularnych<\/span><span data-ccp-props=\"{&quot;134233117&quot;:false,&quot;134233118&quot;:false,&quot;201341983&quot;:0,&quot;335559738&quot;:0,&quot;335559739&quot;:0,&quot;335559740&quot;:240}\"><br \/><\/span><span data-contrast=\"auto\"><strong><span style=\"color: #e31300;\">\/ <\/span><\/strong>Zewn\u0119trzny system ch\u0142odzenia gazowego<\/span><span data-ccp-props=\"{&quot;134233117&quot;:false,&quot;134233118&quot;:false,&quot;201341983&quot;:0,&quot;335559738&quot;:0,&quot;335559739&quot;:0,&quot;335559740&quot;:240}\"><br \/><\/span><span data-contrast=\"auto\"><strong><span style=\"color: #e31300;\">\/ <\/span><\/strong>Ci\u015bnienie ch\u0142odzenia: 1 bar abs.<\/span><span data-ccp-props=\"{&quot;134233117&quot;:false,&quot;134233118&quot;:false,&quot;201341983&quot;:0,&quot;335559738&quot;:0,&quot;335559739&quot;:0,&quot;335559740&quot;:240}\"><br \/><\/span><span data-contrast=\"auto\"><strong><span style=\"color: #e31300;\">\/ <\/span><\/strong>Gazy ch\u0142odz\u0105ce: N<\/span><span data-contrast=\"auto\">2<\/span><span data-contrast=\"auto\">, Ar<\/span><span data-ccp-props=\"{&quot;134233117&quot;:false,&quot;134233118&quot;:false,&quot;201341983&quot;:0,&quot;335559738&quot;:0,&quot;335559739&quot;:0,&quot;335559740&quot;:240}\"><br \/><\/span><span data-contrast=\"auto\"><strong><span style=\"color: #e31300;\">\/ <\/span><\/strong>Komputerowy system sterowania, przyjazny dla operatora<\/span><\/p>\n<p>[\/et_pb_tab][et_pb_tab title=&#8221;Zalety&#8221; _builder_version=&#8221;4.23.1&#8243; global_colors_info=&#8221;{}&#8221;]<\/p>\n<p><span style=\"color: #e31300;\"><strong>\/ <\/strong><\/span><span data-contrast=\"auto\">R\u00f3wnomierno\u015b\u0107 temperatury: \u00b1 3\u00b0<\/span><span data-contrast=\"auto\">C<\/span><span data-ccp-props=\"{&quot;134233117&quot;:false,&quot;134233118&quot;:false,&quot;201341983&quot;:0,&quot;335559738&quot;:0,&quot;335559739&quot;:0,&quot;335559740&quot;:240}\"><br \/><\/span><span data-contrast=\"auto\"><span style=\"color: #e31300;\"><strong>\/ <\/strong><\/span>Pr\u00f3\u017cnia ko\u0144cowa: \u22648&#215;10<\/span><sup><span data-contrast=\"auto\">-8<\/span><\/sup><span data-contrast=\"auto\"> mbar<\/span><span data-ccp-props=\"{&quot;134233117&quot;:false,&quot;134233118&quot;:false,&quot;201341983&quot;:0,&quot;335559738&quot;:0,&quot;335559739&quot;:0,&quot;335559740&quot;:240}\"><br \/><\/span><span data-contrast=\"auto\"><span style=\"color: #e31300;\"><strong>\/ <\/strong><\/span>Pr\u00f3\u017cnia robocza: w&nbsp;temp. 850\u00b0<\/span><span data-contrast=\"auto\">C: 1&#215;10<\/span><sup><span data-contrast=\"auto\">-6<\/span><\/sup><span data-contrast=\"auto\"> mbar<\/span><span data-ccp-props=\"{&quot;134233117&quot;:false,&quot;134233118&quot;:false,&quot;201341983&quot;:0,&quot;335559738&quot;:0,&quot;335559739&quot;:0,&quot;335559740&quot;:240}\"><br \/><\/span><span data-contrast=\"auto\"><span style=\"color: #e31300;\"><strong>\/ <\/strong><\/span>Poziom nacieku: zakres 1&#215;10<\/span><sup><span data-contrast=\"auto\">-4 <\/span><\/sup><span data-contrast=\"auto\">mbar l\/s<\/span><\/p>\n<p>[\/et_pb_tab][et_pb_tab title=&#8221;Proces&#8221; _builder_version=&#8221;4.23.1&#8243; global_colors_info=&#8221;{}&#8221;]<\/p>\n<p><span class=\"TextRun SCXW265209376 BCX0\" lang=\"EN-US\" xml:lang=\"EN-US\" data-contrast=\"auto\"><span class=\"NormalTextRun SCXW265209376 BCX0\"><span style=\"color: #ff0000;\"><strong>\/<\/strong><\/span> Lutowanie<\/span><\/span><\/p>\n<p>[\/et_pb_tab][et_pb_tab title=&#8221;Przemys\u0142y&#8221; _builder_version=&#8221;4.23.1&#8243; global_colors_info=&#8221;{}&#8221;]<\/p>\n<p><span style=\"color: #e31300;\"><strong>\/ <\/strong><\/span><span data-contrast=\"auto\">Elektryczny<\/span><span data-ccp-props=\"{&quot;201341983&quot;:0,&quot;335559739&quot;:0,&quot;335559740&quot;:259}\"><br \/><\/span><span data-contrast=\"auto\"><span style=\"color: #e31300;\"><strong>\/ <\/strong><\/span>Energetyczny<\/span><\/p>\n<p>[\/et_pb_tab][et_pb_tab title=&#8221;Opcje&#8221; _builder_version=&#8221;4.23.1&#8243; _module_preset=&#8221;default&#8221; global_colors_info=&#8221;{}&#8221;]<\/p>\n<h2><span data-contrast=\"auto\">Dwa rozmiary:<\/span><span data-ccp-props=\"{&quot;201341983&quot;:0,&quot;335559685&quot;:720,&quot;335559739&quot;:160,&quot;335559740&quot;:259}\">\u00a0<\/span><\/h2>\n<p><span data-contrast=\"auto\"><span style=\"color: #e31300;\"><strong>\/ <\/strong><\/span>600x600x900mm przy masie wsadu 200kg bez&nbsp;\u015brodkowego elementu grzejnego<\/span><span data-ccp-props=\"{&quot;201341983&quot;:0,&quot;335559739&quot;:160,&quot;335559740&quot;:259}\"><br \/><\/span><span data-ccp-props=\"{&quot;201341983&quot;:0,&quot;335559739&quot;:160,&quot;335559740&quot;:259}\"><span style=\"color: #e31300;\"><strong>\/ <\/strong><\/span><\/span><span data-contrast=\"auto\">1000x1000x1200 przy masie wsadu 1200kg lub 1500kg ze&nbsp;\u015brodkowym elementem grzejnym (2x500mmx1000mmx1200mm)<br \/><span style=\"color: #e31300;\"><strong>\/<\/strong><\/span> inne rozmiary na&nbsp;zapytanie<br \/><\/span><\/p>\n<p>[\/et_pb_tab][et_pb_tab title=&#8221; &#8221; _builder_version=&#8221;4.23.1&#8243; _module_preset=&#8221;default&#8221; global_colors_info=&#8221;{}&#8221;]<\/p>\n<p><span data-contrast=\"none\"><strong><span style=\"color: #e30f00;\">\/ <\/span><\/strong><\/span>Pr\u00f3\u017cnia jako atmosfera ochronna i&nbsp;technologiczna eliminuje konieczno\u015b\u0107 stosowania szkodliwych gaz\u00f3w procesowych i&nbsp;ich emisji do&nbsp;otoczenia<br \/><strong><span data-contrast=\"none\"><span style=\"color: #e30f00;\">\/<\/span><\/span> <\/strong>Brak emisji CO\u2082, brak u\u017cycia paliw kopalnianych<br \/><strong><span data-contrast=\"none\"><span style=\"color: #e30f00;\">\/<\/span><\/span> <\/strong>Zastosowanie gazu do&nbsp;ch\u0142odzenia (azot, argon), pozyskiwanego i&nbsp;zwracanego do&nbsp;powietrza, neutralnego dla \u015brodowiska<br \/><strong><span data-contrast=\"none\"><span style=\"color: #e30f00;\">\/<\/span><\/span> <\/strong>Wzmocniona izolacja termiczna oszcz\u0119dza energi\u0119 elektryczn\u0105 (ok. 20 %)<br \/><strong><span data-contrast=\"none\"><span style=\"color: #e30f00;\">\/<\/span><\/span> <\/strong>Wysoka sprawno\u015b\u0107 energetyczna u\u017cytych komponent\u00f3w elektrycznych (silniki klasy IE3, sterowanie falownikowe, itp.)<br \/><strong><span data-contrast=\"none\"><span style=\"color: #e30f00;\">\/<\/span><\/span> <\/strong>Zastosowanie system\u00f3w i&nbsp;algorytm\u00f3w ograniczaj\u0105cych zu\u017cycie czynnik\u00f3w energetycznych i&nbsp;technologicznych (system pompowy, grzania i&nbsp;ch\u0142odzenia)<br \/><strong><span data-contrast=\"none\"><span style=\"color: #e30f00;\">\/<\/span><\/span> <\/strong>Brak emisji szkodliwych substancji<br \/><strong><span data-contrast=\"none\"><span style=\"color: #e30f00;\">\/<\/span><\/span> <\/strong>Zmniejszenie deformacji hartowniczych i&nbsp;koszt\u00f3w obr\u00f3bki twardej (hard machining)<br \/><strong><span data-contrast=\"none\"><span style=\"color: #e30f00;\">\/<\/span><\/span> <\/strong>Eliminacja mycia cz\u0119\u015bci po&nbsp;obr\u00f3bce cieplnej<\/p>\n<p>[\/et_pb_tab][\/et_pb_tabs][et_pb_code _builder_version=&#8221;4.19.2&#8243; _module_preset=&#8221;default&#8221; saved_tabs=&#8221;all&#8221; global_colors_info=&#8221;{}&#8221;]<pee style=\"text-align: center;\"><a class=\"small-button smallred\" style=\"font-size: 20px; padding: 20px 60px;\" href=\"https:\/\/www.secowarwick.com\/pl\/zapytaj-o-oferte\/\"><span style=\"display: block; transform: skew(15deg,0deg); -webkit-transform: skew(15deg,0deg); font-size: 20px; !important\">DOWIEDZ SI\u0118 WI\u0118CEJ<\/span><\/a><\/pee>[\/et_pb_code][\/et_pb_column][et_pb_column type=&#8221;1_4&#8243; _builder_version=&#8221;4.16&#8243; custom_padding=&#8221;|||&#8221; global_colors_info=&#8221;{}&#8221; custom_padding__hover=&#8221;|||&#8221;][et_pb_gallery gallery_ids=&#8221;149940,149947,149954,149961&#8243; posts_number=&#8221;1&#8243; show_title_and_caption=&#8221;off&#8221; show_pagination=&#8221;off&#8221; zoom_icon_color=&#8221;#e2001a&#8221; disabled_on=&#8221;off|off|off&#8221; module_class=&#8221;seco-products-gallery-new&#8221; _builder_version=&#8221;4.23.1&#8243; custom_css_overlay_icon=&#8221;content:&#8217;ZOBACZ GALERI\u0118&#8217; !important;&#8221; locked=&#8221;off&#8221; global_colors_info=&#8221;{}&#8221;][\/et_pb_gallery][et_pb_text admin_label=&#8221;btn_pl_premiumlibrary&#8221; module_class=&#8221;premium-library-button&#8221; _builder_version=&#8221;4.23.1&#8243; _module_preset=&#8221;default&#8221; text_orientation=&#8221;center&#8221; global_module=&#8221;157169&#8243; saved_tabs=&#8221;all&#8221; locked=&#8221;off&#8221; global_colors_info=&#8221;{}&#8221;]<\/p>\n<a href='https:\/\/www.secowarwick.com\/pl\/trescipremium\/' class='small-button smallred'><span>TRE\u015aCI PREMIUM<\/span><\/a>\n<p>[\/et_pb_text][et_pb_text admin_label=&#8221;R&#038;D PL&#8221; module_class=&#8221;product_widget_wrap_rd&#8221; _builder_version=&#8221;4.23.1&#8243; _module_preset=&#8221;default&#8221; text_orientation=&#8221;center&#8221; global_module=&#8221;165497&#8243; saved_tabs=&#8221;all&#8221; locked=&#8221;off&#8221; global_colors_info=&#8221;{}&#8221;]<\/p>\n<p><a href=\"https:\/\/www.secowarwick.com\/pl\/rd\/\"><span class=\"product_wigtet_name\">R&amp;D<\/span><\/a><\/p>\n<p>[\/et_pb_text][et_pb_text admin_label=&#8221;AUTOMATYKA PL&#8221; module_class=&#8221;product_widget_wrap_automation&#8221; _builder_version=&#8221;4.23.1&#8243; _module_preset=&#8221;default&#8221; global_module=&#8221;165495&#8243; saved_tabs=&#8221;all&#8221; locked=&#8221;off&#8221; global_colors_info=&#8221;{}&#8221;]<\/p>\n<p><a href=\"https:\/\/www.secowarwick.com\/pl\/service\/automatyka\/\"><span class=\"product_wigtet_name\">AUTOMATYKA<\/span><\/a><\/p>\n<p>[\/et_pb_text][et_pb_text admin_label=&#8221;SERVICE PL&#8221; module_class=&#8221;product_widget_wrap_service&#8221; _builder_version=&#8221;4.23.1&#8243; _module_preset=&#8221;default&#8221; global_module=&#8221;165500&#8243; saved_tabs=&#8221;all&#8221; locked=&#8221;off&#8221; global_colors_info=&#8221;{}&#8221;]<\/p>\n<p><a href=\"https:\/\/www.secowarwick.com\/pl\/profesjonalne-uslugi-serwisowe\/\"><span class=\"product_wigtet_name\">SERWIS<\/span><\/a><\/p>\n<p>[\/et_pb_text][et_pb_text admin_label=&#8221;SUPLEMENTALS PL&#8221; module_class=&#8221;product_widget_wrap_supleme&#8221; _builder_version=&#8221;4.23.1&#8243; _module_preset=&#8221;default&#8221; global_module=&#8221;165502&#8243; saved_tabs=&#8221;all&#8221; locked=&#8221;off&#8221; global_colors_info=&#8221;{}&#8221;]<\/p>\n<p><span class=\"product_wigtet_name\">DODATKOWE:<\/span><\/p>\n<p>[\/et_pb_text][et_pb_text admin_label=&#8221;Katalog produkt\u00f3w&#8221; module_class=&#8221;suplementals_product_brochure suplementals_wrap&#8221; _builder_version=&#8221;4.23.1&#8243; _module_preset=&#8221;default&#8221; global_module=&#8221;186634&#8243; saved_tabs=&#8221;all&#8221; locked=&#8221;off&#8221; global_colors_info=&#8221;{}&#8221;]<\/p>\n<p><a href=\"https:\/\/www.secowarwick.com\/wp-content\/uploads\/2025\/11\/VAC-VACUUM-FURNACE-WWW.pdf\" target=\"_blank\" rel=\"noopener\">Katalog produkt\u00f3w<\/a><\/p>\n<p>[\/et_pb_text][et_pb_text admin_label=&#8221;Product movie&#8221; module_class=&#8221;suplementals_product_movie suplementals_wrap&#8221; _builder_version=&#8221;4.23.1&#8243; _module_preset=&#8221;default&#8221; locked=&#8221;off&#8221; global_colors_info=&#8221;{}&#8221;]<\/p>\n<p><a href=\"https:\/\/www.youtube.com\/playlist?list=PLa0hhW_hoQqEsIHM5LQtr9h_9UlwGFBO8\" target=\"_blank\" rel=\"noopener\">Film produktowy<\/a><\/p>\n<p>[\/et_pb_text][et_pb_text admin_label=&#8221;dnabook-pl&#8221; module_class=&#8221;suplementals_product_dna suplementals_wrap&#8221; _builder_version=&#8221;4.23.1&#8243; _module_preset=&#8221;default&#8221; global_module=&#8221;165509&#8243; saved_tabs=&#8221;all&#8221; locked=&#8221;off&#8221; global_colors_info=&#8221;{}&#8221;]<\/p>\n<p><a href=\"https:\/\/www.secowarwick.com\/wp-content\/uploads\/2025\/07\/DNA_BOOK.pdf\" target=\"_blank\" rel=\"noopener\">DNA\/BOOK<\/a><\/p>\n<p>[\/et_pb_text][et_pb_text admin_label=&#8221;ECO\/BOOK-pl&#8221; module_class=&#8221;suplementals_product_eco suplementals_wrap&#8221; _builder_version=&#8221;4.23.1&#8243; _module_preset=&#8221;default&#8221; global_module=&#8221;165511&#8243; saved_tabs=&#8221;all&#8221; locked=&#8221;off&#8221; global_colors_info=&#8221;{}&#8221;]<\/p>\n<p><a href=\"https:\/\/www.secowarwick.com\/wp-content\/uploads\/2023\/06\/ECOBOOK-2-1.pdf\" target=\"_blank\" rel=\"noopener\">ECO\/BOOK<\/a><\/p>\n<p>[\/et_pb_text][et_pb_text admin_label=&#8221;RFQ product widget pl&#8221; module_class=&#8221;product_widget_wrap_rfq-en&#8221; _builder_version=&#8221;4.23.1&#8243; _module_preset=&#8221;default&#8221; global_module=&#8221;186180&#8243; saved_tabs=&#8221;all&#8221; locked=&#8221;off&#8221; global_colors_info=&#8221;{}&#8221;]<\/p>\n<p style=\"text-align: center;\"><a class=\"small-button smallred\" href=\"https:\/\/www.secowarwick.com\/pl\/zapytaj-o-oferte\/\"><span class=\"product_wigtet_name\">ZAPYTAJ O&nbsp;OFERT\u0118<\/span><\/a><\/p>\n<p>[\/et_pb_text][\/et_pb_column][\/et_pb_row][\/et_pb_section]<\/p>\n","protected":false},"excerpt":{"rendered":"<p>[et_pb_breadcrumbs _builder_version=&#8221;3.6&#8243; global_colors_info=&#8221;{}&#8221;][\/et_pb_breadcrumbs]Piec pr\u00f3\u017cniowy do\u00a0lutowania prze\u0142\u0105cznik\u00f3w pr\u00f3\u017cniowych\u00a0\u00a0 Vector UHV &#8211; piec pr\u00f3\u017cniowy\u00a0do lutowania pr\u00f3\u017cniowego element\u00f3w elektrycznych\u00a0(VCB) Vector to\u00a0jednokomorowy piec pr\u00f3\u017cniowy przeznaczony do\u00a0procesu lutowania pr\u00f3\u017cniowego element\u00f3w elektrycznych, takich jak prze\u0142\u0105czniki pr\u00f3\u017cniowe i\u00a0wy\u0142\u0105czniki pr\u00f3\u017cniowe (VCB).\u00a0\u00a0 Tego typu zastosowania wymagaj\u0105 atmosfery procesowej o\u00a0wysokiej czysto\u015bci. Dlatego piece te\u00a0s\u0105\u00a0wyposa\u017cone w\u00a0pompy turbomolekularne, aby uzyska\u0107 wysok\u0105 lub bardzo wysok\u0105 pr\u00f3\u017cni\u0119.\u00a0\u00a0 Ponadto, ze\u00a0wzgl\u0119du [&hellip;]<\/p>\n","protected":false},"author":2,"featured_media":149696,"parent":0,"menu_order":0,"comment_status":"closed","ping_status":"closed","template":"","meta":{"_acf_changed":false,"_et_pb_use_builder":"on","_et_pb_old_content":"","_et_gb_content_width":"","footnotes":""},"class_list":["post-149681","page","type-page","status-publish","has-post-thumbnail"],"acf":[],"_links":{"self":[{"href":"https:\/\/www.secowarwick.com\/pl\/wp-json\/wp\/v2\/pages\/149681","targetHints":{"allow":["GET"]}}],"collection":[{"href":"https:\/\/www.secowarwick.com\/pl\/wp-json\/wp\/v2\/pages"}],"about":[{"href":"https:\/\/www.secowarwick.com\/pl\/wp-json\/wp\/v2\/types\/page"}],"author":[{"embeddable":true,"href":"https:\/\/www.secowarwick.com\/pl\/wp-json\/wp\/v2\/users\/2"}],"replies":[{"embeddable":true,"href":"https:\/\/www.secowarwick.com\/pl\/wp-json\/wp\/v2\/comments?post=149681"}],"version-history":[{"count":22,"href":"https:\/\/www.secowarwick.com\/pl\/wp-json\/wp\/v2\/pages\/149681\/revisions"}],"predecessor-version":[{"id":186639,"href":"https:\/\/www.secowarwick.com\/pl\/wp-json\/wp\/v2\/pages\/149681\/revisions\/186639"}],"wp:featuredmedia":[{"embeddable":true,"href":"https:\/\/www.secowarwick.com\/pl\/wp-json\/wp\/v2\/media\/149696"}],"wp:attachment":[{"href":"https:\/\/www.secowarwick.com\/pl\/wp-json\/wp\/v2\/media?parent=149681"}],"curies":[{"name":"wp","href":"https:\/\/api.w.org\/{rel}","templated":true}]}}