{"id":150812,"date":"2023-12-14T11:14:16","date_gmt":"2023-12-14T10:14:16","guid":{"rendered":"https:\/\/www.secowarwick.com\/produkty\/piece-prozniowe\/purification-of-graphite-materials\/"},"modified":"2026-03-18T14:27:33","modified_gmt":"2026-03-18T13:27:33","slug":"oczyszczanie-materialow-grafitowych","status":"publish","type":"page","link":"https:\/\/www.secowarwick.com\/pl\/produkty\/piece-prozniowe\/oczyszczanie-materialow-grafitowych\/","title":{"rendered":"Piece przemys\u0142owe do CVI, CVD i oczyszczania (puryfikacji) materia\u0142\u00f3w grafitowych"},"content":{"rendered":"<p>[et_pb_section fb_built=&#8221;1&#8243; _builder_version=&#8221;4.16&#8243; global_colors_info=&#8221;{}&#8221;][et_pb_row _builder_version=&#8221;4.16&#8243; background_size=&#8221;initial&#8221; background_position=&#8221;top_left&#8221; background_repeat=&#8221;repeat&#8221; global_colors_info=&#8221;{}&#8221;][et_pb_column type=&#8221;4_4&#8243; _builder_version=&#8221;4.16&#8243; custom_padding=&#8221;|||&#8221; global_colors_info=&#8221;{}&#8221; custom_padding__hover=&#8221;|||&#8221;][et_pb_image src=&#8221;https:\/\/www.secowarwick.com\/wp-content\/uploads\/2024\/01\/Industrial-furnaces-for-CVI-CVD.jpg&#8221; alt=&#8221;Vacuum furnaaces &#8211; graphene purification&#8221; title_text=&#8221;Industrial furnaces for CVI, CVD&#8221; align_tablet=&#8221;center&#8221; align_phone=&#8221;center&#8221; align_last_edited=&#8221;on|desktop&#8221; _builder_version=&#8221;4.23.1&#8243; global_colors_info=&#8221;{}&#8221;][\/et_pb_image][et_pb_breadcrumbs _builder_version=&#8221;3.6&#8243; global_colors_info=&#8221;{}&#8221;][\/et_pb_breadcrumbs][\/et_pb_column][\/et_pb_row][et_pb_row column_structure=&#8221;3_4,1_4&#8243; _builder_version=&#8221;4.16&#8243; global_colors_info=&#8221;{}&#8221;][et_pb_column type=&#8221;3_4&#8243; _builder_version=&#8221;4.16&#8243; custom_padding=&#8221;|||&#8221; global_colors_info=&#8221;{}&#8221; custom_padding__hover=&#8221;|||&#8221;][et_pb_text _builder_version=&#8221;4.27.6&#8243; text_orientation=&#8221;justified&#8221; custom_margin_tablet=&#8221;&#8221; custom_margin_phone=&#8221;-40px|||&#8221; custom_margin_last_edited=&#8221;on|phone&#8221; global_colors_info=&#8221;{}&#8221;]<\/p>\n<h1><span class=\"TextRun Highlight SCXW27817505 BCX0\" lang=\"EN-US\" xml:lang=\"EN-US\" data-contrast=\"auto\"><span class=\"NormalTextRun SCXW27817505 BCX0\" data-ccp-charstyle=\"Strong\"><span class=\"NormalTextRun SCXW61783568 BCX0\" data-ccp-charstyle=\"Strong\">Piece przemys\u0142owe<\/span><span class=\"NormalTextRun SCXW61783568 BCX0\" data-ccp-charstyle=\"Strong\"> do\u00a0CVI<\/span><span class=\"NormalTextRun SCXW61783568 BCX0\" data-ccp-charstyle=\"Strong\">,<\/span><span class=\"NormalTextRun SCXW61783568 BCX0\" data-ccp-charstyle=\"Strong\"> CVD i\u00a0oczyszczania (puryfikacji) materia\u0142\u00f3w grafitowych<\/span> <\/span><\/span><span class=\"EOP SCXW27817505 BCX0\" data-ccp-props=\"{&quot;201341983&quot;:0,&quot;335559739&quot;:160,&quot;335559740&quot;:259}\">\u00a0<\/span><\/h1>\n<h2><span class=\"TextRun SCXW102863552 BCX0\" lang=\"PL-PL\" xml:lang=\"PL-PL\" data-contrast=\"auto\"><span class=\"NormalTextRun SCXW102863552 BCX0\">C<\/span><\/span><span class=\"TextRun Highlight SCXW102863552 BCX0\" lang=\"PL-PL\" xml:lang=\"PL-PL\" data-contrast=\"none\"><span class=\"NormalTextRun SCXW102863552 BCX0\">hemiczna <\/span><span class=\"NormalTextRun SCXW102863552 BCX0\">infiltracja <\/span><span class=\"NormalTextRun SCXW102863552 BCX0\">z\u00a0fazy gazowej<\/span><span class=\"NormalTextRun SCXW102863552 BCX0\"> | C<\/span><span class=\"NormalTextRun SCXW102863552 BCX0\">hemiczne osadzanie z\u00a0<\/span><span class=\"NormalTextRun SCXW102863552 BCX0\">fazy gazowej<\/span><span class=\"NormalTextRun SCXW102863552 BCX0\"> | <\/span><span class=\"NormalTextRun SCXW102863552 BCX0\">Puryfikacja<\/span><span class=\"NormalTextRun SCXW102863552 BCX0\"> | <\/span><span class=\"NormalTextRun SCXW102863552 BCX0\">Grafityzacja.<\/span><\/span><\/h2>\n<h2>CVD, CVI, FIC, IVD, pow\u0142oki zawiesinowe i\u00a0piece pr\u00f3\u017cniowe do\u00a0oczyszczania termicznego.<\/h2>\n<p><b><span data-contrast=\"none\">Piece do\u00a0CVI <\/span><\/b><span data-contrast=\"none\">(<\/span><b><span data-contrast=\"none\">C<\/span><\/b><span data-contrast=\"none\">hemical <\/span><b><span data-contrast=\"none\">V<\/span><\/b><span data-contrast=\"none\">apor <\/span><b><span data-contrast=\"none\">I<\/span><\/b><span data-contrast=\"none\">nfiltration) to\u00a0specjalne rozwi\u0105zania u\u017cywane w\u00a0procesie CVI, kt\u00f3ry\u00a0jest technik\u0105 wytwarzania materia\u0142\u00f3w w\u0119glowych, takich jak grafit, poprzez nasycenie ich w\u0119glem\u00a0 z\u00a0fazy gazowej. <\/span><span data-contrast=\"none\">S\u0105\u00a0projektowane tak, by\u00a0umo\u017cliwia\u0107 kontrolowane osadzanie warstw w\u0119gla na\u00a0materia\u0142ach porowatych.<\/span><span data-ccp-props=\"{&quot;201341983&quot;:0,&quot;335559739&quot;:160,&quot;335559740&quot;:259}\">\u00a0<\/span><\/p>\n<p><b><span data-contrast=\"none\">Piece do\u00a0CVD<\/span><\/b><span data-contrast=\"none\"> (<\/span><b><span data-contrast=\"none\">C<\/span><\/b><span data-contrast=\"none\">hemical <\/span><b><span data-contrast=\"none\">V<\/span><\/b><span data-contrast=\"none\">apor <\/span><b><span data-contrast=\"none\">D<\/span><\/b><span data-contrast=\"none\">eposition) to\u00a0specjalne piece u\u017cywane w\u00a0procesie CVD, kt\u00f3ry\u00a0jest technik\u0105 wytwarzania pow\u0142ok poprzez reakcje chemiczne w\u00a0fazie gazowej np.\u00a0z\u00a0gazu MTS CH3SiCl3 Methyltrichlorosilane. <\/span><span data-contrast=\"none\">S\u0105\u00a0projektowane tak, by\u00a0umo\u017cliwia\u0107 kontrolowane osadzanie materia\u0142\u00f3w na\u00a0powierzchni obrabianych materia\u0142\u00f3w\u00a0<\/span><span data-ccp-props=\"{&quot;201341983&quot;:0,&quot;335559739&quot;:160,&quot;335559740&quot;:259}\">\u00a0<\/span><\/p>\n<p><b><span data-contrast=\"none\">Piece do\u00a0puryfikacji z\u00a0u\u017cyciem gaz\u00f3w<\/span><\/b><span data-contrast=\"none\">, takich jak chlorek wodoru (HCl), s\u0105\u00a0u\u017cywane do\u00a0oczyszczania materia\u0142\u00f3w grafitowych.<\/span><span data-ccp-props=\"{&quot;201341983&quot;:0,&quot;335559739&quot;:160,&quot;335559740&quot;:259}\">\u00a0<\/span><\/p>\n<p>[\/et_pb_text][et_pb_seco_products product_1_title=&#8221;Piece do chemicznego osadzania z fazy gazowej&#8221; product_1_src=&#8221;https:\/\/www.secowarwick.com\/wp-content\/uploads\/2026\/03\/CVD-\u2013-Chemical-Vapor-Deposition.jpg&#8221; product_1_alt=&#8221;Piece do chemicznego osadzania z fazy gazowej&#8221; product_1_button=&#8221;WI\u0118CEJ&#8221; product_1_url=&#8221;https:\/\/www.secowarwick.com\/pl\/produkty\/piece-prozniowe\/oczyszczanie-materialow-grafitowych\/piece-do-chemicznego-osadzania-z-fazy-gazowej\/&#8221; product_2_title=&#8221;Piece do chemicznej infiltracji z fazy gazowej&#8221; product_2_src=&#8221;https:\/\/www.secowarwick.com\/wp-content\/uploads\/2026\/03\/CVI-\u2013-Chemical-Vapor-Infiltration.jpg&#8221; product_2_alt=&#8221;Piece do chemicznej infiltracji z fazy gazowej&#8221; product_2_button=&#8221;WI\u0118CEJ&#8221; product_2_url=&#8221;https:\/\/www.secowarwick.com\/pl\/produkty\/piece-prozniowe\/oczyszczanie-materialow-grafitowych\/piece-do-chemicznej-infiltracji-z-fazy-gazowej\/&#8221; product_3_title=&#8221;Piece do puryfikacji materia\u0142\u00f3w grafitowych  &#8221; product_3_src=&#8221;https:\/\/www.secowarwick.com\/wp-content\/uploads\/2026\/03\/Puryfikacja-1.jpg&#8221; product_3_alt=&#8221;Piece do puryfikacji (oczyszczania) materia\u0142\u00f3w grafitowych  &#8221; product_3_button=&#8221;WI\u0118CEJ&#8221; product_3_url=&#8221;https:\/\/www.secowarwick.com\/pl\/produkty\/piece-prozniowe\/oczyszczanie-materialow-grafitowych\/piece-do-puryfikacji-materialow-grafitowych\/&#8221; module_id=&#8221;secoalutest&#8221; module_class=&#8221;disable-animation kafel-seco-product-dlugi-tytul&#8221; _builder_version=&#8221;4.27.6&#8243; _module_preset=&#8221;default&#8221; max_width=&#8221;600px&#8221; module_alignment=&#8221;center&#8221; hover_enabled=&#8221;0&#8243; custom_css_main_element=&#8221;max-width: 600px;||margin-left: auto;||margin-right: auto;&#8221; global_colors_info=&#8221;{}&#8221; title_text=&#8221;CVI-\u2013-Chemical-Vapor-Infiltration&#8221; sticky_enabled=&#8221;0&#8243;][\/et_pb_seco_products][et_pb_code _builder_version=&#8221;4.10.3&#8243; _module_preset=&#8221;default&#8221; global_module=&#8221;123769&#8243; saved_tabs=&#8221;all&#8221; locked=&#8221;off&#8221; global_colors_info=&#8221;{}&#8221;]<!-- [et_pb_line_break_holder] --><pee style=\"text-align: center;\"><a class=\"small-button smallred\" style=\"font-size: 20px; padding: 20px 60px;\" href=\"https:\/\/www.secowarwick.com\/pl\/zapytaj-o-oferte\/\"><span style=\"display: block; transform: skew(15deg,0deg); -webkit-transform: skew(15deg,0deg); font-size: 20px; !important\">ZAPYTAJ O OFERT\u0118<\/span><\/a><\/pee>[\/et_pb_code][\/et_pb_column][et_pb_column type=&#8221;1_4&#8243; _builder_version=&#8221;4.16&#8243; custom_padding=&#8221;|||&#8221; global_colors_info=&#8221;{}&#8221; custom_padding__hover=&#8221;|||&#8221;][et_pb_text admin_label=&#8221;btn_pl_premiumlibrary&#8221; module_class=&#8221;premium-library-button&#8221; _builder_version=&#8221;4.23.1&#8243; _module_preset=&#8221;default&#8221; text_orientation=&#8221;center&#8221; global_module=&#8221;157169&#8243; saved_tabs=&#8221;all&#8221; locked=&#8221;off&#8221; global_colors_info=&#8221;{}&#8221;]<\/p>\n<a href='https:\/\/www.secowarwick.com\/pl\/trescipremium\/' class='small-button smallred'><span>TRE\u015aCI PREMIUM<\/span><\/a>\n<p>[\/et_pb_text][et_pb_text admin_label=&#8221;R&#038;D PL&#8221; module_class=&#8221;product_widget_wrap_rd&#8221; _builder_version=&#8221;4.23.1&#8243; _module_preset=&#8221;default&#8221; text_orientation=&#8221;center&#8221; global_module=&#8221;165497&#8243; saved_tabs=&#8221;all&#8221; locked=&#8221;off&#8221; global_colors_info=&#8221;{}&#8221;]<\/p>\n<p><a href=\"https:\/\/www.secowarwick.com\/pl\/rd\/\"><span class=\"product_wigtet_name\">R&amp;D<\/span><\/a><\/p>\n<p>[\/et_pb_text][et_pb_text admin_label=&#8221;AUTOMATYKA PL&#8221; module_class=&#8221;product_widget_wrap_automation&#8221; _builder_version=&#8221;4.23.1&#8243; _module_preset=&#8221;default&#8221; global_module=&#8221;165495&#8243; saved_tabs=&#8221;all&#8221; locked=&#8221;off&#8221; global_colors_info=&#8221;{}&#8221;]<\/p>\n<p><a href=\"https:\/\/www.secowarwick.com\/pl\/service\/automatyka\/\"><span class=\"product_wigtet_name\">AUTOMATYKA<\/span><\/a><\/p>\n<p>[\/et_pb_text][et_pb_text admin_label=&#8221;SERVICE PL&#8221; module_class=&#8221;product_widget_wrap_service&#8221; _builder_version=&#8221;4.23.1&#8243; _module_preset=&#8221;default&#8221; global_module=&#8221;165500&#8243; saved_tabs=&#8221;all&#8221; locked=&#8221;off&#8221; global_colors_info=&#8221;{}&#8221;]<\/p>\n<p><a href=\"https:\/\/www.secowarwick.com\/pl\/profesjonalne-uslugi-serwisowe\/\"><span class=\"product_wigtet_name\">SERWIS<\/span><\/a><\/p>\n<p>[\/et_pb_text][et_pb_text admin_label=&#8221;SUPLEMENTALS PL&#8221; module_class=&#8221;product_widget_wrap_supleme&#8221; _builder_version=&#8221;4.23.1&#8243; _module_preset=&#8221;default&#8221; global_module=&#8221;165502&#8243; saved_tabs=&#8221;all&#8221; locked=&#8221;off&#8221; global_colors_info=&#8221;{}&#8221;]<\/p>\n<p><span class=\"product_wigtet_name\">DODATKOWE:<\/span><\/p>\n<p>[\/et_pb_text][et_pb_text admin_label=&#8221;Katalog produkt\u00f3w vac pl&#8221; module_class=&#8221;suplementals_product_catalogue suplementals_wrap&#8221; _builder_version=&#8221;4.23.1&#8243; _module_preset=&#8221;default&#8221; global_module=&#8221;169522&#8243; saved_tabs=&#8221;all&#8221; locked=&#8221;off&#8221; global_colors_info=&#8221;{}&#8221;]<\/p>\n<p><a href=\"https:\/\/www.secowarwick.com\/wp-content\/uploads\/2025\/11\/VAC-VACUUM-FURNACE-WWW.pdf\" target=\"_blank\" rel=\"noopener\" class=\"ga4_product_widget_catalogue\">Katalog produkt\u00f3w<\/a><\/p>\n<p>[\/et_pb_text][et_pb_text admin_label=&#8221;Product movie playlista&#8221; module_class=&#8221;suplementals_product_movie suplementals_wrap&#8221; _builder_version=&#8221;4.23.1&#8243; _module_preset=&#8221;default&#8221; global_module=&#8221;169535&#8243; saved_tabs=&#8221;all&#8221; locked=&#8221;off&#8221; global_colors_info=&#8221;{}&#8221;]<\/p>\n<p><a href=\"https:\/\/www.youtube.com\/playlist?list=PLa0hhW_hoQqEsIHM5LQtr9h_9UlwGFBO8\" target=\"_blank\" rel=\"noopener\">Film produktowy<\/a><\/p>\n<p>[\/et_pb_text][et_pb_text admin_label=&#8221;dnabook-pl&#8221; module_class=&#8221;suplementals_product_dna suplementals_wrap&#8221; _builder_version=&#8221;4.23.1&#8243; _module_preset=&#8221;default&#8221; global_module=&#8221;165509&#8243; saved_tabs=&#8221;all&#8221; locked=&#8221;off&#8221; global_colors_info=&#8221;{}&#8221;]<\/p>\n<p><a href=\"https:\/\/www.secowarwick.com\/wp-content\/uploads\/2025\/07\/DNA_BOOK.pdf\" target=\"_blank\" rel=\"noopener\">DNA\/BOOK<\/a><\/p>\n<p>[\/et_pb_text][et_pb_text admin_label=&#8221;ECO\/BOOK-pl&#8221; module_class=&#8221;suplementals_product_eco suplementals_wrap&#8221; _builder_version=&#8221;4.23.1&#8243; _module_preset=&#8221;default&#8221; global_module=&#8221;165511&#8243; saved_tabs=&#8221;all&#8221; locked=&#8221;off&#8221; global_colors_info=&#8221;{}&#8221;]<\/p>\n<p><a href=\"https:\/\/www.secowarwick.com\/wp-content\/uploads\/2023\/06\/ECOBOOK-2-1.pdf\" target=\"_blank\" rel=\"noopener\">ECO\/BOOK<\/a><\/p>\n<p>[\/et_pb_text][et_pb_text admin_label=&#8221;RFQ product widget pl&#8221; module_class=&#8221;product_widget_wrap_rfq-en&#8221; _builder_version=&#8221;4.23.1&#8243; _module_preset=&#8221;default&#8221; global_module=&#8221;186180&#8243; saved_tabs=&#8221;all&#8221; locked=&#8221;off&#8221; global_colors_info=&#8221;{}&#8221;]<\/p>\n<p style=\"text-align: center;\"><a class=\"small-button smallred rfq-gtm-product-widget\" href=\"https:\/\/www.secowarwick.com\/pl\/zapytaj-o-oferte\/\"><span class=\"product_wigtet_name\">ZAPYTAJ O&nbsp;OFERT\u0118<\/span><\/a><\/p>\n<p>[\/et_pb_text][\/et_pb_column][\/et_pb_row][\/et_pb_section]<\/p>\n","protected":false},"excerpt":{"rendered":"<p>[et_pb_breadcrumbs _builder_version=&#8221;3.6&#8243; global_colors_info=&#8221;{}&#8221;][\/et_pb_breadcrumbs]Piece przemys\u0142owe do\u00a0CVI, CVD i\u00a0oczyszczania (puryfikacji) materia\u0142\u00f3w grafitowych \u00a0 Chemiczna infiltracja z\u00a0fazy gazowej | Chemiczne osadzanie z\u00a0fazy gazowej | Puryfikacja | Grafityzacja. CVD, CVI, FIC, IVD, pow\u0142oki zawiesinowe i\u00a0piece pr\u00f3\u017cniowe do\u00a0oczyszczania termicznego. Piece do\u00a0CVI (Chemical Vapor Infiltration) to\u00a0specjalne rozwi\u0105zania u\u017cywane w\u00a0procesie CVI, kt\u00f3ry\u00a0jest technik\u0105 wytwarzania materia\u0142\u00f3w w\u0119glowych, takich jak grafit, poprzez nasycenie ich [&hellip;]<\/p>\n","protected":false},"author":2,"featured_media":150498,"parent":7225,"menu_order":0,"comment_status":"closed","ping_status":"closed","template":"","meta":{"_acf_changed":false,"_et_pb_use_builder":"on","_et_pb_old_content":"","_et_gb_content_width":"","footnotes":""},"class_list":["post-150812","page","type-page","status-publish","has-post-thumbnail"],"acf":[],"_links":{"self":[{"href":"https:\/\/www.secowarwick.com\/pl\/wp-json\/wp\/v2\/pages\/150812","targetHints":{"allow":["GET"]}}],"collection":[{"href":"https:\/\/www.secowarwick.com\/pl\/wp-json\/wp\/v2\/pages"}],"about":[{"href":"https:\/\/www.secowarwick.com\/pl\/wp-json\/wp\/v2\/types\/page"}],"author":[{"embeddable":true,"href":"https:\/\/www.secowarwick.com\/pl\/wp-json\/wp\/v2\/users\/2"}],"replies":[{"embeddable":true,"href":"https:\/\/www.secowarwick.com\/pl\/wp-json\/wp\/v2\/comments?post=150812"}],"version-history":[{"count":19,"href":"https:\/\/www.secowarwick.com\/pl\/wp-json\/wp\/v2\/pages\/150812\/revisions"}],"predecessor-version":[{"id":190948,"href":"https:\/\/www.secowarwick.com\/pl\/wp-json\/wp\/v2\/pages\/150812\/revisions\/190948"}],"up":[{"embeddable":true,"href":"https:\/\/www.secowarwick.com\/pl\/wp-json\/wp\/v2\/pages\/7225"}],"wp:featuredmedia":[{"embeddable":true,"href":"https:\/\/www.secowarwick.com\/pl\/wp-json\/wp\/v2\/media\/150498"}],"wp:attachment":[{"href":"https:\/\/www.secowarwick.com\/pl\/wp-json\/wp\/v2\/media?parent=150812"}],"curies":[{"name":"wp","href":"https:\/\/api.w.org\/{rel}","templated":true}]}}