{"id":154559,"date":"2024-03-15T10:31:40","date_gmt":"2024-03-15T09:31:40","guid":{"rendered":"https:\/\/www.secowarwick.com\/premium-library\/"},"modified":"2026-02-18T13:11:34","modified_gmt":"2026-02-18T12:11:34","slug":"trescipremium","status":"publish","type":"page","link":"https:\/\/www.secowarwick.com\/pl\/trescipremium\/","title":{"rendered":"Tre\u015bci Premium"},"content":{"rendered":"<p>[et_pb_section fb_built=&#8221;1&#8243; module_class=&#8221;skos-slider-bottom innowacje-top&#8221; _builder_version=&#8221;4.23.1&#8243; background_image=&#8221;https:\/\/www.secowarwick.com\/wp-content\/uploads\/2024\/03\/premium_library_header.jpg&#8221; custom_padding=&#8221;0px||0px|&#8221; global_colors_info=&#8221;{}&#8221;][et_pb_row _builder_version=&#8221;4.16&#8243; custom_padding=&#8221;0px||0px|&#8221; global_colors_info=&#8221;{}&#8221;][et_pb_column type=&#8221;4_4&#8243; _builder_version=&#8221;4.16&#8243; custom_padding=&#8221;|||&#8221; global_colors_info=&#8221;{}&#8221; custom_padding__hover=&#8221;|||&#8221;][et_pb_text admin_label=&#8221;apostrof&#8221; module_class=&#8221;przecinek-tlo inne-naglowki&#8221; _builder_version=&#8221;4.23.1&#8243; header_text_color=&#8221;#FFFFFF&#8221; global_colors_info=&#8221;{}&#8221;]<\/p>\n<h1><span style=\"color: #ffffff;\">Premium Library<\/span><\/h1>\n<p>&nbsp;<\/p>\n<p>[\/et_pb_text][et_pb_text module_class=&#8221;naglowek-innowacje&#8221; _builder_version=&#8221;4.23.1&#8243; header_2_font=&#8221;|600|||||||&#8221; header_2_text_color=&#8221;#ffffff&#8221; header_2_font_size=&#8221;35px&#8221; global_colors_info=&#8221;{}&#8221;][\/et_pb_text][\/et_pb_column][\/et_pb_row][\/et_pb_section][et_pb_section fb_built=&#8221;1&#8243; custom_padding_last_edited=&#8221;on|desktop&#8221; _builder_version=&#8221;4.23.1&#8243; custom_padding=&#8221;||||false|false&#8221; custom_padding_tablet=&#8221;50px|0|50px|0&#8243; custom_padding_phone=&#8221;&#8221; global_colors_info=&#8221;{}&#8221;][et_pb_row column_structure=&#8221;1_4,3_4&#8243; use_custom_gutter=&#8221;on&#8221; gutter_width=&#8221;2&#8243; custom_padding_last_edited=&#8221;on|tablet&#8221; _builder_version=&#8221;4.16&#8243; custom_margin=&#8221;-125px|||&#8221; custom_margin_tablet=&#8221;-125px||0px|&#8221; custom_margin_phone=&#8221;&#8221; custom_margin_last_edited=&#8221;on|phone&#8221; custom_padding_tablet=&#8221;||0px|&#8221; custom_padding_phone=&#8221;&#8221; global_colors_info=&#8221;{}&#8221;][et_pb_column type=&#8221;1_4&#8243; _builder_version=&#8221;4.16&#8243; custom_padding=&#8221;|||&#8221; global_colors_info=&#8221;{}&#8221; custom_padding__hover=&#8221;|||&#8221;][et_pb_text module_class=&#8221;welcome-mediacenter&#8221; _builder_version=&#8221;4.23.1&#8243; text_font=&#8221;Titillium Web|||on|||||&#8221; custom_padding=&#8221;10px|||&#8221; border_color_right=&#8221;#dc291e&#8221; global_colors_info=&#8221;{}&#8221;]<\/p>\n<p><span style=\"font-size: 12pt;\"><span style=\"font-size: 30px;\">Witamy w&nbsp;<\/span>\u00a0<\/span><br \/><span style=\"font-size: 36px;\"><strong><span style=\"color: #dc291e;\">SECO\/WARWICK<\/span><\/strong><\/span><br \/><span style=\"font-size: 30px;\">Premium Library<\/span><\/p>\n<p>[\/et_pb_text][\/et_pb_column][et_pb_column type=&#8221;3_4&#8243; _builder_version=&#8221;4.16&#8243; custom_padding=&#8221;|||&#8221; global_colors_info=&#8221;{}&#8221; custom_padding__hover=&#8221;|||&#8221;][et_pb_text _builder_version=&#8221;4.23.1&#8243; text_font_size=&#8221;18px&#8221; custom_padding=&#8221;15px||15px|25px&#8221; border_width_left=&#8221;2&#8243; border_color_left=&#8221;#dc291e&#8221; global_colors_info=&#8221;{}&#8221;]<\/p>\n<p>Je\u015bli szukasz wiedzy z&nbsp;zakresu obr\u00f3bki cieplnej i&nbsp;metalurgii, trafi\u0142e\u015b we&nbsp;w\u0142a\u015bciwe miejsce.<br \/>W&nbsp;SECO\/WARWICK Premium Library dajemy Ci&nbsp;dost\u0119p do&nbsp;naszej bogatej biblioteki darmowych e-book\u00f3w, case study, artyku\u0142\u00f3w technicznych, nagra\u0144 oraz&nbsp;webinari\u00f3w. Usi\u0105d\u017a wygodnie i&nbsp;korzystaj z&nbsp;naszego do\u015bwiadczenia, aby poszerzy\u0107 swoj\u0105\u00a0 bran\u017cow\u0105 wiedz\u0119.<\/p>\n<p>[\/et_pb_text][\/et_pb_column][\/et_pb_row][et_pb_row custom_padding_last_edited=&#8221;on|desktop&#8221; disabled_on=&#8221;off|off|off&#8221; _builder_version=&#8221;4.23.1&#8243; custom_margin=&#8221;||0px|&#8221; custom_margin_tablet=&#8221;0px||0px|&#8221; custom_margin_phone=&#8221;&#8221; custom_margin_last_edited=&#8221;on|desktop&#8221; custom_padding=&#8221;||0px|&#8221; custom_padding_tablet=&#8221;0px||0px|&#8221; custom_padding_phone=&#8221;&#8221; hover_enabled=&#8221;0&#8243; global_colors_info=&#8221;{}&#8221; sticky_enabled=&#8221;0&#8243;][et_pb_column type=&#8221;4_4&#8243; _builder_version=&#8221;4.16&#8243; custom_padding=&#8221;|||&#8221; global_colors_info=&#8221;{}&#8221; custom_padding__hover=&#8221;|||&#8221;][et_pb_text admin_label=&#8221;apostrof&#8221; module_id=&#8221;contentpremium&#8221; module_class=&#8221;przecinek-tlo-nizej&#8221; _builder_version=&#8221;4.23.1&#8243; custom_margin=&#8221;50px|||&#8221; custom_margin_tablet=&#8221;&#8221; custom_margin_phone=&#8221;&#8221; custom_margin_last_edited=&#8221;on|desktop&#8221; custom_padding=&#8221;60px|||&#8221; saved_tabs=&#8221;all&#8221; global_colors_info=&#8221;{}&#8221;][\/et_pb_text][et_pb_text admin_label=&#8221;Newsroom&#8221; module_class=&#8221;link-nowy apostrof-pusty&#8221; _builder_version=&#8221;4.23.1&#8243; custom_margin=&#8221;||10px|&#8221; custom_padding=&#8221;||0px|&#8221; saved_tabs=&#8221;all&#8221; global_colors_info=&#8221;{}&#8221;]<\/p>\n<h2>Tre\u015bci Premium<\/h2>\n<p>Zdob\u0105d\u017a wiedz\u0119 dzi\u0119ki naszym intersuj\u0105cym studium przypadk\u00f3w, darmowym e-bookom, newsletterowi oraz&nbsp;artyku\u0142om technicznym z&nbsp;dziedziny obr\u00f3bki cieplnej i&nbsp;metalurgii.[\/et_pb_text][\/et_pb_column][\/et_pb_row][et_pb_row disabled_on=&#8221;off|off|off&#8221; _builder_version=&#8221;4.23.1&#8243; _module_preset=&#8221;default&#8221; hover_enabled=&#8221;0&#8243; locked=&#8221;off&#8221; global_colors_info=&#8221;{}&#8221; sticky_enabled=&#8221;0&#8243;][et_pb_column type=&#8221;4_4&#8243; _builder_version=&#8221;4.23.1&#8243; _module_preset=&#8221;default&#8221; global_colors_info=&#8221;{}&#8221;][et_pb_text admin_label=&#8221;smartslider&#8221; _builder_version=&#8221;4.23.1&#8243; _module_preset=&#8221;default&#8221; global_colors_info=&#8221;{}&#8221;]<\/p>\n\n<p>[\/et_pb_text][et_pb_text module_class=&#8221;link-nowy&#8221; _builder_version=&#8221;4.23.1&#8243; _module_preset=&#8221;default&#8221; locked=&#8221;off&#8221; global_colors_info=&#8221;{}&#8221;]<\/p>\n<p style=\"text-align: right;\"><a href=\"https:\/\/www.secowarwick.com\/pl\/trescipremium\/premium-content\/\" target=\"_blank\" rel=\"noopener\">Zobacz wi\u0119cej<\/a><\/p>\n<p>[\/et_pb_text][\/et_pb_column][\/et_pb_row][et_pb_row custom_padding_last_edited=&#8221;on|desktop&#8221; _builder_version=&#8221;4.23.1&#8243; custom_margin=&#8221;||0px|&#8221; custom_margin_tablet=&#8221;0px||0px|&#8221; custom_margin_phone=&#8221;&#8221; custom_margin_last_edited=&#8221;on|desktop&#8221; custom_padding=&#8221;||0px|&#8221; custom_padding_tablet=&#8221;0px||0px|&#8221; custom_padding_phone=&#8221;&#8221; global_colors_info=&#8221;{}&#8221;][et_pb_column type=&#8221;4_4&#8243; _builder_version=&#8221;4.16&#8243; custom_padding=&#8221;|||&#8221; global_colors_info=&#8221;{}&#8221; custom_padding__hover=&#8221;|||&#8221;][et_pb_text admin_label=&#8221;apostrof&#8221; module_class=&#8221;przecinek-tlo-nizej&#8221; _builder_version=&#8221;4.16&#8243; custom_margin=&#8221;50px|||&#8221; custom_margin_tablet=&#8221;&#8221; custom_margin_phone=&#8221;&#8221; custom_margin_last_edited=&#8221;on|desktop&#8221; custom_padding=&#8221;60px|||&#8221; saved_tabs=&#8221;all&#8221; global_colors_info=&#8221;{}&#8221;][\/et_pb_text][et_pb_text admin_label=&#8221;Newsroom&#8221; module_class=&#8221;link-nowy apostrof-pusty&#8221; _builder_version=&#8221;4.23.1&#8243; custom_margin=&#8221;||10px|&#8221; custom_padding=&#8221;||0px|&#8221; saved_tabs=&#8221;all&#8221; global_colors_info=&#8221;{}&#8221;]<\/p>\n<h2>SECO\/SPACE newsletter<\/h2>\n<p>Otrzymuj (za&nbsp;darmo) najnowsze wiadomo\u015bci o&nbsp;nas i&nbsp;bran\u017cy!<\/p>\n<p>[\/et_pb_text][\/et_pb_column][\/et_pb_row][et_pb_row column_structure=&#8221;1_4,1_4,1_2&#8243; use_custom_gutter=&#8221;on&#8221; gutter_width=&#8221;2&#8243; disabled_on=&#8221;on|on|on&#8221; module_class=&#8221;premium-wiersz-space&#8221; _builder_version=&#8221;4.23.1&#8243; _module_preset=&#8221;default&#8221; custom_padding=&#8221;||||false|false&#8221; disabled=&#8221;on&#8221; locked=&#8221;off&#8221; global_colors_info=&#8221;{}&#8221;][et_pb_column type=&#8221;1_4&#8243; _builder_version=&#8221;4.23.1&#8243; _module_preset=&#8221;default&#8221; global_colors_info=&#8221;{}&#8221;][et_pb_blurb alt=&#8221;Be the first to KNOW about HT&#038;metallurgy NEWS!&#8221; admin_label=&#8221;koperta&#8221; module_class=&#8221;default_blurb various_ss_news_title premium_blurb premium-sign&#8221; _builder_version=&#8221;4.23.1&#8243; _module_preset=&#8221;default&#8221; background_image=&#8221;https:\/\/www.secowarwick.com\/wp-content\/uploads\/2024\/07\/premium_library-sign.jpg&#8221; global_colors_info=&#8221;{}&#8221;]<\/p>\n<h4><img decoding=\"async\" src=\"https:\/\/www.secowarwick.com\/wp-content\/uploads\/2024\/07\/koperta.png\" alt=\"koperta\" width=\"106\" height=\"54\" \/><br \/>NOWO\u015aCI o\u00a0obr\u00f3bce cieplnej i\u00a0metalurgii!<\/h4>\n<p style=\"text-align: center;\"><a class=\"paoc-popup-click\" tabindex=\"0\" href=\"https:\/\/www.secowarwick.com\/en\/news-events-and-information\/newsletter-signup-form\/\"><span class=\"various_poll_link\">ZAPISZ SI\u0118<\/span><\/a><\/p>\n<p>[\/et_pb_blurb][\/et_pb_column][et_pb_column type=&#8221;1_4&#8243; _builder_version=&#8221;4.23.1&#8243; _module_preset=&#8221;default&#8221; global_colors_info=&#8221;{}&#8221;][et_pb_blurb alt=&#8221;SECO\/SPACE 01\/2025&#8243; module_class=&#8221;default_blurb various_ss_news_title premium_blurb premium_latest&#8221; _builder_version=&#8221;4.23.1&#8243; _module_preset=&#8221;default&#8221; background_image=&#8221;https:\/\/www.secowarwick.com\/wp-content\/uploads\/2025\/02\/secospace-012025.jpg&#8221; custom_css_main_element=&#8221;background-position: top !important;&#8221; global_colors_info=&#8221;{}&#8221;]<\/p>\n<p style=\"text-align: center;\"><a class=\"paoc-popup-click\" tabindex=\"0\" href=\"https:\/\/www.secowarwick.com\/wp-content\/uploads\/2025\/02\/SECOSPACE_2025_FEBRUARY.pdf\" target=\"_blank\" rel=\"noopener\"><span class=\"various_poll_link\">WYDANIE<\/span><\/a><\/p>\n<p>[\/et_pb_blurb][\/et_pb_column][et_pb_column type=&#8221;1_2&#8243; _builder_version=&#8221;4.23.1&#8243; _module_preset=&#8221;default&#8221; global_colors_info=&#8221;{}&#8221;][et_pb_blurb alt=&#8221;SECO\/SPACE&#8221; module_class=&#8221;default_blurb various_ss_news_title premium_blurb premium_archive&#8221; _builder_version=&#8221;4.23.1&#8243; _module_preset=&#8221;default&#8221; background_image=&#8221;https:\/\/www.secowarwick.com\/wp-content\/uploads\/2024\/07\/premium_library-1st.jpg&#8221; background_size=&#8221;initial&#8221; background_position=&#8221;top_left&#8221; custom_css_main_element=&#8221;background-position: top left !important;&#8221; global_colors_info=&#8221;{}&#8221;]<\/p>\n<p style=\"text-align: center;\"><a class=\"paoc-popup-click\" tabindex=\"0\" href=\"https:\/\/www.secowarwick.com\/en\/seco-space-archive\/\"><span class=\"various_poll_link\">ARCHIWUM<\/span><\/a><\/p>\n<p>[\/et_pb_blurb][\/et_pb_column][\/et_pb_row][et_pb_row column_structure=&#8221;3_5,2_5&#8243; module_class=&#8221;premium-space-row&#8221; _builder_version=&#8221;4.23.1&#8243; _module_preset=&#8221;default&#8221; background_image=&#8221;https:\/\/www.secowarwick.com\/wp-content\/uploads\/2025\/04\/secospace-background.jpg&#8221; custom_margin=&#8221;50px||||false|false&#8221; locked=&#8221;off&#8221; global_colors_info=&#8221;{}&#8221;][et_pb_column type=&#8221;3_5&#8243; _builder_version=&#8221;4.23.1&#8243; _module_preset=&#8221;default&#8221; global_colors_info=&#8221;{}&#8221;][et_pb_text module_class=&#8221;premium-space&#8221; _builder_version=&#8221;4.23.1&#8243; _module_preset=&#8221;default&#8221; text_font=&#8221;Titillium Web|600|||||||&#8221; text_text_color=&#8221;#FFFFFF&#8221; text_font_size=&#8221;22px&#8221; global_colors_info=&#8221;{}&#8221;]NOWO\u015aCI o\u00a0obr\u00f3bce cieplnej i\u00a0metalurgii![\/et_pb_text][\/et_pb_column][et_pb_column type=&#8221;2_5&#8243; _builder_version=&#8221;4.23.1&#8243; _module_preset=&#8221;default&#8221; global_colors_info=&#8221;{}&#8221;][et_pb_image src=&#8221;https:\/\/www.secowarwick.com\/wp-content\/uploads\/2025\/07\/secospace-premium-small.png&#8221; alt=&#8221;SECO\/SPACE&#8221; disabled_on=&#8221;off|on|on&#8221; module_class=&#8221;secospace-logo&#8221; _builder_version=&#8221;4.23.1&#8243; _module_preset=&#8221;default&#8221; locked=&#8221;off&#8221; global_colors_info=&#8221;{}&#8221;][\/et_pb_image][et_pb_code module_class=&#8221;default_blurb premium-space-newsletter&#8221; _builder_version=&#8221;4.23.1&#8243; _module_preset=&#8221;default&#8221; global_colors_info=&#8221;{}&#8221;]<a class=\"paoc-popup-click\" tabindex=\"0\" href=\"https:\/\/www.secowarwick.com\/pl\/informacje\/newsletter-signup-form\/\"><span class=\"various_poll_link\" style=\"font-size: 22px !important;\">ZAPISZ SI\u0118<\/span><\/a>[\/et_pb_code][\/et_pb_column][\/et_pb_row][\/et_pb_section][et_pb_section fb_built=&#8221;1&#8243; module_class=&#8221;skos-trojkat-dol skos-trojkat-gora-lewy-bialy24&#8243; _builder_version=&#8221;4.23.1&#8243; background_color=&#8221;#000000&#8243; background_image=&#8221;https:\/\/www.secowarwick.com\/wp-content\/uploads\/2025\/01\/premium-library-pajaczki-1.jpg&#8221; parallax=&#8221;on&#8221; parallax_method=&#8221;off&#8221; custom_margin=&#8221;||||false|false&#8221; custom_margin_tablet=&#8221;&#8221; custom_margin_phone=&#8221;&#8221; custom_margin_last_edited=&#8221;on|desktop&#8221; locked=&#8221;off&#8221; collapsed=&#8221;off&#8221; global_colors_info=&#8221;{}&#8221;][et_pb_row column_structure=&#8221;1_2,1_2&#8243; make_equal=&#8221;on&#8221; _builder_version=&#8221;4.23.1&#8243; background_size=&#8221;initial&#8221; background_position=&#8221;top_left&#8221; background_repeat=&#8221;repeat&#8221; global_colors_info=&#8221;{}&#8221;][et_pb_column type=&#8221;1_2&#8243; _builder_version=&#8221;4.16&#8243; custom_padding=&#8221;|||&#8221; global_colors_info=&#8221;{}&#8221; custom_padding__hover=&#8221;|||&#8221;][et_pb_text admin_label=&#8221;apostrof&#8221; module_class=&#8221;przecinek-tlo-nizej&#8221; _builder_version=&#8221;4.23.1&#8243; custom_padding=&#8221;70px||||false|false&#8221; custom_css_main_element=&#8221;max-width: 60px;||margin-left: auto;||margin-right: auto;&#8221; global_colors_info=&#8221;{}&#8221;][\/et_pb_text][et_pb_text admin_label=&#8221;SECO\/TALKS&#8221; module_class=&#8221;various_ss_premium_column&#8221; _builder_version=&#8221;4.23.1&#8243; text_font=&#8221;Titillium Web||||||||&#8221; text_text_color=&#8221;#ffffff&#8221; text_font_size=&#8221;28px&#8221; text_letter_spacing=&#8221;0.2&#8243; text_line_height=&#8221;1.5em&#8221; header_2_text_color=&#8221;#ffffff&#8221; header_2_font_size=&#8221;48px&#8221; max_width=&#8221;600px&#8221; module_alignment=&#8221;center&#8221; text_font_size_tablet=&#8221;22px&#8221; text_font_size_phone=&#8221;&#8221; text_font_size_last_edited=&#8221;on|desktop&#8221; text_line_height_tablet=&#8221;1.2em&#8221; text_line_height_phone=&#8221;&#8221; text_line_height_last_edited=&#8221;on|desktop&#8221; header_2_font_size_tablet=&#8221;&#8221; header_2_font_size_phone=&#8221;28px&#8221; header_2_font_size_last_edited=&#8221;on|phone&#8221; custom_css_main_element=&#8221;max-width: 900px;||margin-left: auto;||margin-right: auto;||&#8221; global_colors_info=&#8221;{}&#8221;]<\/p>\n<h2 style=\"text-align: center;\">SECO\/TALKS<\/h2>\n<p style=\"text-align: center;\">Gdzie eksperci dziel\u0105 si\u0119 swoimi bezcennymi spostrze\u017ceniami i&nbsp;do\u015bwiadczeniem.<\/p>\n<p style=\"text-align: center;\">Twoje&nbsp;\u017ar\u00f3d\u0142o wiedzy na&nbsp;temat obr\u00f3bki cieplnej, technologii piec\u00f3w pr\u00f3\u017cniowych i&nbsp;nie&nbsp;tylko.<\/p>\n<p style=\"text-align: center;\"><a class=\"paoc-popup-click\" href=\"https:\/\/www.secowarwick.com\/en\/seco-talks\/\"><span class=\"various_poll_link\">Zobacz\u00a0SECO\/TALKS<\/span><\/a><\/p>\n<p style=\"text-align: center;\">[\/et_pb_text][\/et_pb_column][et_pb_column type=&#8221;1_2&#8243; module_class=&#8221;kolumna-wysrodkowana&#8221; _builder_version=&#8221;4.23.1&#8243; custom_padding=&#8221;|||&#8221; global_colors_info=&#8221;{}&#8221; custom_padding__hover=&#8221;|||&#8221;][et_pb_video src=&#8221;https:\/\/www.secowarwick.com\/wp-content\/uploads\/2025\/02\/intro-secotalks-v2.mp4&#8243; module_class=&#8221;video-tablet&#8221; _builder_version=&#8221;4.23.1&#8243; _module_preset=&#8221;default&#8221; global_colors_info=&#8221;{}&#8221;][\/et_pb_video][\/et_pb_column][\/et_pb_row][\/et_pb_section][et_pb_section fb_built=&#8221;1&#8243; _builder_version=&#8221;4.23.1&#8243; _module_preset=&#8221;default&#8221; global_colors_info=&#8221;{}&#8221;][et_pb_row custom_padding_last_edited=&#8221;on|desktop&#8221; disabled_on=&#8221;on|on|on&#8221; _builder_version=&#8221;4.23.1&#8243; custom_margin=&#8221;||0px|&#8221; custom_margin_tablet=&#8221;0px||0px|&#8221; custom_margin_phone=&#8221;&#8221; custom_margin_last_edited=&#8221;on|desktop&#8221; custom_padding=&#8221;||0px|&#8221; custom_padding_tablet=&#8221;0px||0px|&#8221; custom_padding_phone=&#8221;&#8221; disabled=&#8221;on&#8221; global_colors_info=&#8221;{}&#8221;][et_pb_column type=&#8221;4_4&#8243; _builder_version=&#8221;4.16&#8243; custom_padding=&#8221;|||&#8221; global_colors_info=&#8221;{}&#8221; custom_padding__hover=&#8221;|||&#8221;][et_pb_text admin_label=&#8221;apostrof&#8221; module_class=&#8221;przecinek-tlo-nizej&#8221; _builder_version=&#8221;4.16&#8243; custom_margin=&#8221;50px|||&#8221; custom_margin_tablet=&#8221;&#8221; custom_margin_phone=&#8221;&#8221; custom_margin_last_edited=&#8221;on|desktop&#8221; custom_padding=&#8221;60px|||&#8221; saved_tabs=&#8221;all&#8221; global_colors_info=&#8221;{}&#8221;][\/et_pb_text][et_pb_text admin_label=&#8221;SECO\/WEBINARS&#8221; module_class=&#8221;link-nowy apostrof-pusty&#8221; _builder_version=&#8221;4.23.1&#8243; custom_margin=&#8221;||10px|&#8221; custom_padding=&#8221;||0px|&#8221; saved_tabs=&#8221;all&#8221; global_colors_info=&#8221;{}&#8221;]<\/p>\n<h2>SECO\/WEBINARS<\/h2>\n<p>Zapraszamy na&nbsp;seri\u0119 bezp\u0142atnych webinari\u00f3w SECO\/WEBINARS, w&nbsp;kt\u00f3rych&nbsp;zg\u0142\u0119biamy r\u00f3\u017cne aspekty obr\u00f3bki cieplnej.<\/p>\n<p>[\/et_pb_text][\/et_pb_column][\/et_pb_row][et_pb_row disabled_on=&#8221;on|on|on&#8221; _builder_version=&#8221;4.23.1&#8243; _module_preset=&#8221;default&#8221; disabled=&#8221;on&#8221; locked=&#8221;off&#8221; global_colors_info=&#8221;{}&#8221;][et_pb_column type=&#8221;4_4&#8243; _builder_version=&#8221;4.23.1&#8243; _module_preset=&#8221;default&#8221; global_colors_info=&#8221;{}&#8221;][et_pb_text admin_label=&#8221;smartslider&#8221; _builder_version=&#8221;4.23.1&#8243; _module_preset=&#8221;default&#8221; global_colors_info=&#8221;{}&#8221;]<\/p>\n\n<p>[\/et_pb_text][et_pb_text module_class=&#8221;link-nowy&#8221; _builder_version=&#8221;4.23.1&#8243; _module_preset=&#8221;default&#8221; global_colors_info=&#8221;{}&#8221;]<\/p>\n<p style=\"text-align: right;\"><a href=\"https:\/\/www.secowarwick.com\/en\/webinars\">Zobacz wi\u0119cej<\/a><\/p>\n<p>[\/et_pb_text][\/et_pb_column][\/et_pb_row][et_pb_row custom_padding_last_edited=&#8221;on|desktop&#8221; _builder_version=&#8221;4.23.1&#8243; custom_margin=&#8221;||0px|&#8221; custom_margin_tablet=&#8221;0px||0px|&#8221; custom_margin_phone=&#8221;&#8221; custom_margin_last_edited=&#8221;on|desktop&#8221; custom_padding=&#8221;||0px|&#8221; custom_padding_tablet=&#8221;0px||0px|&#8221; custom_padding_phone=&#8221;&#8221; global_colors_info=&#8221;{}&#8221;][et_pb_column type=&#8221;4_4&#8243; _builder_version=&#8221;4.16&#8243; custom_padding=&#8221;|||&#8221; global_colors_info=&#8221;{}&#8221; custom_padding__hover=&#8221;|||&#8221;][et_pb_text admin_label=&#8221;apostrof&#8221; module_class=&#8221;przecinek-tlo-nizej&#8221; _builder_version=&#8221;4.16&#8243; custom_margin=&#8221;50px|||&#8221; custom_margin_tablet=&#8221;&#8221; custom_margin_phone=&#8221;&#8221; custom_margin_last_edited=&#8221;on|desktop&#8221; custom_padding=&#8221;60px|||&#8221; saved_tabs=&#8221;all&#8221; global_colors_info=&#8221;{}&#8221;][\/et_pb_text][et_pb_text admin_label=&#8221;SECO\/EXPERT&#8221; module_class=&#8221;link-nowy apostrof-pusty&#8221; _builder_version=&#8221;4.23.1&#8243; custom_margin=&#8221;||10px|&#8221; custom_padding=&#8221;||0px|&#8221; saved_tabs=&#8221;all&#8221; global_colors_info=&#8221;{}&#8221;]<\/p>\n<h2>SECO\/EXPERT<\/h2>\n<p>Odkryj tajemnice obr\u00f3bki cieplnej i&nbsp;metalurgii razem z&nbsp;ekspertami SECO\/WARWICK. Zdob\u0105d\u017a wiedz\u0119 opracowan\u0105 przez&nbsp;specjalist\u00f3w, kt\u00f3rzy&nbsp;maj\u0105 wieloletnie do\u015bwiadczenie i&nbsp;umiej\u0119tno\u015bci w&nbsp;tej&nbsp;dziedzinie.<\/p>\n<p>[\/et_pb_text][\/et_pb_column][\/et_pb_row][et_pb_row _builder_version=&#8221;4.23.1&#8243; _module_preset=&#8221;default&#8221; locked=&#8221;off&#8221; global_colors_info=&#8221;{}&#8221;][et_pb_column type=&#8221;4_4&#8243; _builder_version=&#8221;4.23.1&#8243; _module_preset=&#8221;default&#8221; global_colors_info=&#8221;{}&#8221;][et_pb_text admin_label=&#8221;smartslider&#8221; _builder_version=&#8221;4.23.1&#8243; _module_preset=&#8221;default&#8221; global_colors_info=&#8221;{}&#8221;]<\/p>\n\n<p>[\/et_pb_text][et_pb_text module_class=&#8221;link-nowy&#8221; _builder_version=&#8221;4.23.1&#8243; _module_preset=&#8221;default&#8221; global_colors_info=&#8221;{}&#8221;]<\/p>\n<p style=\"text-align: right;\"><a href=\"https:\/\/youtube.com\/playlist?list=PLa0hhW_hoQqFDuif9AuovDh61W-8uNQMd&amp;si=lqbXGWUjb3Y2qgVz\" target=\"_blank\" rel=\"noopener\">Zobacz wi\u0119cej<\/a><\/p>\n<p>[\/et_pb_text][\/et_pb_column][\/et_pb_row][et_pb_row custom_padding_last_edited=&#8221;on|desktop&#8221; _builder_version=&#8221;4.23.1&#8243; custom_margin=&#8221;||0px|&#8221; custom_margin_tablet=&#8221;0px||0px|&#8221; custom_margin_phone=&#8221;&#8221; custom_margin_last_edited=&#8221;on|desktop&#8221; custom_padding=&#8221;||0px|&#8221; custom_padding_tablet=&#8221;0px||0px|&#8221; custom_padding_phone=&#8221;&#8221; global_colors_info=&#8221;{}&#8221;][et_pb_column type=&#8221;4_4&#8243; _builder_version=&#8221;4.16&#8243; custom_padding=&#8221;|||&#8221; global_colors_info=&#8221;{}&#8221; custom_padding__hover=&#8221;|||&#8221;][et_pb_text admin_label=&#8221;apostrof&#8221; module_class=&#8221;przecinek-tlo-nizej&#8221; _builder_version=&#8221;4.16&#8243; custom_margin=&#8221;50px|||&#8221; custom_margin_tablet=&#8221;&#8221; custom_margin_phone=&#8221;&#8221; custom_margin_last_edited=&#8221;on|desktop&#8221; custom_padding=&#8221;60px|||&#8221; saved_tabs=&#8221;all&#8221; global_colors_info=&#8221;{}&#8221;][\/et_pb_text][et_pb_text admin_label=&#8221;Newsroom&#8221; module_class=&#8221;link-nowy apostrof-pusty&#8221; _builder_version=&#8221;4.23.1&#8243; custom_margin=&#8221;||10px|&#8221; custom_padding=&#8221;||0px|&#8221; saved_tabs=&#8221;all&#8221; global_colors_info=&#8221;{}&#8221;]<\/p>\n<h2>SECO\/YOUTUBE<\/h2>\n<p>Witamy na&nbsp;kanale YouTube, gdzie dzielimy si\u0119 spostrze\u017ceniami, innowacjami i&nbsp;specjalistyczn\u0105 wiedz\u0105 z&nbsp;zakresu zaawansowanych proces\u00f3w termicznych i&nbsp;rozwi\u0105za\u0144 metalurgicznych. Subskrybuj teraz i&nbsp;b\u0105d\u017a na&nbsp;bie\u017c\u0105co, aby otrzymywa\u0107 darmowe tre\u015bci.<\/p>\n<p>[\/et_pb_text][\/et_pb_column][\/et_pb_row][et_pb_row _builder_version=&#8221;4.23.1&#8243; _module_preset=&#8221;default&#8221; locked=&#8221;off&#8221; global_colors_info=&#8221;{}&#8221;][et_pb_column type=&#8221;4_4&#8243; _builder_version=&#8221;4.23.1&#8243; _module_preset=&#8221;default&#8221; global_colors_info=&#8221;{}&#8221;][et_pb_text admin_label=&#8221;smartslider&#8221; _builder_version=&#8221;4.23.1&#8243; _module_preset=&#8221;default&#8221; global_colors_info=&#8221;{}&#8221;]<\/p>\n\n<p>[\/et_pb_text][et_pb_text module_class=&#8221;link-nowy&#8221; _builder_version=&#8221;4.23.1&#8243; _module_preset=&#8221;default&#8221; global_colors_info=&#8221;{}&#8221;]<\/p>\n<p style=\"text-align: right;\"><a href=\"https:\/\/www.youtube.com\/user\/secowarwickgroup\" target=\"_blank\" rel=\"noopener\">Zobacz wi\u0119cej<\/a><\/p>\n<p>[\/et_pb_text][et_pb_text admin_label=&#8221;w&#8221; _builder_version=&#8221;4.23.1&#8243; _module_preset=&#8221;default&#8221; text_font=&#8221;TitilliumWeb Black||||||||&#8221; global_colors_info=&#8221;{}&#8221;]<\/p>\n<p><span style=\"color: #ffffff;\">w<\/span><\/p>\n<p>[\/et_pb_text][\/et_pb_column][\/et_pb_row][et_pb_row _builder_version=&#8221;4.23.1&#8243; _module_preset=&#8221;default&#8221; global_colors_info=&#8221;{}&#8221;][et_pb_column type=&#8221;4_4&#8243; _builder_version=&#8221;4.23.1&#8243; _module_preset=&#8221;default&#8221; global_colors_info=&#8221;{}&#8221;][\/et_pb_column][\/et_pb_row][\/et_pb_section]<\/p>\n","protected":false},"excerpt":{"rendered":"<p>Premium Library &nbsp;Witamy w&nbsp;\u00a0SECO\/WARWICKPremium LibraryJe\u015bli szukasz wiedzy z&nbsp;zakresu obr\u00f3bki cieplnej i&nbsp;metalurgii, trafi\u0142e\u015b we&nbsp;w\u0142a\u015bciwe miejsce.W&nbsp;SECO\/WARWICK Premium Library dajemy Ci&nbsp;dost\u0119p do&nbsp;naszej bogatej biblioteki darmowych e-book\u00f3w, case study, artyku\u0142\u00f3w technicznych, nagra\u0144 oraz&nbsp;webinari\u00f3w. Usi\u0105d\u017a wygodnie i&nbsp;korzystaj z&nbsp;naszego do\u015bwiadczenia, aby poszerzy\u0107 swoj\u0105\u00a0 bran\u017cow\u0105 wiedz\u0119.Tre\u015bci Premium Zdob\u0105d\u017a wiedz\u0119 dzi\u0119ki naszym intersuj\u0105cym studium przypadk\u00f3w, darmowym e-bookom, newsletterowi oraz&nbsp;artyku\u0142om technicznym z&nbsp;dziedziny obr\u00f3bki cieplnej [&hellip;]<\/p>\n","protected":false},"author":2,"featured_media":153909,"parent":0,"menu_order":0,"comment_status":"closed","ping_status":"closed","template":"","meta":{"_acf_changed":false,"_et_pb_use_builder":"on","_et_pb_old_content":"","_et_gb_content_width":"","footnotes":""},"class_list":["post-154559","page","type-page","status-publish","has-post-thumbnail"],"acf":[],"_links":{"self":[{"href":"https:\/\/www.secowarwick.com\/pl\/wp-json\/wp\/v2\/pages\/154559","targetHints":{"allow":["GET"]}}],"collection":[{"href":"https:\/\/www.secowarwick.com\/pl\/wp-json\/wp\/v2\/pages"}],"about":[{"href":"https:\/\/www.secowarwick.com\/pl\/wp-json\/wp\/v2\/types\/page"}],"author":[{"embeddable":true,"href":"https:\/\/www.secowarwick.com\/pl\/wp-json\/wp\/v2\/users\/2"}],"replies":[{"embeddable":true,"href":"https:\/\/www.secowarwick.com\/pl\/wp-json\/wp\/v2\/comments?post=154559"}],"version-history":[{"count":29,"href":"https:\/\/www.secowarwick.com\/pl\/wp-json\/wp\/v2\/pages\/154559\/revisions"}],"predecessor-version":[{"id":189775,"href":"https:\/\/www.secowarwick.com\/pl\/wp-json\/wp\/v2\/pages\/154559\/revisions\/189775"}],"wp:featuredmedia":[{"embeddable":true,"href":"https:\/\/www.secowarwick.com\/pl\/wp-json\/wp\/v2\/media\/153909"}],"wp:attachment":[{"href":"https:\/\/www.secowarwick.com\/pl\/wp-json\/wp\/v2\/media?parent=154559"}],"curies":[{"name":"wp","href":"https:\/\/api.w.org\/{rel}","templated":true}]}}