{"id":154623,"date":"2024-03-26T15:47:42","date_gmt":"2024-03-26T14:47:42","guid":{"rendered":"https:\/\/www.secowarwick.com\/zapytaj-o-oferte\/personal-data\/"},"modified":"2024-03-27T12:59:51","modified_gmt":"2024-03-27T11:59:51","slug":"dane-osobowe","status":"publish","type":"page","link":"https:\/\/www.secowarwick.com\/pl\/zapytaj-o-oferte\/dane-osobowe\/","title":{"rendered":"Dane osobowe w formularzach"},"content":{"rendered":"<p>Dane osobowe przetwarzane s\u0105 w celu analizy zapytania o ofert\u0119 (proposal) i udzielenia na nie odpowiedzi. <b>Administratorem danych osobowych jest<\/b> <b>SECO\/WARWICK S.A.<\/b> z siedzib\u0105<br \/>\nw \u015awiebodzinie, ul. Sobieskiego 8, 66-200 (\u201e<b>SWSA<\/b>\u201d) (lub inna sp\u00f3\u0142ka z grupy kapita\u0142owej SECO\/WARWICK, \u015bwiadcz\u0105ca interesuj\u0105ce Ci\u0119 us\u0142ugi &#8211; dane kontaktowe sp\u00f3\u0142ek SECO\/WARWICK znajdziesz na stronie \u00a0<a href=\"https:\/\/www.secowarwick.com\/en\/contact\/\">https:\/\/www.secowarwick.com\/en\/contact\/<\/a>). Mo\u017cesz si\u0119 z nami skontaktowa\u0107 wysy\u0142aj\u0105c list na nasz adres lub wysy\u0142aj\u0105c e-mail na adres RODO@secowarwick.com. Jako podmiotowi danych przys\u0142uguj\u0105 Ci <b>nast\u0119puj\u0105ce prawa<\/b>: prawo do \u017c\u0105dania od administratora danych dost\u0119pu do swoich danych osobowych oraz ich sprostowania lub usuni\u0119cia, prawo do ograniczenia przetwarzania lub do wniesienia sprzeciwu wobec przetwarzania, a tak\u017ce prawo do przenoszenia danych. Masz r\u00f3wnie\u017c prawo do wniesienia skargi do organu nadzorczego zajmuj\u0105cego si\u0119 ochron\u0105 danych osobowych, kt\u00f3rym w Polsce jest Prezes Urz\u0119du Ochrony Danych Osobowych. Informacje na temat w\u0142a\u015bciwych organ\u00f3w nadzorczych w innych krajach dost\u0119pne s\u0105 na stronie internetowej <a href=\"https:\/\/edpb.europa.eu\/about-edpb\/about-edpb\/members_pl\">https:\/\/edpb.europa.eu\/about-edpb\/about-edpb\/members_pl<\/a>.<\/p>\n<p>W odniesieniu do negocjacji z osobami fizycznymi &#8211; przetwarzanie jest niezb\u0119dne do podj\u0119cia dzia\u0142a\u0144 na \u017c\u0105danie osoby, kt\u00f3rej dane dotycz\u0105, przed zawarciem umowy, dlatego podstaw\u0105 prawn\u0105 przetwarzania jest art. 6 ust. 1 lit. b) RODO. W odniesieniu do negocjacji z osobami reprezentuj\u0105cymi osoby prawne &#8211; dane osobowe s\u0105 przetwarzane na podstawie prawnie uzasadnionego interesu SWSA umo\u017cliwiaj\u0105cego prowadzenie negocjacji (dlatego podstaw\u0105 prawn\u0105 przetwarzania jest art. 6 ust. 1 lit. f) RODO). W przypadku niezawarcia umowy dane osobowe b\u0119d\u0105 przechowywane w oparciu o uzasadniony interes SWSA (art. 6 ust. 1 lit. f) RODO), umo\u017cliwiaj\u0105cy prowadzenie ewidencji podmiot\u00f3w, z kt\u00f3rymi ostatnio prowadzi\u0142a negocjacje. W przypadku zawarcia umowy dane osobowe b\u0119d\u0105 przechowywane przez okres obowi\u0105zywania umowy, a nast\u0119pnie &#8211; w zale\u017cno\u015bci od kategorii danych &#8211; przez okres wymagany odpowiednimi przepisami prawa oraz przez okres niezb\u0119dny do rozpatrzenia ewentualnych roszcze\u0144 (tj. do ko\u0144ca okresu przedawnienia roszcze\u0144). W przypadku niezawarcia umowy dane osobowe b\u0119d\u0105 przechowywane przez 5 lat kalendarzowych od daty pierwszego kontaktu lub do momentu wniesienia sprzeciwu wobec przetwarzania danych, kt\u00f3ry nie zostanie przez nas odrzucony zgodnie z przepisami prawa. Podanie danych jest dobrowolne, jednak\u017ce niezb\u0119dne do obs\u0142ugi zg\u0142oszenia. Dane mog\u0105 by\u0107 przekazywane dostawcom us\u0142ug SWSA, w tym w szczeg\u00f3lno\u015bci dostawcom us\u0142ug i rozwi\u0105za\u0144 informatycznych (w tym hostingu), doradcom zewn\u0119trznym, dostawcom \u015bwiadcz\u0105cym us\u0142ugi prawne, ksi\u0119gowe i audytorskie, dostawcom przesy\u0142ek, bankom, podwykonawcom, klientom, a tak\u017ce sp\u00f3\u0142kom nale\u017c\u0105cym do tej samej grupy kapita\u0142owej co SWSA. Ze wzgl\u0119du na mi\u0119dzynarodowy charakter dzia\u0142alno\u015bci SWSA, dane osobowe U\u017cytkownika mog\u0105 by\u0107 przekazywane do pa\u0144stw spoza Europejskiego Obszaru Gospodarczego, w kt\u00f3rych standardy ochrony danych osobowych r\u00f3\u017cni\u0105 si\u0119 od standard\u00f3w Unii Europejskiej i kt\u00f3re mog\u0105 nie zapewni\u0107 odpowiedniego poziomu ochrony danych osobowych ze wzgl\u0119du na niewdro\u017cenie okre\u015blonych zabezpiecze\u0144 maj\u0105cych na celu ochron\u0119 danych osobowych. SWSA podejmie odpowiednie kroki, aby takie przekazywanie danych by\u0142o zgodne z obowi\u0105zuj\u0105cym prawem, w szczeg\u00f3lno\u015bci przekazywanie b\u0119dzie odbywa\u0107 si\u0119 do kraj\u00f3w zapewniaj\u0105cych odpowiedni poziom ochrony (na podstawie decyzji Komisji Europejskiej stwierdzaj\u0105cych odpowiedni poziom ochrony), zostan\u0105 zapewnione odpowiednie zabezpieczenia na podstawie Art. 46 RODO lub przetwarzanie b\u0119dzie odbywa\u0107 si\u0119 na podstawie art. 49 (w szczeg\u00f3lno\u015bci &#8211; przekazanie niezb\u0119dne do wykonania umowy). Kopi\u0119 tych zabezpiecze\u0144 mo\u017cna uzyska\u0107 kontaktuj\u0105c si\u0119 z SWSA. Twoje dane osobowe nie b\u0119d\u0105 przetwarzane w spos\u00f3b zwi\u0105zany ze zautomatyzowanym podejmowaniem decyzji, w tym profilowaniem. Mo\u017cemy r\u00f3wnie\u017c przetwarza\u0107 Twoje dane osobowe w celu ustalenia i dochodzenia roszcze\u0144 prawnych przez SWSA lub obrony przed roszczeniami prawnymi. Podstaw\u0105 prawn\u0105 takiego przetwarzania jest prawnie uzasadniony interes SWSA (art. 6 ust. 1 lit. f) RODO) polegaj\u0105cy na ustaleniu, wykonywaniu lub obronie roszcze\u0144 prawnych. Dane osobowe b\u0119d\u0105 przetwarzane przez okres niezb\u0119dny do realizacji tego celu.<\/p>\n<p><strong>Wi\u0119cej informacji na temat przetwarzania danych osobowych mo\u017cesz znale\u017a\u0107 w naszej Polityce Prywatno\u015bci dost\u0119pnej pod adresem<\/strong>: <a href=\"https:\/\/www.secowarwick.com\/pl\/ochrona-danych\/\">https:\/\/www.secowarwick.com\/pl\/ochrona-danych\/<\/a>.<\/p>\n<p>&nbsp;<\/p>\n","protected":false},"excerpt":{"rendered":"<p>Dane osobowe przetwarzane s\u0105 w celu analizy zapytania o ofert\u0119 (proposal) i udzielenia na nie odpowiedzi. Administratorem danych osobowych jest SECO\/WARWICK S.A. z siedzib\u0105 w \u015awiebodzinie, ul. Sobieskiego 8, 66-200 (\u201eSWSA\u201d) (lub inna sp\u00f3\u0142ka z grupy kapita\u0142owej SECO\/WARWICK, \u015bwiadcz\u0105ca interesuj\u0105ce Ci\u0119 us\u0142ugi &#8211; dane kontaktowe sp\u00f3\u0142ek SECO\/WARWICK znajdziesz na stronie \u00a0https:\/\/www.secowarwick.com\/en\/contact\/). Mo\u017cesz si\u0119 z nami [&hellip;]<\/p>\n","protected":false},"author":2,"featured_media":0,"parent":8028,"menu_order":0,"comment_status":"closed","ping_status":"closed","template":"","meta":{"_acf_changed":false,"_et_pb_use_builder":"","_et_pb_old_content":"","_et_gb_content_width":"","footnotes":""},"class_list":["post-154623","page","type-page","status-publish"],"acf":[],"_links":{"self":[{"href":"https:\/\/www.secowarwick.com\/pl\/wp-json\/wp\/v2\/pages\/154623","targetHints":{"allow":["GET"]}}],"collection":[{"href":"https:\/\/www.secowarwick.com\/pl\/wp-json\/wp\/v2\/pages"}],"about":[{"href":"https:\/\/www.secowarwick.com\/pl\/wp-json\/wp\/v2\/types\/page"}],"author":[{"embeddable":true,"href":"https:\/\/www.secowarwick.com\/pl\/wp-json\/wp\/v2\/users\/2"}],"replies":[{"embeddable":true,"href":"https:\/\/www.secowarwick.com\/pl\/wp-json\/wp\/v2\/comments?post=154623"}],"version-history":[{"count":5,"href":"https:\/\/www.secowarwick.com\/pl\/wp-json\/wp\/v2\/pages\/154623\/revisions"}],"predecessor-version":[{"id":154746,"href":"https:\/\/www.secowarwick.com\/pl\/wp-json\/wp\/v2\/pages\/154623\/revisions\/154746"}],"up":[{"embeddable":true,"href":"https:\/\/www.secowarwick.com\/pl\/wp-json\/wp\/v2\/pages\/8028"}],"wp:attachment":[{"href":"https:\/\/www.secowarwick.com\/pl\/wp-json\/wp\/v2\/media?parent=154623"}],"curies":[{"name":"wp","href":"https:\/\/api.w.org\/{rel}","templated":true}]}}