{"id":155168,"date":"2024-04-03T10:43:14","date_gmt":"2024-04-03T08:43:14","guid":{"rendered":"https:\/\/www.secowarwick.com\/trescipremium\/thank-you\/"},"modified":"2024-04-03T10:48:40","modified_gmt":"2024-04-03T08:48:40","slug":"dziekujemy-za-wiadomosc","status":"publish","type":"page","link":"https:\/\/www.secowarwick.com\/pl\/trescipremium\/dziekujemy-za-wiadomosc\/","title":{"rendered":"Dzi\u0119kujemy za wiadomo\u015b\u0107"},"content":{"rendered":"<p>[et_pb_section fb_built=&#8221;1&#8243; module_class=&#8221;skos-slider-bottom innowacje-top&#8221; _builder_version=&#8221;4.23.1&#8243; background_image=&#8221;https:\/\/www.secowarwick.com\/wp-content\/uploads\/2024\/03\/SURVEY_NEW__.jpg&#8221; custom_padding=&#8221;0px||0px|&#8221; global_colors_info=&#8221;{}&#8221; theme_builder_area=&#8221;post_content&#8221;][et_pb_row _builder_version=&#8221;4.16&#8243; custom_padding=&#8221;0px||0px|&#8221; global_colors_info=&#8221;{}&#8221; theme_builder_area=&#8221;post_content&#8221;][et_pb_column type=&#8221;4_4&#8243; _builder_version=&#8221;4.16&#8243; custom_padding=&#8221;|||&#8221; global_colors_info=&#8221;{}&#8221; custom_padding__hover=&#8221;|||&#8221; theme_builder_area=&#8221;post_content&#8221;][et_pb_text admin_label=&#8221;apostrof&#8221; module_class=&#8221;przecinek-tlo inne-naglowki&#8221; _builder_version=&#8221;4.23.1&#8243; global_colors_info=&#8221;{}&#8221; theme_builder_area=&#8221;post_content&#8221;]<\/p>\n<h1><span style=\"color: #000000;\">SECO<span style=\"color: #dc291e;\">\/<\/span>WARWICK<\/span><\/h1>\n<p>[\/et_pb_text][et_pb_text module_class=&#8221;naglowek-innowacje&#8221; _builder_version=&#8221;4.23.1&#8243; header_2_font=&#8221;|600|||||||&#8221; header_2_text_color=&#8221;#ffffff&#8221; header_2_font_size=&#8221;35px&#8221; global_colors_info=&#8221;{}&#8221; theme_builder_area=&#8221;post_content&#8221;][\/et_pb_text][\/et_pb_column][\/et_pb_row][\/et_pb_section][et_pb_section fb_built=&#8221;1&#8243; custom_padding_last_edited=&#8221;on|desktop&#8221; _builder_version=&#8221;4.16&#8243; custom_padding=&#8221;||0px|&#8221; custom_padding_tablet=&#8221;50px|0|50px|0&#8243; custom_padding_phone=&#8221;&#8221; global_colors_info=&#8221;{}&#8221; theme_builder_area=&#8221;post_content&#8221;][et_pb_row column_structure=&#8221;1_4,3_4&#8243; use_custom_gutter=&#8221;on&#8221; gutter_width=&#8221;2&#8243; custom_padding_last_edited=&#8221;on|tablet&#8221; _builder_version=&#8221;4.16&#8243; custom_margin=&#8221;-125px|||&#8221; custom_margin_tablet=&#8221;-125px||0px|&#8221; custom_margin_phone=&#8221;&#8221; custom_margin_last_edited=&#8221;on|phone&#8221; custom_padding_tablet=&#8221;||0px|&#8221; custom_padding_phone=&#8221;&#8221; global_colors_info=&#8221;{}&#8221; theme_builder_area=&#8221;post_content&#8221;][et_pb_column type=&#8221;1_4&#8243; _builder_version=&#8221;4.16&#8243; custom_padding=&#8221;|||&#8221; global_colors_info=&#8221;{}&#8221; custom_padding__hover=&#8221;|||&#8221; theme_builder_area=&#8221;post_content&#8221;][et_pb_text module_class=&#8221;welcome-mediacenter&#8221; _builder_version=&#8221;4.23.1&#8243; text_font=&#8221;Titillium Web|||on|||||&#8221; custom_padding=&#8221;10px|||&#8221; border_color_right=&#8221;#dc291e&#8221; global_colors_info=&#8221;{}&#8221; theme_builder_area=&#8221;post_content&#8221;]<\/p>\n<p><span style=\"font-size: 36px;\"><strong><span style=\"color: #dc291e;\">DZI\u0118KUJEMY<\/span><\/strong><\/span><br \/>\n<span style=\"font-size: 20px;\">Twoja wiadomo\u015b\u0107 <br \/>zosta\u0142a przes\u0142ana\u00a0<br \/>\n<br \/><\/span><\/p>\n<p>[\/et_pb_text][\/et_pb_column][et_pb_column type=&#8221;3_4&#8243; _builder_version=&#8221;4.16&#8243; custom_padding=&#8221;|||&#8221; global_colors_info=&#8221;{}&#8221; custom_padding__hover=&#8221;|||&#8221; theme_builder_area=&#8221;post_content&#8221;][et_pb_text _builder_version=&#8221;4.23.1&#8243; text_font_size=&#8221;18px&#8221; custom_padding=&#8221;15px||15px|25px&#8221; custom_css_main_element=&#8221;min-height: 95px;||display: grid;||align-content: center;&#8221; border_width_left=&#8221;2&#8243; border_color_left=&#8221;#dc291e&#8221; global_colors_info=&#8221;{}&#8221; theme_builder_area=&#8221;post_content&#8221;]<\/p>\n<p>Sprawd\u017a skrzynk\u0119 mailow\u0105, aby uzyska\u0107 wi\u0119cej szczeg\u00f3\u0142\u00f3w o kolejnych krokach. Je\u015bli nie otrzymasz wiadomo\u015bci e-mail, sprawd\u017a tak\u017ce folder wiadomo\u015bci spam.\u00a0<br \/>Tymczasem, zapraszamy do naszego \u015bwiata. Obejrzyj wideo przedstawiaj\u0105ce firm\u0119 od \u015brodka.<\/p>\n<p>[\/et_pb_text][\/et_pb_column][\/et_pb_row][et_pb_row _builder_version=&#8221;4.16&#8243; global_colors_info=&#8221;{}&#8221; theme_builder_area=&#8221;post_content&#8221;][et_pb_column type=&#8221;4_4&#8243; _builder_version=&#8221;4.16&#8243; custom_padding=&#8221;|||&#8221; global_colors_info=&#8221;{}&#8221; custom_padding__hover=&#8221;|||&#8221; theme_builder_area=&#8221;post_content&#8221;][et_pb_image src=&#8221;https:\/\/www.secowarwick.com\/wp-content\/uploads\/2024\/03\/YT-play_-1.jpg&#8221; alt=&#8221;Video&#8221; url=&#8221;https:\/\/www.youtube.com\/watch?v=0fQyER0u6BA%20&#8243; align=&#8221;center&#8221; _builder_version=&#8221;4.23.1&#8243; _module_preset=&#8221;default&#8221; max_width=&#8221;800px&#8221; global_colors_info=&#8221;{}&#8221; theme_builder_area=&#8221;post_content&#8221;][\/et_pb_image][\/et_pb_column][\/et_pb_row][et_pb_row _builder_version=&#8221;4.23.1&#8243; _module_preset=&#8221;default&#8221; global_colors_info=&#8221;{}&#8221; theme_builder_area=&#8221;post_content&#8221;][et_pb_column type=&#8221;4_4&#8243; _builder_version=&#8221;4.23.1&#8243; _module_preset=&#8221;default&#8221; global_colors_info=&#8221;{}&#8221; theme_builder_area=&#8221;post_content&#8221;][\/et_pb_column][\/et_pb_row][\/et_pb_section]<\/p>\n","protected":false},"excerpt":{"rendered":"<p>SECO\/WARWICKDZI\u0118KUJEMY Twoja wiadomo\u015b\u0107 zosta\u0142a przes\u0142ana\u00a0 Sprawd\u017a skrzynk\u0119 mailow\u0105, aby uzyska\u0107 wi\u0119cej szczeg\u00f3\u0142\u00f3w o kolejnych krokach. Je\u015bli nie otrzymasz wiadomo\u015bci e-mail, sprawd\u017a tak\u017ce folder wiadomo\u015bci spam.\u00a0Tymczasem, zapraszamy do naszego \u015bwiata. Obejrzyj wideo przedstawiaj\u0105ce firm\u0119 od \u015brodka.<\/p>\n","protected":false},"author":2,"featured_media":0,"parent":154559,"menu_order":0,"comment_status":"closed","ping_status":"closed","template":"","meta":{"_acf_changed":false,"_et_pb_use_builder":"on","_et_pb_old_content":"","_et_gb_content_width":"","footnotes":""},"class_list":["post-155168","page","type-page","status-publish"],"acf":[],"_links":{"self":[{"href":"https:\/\/www.secowarwick.com\/pl\/wp-json\/wp\/v2\/pages\/155168","targetHints":{"allow":["GET"]}}],"collection":[{"href":"https:\/\/www.secowarwick.com\/pl\/wp-json\/wp\/v2\/pages"}],"about":[{"href":"https:\/\/www.secowarwick.com\/pl\/wp-json\/wp\/v2\/types\/page"}],"author":[{"embeddable":true,"href":"https:\/\/www.secowarwick.com\/pl\/wp-json\/wp\/v2\/users\/2"}],"replies":[{"embeddable":true,"href":"https:\/\/www.secowarwick.com\/pl\/wp-json\/wp\/v2\/comments?post=155168"}],"version-history":[{"count":3,"href":"https:\/\/www.secowarwick.com\/pl\/wp-json\/wp\/v2\/pages\/155168\/revisions"}],"predecessor-version":[{"id":155177,"href":"https:\/\/www.secowarwick.com\/pl\/wp-json\/wp\/v2\/pages\/155168\/revisions\/155177"}],"up":[{"embeddable":true,"href":"https:\/\/www.secowarwick.com\/pl\/wp-json\/wp\/v2\/pages\/154559"}],"wp:attachment":[{"href":"https:\/\/www.secowarwick.com\/pl\/wp-json\/wp\/v2\/media?parent=155168"}],"curies":[{"name":"wp","href":"https:\/\/api.w.org\/{rel}","templated":true}]}}