{"id":157790,"date":"2024-05-10T08:49:48","date_gmt":"2024-05-10T06:49:48","guid":{"rendered":"https:\/\/www.secowarwick.com\/?page_id=157790"},"modified":"2024-08-30T12:12:18","modified_gmt":"2024-08-30T10:12:18","slug":"centrum-rd-lutowania-cab","status":"publish","type":"page","link":"https:\/\/www.secowarwick.com\/pl\/rd\/centrum-rd-lutowania-cab\/","title":{"rendered":"Centrum R&#038;D lutowania CAB"},"content":{"rendered":"<p>[et_pb_section fb_built=&#8221;1&#8243; admin_label=&#8221;hero section&#8221; module_class=&#8221;rd-2024-secotech-hero-section&#8221; _builder_version=&#8221;4.23.1&#8243; _module_preset=&#8221;default&#8221; background_color=&#8221;#000000&#8243; background_enable_image=&#8221;off&#8221; global_colors_info=&#8221;{}&#8221;][et_pb_row column_structure=&#8221;1_2,1_2&#8243; make_equal=&#8221;on&#8221; module_class=&#8221;rd-2024-secotech-hero-section-wiersz&#8221; _builder_version=&#8221;4.23.1&#8243; _module_preset=&#8221;default&#8221; global_colors_info=&#8221;{}&#8221;][et_pb_column type=&#8221;1_2&#8243; module_class=&#8221;rd-2024-secotech-hero-kolumna-lewa&#8221; _builder_version=&#8221;4.23.1&#8243; _module_preset=&#8221;default&#8221; global_colors_info=&#8221;{}&#8221;][et_pb_text module_class=&#8221;rd-2024-secotech-hero-title&#8221; _builder_version=&#8221;4.23.1&#8243; _module_preset=&#8221;default&#8221; text_font=&#8221;Titillium Web||||||||&#8221; text_text_color=&#8221;#FFFFFF&#8221; header_font=&#8221;TitilliumWeb Black||||||||&#8221; header_text_color=&#8221;#FFFFFF&#8221; global_colors_info=&#8221;{}&#8221;]<\/p>\n<h1>Centrum R&amp;D lutowania CAB<\/h1>\n<p>SECO\/WARWICK posiada w pe\u0142ni wyposa\u017cone Centrum Lutowania CAB, kt\u00f3re wspiera klient\u00f3w, umo\u017cliwiaj\u0105c im przeprowadzanie pr\u00f3b i zbadania prototyp\u00f3w szerokiej gamy wymiennik\u00f3w ciep\u0142a dla wszystkich zastosowa\u0144 i ga\u0142\u0119zi przemys\u0142u, w tym; motoryzacji, energetyki, HVAC&amp;R (ogrzewanie, wentylacja i klimatyzacja) i elektroniki.<\/p>\n<p>[\/et_pb_text][\/et_pb_column][et_pb_column type=&#8221;1_2&#8243; module_class=&#8221;rd-2024-secotech-hero-kolumna-prawa&#8221; _builder_version=&#8221;4.23.1&#8243; _module_preset=&#8221;default&#8221; global_colors_info=&#8221;{}&#8221;][et_pb_image src=&#8221;https:\/\/www.secowarwick.com\/wp-content\/uploads\/2024\/06\/rd-cab-1-1.png&#8221; alt=&#8221;Centrum R&#038;D lutowania CAB&#8221; module_class=&#8221;rd-2024-secotech-hero-obraz&#8221; _builder_version=&#8221;4.23.1&#8243; _module_preset=&#8221;default&#8221; global_colors_info=&#8221;{}&#8221;][\/et_pb_image][\/et_pb_column][\/et_pb_row][\/et_pb_section][et_pb_section fb_built=&#8221;1&#8243; custom_padding_last_edited=&#8221;off|desktop&#8221; _builder_version=&#8221;4.23.1&#8243; background_color=&#8221;#000000&#8243; custom_padding=&#8221;0px||0px||false|false&#8221; custom_padding_tablet=&#8221;50px|0|50px|0&#8243; global_colors_info=&#8221;{}&#8221;][et_pb_row custom_padding_last_edited=&#8221;off|desktop&#8221; module_class=&#8221;rd-wiersz rs-secotech-wiersz-uslugi-intro rd-wiersz-zmniejsz&#8221; _builder_version=&#8221;4.23.1&#8243; _module_preset=&#8221;default&#8221; custom_padding=&#8221;||||false|false&#8221; global_colors_info=&#8221;{}&#8221;][et_pb_column type=&#8221;4_4&#8243; _builder_version=&#8221;4.23.1&#8243; _module_preset=&#8221;default&#8221; global_colors_info=&#8221;{}&#8221;][et_pb_code _builder_version=&#8221;4.23.1&#8243; _module_preset=&#8221;default&#8221; global_colors_info=&#8221;{}&#8221;]<script src=\"https:\/\/ajax.googleapis.com\/ajax\/libs\/jquery\/3.7.1\/jquery.min.js\"><\/script><!-- [et_pb_line_break_holder] -->\t\t    <script><!-- [et_pb_line_break_holder] -->\t\tfunction changeBackground(){<!-- [et_pb_line_break_holder] -->    let windowHeight = window.innerHeight \/ 2;<!-- [et_pb_line_break_holder] -->    let zyly = document.getElementsByClassName('zyla');<!-- [et_pb_line_break_holder] -->    for (let item of zyly) {<!-- [et_pb_line_break_holder] -->       let itemPosition = item.getBoundingClientRect();<!-- [et_pb_line_break_holder] -->       let bottom = itemPosition.bottom;<!-- [et_pb_line_break_holder] -->       let top = itemPosition.top;<!-- [et_pb_line_break_holder] -->       let height = itemPosition.height;<!-- [et_pb_line_break_holder] --><!-- [et_pb_line_break_holder] -->       if( top <= windowHeight){<!-- [et_pb_line_break_holder] -->          let percent = '100';<!-- [et_pb_line_break_holder] -->          if(bottom >= windowHeight){<!-- [et_pb_line_break_holder] -->             percent =  (windowHeight - top) \/ height * 100;<!-- [et_pb_line_break_holder] -->          }<!-- [et_pb_line_break_holder] -->          $(item).css('background-image', 'linear-gradient(to bottom, red ' + percent + '%' +', rgba(0,0,0,0) ' + percent + '%'  );<!-- [et_pb_line_break_holder] -->       }else{<!-- [et_pb_line_break_holder] -->          $(item).css('background-image', '');<!-- [et_pb_line_break_holder] -->       }<!-- [et_pb_line_break_holder] -->    }<!-- [et_pb_line_break_holder] -->}<!-- [et_pb_line_break_holder] --><!-- [et_pb_line_break_holder] -->$(window).scroll( function() {<!-- [et_pb_line_break_holder] -->    changeBackground();<!-- [et_pb_line_break_holder] -->})<!-- [et_pb_line_break_holder] --><!-- [et_pb_line_break_holder] -->$( document ).ready(function() {<!-- [et_pb_line_break_holder] -->          changeBackground();<!-- [et_pb_line_break_holder] -->});<!-- [et_pb_line_break_holder] -->\t\t<\/script>[\/et_pb_code][et_pb_image src=&#8221;https:\/\/www.secowarwick.com\/wp-content\/uploads\/2024\/04\/sciezki-pod-sliderem-1.png&#8221; alt=&#8221;R&#038;D SECO\/WARWICK&#8221; module_class=&#8221;zyla&#8221; _builder_version=&#8221;4.23.1&#8243; _module_preset=&#8221;default&#8221; custom_css_main_element=&#8221;background-color:rgba(139,126,126,1);&#8221; global_colors_info=&#8221;{}&#8221;][\/et_pb_image][et_pb_text admin_label=&#8221;US\u0141UGI OBR\u00d3BKI CIEPLNEJ&#8221; module_class=&#8221;rd-2024-secotech-uslugi&#8221; _builder_version=&#8221;4.23.1&#8243; _module_preset=&#8221;default&#8221; text_font=&#8221;TitilliumWeb Black|||on|||||&#8221; text_text_color=&#8221;#FFFFFF&#8221; header_2_font=&#8221;TitilliumWeb Black|||on|||||&#8221; header_2_text_color=&#8221;#dc291e&#8221; global_colors_info=&#8221;{}&#8221;]<\/p>\n<h2 style=\"text-align: center;\">Zmniejsz ryzyko inwestycji,<br \/>korzystaj\u0105c z Centrum R&amp;D lutowania CAB<\/h2>\n<p>[\/et_pb_text][et_pb_code admin_label=&#8221;kod plastra&#8221; module_class=&#8221;rd-strke-v2&#8243; _builder_version=&#8221;4.23.1&#8243; _module_preset=&#8221;default&#8221; animation_style=&#8221;slide&#8221; animation_direction=&#8221;right&#8221; animation_delay=&#8221;500ms&#8221; global_colors_info=&#8221;{}&#8221;][\/et_pb_code][et_pb_image src=&#8221;https:\/\/www.secowarwick.com\/wp-content\/uploads\/2024\/04\/sciezki-nad-brain.png&#8221; alt=&#8221;R&#038;D SECO\/WARWICK&#8221; title_text=&#8221;plik-tla&#8221; module_class=&#8221;zyla nad-cab&#8221; _builder_version=&#8221;4.23.1&#8243; _module_preset=&#8221;default&#8221; custom_css_main_element=&#8221;background-color:rgba(139,126,126,1);&#8221; global_colors_info=&#8221;{}&#8221;][\/et_pb_image][\/et_pb_column][\/et_pb_row][et_pb_row column_structure=&#8221;1_2,1_2&#8243; make_equal=&#8221;on&#8221; module_class=&#8221;rd-wiersz rd-cab-wiersz&#8221; _builder_version=&#8221;4.23.1&#8243; _module_preset=&#8221;default&#8221; custom_padding=&#8221;||0px||false|false&#8221; locked=&#8221;off&#8221; global_colors_info=&#8221;{}&#8221;][et_pb_column type=&#8221;1_2&#8243; module_class=&#8221;kolumna-wysrodkowana&#8221; _builder_version=&#8221;4.23.1&#8243; _module_preset=&#8221;default&#8221; global_colors_info=&#8221;{}&#8221;][et_pb_text module_class=&#8221;rd-2024-secotech-opis-tresc red-hash-list-parent&#8221; _builder_version=&#8221;4.23.1&#8243; _module_preset=&#8221;default&#8221; text_font=&#8221;Titillium Web||||||||&#8221; text_text_color=&#8221;#FFFFFF&#8221; global_colors_info=&#8221;{}&#8221;]<\/p>\n<ul>\n<li>Centrum mo\u017ce nast\u0119pnie modelowa\u0107 i dokumentowa\u0107 kompletne informacje o procesie oraz receptury kontrolne pod k\u0105tem wymaga\u0144 produkcyjnych.<\/li>\n<li>Centrum Lutowania mo\u017ce pe\u0142ni\u0107 kolejn\u0105 funkcj\u0119 -&gt; o\u015brodka szkolenia pracownik\u00f3w.<\/li>\n<li>Klienci mog\u0105 r\u00f3wnie\u017c zakupi\u0107 czas pracy pieca w celu uruchomienia produkcji na zasadzie \u201ekoszt plus\u201d (cost-plus basis).<\/li>\n<\/ul>\n<p>Centrum R&amp;D lutowania CAB jest w pe\u0142ni wyposa\u017cone w system lutowania Active Only\u00ae CAB Brazing, r\u0119czne nanoszenie topnika na mokro, odt\u0142uszczanie termiczne \/ suszenie \/ usuwanie lepiszcza \/ piec, aby umo\u017cliwi\u0107 klientom wykorzystanie kompletnie dzia\u0142aj\u0105cej kom\u00f3rki produkcyjnej.<\/p>\n<p>Piec CAB mo\u017ce obs\u0142ugiwa\u0107 wsady o szeroko\u015bci do 1500 mm, d\u0142ugo\u015bci 2500 mm i wysoko\u015bci 450 mm.<\/p>\n<p>[\/et_pb_text][\/et_pb_column][et_pb_column type=&#8221;1_2&#8243; module_class=&#8221;rd-secotech-kolumna-kwadraty-prawa&#8221; _builder_version=&#8221;4.23.1&#8243; _module_preset=&#8221;default&#8221; global_colors_info=&#8221;{}&#8221;][et_pb_image src=&#8221;https:\/\/www.secowarwick.com\/wp-content\/uploads\/2024\/06\/rd-cab-2.jpg&#8221; alt=&#8221;Centrum R&#038;D lutowania CAB&#8221; module_class=&#8221;rd-2024-secotech-hero-obraz&#8221; _builder_version=&#8221;4.23.1&#8243; _module_preset=&#8221;default&#8221; global_colors_info=&#8221;{}&#8221;][\/et_pb_image][\/et_pb_column][\/et_pb_row][et_pb_row module_class=&#8221;rd-wiersz rd-zyla-pomiedzy&#8221; _builder_version=&#8221;4.23.1&#8243; _module_preset=&#8221;default&#8221; custom_padding=&#8221;||0px||false|false&#8221; locked=&#8221;off&#8221; global_colors_info=&#8221;{}&#8221;][et_pb_column type=&#8221;4_4&#8243; _builder_version=&#8221;4.23.1&#8243; _module_preset=&#8221;default&#8221; global_colors_info=&#8221;{}&#8221;][et_pb_image src=&#8221;https:\/\/www.secowarwick.com\/wp-content\/uploads\/2024\/04\/sciezki-nad-brain.png&#8221; alt=&#8221;R&#038;D SECO\/WARWICK&#8221; title_text=&#8221;plik-tla&#8221; module_class=&#8221;zyla nad-cab&#8221; _builder_version=&#8221;4.23.1&#8243; _module_preset=&#8221;default&#8221; custom_css_main_element=&#8221;background-color:rgba(139,126,126,1);&#8221; global_colors_info=&#8221;{}&#8221;][\/et_pb_image][\/et_pb_column][\/et_pb_row][et_pb_row column_structure=&#8221;1_2,1_2&#8243; make_equal=&#8221;on&#8221; module_class=&#8221;rd-wiersz rd-secotech-wiersz-kwadraty&#8221; _builder_version=&#8221;4.23.1&#8243; _module_preset=&#8221;default&#8221; custom_padding=&#8221;||0px||false|false&#8221; locked=&#8221;off&#8221; global_colors_info=&#8221;{}&#8221;][et_pb_column type=&#8221;1_2&#8243; module_class=&#8221;rd-secotech-kolumna-kwadraty-lewa&#8221; _builder_version=&#8221;4.23.1&#8243; _module_preset=&#8221;default&#8221; global_colors_info=&#8221;{}&#8221;][et_pb_image src=&#8221;https:\/\/www.secowarwick.com\/wp-content\/uploads\/2024\/06\/rd-cab.png&#8221; alt=&#8221;P\u00f3\u0142ci\u0105g\u0142a konfiguracja procesu pozwala&#8221; module_class=&#8221;rd-2024-secotech-hero-obraz rd-secotech-obraz&#8221; _builder_version=&#8221;4.23.1&#8243; _module_preset=&#8221;default&#8221; global_colors_info=&#8221;{}&#8221;][\/et_pb_image][\/et_pb_column][et_pb_column type=&#8221;1_2&#8243; module_class=&#8221;rd-secotech-kolumna-kwadraty-prawa kolumna-wysrodkowana&#8221; _builder_version=&#8221;4.23.1&#8243; _module_preset=&#8221;default&#8221; global_colors_info=&#8221;{}&#8221;][et_pb_text module_class=&#8221;rd-2024-secotech-opis-tresc red-hash-list-parent&#8221; _builder_version=&#8221;4.23.1&#8243; _module_preset=&#8221;default&#8221; text_font=&#8221;Titillium Web||||||||&#8221; text_text_color=&#8221;#FFFFFF&#8221; global_colors_info=&#8221;{}&#8221;]<\/p>\n<p><a href=\"https:\/\/www.secowarwick.com\/pl\/produkty\/lutowanie-aluminium-w-atmosferze-ochronnej\/systemy-polciagle-cab\/\">Piec Active Only\u00ae CAB<\/a>\u00a0oferuje te unikalne korzy\u015bci procesowe dla wszystkich typ\u00f3w rdzeni:<\/p>\n<ul>\n<li>P\u00f3\u0142ci\u0105g\u0142a konfiguracja procesu pozwala nam na nagrzewanie i ch\u0142odzenie nawet bardzo du\u017cych cz\u0119\u015bci, takich jak ch\u0142odnice baterii.<\/li>\n<li>Nagrzew konwekcyjny skraca czas cyklu.<\/li>\n<li>R\u00f3wnomierna temperatura w ca\u0142ym obszarze lutowania poprawia jako\u015b\u0107 lutowania.<\/li>\n<\/ul>\n<p>Ostrzejszy profil temperatury zapewnia dok\u0142adn\u0105 kontrol\u0119 procesu.<\/p>\n<p>[\/et_pb_text][\/et_pb_column][\/et_pb_row][et_pb_row module_class=&#8221;rd-wiersz rd-secotech-wiersz-kwadraty rd-zyla-pomiedzy-dwa&#8221; _builder_version=&#8221;4.23.1&#8243; _module_preset=&#8221;default&#8221; custom_padding=&#8221;||0px||false|false&#8221; locked=&#8221;off&#8221; global_colors_info=&#8221;{}&#8221;][et_pb_column type=&#8221;4_4&#8243; module_class=&#8221;rd-secotech-kolumna-kwadraty-lewa&#8221; _builder_version=&#8221;4.23.1&#8243; _module_preset=&#8221;default&#8221; global_colors_info=&#8221;{}&#8221;][et_pb_image src=&#8221;https:\/\/www.secowarwick.com\/wp-content\/uploads\/2024\/04\/sciezki-nad-brain.png&#8221; alt=&#8221;R&#038;D SECO\/WARWICK&#8221; title_text=&#8221;plik-tla&#8221; module_class=&#8221;zyla nad-cab&#8221; _builder_version=&#8221;4.23.1&#8243; _module_preset=&#8221;default&#8221; custom_css_main_element=&#8221;background-color:rgba(139,126,126,1);&#8221; global_colors_info=&#8221;{}&#8221;][\/et_pb_image][\/et_pb_column][\/et_pb_row][et_pb_row column_structure=&#8221;1_2,1_2&#8243; module_class=&#8221;rd-wiersz rd-secotech-wiersz-kwadraty&#8221; _builder_version=&#8221;4.23.1&#8243; _module_preset=&#8221;default&#8221; custom_padding=&#8221;||0px||false|false&#8221; locked=&#8221;off&#8221; global_colors_info=&#8221;{}&#8221;][et_pb_column type=&#8221;1_2&#8243; module_class=&#8221;rd-secotech-kolumna-kwadraty-lewa&#8221; _builder_version=&#8221;4.23.1&#8243; _module_preset=&#8221;default&#8221; global_colors_info=&#8221;{}&#8221;][et_pb_image src=&#8221;https:\/\/www.secowarwick.com\/wp-content\/uploads\/2024\/06\/rd-cab-3.jpg&#8221; alt=&#8221;Centrum R&#038;D lutowania CAB&#8221; module_class=&#8221;rd-2024-secotech-hero-obraz rd-secotech-obraz&#8221; _builder_version=&#8221;4.23.1&#8243; _module_preset=&#8221;default&#8221; global_colors_info=&#8221;{}&#8221;][\/et_pb_image][\/et_pb_column][et_pb_column type=&#8221;1_2&#8243; module_class=&#8221;rd-secotech-kolumna-kwadraty-prawa&#8221; _builder_version=&#8221;4.23.1&#8243; _module_preset=&#8221;default&#8221; global_colors_info=&#8221;{}&#8221;][et_pb_image src=&#8221;https:\/\/www.secowarwick.com\/wp-content\/uploads\/2024\/06\/rd-cab-4.jpg&#8221; alt=&#8221;Centrum R&#038;D lutowania CAB&#8221; title_text=&#8221;rd-cab-4&#8243; module_class=&#8221;rd-2024-secotech-hero-obraz rd-secotech-obraz&#8221; _builder_version=&#8221;4.23.1&#8243; _module_preset=&#8221;default&#8221; global_colors_info=&#8221;{}&#8221;][\/et_pb_image][\/et_pb_column][\/et_pb_row][et_pb_row module_class=&#8221;secoservice-faq-wiersz rd-faq-wiersz rd-secolab-zapytaj-wiersz rd-cab-zapytaj&#8221; _builder_version=&#8221;4.23.1&#8243; _module_preset=&#8221;default&#8221; global_colors_info=&#8221;{}&#8221;][et_pb_column type=&#8221;4_4&#8243; module_class=&#8221;various_ss_premium_column&#8221; _builder_version=&#8221;4.23.1&#8243; _module_preset=&#8221;default&#8221; global_colors_info=&#8221;{}&#8221;][et_pb_image src=&#8221;https:\/\/www.secowarwick.com\/wp-content\/uploads\/2024\/04\/sciezki-pod-uczelnie.png&#8221; alt=&#8221;R&#038;D SECO\/WARWICK&#8221; admin_label=&#8221;zyla potrojna&#8221; module_class=&#8221;zyla&#8221; _builder_version=&#8221;4.23.1&#8243; _module_preset=&#8221;default&#8221; custom_css_main_element=&#8221;background-color:rgba(139,126,126,1);&#8221; global_colors_info=&#8221;{}&#8221;][\/et_pb_image][et_pb_text admin_label=&#8221;zapytaj o oferte&#8221; module_class=&#8221;rd-odkryj-button rd-secotech-rfq-button&#8221; _builder_version=&#8221;4.23.1&#8243; _module_preset=&#8221;default&#8221; text_orientation=&#8221;center&#8221; hover_enabled=&#8221;0&#8243; global_colors_info=&#8221;{}&#8221; custom_padding=&#8221;||0px||false|false&#8221; sticky_enabled=&#8221;0&#8243;]<\/p>\n<p><a class=\"paoc-popup-click\" tabindex=\"0\" href=\"https:\/\/www.secowarwick.com\/pl\/zapytaj-o-oferte\/\"><span class=\"various_poll_link\">ZAPYTAJ O OFERT\u0118<\/span><\/a><\/p>\n<p>[\/et_pb_text][\/et_pb_column][\/et_pb_row][et_pb_row module_class=&#8221;secoservice-faq-wiersz rd-faq-wiersz&#8221; _builder_version=&#8221;4.23.1&#8243; _module_preset=&#8221;default&#8221; locked=&#8221;off&#8221; global_colors_info=&#8221;{}&#8221;][et_pb_column type=&#8221;4_4&#8243; module_class=&#8221;various_ss_premium_column&#8221; _builder_version=&#8221;4.23.1&#8243; _module_preset=&#8221;default&#8221; global_colors_info=&#8221;{}&#8221;][dipl_faq_page_schema closed_toggle_icon=&#8221;&#x4c;||divi||400&#8243; closed_icon_color=&#8221;#FFFFFF&#8221; closed_use_icon_font_size=&#8221;on&#8221; closed_icon_font_size=&#8221;24px&#8221; open_toggle_icon=&#8221;&#x4c;||divi||400&#8243; open_icon_color=&#8221;#000000&#8243; open_use_icon_font_size=&#8221;on&#8221; open_icon_font_size=&#8221;24px&#8221; closed_toggle_bg_color=&#8221;rgba(244,244,244,0)&#8221; open_toggle_bg_color=&#8221;rgba(255,255,255,0)&#8221; module_class=&#8221;rd-faq&#8221; _builder_version=&#8221;4.23.1&#8243; _module_preset=&#8221;default&#8221; faq_heading_font=&#8221;TitilliumWeb Black|900|||||||&#8221; faq_heading_text_color=&#8221;#FFFFFF&#8221; faq_question_closed_font=&#8221;TitilliumWeb Black||||||||&#8221; faq_question_closed_text_color=&#8221;#FFFFFF&#8221; faq_question_closed_font_size=&#8221;26px&#8221; faq_answer_text_font=&#8221;Titillium Web||||||||&#8221; faq_answer_text_text_color=&#8221;#c9c9c9&#8243; faq_answer_text_font_size=&#8221;20px&#8221; animation_direction=&#8221;bottom&#8221; hover_enabled=&#8221;0&#8243; faq_question_closed_font_size_tablet=&#8221;26px&#8221; faq_question_closed_font_size_phone=&#8221;20px&#8221; faq_question_closed_font_size_last_edited=&#8221;on|phone&#8221; faq_answer_text_font_size_tablet=&#8221;24px&#8221; faq_answer_text_font_size_phone=&#8221;16px&#8221; faq_answer_text_font_size_last_edited=&#8221;on|phone&#8221; border_width_all=&#8221;0px&#8221; border_width_right=&#8221;0px&#8221; border_width_left=&#8221;0px&#8221; global_colors_info=&#8221;{}&#8221; sticky_enabled=&#8221;0&#8243;][dipl_faq_page_schema_item faq_question=&#8221;Czy b\u0119dzie mo\u017cna \u015bledzi\u0107 w czasie rzeczywistym parametry procesu?&#8221; _builder_version=&#8221;4.23.1&#8243; _module_preset=&#8221;default&#8221; question_heading_level=&#8221;h2&#8243; question_heading_font=&#8221;|800|||||||&#8221; hover_enabled=&#8221;0&#8243; global_colors_info=&#8221;{}&#8221; sticky_enabled=&#8221;0&#8243;]<\/p>\n<p>Tak, nasze CAB R&amp;D wyposa\u017cone jest w urz\u0105dzenie rejestruj\u0105ce temperatur\u0119 wsadu z funkcj\u0105 telemetrii, kt\u00f3ra umo\u017cliwia monitoring i kontrol\u0119 temperatury w czasie rzeczywistym.<\/p>\n<p>[\/dipl_faq_page_schema_item][dipl_faq_page_schema_item faq_question=&#8221;Jak powinny by\u0107 przygotowane wsady do pr\u00f3b lutowania?&#8221; _builder_version=&#8221;4.23.1&#8243; _module_preset=&#8221;default&#8221; question_heading_level=&#8221;h2&#8243; question_heading_font=&#8221;|800|||||||&#8221; hover_enabled=&#8221;0&#8243; global_colors_info=&#8221;{}&#8221; sticky_enabled=&#8221;0&#8243;]<\/p>\n<p>Aby wykorzysta\u0107 w pe\u0142ni dost\u0119pny czas, wsady powinny by\u0107 oczyszczone z oleju, pofluksowane oraz zmontowane wraz z oprzyrz\u0105dowaniem. Operacje te mo\u017cemy r\u00f3wnie\u017c przeprowadzi\u0107 wsp\u00f3lnie przed pr\u00f3bami, ale wi\u0105\u017ce si\u0119 to z ograniczeniem dost\u0119pnego czasu na same pr\u00f3by lutowania.<\/p>\n<p>[\/dipl_faq_page_schema_item][dipl_faq_page_schema_item faq_question=&#8221;Ile czasu zajmuje jeden proces?&#8221; _builder_version=&#8221;4.23.1&#8243; _module_preset=&#8221;default&#8221; question_heading_level=&#8221;h2&#8243; question_heading_font=&#8221;|800|||||||&#8221; hover_enabled=&#8221;0&#8243; global_colors_info=&#8221;{}&#8221; sticky_enabled=&#8221;0&#8243;]<\/p>\n<p>\u015arednio nale\u017cy zak\u0142ada\u0107 oko\u0142o 2 godzin na jedn\u0105 pr\u00f3b\u0119. Samo lutowanie to od 10 to 30 minut. Nale\u017cy jednak uwzgl\u0119dni\u0107 czas ca\u0142kowitego przejazdu przez piec R&amp;D, czas potrzebny na przygotowanie wsadu oraz czas niezb\u0119dny do analizy wyniku pr\u00f3by i ewentualne korekty parametr\u00f3w kolejnej pr\u00f3bie.<\/p>\n<p>[\/dipl_faq_page_schema_item][\/dipl_faq_page_schema][\/et_pb_column][\/et_pb_row][\/et_pb_section]<\/p>\n","protected":false},"excerpt":{"rendered":"<p>Centrum R&amp;D lutowania CAB SECO\/WARWICK posiada w pe\u0142ni wyposa\u017cone Centrum Lutowania CAB, kt\u00f3re wspiera klient\u00f3w, umo\u017cliwiaj\u0105c im przeprowadzanie pr\u00f3b i zbadania prototyp\u00f3w szerokiej gamy wymiennik\u00f3w ciep\u0142a dla wszystkich zastosowa\u0144 i ga\u0142\u0119zi przemys\u0142u, w tym; motoryzacji, energetyki, HVAC&amp;R (ogrzewanie, wentylacja i klimatyzacja) i elektroniki.Zmniejsz ryzyko inwestycji,korzystaj\u0105c z Centrum R&amp;D lutowania CAB Centrum mo\u017ce nast\u0119pnie modelowa\u0107 i [&hellip;]<\/p>\n","protected":false},"author":2,"featured_media":157793,"parent":155180,"menu_order":0,"comment_status":"closed","ping_status":"closed","template":"","meta":{"_acf_changed":false,"_et_pb_use_builder":"on","_et_pb_old_content":"","_et_gb_content_width":"","footnotes":""},"class_list":["post-157790","page","type-page","status-publish","has-post-thumbnail"],"acf":[],"_links":{"self":[{"href":"https:\/\/www.secowarwick.com\/pl\/wp-json\/wp\/v2\/pages\/157790","targetHints":{"allow":["GET"]}}],"collection":[{"href":"https:\/\/www.secowarwick.com\/pl\/wp-json\/wp\/v2\/pages"}],"about":[{"href":"https:\/\/www.secowarwick.com\/pl\/wp-json\/wp\/v2\/types\/page"}],"author":[{"embeddable":true,"href":"https:\/\/www.secowarwick.com\/pl\/wp-json\/wp\/v2\/users\/2"}],"replies":[{"embeddable":true,"href":"https:\/\/www.secowarwick.com\/pl\/wp-json\/wp\/v2\/comments?post=157790"}],"version-history":[{"count":28,"href":"https:\/\/www.secowarwick.com\/pl\/wp-json\/wp\/v2\/pages\/157790\/revisions"}],"predecessor-version":[{"id":163420,"href":"https:\/\/www.secowarwick.com\/pl\/wp-json\/wp\/v2\/pages\/157790\/revisions\/163420"}],"up":[{"embeddable":true,"href":"https:\/\/www.secowarwick.com\/pl\/wp-json\/wp\/v2\/pages\/155180"}],"wp:featuredmedia":[{"embeddable":true,"href":"https:\/\/www.secowarwick.com\/pl\/wp-json\/wp\/v2\/media\/157793"}],"wp:attachment":[{"href":"https:\/\/www.secowarwick.com\/pl\/wp-json\/wp\/v2\/media?parent=157790"}],"curies":[{"name":"wp","href":"https:\/\/api.w.org\/{rel}","templated":true}]}}