{"id":157895,"date":"2024-05-10T09:52:39","date_gmt":"2024-05-10T07:52:39","guid":{"rendered":"https:\/\/www.secowarwick.com\/?page_id=157895"},"modified":"2025-06-12T12:22:57","modified_gmt":"2025-06-12T10:22:57","slug":"seco-melt-odlewanie-prozniowe","status":"publish","type":"page","link":"https:\/\/www.secowarwick.com\/pl\/rd\/seco-melt-odlewanie-prozniowe\/","title":{"rendered":"SECO\/MELT &#8211; Centrum R&#038;D Pr\u00f3\u017cniowego Topienia Indukcyjnego"},"content":{"rendered":"<p>[et_pb_section fb_built=&#8221;1&#8243; admin_label=&#8221;hero section&#8221; module_class=&#8221;rd-2024-secotech-hero-section&#8221; _builder_version=&#8221;4.23.1&#8243; _module_preset=&#8221;default&#8221; background_color=&#8221;#000000&#8243; background_enable_image=&#8221;off&#8221; global_colors_info=&#8221;{}&#8221;][et_pb_row column_structure=&#8221;1_2,1_2&#8243; make_equal=&#8221;on&#8221; module_class=&#8221;rd-2024-secotech-hero-section-wiersz&#8221; _builder_version=&#8221;4.23.1&#8243; _module_preset=&#8221;default&#8221; global_colors_info=&#8221;{}&#8221;][et_pb_column type=&#8221;1_2&#8243; module_class=&#8221;rd-2024-secotech-hero-kolumna-lewa&#8221; _builder_version=&#8221;4.23.1&#8243; _module_preset=&#8221;default&#8221; global_colors_info=&#8221;{}&#8221;][et_pb_text module_class=&#8221;rd-2024-secotech-hero-title&#8221; _builder_version=&#8221;4.23.1&#8243; _module_preset=&#8221;default&#8221; text_font=&#8221;Titillium Web||||||||&#8221; text_text_color=&#8221;#FFFFFF&#8221; header_font=&#8221;TitilliumWeb Black||||||||&#8221; header_text_color=&#8221;#FFFFFF&#8221; global_colors_info=&#8221;{}&#8221;]<\/p>\n<h1>SECO\/MELT \u2013 ODLEWANIE PR\u00d3\u017bNIOWE<\/h1>\n<p>SECO\/MELT, to&nbsp;tu&nbsp;wykonujemy, dla podmiot\u00f3w zewn\u0119trznych, instytucji, uczelni oraz&nbsp;klient\u00f3w komercyjnych zaawansowane odlewanie w&nbsp;technologii EQ, DS&nbsp;i&nbsp;SC. Procesy te&nbsp;maj\u0105 charakter test\u00f3w, pr\u00f3b oraz&nbsp;proces\u00f3w komercyjnych. Wszystkie dzia\u0142ania s\u0105&nbsp;realizowane na&nbsp;urz\u0105dzeniach SECO\/WARWICK.<\/p>\n<p>[\/et_pb_text][\/et_pb_column][et_pb_column type=&#8221;1_2&#8243; module_class=&#8221;rd-2024-secotech-hero-kolumna-prawa&#8221; _builder_version=&#8221;4.23.1&#8243; _module_preset=&#8221;default&#8221; global_colors_info=&#8221;{}&#8221;][et_pb_image src=&#8221;https:\/\/www.secowarwick.com\/wp-content\/uploads\/2024\/06\/seolmelt-header.png&#8221; alt=&#8221;SECO\/MELT&#8221; module_class=&#8221;rd-2024-secotech-hero-obraz&#8221; _builder_version=&#8221;4.23.1&#8243; _module_preset=&#8221;default&#8221; global_colors_info=&#8221;{}&#8221;][\/et_pb_image][\/et_pb_column][\/et_pb_row][\/et_pb_section][et_pb_section fb_built=&#8221;1&#8243; custom_padding_last_edited=&#8221;off|desktop&#8221; _builder_version=&#8221;4.23.1&#8243; background_color=&#8221;#000000&#8243; custom_padding=&#8221;0px||0px||false|false&#8221; custom_padding_tablet=&#8221;50px|0|50px|0&#8243; global_colors_info=&#8221;{}&#8221;][et_pb_row custom_padding_last_edited=&#8221;off|desktop&#8221; module_class=&#8221;rd-wiersz rs-secotech-wiersz-uslugi-intro&#8221; _builder_version=&#8221;4.23.1&#8243; _module_preset=&#8221;default&#8221; custom_padding=&#8221;||||false|false&#8221; global_colors_info=&#8221;{}&#8221;][et_pb_column type=&#8221;4_4&#8243; _builder_version=&#8221;4.23.1&#8243; _module_preset=&#8221;default&#8221; global_colors_info=&#8221;{}&#8221;][et_pb_code _builder_version=&#8221;4.23.1&#8243; _module_preset=&#8221;default&#8221; global_colors_info=&#8221;{}&#8221;]<script src=\"https:\/\/ajax.googleapis.com\/ajax\/libs\/jquery\/3.7.1\/jquery.min.js\"><\/script><!-- [et_pb_line_break_holder] -->\t\t    <script><!-- [et_pb_line_break_holder] -->\t\tfunction changeBackground(){<!-- [et_pb_line_break_holder] -->    let windowHeight = window.innerHeight \/ 2;<!-- [et_pb_line_break_holder] -->    let zyly = document.getElementsByClassName('zyla');<!-- [et_pb_line_break_holder] -->    for (let item of zyly) {<!-- [et_pb_line_break_holder] -->       let itemPosition = item.getBoundingClientRect();<!-- [et_pb_line_break_holder] -->       let bottom = itemPosition.bottom;<!-- [et_pb_line_break_holder] -->       let top = itemPosition.top;<!-- [et_pb_line_break_holder] -->       let height = itemPosition.height;<!-- [et_pb_line_break_holder] --><!-- [et_pb_line_break_holder] -->       if( top <= windowHeight){<!-- [et_pb_line_break_holder] -->          let percent = '100';<!-- [et_pb_line_break_holder] -->          if(bottom >= windowHeight){<!-- [et_pb_line_break_holder] -->             percent =  (windowHeight - top) \/ height * 100;<!-- [et_pb_line_break_holder] -->          }<!-- [et_pb_line_break_holder] -->          $(item).css('background-image', 'linear-gradient(to bottom, red ' + percent + '%' +', rgba(0,0,0,0) ' + percent + '%'  );<!-- [et_pb_line_break_holder] -->       }else{<!-- [et_pb_line_break_holder] -->          $(item).css('background-image', '');<!-- [et_pb_line_break_holder] -->       }<!-- [et_pb_line_break_holder] -->    }<!-- [et_pb_line_break_holder] -->}<!-- [et_pb_line_break_holder] --><!-- [et_pb_line_break_holder] -->$(window).scroll( function() {<!-- [et_pb_line_break_holder] -->    changeBackground();<!-- [et_pb_line_break_holder] -->})<!-- [et_pb_line_break_holder] --><!-- [et_pb_line_break_holder] -->$( document ).ready(function() {<!-- [et_pb_line_break_holder] -->          changeBackground();<!-- [et_pb_line_break_holder] -->});<!-- [et_pb_line_break_holder] -->\t\t<\/script>[\/et_pb_code][et_pb_image src=&#8221;https:\/\/www.secowarwick.com\/wp-content\/uploads\/2024\/04\/sciezki-pod-sliderem-1.png&#8221; alt=&#8221;R&#038;D SECO\/WARWICK&#8221; module_class=&#8221;zyla&#8221; _builder_version=&#8221;4.23.1&#8243; _module_preset=&#8221;default&#8221; custom_css_main_element=&#8221;background-color:rgba(139,126,126,1);&#8221; global_colors_info=&#8221;{}&#8221;][\/et_pb_image][et_pb_text admin_label=&#8221;Centrum R&#038;D&#8221; module_class=&#8221;rd-2024-secotech-uslugi&#8221; _builder_version=&#8221;4.23.1&#8243; _module_preset=&#8221;default&#8221; text_font=&#8221;TitilliumWeb Black|||on|||||&#8221; text_text_color=&#8221;#FFFFFF&#8221; header_2_font=&#8221;TitilliumWeb Black||||||||&#8221; header_2_text_color=&#8221;#dc291e&#8221; hover_enabled=&#8221;0&#8243; global_colors_info=&#8221;{}&#8221; sticky_enabled=&#8221;0&#8243;]<\/p>\n<h2 style=\"text-align: center;\">Centrum R&amp;D<br \/>Pr\u00f3\u017cniowego Topienia Indukcyjnego<br \/>Odlewanie pr\u00f3\u017cniowe<\/h2>\n<p>[\/et_pb_text][et_pb_image src=&#8221;https:\/\/www.secowarwick.com\/wp-content\/uploads\/2024\/04\/sciezki-nad-brain.png&#8221; alt=&#8221;R&#038;D SECO\/WARWICK&#8221; title_text=&#8221;plik-tla&#8221; module_class=&#8221;zyla nad-cab&#8221; _builder_version=&#8221;4.23.1&#8243; _module_preset=&#8221;default&#8221; custom_css_main_element=&#8221;background-color:rgba(139,126,126,1);&#8221; global_colors_info=&#8221;{}&#8221;][\/et_pb_image][et_pb_code admin_label=&#8221;kod plastra&#8221; module_class=&#8221;rd-strke-v2&#8243; _builder_version=&#8221;4.23.1&#8243; _module_preset=&#8221;default&#8221; animation_style=&#8221;slide&#8221; animation_direction=&#8221;right&#8221; animation_delay=&#8221;500ms&#8221; locked=&#8221;off&#8221; global_colors_info=&#8221;{}&#8221;][\/et_pb_code][\/et_pb_column][\/et_pb_row][et_pb_row column_structure=&#8221;1_2,1_2&#8243; module_class=&#8221;rd-wiersz&#8221; _builder_version=&#8221;4.23.1&#8243; _module_preset=&#8221;default&#8221; custom_padding=&#8221;||0px||false|false&#8221; locked=&#8221;off&#8221; global_colors_info=&#8221;{}&#8221;][et_pb_column type=&#8221;1_2&#8243; _builder_version=&#8221;4.23.1&#8243; _module_preset=&#8221;default&#8221; global_colors_info=&#8221;{}&#8221;][et_pb_text admin_label=&#8221;Nasze centrum R&#038;D&#8221; module_class=&#8221;rd-2024-secotech-opis-tresc red-square-list-parent&#8221; _builder_version=&#8221;4.23.1&#8243; _module_preset=&#8221;default&#8221; text_font=&#8221;Titillium Web||||||||&#8221; text_text_color=&#8221;#FFFFFF&#8221; custom_margin=&#8221;70px||||false|false&#8221; custom_margin_tablet=&#8221;0px||||false|false&#8221; custom_margin_phone=&#8221;0px||||false|false&#8221; custom_margin_last_edited=&#8221;on|desktop&#8221; global_colors_info=&#8221;{}&#8221;]<\/p>\n<p>Nasze centrum R&amp;D wyposa\u017cone jest w&nbsp;piec topielny z&nbsp;grzaniem indukcyjnym do&nbsp;metalurgii pr\u00f3\u017cniowej. Pojemno\u015b\u0107 tygla to&nbsp;20 kg. Piec umo\u017cliwia uzyskanie odlew\u00f3w Equiax (EQ), a&nbsp;tak\u017ce w&nbsp;technologii\u00a0 Krystalizacji Jednokierunkowej (DS) oraz&nbsp;odlewania monokryszta\u0142owego(SC) Metod\u0105 Bridgman\u2019a. Pomagamy firmom, kt\u00f3re rozpoczynaj\u0105 swoj\u0105 przygod\u0119 z&nbsp;metalurgi\u0105 pr\u00f3\u017cniow\u0105 oraz&nbsp;tym, kt\u00f3re potrzebuj\u0105 potwierdzenia mo\u017cliwo\u015bci zastosowania wybranej technologii dla konkretnych detali.<\/p>\n<p>Posiadane przez&nbsp;nas urz\u0105dzenia, wieloletnie do\u015bwiadczenie i&nbsp;wysoko wykwalifikowana kadra stanowi\u0105 atuty, kt\u00f3re niew\u0105tpliwie pozwalaj\u0105 na&nbsp;udzia\u0142 w&nbsp;opracowaniu i&nbsp;przetestowaniu konkretnej technologii jeszcze przed&nbsp;zakupem pieca. Klient ma&nbsp;r\u00f3wnie\u017c mo\u017cliwo\u015b\u0107 zapoznania si\u0119 z&nbsp;urz\u0105dzeniem oraz&nbsp;uczestnictwa podczas prowadzenia procesu.<\/p>\n<p>[\/et_pb_text][\/et_pb_column][et_pb_column type=&#8221;1_2&#8243; module_class=&#8221;rd-secotech-kolumna-kwadraty-prawa&#8221; _builder_version=&#8221;4.23.1&#8243; _module_preset=&#8221;default&#8221; global_colors_info=&#8221;{}&#8221;][et_pb_image src=&#8221;https:\/\/www.secowarwick.com\/wp-content\/uploads\/2024\/06\/seolmelt-.png&#8221; alt=&#8221;SECO\/MELT&#8221; module_class=&#8221;rd-2024-secotech-hero-obraz&#8221; _builder_version=&#8221;4.23.1&#8243; _module_preset=&#8221;default&#8221; global_colors_info=&#8221;{}&#8221;][\/et_pb_image][\/et_pb_column][\/et_pb_row][et_pb_row module_class=&#8221;secoservice-faq-wiersz rd-faq-wiersz rd-secolab-zapytaj-wiersz&#8221; _builder_version=&#8221;4.23.1&#8243; _module_preset=&#8221;default&#8221; global_colors_info=&#8221;{}&#8221;][et_pb_column type=&#8221;4_4&#8243; module_class=&#8221;various_ss_premium_column&#8221; _builder_version=&#8221;4.23.1&#8243; _module_preset=&#8221;default&#8221; global_colors_info=&#8221;{}&#8221;][et_pb_image src=&#8221;https:\/\/www.secowarwick.com\/wp-content\/uploads\/2024\/04\/sciezki-pod-uczelnie.png&#8221; alt=&#8221;R&#038;D SECO\/WARWICK&#8221; admin_label=&#8221;zyla potrojna&#8221; module_class=&#8221;zyla&#8221; _builder_version=&#8221;4.23.1&#8243; _module_preset=&#8221;default&#8221; custom_css_main_element=&#8221;background-color:rgba(139,126,126,1);&#8221; global_colors_info=&#8221;{}&#8221;][\/et_pb_image][et_pb_text admin_label=&#8221;zapytaj o\u00a0oferte&#8221; module_class=&#8221;rd-odkryj-button rd-secotech-rfq-button&#8221; _builder_version=&#8221;4.23.1&#8243; _module_preset=&#8221;default&#8221; text_orientation=&#8221;center&#8221; custom_padding=&#8221;||0px||false|false&#8221; global_colors_info=&#8221;{}&#8221;]<\/p>\n<p><a class=\"paoc-popup-click\" tabindex=\"0\" href=\"https:\/\/www.secowarwick.com\/pl\/zapytaj-o-oferte\/\"><span class=\"various_poll_link\">ZAPYTAJ O&nbsp;OFERT\u0118<\/span><\/a><\/p>\n<p>[\/et_pb_text][\/et_pb_column][\/et_pb_row][et_pb_row module_class=&#8221;secoservice-faq-wiersz rd-faq-wiersz&#8221; _builder_version=&#8221;4.23.1&#8243; _module_preset=&#8221;default&#8221; locked=&#8221;off&#8221; global_colors_info=&#8221;{}&#8221;][et_pb_column type=&#8221;4_4&#8243; module_class=&#8221;various_ss_premium_column&#8221; _builder_version=&#8221;4.23.1&#8243; _module_preset=&#8221;default&#8221; global_colors_info=&#8221;{}&#8221;][dipl_faq_page_schema closed_toggle_icon=&#8221;&#x4c;||divi||400&#8243; closed_icon_color=&#8221;#FFFFFF&#8221; closed_use_icon_font_size=&#8221;on&#8221; closed_icon_font_size=&#8221;24px&#8221; open_toggle_icon=&#8221;&#x4c;||divi||400&#8243; open_icon_color=&#8221;#000000&#8243; open_use_icon_font_size=&#8221;on&#8221; open_icon_font_size=&#8221;24px&#8221; closed_toggle_bg_color=&#8221;rgba(244,244,244,0)&#8221; open_toggle_bg_color=&#8221;rgba(255,255,255,0)&#8221; module_class=&#8221;rd-faq&#8221; _builder_version=&#8221;4.23.1&#8243; _module_preset=&#8221;default&#8221; faq_heading_font=&#8221;TitilliumWeb Black|900|||||||&#8221; faq_heading_text_color=&#8221;#FFFFFF&#8221; faq_question_closed_font=&#8221;TitilliumWeb Black||||||||&#8221; faq_question_closed_text_color=&#8221;#FFFFFF&#8221; faq_question_closed_font_size=&#8221;26px&#8221; faq_answer_text_font=&#8221;Titillium Web||||||||&#8221; faq_answer_text_text_color=&#8221;#c9c9c9&#8243; faq_answer_text_font_size=&#8221;20px&#8221; animation_direction=&#8221;bottom&#8221; faq_question_closed_font_size_tablet=&#8221;26px&#8221; faq_question_closed_font_size_phone=&#8221;20px&#8221; faq_question_closed_font_size_last_edited=&#8221;on|phone&#8221; faq_answer_text_font_size_tablet=&#8221;24px&#8221; faq_answer_text_font_size_phone=&#8221;16px&#8221; faq_answer_text_font_size_last_edited=&#8221;on|phone&#8221; border_width_all=&#8221;0px&#8221; border_width_right=&#8221;0px&#8221; border_width_left=&#8221;0px&#8221; global_colors_info=&#8221;{}&#8221;][dipl_faq_page_schema_item faq_question=&#8221;Jakie s\u0105\u00a0ograniczenia dotycz\u0105ce materia\u0142\u00f3w do\u00a0pr\u00f3b?&#8221; _builder_version=&#8221;4.23.1&#8243; _module_preset=&#8221;default&#8221; question_heading_level=&#8221;h2&#8243; question_heading_font=&#8221;|800|||||||&#8221; global_colors_info=&#8221;{}&#8221;]<\/p>\n<p>W&nbsp;naszym piecu mo\u017cliwe jest topienie materia\u0142\u00f3w o&nbsp;temperaturze topnienia do&nbsp;1800 <sup>o<\/sup>C. Jest to&nbsp;piec z&nbsp;tzw. gor\u0105cym tyglem, dedykowanym dla materia\u0142\u00f3w niereaktywnych, takich jak stopy niklu, kobaltu czy&nbsp;te\u017c metali szlachetnych. Dla okre\u015blonych za\u0142o\u017ce\u0144 dozwolone jest r\u00f3wnie\u017c topienie innych metali, w&nbsp;tym reaktywnych, np.&nbsp;tytanu. Ka\u017cde zapytanie rozpatrywane jest indywidualnie i&nbsp;jest analizowane pod&nbsp;k\u0105tem bezpiecze\u0144stwa oraz&nbsp;mo\u017cliwo\u015bci przeprowadzenia pr\u00f3b oraz&nbsp;pod&nbsp;k\u0105tem uzyskanie mo\u017cliwie najlepszych rezultat\u00f3w.<\/p>\n<p>[\/dipl_faq_page_schema_item][dipl_faq_page_schema_item faq_question=&#8221;Jak Klient powinien si\u0119 przygotowa\u0107 do\u00a0pr\u00f3b?&#8221; _builder_version=&#8221;4.23.1&#8243; _module_preset=&#8221;default&#8221; question_heading_level=&#8221;h2&#8243; question_heading_font=&#8221;|800|||||||&#8221; global_colors_info=&#8221;{}&#8221;]<\/p>\n<p>Pr\u00f3by na&nbsp;naszym piecu wykonujemy na&nbsp;materiale i&nbsp;formach dostarczonych przez&nbsp;Klienta, do&nbsp;uzgodnienia natomiast pozostaje po&nbsp;czyjej stronie le\u017cy zapewnienie tygli do&nbsp;topienia. Materia\u0142y dostarczone do&nbsp;SECO\/WARWICK musz\u0105 zawiera\u0107 SDS i&nbsp;wszelkie inne istotne dokumenty testowe lub certyfikacyjne, wymagane do&nbsp;prawid\u0142owego obchodzenia si\u0119 z&nbsp;materia\u0142em oraz&nbsp;ich wysy\u0142ki z&nbsp;powrotem do&nbsp;kupuj\u0105cego po&nbsp;zako\u0144czeniu pr\u00f3b.<\/p>\n<p>[\/dipl_faq_page_schema_item][dipl_faq_page_schema_item faq_question=&#8221;Jakie s\u0105\u00a0\u015brodki bezpiecze\u0144stwa podczas test\u00f3w?&#8221; _builder_version=&#8221;4.23.1&#8243; _module_preset=&#8221;default&#8221; question_heading_level=&#8221;h2&#8243; question_heading_font=&#8221;|800|||||||&#8221; global_colors_info=&#8221;{}&#8221;]<\/p>\n<p>Bezpiecze\u0144stwo jest dla nas priorytetem podczas przeprowadzania test\u00f3w. Nasze urz\u0105dzenie podlega regularnym i&nbsp;cyklicznym przegl\u0105dom technicznym, co&nbsp;gwarantuje jego niezawodno\u015b\u0107 i&nbsp;bezpiecze\u0144stwo w&nbsp;trakcie pracy. Dodatkowo wszystkie testy s\u0105&nbsp;realizowane przez&nbsp;wykwalifikowany i&nbsp;do\u015bwiadczony personel, kt\u00f3ry&nbsp;doskonale zna zar\u00f3wno specyfik\u0119 naszych urz\u0105dze\u0144, jak i&nbsp;wymogi bezpiecze\u0144stwa zwi\u0105zane z&nbsp;metalurgi\u0105 pr\u00f3\u017cniow\u0105. Dzi\u0119ki temu mo\u017cemy zapewni\u0107, \u017ce&nbsp;procesy s\u0105&nbsp;przeprowadzane zgodnie z&nbsp;najwy\u017cszymi standardami bezpiecze\u0144stwa, minimalizuj\u0105c ryzyko i&nbsp;zapewniaj\u0105c spok\u00f3j naszym klientom.<\/p>\n<p>[\/dipl_faq_page_schema_item][\/dipl_faq_page_schema][\/et_pb_column][\/et_pb_row][\/et_pb_section]<\/p>\n","protected":false},"excerpt":{"rendered":"<p>SECO\/MELT \u2013 ODLEWANIE PR\u00d3\u017bNIOWE SECO\/MELT, to&nbsp;tu&nbsp;wykonujemy, dla podmiot\u00f3w zewn\u0119trznych, instytucji, uczelni oraz&nbsp;klient\u00f3w komercyjnych zaawansowane odlewanie w&nbsp;technologii EQ, DS&nbsp;i&nbsp;SC. Procesy te&nbsp;maj\u0105 charakter test\u00f3w, pr\u00f3b oraz&nbsp;proces\u00f3w komercyjnych. Wszystkie dzia\u0142ania s\u0105&nbsp;realizowane na&nbsp;urz\u0105dzeniach SECO\/WARWICK.Centrum R&amp;DPr\u00f3\u017cniowego Topienia IndukcyjnegoOdlewanie pr\u00f3\u017cnioweNasze centrum R&amp;D wyposa\u017cone jest w&nbsp;piec topielny z&nbsp;grzaniem indukcyjnym do&nbsp;metalurgii pr\u00f3\u017cniowej. Pojemno\u015b\u0107 tygla to&nbsp;20 kg. Piec umo\u017cliwia uzyskanie odlew\u00f3w Equiax (EQ), a&nbsp;tak\u017ce [&hellip;]<\/p>\n","protected":false},"author":2,"featured_media":157901,"parent":155180,"menu_order":0,"comment_status":"closed","ping_status":"closed","template":"","meta":{"_acf_changed":false,"_et_pb_use_builder":"on","_et_pb_old_content":"","_et_gb_content_width":"","footnotes":""},"class_list":["post-157895","page","type-page","status-publish","has-post-thumbnail"],"acf":[],"_links":{"self":[{"href":"https:\/\/www.secowarwick.com\/pl\/wp-json\/wp\/v2\/pages\/157895","targetHints":{"allow":["GET"]}}],"collection":[{"href":"https:\/\/www.secowarwick.com\/pl\/wp-json\/wp\/v2\/pages"}],"about":[{"href":"https:\/\/www.secowarwick.com\/pl\/wp-json\/wp\/v2\/types\/page"}],"author":[{"embeddable":true,"href":"https:\/\/www.secowarwick.com\/pl\/wp-json\/wp\/v2\/users\/2"}],"replies":[{"embeddable":true,"href":"https:\/\/www.secowarwick.com\/pl\/wp-json\/wp\/v2\/comments?post=157895"}],"version-history":[{"count":20,"href":"https:\/\/www.secowarwick.com\/pl\/wp-json\/wp\/v2\/pages\/157895\/revisions"}],"predecessor-version":[{"id":179423,"href":"https:\/\/www.secowarwick.com\/pl\/wp-json\/wp\/v2\/pages\/157895\/revisions\/179423"}],"up":[{"embeddable":true,"href":"https:\/\/www.secowarwick.com\/pl\/wp-json\/wp\/v2\/pages\/155180"}],"wp:featuredmedia":[{"embeddable":true,"href":"https:\/\/www.secowarwick.com\/pl\/wp-json\/wp\/v2\/media\/157901"}],"wp:attachment":[{"href":"https:\/\/www.secowarwick.com\/pl\/wp-json\/wp\/v2\/media?parent=157895"}],"curies":[{"name":"wp","href":"https:\/\/api.w.org\/{rel}","templated":true}]}}