{"id":158042,"date":"2024-05-13T10:21:35","date_gmt":"2024-05-13T08:21:35","guid":{"rendered":"https:\/\/www.secowarwick.com\/?page_id=158042"},"modified":"2025-06-02T09:05:45","modified_gmt":"2025-06-02T07:05:45","slug":"oee","status":"publish","type":"page","link":"https:\/\/www.secowarwick.com\/pl\/profesjonalne-uslugi-serwisowe\/oee\/","title":{"rendered":"OEE"},"content":{"rendered":"<p>[et_pb_section fb_built=&#8221;1&#8243; admin_label=&#8221;section&#8221; _builder_version=&#8221;4.16&#8243; background_color=&#8221;#f8f8f8&#8243; custom_padding=&#8221;0px|||&#8221; global_colors_info=&#8221;{}&#8221;][et_pb_row column_structure=&#8221;3_4,1_4&#8243; admin_label=&#8221;row&#8221; _builder_version=&#8221;4.23.1&#8243; background_size=&#8221;initial&#8221; background_position=&#8221;top_left&#8221; background_repeat=&#8221;repeat&#8221; global_colors_info=&#8221;{}&#8221;][et_pb_column type=&#8221;3_4&#8243; _builder_version=&#8221;4.16&#8243; custom_padding=&#8221;|||&#8221; global_colors_info=&#8221;{}&#8221; custom_padding__hover=&#8221;|||&#8221;][et_pb_code _builder_version=&#8221;4.23.1&#8243; _module_preset=&#8221;default&#8221; global_colors_info=&#8221;{}&#8221;]<\/p>\n<div class=\"et_pb_module et_pb_breadcrumbs et_pb_breadcrumbs_0\">\n<p><!-- [et_pb_line_break_holder] -->\n<pee id=\"breadcrumbs\"><a href=\"https:\/\/www.secowarwick.com\/pl\/\">HOME<\/a> \/ <a href=\"https:\/\/www.secowarwick.com\/pl\/service\/automatyka\/\">AUTOMATYKA<\/a> \/ <span class=\"breadcrumb_last\" aria-current=\"page\">OEE<\/span><\/pee>\n<!-- [et_pb_line_break_holder] --><\/p>\n<\/div>\n<p>[\/et_pb_code][et_pb_text module_class=&#8221;podtytuly&#8221; _builder_version=&#8221;4.23.1&#8243; background_size=&#8221;initial&#8221; background_position=&#8221;top_left&#8221; background_repeat=&#8221;repeat&#8221; use_border_color=&#8221;off&#8221; global_colors_info=&#8221;{}&#8221;]<\/p>\n<h1>OEE<\/h1>\n<h2><img decoding=\"async\" class=\"alignleft wp-image-158467\" src=\"https:\/\/www.secowarwick.com\/wp-content\/uploads\/2024\/05\/sw-oee-icon_2.svg\" alt=\"OEE\" width=\"80\" \/>Monitoruj i\u00a0analizuj produktywno\u015b\u0107 i\u00a0wykorzystanie urz\u0105dzenia<\/h2>\n<p>&nbsp;<\/p>\n<p>&nbsp;<\/p>\n<p>OEE &#8211; (Overall Equipment Effectiveness) to\u00a0miara wydajno\u015bci maszyn wykorzystywana w\u00a0zarz\u0105dzaniu produkcj\u0105. OEE jest wska\u017anikiem, kt\u00f3ry\u00a0okre\u015bla, w\u00a0jakim stopniu maszyny (w\u00a0tym przypadku piece przemys\u0142owe) s\u0105\u00a0wykorzystywane w\u00a0procesie produkcyjnym oraz\u00a0jak efektywnie s\u0105\u00a0one w\u00a0stanie wykonywa\u0107 swoje zadania.<\/p>\n<p>Modu\u0142 umo\u017cliwia wyliczenie warto\u015bci wska\u017anika \u201ePraca\u201d oraz\u00a0\u201eDost\u0119pno\u015b\u0107\u201d dla danego urz\u0105dzenia, w\u00a0dowolnie wybranym zakresie czasowym. Wy\u015bwietlany jest r\u00f3wnie\u017c procentowy rozk\u0142ad stan\u00f3w pieca, z\u00a0kt\u00f3rych\u00a0 wy\u017cej wymienione wska\u017aniki s\u0105\u00a0wyliczane.<\/p>\n<p>[\/et_pb_text][\/et_pb_column][et_pb_column type=&#8221;1_4&#8243; _builder_version=&#8221;4.23.1&#8243; custom_padding=&#8221;75px||||false|false&#8221; custom_padding_tablet=&#8221;0px||||false|false&#8221; custom_padding_phone=&#8221;0px||||false|false&#8221; custom_padding_last_edited=&#8221;on|tablet&#8221; global_colors_info=&#8221;{}&#8221; custom_padding__hover=&#8221;|||&#8221;][et_pb_text admin_label=&#8221;btn_pl_premiumlibrary&#8221; module_class=&#8221;premium-library-button&#8221; _builder_version=&#8221;4.23.1&#8243; _module_preset=&#8221;default&#8221; text_orientation=&#8221;center&#8221; global_module=&#8221;157169&#8243; saved_tabs=&#8221;all&#8221; locked=&#8221;off&#8221; global_colors_info=&#8221;{}&#8221;]<\/p>\n<a href='https:\/\/www.secowarwick.com\/pl\/trescipremium\/' class='small-button smallred'><span>TRE\u015aCI PREMIUM<\/span><\/a>\n<p>[\/et_pb_text][et_pb_text admin_label=&#8221;R&amp;D PL&#8221; module_class=&#8221;product_widget_wrap_rd&#8221; _builder_version=&#8221;4.23.1&#8243; _module_preset=&#8221;default&#8221; text_orientation=&#8221;center&#8221; global_module=&#8221;165497&#8243; saved_tabs=&#8221;all&#8221; locked=&#8221;off&#8221; global_colors_info=&#8221;{}&#8221;]<\/p>\n<p><a href=\"https:\/\/www.secowarwick.com\/pl\/rd\/\"><span class=\"product_wigtet_name\">R&amp;D<\/span><\/a><\/p>\n<p>[\/et_pb_text][et_pb_text admin_label=&#8221;PRODUKTY pl&#8221; module_class=&#8221;product_widget_wrap_products&#8221; _builder_version=&#8221;4.23.1&#8243; _module_preset=&#8221;default&#8221; global_module=&#8221;178154&#8243; saved_tabs=&#8221;all&#8221; locked=&#8221;off&#8221; global_colors_info=&#8221;{}&#8221;]<\/p>\n<p><a href=\"https:\/\/www.secowarwick.com\/pl\/produkty\/\" target=\"_blank\" rel=\"noopener\"><span class=\"product_wigtet_name\">PRODUKTY<\/span><\/a><\/p>\n<p>[\/et_pb_text][et_pb_text admin_label=&#8221;SERVICE PL&#8221; module_class=&#8221;product_widget_wrap_service&#8221; _builder_version=&#8221;4.23.1&#8243; _module_preset=&#8221;default&#8221; global_module=&#8221;165500&#8243; saved_tabs=&#8221;all&#8221; locked=&#8221;off&#8221; global_colors_info=&#8221;{}&#8221;]<\/p>\n<p><a href=\"https:\/\/www.secowarwick.com\/pl\/profesjonalne-uslugi-serwisowe\/\"><span class=\"product_wigtet_name\">SERWIS<\/span><\/a><\/p>\n<p>[\/et_pb_text][et_pb_text admin_label=&#8221;SUPLEMENTALS PL&#8221; module_class=&#8221;product_widget_wrap_supleme&#8221; _builder_version=&#8221;4.23.1&#8243; _module_preset=&#8221;default&#8221; global_module=&#8221;165502&#8243; saved_tabs=&#8221;all&#8221; locked=&#8221;off&#8221; global_colors_info=&#8221;{}&#8221;]<\/p>\n<p><span class=\"product_wigtet_name\">DODATKOWE:<\/span><\/p>\n<p>[\/et_pb_text][et_pb_text admin_label=&#8221;dnabook-pl&#8221; module_class=&#8221;suplementals_product_dna suplementals_wrap&#8221; _builder_version=&#8221;4.23.1&#8243; _module_preset=&#8221;default&#8221; global_module=&#8221;165509&#8243; saved_tabs=&#8221;all&#8221; locked=&#8221;off&#8221; global_colors_info=&#8221;{}&#8221;]<\/p>\n<p><a href=\"https:\/\/www.secowarwick.com\/wp-content\/uploads\/2024\/02\/2024_SECO_WARWICK_Catalog_DNA_EN_SECOLOGY.pdf\" target=\"_blank\" rel=\"noopener\">DNA\/BOOK<\/a><\/p>\n<p>[\/et_pb_text][et_pb_text admin_label=&#8221;ECO\/BOOK-pl&#8221; module_class=&#8221;suplementals_product_eco suplementals_wrap&#8221; _builder_version=&#8221;4.23.1&#8243; _module_preset=&#8221;default&#8221; global_module=&#8221;165511&#8243; saved_tabs=&#8221;all&#8221; locked=&#8221;off&#8221; global_colors_info=&#8221;{}&#8221;]<\/p>\n<p><a href=\"https:\/\/www.secowarwick.com\/wp-content\/uploads\/2023\/06\/ECOBOOK-2-1.pdf\" target=\"_blank\" rel=\"noopener\">ECO\/BOOK<\/a><\/p>\n<p>[\/et_pb_text][\/et_pb_column][\/et_pb_row][\/et_pb_section][et_pb_section fb_built=&#8221;1&#8243; admin_label=&#8221;section&#8221; _builder_version=&#8221;4.16&#8243; custom_padding=&#8221;0px|||&#8221; global_colors_info=&#8221;{}&#8221;][et_pb_row column_structure=&#8221;1_2,1_2&#8243; admin_label=&#8221;row&#8221; _builder_version=&#8221;4.16&#8243; background_size=&#8221;initial&#8221; background_position=&#8221;top_left&#8221; background_repeat=&#8221;repeat&#8221; custom_padding=&#8221;||0px|&#8221; global_colors_info=&#8221;{}&#8221;][et_pb_column type=&#8221;1_2&#8243; _builder_version=&#8221;4.16&#8243; custom_padding=&#8221;|||&#8221; global_colors_info=&#8221;{}&#8221; custom_padding__hover=&#8221;|||&#8221;][et_pb_text module_class=&#8221;przecinek-tlo-nizej&#8221; _builder_version=&#8221;4.23.1&#8243; background_size=&#8221;initial&#8221; background_position=&#8221;top_left&#8221; background_repeat=&#8221;repeat&#8221; use_border_color=&#8221;off&#8221; global_colors_info=&#8221;{}&#8221;]<\/p>\n<p>G\u0142\u00f3wne funkcje modu\u0142u:<\/p>\n<p>[\/et_pb_text][et_pb_text _builder_version=&#8221;4.23.1&#8243; background_size=&#8221;initial&#8221; background_position=&#8221;top_left&#8221; background_repeat=&#8221;repeat&#8221; use_border_color=&#8221;off&#8221; global_colors_info=&#8221;{}&#8221;]<\/p>\n<p><span style=\"color: #dc291e;\"><strong>\/ <\/strong><\/span>Ocena kondycji i\u00a0wykorzystania urz\u0105dzenia,<br \/>\n<span style=\"color: #dc291e;\"><strong>\/ <\/strong><\/span>ocena skuteczno\u015bci wdra\u017canych rozwi\u0105za\u0144 maj\u0105cych poprawi\u0107 dost\u0119pno\u015b\u0107 urz\u0105dzeni,a<br \/>\n<strong><span style=\"color: #dc291e;\">\/ <\/span><\/strong>\u0141twiejsze planowanie produkcji,<br \/>\n<strong><span style=\"color: #dc291e;\">\/ <\/span><\/strong>Optymalizacja produkcji.<\/p>\n<p>[\/et_pb_text][\/et_pb_column][et_pb_column type=&#8221;1_2&#8243; _builder_version=&#8221;4.16&#8243; custom_padding=&#8221;|||&#8221; global_colors_info=&#8221;{}&#8221; custom_padding__hover=&#8221;|||&#8221;][et_pb_image src=&#8221;https:\/\/www.secowarwick.com\/wp-content\/uploads\/2024\/05\/oee.jpg&#8221; alt=&#8221;OEE<br \/>\nMonitoruj i\u00a0analizuj produktywno\u015b\u0107 i\u00a0wykorzystanie swojego urz\u0105dzenia&#8221; _builder_version=&#8221;4.23.1&#8243; _module_preset=&#8221;default&#8221; global_colors_info=&#8221;{}&#8221;][\/et_pb_image][\/et_pb_column][\/et_pb_row][et_pb_row _builder_version=&#8221;4.23.1&#8243; _module_preset=&#8221;default&#8221; global_colors_info=&#8221;{}&#8221;][et_pb_column type=&#8221;4_4&#8243; _builder_version=&#8221;4.23.1&#8243; _module_preset=&#8221;default&#8221; global_colors_info=&#8221;{}&#8221;][\/et_pb_column][\/et_pb_row][et_pb_row column_structure=&#8221;3_4,1_4&#8243; use_custom_gutter=&#8221;on&#8221; gutter_width=&#8221;2&#8243; module_class=&#8221;automatycy-wiersz-korzysci&#8221; _builder_version=&#8221;4.23.1&#8243; _module_preset=&#8221;default&#8221; locked=&#8221;off&#8221; global_colors_info=&#8221;{}&#8221;][et_pb_column type=&#8221;3_4&#8243; _builder_version=&#8221;4.23.1&#8243; _module_preset=&#8221;default&#8221; global_colors_info=&#8221;{}&#8221;][et_pb_text module_class=&#8221;przecinek-tlo-nizej&#8221; _builder_version=&#8221;4.23.1&#8243; text_text_color=&#8221;#000000&#8243; background_size=&#8221;initial&#8221; background_position=&#8221;top_left&#8221; background_repeat=&#8221;repeat&#8221; use_border_color=&#8221;off&#8221; global_colors_info=&#8221;{}&#8221;]<\/p>\n<p>OEE &#8211; KORZY\u015aCI<\/p>\n<p>[\/et_pb_text][et_pb_text module_class=&#8221;opis-korzysci&#8221; _builder_version=&#8221;4.23.1&#8243; _module_preset=&#8221;default&#8221; custom_margin=&#8221;20px||||false|false&#8221; global_colors_info=&#8221;{}&#8221;]<\/p>\n<p><strong><span style=\"color: #dc291e;\">\/<\/span><\/strong>\u00a0Precyzyjne wyliczanie i\u00a0prezentacja wska\u017anik\u00f3w, kt\u00f3re pokazuj\u0105 <strong>wykorzystanie urz\u0105dzenia<\/strong>, co\u00a0jest kluczowe dla <strong>oceny jego efektywno\u015bci i\u00a0wydajno\u015bci.<br \/>\n<\/strong><strong><span style=\"color: #dc291e;\">\/<\/span>\u00a0Og\u00f3lna ocena kondycji pieca <\/strong>pozwalaj\u0105ca na\u00a0szybkie reagowanie na\u00a0ewentualne problemy.<br \/>\n<strong><span style=\"color: #dc291e;\">\/<\/span><\/strong>\u00a0Ocena skuteczno\u015bci wdra\u017canych rozwi\u0105za\u0144 przek\u0142ada si\u0119 na\u00a0popraw\u0119 dost\u0119pno\u015bci urz\u0105dzenia i\u00a0<strong>ci\u0105g\u0142e doskonalenie proces\u00f3w.<br \/>\n<\/strong><strong><span style=\"color: #dc291e;\">\/<\/span><\/strong>\u00a0Modu\u0142 OEE <strong>u\u0142atwia planowanie produkcji<\/strong> i\u00a0optymalizacja wykorzystania zasob\u00f3w.<br \/>\n<strong><span style=\"color: #dc291e;\">\/<\/span><\/strong>\u00a0Dzi\u0119ki monitorowaniu pracy pieca i\u00a0identyfikacji obszar\u00f3w wymagaj\u0105cych optymalizacji, modu\u0142 OEE umo\u017cliwia <strong>efektywne wykorzystanie<\/strong> mo\u017cliwo\u015bci.<br \/>\n<strong><span style=\"color: #dc291e;\">\/<\/span><\/strong>\u00a0Modu\u0142 umo\u017cliwia r<strong>egularne sprawdzanie skuteczno\u015bci wprowadzanych rozwi\u0105za\u0144<\/strong>.<\/p>\n<p>[\/et_pb_text][\/et_pb_column][et_pb_column type=&#8221;1_4&#8243; _builder_version=&#8221;4.23.1&#8243; _module_preset=&#8221;default&#8221; global_colors_info=&#8221;{}&#8221;][et_pb_image src=&#8221;https:\/\/www.secowarwick.com\/wp-content\/uploads\/2024\/05\/korzysci.png&#8221; alt=&#8221;korzy\u015bci&#8221; align=&#8221;center&#8221; module_class=&#8221;obraz-korzysci&#8221; _builder_version=&#8221;4.23.1&#8243; _module_preset=&#8221;default&#8221; global_colors_info=&#8221;{}&#8221;][\/et_pb_image][\/et_pb_column][\/et_pb_row][\/et_pb_section]<\/p>\n","protected":false},"excerpt":{"rendered":"<p>OEE Monitoruj i\u00a0analizuj produktywno\u015b\u0107 i\u00a0wykorzystanie urz\u0105dzenia &nbsp; &nbsp; OEE &#8211; (Overall Equipment Effectiveness) to\u00a0miara wydajno\u015bci maszyn wykorzystywana w\u00a0zarz\u0105dzaniu produkcj\u0105. OEE jest wska\u017anikiem, kt\u00f3ry\u00a0okre\u015bla, w\u00a0jakim stopniu maszyny (w\u00a0tym przypadku piece przemys\u0142owe) s\u0105\u00a0wykorzystywane w\u00a0procesie produkcyjnym oraz\u00a0jak efektywnie s\u0105\u00a0one w\u00a0stanie wykonywa\u0107 swoje zadania. Modu\u0142 umo\u017cliwia wyliczenie warto\u015bci wska\u017anika \u201ePraca\u201d oraz\u00a0\u201eDost\u0119pno\u015b\u0107\u201d dla danego urz\u0105dzenia, w\u00a0dowolnie wybranym zakresie czasowym. Wy\u015bwietlany [&hellip;]<\/p>\n","protected":false},"author":2,"featured_media":0,"parent":53793,"menu_order":0,"comment_status":"closed","ping_status":"closed","template":"","meta":{"_acf_changed":false,"_et_pb_use_builder":"on","_et_pb_old_content":"","_et_gb_content_width":"","footnotes":""},"class_list":["post-158042","page","type-page","status-publish"],"acf":[],"_links":{"self":[{"href":"https:\/\/www.secowarwick.com\/pl\/wp-json\/wp\/v2\/pages\/158042","targetHints":{"allow":["GET"]}}],"collection":[{"href":"https:\/\/www.secowarwick.com\/pl\/wp-json\/wp\/v2\/pages"}],"about":[{"href":"https:\/\/www.secowarwick.com\/pl\/wp-json\/wp\/v2\/types\/page"}],"author":[{"embeddable":true,"href":"https:\/\/www.secowarwick.com\/pl\/wp-json\/wp\/v2\/users\/2"}],"replies":[{"embeddable":true,"href":"https:\/\/www.secowarwick.com\/pl\/wp-json\/wp\/v2\/comments?post=158042"}],"version-history":[{"count":16,"href":"https:\/\/www.secowarwick.com\/pl\/wp-json\/wp\/v2\/pages\/158042\/revisions"}],"predecessor-version":[{"id":178224,"href":"https:\/\/www.secowarwick.com\/pl\/wp-json\/wp\/v2\/pages\/158042\/revisions\/178224"}],"up":[{"embeddable":true,"href":"https:\/\/www.secowarwick.com\/pl\/wp-json\/wp\/v2\/pages\/53793"}],"wp:attachment":[{"href":"https:\/\/www.secowarwick.com\/pl\/wp-json\/wp\/v2\/media?parent=158042"}],"curies":[{"name":"wp","href":"https:\/\/api.w.org\/{rel}","templated":true}]}}