{"id":158059,"date":"2024-05-13T10:30:20","date_gmt":"2024-05-13T08:30:20","guid":{"rendered":"https:\/\/www.secowarwick.com\/?page_id=158059"},"modified":"2025-06-02T09:55:45","modified_gmt":"2025-06-02T07:55:45","slug":"raporty-procesow","status":"publish","type":"page","link":"https:\/\/www.secowarwick.com\/pl\/profesjonalne-uslugi-serwisowe\/raporty-procesow\/","title":{"rendered":"RAPORTY PROCES\u00d3W"},"content":{"rendered":"<p>[et_pb_section fb_built=&#8221;1&#8243; admin_label=&#8221;section&#8221; _builder_version=&#8221;4.16&#8243; background_color=&#8221;#f8f8f8&#8243; custom_padding=&#8221;0px|||&#8221; global_colors_info=&#8221;{}&#8221;][et_pb_row column_structure=&#8221;3_4,1_4&#8243; admin_label=&#8221;row&#8221; _builder_version=&#8221;4.23.1&#8243; background_size=&#8221;initial&#8221; background_position=&#8221;top_left&#8221; background_repeat=&#8221;repeat&#8221; global_colors_info=&#8221;{}&#8221;][et_pb_column type=&#8221;3_4&#8243; _builder_version=&#8221;4.16&#8243; custom_padding=&#8221;|||&#8221; global_colors_info=&#8221;{}&#8221; custom_padding__hover=&#8221;|||&#8221;][et_pb_code module_class=&#8221;custom-bread&#8221; _builder_version=&#8221;4.23.1&#8243; _module_preset=&#8221;default&#8221; global_colors_info=&#8221;{}&#8221;]<\/p>\n<div class=\"et_pb_module et_pb_breadcrumbs   et_pb_breadcrumbs_0\"><!-- [et_pb_line_break_holder] -->\t\t\t\t<pee id=\"breadcrumbs\"><span><span><a href=\"https:\/\/www.secowarwick.com\/pl\/\">HOME<\/a><\/span> \/ <span><a href=\"https:\/\/www.secowarwick.com\/pl\/service\/automatyka\/\">AUTOMATYKA<\/a><\/span> \/ <span class=\"breadcrumb_last\" aria-current=\"page\">RAPORTY PROCES\u00d3W<\/span><\/span><\/pee><!-- [et_pb_line_break_holder] -->\t\t\t<\/div>\n<p>[\/et_pb_code][et_pb_text module_class=&#8221;podtytuly&#8221; _builder_version=&#8221;4.23.1&#8243; background_size=&#8221;initial&#8221; background_position=&#8221;top_left&#8221; background_repeat=&#8221;repeat&#8221; use_border_color=&#8221;off&#8221; global_colors_info=&#8221;{}&#8221;]<\/p>\n<h1>Raporty Proces\u00f3w<\/h1>\n<h2><img decoding=\"async\" class=\"alignleft wp-image-158542\" src=\"https:\/\/www.secowarwick.com\/wp-content\/uploads\/2024\/05\/raports_2.svg\" alt=\"Raporty proces\u00f3w\" width=\"80\" \/><br \/>Raportowanie produkcji wprost z&nbsp;Portalu Klienta<\/h2>\n<p>&nbsp;<\/p>\n<p>Modu\u0142 RAPORTY s\u0142u\u017cy do&nbsp;przegl\u0105dania i&nbsp;analizy raport\u00f3w z&nbsp;proces\u00f3w.<\/p>\n<p>Wykonane procesy na&nbsp;urz\u0105dzeniu s\u0105&nbsp;rejestrowane i&nbsp;prezentowane na&nbsp;li\u015bcie. Modu\u0142 posiada opcj\u0119 jej filtrowania t oraz&nbsp;por\u00f3wnania wyszczeg\u00f3lnionych proces\u00f3w. Jest mo\u017cliwo\u015b\u0107 prezentacji na&nbsp;wykresie czasu trwania proces\u00f3w oraz&nbsp;por\u00f3wnanie kosztowe pod&nbsp;r\u00f3\u017cnym k\u0105tem.<\/p>\n<p>[\/et_pb_text][\/et_pb_column][et_pb_column type=&#8221;1_4&#8243; _builder_version=&#8221;4.23.1&#8243; custom_padding=&#8221;75px||||false|false&#8221; custom_padding_tablet=&#8221;0px||||false|false&#8221; custom_padding_phone=&#8221;0px||||false|false&#8221; custom_padding_last_edited=&#8221;on|tablet&#8221; global_colors_info=&#8221;{}&#8221; custom_padding__hover=&#8221;|||&#8221;][et_pb_text admin_label=&#8221;btn_pl_premiumlibrary&#8221; module_class=&#8221;premium-library-button&#8221; _builder_version=&#8221;4.23.1&#8243; _module_preset=&#8221;default&#8221; text_orientation=&#8221;center&#8221; global_module=&#8221;157169&#8243; saved_tabs=&#8221;all&#8221; locked=&#8221;off&#8221; global_colors_info=&#8221;{}&#8221;]<\/p>\n<a href='https:\/\/www.secowarwick.com\/pl\/trescipremium\/' class='small-button smallred'><span>TRE\u015aCI PREMIUM<\/span><\/a>\n<p>[\/et_pb_text][et_pb_text admin_label=&#8221;R&#038;D PL&#8221; module_class=&#8221;product_widget_wrap_rd&#8221; _builder_version=&#8221;4.23.1&#8243; _module_preset=&#8221;default&#8221; text_orientation=&#8221;center&#8221; global_module=&#8221;165497&#8243; saved_tabs=&#8221;all&#8221; locked=&#8221;off&#8221; global_colors_info=&#8221;{}&#8221;]<\/p>\n<p><a href=\"https:\/\/www.secowarwick.com\/pl\/rd\/\"><span class=\"product_wigtet_name\">R&amp;D<\/span><\/a><\/p>\n<p>[\/et_pb_text][et_pb_text admin_label=&#8221;PRODUKTY pl&#8221; module_class=&#8221;product_widget_wrap_products&#8221; _builder_version=&#8221;4.23.1&#8243; _module_preset=&#8221;default&#8221; global_module=&#8221;178154&#8243; saved_tabs=&#8221;all&#8221; locked=&#8221;off&#8221; global_colors_info=&#8221;{}&#8221;]<\/p>\n<p><a href=\"https:\/\/www.secowarwick.com\/pl\/produkty\/\" target=\"_blank\" rel=\"noopener\"><span class=\"product_wigtet_name\">PRODUKTY<\/span><\/a><\/p>\n<p>[\/et_pb_text][et_pb_text admin_label=&#8221;SERVICE PL&#8221; module_class=&#8221;product_widget_wrap_service&#8221; _builder_version=&#8221;4.23.1&#8243; _module_preset=&#8221;default&#8221; global_module=&#8221;165500&#8243; saved_tabs=&#8221;all&#8221; locked=&#8221;off&#8221; global_colors_info=&#8221;{}&#8221;]<\/p>\n<p><a href=\"https:\/\/www.secowarwick.com\/pl\/profesjonalne-uslugi-serwisowe\/\"><span class=\"product_wigtet_name\">SERWIS<\/span><\/a><\/p>\n<p>[\/et_pb_text][et_pb_text admin_label=&#8221;SUPLEMENTALS PL&#8221; module_class=&#8221;product_widget_wrap_supleme&#8221; _builder_version=&#8221;4.23.1&#8243; _module_preset=&#8221;default&#8221; global_module=&#8221;165502&#8243; saved_tabs=&#8221;all&#8221; locked=&#8221;off&#8221; global_colors_info=&#8221;{}&#8221;]<\/p>\n<p><span class=\"product_wigtet_name\">DODATKOWE:<\/span><\/p>\n<p>[\/et_pb_text][et_pb_text admin_label=&#8221;dnabook-pl&#8221; module_class=&#8221;suplementals_product_dna suplementals_wrap&#8221; _builder_version=&#8221;4.23.1&#8243; _module_preset=&#8221;default&#8221; global_module=&#8221;165509&#8243; saved_tabs=&#8221;all&#8221; locked=&#8221;off&#8221; global_colors_info=&#8221;{}&#8221;]<\/p>\n<p><a href=\"https:\/\/www.secowarwick.com\/wp-content\/uploads\/2024\/02\/2024_SECO_WARWICK_Catalog_DNA_EN_SECOLOGY.pdf\" target=\"_blank\" rel=\"noopener\">DNA\/BOOK<\/a><\/p>\n<p>[\/et_pb_text][et_pb_text admin_label=&#8221;ECO\/BOOK-pl&#8221; module_class=&#8221;suplementals_product_eco suplementals_wrap&#8221; _builder_version=&#8221;4.23.1&#8243; _module_preset=&#8221;default&#8221; global_module=&#8221;165511&#8243; saved_tabs=&#8221;all&#8221; locked=&#8221;off&#8221; global_colors_info=&#8221;{}&#8221;]<\/p>\n<p><a href=\"https:\/\/www.secowarwick.com\/wp-content\/uploads\/2023\/06\/ECOBOOK-2-1.pdf\" target=\"_blank\" rel=\"noopener\">ECO\/BOOK<\/a><\/p>\n<p>[\/et_pb_text][\/et_pb_column][\/et_pb_row][\/et_pb_section][et_pb_section fb_built=&#8221;1&#8243; admin_label=&#8221;section&#8221; _builder_version=&#8221;4.23.1&#8243; custom_padding=&#8221;||||false|false&#8221; global_colors_info=&#8221;{}&#8221;][et_pb_row column_structure=&#8221;1_2,1_2&#8243; admin_label=&#8221;row&#8221; _builder_version=&#8221;4.23.1&#8243; background_size=&#8221;initial&#8221; background_position=&#8221;top_left&#8221; background_repeat=&#8221;repeat&#8221; custom_padding=&#8221;||||false|false&#8221; global_colors_info=&#8221;{}&#8221;][et_pb_column type=&#8221;1_2&#8243; _builder_version=&#8221;4.16&#8243; custom_padding=&#8221;|||&#8221; global_colors_info=&#8221;{}&#8221; custom_padding__hover=&#8221;|||&#8221;][et_pb_text _builder_version=&#8221;4.23.1&#8243; background_size=&#8221;initial&#8221; background_position=&#8221;top_left&#8221; background_repeat=&#8221;repeat&#8221; use_border_color=&#8221;off&#8221; global_colors_info=&#8221;{}&#8221;]<\/p>\n<p>Modu\u0142 daje mo\u017cliwo\u015b\u0107 podgl\u0105du raportu szczeg\u00f3\u0142owego ze&nbsp;wskazanego procesu.<\/p>\n<p>Raport taki sk\u0142ada si\u0119 z&nbsp;nast\u0119puj\u0105cych element\u00f3w:<\/p>\n<p><strong><span style=\"color: #dc291e;\">\/<\/span><\/strong> informacje statystyczne,<br \/><strong><span style=\"color: #dc291e;\">\/<\/span><\/strong> dane procesu,<br \/><strong><span style=\"color: #dc291e;\">\/<\/span><\/strong> wykres sygna\u0142\u00f3w analogowych oraz&nbsp;ich statystyka,<br \/><strong><span style=\"color: #dc291e;\">\/<\/span><\/strong> parametry receptury wraz z&nbsp;analiz\u0105 czasu trwania segment\u00f3w i&nbsp;podsegment\u00f3w,<br \/><strong><span style=\"color: #dc291e;\">\/<\/span><\/strong> alarmy, kt\u00f3re wyst\u0105pi\u0142y w&nbsp;trakcie trwania procesu,<br \/><strong><span style=\"color: #dc291e;\">\/<\/span><\/strong> informacje o&nbsp;wsadzie.<\/p>\n<p>[\/et_pb_text][\/et_pb_column][et_pb_column type=&#8221;1_2&#8243; _builder_version=&#8221;4.16&#8243; custom_padding=&#8221;|||&#8221; global_colors_info=&#8221;{}&#8221; custom_padding__hover=&#8221;|||&#8221;][et_pb_image src=&#8221;https:\/\/www.secowarwick.com\/wp-content\/uploads\/2024\/05\/Raportowanie-produkcji.jpg&#8221; alt=&#8221;Raportowanie produkcji&#8221; _builder_version=&#8221;4.23.1&#8243; _module_preset=&#8221;default&#8221; global_colors_info=&#8221;{}&#8221;][\/et_pb_image][\/et_pb_column][\/et_pb_row][et_pb_row column_structure=&#8221;1_2,1_2&#8243; admin_label=&#8221;row&#8221; _builder_version=&#8221;4.23.1&#8243; background_size=&#8221;initial&#8221; background_position=&#8221;top_left&#8221; background_repeat=&#8221;repeat&#8221; custom_padding=&#8221;||||false|false&#8221; global_colors_info=&#8221;{}&#8221;][et_pb_column type=&#8221;1_2&#8243; _builder_version=&#8221;4.16&#8243; custom_padding=&#8221;|||&#8221; global_colors_info=&#8221;{}&#8221; custom_padding__hover=&#8221;|||&#8221;][et_pb_image src=&#8221;https:\/\/www.secowarwick.com\/wp-content\/uploads\/2024\/05\/Raportowanie-produkcji-FURNACEPLUS.jpg&#8221; alt=&#8221;Raportowanie produkcji FURNACE\/PLUS&#8221; _builder_version=&#8221;4.23.1&#8243; _module_preset=&#8221;default&#8221; global_colors_info=&#8221;{}&#8221;][\/et_pb_image][\/et_pb_column][et_pb_column type=&#8221;1_2&#8243; _builder_version=&#8221;4.16&#8243; custom_padding=&#8221;|||&#8221; global_colors_info=&#8221;{}&#8221; custom_padding__hover=&#8221;|||&#8221;][et_pb_text _builder_version=&#8221;4.23.1&#8243; _module_preset=&#8221;default&#8221; global_colors_info=&#8221;{}&#8221;]<\/p>\n<p>Raport mo\u017cna pobra\u0107 do&nbsp;jednego pliku w&nbsp;formacie PDF,a wy\u015bwietlane trendy sygna\u0142\u00f3w analogowych wyeksportowa\u0107 do&nbsp;pliku CSV. To&nbsp;wszystko dost\u0119pne jest z&nbsp;poziomu Portalu Klienta, czyli z&nbsp;ka\u017cdego miejsca z&nbsp;dost\u0119pem do&nbsp;internetu. Nie&nbsp;ma&nbsp;potrzeby podchodzenia do&nbsp;szafy sterowniczej pieca i&nbsp;zgrywania raport\u00f3w.<\/p>\n<p>[\/et_pb_text][et_pb_text module_class=&#8221;przecinek-tlo-nizej&#8221; _builder_version=&#8221;4.23.1&#8243; background_size=&#8221;initial&#8221; background_position=&#8221;top_left&#8221; background_repeat=&#8221;repeat&#8221; use_border_color=&#8221;off&#8221; global_colors_info=&#8221;{}&#8221;]<\/p>\n<p>G\u0142\u00f3wne funkcje modu\u0142u:<\/p>\n<p>[\/et_pb_text][et_pb_text _builder_version=&#8221;4.23.1&#8243; background_size=&#8221;initial&#8221; background_position=&#8221;top_left&#8221; background_repeat=&#8221;repeat&#8221; use_border_color=&#8221;off&#8221; global_colors_info=&#8221;{}&#8221;]<\/p>\n<p><span style=\"color: #dc291e;\"><strong>\/<\/strong><\/span>\u00a0analiza i&nbsp;por\u00f3wnanie proces\u00f3w<br \/><span style=\"color: #dc291e;\"><strong>\/<\/strong><\/span>\u00a0statystyka proces\u00f3w,<br \/><span style=\"color: #dc291e;\"><strong>\/<\/strong><\/span>\u00a0mo\u017cliwo\u015b\u0107 pobrania raportu do&nbsp;pliku PDF oraz&nbsp;trend\u00f3w do&nbsp;pliku CSV,<br \/><span style=\"color: #dc291e;\"><strong>\/<\/strong><\/span>\u00a0mo\u017cliwo\u015b\u0107 oznaczenia proces\u00f3w statusem (poprawny\/niepoprawny) oraz&nbsp;zapisania komentarza,<br \/><span style=\"color: #dc291e;\"><strong>\/<\/strong><\/span>\u00a0optymalizacja produkcji.<\/p>\n<p>[\/et_pb_text][\/et_pb_column][\/et_pb_row][et_pb_row column_structure=&#8221;3_4,1_4&#8243; use_custom_gutter=&#8221;on&#8221; gutter_width=&#8221;2&#8243; module_class=&#8221;automatycy-wiersz-korzysci&#8221; _builder_version=&#8221;4.23.1&#8243; _module_preset=&#8221;default&#8221; global_colors_info=&#8221;{}&#8221;][et_pb_column type=&#8221;3_4&#8243; _builder_version=&#8221;4.23.1&#8243; _module_preset=&#8221;default&#8221; global_colors_info=&#8221;{}&#8221;][et_pb_text module_class=&#8221;przecinek-tlo-nizej&#8221; _builder_version=&#8221;4.23.1&#8243; text_text_color=&#8221;#000000&#8243; background_size=&#8221;initial&#8221; background_position=&#8221;top_left&#8221; background_repeat=&#8221;repeat&#8221; use_border_color=&#8221;off&#8221; global_colors_info=&#8221;{}&#8221;]RAPORTY PROCES\u00d3W &#8211; KORZY\u015aCI[\/et_pb_text][et_pb_text module_class=&#8221;opis-korzysci&#8221; _builder_version=&#8221;4.23.1&#8243; _module_preset=&#8221;default&#8221; custom_margin=&#8221;20px||||false|false&#8221; global_colors_info=&#8221;{}&#8221;]<\/p>\n<p><strong><span style=\"color: #dc291e;\">\/<\/span> Rejestrowanie i&nbsp;prezentacja wykonanych proces\u00f3w<\/strong> na&nbsp;li\u015bcie -&gt; to&nbsp;kompletna dokumentacja dzia\u0142ania urz\u0105dzenia i&nbsp;\u015bledzenie historii produkcji.<br \/><strong><span style=\"color: #dc291e;\">\/ <\/span><\/strong>Modu\u0142 umo\u017cliwia <strong>filtrowanie i&nbsp;por\u00f3wnywanie proces\u00f3w<\/strong>, co&nbsp;pozwala na&nbsp;szybk\u0105 analiz\u0119 danych i&nbsp;identyfikacj\u0119 trend\u00f3w zmian.<br \/><strong><span style=\"color: #dc291e;\">\/ <\/span>Dost\u0119p do&nbsp;raport\u00f3w<\/strong> szczeg\u00f3\u0142owych z&nbsp;informacjami statystycznymi, danymi procesu i&nbsp;wykresy sygna\u0142\u00f3w analogowych, co&nbsp;u\u0142atwia kompleksow\u0105 analiz\u0119 dzia\u0142ania urz\u0105dzenia.<br \/><strong><span style=\"color: #dc291e;\">\/ <\/span>Dost\u0119pno\u015b\u0107 i&nbsp;eksport danych <\/strong>&#8211; &gt; raporty w&nbsp;formacie PDF, a&nbsp;trendy sygna\u0142\u00f3w analogowych w&nbsp;plikach CSV, czyli wygodny dost\u0119p i&nbsp;mo\u017cliwo\u015b\u0107 dalszej analizy.<br \/><strong><span style=\"color: #dc291e;\">\/ <\/span><\/strong>Portal Klienta umo\u017cliwia <strong>zdalny dost\u0119p do&nbsp;raport\u00f3w<\/strong> z&nbsp;ka\u017cdego miejsca.<br \/><strong><span style=\"color: #dc291e;\">\/ <\/span><\/strong>Analiza i&nbsp;por\u00f3wnanie proces\u00f3w oraz&nbsp;statystyki pomagaj\u0105 w&nbsp;<strong>optymalizacji produkcji<\/strong> i&nbsp;zwi\u0119kszeniu efektywno\u015bci proces\u00f3w.<\/p>\n<p>[\/et_pb_text][\/et_pb_column][et_pb_column type=&#8221;1_4&#8243; _builder_version=&#8221;4.23.1&#8243; _module_preset=&#8221;default&#8221; global_colors_info=&#8221;{}&#8221;][et_pb_image src=&#8221;https:\/\/www.secowarwick.com\/wp-content\/uploads\/2024\/05\/korzysci.png&#8221; alt=&#8221;korzy\u015bci&#8221; align=&#8221;center&#8221; module_class=&#8221;obraz-korzysci&#8221; _builder_version=&#8221;4.23.1&#8243; _module_preset=&#8221;default&#8221; global_colors_info=&#8221;{}&#8221;][\/et_pb_image][\/et_pb_column][\/et_pb_row][\/et_pb_section]<\/p>\n","protected":false},"excerpt":{"rendered":"<p>Raporty Proces\u00f3w Raportowanie produkcji wprost z&nbsp;Portalu Klienta &nbsp; Modu\u0142 RAPORTY s\u0142u\u017cy do&nbsp;przegl\u0105dania i&nbsp;analizy raport\u00f3w z&nbsp;proces\u00f3w. Wykonane procesy na&nbsp;urz\u0105dzeniu s\u0105&nbsp;rejestrowane i&nbsp;prezentowane na&nbsp;li\u015bcie. Modu\u0142 posiada opcj\u0119 jej filtrowania t oraz&nbsp;por\u00f3wnania wyszczeg\u00f3lnionych proces\u00f3w. Jest mo\u017cliwo\u015b\u0107 prezentacji na&nbsp;wykresie czasu trwania proces\u00f3w oraz&nbsp;por\u00f3wnanie kosztowe pod&nbsp;r\u00f3\u017cnym k\u0105tem.<a href='https:\/\/www.secowarwick.com\/pl\/trescipremium\/' class='small-button smallred'><span>TRE\u015aCI PREMIUM<\/span><\/a> R&amp;D PRODUKTY SERWIS DODATKOWE: DNA\/BOOK ECO\/BOOK Modu\u0142 daje mo\u017cliwo\u015b\u0107 podgl\u0105du [&hellip;]<\/p>\n","protected":false},"author":2,"featured_media":158062,"parent":53793,"menu_order":0,"comment_status":"closed","ping_status":"closed","template":"","meta":{"_acf_changed":false,"_et_pb_use_builder":"on","_et_pb_old_content":"","_et_gb_content_width":"","footnotes":""},"class_list":["post-158059","page","type-page","status-publish","has-post-thumbnail"],"acf":[],"_links":{"self":[{"href":"https:\/\/www.secowarwick.com\/pl\/wp-json\/wp\/v2\/pages\/158059","targetHints":{"allow":["GET"]}}],"collection":[{"href":"https:\/\/www.secowarwick.com\/pl\/wp-json\/wp\/v2\/pages"}],"about":[{"href":"https:\/\/www.secowarwick.com\/pl\/wp-json\/wp\/v2\/types\/page"}],"author":[{"embeddable":true,"href":"https:\/\/www.secowarwick.com\/pl\/wp-json\/wp\/v2\/users\/2"}],"replies":[{"embeddable":true,"href":"https:\/\/www.secowarwick.com\/pl\/wp-json\/wp\/v2\/comments?post=158059"}],"version-history":[{"count":23,"href":"https:\/\/www.secowarwick.com\/pl\/wp-json\/wp\/v2\/pages\/158059\/revisions"}],"predecessor-version":[{"id":178238,"href":"https:\/\/www.secowarwick.com\/pl\/wp-json\/wp\/v2\/pages\/158059\/revisions\/178238"}],"up":[{"embeddable":true,"href":"https:\/\/www.secowarwick.com\/pl\/wp-json\/wp\/v2\/pages\/53793"}],"wp:featuredmedia":[{"embeddable":true,"href":"https:\/\/www.secowarwick.com\/pl\/wp-json\/wp\/v2\/media\/158062"}],"wp:attachment":[{"href":"https:\/\/www.secowarwick.com\/pl\/wp-json\/wp\/v2\/media?parent=158059"}],"curies":[{"name":"wp","href":"https:\/\/api.w.org\/{rel}","templated":true}]}}