{"id":158844,"date":"2024-05-20T19:42:26","date_gmt":"2024-05-20T17:42:26","guid":{"rendered":"https:\/\/www.secowarwick.com\/ospolce\/nagrody-i-wyroznienia\/fair-company\/"},"modified":"2024-05-20T19:48:03","modified_gmt":"2024-05-20T17:48:03","slug":"dobra-firma","status":"publish","type":"page","link":"https:\/\/www.secowarwick.com\/pl\/ospolce\/nagrody-i-wyroznienia\/dobra-firma\/","title":{"rendered":"Dobra Firma"},"content":{"rendered":"<p>18.04.2024<\/p>\n<h3>Redakcja Forum Biznesu, organizator Programu Liderzy Spo\u0142ecznej Odpowiedzialno\u015bci, przyzna\u0142a SECO\/WARWICK tytu\u0142 Laureata w kategorii: Dobra Firma 2024. Zostali\u015bmy docenieni za zaanga\u017cowaniem w upowszechnianie w firmie zasad Biznesu Spo\u0142ecznie Odpowiedzialnego, zw\u0142aszcza w zakresie realizowanych program\u00f3w odpowiedzialno\u015bci spo\u0142ecznej, dzia\u0142alno\u015bci na rzecz lokalnych spo\u0142eczno\u015bci oraz wra\u017cliwo\u015bci ekologicznej.<\/h3>\n<p><img decoding=\"async\" class=\"size-full wp-image-158834 aligncenter\" src=\"https:\/\/www.secowarwick.com\/wp-content\/uploads\/2024\/05\/Fair_Company_2024.jpg\" alt=\"Fair Company\" width=\"800\" height=\"800\" srcset=\"https:\/\/www.secowarwick.com\/wp-content\/uploads\/2024\/05\/Fair_Company_2024.jpg 800w, https:\/\/www.secowarwick.com\/wp-content\/uploads\/2024\/05\/Fair_Company_2024-480x480.jpg 480w\" sizes=\"(min-width: 0px) and (max-width: 480px) 480px, (min-width: 481px) 800px, 100vw\" \/><\/p>\n<p>&nbsp;<\/p>\n<p>&nbsp;<\/p>\n","protected":false},"excerpt":{"rendered":"<p>18.04.2024 Redakcja Forum Biznesu, organizator Programu Liderzy Spo\u0142ecznej Odpowiedzialno\u015bci, przyzna\u0142a SECO\/WARWICK tytu\u0142 Laureata w kategorii: Dobra Firma 2024. Zostali\u015bmy docenieni za zaanga\u017cowaniem w upowszechnianie w firmie zasad Biznesu Spo\u0142ecznie Odpowiedzialnego, zw\u0142aszcza w zakresie realizowanych program\u00f3w odpowiedzialno\u015bci spo\u0142ecznej, dzia\u0142alno\u015bci na rzecz lokalnych spo\u0142eczno\u015bci oraz wra\u017cliwo\u015bci ekologicznej. &nbsp; &nbsp;<\/p>\n","protected":false},"author":2,"featured_media":0,"parent":6722,"menu_order":0,"comment_status":"closed","ping_status":"closed","template":"","meta":{"_acf_changed":false,"_et_pb_use_builder":"","_et_pb_old_content":"","_et_gb_content_width":"","footnotes":""},"class_list":["post-158844","page","type-page","status-publish"],"acf":[],"_links":{"self":[{"href":"https:\/\/www.secowarwick.com\/pl\/wp-json\/wp\/v2\/pages\/158844","targetHints":{"allow":["GET"]}}],"collection":[{"href":"https:\/\/www.secowarwick.com\/pl\/wp-json\/wp\/v2\/pages"}],"about":[{"href":"https:\/\/www.secowarwick.com\/pl\/wp-json\/wp\/v2\/types\/page"}],"author":[{"embeddable":true,"href":"https:\/\/www.secowarwick.com\/pl\/wp-json\/wp\/v2\/users\/2"}],"replies":[{"embeddable":true,"href":"https:\/\/www.secowarwick.com\/pl\/wp-json\/wp\/v2\/comments?post=158844"}],"version-history":[{"count":2,"href":"https:\/\/www.secowarwick.com\/pl\/wp-json\/wp\/v2\/pages\/158844\/revisions"}],"predecessor-version":[{"id":158851,"href":"https:\/\/www.secowarwick.com\/pl\/wp-json\/wp\/v2\/pages\/158844\/revisions\/158851"}],"up":[{"embeddable":true,"href":"https:\/\/www.secowarwick.com\/pl\/wp-json\/wp\/v2\/pages\/6722"}],"wp:attachment":[{"href":"https:\/\/www.secowarwick.com\/pl\/wp-json\/wp\/v2\/media?parent=158844"}],"curies":[{"name":"wp","href":"https:\/\/api.w.org\/{rel}","templated":true}]}}