{"id":158865,"date":"2024-05-20T19:53:12","date_gmt":"2024-05-20T17:53:12","guid":{"rendered":"https:\/\/www.secowarwick.com\/ospolce\/nagrody-i-wyroznienia\/forbes-diamonds\/"},"modified":"2024-05-20T20:18:40","modified_gmt":"2024-05-20T18:18:40","slug":"diamenty-forbsa","status":"publish","type":"page","link":"https:\/\/www.secowarwick.com\/pl\/ospolce\/nagrody-i-wyroznienia\/diamenty-forbsa\/","title":{"rendered":"Diamenty Forbsa"},"content":{"rendered":"<p>15.05.2024<\/p>\n<h3>SECO\/WARWICK ponownie w\u015br\u00f3d laureat\u00f3w \u201eDiamenty Forbes 2024\u201d w rankingu firm o przychodach powy\u017cej 250 mln PLN!<\/h3>\n<p><img decoding=\"async\" class=\"size-full wp-image-158855 aligncenter\" src=\"https:\/\/www.secowarwick.com\/wp-content\/uploads\/2024\/05\/DIAMENTY2024.jpg\" alt=\"Forbes Diamonds\" width=\"1200\" height=\"800\" srcset=\"https:\/\/www.secowarwick.com\/wp-content\/uploads\/2024\/05\/DIAMENTY2024.jpg 1200w, https:\/\/www.secowarwick.com\/wp-content\/uploads\/2024\/05\/DIAMENTY2024-980x653.jpg 980w, https:\/\/www.secowarwick.com\/wp-content\/uploads\/2024\/05\/DIAMENTY2024-480x320.jpg 480w\" sizes=\"(min-width: 0px) and (max-width: 480px) 480px, (min-width: 481px) and (max-width: 980px) 980px, (min-width: 981px) 1200px, 100vw\" \/><\/p>\n<p>&nbsp;<\/p>\n","protected":false},"excerpt":{"rendered":"<p>15.05.2024 SECO\/WARWICK ponownie w\u015br\u00f3d laureat\u00f3w \u201eDiamenty Forbes 2024\u201d w rankingu firm o przychodach powy\u017cej 250 mln PLN! &nbsp;<\/p>\n","protected":false},"author":2,"featured_media":0,"parent":6722,"menu_order":0,"comment_status":"closed","ping_status":"closed","template":"","meta":{"_acf_changed":false,"_et_pb_use_builder":"","_et_pb_old_content":"","_et_gb_content_width":"","footnotes":""},"class_list":["post-158865","page","type-page","status-publish"],"acf":[],"_links":{"self":[{"href":"https:\/\/www.secowarwick.com\/pl\/wp-json\/wp\/v2\/pages\/158865","targetHints":{"allow":["GET"]}}],"collection":[{"href":"https:\/\/www.secowarwick.com\/pl\/wp-json\/wp\/v2\/pages"}],"about":[{"href":"https:\/\/www.secowarwick.com\/pl\/wp-json\/wp\/v2\/types\/page"}],"author":[{"embeddable":true,"href":"https:\/\/www.secowarwick.com\/pl\/wp-json\/wp\/v2\/users\/2"}],"replies":[{"embeddable":true,"href":"https:\/\/www.secowarwick.com\/pl\/wp-json\/wp\/v2\/comments?post=158865"}],"version-history":[{"count":2,"href":"https:\/\/www.secowarwick.com\/pl\/wp-json\/wp\/v2\/pages\/158865\/revisions"}],"predecessor-version":[{"id":158891,"href":"https:\/\/www.secowarwick.com\/pl\/wp-json\/wp\/v2\/pages\/158865\/revisions\/158891"}],"up":[{"embeddable":true,"href":"https:\/\/www.secowarwick.com\/pl\/wp-json\/wp\/v2\/pages\/6722"}],"wp:attachment":[{"href":"https:\/\/www.secowarwick.com\/pl\/wp-json\/wp\/v2\/media?parent=158865"}],"curies":[{"name":"wp","href":"https:\/\/api.w.org\/{rel}","templated":true}]}}