{"id":158883,"date":"2024-05-20T20:01:27","date_gmt":"2024-05-20T18:01:27","guid":{"rendered":"https:\/\/www.secowarwick.com\/ospolce\/nagrody-i-wyroznienia\/top-10-companies\/"},"modified":"2024-05-20T20:05:16","modified_gmt":"2024-05-20T18:05:16","slug":"top-10-firm","status":"publish","type":"page","link":"https:\/\/www.secowarwick.com\/pl\/ospolce\/nagrody-i-wyroznienia\/top-10-firm\/","title":{"rendered":"TOP 10 firm  Pr\u00f3\u017cniowa Obr\u00f3bka Ciepln"},"content":{"rendered":"<p>15.05.2024<\/p>\n<h3>SECO\/WARWICK uj\u0119te w rankingu TOP 10 najlepszych firm na \u015bwiecie dostarczaj\u0105cych rozwi\u0105zania z obszaru pr\u00f3\u017cniowej obr\u00f3bki cieplnej.<\/h3>\n<p><img decoding=\"async\" class=\"size-full wp-image-158873 aligncenter\" src=\"https:\/\/www.secowarwick.com\/wp-content\/uploads\/2024\/05\/top10-big.jpg\" alt=\"Top 10 companies Industrial Vacum Solutions \" width=\"839\" height=\"630\" srcset=\"https:\/\/www.secowarwick.com\/wp-content\/uploads\/2024\/05\/top10-big.jpg 839w, https:\/\/www.secowarwick.com\/wp-content\/uploads\/2024\/05\/top10-big-480x360.jpg 480w\" sizes=\"(min-width: 0px) and (max-width: 480px) 480px, (min-width: 481px) 839px, 100vw\" \/><\/p>\n<p style=\"text-align: center;\"><a class=\"small-button smallred\" style=\"font-size: 20px; padding: 20px 60px;\" href=\"https:\/\/www.themanufacturingoutlook.com\/seco-warwick\" target=\"_blank\" rel=\"noopener\"><span style=\"display: block; transform: skew(15deg,0deg); -webkit-transform: skew(15deg,0deg); font-size: 20px;\">WI\u0118CEJ<\/span><\/a><\/p>\n","protected":false},"excerpt":{"rendered":"<p>15.05.2024 SECO\/WARWICK uj\u0119te w rankingu TOP 10 najlepszych firm na \u015bwiecie dostarczaj\u0105cych rozwi\u0105zania z obszaru pr\u00f3\u017cniowej obr\u00f3bki cieplnej. WI\u0118CEJ<\/p>\n","protected":false},"author":2,"featured_media":0,"parent":6722,"menu_order":0,"comment_status":"closed","ping_status":"closed","template":"","meta":{"_acf_changed":false,"_et_pb_use_builder":"off","_et_pb_old_content":"","_et_gb_content_width":"","footnotes":""},"class_list":["post-158883","page","type-page","status-publish"],"acf":[],"_links":{"self":[{"href":"https:\/\/www.secowarwick.com\/pl\/wp-json\/wp\/v2\/pages\/158883","targetHints":{"allow":["GET"]}}],"collection":[{"href":"https:\/\/www.secowarwick.com\/pl\/wp-json\/wp\/v2\/pages"}],"about":[{"href":"https:\/\/www.secowarwick.com\/pl\/wp-json\/wp\/v2\/types\/page"}],"author":[{"embeddable":true,"href":"https:\/\/www.secowarwick.com\/pl\/wp-json\/wp\/v2\/users\/2"}],"replies":[{"embeddable":true,"href":"https:\/\/www.secowarwick.com\/pl\/wp-json\/wp\/v2\/comments?post=158883"}],"version-history":[{"count":1,"href":"https:\/\/www.secowarwick.com\/pl\/wp-json\/wp\/v2\/pages\/158883\/revisions"}],"predecessor-version":[{"id":158886,"href":"https:\/\/www.secowarwick.com\/pl\/wp-json\/wp\/v2\/pages\/158883\/revisions\/158886"}],"up":[{"embeddable":true,"href":"https:\/\/www.secowarwick.com\/pl\/wp-json\/wp\/v2\/pages\/6722"}],"wp:attachment":[{"href":"https:\/\/www.secowarwick.com\/pl\/wp-json\/wp\/v2\/media?parent=158883"}],"curies":[{"name":"wp","href":"https:\/\/api.w.org\/{rel}","templated":true}]}}