{"id":159152,"date":"2024-05-24T08:28:29","date_gmt":"2024-05-24T06:28:29","guid":{"rendered":"https:\/\/www.secowarwick.com\/?page_id=159152"},"modified":"2024-05-28T13:39:41","modified_gmt":"2024-05-28T11:39:41","slug":"furnace-plus-kontakt","status":"publish","type":"page","link":"https:\/\/www.secowarwick.com\/pl\/service\/automatyka\/furnace-plus-kontakt\/","title":{"rendered":"FURNACE\/PLUS KONTAKT"},"content":{"rendered":"<p>[et_pb_section fb_built=&#8221;1&#8243; module_id=&#8221;customeropinion&#8221; module_class=&#8221;skos-trojkat-dol skos-trojkat-gora&#8221; _builder_version=&#8221;4.16&#8243; background_image=&#8221;https:\/\/www.secowarwick.com\/wp-content\/uploads\/2022\/03\/furnace_plus_backgroundv2-1.jpg&#8221; parallax=&#8221;on&#8221; parallax_method=&#8221;off&#8221; custom_margin=&#8221;-60px|||&#8221; global_colors_info=&#8221;{}&#8221;][et_pb_row _builder_version=&#8221;4.16&#8243; background_size=&#8221;initial&#8221; background_position=&#8221;top_left&#8221; background_repeat=&#8221;repeat&#8221; global_colors_info=&#8221;{}&#8221;][et_pb_column type=&#8221;4_4&#8243; _builder_version=&#8221;4.16&#8243; custom_padding=&#8221;|||&#8221; global_colors_info=&#8221;{}&#8221; custom_padding__hover=&#8221;|||&#8221;][et_pb_image src=&#8221;https:\/\/www.secowarwick.com\/wp-content\/uploads\/2024\/01\/FURNACE-PLUS-logotyp-e1704892677284.png&#8221; alt=&#8221;Furnace plus automation system&#8221; title_text=&#8221;FURNACE PLUS logotyp&#8221; align=&#8221;center&#8221; _builder_version=&#8221;4.23.1&#8243; _module_preset=&#8221;default&#8221; global_colors_info=&#8221;{}&#8221;][\/et_pb_image][\/et_pb_column][\/et_pb_row][et_pb_row column_structure=&#8221;1_2,1_2&#8243; module_class=&#8221;max-8001 furnaceplus-popup&#8221; _builder_version=&#8221;4.23.1&#8243; _module_preset=&#8221;default&#8221; global_colors_info=&#8221;{}&#8221;][et_pb_column type=&#8221;1_2&#8243; _builder_version=&#8221;4.19.2&#8243; _module_preset=&#8221;default&#8221; global_colors_info=&#8221;{}&#8221;][et_pb_blurb title=&#8221;POTRZEBUJESZ POMOCY Z KONTEM FURNACE\/PLUS?&#8221; image=&#8221;https:\/\/www.secowarwick.com\/wp-content\/uploads\/2024\/05\/ikona-benefity-web2.png&#8221; alt=&#8221;FURNACE\/PLUS KONTAKT&#8221; _builder_version=&#8221;4.23.1&#8243; _module_preset=&#8221;default&#8221; header_font=&#8221;|600|||||||&#8221; header_text_align=&#8221;center&#8221; header_text_color=&#8221;#FFFFFF&#8221; body_text_color=&#8221;#FFFFFF&#8221; body_line_height=&#8221;1.5em&#8221; text_orientation=&#8221;center&#8221; animation=&#8221;off&#8221; custom_css_blurb_image=&#8221;max-width: 120px;||margin-left: auto;||margin-right: auto;&#8221; global_colors_info=&#8221;{}&#8221;]<\/p>\n<p>Kliknij, aby uzyska\u0107 wsparcie.<\/p>\n<p>\r\n\t<a class=\"paoc-pro-popup-cust-159187 paoc-popup-click paoc-popup-simple_link  paoc-action-popup paoc-pro-popup-link\" href=\"javascript:void(0);\"><span class=\"furnacelus_link\"><span>WSPARCIE DLA U\u017bYTKOWNIK\u00d3W<\/span><\/span><\/a>\r\n\r\n[\/et_pb_blurb][\/et_pb_column][et_pb_column type=&#8221;1_2&#8243; _builder_version=&#8221;4.19.2&#8243; _module_preset=&#8221;default&#8221; global_colors_info=&#8221;{}&#8221;][et_pb_blurb title=&#8221;Czy nasza oferta Ci\u0119 zainteresowa\u0142a?&#8221; image=&#8221;https:\/\/www.secowarwick.com\/wp-content\/uploads\/2024\/05\/ikona-benefity-web.png&#8221; alt=&#8221;FURNACE\/PLUS KONTAKT&#8221; _builder_version=&#8221;4.23.1&#8243; _module_preset=&#8221;default&#8221; header_font=&#8221;|600||on|||||&#8221; header_text_align=&#8221;center&#8221; header_text_color=&#8221;#FFFFFF&#8221; body_text_color=&#8221;#FFFFFF&#8221; body_line_height=&#8221;1.5em&#8221; text_orientation=&#8221;center&#8221; animation=&#8221;off&#8221; hover_enabled=&#8221;0&#8243; custom_css_blurb_image=&#8221;max-width: 100px;||margin-left: auto;||margin-right: auto;||margin-top: 15px;&#8221; global_colors_info=&#8221;{}&#8221; sticky_enabled=&#8221;0&#8243;]<\/p>\n<p>Skontaktuj si\u0119, aby dowiedzie\u0107 si\u0119 wi\u0119cej.<\/p>\n\r\n\t<a class=\"paoc-pro-popup-cust-159190 paoc-popup-click paoc-popup-simple_link  paoc-action-popup paoc-pro-popup-link\" href=\"javascript:void(0);\"><span class=\"furnacelus_link\"><span>ZAPYTANIE O OFERT\u0118<\/span><\/span><\/a>\r\n\r\n\n<p>[\/et_pb_blurb][\/et_pb_column][\/et_pb_row][\/et_pb_section]<\/p>\n","protected":false},"excerpt":{"rendered":"<p>Kliknij, aby uzyska\u0107 wsparcie. \r\n\t<a class=\"paoc-pro-popup-cust-159187 paoc-popup-click paoc-popup-simple_link  paoc-action-popup paoc-pro-popup-link\" href=\"javascript:void(0);\"><span class=\"furnacelus_link\"><span>WSPARCIE DLA U\u017bYTKOWNIK\u00d3W<\/span><\/span><\/a>\r\n\r\nSkontaktuj si\u0119, aby dowiedzie\u0107 si\u0119 wi\u0119cej. \r\n\t<a class=\"paoc-pro-popup-cust-159190 paoc-popup-click paoc-popup-simple_link  paoc-action-popup paoc-pro-popup-link\" href=\"javascript:void(0);\"><span class=\"furnacelus_link\"><span>ZAPYTANIE O OFERT\u0118<\/span><\/span><\/a>\r\n\r\n<\/p>\n","protected":false},"author":2,"featured_media":0,"parent":124591,"menu_order":0,"comment_status":"closed","ping_status":"closed","template":"","meta":{"_acf_changed":false,"_et_pb_use_builder":"on","_et_pb_old_content":"","_et_gb_content_width":"","footnotes":""},"class_list":["post-159152","page","type-page","status-publish"],"acf":[],"_links":{"self":[{"href":"https:\/\/www.secowarwick.com\/pl\/wp-json\/wp\/v2\/pages\/159152","targetHints":{"allow":["GET"]}}],"collection":[{"href":"https:\/\/www.secowarwick.com\/pl\/wp-json\/wp\/v2\/pages"}],"about":[{"href":"https:\/\/www.secowarwick.com\/pl\/wp-json\/wp\/v2\/types\/page"}],"author":[{"embeddable":true,"href":"https:\/\/www.secowarwick.com\/pl\/wp-json\/wp\/v2\/users\/2"}],"replies":[{"embeddable":true,"href":"https:\/\/www.secowarwick.com\/pl\/wp-json\/wp\/v2\/comments?post=159152"}],"version-history":[{"count":17,"href":"https:\/\/www.secowarwick.com\/pl\/wp-json\/wp\/v2\/pages\/159152\/revisions"}],"predecessor-version":[{"id":159457,"href":"https:\/\/www.secowarwick.com\/pl\/wp-json\/wp\/v2\/pages\/159152\/revisions\/159457"}],"up":[{"embeddable":true,"href":"https:\/\/www.secowarwick.com\/pl\/wp-json\/wp\/v2\/pages\/124591"}],"wp:attachment":[{"href":"https:\/\/www.secowarwick.com\/pl\/wp-json\/wp\/v2\/media?parent=159152"}],"curies":[{"name":"wp","href":"https:\/\/api.w.org\/{rel}","templated":true}]}}