{"id":160835,"date":"2024-03-05T14:35:07","date_gmt":"2024-03-05T13:35:07","guid":{"rendered":"https:\/\/www.secowarwick.com\/piec-przemyslowy-z-drugiej-reki\/vertical-vacuum-furnace-vvpt\/"},"modified":"2024-06-17T13:12:52","modified_gmt":"2024-06-17T11:12:52","slug":"pionowy-piec-prozniowy","status":"publish","type":"page","link":"https:\/\/www.secowarwick.com\/pl\/piec-przemyslowy-z-drugiej-reki\/pionowy-piec-prozniowy\/","title":{"rendered":"Pionowy piec pr\u00f3\u017cniowy"},"content":{"rendered":"<p>[et_pb_section fb_built=&#8221;1&#8243; admin_label=&#8221;section&#8221; _builder_version=&#8221;4.16&#8243; custom_padding=&#8221;0px|||&#8221; transparent_background=&#8221;off&#8221; make_fullwidth=&#8221;off&#8221; use_custom_width=&#8221;off&#8221; width_unit=&#8221;on&#8221; global_colors_info=&#8221;{}&#8221;][et_pb_row _builder_version=&#8221;4.16&#8243; _module_preset=&#8221;default&#8221; global_colors_info=&#8221;{}&#8221;][et_pb_column type=&#8221;4_4&#8243; _builder_version=&#8221;4.16&#8243; _module_preset=&#8221;default&#8221; global_colors_info=&#8221;{}&#8221;][et_pb_breadcrumbs _builder_version=&#8221;4.10.3&#8243; _module_preset=&#8221;default&#8221; global_colors_info=&#8221;{}&#8221;][\/et_pb_breadcrumbs][\/et_pb_column][\/et_pb_row][et_pb_row admin_label=&#8221;row&#8221; _builder_version=&#8221;4.16&#8243; background_size=&#8221;initial&#8221; background_position=&#8221;top_left&#8221; background_repeat=&#8221;repeat&#8221; custom_padding=&#8221;0px|||&#8221; make_fullwidth=&#8221;off&#8221; use_custom_width=&#8221;off&#8221; width_unit=&#8221;on&#8221; global_colors_info=&#8221;{}&#8221;][et_pb_column type=&#8221;4_4&#8243; _builder_version=&#8221;4.16&#8243; custom_padding=&#8221;|||&#8221; global_colors_info=&#8221;{}&#8221; custom_padding__hover=&#8221;|||&#8221;][et_pb_divider show_divider=&#8221;off&#8221; _builder_version=&#8221;4.16&#8243; _module_preset=&#8221;default&#8221; global_colors_info=&#8221;{}&#8221;][\/et_pb_divider][et_pb_text module_class=&#8221;red-square-list-parent podtytuly&#8221; _builder_version=&#8221;4.23.1&#8243; background_size=&#8221;initial&#8221; background_position=&#8221;top_left&#8221; background_repeat=&#8221;repeat&#8221; hover_enabled=&#8221;0&#8243; use_border_color=&#8221;off&#8221; global_colors_info=&#8221;{}&#8221; sticky_enabled=&#8221;0&#8243;]<\/p>\n<h1>PIONOWY PIEC PR\u00d3\u017bNIOWY<\/h1>\n<h2><strong><br \/><\/strong>CI\u015aNIENIE CH\u0141ODZENIA 12 BAR TYP 12,0 VVPT-EH-32\/48N<\/h2>\n<p>&nbsp;<\/p>\n<p>Piec pr\u00f3\u017cniowy typu 12.0 VVPT-EH-32\/48N przeznaczony jest do pr\u00f3\u017cniowej obr\u00f3bki cieplnej naprawianych kom\u00f3r spalania turbin gazowych, element\u00f3w przek\u0142adni, obud\u00f3w, dysz i innych cz\u0119\u015bci ze stop\u00f3w wysokotemperaturowych zgodnie z wymaganiami klienta:<\/p>\n<p><span style=\"color: #dc291e;\"><strong>\/<\/strong><\/span> hartowanie,<br \/><span style=\"color: #dc291e;\"><strong>\/<\/strong><\/span> odpuszczanie,<br \/><span style=\"color: #dc291e;\"><strong>\/<\/strong><\/span> wy\u017carzanie,<br \/><span style=\"color: #dc291e;\"><strong>\/<\/strong><\/span> lutowanie pr\u00f3\u017cniowe,<br \/><span style=\"color: #dc291e;\"><strong>\/<\/strong><\/span> LPC.<\/p>\n<h2>Informacje og\u00f3lne:<\/h2>\n<p><span style=\"color: #dc291e;\"><strong>\/<\/strong><\/span> Producent: SECO\/WARWICK,<br \/><span style=\"color: #dc291e;\"><strong>\/<\/strong><\/span> Rok produkcji: 2004,<br \/><span style=\"color: #dc291e;\"><strong>\/<\/strong><\/span> Lokalizacja: Po\u0142udniowe W\u0142ochy,<br \/><span style=\"color: #dc291e;\"><strong>\/<\/strong><\/span> Piec jest sprawny: mo\u017cliwo\u015b\u0107 przetestowania na miejscu,<br \/><span style=\"color: #dc291e;\"><strong>\/<\/strong><\/span> Oferujemy ocen\u0119 techniczn\u0105 pieca, relokacj\u0119 i monta\u017c w miejscu docelowym na terenie UE.<\/p>\n<p>&nbsp;<\/p>\n<p>[\/et_pb_text][\/et_pb_column][\/et_pb_row][\/et_pb_section][et_pb_section fb_built=&#8221;1&#8243; admin_label=&#8221;section&#8221; _builder_version=&#8221;4.19.2&#8243; background_color=&#8221;#f8f8f8&#8243; custom_margin=&#8221;-20px||||false|false&#8221; custom_padding=&#8221;0px||||false|false&#8221; transparent_background=&#8221;off&#8221; make_fullwidth=&#8221;off&#8221; use_custom_width=&#8221;off&#8221; width_unit=&#8221;on&#8221; global_colors_info=&#8221;{}&#8221;][et_pb_row column_structure=&#8221;1_2,1_2&#8243; admin_label=&#8221;row&#8221; _builder_version=&#8221;4.19.2&#8243; background_size=&#8221;initial&#8221; background_position=&#8221;top_left&#8221; background_repeat=&#8221;repeat&#8221; custom_margin=&#8221;-20px||||false|false&#8221; global_colors_info=&#8221;{}&#8221;][et_pb_column type=&#8221;1_2&#8243; _builder_version=&#8221;4.16&#8243; custom_padding=&#8221;|||&#8221; global_colors_info=&#8221;{}&#8221; custom_padding__hover=&#8221;|||&#8221;][et_pb_text _builder_version=&#8221;4.19.2&#8243; _module_preset=&#8221;default&#8221; text_font_size=&#8221;16px&#8221; global_colors_info=&#8221;{}&#8221;]<\/p>\n<p>&nbsp;<\/p>\n<p>&nbsp;<\/p>\n<p>[\/et_pb_text][et_pb_image src=&#8221;https:\/\/www.secowarwick.com\/wp-content\/uploads\/2024\/03\/Vertical-Vacuum-Furnace-VVPT-EH.jpg&#8221; alt=&#8221;Vertical Vacuum Furnace COOLING PRESSURE 12 BAR&#8221; title_text=&#8221;Vertical Vacuum Furnace VVPT-EH&#8221; align_tablet=&#8221;center&#8221; align_phone=&#8221;&#8221; align_last_edited=&#8221;on|desktop&#8221; _builder_version=&#8221;4.23.1&#8243; global_colors_info=&#8221;{}&#8221;][\/et_pb_image][et_pb_image src=&#8221;https:\/\/www.secowarwick.com\/wp-content\/uploads\/2024\/03\/vvpt.jpg&#8221; alt=&#8221;Vertical Vacuum Furnace COOLING PRESSURE 12 BAR&#8221; title_text=&#8221;vvpt&#8221; align_tablet=&#8221;center&#8221; align_phone=&#8221;&#8221; align_last_edited=&#8221;on|desktop&#8221; _builder_version=&#8221;4.23.1&#8243; global_colors_info=&#8221;{}&#8221;][\/et_pb_image][et_pb_image src=&#8221;https:\/\/www.secowarwick.com\/wp-content\/uploads\/2024\/03\/vvpt-eh.jpg&#8221; alt=&#8221;Vertical Vacuum Furnace COOLING PRESSURE 12 BAR&#8221; title_text=&#8221;vvpt-eh&#8221; align_tablet=&#8221;center&#8221; align_phone=&#8221;&#8221; align_last_edited=&#8221;on|desktop&#8221; _builder_version=&#8221;4.23.1&#8243; global_colors_info=&#8221;{}&#8221;][\/et_pb_image][\/et_pb_column][et_pb_column type=&#8221;1_2&#8243; _builder_version=&#8221;4.16&#8243; custom_padding=&#8221;|||&#8221; global_colors_info=&#8221;{}&#8221; custom_padding__hover=&#8221;|||&#8221;][et_pb_text admin_label=&#8221;apostrof&#8221; module_class=&#8221;przecinek-tlo-nizej&#8221; _builder_version=&#8221;4.23.1&#8243; custom_margin=&#8221;||||false|false&#8221; custom_margin_tablet=&#8221;&#8221; custom_margin_phone=&#8221;&#8221; custom_margin_last_edited=&#8221;on|desktop&#8221; hover_enabled=&#8221;0&#8243; saved_tabs=&#8221;all&#8221; global_colors_info=&#8221;{}&#8221; sticky_enabled=&#8221;0&#8243;]<\/p>\n<h2>Dane techniczne<\/h2>\n<p>[\/et_pb_text][et_pb_text _builder_version=&#8221;4.23.1&#8243; _module_preset=&#8221;default&#8221; hover_enabled=&#8221;0&#8243; global_colors_info=&#8221;{}&#8221; sticky_enabled=&#8221;0&#8243;]<\/p>\n<table style=\"width: 100%;\" width=\"100%\">\n<tbody>\n<tr>\n<td colspan=\"2\" width=\"570\"><strong>Podstawowe dane<\/strong><\/td>\n<\/tr>\n<tr>\n<td width=\"391\">Wymiary u\u017cyteczne (\u00c6 x H)<\/td>\n<td width=\"180\">800 x 1200 mm<\/td>\n<\/tr>\n<tr>\n<td width=\"391\">Maksymalne obci\u0105\u017cenie trzonu<\/td>\n<td width=\"180\">800kg<\/td>\n<\/tr>\n<tr>\n<td width=\"391\"><strong>Temperatura<\/strong><\/td>\n<td width=\"180\">\u00a0<\/td>\n<\/tr>\n<tr>\n<td width=\"391\">Maksymalna temperatura<\/td>\n<td width=\"180\">1350\u00b0C<\/td>\n<\/tr>\n<tr>\n<td width=\"391\">* temperatura pracy \u2013 grzanie pr\u00f3\u017cniowe<\/td>\n<td width=\"180\">600 \u2013 1320\u00b0C<\/td>\n<\/tr>\n<tr>\n<td width=\"391\">* temperatura pracy \u2013 grzanie konwekcyjne<\/td>\n<td width=\"180\">150 \u2013 750\u00b0C<\/td>\n<\/tr>\n<tr>\n<td width=\"391\">R\u00f3wnomierno\u015b\u0107 temperatury (pusty piec po wyr\u00f3wnaniu)<\/td>\n<td width=\"180\">\u00b1 5\u00b0C<\/td>\n<\/tr>\n<tr>\n<td width=\"391\"><strong>Ch\u0142odzenie<\/strong><\/td>\n<td width=\"180\">\u00a0<\/td>\n<\/tr>\n<tr>\n<td width=\"391\">Maksymalne ci\u015bnienie gazu ch\u0142odz\u0105cego<\/td>\n<td width=\"180\">12 bar abs.<\/td>\n<\/tr>\n<tr>\n<td width=\"391\">Maksymalne ci\u015bnienie gazu podczas grzania konwekcyjnego<\/td>\n<td width=\"180\">maks. 4 bar abs.<\/td>\n<\/tr>\n<tr>\n<td width=\"391\"><strong>Pr\u00f3\u017cnia<\/strong><\/td>\n<td width=\"180\">\u00a0<\/td>\n<\/tr>\n<tr>\n<td width=\"391\">Ostateczna pr\u00f3\u017cnia (czysty, zimny i pusty piec)<\/td>\n<td width=\"180\">&lt; 5 x 10-2 tor<\/td>\n<\/tr>\n<tr>\n<td width=\"391\">Maksymalna szybko\u015b\u0107 nacieku (czysty, zimny i pusty piec)<\/td>\n<td width=\"180\">1 x 10-3 mbar x l\/s<\/td>\n<\/tr>\n<tr>\n<td width=\"391\">Waga ca\u0142kowita<\/td>\n<td width=\"180\">ok. 12000 kg<\/td>\n<\/tr>\n<tr>\n<td width=\"391\"><strong>Komora pr\u00f3\u017cniowa<\/strong><\/td>\n<td width=\"180\">\u00a0<\/td>\n<\/tr>\n<tr>\n<td width=\"391\">Materia\u0142<\/td>\n<td width=\"180\">Stal mi\u0119kka<\/td>\n<\/tr>\n<tr>\n<td width=\"391\">Pojemno\u015b\u0107<\/td>\n<td width=\"180\">6,5m<sup>3<\/sup><\/td>\n<\/tr>\n<tr>\n<td width=\"391\">Zamkniecie pokrywy<\/td>\n<td width=\"180\">trzeci ko\u0142nierz mocuj\u0105cy<\/td>\n<\/tr>\n<tr>\n<td width=\"391\"><strong>Strefa grzejna<\/strong><\/td>\n<td width=\"180\">\u00a0<\/td>\n<\/tr>\n<tr>\n<td width=\"391\">Materia\u0142y:<\/td>\n<td width=\"180\">\u00a0<\/td>\n<\/tr>\n<tr>\n<td width=\"391\">* struktura<\/td>\n<td width=\"180\">stal mi\u0119kka<\/td>\n<\/tr>\n<tr>\n<td width=\"391\">* izolacja cieplna<\/td>\n<td width=\"180\">p\u0142yty z twardego filcu grafitowego i pianka grafitowa<\/td>\n<\/tr>\n<tr>\n<td width=\"391\">* elementy grzejne<\/td>\n<td width=\"180\">grafit<\/td>\n<\/tr>\n<tr>\n<td width=\"391\">Moc grzejna<\/td>\n<td width=\"180\">180kW (3 x 60\u00a0 kW)<\/td>\n<\/tr>\n<tr>\n<td width=\"391\">Strefy grzejne<\/td>\n<td width=\"180\">trzy: po jednej na bocznych \u015bcianach pieca<\/td>\n<\/tr>\n<tr>\n<td width=\"391\">Roz\u0142o\u017cenie element\u00f3w grzejnych<\/td>\n<td width=\"180\">dooko\u0142a wsadu<\/td>\n<\/tr>\n<tr>\n<td width=\"391\">Rodzaj element\u00f3w grzejnych<\/td>\n<td width=\"180\">niskonapi\u0119ciowe ta\u015bmy i rury grzejne<\/td>\n<\/tr>\n<tr>\n<td width=\"391\">Wentylator grzania konwekcyjnego<\/td>\n<td width=\"180\">2 kW; 1500 obr.\/min<\/td>\n<\/tr>\n<tr>\n<td width=\"391\">System ch\u0142odzenia gazowego<\/td>\n<td width=\"180\">\u00a0<\/td>\n<\/tr>\n<tr>\n<td width=\"391\">Dop\u0142yw gazu<\/td>\n<td width=\"180\">system dysz \u2013 wok\u00f3\u0142 wsadu\u00a0i od do\u0142u pieca<\/td>\n<\/tr>\n<tr>\n<td width=\"391\">Wyp\u0142yw gor\u0105cego gazu<\/td>\n<td width=\"180\">luk g\u00f3rny<\/td>\n<\/tr>\n<tr>\n<td width=\"391\">Dmuchawa gazowa:<\/td>\n<td width=\"180\">\u00a0<\/td>\n<\/tr>\n<tr>\n<td width=\"391\">* silnik<\/td>\n<td width=\"180\">3000\/1500 obr\/min; 110\/37 kW\u00a0 S2=200 kW<\/td>\n<\/tr>\n<tr>\n<td width=\"391\">System pompowy<\/td>\n<td width=\"180\">\u00a0<\/td>\n<\/tr>\n<tr>\n<td width=\"391\">Obrotowa pompa t\u0142okowa<\/td>\n<td width=\"180\">600 m3\/h (340 cfm) * typ<\/td>\n<\/tr>\n<tr>\n<td width=\"391\">* moc silnika<\/td>\n<td width=\"180\">5,5 kW<\/td>\n<\/tr>\n<tr>\n<td width=\"391\">\u00a0<\/td>\n<td width=\"180\">\u00a0<\/td>\n<\/tr>\n<tr>\n<td width=\"391\">Pompa Rootsa<\/td>\n<td width=\"180\">2000 m<sup>3<\/sup>\/h<\/td>\n<\/tr>\n<tr>\n<td width=\"391\">* typ<\/td>\n<td width=\"180\">WCV1200 KAESR<\/td>\n<\/tr>\n<tr>\n<td width=\"391\">* moc silnika<\/td>\n<td width=\"180\">4 kW<\/td>\n<\/tr>\n<tr>\n<td width=\"391\">Zaw\u00f3r pr\u00f3\u017cniowy<\/td>\n<td width=\"180\">KWW DN100<\/td>\n<\/tr>\n<tr>\n<td width=\"391\">\u00a0<\/td>\n<td width=\"180\">\u00a0<\/td>\n<\/tr>\n<tr>\n<td width=\"391\"><strong>Oprzyrz\u0105dowanie<\/strong><\/td>\n<td width=\"180\">\u00a0<\/td>\n<\/tr>\n<tr>\n<td width=\"391\">Sterowanie moc\u0105 element\u00f3w grzejnych<\/td>\n<td width=\"180\">Ci\u0105g\u0142e<\/td>\n<\/tr>\n<tr>\n<td width=\"391\">Termopary<\/td>\n<td width=\"180\">Typ S (1 kontrolna + 1 zabezpieczaj\u0105ca)<\/td>\n<\/tr>\n<tr>\n<td width=\"391\">\u00a0<\/td>\n<td width=\"180\">Typ K (2 ch\u0142odzenie izotermiczne)<\/td>\n<\/tr>\n<tr>\n<td width=\"391\">Programowalny sterownik logiczny<\/td>\n<td width=\"180\">Siemens S7-315<\/td>\n<\/tr>\n<tr>\n<td width=\"391\">Panel operatorski<\/td>\n<td width=\"180\">Siemens 477D<\/td>\n<\/tr>\n<tr>\n<td width=\"391\">Sterownik\/programator temperatury<\/td>\n<td width=\"180\">w PLC<\/td>\n<\/tr>\n<tr>\n<td width=\"391\">\u00a0<\/td>\n<td width=\"180\">\u00a0<\/td>\n<\/tr>\n<tr>\n<td width=\"391\">Kontroler przegrzania<\/td>\n<td width=\"180\">UDC 100L Honeywell<\/td>\n<\/tr>\n<tr>\n<td width=\"391\">G\u0142owica pr\u00f3\u017cniowa<\/td>\n<td width=\"180\">TTR 216S Leybold-Vacuum<\/td>\n<\/tr>\n<tr>\n<td width=\"391\">* zakres pomiarowy<\/td>\n<td width=\"180\">1 x 10-3 \u2013 1 x 103 mbar<\/td>\n<\/tr>\n<tr>\n<td width=\"391\">Zakres regulacji ci\u015bnienia cz\u0105stkowego<\/td>\n<td width=\"180\">10-2 do 1 mbar<\/td>\n<\/tr>\n<\/tbody>\n<\/table>\n<p>&nbsp;<\/p>\n<p>[\/et_pb_text][\/et_pb_column][\/et_pb_row][\/et_pb_section]<\/p>\n","protected":false},"excerpt":{"rendered":"<p>[et_pb_breadcrumbs _builder_version=&#8221;4.10.3&#8243; _module_preset=&#8221;default&#8221; global_colors_info=&#8221;{}&#8221;][\/et_pb_breadcrumbs]PIONOWY PIEC PR\u00d3\u017bNIOWY CI\u015aNIENIE CH\u0141ODZENIA 12 BAR TYP 12,0 VVPT-EH-32\/48N &nbsp; Piec pr\u00f3\u017cniowy typu 12.0 VVPT-EH-32\/48N przeznaczony jest do pr\u00f3\u017cniowej obr\u00f3bki cieplnej naprawianych kom\u00f3r spalania turbin gazowych, element\u00f3w przek\u0142adni, obud\u00f3w, dysz i innych cz\u0119\u015bci ze stop\u00f3w wysokotemperaturowych zgodnie z wymaganiami klienta: \/ hartowanie,\/ odpuszczanie,\/ wy\u017carzanie,\/ lutowanie pr\u00f3\u017cniowe,\/ LPC. Informacje og\u00f3lne: \/ Producent: [&hellip;]<\/p>\n","protected":false},"author":2,"featured_media":0,"parent":138631,"menu_order":0,"comment_status":"closed","ping_status":"closed","template":"","meta":{"_acf_changed":false,"_et_pb_use_builder":"on","_et_pb_old_content":"","_et_gb_content_width":"","footnotes":""},"class_list":["post-160835","page","type-page","status-publish"],"acf":[],"_links":{"self":[{"href":"https:\/\/www.secowarwick.com\/pl\/wp-json\/wp\/v2\/pages\/160835","targetHints":{"allow":["GET"]}}],"collection":[{"href":"https:\/\/www.secowarwick.com\/pl\/wp-json\/wp\/v2\/pages"}],"about":[{"href":"https:\/\/www.secowarwick.com\/pl\/wp-json\/wp\/v2\/types\/page"}],"author":[{"embeddable":true,"href":"https:\/\/www.secowarwick.com\/pl\/wp-json\/wp\/v2\/users\/2"}],"replies":[{"embeddable":true,"href":"https:\/\/www.secowarwick.com\/pl\/wp-json\/wp\/v2\/comments?post=160835"}],"version-history":[{"count":3,"href":"https:\/\/www.secowarwick.com\/pl\/wp-json\/wp\/v2\/pages\/160835\/revisions"}],"predecessor-version":[{"id":160842,"href":"https:\/\/www.secowarwick.com\/pl\/wp-json\/wp\/v2\/pages\/160835\/revisions\/160842"}],"up":[{"embeddable":true,"href":"https:\/\/www.secowarwick.com\/pl\/wp-json\/wp\/v2\/pages\/138631"}],"wp:attachment":[{"href":"https:\/\/www.secowarwick.com\/pl\/wp-json\/wp\/v2\/media?parent=160835"}],"curies":[{"name":"wp","href":"https:\/\/api.w.org\/{rel}","templated":true}]}}