{"id":160855,"date":"2024-03-18T13:19:38","date_gmt":"2024-03-18T12:19:38","guid":{"rendered":"https:\/\/www.secowarwick.com\/piec-przemyslowy-z-drugiej-reki\/horizontal-tempering-furnace\/"},"modified":"2024-07-02T10:39:33","modified_gmt":"2024-07-02T08:39:33","slug":"poziomy-piec-do-odpuszczania","status":"publish","type":"page","link":"https:\/\/www.secowarwick.com\/pl\/piec-przemyslowy-z-drugiej-reki\/poziomy-piec-do-odpuszczania\/","title":{"rendered":"Poziomy piec do odpuszczania"},"content":{"rendered":"<p>[et_pb_section fb_built=&#8221;1&#8243; admin_label=&#8221;section&#8221; _builder_version=&#8221;4.16&#8243; custom_padding=&#8221;0px|||&#8221; transparent_background=&#8221;off&#8221; make_fullwidth=&#8221;off&#8221; use_custom_width=&#8221;off&#8221; width_unit=&#8221;on&#8221; global_colors_info=&#8221;{}&#8221;][et_pb_row _builder_version=&#8221;4.16&#8243; _module_preset=&#8221;default&#8221; global_colors_info=&#8221;{}&#8221;][et_pb_column type=&#8221;4_4&#8243; _builder_version=&#8221;4.16&#8243; _module_preset=&#8221;default&#8221; global_colors_info=&#8221;{}&#8221;][et_pb_breadcrumbs _builder_version=&#8221;4.10.3&#8243; _module_preset=&#8221;default&#8221; global_colors_info=&#8221;{}&#8221;][\/et_pb_breadcrumbs][\/et_pb_column][\/et_pb_row][et_pb_row admin_label=&#8221;row&#8221; _builder_version=&#8221;4.16&#8243; background_size=&#8221;initial&#8221; background_position=&#8221;top_left&#8221; background_repeat=&#8221;repeat&#8221; custom_padding=&#8221;0px|||&#8221; make_fullwidth=&#8221;off&#8221; use_custom_width=&#8221;off&#8221; width_unit=&#8221;on&#8221; global_colors_info=&#8221;{}&#8221;][et_pb_column type=&#8221;4_4&#8243; _builder_version=&#8221;4.16&#8243; custom_padding=&#8221;|||&#8221; global_colors_info=&#8221;{}&#8221; custom_padding__hover=&#8221;|||&#8221;][et_pb_divider show_divider=&#8221;off&#8221; _builder_version=&#8221;4.16&#8243; _module_preset=&#8221;default&#8221; global_colors_info=&#8221;{}&#8221;][\/et_pb_divider][et_pb_text module_class=&#8221;red-square-list-parent&#8221; _builder_version=&#8221;4.23.1&#8243; background_size=&#8221;initial&#8221; background_position=&#8221;top_left&#8221; background_repeat=&#8221;repeat&#8221; use_border_color=&#8221;off&#8221; global_colors_info=&#8221;{}&#8221;]<\/p>\n<h1>POZIOMY PIEC DO ODPUSZCZANIA<\/h1>\n<h2><strong>\u00a0<\/strong><\/h2>\n<h2>TYP \u00a0VTR-5050\/48F<\/h2>\n<p>Poziomy piec retortowy do odpuszczania pr\u00f3\u017cniowego. System pompowy, zasilanie i systemy ch\u0142odzenia s\u0105 odpowiednio zaprojektowane, aby obs\u0142u\u017cy\u0107 szerokie spektrum zastosowa\u0144 w przemys\u0142owej obr\u00f3bce cieplnej obejmuj\u0105ce: odpuszczanie, odgazowywanie, wy\u017carzanie oraz przesycanie. Wentylator recyrkulacji gor\u0105cego gazu zapewnia szybki i r\u00f3wnomierny wzrost temperatury, usprawniaj\u0105c proces odpuszczania w ramach automatycznie sekwencjonowanego cyklu. Uk\u0142ad recyrkulacji gazu ch\u0142odz\u0105cego zawiera zewn\u0119trzn\u0105 dmuchaw\u0119, kt\u00f3ra poprawia zar\u00f3wno r\u00f3wnomierno\u015b\u0107, jak i tempo ch\u0142odzenia wsadu podczas hartowania.<\/p>\n<h2>Informacje og\u00f3lne:<\/h2>\n<p><span style=\"color: #dc291e;\"><strong>\/<\/strong><\/span> Producent: SECO\/WARWICK,<br \/><span style=\"color: #dc291e;\"><strong>\/<\/strong><\/span> Rok produkcji: 2005,<br \/><span style=\"color: #dc291e;\"><strong>\/<\/strong><\/span> Lokalizacja: Po\u0142udniowe W\u0142ochy,<br \/><span style=\"color: #dc291e;\"><strong>\/<\/strong><\/span> Piec jest sprawny: mo\u017cliwo\u015b\u0107 przetestowania na miejscu,<br \/><span style=\"color: #dc291e;\"><strong>\/<\/strong><\/span> Oferujemy ocen\u0119 techniczn\u0105 pieca, relokacj\u0119 i monta\u017c w miejscu docelowym na terenie UE.<\/p>\n<p>[\/et_pb_text][\/et_pb_column][\/et_pb_row][\/et_pb_section][et_pb_section fb_built=&#8221;1&#8243; admin_label=&#8221;section&#8221; _builder_version=&#8221;4.19.2&#8243; background_color=&#8221;#f8f8f8&#8243; custom_margin=&#8221;-20px||||false|false&#8221; custom_padding=&#8221;0px||||false|false&#8221; transparent_background=&#8221;off&#8221; make_fullwidth=&#8221;off&#8221; use_custom_width=&#8221;off&#8221; width_unit=&#8221;on&#8221; global_colors_info=&#8221;{}&#8221;][et_pb_row column_structure=&#8221;1_2,1_2&#8243; admin_label=&#8221;row&#8221; _builder_version=&#8221;4.19.2&#8243; background_size=&#8221;initial&#8221; background_position=&#8221;top_left&#8221; background_repeat=&#8221;repeat&#8221; custom_margin=&#8221;-20px||||false|false&#8221; global_colors_info=&#8221;{}&#8221;][et_pb_column type=&#8221;1_2&#8243; _builder_version=&#8221;4.16&#8243; custom_padding=&#8221;|||&#8221; global_colors_info=&#8221;{}&#8221; custom_padding__hover=&#8221;|||&#8221;][et_pb_text _builder_version=&#8221;4.19.2&#8243; _module_preset=&#8221;default&#8221; text_font_size=&#8221;16px&#8221; global_colors_info=&#8221;{}&#8221;]<\/p>\n<p>&nbsp;<\/p>\n<p>&nbsp;<\/p>\n<p>[\/et_pb_text][et_pb_image src=&#8221;https:\/\/www.secowarwick.com\/wp-content\/uploads\/2024\/03\/Horizontal-tempering-furnace.jpg&#8221; alt=&#8221;Second hand horizontal tempering furnace&#8221; title_text=&#8221;Horizontal tempering furnace&#8221; align_tablet=&#8221;center&#8221; align_phone=&#8221;&#8221; align_last_edited=&#8221;on|desktop&#8221; _builder_version=&#8221;4.23.1&#8243; global_colors_info=&#8221;{}&#8221;][\/et_pb_image][et_pb_image src=&#8221;https:\/\/www.secowarwick.com\/wp-content\/uploads\/2024\/03\/tempering-furnace.jpg&#8221; alt=&#8221;Second hand horizontal tempering furnace&#8221; title_text=&#8221;tempering furnace&#8221; align_tablet=&#8221;center&#8221; align_phone=&#8221;&#8221; align_last_edited=&#8221;on|desktop&#8221; _builder_version=&#8221;4.23.1&#8243; global_colors_info=&#8221;{}&#8221;][\/et_pb_image][\/et_pb_column][et_pb_column type=&#8221;1_2&#8243; _builder_version=&#8221;4.16&#8243; custom_padding=&#8221;|||&#8221; global_colors_info=&#8221;{}&#8221; custom_padding__hover=&#8221;|||&#8221;][et_pb_text admin_label=&#8221;apostrof&#8221; module_class=&#8221;przecinek-tlo-nizej&#8221; _builder_version=&#8221;4.23.1&#8243; custom_margin=&#8221;||||false|false&#8221; custom_margin_tablet=&#8221;&#8221; custom_margin_phone=&#8221;&#8221; custom_margin_last_edited=&#8221;on|desktop&#8221; saved_tabs=&#8221;all&#8221; global_colors_info=&#8221;{}&#8221;]<\/p>\n<h2>Dane techniczne<\/h2>\n<p>[\/et_pb_text][et_pb_text _builder_version=&#8221;4.23.1&#8243; _module_preset=&#8221;default&#8221; hover_enabled=&#8221;0&#8243; global_colors_info=&#8221;{}&#8221; sticky_enabled=&#8221;0&#8243;]<\/p>\n<table style=\"width: 100%;\" width=\"100%\">\n<tbody>\n<tr>\n<td colspan=\"2\" width=\"570\"><strong>Podstawowe dane<\/strong><\/td>\n<\/tr>\n<tr>\n<td width=\"391\">Wymiary u\u017cyteczne (W x H x L)<\/td>\n<td width=\"180\">900 x 800 x 1200 mm<\/td>\n<\/tr>\n<tr>\n<td width=\"391\">Maksymalne obci\u0105\u017cenie trzonu<\/td>\n<td width=\"180\">1200kg<\/td>\n<\/tr>\n<tr>\n<td width=\"391\"><strong>Temperatura<\/strong><\/td>\n<td width=\"180\">\u00a0<\/td>\n<\/tr>\n<tr>\n<td width=\"391\">Maksymalna temperatura<\/td>\n<td width=\"180\">750\u00b0C<\/td>\n<\/tr>\n<tr>\n<td width=\"391\">R\u00f3wnomierno\u015b\u0107 temperatury (pusty piec po wyr\u00f3wnaniu)<\/td>\n<td width=\"180\">\u00b1 5\u00b0C<\/td>\n<\/tr>\n<tr>\n<td width=\"391\">Maksymalne ci\u015bnienie pracy<\/td>\n<td width=\"180\">1o50 mbar<\/td>\n<\/tr>\n<tr>\n<td width=\"391\">P\u0142ukanie pr\u00f3\u017cniowe<\/td>\n<td width=\"180\">zakres 10-2 mbar<\/td>\n<\/tr>\n<tr>\n<td width=\"391\">Maksymalna szybko\u015b\u0107 nacieku (czysty, zimny i pusty piec)<\/td>\n<td width=\"180\">1 x 10-3 mbar x l\/s<\/td>\n<\/tr>\n<tr>\n<td width=\"391\">Waga ca\u0142kowita<\/td>\n<td width=\"180\">ok. 7000 kg<\/td>\n<\/tr>\n<tr>\n<td width=\"391\"><strong>Komora pr\u00f3\u017cniowa<\/strong><\/td>\n<td width=\"180\">\u00a0<\/td>\n<\/tr>\n<tr>\n<td width=\"391\">Materia\u0142y:<\/td>\n<td width=\"180\">\u00a0<\/td>\n<\/tr>\n<tr>\n<td width=\"391\">* struktura<\/td>\n<td width=\"180\">stal mi\u0119kka<\/td>\n<\/tr>\n<tr>\n<td width=\"391\">* izolacja cieplna<\/td>\n<td width=\"180\">koce izolacyjne z w\u0142\u00f3kna ceramicznego<\/td>\n<\/tr>\n<tr>\n<td width=\"391\">* elementy grzejne<\/td>\n<td width=\"180\">Kanthal A1<\/td>\n<\/tr>\n<tr>\n<td width=\"391\">Moc grzejna<\/td>\n<td width=\"180\">160 kW<\/td>\n<\/tr>\n<tr>\n<td width=\"391\">Strefy grzejne<\/td>\n<td width=\"180\">jedna<\/td>\n<\/tr>\n<tr>\n<td width=\"391\">Roz\u0142o\u017cenie element\u00f3w grzejnych<\/td>\n<td width=\"180\">dooko\u0142a wsadu<\/td>\n<\/tr>\n<tr>\n<td width=\"391\">Rodzaj element\u00f3w grzejnych<\/td>\n<td width=\"180\">cewki grzejne<\/td>\n<\/tr>\n<tr>\n<td width=\"391\">Zamkni\u0119cie drzwi<\/td>\n<td width=\"180\">trzeci ko\u0142nierz mocuj\u0105cy sterowany si\u0142ownikiem liniowym<\/td>\n<\/tr>\n<tr>\n<td width=\"391\"><strong>Retorta<\/strong><\/td>\n<td width=\"180\">\u00a0<\/td>\n<\/tr>\n<tr>\n<td width=\"391\">Materia\u0142<\/td>\n<td width=\"180\">1,4864<\/td>\n<\/tr>\n<tr>\n<td width=\"391\">Pojemno\u015b\u0107 retorty<\/td>\n<td width=\"180\">4,0m<sup>3<\/sup><\/td>\n<\/tr>\n<tr>\n<td width=\"391\"><strong>System pompowy<\/strong><\/td>\n<td width=\"180\">\u00a0<\/td>\n<\/tr>\n<tr>\n<td width=\"391\">Obrotowa pompa t\u0142okowa<\/td>\n<td width=\"180\">290 m3\/h<\/td>\n<\/tr>\n<tr>\n<td width=\"391\">* moc silnika<\/td>\n<td width=\"180\">5,5 kW<\/td>\n<\/tr>\n<tr>\n<td width=\"391\">* typ<\/td>\n<td width=\"180\">SV 300 Leybold<\/td>\n<\/tr>\n<tr>\n<td width=\"391\">Pompa Rootsa<\/td>\n<td width=\"180\">310 m<sup>3<\/sup>\/h<\/td>\n<\/tr>\n<tr>\n<td width=\"391\">* typ<\/td>\n<td width=\"180\">VWC KAESR<\/td>\n<\/tr>\n<tr>\n<td width=\"391\">* moc silnika<\/td>\n<td width=\"180\">1,5 kW<\/td>\n<\/tr>\n<tr>\n<td width=\"391\">\u00a0<\/td>\n<td width=\"180\">\u00a0<\/td>\n<\/tr>\n<tr>\n<td width=\"391\">System ch\u0142odzenia Turbo<\/td>\n<td width=\"180\">Typ DP-1<\/td>\n<\/tr>\n<tr>\n<td width=\"391\">Moc silnika dmuchawy<\/td>\n<td width=\"180\">15 kW<\/td>\n<\/tr>\n<tr>\n<td width=\"391\"><strong>Oprzyrz\u0105dowanie<\/strong><\/td>\n<td width=\"180\">\u00a0<\/td>\n<\/tr>\n<tr>\n<td width=\"391\">Termopary<\/td>\n<td width=\"180\">Typ K<\/td>\n<\/tr>\n<tr>\n<td width=\"391\">Przetwornik ci\u015bnienia<\/td>\n<td width=\"180\">Endress &amp; Hauser<\/td>\n<\/tr>\n<tr>\n<td width=\"391\">Sterownik\/programator temperatury<\/td>\n<td width=\"180\">wbudowany PLC<\/td>\n<\/tr>\n<tr>\n<td width=\"391\">Kontroler przegrzania<\/td>\n<td width=\"180\">UDC 100L Honeywell<\/td>\n<\/tr>\n<tr>\n<td width=\"391\">G\u0142owica pr\u00f3\u017cniowa<\/td>\n<td width=\"180\">TTR \u2013 211S Leybold-Vacuum<\/td>\n<\/tr>\n<tr>\n<td width=\"391\">* zakres pomiarowy<\/td>\n<td width=\"180\">1 x 10<sup>-3<\/sup>\u00a0 do 10<sup>3<\/sup>\u00a0mbar<\/td>\n<\/tr>\n<tr>\n<td width=\"391\">Programowalny sterownik logiczny (PLC) \/ Interfejs operatora\u00a0<\/td>\n<td width=\"180\">IPC B&amp;R, PPC900<\/td>\n<\/tr>\n<\/tbody>\n<\/table>\n<p>&nbsp;<\/p>\n<p>[\/et_pb_text][\/et_pb_column][\/et_pb_row][\/et_pb_section]<\/p>\n","protected":false},"excerpt":{"rendered":"<p>[et_pb_breadcrumbs _builder_version=&#8221;4.10.3&#8243; _module_preset=&#8221;default&#8221; global_colors_info=&#8221;{}&#8221;][\/et_pb_breadcrumbs]POZIOMY PIEC DO ODPUSZCZANIA \u00a0 TYP \u00a0VTR-5050\/48F Poziomy piec retortowy do odpuszczania pr\u00f3\u017cniowego. System pompowy, zasilanie i systemy ch\u0142odzenia s\u0105 odpowiednio zaprojektowane, aby obs\u0142u\u017cy\u0107 szerokie spektrum zastosowa\u0144 w przemys\u0142owej obr\u00f3bce cieplnej obejmuj\u0105ce: odpuszczanie, odgazowywanie, wy\u017carzanie oraz przesycanie. Wentylator recyrkulacji gor\u0105cego gazu zapewnia szybki i r\u00f3wnomierny wzrost temperatury, usprawniaj\u0105c proces odpuszczania w ramach [&hellip;]<\/p>\n","protected":false},"author":2,"featured_media":160863,"parent":138631,"menu_order":0,"comment_status":"closed","ping_status":"closed","template":"","meta":{"_acf_changed":false,"_et_pb_use_builder":"on","_et_pb_old_content":"","_et_gb_content_width":"","footnotes":""},"class_list":["post-160855","page","type-page","status-publish","has-post-thumbnail"],"acf":[],"_links":{"self":[{"href":"https:\/\/www.secowarwick.com\/pl\/wp-json\/wp\/v2\/pages\/160855","targetHints":{"allow":["GET"]}}],"collection":[{"href":"https:\/\/www.secowarwick.com\/pl\/wp-json\/wp\/v2\/pages"}],"about":[{"href":"https:\/\/www.secowarwick.com\/pl\/wp-json\/wp\/v2\/types\/page"}],"author":[{"embeddable":true,"href":"https:\/\/www.secowarwick.com\/pl\/wp-json\/wp\/v2\/users\/2"}],"replies":[{"embeddable":true,"href":"https:\/\/www.secowarwick.com\/pl\/wp-json\/wp\/v2\/comments?post=160855"}],"version-history":[{"count":5,"href":"https:\/\/www.secowarwick.com\/pl\/wp-json\/wp\/v2\/pages\/160855\/revisions"}],"predecessor-version":[{"id":161409,"href":"https:\/\/www.secowarwick.com\/pl\/wp-json\/wp\/v2\/pages\/160855\/revisions\/161409"}],"up":[{"embeddable":true,"href":"https:\/\/www.secowarwick.com\/pl\/wp-json\/wp\/v2\/pages\/138631"}],"wp:featuredmedia":[{"embeddable":true,"href":"https:\/\/www.secowarwick.com\/pl\/wp-json\/wp\/v2\/media\/160863"}],"wp:attachment":[{"href":"https:\/\/www.secowarwick.com\/pl\/wp-json\/wp\/v2\/media?parent=160855"}],"curies":[{"name":"wp","href":"https:\/\/api.w.org\/{rel}","templated":true}]}}