{"id":162089,"date":"2024-07-23T09:55:43","date_gmt":"2024-07-23T07:55:43","guid":{"rendered":"https:\/\/www.secowarwick.com\/piec-przemyslowy-z-drugiej-reki\/cooling-tower\/"},"modified":"2025-04-23T13:50:01","modified_gmt":"2025-04-23T11:50:01","slug":"chlodnia-wentylatorowa","status":"publish","type":"page","link":"https:\/\/www.secowarwick.com\/pl\/piec-przemyslowy-z-drugiej-reki\/chlodnia-wentylatorowa\/","title":{"rendered":"Ch\u0142odnia wentylatorowa"},"content":{"rendered":"<p>[et_pb_section fb_built=&#8221;1&#8243; admin_label=&#8221;section&#8221; _builder_version=&#8221;4.16&#8243; custom_padding=&#8221;0px|||&#8221; transparent_background=&#8221;off&#8221; make_fullwidth=&#8221;off&#8221; use_custom_width=&#8221;off&#8221; width_unit=&#8221;on&#8221; global_colors_info=&#8221;{}&#8221;][et_pb_row admin_label=&#8221;row&#8221; _builder_version=&#8221;4.16&#8243; background_size=&#8221;initial&#8221; background_position=&#8221;top_left&#8221; background_repeat=&#8221;repeat&#8221; custom_padding=&#8221;0px|||&#8221; make_fullwidth=&#8221;off&#8221; use_custom_width=&#8221;off&#8221; width_unit=&#8221;on&#8221; global_colors_info=&#8221;{}&#8221;][et_pb_column type=&#8221;4_4&#8243; _builder_version=&#8221;4.16&#8243; custom_padding=&#8221;|||&#8221; global_colors_info=&#8221;{}&#8221; custom_padding__hover=&#8221;|||&#8221;][et_pb_divider show_divider=&#8221;off&#8221; _builder_version=&#8221;4.16&#8243; _module_preset=&#8221;default&#8221; global_colors_info=&#8221;{}&#8221;][\/et_pb_divider][\/et_pb_column][\/et_pb_row][et_pb_row column_structure=&#8221;1_2,1_2&#8243; admin_label=&#8221;row&#8221; _builder_version=&#8221;4.16&#8243; background_size=&#8221;initial&#8221; background_position=&#8221;top_left&#8221; background_repeat=&#8221;repeat&#8221; custom_padding=&#8221;0px|||&#8221; make_fullwidth=&#8221;off&#8221; use_custom_width=&#8221;off&#8221; width_unit=&#8221;on&#8221; global_colors_info=&#8221;{}&#8221;][et_pb_column type=&#8221;1_2&#8243; _builder_version=&#8221;4.16&#8243; custom_padding=&#8221;|||&#8221; global_colors_info=&#8221;{}&#8221; custom_padding__hover=&#8221;|||&#8221;][et_pb_text module_class=&#8221;red-square-list-parent&#8221; _builder_version=&#8221;4.23.1&#8243; background_size=&#8221;initial&#8221; background_position=&#8221;top_left&#8221; background_repeat=&#8221;repeat&#8221; use_border_color=&#8221;off&#8221; global_colors_info=&#8221;{}&#8221;]<\/p>\n<h3>Informacje og\u00f3lne:<\/h3>\n<p><strong><span style=\"color: #dc291e;\">\/ <\/span><\/strong>Ch\u0142odnia wentylatorowa z&nbsp;podw\u00f3jnym uk\u0142adem pompowym, pomp\u0105 awaryjn\u0105 oraz&nbsp;zbiornikiem wody<br \/><strong><span style=\"color: #dc291e;\">\/ <\/span><\/strong>Producent ALFA Leval Italy<br \/><strong><span style=\"color: #dc291e;\">\/ <\/span><\/strong>Rok produkcji 2013<br \/><strong><span style=\"color: #dc291e;\">\/ <\/span><\/strong>Lokalizacja \u2013 Republika Czeska<br \/><strong><span style=\"color: #dc291e;\">\/ <\/span><\/strong>Przeznaczenie &#8211; \u00a0urz\u0105dzenie by\u0142o przeznaczone do&nbsp;ch\u0142odzenia pieca pr\u00f3\u017cniowego<br \/><strong><span style=\"color: #dc291e;\">\/ <\/span><\/strong>Urz\u0105dzenie od\u0142\u0105czone \u2013 \u00a0brak mo\u017cliwo\u015bci testowania na&nbsp;miejscu. Ch\u0142odnia pracowa\u0142a ok&nbsp;1000 rbh do&nbsp;celu\u00a0 ch\u0142odzenia pieca pr\u00f3\u017cniowego<\/p>\n<p>Oferujemy ocen\u0119 techniczn\u0105, relokacj\u0119 oraz&nbsp;monta\u017c urz\u0105dzenia w&nbsp;miejscu docelowym na&nbsp;trenie E.U.<\/p>\n<p>&nbsp;<\/p>\n<p>[\/et_pb_text][et_pb_text admin_label=&#8221;apostrof&#8221; module_class=&#8221;przecinek-tlo-nizej&#8221; _builder_version=&#8221;4.23.1&#8243; custom_margin=&#8221;||||false|false&#8221; custom_margin_tablet=&#8221;&#8221; custom_margin_phone=&#8221;&#8221; custom_margin_last_edited=&#8221;on|desktop&#8221; saved_tabs=&#8221;all&#8221; global_colors_info=&#8221;{}&#8221;]<\/p>\n<h2>Dane techniczne:<\/h2>\n<p>Dost\u0119pne na&nbsp;\u017cyczenie.[\/et_pb_text][\/et_pb_column][et_pb_column type=&#8221;1_2&#8243; _builder_version=&#8221;4.16&#8243; custom_padding=&#8221;|||&#8221; global_colors_info=&#8221;{}&#8221; custom_padding__hover=&#8221;|||&#8221;][et_pb_image src=&#8221;https:\/\/www.secowarwick.com\/wp-content\/uploads\/2024\/07\/Cooling-tower.jpg&#8221; alt=&#8221;Cooling tower SECO\/WARWICK&#8221; title_text=&#8221;ITRmini&#8221; align_tablet=&#8221;center&#8221; align_phone=&#8221;&#8221; align_last_edited=&#8221;on|desktop&#8221; _builder_version=&#8221;4.23.1&#8243; global_colors_info=&#8221;{}&#8221;][\/et_pb_image][et_pb_gallery gallery_ids=&#8221;162059,162066,162073,162080&#8243; posts_number=&#8221;1&#8243; show_title_and_caption=&#8221;off&#8221; show_pagination=&#8221;off&#8221; zoom_icon_color=&#8221;#e2001a&#8221; module_class=&#8221;seco-products-gallery-new2025&#8243; _builder_version=&#8221;4.23.1&#8243; custom_margin=&#8221;||||false|false&#8221; hover_enabled=&#8221;0&#8243; custom_css_free_form=&#8221;.et_overlay:before { content: 'GALERIA&#8217; !important; }&#8221; locked=&#8221;off&#8221; global_colors_info=&#8221;{}&#8221; sticky_enabled=&#8221;0&#8243;][\/et_pb_gallery][\/et_pb_column][\/et_pb_row][\/et_pb_section]<\/p>\n","protected":false},"excerpt":{"rendered":"<p>Informacje og\u00f3lne: \/ Ch\u0142odnia wentylatorowa z&nbsp;podw\u00f3jnym uk\u0142adem pompowym, pomp\u0105 awaryjn\u0105 oraz&nbsp;zbiornikiem wody\/ Producent ALFA Leval Italy\/ Rok produkcji 2013\/ Lokalizacja \u2013 Republika Czeska\/ Przeznaczenie &#8211; \u00a0urz\u0105dzenie by\u0142o przeznaczone do&nbsp;ch\u0142odzenia pieca pr\u00f3\u017cniowego\/ Urz\u0105dzenie od\u0142\u0105czone \u2013 \u00a0brak mo\u017cliwo\u015bci testowania na&nbsp;miejscu. Ch\u0142odnia pracowa\u0142a ok&nbsp;1000 rbh do&nbsp;celu\u00a0 ch\u0142odzenia pieca pr\u00f3\u017cniowego Oferujemy ocen\u0119 techniczn\u0105, relokacj\u0119 oraz&nbsp;monta\u017c urz\u0105dzenia w&nbsp;miejscu docelowym na&nbsp;trenie [&hellip;]<\/p>\n","protected":false},"author":2,"featured_media":162051,"parent":138631,"menu_order":0,"comment_status":"closed","ping_status":"closed","template":"","meta":{"_acf_changed":false,"_et_pb_use_builder":"on","_et_pb_old_content":"","_et_gb_content_width":"","footnotes":""},"class_list":["post-162089","page","type-page","status-publish","has-post-thumbnail"],"acf":[],"_links":{"self":[{"href":"https:\/\/www.secowarwick.com\/pl\/wp-json\/wp\/v2\/pages\/162089","targetHints":{"allow":["GET"]}}],"collection":[{"href":"https:\/\/www.secowarwick.com\/pl\/wp-json\/wp\/v2\/pages"}],"about":[{"href":"https:\/\/www.secowarwick.com\/pl\/wp-json\/wp\/v2\/types\/page"}],"author":[{"embeddable":true,"href":"https:\/\/www.secowarwick.com\/pl\/wp-json\/wp\/v2\/users\/2"}],"replies":[{"embeddable":true,"href":"https:\/\/www.secowarwick.com\/pl\/wp-json\/wp\/v2\/comments?post=162089"}],"version-history":[{"count":6,"href":"https:\/\/www.secowarwick.com\/pl\/wp-json\/wp\/v2\/pages\/162089\/revisions"}],"predecessor-version":[{"id":176557,"href":"https:\/\/www.secowarwick.com\/pl\/wp-json\/wp\/v2\/pages\/162089\/revisions\/176557"}],"up":[{"embeddable":true,"href":"https:\/\/www.secowarwick.com\/pl\/wp-json\/wp\/v2\/pages\/138631"}],"wp:featuredmedia":[{"embeddable":true,"href":"https:\/\/www.secowarwick.com\/pl\/wp-json\/wp\/v2\/media\/162051"}],"wp:attachment":[{"href":"https:\/\/www.secowarwick.com\/pl\/wp-json\/wp\/v2\/media?parent=162089"}],"curies":[{"name":"wp","href":"https:\/\/api.w.org\/{rel}","templated":true}]}}