{"id":162140,"date":"2024-07-23T10:22:04","date_gmt":"2024-07-23T08:22:04","guid":{"rendered":"https:\/\/www.secowarwick.com\/piec-przemyslowy-z-drugiej-reki\/vacuum-hardening-furnace-type-kopp\/"},"modified":"2025-04-23T13:53:47","modified_gmt":"2025-04-23T11:53:47","slug":"piec-prozniowy-do-hartowania-typ-kopp","status":"publish","type":"page","link":"https:\/\/www.secowarwick.com\/pl\/piec-przemyslowy-z-drugiej-reki\/piec-prozniowy-do-hartowania-typ-kopp\/","title":{"rendered":"Piec pr\u00f3\u017cniowy do hartowania TYP KOPP"},"content":{"rendered":"<p>[et_pb_section fb_built=&#8221;1&#8243; admin_label=&#8221;section&#8221; _builder_version=&#8221;4.16&#8243; custom_padding=&#8221;0px|||&#8221; transparent_background=&#8221;off&#8221; make_fullwidth=&#8221;off&#8221; use_custom_width=&#8221;off&#8221; width_unit=&#8221;on&#8221; global_colors_info=&#8221;{}&#8221;][et_pb_row admin_label=&#8221;row&#8221; _builder_version=&#8221;4.16&#8243; background_size=&#8221;initial&#8221; background_position=&#8221;top_left&#8221; background_repeat=&#8221;repeat&#8221; custom_padding=&#8221;0px|||&#8221; make_fullwidth=&#8221;off&#8221; use_custom_width=&#8221;off&#8221; width_unit=&#8221;on&#8221; global_colors_info=&#8221;{}&#8221;][et_pb_column type=&#8221;4_4&#8243; _builder_version=&#8221;4.16&#8243; custom_padding=&#8221;|||&#8221; global_colors_info=&#8221;{}&#8221; custom_padding__hover=&#8221;|||&#8221;][et_pb_divider show_divider=&#8221;off&#8221; _builder_version=&#8221;4.16&#8243; _module_preset=&#8221;default&#8221; global_colors_info=&#8221;{}&#8221;][\/et_pb_divider][\/et_pb_column][\/et_pb_row][et_pb_row column_structure=&#8221;1_2,1_2&#8243; admin_label=&#8221;row&#8221; _builder_version=&#8221;4.16&#8243; background_size=&#8221;initial&#8221; background_position=&#8221;top_left&#8221; background_repeat=&#8221;repeat&#8221; custom_padding=&#8221;0px|||&#8221; make_fullwidth=&#8221;off&#8221; use_custom_width=&#8221;off&#8221; width_unit=&#8221;on&#8221; global_colors_info=&#8221;{}&#8221;][et_pb_column type=&#8221;1_2&#8243; _builder_version=&#8221;4.16&#8243; custom_padding=&#8221;|||&#8221; global_colors_info=&#8221;{}&#8221; custom_padding__hover=&#8221;|||&#8221;][et_pb_text module_class=&#8221;red-square-list-parent&#8221; _builder_version=&#8221;4.23.1&#8243; background_size=&#8221;initial&#8221; background_position=&#8221;top_left&#8221; background_repeat=&#8221;repeat&#8221; use_border_color=&#8221;off&#8221; global_colors_info=&#8221;{}&#8221;]<\/p>\n<h3>Informacje og\u00f3lne:<\/h3>\n<p><strong><span style=\"color: #dc291e;\">\/\u00a0<\/span><\/strong>Przeznaczenie : Piec pr\u00f3\u017cniowy do&nbsp;hartowania<br \/><strong><span style=\"color: #dc291e;\">\/\u00a0<\/span><\/strong>Producent KOPP<br \/><strong><span style=\"color: #dc291e;\">\/\u00a0<\/span><\/strong>Rok produkcji 1991<br \/><strong><span style=\"color: #dc291e;\">\/\u00a0<\/span><\/strong>Lokalizacja \u2013 Republika Czeska<br \/><strong><span style=\"color: #dc291e;\">\/\u00a0<\/span><\/strong>Piec dzia\u0142aj\u0105cy \u2013 mo\u017cliwo\u015b\u0107 testowania<\/p>\n<p>Stan: Piec sprawny ca\u0142y czas pracuj\u0105cy na&nbsp;bie\u017c\u0105co serwisowany przez&nbsp;w\u0142asne dzia\u0142 Utrzymania Ruchu. W&nbsp;2023 roku wymieniona zosta\u0142a izolacja grafitowa w&nbsp;komorze grzejnej.<\/p>\n<p>Oferujemy ocen\u0119 techniczn\u0105, relokacj\u0119 oraz&nbsp;monta\u017c urz\u0105dzenia w&nbsp;miejscu docelowym na&nbsp;trenie E.U.<\/p>\n<p>[\/et_pb_text][\/et_pb_column][et_pb_column type=&#8221;1_2&#8243; _builder_version=&#8221;4.16&#8243; custom_padding=&#8221;|||&#8221; global_colors_info=&#8221;{}&#8221; custom_padding__hover=&#8221;|||&#8221;][\/et_pb_column][\/et_pb_row][\/et_pb_section][et_pb_section fb_built=&#8221;1&#8243; admin_label=&#8221;section&#8221; _builder_version=&#8221;4.19.2&#8243; background_color=&#8221;#f8f8f8&#8243; custom_margin=&#8221;-20px||||false|false&#8221; custom_padding=&#8221;0px||||false|false&#8221; transparent_background=&#8221;off&#8221; make_fullwidth=&#8221;off&#8221; use_custom_width=&#8221;off&#8221; width_unit=&#8221;on&#8221; global_colors_info=&#8221;{}&#8221;][et_pb_row column_structure=&#8221;1_2,1_2&#8243; admin_label=&#8221;row&#8221; _builder_version=&#8221;4.19.2&#8243; background_size=&#8221;initial&#8221; background_position=&#8221;top_left&#8221; background_repeat=&#8221;repeat&#8221; custom_margin=&#8221;-20px||||false|false&#8221; global_colors_info=&#8221;{}&#8221;][et_pb_column type=&#8221;1_2&#8243; _builder_version=&#8221;4.16&#8243; custom_padding=&#8221;|||&#8221; global_colors_info=&#8221;{}&#8221; custom_padding__hover=&#8221;|||&#8221;][et_pb_gallery gallery_ids=&#8221;162120,162127,162134&#8243; posts_number=&#8221;1&#8243; show_title_and_caption=&#8221;off&#8221; show_pagination=&#8221;off&#8221; zoom_icon_color=&#8221;#e2001a&#8221; module_class=&#8221;seco-products-gallery-new2025&#8243; _builder_version=&#8221;4.23.1&#8243; custom_margin=&#8221;||||false|false&#8221; hover_enabled=&#8221;0&#8243; custom_css_free_form=&#8221;.et_overlay:before { content: 'GALERIA&#8217; !important; }&#8221; custom_css_overlay=&#8221;content: %22GALERIA%22 !important;&#8221; locked=&#8221;off&#8221; global_colors_info=&#8221;{}&#8221; sticky_enabled=&#8221;0&#8243;][\/et_pb_gallery][et_pb_image src=&#8221;https:\/\/www.secowarwick.com\/wp-content\/uploads\/2024\/07\/Vacuum-hardening-furnace-TYPE-KOPP.jpg&#8221; alt=&#8221;Vacuum hardening furnace TYPE KOPP&#8221; align_tablet=&#8221;center&#8221; align_phone=&#8221;&#8221; align_last_edited=&#8221;on|desktop&#8221; _builder_version=&#8221;4.23.1&#8243; global_colors_info=&#8221;{}&#8221;][\/et_pb_image][\/et_pb_column][et_pb_column type=&#8221;1_2&#8243; _builder_version=&#8221;4.16&#8243; custom_padding=&#8221;|||&#8221; global_colors_info=&#8221;{}&#8221; custom_padding__hover=&#8221;|||&#8221;][et_pb_text admin_label=&#8221;apostrof&#8221; module_class=&#8221;przecinek-tlo-nizej&#8221; _builder_version=&#8221;4.23.1&#8243; custom_margin=&#8221;||||false|false&#8221; custom_margin_tablet=&#8221;&#8221; custom_margin_phone=&#8221;&#8221; custom_margin_last_edited=&#8221;on|desktop&#8221; saved_tabs=&#8221;all&#8221; global_colors_info=&#8221;{}&#8221;]<\/p>\n<h2>Dane techniczne:<\/h2>\n<p>[\/et_pb_text][et_pb_text _builder_version=&#8221;4.23.1&#8243; _module_preset=&#8221;default&#8221; global_colors_info=&#8221;{}&#8221;]<\/p>\n<table style=\"width: 100%; height: 805px;\" width=\"100%\">\n<tbody>\n<tr>\n<td>Oznaczenie pieca<\/td>\n<td>VG 300 PUK<\/td>\n<\/tr>\n<tr>\n<td>Wymiary komory<\/td>\n<td>600x600x900 mm (poziomo)<\/td>\n<\/tr>\n<tr>\n<td>Maks. waga partii<\/td>\n<td>600 kg<\/td>\n<\/tr>\n<tr>\n<td>Temperatura pracy<\/td>\n<td>400 \u2013 1350\u00b0 C<\/td>\n<\/tr>\n<tr>\n<td>Maks. pr\u00f3\u017cnia<\/td>\n<td>1 x&nbsp;10-2<\/td>\n<\/tr>\n<tr>\n<td>Maks. nadci\u015bnienie<\/td>\n<td>6 bar abs.<\/td>\n<\/tr>\n<tr>\n<td>Gaz roboczy<\/td>\n<td>azot<\/td>\n<\/tr>\n<tr>\n<td>Strefy grzewcze<\/td>\n<td>1<\/td>\n<\/tr>\n<tr>\n<td>Ch\u0142odzenie obudowy<\/td>\n<td>4 \u2013 6 bar.<\/td>\n<\/tr>\n<tr>\n<td>Zu\u017cycie wody do&nbsp;ch\u0142odzenia<\/td>\n<td>maks. 24\u00b0C, 580 l\/min<\/td>\n<\/tr>\n<tr>\n<td>Woda awaryjna<\/td>\n<td>70 l\/min<\/td>\n<\/tr>\n<tr>\n<td>Pompy pr\u00f3\u017cniowe<\/td>\n<td>3 typy firmy Alcatel<\/td>\n<\/tr>\n<tr>\n<td>Napi\u0119cie nominalne el. sieci<\/td>\n<td>3&#215;380\/220 V&nbsp;\/ 50 Hz<\/td>\n<\/tr>\n<tr>\n<td>Maks. bezpiecznik<\/td>\n<td>3&#215;500 A<\/td>\n<\/tr>\n<tr>\n<td>Moc wej\u015bciowa<\/td>\n<td>250 kVA<\/td>\n<\/tr>\n<tr>\n<td>System Informatyczny<\/td>\n<td>DEMIG<\/td>\n<\/tr>\n<tr>\n<td>Waga pieca<\/td>\n<td>ok. 1130 kg<\/td>\n<\/tr>\n<\/tbody>\n<\/table>\n<p>[\/et_pb_text][\/et_pb_column][\/et_pb_row][\/et_pb_section]<\/p>\n","protected":false},"excerpt":{"rendered":"<p>Informacje og\u00f3lne: \/\u00a0Przeznaczenie : Piec pr\u00f3\u017cniowy do&nbsp;hartowania\/\u00a0Producent KOPP\/\u00a0Rok produkcji 1991\/\u00a0Lokalizacja \u2013 Republika Czeska\/\u00a0Piec dzia\u0142aj\u0105cy \u2013 mo\u017cliwo\u015b\u0107 testowania Stan: Piec sprawny ca\u0142y czas pracuj\u0105cy na&nbsp;bie\u017c\u0105co serwisowany przez&nbsp;w\u0142asne dzia\u0142 Utrzymania Ruchu. W&nbsp;2023 roku wymieniona zosta\u0142a izolacja grafitowa w&nbsp;komorze grzejnej. Oferujemy ocen\u0119 techniczn\u0105, relokacj\u0119 oraz&nbsp;monta\u017c urz\u0105dzenia w&nbsp;miejscu docelowym na&nbsp;trenie E.U.Dane techniczne: Oznaczenie pieca VG 300 PUK Wymiary komory [&hellip;]<\/p>\n","protected":false},"author":2,"featured_media":162110,"parent":138631,"menu_order":0,"comment_status":"closed","ping_status":"closed","template":"","meta":{"_acf_changed":false,"_et_pb_use_builder":"on","_et_pb_old_content":"","_et_gb_content_width":"","footnotes":""},"class_list":["post-162140","page","type-page","status-publish","has-post-thumbnail"],"acf":[],"_links":{"self":[{"href":"https:\/\/www.secowarwick.com\/pl\/wp-json\/wp\/v2\/pages\/162140","targetHints":{"allow":["GET"]}}],"collection":[{"href":"https:\/\/www.secowarwick.com\/pl\/wp-json\/wp\/v2\/pages"}],"about":[{"href":"https:\/\/www.secowarwick.com\/pl\/wp-json\/wp\/v2\/types\/page"}],"author":[{"embeddable":true,"href":"https:\/\/www.secowarwick.com\/pl\/wp-json\/wp\/v2\/users\/2"}],"replies":[{"embeddable":true,"href":"https:\/\/www.secowarwick.com\/pl\/wp-json\/wp\/v2\/comments?post=162140"}],"version-history":[{"count":5,"href":"https:\/\/www.secowarwick.com\/pl\/wp-json\/wp\/v2\/pages\/162140\/revisions"}],"predecessor-version":[{"id":176562,"href":"https:\/\/www.secowarwick.com\/pl\/wp-json\/wp\/v2\/pages\/162140\/revisions\/176562"}],"up":[{"embeddable":true,"href":"https:\/\/www.secowarwick.com\/pl\/wp-json\/wp\/v2\/pages\/138631"}],"wp:featuredmedia":[{"embeddable":true,"href":"https:\/\/www.secowarwick.com\/pl\/wp-json\/wp\/v2\/media\/162110"}],"wp:attachment":[{"href":"https:\/\/www.secowarwick.com\/pl\/wp-json\/wp\/v2\/media?parent=162140"}],"curies":[{"name":"wp","href":"https:\/\/api.w.org\/{rel}","templated":true}]}}