{"id":163151,"date":"2024-08-28T11:51:27","date_gmt":"2024-08-28T09:51:27","guid":{"rendered":"https:\/\/www.secowarwick.com\/?page_id=163151"},"modified":"2025-04-23T13:51:32","modified_gmt":"2025-04-23T11:51:32","slug":"piec-do-wypalania-ceramiki-typ-res-lt-900","status":"publish","type":"page","link":"https:\/\/www.secowarwick.com\/pl\/piec-przemyslowy-z-drugiej-reki\/piec-do-wypalania-ceramiki-typ-res-lt-900\/","title":{"rendered":"PIEC DO WYPALANIA CERAMIKI Typ: RES LT 900"},"content":{"rendered":"<p>[et_pb_section fb_built=&#8221;1&#8243; admin_label=&#8221;section&#8221; _builder_version=&#8221;4.16&#8243; custom_padding=&#8221;0px|||&#8221; transparent_background=&#8221;off&#8221; make_fullwidth=&#8221;off&#8221; use_custom_width=&#8221;off&#8221; width_unit=&#8221;on&#8221; global_colors_info=&#8221;{}&#8221;][et_pb_row admin_label=&#8221;row&#8221; _builder_version=&#8221;4.16&#8243; background_size=&#8221;initial&#8221; background_position=&#8221;top_left&#8221; background_repeat=&#8221;repeat&#8221; custom_padding=&#8221;0px|||&#8221; make_fullwidth=&#8221;off&#8221; use_custom_width=&#8221;off&#8221; width_unit=&#8221;on&#8221; global_colors_info=&#8221;{}&#8221;][et_pb_column type=&#8221;4_4&#8243; _builder_version=&#8221;4.16&#8243; custom_padding=&#8221;|||&#8221; global_colors_info=&#8221;{}&#8221; custom_padding__hover=&#8221;|||&#8221;][et_pb_divider show_divider=&#8221;off&#8221; _builder_version=&#8221;4.16&#8243; _module_preset=&#8221;default&#8221; global_colors_info=&#8221;{}&#8221;][\/et_pb_divider][\/et_pb_column][\/et_pb_row][et_pb_row column_structure=&#8221;1_2,1_2&#8243; admin_label=&#8221;row&#8221; _builder_version=&#8221;4.16&#8243; background_size=&#8221;initial&#8221; background_position=&#8221;top_left&#8221; background_repeat=&#8221;repeat&#8221; custom_padding=&#8221;0px|||&#8221; make_fullwidth=&#8221;off&#8221; use_custom_width=&#8221;off&#8221; width_unit=&#8221;on&#8221; global_colors_info=&#8221;{}&#8221;][et_pb_column type=&#8221;1_2&#8243; _builder_version=&#8221;4.16&#8243; custom_padding=&#8221;|||&#8221; global_colors_info=&#8221;{}&#8221; custom_padding__hover=&#8221;|||&#8221;][et_pb_text module_class=&#8221;red-square-list-parent&#8221; _builder_version=&#8221;4.23.1&#8243; background_size=&#8221;initial&#8221; background_position=&#8221;top_left&#8221; background_repeat=&#8221;repeat&#8221; use_border_color=&#8221;off&#8221; global_colors_info=&#8221;{}&#8221;]<\/p>\n<h3>Informacje og\u00f3lne:<\/h3>\n<p><strong><span style=\"color: #dc291e;\">\/\u00a0<\/span><\/strong>Piec gazowy, rolkowy do&nbsp;wypalania ceramiki (mo\u017cliwe inne zastosowania)<br \/><strong><span style=\"color: #dc291e;\">\/\u00a0<\/span><\/strong>Producent: RES<br \/><strong><span style=\"color: #dc291e;\">\/\u00a0<\/span><\/strong>Rok produkcji: 2016<br \/><strong><span style=\"color: #dc291e;\">\/\u00a0<\/span><\/strong>Lokalizacja: Wielka Brytania<br \/><strong><span style=\"color: #dc291e;\">\/\u00a0<\/span><\/strong>Piec wy\u0142\u0105czony z&nbsp;u\u017cytkowania z&nbsp;mo\u017cliwo\u015bci\u0105 testowania.<br \/><strong><span style=\"color: #dc291e;\">\/\u00a0<\/span><\/strong>Stan: Bardzo dobry. Urz\u0105dzenie pracowa\u0142o jedynie 6 miesi\u0119cy i&nbsp;zosta\u0142o wy\u0142\u0105czne z&nbsp;eksploatacji ze&nbsp;wzgl\u0119du na&nbsp;zmian\u0119 koncepcji biznesowej<\/p>\n<p>Oferujemy ocen\u0119 techniczn\u0105, relokacj\u0119 oraz&nbsp;monta\u017c urz\u0105dzenia w&nbsp;miejscu docelowym na&nbsp;trenie E.U.<\/p>\n<p>[\/et_pb_text][\/et_pb_column][et_pb_column type=&#8221;1_2&#8243; _builder_version=&#8221;4.16&#8243; custom_padding=&#8221;|||&#8221; global_colors_info=&#8221;{}&#8221; custom_padding__hover=&#8221;|||&#8221;][et_pb_image src=&#8221;https:\/\/www.secowarwick.com\/wp-content\/uploads\/2024\/08\/PIEC-DO-WYPALANIA-CERAMIKI-RES-LT-900.jpg&#8221; alt=&#8221;PIEC DO\u00a0WYPALANIA CERAMIKI Typ: RES LT 900&#8243; align_tablet=&#8221;center&#8221; align_phone=&#8221;&#8221; align_last_edited=&#8221;on|desktop&#8221; _builder_version=&#8221;4.23.1&#8243; global_colors_info=&#8221;{}&#8221;][\/et_pb_image][et_pb_gallery gallery_ids=&#8221;163166,163173,163180&#8243; posts_number=&#8221;1&#8243; show_title_and_caption=&#8221;off&#8221; show_pagination=&#8221;off&#8221; zoom_icon_color=&#8221;#e2001a&#8221; module_class=&#8221;seco-products-gallery-new2025&#8243; _builder_version=&#8221;4.23.1&#8243; custom_margin=&#8221;||||false|false&#8221; hover_enabled=&#8221;0&#8243; custom_css_free_form=&#8221;.et_overlay:before { content: 'GALERIA&#8217; !important; }&#8221; custom_css_overlay=&#8221;content: %22GALERIA%22 !important;&#8221; locked=&#8221;off&#8221; global_colors_info=&#8221;{}&#8221; sticky_enabled=&#8221;0&#8243;][\/et_pb_gallery][\/et_pb_column][\/et_pb_row][\/et_pb_section][et_pb_section fb_built=&#8221;1&#8243; admin_label=&#8221;section&#8221; _builder_version=&#8221;4.19.2&#8243; background_color=&#8221;#f8f8f8&#8243; custom_margin=&#8221;-20px||||false|false&#8221; custom_padding=&#8221;0px||||false|false&#8221; transparent_background=&#8221;off&#8221; make_fullwidth=&#8221;off&#8221; use_custom_width=&#8221;off&#8221; width_unit=&#8221;on&#8221; global_colors_info=&#8221;{}&#8221;][et_pb_row admin_label=&#8221;row&#8221; _builder_version=&#8221;4.19.2&#8243; background_size=&#8221;initial&#8221; background_position=&#8221;top_left&#8221; background_repeat=&#8221;repeat&#8221; custom_margin=&#8221;-20px||||false|false&#8221; global_colors_info=&#8221;{}&#8221;][et_pb_column type=&#8221;4_4&#8243; _builder_version=&#8221;4.16&#8243; custom_padding=&#8221;|||&#8221; global_colors_info=&#8221;{}&#8221; custom_padding__hover=&#8221;|||&#8221;][et_pb_text admin_label=&#8221;apostrof&#8221; module_class=&#8221;przecinek-tlo-nizej&#8221; _builder_version=&#8221;4.23.1&#8243; custom_margin=&#8221;||||false|false&#8221; custom_margin_tablet=&#8221;&#8221; custom_margin_phone=&#8221;&#8221; custom_margin_last_edited=&#8221;on|desktop&#8221; saved_tabs=&#8221;all&#8221; global_colors_info=&#8221;{}&#8221;]<\/p>\n<h2>Dane techniczne:<\/h2>\n<p>&nbsp;<\/p>\n<p>[\/et_pb_text][et_pb_text _builder_version=&#8221;4.23.1&#8243; _module_preset=&#8221;default&#8221; global_colors_info=&#8221;{}&#8221;]<\/p>\n<table>\n<tbody>\n<tr>\n<td>\u00a0<\/td>\n<td>Jednostka<\/td>\n<td>Parametr<\/td>\n<td>Adnotacja<\/td>\n<\/tr>\n<tr>\n<td>D\u0142ugo\u015b\u0107 pieca<\/td>\n<td>m<\/td>\n<td>20.735<\/td>\n<td>\u00a0<\/td>\n<\/tr>\n<tr>\n<td>Modu\u0142 pieca<\/td>\n<td>\/<\/td>\n<td>11<\/td>\n<td>D\u0142ugo\u015b\u0107 poszczeg\u00f3lnych modu\u0142\u00f3w: 1885mm<\/td>\n<\/tr>\n<tr>\n<td>Wew. szeroko\u015b\u0107 pieca<\/td>\n<td>mm<\/td>\n<td>1800<\/td>\n<td>szeroko\u015b\u0107 u\u017cytkowa 1600mm<\/td>\n<\/tr>\n<tr>\n<td>Cykl spalania<\/td>\n<td>minuty<\/td>\n<td>120-160<\/td>\n<td>Sterowanie falownikiem, regulowane<\/td>\n<\/tr>\n<tr>\n<td>Maks. temp. u\u017cytkowa<\/td>\n<td>\u00b0C<\/td>\n<td>1000<\/td>\n<td>\u00a0<\/td>\n<\/tr>\n<tr>\n<td>Maks. temp. pracy<\/td>\n<td>\u00b0C<\/td>\n<td>950<\/td>\n<td>\u00a0<\/td>\n<\/tr>\n<tr>\n<td>Paliwo<\/td>\n<td>\u00a0<\/td>\n<td>Erdgas<\/td>\n<td>8300KCAL\/M3<\/td>\n<\/tr>\n<tr>\n<td>\u00a0<\/td>\n<td>szt.<\/td>\n<td>32<\/td>\n<td>\u00a0<\/td>\n<\/tr>\n<tr>\n<td>Punkt kontrolny temperatury<\/td>\n<td>Punkt<\/td>\n<td>14<\/td>\n<td>Zawiera 6 automatycznych punkt\u00f3w kontrolnych<\/td>\n<\/tr>\n<tr>\n<td>Ci\u015bnienie pieca<\/td>\n<td>\/<\/td>\n<td>sterowane automatycznie<\/td>\n<td>Ci\u015bnienie powietrza spalania sterowane automatycznie<\/td>\n<\/tr>\n<tr>\n<td>Odchylenie temperatury<\/td>\n<td>\u00b0C<\/td>\n<td>\u00b13<\/td>\n<td>\u00a0<\/td>\n<\/tr>\n<tr>\n<td>Klasa palnika<\/td>\n<td>%<\/td>\n<td>\u226596%<\/td>\n<td>w&nbsp;tym 90% produkt\u00f3w pierwszej klasy<br \/>produkty<\/td>\n<\/tr>\n<tr>\n<td>Rodzaj wypalania<\/td>\n<td>\/<\/td>\n<td>oksydacja<\/td>\n<td>czyste spalanie<\/td>\n<\/tr>\n<tr>\n<td>Typ nap\u0119du<\/td>\n<td>\/<\/td>\n<td>45\u00b0 ko\u0142a z\u0119bate sko\u015bne do&nbsp;nap\u0119dzania dolnej strefy pieca<\/td>\n<td>Sterowanie pr\u0119dko\u015bci\u0105 (obrot\u00f3w) za&nbsp;pomoc\u0105 przetwornicy cz\u0119stotliwo\u015bci<\/td>\n<\/tr>\n<tr>\n<td>Rodzaj sterowania<\/td>\n<td>\/<\/td>\n<td>auto. regulator temperatury PID<\/td>\n<td>Programowalny sterownik logiczny (PLC)<\/td>\n<\/tr>\n<tr>\n<td>Wielko\u015b\u0107 wsadu<\/td>\n<td>mm<\/td>\n<td>315*415mm<\/td>\n<td>\u00a0<\/td>\n<\/tr>\n<tr>\n<td>Konstrukcja dachu pieca<\/td>\n<td>\u00a0<\/td>\n<td>strop (cz\u0119\u015b\u0107 g\u00f3rna)<\/td>\n<td>u\u017cyto p\u0142yty kordierytowe<\/td>\n<\/tr>\n<tr>\n<td>Odleg\u0142o\u015b\u0107 od&nbsp;\u015brodka rolki<\/td>\n<td>mm<\/td>\n<td>65<\/td>\n<td>\u00a0<\/td>\n<\/tr>\n<tr>\n<td>\u015arednica rolki<\/td>\n<td>mm<\/td>\n<td>\u03a645<\/td>\n<td>\u00a0<\/td>\n<\/tr>\n<tr>\n<td>Liczba rolek<\/td>\n<td>szt.<\/td>\n<td>319<\/td>\n<td>rolka ceramiczna<\/td>\n<\/tr>\n<tr>\n<td>Maks. nadci\u015bnienie pieca<\/td>\n<td>Pa<\/td>\n<td>5<\/td>\n<td>\u00a0<\/td>\n<\/tr>\n<tr>\n<td>Zew. temp. obudowy<\/td>\n<td>\u00b0C<\/td>\n<td>\u226465\u00b0C<\/td>\n<td>zak\u0142adana temp. pomieszczenia 20\u00b0C<\/td>\n<\/tr>\n<\/tbody>\n<\/table>\n<p>[\/et_pb_text][\/et_pb_column][\/et_pb_row][\/et_pb_section]<\/p>\n","protected":false},"excerpt":{"rendered":"<p>Informacje og\u00f3lne: \/\u00a0Piec gazowy, rolkowy do&nbsp;wypalania ceramiki (mo\u017cliwe inne zastosowania)\/\u00a0Producent: RES\/\u00a0Rok produkcji: 2016\/\u00a0Lokalizacja: Wielka Brytania\/\u00a0Piec wy\u0142\u0105czony z&nbsp;u\u017cytkowania z&nbsp;mo\u017cliwo\u015bci\u0105 testowania.\/\u00a0Stan: Bardzo dobry. Urz\u0105dzenie pracowa\u0142o jedynie 6 miesi\u0119cy i&nbsp;zosta\u0142o wy\u0142\u0105czne z&nbsp;eksploatacji ze&nbsp;wzgl\u0119du na&nbsp;zmian\u0119 koncepcji biznesowej Oferujemy ocen\u0119 techniczn\u0105, relokacj\u0119 oraz&nbsp;monta\u017c urz\u0105dzenia w&nbsp;miejscu docelowym na&nbsp;trenie E.U.Dane techniczne: &nbsp; \u00a0 Jednostka Parametr Adnotacja D\u0142ugo\u015b\u0107 pieca m 20.735 \u00a0 Modu\u0142 [&hellip;]<\/p>\n","protected":false},"author":2,"featured_media":0,"parent":138631,"menu_order":0,"comment_status":"closed","ping_status":"closed","template":"","meta":{"_acf_changed":false,"_et_pb_use_builder":"on","_et_pb_old_content":"","_et_gb_content_width":"","footnotes":""},"class_list":["post-163151","page","type-page","status-publish"],"acf":[],"_links":{"self":[{"href":"https:\/\/www.secowarwick.com\/pl\/wp-json\/wp\/v2\/pages\/163151","targetHints":{"allow":["GET"]}}],"collection":[{"href":"https:\/\/www.secowarwick.com\/pl\/wp-json\/wp\/v2\/pages"}],"about":[{"href":"https:\/\/www.secowarwick.com\/pl\/wp-json\/wp\/v2\/types\/page"}],"author":[{"embeddable":true,"href":"https:\/\/www.secowarwick.com\/pl\/wp-json\/wp\/v2\/users\/2"}],"replies":[{"embeddable":true,"href":"https:\/\/www.secowarwick.com\/pl\/wp-json\/wp\/v2\/comments?post=163151"}],"version-history":[{"count":7,"href":"https:\/\/www.secowarwick.com\/pl\/wp-json\/wp\/v2\/pages\/163151\/revisions"}],"predecessor-version":[{"id":176559,"href":"https:\/\/www.secowarwick.com\/pl\/wp-json\/wp\/v2\/pages\/163151\/revisions\/176559"}],"up":[{"embeddable":true,"href":"https:\/\/www.secowarwick.com\/pl\/wp-json\/wp\/v2\/pages\/138631"}],"wp:attachment":[{"href":"https:\/\/www.secowarwick.com\/pl\/wp-json\/wp\/v2\/media?parent=163151"}],"curies":[{"name":"wp","href":"https:\/\/api.w.org\/{rel}","templated":true}]}}