{"id":163269,"date":"2024-08-28T13:31:56","date_gmt":"2024-08-28T11:31:56","guid":{"rendered":"https:\/\/www.secowarwick.com\/piec-przemyslowy-z-drugiej-reki\/vacuum-furnace-with-gas-cooling-under-pressure-of-15-bar\/"},"modified":"2026-04-17T10:41:52","modified_gmt":"2026-04-17T08:41:52","slug":"piec-prozniowy-z-chlodzeniem-gazowym-pod-cisnieniem-15-bar","status":"publish","type":"page","link":"https:\/\/www.secowarwick.com\/pl\/piec-przemyslowy-z-drugiej-reki\/piec-prozniowy-z-chlodzeniem-gazowym-pod-cisnieniem-15-bar\/","title":{"rendered":"Piec pr\u00f3\u017cniowy z ch\u0142odzeniem gazowym pod ci\u015bnieniem 1,5 bar.  TYP 2.0VP-4050_48_MS"},"content":{"rendered":"<p>[et_pb_section fb_built=&#8221;1&#8243; admin_label=&#8221;section&#8221; _builder_version=&#8221;4.16&#8243; custom_padding=&#8221;0px|||&#8221; transparent_background=&#8221;off&#8221; make_fullwidth=&#8221;off&#8221; use_custom_width=&#8221;off&#8221; width_unit=&#8221;on&#8221; global_colors_info=&#8221;{}&#8221;][et_pb_row admin_label=&#8221;row&#8221; _builder_version=&#8221;4.16&#8243; background_size=&#8221;initial&#8221; background_position=&#8221;top_left&#8221; background_repeat=&#8221;repeat&#8221; custom_padding=&#8221;0px|||&#8221; make_fullwidth=&#8221;off&#8221; use_custom_width=&#8221;off&#8221; width_unit=&#8221;on&#8221; global_colors_info=&#8221;{}&#8221;][et_pb_column type=&#8221;4_4&#8243; _builder_version=&#8221;4.16&#8243; custom_padding=&#8221;|||&#8221; global_colors_info=&#8221;{}&#8221; custom_padding__hover=&#8221;|||&#8221;][et_pb_divider show_divider=&#8221;off&#8221; _builder_version=&#8221;4.16&#8243; _module_preset=&#8221;default&#8221; global_colors_info=&#8221;{}&#8221;][\/et_pb_divider][\/et_pb_column][\/et_pb_row][et_pb_row admin_label=&#8221;row&#8221; _builder_version=&#8221;4.16&#8243; background_size=&#8221;initial&#8221; background_position=&#8221;top_left&#8221; background_repeat=&#8221;repeat&#8221; custom_padding=&#8221;0px|||&#8221; make_fullwidth=&#8221;off&#8221; use_custom_width=&#8221;off&#8221; width_unit=&#8221;on&#8221; global_colors_info=&#8221;{}&#8221;][et_pb_column type=&#8221;4_4&#8243; _builder_version=&#8221;4.16&#8243; custom_padding=&#8221;|||&#8221; global_colors_info=&#8221;{}&#8221; custom_padding__hover=&#8221;|||&#8221;][et_pb_text module_class=&#8221;red-square-list-parent&#8221; _builder_version=&#8221;4.23.1&#8243; background_size=&#8221;initial&#8221; background_position=&#8221;top_left&#8221; background_repeat=&#8221;repeat&#8221; use_border_color=&#8221;off&#8221; global_colors_info=&#8221;{}&#8221;]<\/p>\n<h3>Informacje og\u00f3lne:<\/h3>\n<p><strong><span style=\"color: #dc291e;\">\/<\/span><\/strong>\u00a0Piec pr\u00f3\u017cniowy z&nbsp;ch\u0142odzeniem gazowym pod&nbsp;ci\u015bnieniem 1,5\u00a0 bar<br \/><strong><span style=\"color: #dc291e;\">\/<\/span><\/strong>\u00a0Producent SECO\/WARWICK<br \/><strong><span style=\"color: #dc291e;\">\/<\/span><\/strong>\u00a0Rok produkcji 2017<br \/><strong><span style=\"color: #dc291e;\">\/<\/span><\/strong>\u00a0Lokalizacja \u2013 magazyn S\/W \u015awiebodzin<br \/><strong><span style=\"color: #dc291e;\">\/<\/span><\/strong>\u00a0Piec zdemontowany znajduj\u0105cy si\u0119\u00a0 na&nbsp;magazynie S\/W\u2013 mo\u017cliwo\u015b\u0107 pod\u0142\u0105czenia i&nbsp;testowania na&nbsp;miejscu<br \/><strong><span style=\"color: #dc291e;\">\/<\/span><\/strong>\u00a0Wysoka pr\u00f3\u017cnia oraz&nbsp;czysto\u015b\u0107 &#8211; &lt;20 ppm ! Obudowa g\u0142\u00f3wna pieca &#8211;\u00a0 stal nierdzewna!<br \/><strong><span style=\"color: #dc291e;\">\/<\/span><\/strong>\u00a0Do ustalenia wyposa\u017cenie pieca w&nbsp;komor\u0119 grafitow\u0105 lub stalow\u0105.<\/p>\n<p>Oferujemy ocen\u0119 techniczn\u0105, relokacj\u0119 oraz&nbsp;monta\u017c urz\u0105dzenia w&nbsp;miejscu docelowym na&nbsp;trenie E.U.<\/p>\n<p>[\/et_pb_text][\/et_pb_column][\/et_pb_row][\/et_pb_section][et_pb_section fb_built=&#8221;1&#8243; admin_label=&#8221;section&#8221; _builder_version=&#8221;4.19.2&#8243; background_color=&#8221;#f8f8f8&#8243; custom_margin=&#8221;-20px||||false|false&#8221; custom_padding=&#8221;0px||||false|false&#8221; transparent_background=&#8221;off&#8221; make_fullwidth=&#8221;off&#8221; use_custom_width=&#8221;off&#8221; width_unit=&#8221;on&#8221; global_colors_info=&#8221;{}&#8221;][et_pb_row column_structure=&#8221;1_2,1_2&#8243; admin_label=&#8221;row&#8221; _builder_version=&#8221;4.19.2&#8243; background_size=&#8221;initial&#8221; background_position=&#8221;top_left&#8221; background_repeat=&#8221;repeat&#8221; custom_margin=&#8221;-20px||||false|false&#8221; global_colors_info=&#8221;{}&#8221;][et_pb_column type=&#8221;1_2&#8243; _builder_version=&#8221;4.16&#8243; custom_padding=&#8221;|||&#8221; global_colors_info=&#8221;{}&#8221; custom_padding__hover=&#8221;|||&#8221;][et_pb_gallery gallery_ids=&#8221;163250,163236,163243&#8243; posts_number=&#8221;1&#8243; show_title_and_caption=&#8221;off&#8221; show_pagination=&#8221;off&#8221; zoom_icon_color=&#8221;#e2001a&#8221; module_class=&#8221;seco-products-gallery-new2025&#8243; _builder_version=&#8221;4.23.1&#8243; custom_margin=&#8221;||||false|false&#8221; custom_css_free_form=&#8221;.et_overlay:before { content: 'GALERIA&#8217; !important; }&#8221; custom_css_overlay_icon=&#8221;content:&#8217;ZOBACZ GALERI\u0118&#8217; !important;&#8221; locked=&#8221;off&#8221; global_colors_info=&#8221;{}&#8221;][\/et_pb_gallery][et_pb_image src=&#8221;https:\/\/www.secowarwick.com\/wp-content\/uploads\/2024\/08\/OSRAM.jpg&#8221; alt=&#8221;Vacuum furnace with gas cooling<br \/>\nunder pressure of 1,5 BAR.<br \/>\nTYPE 2.0VP-4050_48_MS&#8221; align_tablet=&#8221;center&#8221; align_phone=&#8221;&#8221; align_last_edited=&#8221;on|desktop&#8221; _builder_version=&#8221;4.23.1&#8243; global_colors_info=&#8221;{}&#8221;][\/et_pb_image][\/et_pb_column][et_pb_column type=&#8221;1_2&#8243; _builder_version=&#8221;4.16&#8243; custom_padding=&#8221;|||&#8221; global_colors_info=&#8221;{}&#8221; custom_padding__hover=&#8221;|||&#8221;][et_pb_text admin_label=&#8221;apostrof&#8221; module_class=&#8221;przecinek-tlo-nizej&#8221; _builder_version=&#8221;4.23.1&#8243; custom_margin=&#8221;||||false|false&#8221; custom_margin_tablet=&#8221;&#8221; custom_margin_phone=&#8221;&#8221; custom_margin_last_edited=&#8221;on|desktop&#8221; saved_tabs=&#8221;all&#8221; global_colors_info=&#8221;{}&#8221;]<\/p>\n<h2>Dane techniczne:<\/h2>\n<p>[\/et_pb_text][et_pb_text _builder_version=&#8221;4.27.6&#8243; _module_preset=&#8221;default&#8221; hover_enabled=&#8221;0&#8243; global_colors_info=&#8221;{}&#8221; sticky_enabled=&#8221;0&#8243;]<\/p>\n<p>&nbsp;<\/p>\n<table width=\"100%\">\n<tbody>\n<tr>\n<td>STREFA ROBOCZA<\/td>\n<td>\u00a0<\/td>\n<\/tr>\n<tr>\n<td>Wymiary u\u017cyteczne (W\u00a0x\u00a0H\u00a0x\u00a0L)<\/td>\n<td>960 x\u00a0840 x\u00a01200 mm<\/td>\n<\/tr>\n<tr>\n<td>Maksymalna masa wsadu brutto<\/td>\n<td>1500 kg<\/td>\n<\/tr>\n<tr>\n<td>Poziom za\u0142adunku<\/td>\n<td>880 mm<\/td>\n<\/tr>\n<tr>\n<td>\u00a0<\/td>\n<td>\u00a0<\/td>\n<\/tr>\n<tr>\n<td>TEMPERATURA<\/td>\n<td>\u00a0<\/td>\n<\/tr>\n<tr>\n<td>Temperatura nominalna<\/td>\n<td>1400oC<\/td>\n<\/tr>\n<tr>\n<td>Maks. temperatura wypalania<\/td>\n<td>1700oC (maksymalnie przez\u00a0jedn\u0105 godzin\u0119)<\/td>\n<\/tr>\n<tr>\n<td>Rozk\u0142ad temperatury:<\/td>\n<td>\u00a0<\/td>\n<\/tr>\n<tr>\n<td>od\u00a0600\u00b0C do\u00a01400\u00b0C w\u00a0pr\u00f3\u017cni \u00b1 5\u00b0C<\/td>\n<td>\u00a0<\/td>\n<\/tr>\n<tr>\n<td>Rodzaj izolacji termicznej<\/td>\n<td>1. opcja &#8211; ekrany z\u00a0blachy MoLa<br \/>2. opcja &#8211; grafitowa strefa grzejna<\/td>\n<\/tr>\n<tr>\n<td>Moc grzejna<\/td>\n<td>420 kW<\/td>\n<\/tr>\n<tr>\n<td>\u00a0<\/td>\n<td>\u00a0<\/td>\n<\/tr>\n<tr>\n<td>PR\u00d3\u017bNIA<\/td>\n<td>\u00a0<\/td>\n<\/tr>\n<tr>\n<td>Pr\u00f3\u017cnia ostateczna:<\/td>\n<td>1 x 10-7 mbar<\/td>\n<\/tr>\n<tr>\n<td>Naciek<\/td>\n<td>&lt;3&#215;10-3 mbar*l\/s<\/td>\n<\/tr>\n<tr>\n<td>Zakres regulacji ci\u015bnienia cz\u0105stkowego<\/td>\n<td>10-20 mbar<\/td>\n<\/tr>\n<tr>\n<td>Pompa mechaniczna<\/td>\n<td>2 x\u00a0SV 300 Leybold<\/td>\n<\/tr>\n<tr>\n<td>Pompa<\/td>\n<td>Rootsa WH 2500 Leybold<\/td>\n<\/tr>\n<tr>\n<td>\u00a0<\/td>\n<td>\u00a0<\/td>\n<\/tr>\n<tr>\n<td>WYSOKA PR\u00d3\u017bNIA (z\u00a0pomp\u0105 kriogeniczn\u0105)<\/td>\n<td>\u00a0<\/td>\n<\/tr>\n<tr>\n<td>Ostateczna pr\u00f3\u017cnia zakres<\/td>\n<td>10-7 mbar<\/td>\n<\/tr>\n<tr>\n<td>Pompa kriogeniczna<\/td>\n<td>Coolvac 10.000 iCL-V Leybold (z\u00a0kompresorem helowym)<\/td>\n<\/tr>\n<tr>\n<td>Pompa podtrzymuj\u0105ca<\/td>\n<td>D4B Leybold<\/td>\n<\/tr>\n<tr>\n<td>\u00a0<\/td>\n<td>\u00a0<\/td>\n<\/tr>\n<tr>\n<td>OBUDOWA PIECA<\/td>\n<td>\u00a0<\/td>\n<\/tr>\n<tr>\n<td>Materia\u0142<\/td>\n<td>Stal nierdzewna 1.4571 (g\u0142\u00f3wna obudowa)<\/td>\n<\/tr>\n<tr>\n<td>\u00a0<\/td>\n<td>\u00a0<\/td>\n<\/tr>\n<tr>\n<td>SYSTEM CH\u0141ODZENIA GAZOWEGO (dmuchawa zewn\u0119trzna)<\/td>\n<td>\u00a0<\/td>\n<\/tr>\n<tr>\n<td>Moc silnika dmuchawy<\/td>\n<td>Kaeser 15 kW<\/td>\n<\/tr>\n<tr>\n<td>Tryb sterowania dmuchaw\u0105<\/td>\n<td>soft start<\/td>\n<\/tr>\n<tr>\n<td>Gaz ch\u0142odz\u0105cy<\/td>\n<td>Azot lub azot z\u00a02% wodoru<\/td>\n<\/tr>\n<tr>\n<td>Maksymalne ci\u015bnienie hartowania<\/td>\n<td>1,5 bar abs.<\/td>\n<\/tr>\n<tr>\n<td>\u00a0<\/td>\n<td>\u00a0<\/td>\n<\/tr>\n<tr>\n<td>SYSTEM STEROWANIA<\/td>\n<td>\u00a0<\/td>\n<\/tr>\n<tr>\n<td>PLC S7-300 \/ Siemens<\/td>\n<td>\u00a0<\/td>\n<\/tr>\n<tr>\n<td>Interfejs operatora<\/td>\n<td>Siemens SIMATIC IPC 477D 19\u201d ekran dotykowy<\/td>\n<\/tr>\n<tr>\n<td>Oprogramowanie<\/td>\n<td>SCADA \/ HMI Siemens SIMATIC WinCC<\/td>\n<\/tr>\n<tr>\n<td>\u00a0<\/td>\n<td>\u00a0<\/td>\n<\/tr>\n<tr>\n<td>MEDIA<\/td>\n<td>\u00a0<\/td>\n<\/tr>\n<tr>\n<td>Energia elektryczna<\/td>\n<td>3 x\u00a0400 V, 50 Hz 560 kVA<\/td>\n<\/tr>\n<tr>\n<td>Woda ch\u0142odz\u0105ca<\/td>\n<td>2,5 &#8211; 4,0 bar 12 + 15 m3\/h<\/td>\n<\/tr>\n<tr>\n<td>Azot<\/td>\n<td>6 bar 8,5 m3\/cykl<\/td>\n<\/tr>\n<tr>\n<td>Wod\u00f3r<\/td>\n<td>MFC maks. 200 l\/min<\/td>\n<\/tr>\n<tr>\n<td>Spr\u0119\u017cone powietrze<\/td>\n<td>6-8 bar<\/td>\n<\/tr>\n<\/tbody>\n<\/table>\n<p>[\/et_pb_text][\/et_pb_column][\/et_pb_row][\/et_pb_section]<\/p>\n","protected":false},"excerpt":{"rendered":"<p>Informacje og\u00f3lne: \/\u00a0Piec pr\u00f3\u017cniowy z&nbsp;ch\u0142odzeniem gazowym pod&nbsp;ci\u015bnieniem 1,5\u00a0 bar\/\u00a0Producent SECO\/WARWICK\/\u00a0Rok produkcji 2017\/\u00a0Lokalizacja \u2013 magazyn S\/W \u015awiebodzin\/\u00a0Piec zdemontowany znajduj\u0105cy si\u0119\u00a0 na&nbsp;magazynie S\/W\u2013 mo\u017cliwo\u015b\u0107 pod\u0142\u0105czenia i&nbsp;testowania na&nbsp;miejscu\/\u00a0Wysoka pr\u00f3\u017cnia oraz&nbsp;czysto\u015b\u0107 &#8211; &lt;20 ppm ! Obudowa g\u0142\u00f3wna pieca &#8211;\u00a0 stal nierdzewna!\/\u00a0Do ustalenia wyposa\u017cenie pieca w&nbsp;komor\u0119 grafitow\u0105 lub stalow\u0105. Oferujemy ocen\u0119 techniczn\u0105, relokacj\u0119 oraz&nbsp;monta\u017c urz\u0105dzenia w&nbsp;miejscu docelowym na&nbsp;trenie E.U.Dane techniczne:&nbsp; [&hellip;]<\/p>\n","protected":false},"author":2,"featured_media":0,"parent":138631,"menu_order":0,"comment_status":"closed","ping_status":"closed","template":"","meta":{"_acf_changed":false,"_et_pb_use_builder":"on","_et_pb_old_content":"","_et_gb_content_width":"","footnotes":""},"class_list":["post-163269","page","type-page","status-publish"],"acf":[],"_links":{"self":[{"href":"https:\/\/www.secowarwick.com\/pl\/wp-json\/wp\/v2\/pages\/163269","targetHints":{"allow":["GET"]}}],"collection":[{"href":"https:\/\/www.secowarwick.com\/pl\/wp-json\/wp\/v2\/pages"}],"about":[{"href":"https:\/\/www.secowarwick.com\/pl\/wp-json\/wp\/v2\/types\/page"}],"author":[{"embeddable":true,"href":"https:\/\/www.secowarwick.com\/pl\/wp-json\/wp\/v2\/users\/2"}],"replies":[{"embeddable":true,"href":"https:\/\/www.secowarwick.com\/pl\/wp-json\/wp\/v2\/comments?post=163269"}],"version-history":[{"count":9,"href":"https:\/\/www.secowarwick.com\/pl\/wp-json\/wp\/v2\/pages\/163269\/revisions"}],"predecessor-version":[{"id":192306,"href":"https:\/\/www.secowarwick.com\/pl\/wp-json\/wp\/v2\/pages\/163269\/revisions\/192306"}],"up":[{"embeddable":true,"href":"https:\/\/www.secowarwick.com\/pl\/wp-json\/wp\/v2\/pages\/138631"}],"wp:attachment":[{"href":"https:\/\/www.secowarwick.com\/pl\/wp-json\/wp\/v2\/media?parent=163269"}],"curies":[{"name":"wp","href":"https:\/\/api.w.org\/{rel}","templated":true}]}}