{"id":163544,"date":"2024-09-02T14:37:52","date_gmt":"2024-09-02T12:37:52","guid":{"rendered":"https:\/\/www.secowarwick.com\/?page_id=163544"},"modified":"2024-09-17T10:20:03","modified_gmt":"2024-09-17T08:20:03","slug":"seco-generation","status":"publish","type":"page","link":"https:\/\/www.secowarwick.com\/pl\/karierar4\/seco-generation\/","title":{"rendered":"SECO\/GENERATION \u2013 Praktyki i sta\u017ce"},"content":{"rendered":"<p>[et_pb_section fb_built=&#8221;1&#8243; _builder_version=&#8221;4.16&#8243; global_colors_info=&#8221;{}&#8221;][et_pb_row column_structure=&#8221;2_3,1_3&#8243; _builder_version=&#8221;4.16&#8243; custom_margin=&#8221;||0px|&#8221; custom_padding=&#8221;||0px|&#8221; global_colors_info=&#8221;{}&#8221;][et_pb_column type=&#8221;2_3&#8243; _builder_version=&#8221;4.16&#8243; custom_padding=&#8221;|||&#8221; global_colors_info=&#8221;{}&#8221; custom_padding__hover=&#8221;|||&#8221;][\/et_pb_column][et_pb_column type=&#8221;1_3&#8243; _builder_version=&#8221;4.16&#8243; custom_padding=&#8221;|||&#8221; global_colors_info=&#8221;{}&#8221; custom_padding__hover=&#8221;|||&#8221;][\/et_pb_column][\/et_pb_row][et_pb_row column_structure=&#8221;2_3,1_3&#8243; _builder_version=&#8221;4.16&#8243; global_colors_info=&#8221;{}&#8221;][et_pb_column type=&#8221;2_3&#8243; _builder_version=&#8221;4.16&#8243; custom_padding=&#8221;|||&#8221; global_colors_info=&#8221;{}&#8221; custom_padding__hover=&#8221;|||&#8221;][et_pb_text admin_label=&#8221;stanowisko&#8221; module_class=&#8221;kariera2021-h1&#8243; _builder_version=&#8221;4.23.1&#8243; header_font=&#8221;Titillium Web||||||||&#8221; global_colors_info=&#8221;{}&#8221;]<\/p>\n<h1>SECO\/GENERATION \u2013 PRAKTYKI I STA\u017bE<\/h1>\n<p>[\/et_pb_text][et_pb_text module_class=&#8221;kariera2021-fakty&#8221; _builder_version=&#8221;4.23.1&#8243; global_colors_info=&#8221;{}&#8221;]<\/p>\n<p>Jeste\u015b uczniem, studentem lub absolwentem i zastanawiasz si\u0119 jak rozpocz\u0105\u0107 swoj\u0105 karier\u0119? Szukasz przyjaznego miejsca do rozwoju i nauki? Wa\u017cne s\u0105 dla Ciebie praktyczne umiej\u0119tno\u015bci i profesjonalne wsparcie?<\/p>\n<p>Zdobycie pierwszych do\u015bwiadcze\u0144 zawodowych jeszcze przed uko\u0144czeniem kszta\u0142cenia znacznie zwi\u0119ksza szans\u0119 na szybszy rozw\u00f3j kariery zawodowej i \u0142atwiejsze wej\u015bcie w rynek pracy. Dlatego od lat w ramach SECO\/GENERATION, powo\u0142anego w celu wsparcia uczni\u00f3w i student\u00f3w w kszta\u0142ceniu ich kompetencji specjalistycznych, wsp\u00f3\u0142pracujemy z o\u015brodkami kszta\u0142cenia i kszta\u0142cimy nowe pokolenia in\u017cynier\u00f3w, technik\u00f3w i specjalist\u00f3w. Pod okiem do\u015bwiadczonej kadry oraz przy wsparciu opiekun\u00f3w, mentor\u00f3w i zespo\u0142u mo\u017cecie pozna\u0107 bli\u017cej tajniki pracy w firmie projektowo-produkcyjnej, zdoby\u0107 cenne do\u015bwiadczenie i by\u0107 mo\u017ce\u2026 poczu\u0107 pasj\u0119 do obr\u00f3bki cieplnej \ud83d\ude09<\/p>\n<p>&nbsp;<\/p>\n<h2>W RAMACH SECO\/GENERATION OFERUJEMY PRAKTYKI I STA\u017bE W R\u00d3\u017bNYCH DZIA\u0141ACH, M.IN.:<\/h2>\n<p><strong><span style=\"color: #dc291e;\">\/ <\/span>Dzia\u0142 Automatyzacji Rozwi\u0105za\u0144 Cyfrowych<\/strong>: idealny dla student\u00f3w kierunk\u00f3w automatyka, robotyka czy mechatronika.<\/p>\n<p><strong><span style=\"color: #dc291e;\">\/ <\/span>Dzia\u0142 Integracji i Rozwoju System\u00f3w oraz Us\u0142ug Informatycznych<\/strong>: zapraszamy uczni\u00f3w i student\u00f3w informatyki, telekomunikacji, programowania.<\/p>\n<p><strong><span style=\"color: #dc291e;\">\/ <\/span>Produkcja i Monta\u017c:<\/strong> przyjmujemy elektryk\u00f3w, mechanik\u00f3w, \u015blusarzy, operator\u00f3w CNC, student\u00f3w kierunk\u00f3w technicznych.<\/p>\n<p><strong><span style=\"color: #dc291e;\">\/ <\/span>Dzia\u0142 Konstrukcyjny<\/strong>: miejsce dla przysz\u0142ych in\u017cynier\u00f3w, konstruktor\u00f3w, student\u00f3w mechaniki i budowy maszyn, zarz\u0105dzania i in\u017cynierii produkcji, mechaniki i pokrewnych.<\/p>\n<p><strong><span style=\"color: #dc291e;\">\/ <\/span>Dzia\u0142 Transportu i Procedur Celnych<\/strong> <strong>oraz Dzia\u0142 Zakup\u00f3w:<\/strong> oferujemy praktyki dla uczni\u00f3w\/student\u00f3w logistyki, zarz\u0105dzania transportem, magazynowania.<\/p>\n<p><strong><span style=\"color: #dc291e;\">\/<\/span>Dzia\u0142 R&amp;D: <\/strong>idealne miejsce dla przysz\u0142ych technolog\u00f3w obr\u00f3bki cieplnej, in\u017cynier\u00f3w czy pasjonat\u00f3w oblicze\u0144 MES.<\/p>\n<p>Daj nam zna\u0107, w jakim dziale chcesz zdobywa\u0107 do\u015bwiadczenie, a my sprawdzimy nasze mo\u017cliwo\u015bci.*<\/p>\n<p>&nbsp;<\/p>\n<h2>MO\u017bESZ ZYSKA\u0106:<\/h2>\n<p><strong><span style=\"color: #dc291e;\">\/ <\/span><\/strong>Nauk\u0119 pod okiem profesjonalist\u00f3w z bran\u017cy<br \/><strong><span style=\"color: #dc291e;\">\/ <\/span><\/strong>Rozw\u00f3j praktycznych umiej\u0119tno\u015bci<br \/><strong><span style=\"color: #dc291e;\">\/ <\/span><\/strong>Do\u015bwiadczenie w pracy w mi\u0119dzynarodowej firmie<br \/><strong><span style=\"color: #dc291e;\">\/ <\/span><\/strong>Mo\u017cliwo\u015b\u0107 dalszego rozwoju kariery w SECO\/WARWICK<\/p>\n<p>*ilo\u015b\u0107 miejsc jest ograniczona, decyduje kolejno\u015b\u0107 zg\u0142osze\u0144<\/p>\n<p>[\/et_pb_text][et_pb_text _builder_version=&#8221;4.23.1&#8243; _module_preset=&#8221;default&#8221; global_colors_info=&#8221;{}&#8221;]<\/p>\n<p>Przed z\u0142o\u017ceniem aplikacji zapoznaj si\u0119 z informacj\u0105 o przetwarzaniu Twoich danych osobowych <a href=\"https:\/\/www.secowarwick.com\/wp-content\/uploads\/2024\/06\/Zal.-39-Klauzula-informacyjna-RODO-dla-Praktykantow.pdf\" target=\"_blank\" rel=\"noopener\">tutaj<\/a>.<\/p>\n<p>[\/et_pb_text][et_pb_text _builder_version=&#8221;4.23.1&#8243; _module_preset=&#8221;default&#8221; hover_enabled=&#8221;0&#8243; global_colors_info=&#8221;{}&#8221; sticky_enabled=&#8221;0&#8243;]<\/p>\n<p style=\"text-align: center;\"><a class=\"small-button smallred\" style=\"font-size: 15px; padding: 10px 40px;\" href=\"https:\/\/secowarwick.elementapp.ai\/application\/v2\/6327126b-bd68-4071-82cd-efec330dfe90\/44a97225-6223-4c53-9118-27fe0bce62d7?source=097a9a2e-ba26-4e9e-a0cc-d740d7204a6c\" target=\"_blank\" rel=\"noopener\"><span style=\"display: block; transform: skew(15deg,0deg); -webkit-transform: skew(15deg,0deg); font-size: 15px;\">APLIKUJ<\/span><\/a><\/p>\n<p>[\/et_pb_text][\/et_pb_column][et_pb_column type=&#8221;1_3&#8243; module_class=&#8221;kariera2021-prawa-kolumna&#8221; _builder_version=&#8221;4.16&#8243; custom_padding=&#8221;|||&#8221; global_colors_info=&#8221;{}&#8221; custom_padding__hover=&#8221;|||&#8221;][et_pb_text _builder_version=&#8221;4.23.1&#8243; _module_preset=&#8221;default&#8221; global_colors_info=&#8221;{}&#8221;]<\/p>\n<p>Przed z\u0142o\u017ceniem aplikacji zapoznaj si\u0119 z informacj\u0105 o przetwarzaniu Twoich danych osobowych <a href=\"https:\/\/www.secowarwick.com\/wp-content\/uploads\/2024\/06\/Zal.-39-Klauzula-informacyjna-RODO-dla-Praktykantow.pdf\" target=\"_blank\" rel=\"noopener\">tutaj<\/a>.<\/p>\n<p>[\/et_pb_text][et_pb_text module_class=&#8221;kariera2021-aplikuj-teraz&#8221; _builder_version=&#8221;4.23.1&#8243; global_colors_info=&#8221;{}&#8221;]<\/p>\n<p><a href=\"https:\/\/secowarwick.elementapp.ai\/application\/v2\/6327126b-bd68-4071-82cd-efec330dfe90\/44a97225-6223-4c53-9118-27fe0bce62d7?source=097a9a2e-ba26-4e9e-a0cc-d740d7204a6c\" target=\"_blank\" rel=\"noopener\">APLIKUJ TERAZ<\/a><\/p>\n<p>[\/et_pb_text][et_pb_text admin_label=&#8221;FAKTY W PIGU\u0141CE&#8221; module_class=&#8221;kariera2021-fakty&#8221; _builder_version=&#8221;4.23.1&#8243; global_colors_info=&#8221;{}&#8221;]<\/p>\n<h3>MASZ PYTANIA?<\/h3>\n<p><strong>Skontaktuj si\u0119 z nami:<\/strong><br \/><strong>Aleksandra Noga<\/strong><br \/><strong>E-mail:<\/strong> <span style=\"color: #dc291e;\">aleksandra.noga@secowarwick.com<\/span><br \/><strong>Tel:<\/strong> <span style=\"color: #dc291e;\">+48 734 935 723<\/span><\/p>\n<p>[\/et_pb_text][\/et_pb_column][\/et_pb_row][\/et_pb_section][et_pb_section fb_built=&#8221;1&#8243; _builder_version=&#8221;4.16&#8243; custom_padding=&#8221;0px||0px|&#8221; custom_css_main_element=&#8221;max-width: 1080px;||margin-left: auto;||margin-right: auto;&#8221; global_colors_info=&#8221;{}&#8221;][et_pb_row _builder_version=&#8221;4.19.2&#8243; _module_preset=&#8221;default&#8221; global_colors_info=&#8221;{}&#8221;][et_pb_column type=&#8221;4_4&#8243; _builder_version=&#8221;4.19.2&#8243; _module_preset=&#8221;default&#8221; global_colors_info=&#8221;{}&#8221;][\/et_pb_column][\/et_pb_row][\/et_pb_section]<\/p>\n","protected":false},"excerpt":{"rendered":"<p>SECO\/GENERATION \u2013 PRAKTYKI I STA\u017bEJeste\u015b uczniem, studentem lub absolwentem i zastanawiasz si\u0119 jak rozpocz\u0105\u0107 swoj\u0105 karier\u0119? Szukasz przyjaznego miejsca do rozwoju i nauki? Wa\u017cne s\u0105 dla Ciebie praktyczne umiej\u0119tno\u015bci i profesjonalne wsparcie? Zdobycie pierwszych do\u015bwiadcze\u0144 zawodowych jeszcze przed uko\u0144czeniem kszta\u0142cenia znacznie zwi\u0119ksza szans\u0119 na szybszy rozw\u00f3j kariery zawodowej i \u0142atwiejsze wej\u015bcie w rynek pracy. Dlatego [&hellip;]<\/p>\n","protected":false},"author":2,"featured_media":0,"parent":90568,"menu_order":0,"comment_status":"closed","ping_status":"closed","template":"","meta":{"_acf_changed":false,"_et_pb_use_builder":"on","_et_pb_old_content":"","_et_gb_content_width":"","footnotes":""},"class_list":["post-163544","page","type-page","status-publish"],"acf":[],"_links":{"self":[{"href":"https:\/\/www.secowarwick.com\/pl\/wp-json\/wp\/v2\/pages\/163544","targetHints":{"allow":["GET"]}}],"collection":[{"href":"https:\/\/www.secowarwick.com\/pl\/wp-json\/wp\/v2\/pages"}],"about":[{"href":"https:\/\/www.secowarwick.com\/pl\/wp-json\/wp\/v2\/types\/page"}],"author":[{"embeddable":true,"href":"https:\/\/www.secowarwick.com\/pl\/wp-json\/wp\/v2\/users\/2"}],"replies":[{"embeddable":true,"href":"https:\/\/www.secowarwick.com\/pl\/wp-json\/wp\/v2\/comments?post=163544"}],"version-history":[{"count":9,"href":"https:\/\/www.secowarwick.com\/pl\/wp-json\/wp\/v2\/pages\/163544\/revisions"}],"predecessor-version":[{"id":164281,"href":"https:\/\/www.secowarwick.com\/pl\/wp-json\/wp\/v2\/pages\/163544\/revisions\/164281"}],"up":[{"embeddable":true,"href":"https:\/\/www.secowarwick.com\/pl\/wp-json\/wp\/v2\/pages\/90568"}],"wp:attachment":[{"href":"https:\/\/www.secowarwick.com\/pl\/wp-json\/wp\/v2\/media?parent=163544"}],"curies":[{"name":"wp","href":"https:\/\/api.w.org\/{rel}","templated":true}]}}