{"id":164419,"date":"2024-09-20T07:32:10","date_gmt":"2024-09-20T05:32:10","guid":{"rendered":"https:\/\/www.secowarwick.com\/piec-przemyslowy-z-drugiej-reki\/electric-furnace-with-a-rotary-hearth\/"},"modified":"2025-04-23T14:01:03","modified_gmt":"2025-04-23T12:01:03","slug":"piec-elektryczny-z-obrotowym-trzonem","status":"publish","type":"page","link":"https:\/\/www.secowarwick.com\/pl\/piec-przemyslowy-z-drugiej-reki\/piec-elektryczny-z-obrotowym-trzonem\/","title":{"rendered":"Piec elektryczny z obrotowym trzonem TYPU RHE-230\/1000A wraz z wann\u0105 wodn\u0105"},"content":{"rendered":"<p>[et_pb_section fb_built=&#8221;1&#8243; admin_label=&#8221;section&#8221; _builder_version=&#8221;4.16&#8243; custom_padding=&#8221;0px|||&#8221; transparent_background=&#8221;off&#8221; make_fullwidth=&#8221;off&#8221; use_custom_width=&#8221;off&#8221; width_unit=&#8221;on&#8221; global_colors_info=&#8221;{}&#8221;][et_pb_row admin_label=&#8221;row&#8221; _builder_version=&#8221;4.16&#8243; background_size=&#8221;initial&#8221; background_position=&#8221;top_left&#8221; background_repeat=&#8221;repeat&#8221; custom_padding=&#8221;0px|||&#8221; make_fullwidth=&#8221;off&#8221; use_custom_width=&#8221;off&#8221; width_unit=&#8221;on&#8221; global_colors_info=&#8221;{}&#8221;][et_pb_column type=&#8221;4_4&#8243; _builder_version=&#8221;4.16&#8243; custom_padding=&#8221;|||&#8221; global_colors_info=&#8221;{}&#8221; custom_padding__hover=&#8221;|||&#8221;][et_pb_divider show_divider=&#8221;off&#8221; _builder_version=&#8221;4.16&#8243; _module_preset=&#8221;default&#8221; global_colors_info=&#8221;{}&#8221;][\/et_pb_divider][\/et_pb_column][\/et_pb_row][et_pb_row admin_label=&#8221;row&#8221; _builder_version=&#8221;4.16&#8243; background_size=&#8221;initial&#8221; background_position=&#8221;top_left&#8221; background_repeat=&#8221;repeat&#8221; custom_padding=&#8221;0px|||&#8221; make_fullwidth=&#8221;off&#8221; use_custom_width=&#8221;off&#8221; width_unit=&#8221;on&#8221; global_colors_info=&#8221;{}&#8221;][et_pb_column type=&#8221;4_4&#8243; _builder_version=&#8221;4.16&#8243; custom_padding=&#8221;|||&#8221; global_colors_info=&#8221;{}&#8221; custom_padding__hover=&#8221;|||&#8221;][et_pb_text module_class=&#8221;red-square-list-parent&#8221; _builder_version=&#8221;4.23.1&#8243; background_size=&#8221;initial&#8221; background_position=&#8221;top_left&#8221; background_repeat=&#8221;repeat&#8221; use_border_color=&#8221;off&#8221; global_colors_info=&#8221;{}&#8221;]<\/p>\n<h3>Informacje og\u00f3lne:<\/h3>\n<p><strong><span style=\"color: #dc291e;\">\/<\/span><\/strong>\u00a0Elektryczny piec z&nbsp;obrotowym trzonem typu RHE-230\/1000A wraz z&nbsp;wann\u0105 wodn\u0105 przeznaczony do&nbsp;realizacji proces\u00f3w obr\u00f3bki cieplnej detali stalowych w&nbsp;temperaturze do&nbsp;1000\u00b0C, bez&nbsp;atmosfery ochronnej.<br \/><strong><span style=\"color: #dc291e;\">\/<\/span><\/strong>\u00a0Producent: SECO\/WARWICK<br \/><strong><span style=\"color: #dc291e;\">\/<\/span><\/strong>\u00a0Rok produkcji: 2014<br \/><strong><span style=\"color: #dc291e;\">\/<\/span><\/strong>\u00a0Lokalizacja: Polska po\u0142udniowa<br \/><strong><span style=\"color: #dc291e;\">\/<\/span><\/strong>\u00a0Piec po&nbsp;pierwszym uruchomieniu i&nbsp;testach nigdy nie&nbsp;by\u0142 u\u017cywany ze&nbsp;wzgl\u0119du na&nbsp;zmian\u0119 profilu dzia\u0142alno\u015bci w\u0142a\u015bciciela.<br \/><strong><span style=\"color: #dc291e;\">\/<\/span><\/strong>\u00a0Mo\u017cliwo\u015b\u0107 pod\u0142\u0105czenia i&nbsp;testowania na&nbsp;miejscu po&nbsp;wcze\u015bniejszym uzgodnieniu.<\/p>\n<p>Oferujemy ocen\u0119 techniczn\u0105, relokacj\u0119 oraz&nbsp;monta\u017c urz\u0105dzenia w&nbsp;miejscu docelowym na&nbsp;trenie E.U.<\/p>\n<p>[\/et_pb_text][\/et_pb_column][\/et_pb_row][\/et_pb_section][et_pb_section fb_built=&#8221;1&#8243; admin_label=&#8221;section&#8221; _builder_version=&#8221;4.19.2&#8243; background_color=&#8221;#f8f8f8&#8243; custom_margin=&#8221;-20px||||false|false&#8221; custom_padding=&#8221;0px||||false|false&#8221; transparent_background=&#8221;off&#8221; make_fullwidth=&#8221;off&#8221; use_custom_width=&#8221;off&#8221; width_unit=&#8221;on&#8221; global_colors_info=&#8221;{}&#8221;][et_pb_row column_structure=&#8221;1_2,1_2&#8243; admin_label=&#8221;row&#8221; _builder_version=&#8221;4.19.2&#8243; background_size=&#8221;initial&#8221; background_position=&#8221;top_left&#8221; background_repeat=&#8221;repeat&#8221; custom_margin=&#8221;-20px||||false|false&#8221; global_colors_info=&#8221;{}&#8221;][et_pb_column type=&#8221;1_2&#8243; _builder_version=&#8221;4.16&#8243; custom_padding=&#8221;|||&#8221; global_colors_info=&#8221;{}&#8221; custom_padding__hover=&#8221;|||&#8221;][et_pb_gallery gallery_ids=&#8221;164384,164391,164398,164405,164412,164376&#8243; posts_number=&#8221;1&#8243; show_title_and_caption=&#8221;off&#8221; show_pagination=&#8221;off&#8221; zoom_icon_color=&#8221;#e2001a&#8221; module_class=&#8221;seco-products-gallery-new2025&#8243; _builder_version=&#8221;4.23.1&#8243; custom_margin=&#8221;||||false|false&#8221; hover_enabled=&#8221;0&#8243; custom_css_free_form=&#8221;.et_overlay:before { content: 'GALERIA&#8217; !important; }&#8221; locked=&#8221;off&#8221; global_colors_info=&#8221;{}&#8221; sticky_enabled=&#8221;0&#8243;][\/et_pb_gallery][et_pb_image src=&#8221;https:\/\/www.secowarwick.com\/wp-content\/uploads\/2024\/09\/Piec-obrotowy-RHE_cover.jpg&#8221; alt=&#8221;Piec elektryczny z\u00a0obrotowym trzonem TYPU RHE-230\/1000A wraz z\u00a0wann\u0105 wodn\u0105&#8221; align_tablet=&#8221;center&#8221; align_phone=&#8221;&#8221; align_last_edited=&#8221;on|desktop&#8221; _builder_version=&#8221;4.23.1&#8243; global_colors_info=&#8221;{}&#8221;][\/et_pb_image][\/et_pb_column][et_pb_column type=&#8221;1_2&#8243; _builder_version=&#8221;4.16&#8243; custom_padding=&#8221;|||&#8221; global_colors_info=&#8221;{}&#8221; custom_padding__hover=&#8221;|||&#8221;][et_pb_text admin_label=&#8221;apostrof&#8221; module_class=&#8221;przecinek-tlo-nizej&#8221; _builder_version=&#8221;4.23.1&#8243; custom_margin=&#8221;||||false|false&#8221; custom_margin_tablet=&#8221;&#8221; custom_margin_phone=&#8221;&#8221; custom_margin_last_edited=&#8221;on|desktop&#8221; saved_tabs=&#8221;all&#8221; global_colors_info=&#8221;{}&#8221;]<\/p>\n<h2>Dane techniczne:<\/h2>\n<p>[\/et_pb_text][et_pb_text _builder_version=&#8221;4.23.1&#8243; _module_preset=&#8221;default&#8221; global_colors_info=&#8221;{}&#8221;]<\/p>\n<p>&nbsp;<\/p>\n<table width=\"100%\">\n<tbody>\n<tr>\n<td>Temperatura znamionowa<\/td>\n<td>1000\u00b0C<\/td>\n<\/tr>\n<tr>\n<td>Masa wsadu w&nbsp;piecu<\/td>\n<td>netto 400 kg<\/td>\n<\/tr>\n<tr>\n<td>Wymiary okna wsadowego<\/td>\n<td>H-700,W-450<\/td>\n<\/tr>\n<tr>\n<td>Poziom roboczy pieca<\/td>\n<td>1020 mm<\/td>\n<\/tr>\n<tr>\n<td>Pr\u0105d pe\u0142nego obci\u0105\u017cenia<\/td>\n<td>1050 A<\/td>\n<\/tr>\n<tr>\n<td>Moc element\u00f3w grzejnych<\/td>\n<td>166 kW<\/td>\n<\/tr>\n<tr>\n<td>Napi\u0119cie znamionowe<\/td>\n<td>3&#215;400\/230 V<\/td>\n<\/tr>\n<tr>\n<td>Cz\u0119stotliwo\u015b\u0107 pr\u0105du<\/td>\n<td>50 Hz<\/td>\n<\/tr>\n<tr>\n<td>Zu\u017cycie wody ch\u0142odz\u0105cej (0,2\u00f70,5 MPa)<\/td>\n<td>3 m3\/h<\/td>\n<\/tr>\n<tr>\n<td>Moc motoreduktora nap\u0119du trzonu<\/td>\n<td>0.25 kW<\/td>\n<\/tr>\n<tr>\n<td><strong>Wymiary okna za\u0142adowczo-wy\u0142adowczego:<\/strong><\/td>\n<td>\u00a0<\/td>\n<\/tr>\n<tr>\n<td>&#8211; szeroko\u015b\u0107<\/td>\n<td>700 mm<\/td>\n<\/tr>\n<tr>\n<td>&#8211; wysoko\u015b\u0107<\/td>\n<td>450 mm<\/td>\n<\/tr>\n<tr>\n<td>Nap\u0119d drzwi<\/td>\n<td>pneumatyczny<\/td>\n<\/tr>\n<tr>\n<td>Zewn\u0119trzna temperatura \u015bcian<\/td>\n<td>\u2264 80\u00b0C<\/td>\n<\/tr>\n<tr>\n<td>Cyfrowy regulator temperatury<\/td>\n<td>zabezpieczaj\u0105cy<\/td>\n<\/tr>\n<tr>\n<td>Sterownik logiczny PLC<\/td>\n<td>S-7 Siemens<\/td>\n<\/tr>\n<tr>\n<td>Panel operatorski<\/td>\n<td>Pro-Face 10,4\u2019\u2019<\/td>\n<\/tr>\n<tr>\n<td><strong>Wymiary gabarytowe pieca:<\/strong><\/td>\n<td>\u00a0<\/td>\n<\/tr>\n<tr>\n<td>&#8211; szeroko\u015b\u0107<\/td>\n<td>~ 3700 mm<\/td>\n<\/tr>\n<tr>\n<td>&#8211; d\u0142ugo\u015b\u0107<\/td>\n<td>~ 4200 mm<\/td>\n<\/tr>\n<tr>\n<td>&#8211; wysoko\u015b\u0107 (z&nbsp;okapem)<\/td>\n<td>~ 3260 mm<\/td>\n<\/tr>\n<tr>\n<td>Masa pieca (bez&nbsp;wsadu)<\/td>\n<td>~ 9000 kg<\/td>\n<\/tr>\n<\/tbody>\n<\/table>\n<p>[\/et_pb_text][\/et_pb_column][\/et_pb_row][\/et_pb_section]<\/p>\n","protected":false},"excerpt":{"rendered":"<p>Informacje og\u00f3lne: \/\u00a0Elektryczny piec z&nbsp;obrotowym trzonem typu RHE-230\/1000A wraz z&nbsp;wann\u0105 wodn\u0105 przeznaczony do&nbsp;realizacji proces\u00f3w obr\u00f3bki cieplnej detali stalowych w&nbsp;temperaturze do&nbsp;1000\u00b0C, bez&nbsp;atmosfery ochronnej.\/\u00a0Producent: SECO\/WARWICK\/\u00a0Rok produkcji: 2014\/\u00a0Lokalizacja: Polska po\u0142udniowa\/\u00a0Piec po&nbsp;pierwszym uruchomieniu i&nbsp;testach nigdy nie&nbsp;by\u0142 u\u017cywany ze&nbsp;wzgl\u0119du na&nbsp;zmian\u0119 profilu dzia\u0142alno\u015bci w\u0142a\u015bciciela.\/\u00a0Mo\u017cliwo\u015b\u0107 pod\u0142\u0105czenia i&nbsp;testowania na&nbsp;miejscu po&nbsp;wcze\u015bniejszym uzgodnieniu. Oferujemy ocen\u0119 techniczn\u0105, relokacj\u0119 oraz&nbsp;monta\u017c urz\u0105dzenia w&nbsp;miejscu docelowym na&nbsp;trenie E.U.Dane techniczne:&nbsp; Temperatura [&hellip;]<\/p>\n","protected":false},"author":2,"featured_media":164376,"parent":138631,"menu_order":0,"comment_status":"closed","ping_status":"closed","template":"","meta":{"_acf_changed":false,"_et_pb_use_builder":"on","_et_pb_old_content":"","_et_gb_content_width":"","footnotes":""},"class_list":["post-164419","page","type-page","status-publish","has-post-thumbnail"],"acf":[],"_links":{"self":[{"href":"https:\/\/www.secowarwick.com\/pl\/wp-json\/wp\/v2\/pages\/164419","targetHints":{"allow":["GET"]}}],"collection":[{"href":"https:\/\/www.secowarwick.com\/pl\/wp-json\/wp\/v2\/pages"}],"about":[{"href":"https:\/\/www.secowarwick.com\/pl\/wp-json\/wp\/v2\/types\/page"}],"author":[{"embeddable":true,"href":"https:\/\/www.secowarwick.com\/pl\/wp-json\/wp\/v2\/users\/2"}],"replies":[{"embeddable":true,"href":"https:\/\/www.secowarwick.com\/pl\/wp-json\/wp\/v2\/comments?post=164419"}],"version-history":[{"count":7,"href":"https:\/\/www.secowarwick.com\/pl\/wp-json\/wp\/v2\/pages\/164419\/revisions"}],"predecessor-version":[{"id":176572,"href":"https:\/\/www.secowarwick.com\/pl\/wp-json\/wp\/v2\/pages\/164419\/revisions\/176572"}],"up":[{"embeddable":true,"href":"https:\/\/www.secowarwick.com\/pl\/wp-json\/wp\/v2\/pages\/138631"}],"wp:featuredmedia":[{"embeddable":true,"href":"https:\/\/www.secowarwick.com\/pl\/wp-json\/wp\/v2\/media\/164376"}],"wp:attachment":[{"href":"https:\/\/www.secowarwick.com\/pl\/wp-json\/wp\/v2\/media?parent=164419"}],"curies":[{"name":"wp","href":"https:\/\/api.w.org\/{rel}","templated":true}]}}