{"id":164526,"date":"2024-09-21T09:48:09","date_gmt":"2024-09-21T07:48:09","guid":{"rendered":"https:\/\/www.secowarwick.com\/piec-przemyslowy-z-drugiej-reki\/industrial-roller-washing-machine\/"},"modified":"2025-04-23T13:59:48","modified_gmt":"2025-04-23T11:59:48","slug":"myjnia-przemyslowa-rolkowa","status":"publish","type":"page","link":"https:\/\/www.secowarwick.com\/pl\/piec-przemyslowy-z-drugiej-reki\/myjnia-przemyslowa-rolkowa\/","title":{"rendered":"Myjnia  przemys\u0142owa rolkowa"},"content":{"rendered":"<p>[et_pb_section fb_built=&#8221;1&#8243; admin_label=&#8221;section&#8221; _builder_version=&#8221;4.16&#8243; custom_padding=&#8221;0px|||&#8221; transparent_background=&#8221;off&#8221; make_fullwidth=&#8221;off&#8221; use_custom_width=&#8221;off&#8221; width_unit=&#8221;on&#8221; global_colors_info=&#8221;{}&#8221;][et_pb_row admin_label=&#8221;row&#8221; _builder_version=&#8221;4.16&#8243; background_size=&#8221;initial&#8221; background_position=&#8221;top_left&#8221; background_repeat=&#8221;repeat&#8221; custom_padding=&#8221;0px|||&#8221; make_fullwidth=&#8221;off&#8221; use_custom_width=&#8221;off&#8221; width_unit=&#8221;on&#8221; global_colors_info=&#8221;{}&#8221;][et_pb_column type=&#8221;4_4&#8243; _builder_version=&#8221;4.16&#8243; custom_padding=&#8221;|||&#8221; global_colors_info=&#8221;{}&#8221; custom_padding__hover=&#8221;|||&#8221;][et_pb_divider show_divider=&#8221;off&#8221; _builder_version=&#8221;4.16&#8243; _module_preset=&#8221;default&#8221; global_colors_info=&#8221;{}&#8221;][\/et_pb_divider][\/et_pb_column][\/et_pb_row][et_pb_row admin_label=&#8221;row&#8221; _builder_version=&#8221;4.16&#8243; background_size=&#8221;initial&#8221; background_position=&#8221;top_left&#8221; background_repeat=&#8221;repeat&#8221; custom_padding=&#8221;0px|||&#8221; make_fullwidth=&#8221;off&#8221; use_custom_width=&#8221;off&#8221; width_unit=&#8221;on&#8221; global_colors_info=&#8221;{}&#8221;][et_pb_column type=&#8221;4_4&#8243; _builder_version=&#8221;4.16&#8243; custom_padding=&#8221;|||&#8221; global_colors_info=&#8221;{}&#8221; custom_padding__hover=&#8221;|||&#8221;][et_pb_text module_class=&#8221;red-square-list-parent&#8221; _builder_version=&#8221;4.23.1&#8243; background_size=&#8221;initial&#8221; background_position=&#8221;top_left&#8221; background_repeat=&#8221;repeat&#8221; use_border_color=&#8221;off&#8221; global_colors_info=&#8221;{}&#8221;]<\/p>\n<h3>General information:<\/h3>\n<p><strong><span style=\"color: #dc291e;\">\/<\/span><\/strong> Myjnia przemys\u0142owa rolkowa z&nbsp;funkcj\u0105 mycia, p\u0142ukania i&nbsp;suszenia<br \/><strong><span style=\"color: #dc291e;\">\/<\/span><\/strong> Producent: ILVET s.r.l.<br \/><strong><span style=\"color: #dc291e;\">\/<\/span><\/strong> Rok produkcji 2013<br \/><strong><span style=\"color: #dc291e;\">\/<\/span><\/strong> Lokalizacja \u2013 Polska \u2013 Magazyn SECO\/WARWICK<br \/><strong><span style=\"color: #dc291e;\">\/<\/span><\/strong> Urz\u0105dzenie wy\u0142\u0105czone z&nbsp;u\u017cytkowania: mo\u017cliwo\u015b\u0107 pod\u0142\u0105czenia i&nbsp;testowania<br \/><strong><span style=\"color: #dc291e;\">\/<\/span><\/strong> Stan: Bardzo dobry. Urz\u0105dzenie nigdy nie&nbsp;pracowa\u0142o \u2013 anulowanie kontraktu przez&nbsp;klienta. Myjnia dedykowana do&nbsp;pracy ci\u0105g\u0142ej \u2013 pier\u015bcienie \u0142o\u017cyskowe z&nbsp;mo\u017cliwo\u015bci\u0105 adaptacji pod&nbsp;inne procesy produkcyjne<\/p>\n<p>Oferujemy ocen\u0119 techniczn\u0105, relokacj\u0119 oraz&nbsp;monta\u017c urz\u0105dzenia w&nbsp;miejscu docelowym na&nbsp;trenie E.U. a&nbsp;tak\u017ce adaptacj\u0119 pod&nbsp;konkretne urz\u0105dzenia\/procesy Klienta. <\/p>\n<p>[\/et_pb_text][\/et_pb_column][\/et_pb_row][\/et_pb_section][et_pb_section fb_built=&#8221;1&#8243; admin_label=&#8221;section&#8221; _builder_version=&#8221;4.19.2&#8243; background_color=&#8221;#f8f8f8&#8243; custom_margin=&#8221;-20px||||false|false&#8221; custom_padding=&#8221;0px||||false|false&#8221; transparent_background=&#8221;off&#8221; make_fullwidth=&#8221;off&#8221; use_custom_width=&#8221;off&#8221; width_unit=&#8221;on&#8221; global_colors_info=&#8221;{}&#8221;][et_pb_row column_structure=&#8221;1_2,1_2&#8243; admin_label=&#8221;row&#8221; _builder_version=&#8221;4.19.2&#8243; background_size=&#8221;initial&#8221; background_position=&#8221;top_left&#8221; background_repeat=&#8221;repeat&#8221; custom_margin=&#8221;-20px||||false|false&#8221; global_colors_info=&#8221;{}&#8221;][et_pb_column type=&#8221;1_2&#8243; _builder_version=&#8221;4.16&#8243; custom_padding=&#8221;|||&#8221; global_colors_info=&#8221;{}&#8221; custom_padding__hover=&#8221;|||&#8221;][et_pb_gallery gallery_ids=&#8221;164485,164492,164499,164506,164513,164520&#8243; posts_number=&#8221;1&#8243; show_title_and_caption=&#8221;off&#8221; show_pagination=&#8221;off&#8221; zoom_icon_color=&#8221;#e2001a&#8221; module_class=&#8221;seco-products-gallery-new2025&#8243; _builder_version=&#8221;4.23.1&#8243; custom_margin=&#8221;||||false|false&#8221; hover_enabled=&#8221;0&#8243; custom_css_free_form=&#8221;.et_overlay:before { content: 'GALERIA&#8217; !important; }&#8221; locked=&#8221;off&#8221; global_colors_info=&#8221;{}&#8221; sticky_enabled=&#8221;0&#8243;][\/et_pb_gallery][et_pb_image src=&#8221;https:\/\/www.secowarwick.com\/wp-content\/uploads\/2024\/09\/myjka-ILVET_cover.jpg&#8221; alt=&#8221;Industrial roller washing machine&#8221; align_tablet=&#8221;center&#8221; align_phone=&#8221;&#8221; align_last_edited=&#8221;on|desktop&#8221; _builder_version=&#8221;4.23.1&#8243; global_colors_info=&#8221;{}&#8221;][\/et_pb_image][\/et_pb_column][et_pb_column type=&#8221;1_2&#8243; _builder_version=&#8221;4.16&#8243; custom_padding=&#8221;|||&#8221; global_colors_info=&#8221;{}&#8221; custom_padding__hover=&#8221;|||&#8221;][et_pb_text admin_label=&#8221;apostrof&#8221; module_class=&#8221;przecinek-tlo-nizej&#8221; _builder_version=&#8221;4.23.1&#8243; custom_margin=&#8221;||||false|false&#8221; custom_margin_tablet=&#8221;&#8221; custom_margin_phone=&#8221;&#8221; custom_margin_last_edited=&#8221;on|desktop&#8221; saved_tabs=&#8221;all&#8221; global_colors_info=&#8221;{}&#8221;]<\/p>\n<h2>Dane techniczne:<\/h2>\n<p>[\/et_pb_text][et_pb_text _builder_version=&#8221;4.23.1&#8243; _module_preset=&#8221;default&#8221; global_colors_info=&#8221;{}&#8221;]<\/p>\n<p>&nbsp;<\/p>\n<table>\n<tbody>\n<tr>\n<td>MATERIA\u0141 KONSTRUKCJI<\/td>\n<td>Stal nierdzewna AISI 304, dla cz\u0119\u015bci, kt\u00f3re maj\u0105 kontakt z&nbsp;fazami obr\u00f3bki, stal w\u0119glowa dla pozosta\u0142ych<\/td>\n<\/tr>\n<tr>\n<td>ELEMENTY DO&nbsp;OBR\u00d3BKI<\/td>\n<td>Elementy z&nbsp;Fe&nbsp;(pier\u015bcienie)<\/td>\n<\/tr>\n<tr>\n<td>WYMIARY ELEMENT\u00d3W<\/td>\n<td>Min. 180 mm, H= 10 mm, maks. 400 mm H= 170 mm maks.<\/td>\n<\/tr>\n<tr>\n<td>PRODUKCJA NA&nbsp;GODZIN\u0118<\/td>\n<td>750 KG<\/td>\n<\/tr>\n<tr>\n<td>ZANIECZYSZCZENIE<\/td>\n<td>Olej<\/td>\n<\/tr>\n<tr>\n<td>WYMIARY OBJ\u0118TO\u015aCI<\/td>\n<td>Patrz RYSUNEK C-1327L2<strong>\u00a0<\/strong><\/td>\n<\/tr>\n<tr>\n<td>OTW\u00d3R PRZEJ\u015aCIOWY<\/td>\n<td>1100 mm x&nbsp;H&nbsp;300<strong>\u00a0<\/strong><\/td>\n<\/tr>\n<tr>\n<td>NOMINALNA PR\u0118DKO\u015a\u0106 OBROTOWA CYLINDRA<\/td>\n<td>Posuwanie si\u0119 krok po&nbsp;kroku, zmienna d\u0142ugo\u015b\u0107, pr\u0119dko\u015b\u0107 posuwania si\u0119 8 m\/1&#8242;<\/td>\n<\/tr>\n<tr>\n<td>WYMAGANA ILO\u015a\u0106 WODY<\/td>\n<td>OK. 3800 litr\u00f3w<\/td>\n<\/tr>\n<tr>\n<td>ELEKTRYCZNA PODAWANIE<\/td>\n<td>400\/V 3PH + N&nbsp;\u2013 Cz\u0119stotliwo\u015b\u0107 50Hz<\/td>\n<\/tr>\n<tr>\n<td>OBWODY POMOCNICZE<\/td>\n<td>24V DC<\/td>\n<\/tr>\n<tr>\n<td>ZAINSTALOWANA MOC CIEPLNA<\/td>\n<td>153 kW<\/td>\n<\/tr>\n<tr>\n<td>ZAINSTALOWANA MOC ELEKTRYCZNA<\/td>\n<td>7,1 KW<\/td>\n<\/tr>\n<tr>\n<td>WAGA<\/td>\n<td>4200 KG<\/td>\n<\/tr>\n<tr>\n<td>ZA\u0141ADUNEK<\/td>\n<td>Na&nbsp;wsad klienta, z&nbsp;przeno\u015bnikiem<\/td>\n<\/tr>\n<tr>\n<td>ROZ\u0141ADUNEK<\/td>\n<td>Na&nbsp;wsad klienta z&nbsp;przeno\u015bnikiem<\/td>\n<\/tr>\n<\/tbody>\n<\/table>\n<p><strong>\u00a0<\/strong><\/p>\n<p><strong>CYKL PRACY<\/strong><\/p>\n<table>\n<tbody>\n<tr>\n<td><strong>FAZA<\/strong><\/td>\n<td><strong>OPIS<\/strong><\/td>\n<td><strong>CZAS<\/strong><\/td>\n<td><strong>TEMP <sup>o<\/sup>C<\/strong><\/td>\n<\/tr>\n<tr>\n<td>ZA\u0141ADUNEK<\/td>\n<td>Do&nbsp;wykonania przez&nbsp;klienta, ruch w&nbsp;strefach obr\u00f3bki odbywa si\u0119 za&nbsp;pomoc\u0105 wa\u0142k\u00f3w nap\u0119dzanych silnikami<\/td>\n<td>\u00a0<\/td>\n<td>\u00a0<\/td>\n<\/tr>\n<tr>\n<td>MYCIE NATRYSKOWE<\/td>\n<td>recykling za&nbsp;pomoc\u0105 pompy<\/td>\n<td>12\u2019<\/td>\n<td>80<\/td>\n<\/tr>\n<tr>\n<td>OCIEKANIE<\/td>\n<td>Z&nbsp;nadmuchem podczas przej\u015bcia<\/td>\n<td>\u00a0<\/td>\n<td>Temperatura pokojowa<\/td>\n<\/tr>\n<tr>\n<td>P\u0141UKANIE NATRYSKOWE<\/td>\n<td>recykling za&nbsp;pomoc\u0105 pompy<\/td>\n<td>12\u2019<\/td>\n<td>60<\/td>\n<\/tr>\n<tr>\n<td>OCIEKANIE<\/td>\n<td>Z&nbsp;nadmuchem podczas przej\u015bcia<\/td>\n<td>\u00a0<\/td>\n<td>Temperatura pokojowa<\/td>\n<\/tr>\n<tr>\n<td>SUSZENIE<\/td>\n<td>powietrzem z&nbsp;recyklingu, ogrzewane elektrycznie<\/td>\n<td>12\u2019<\/td>\n<td>130<\/td>\n<\/tr>\n<tr>\n<td colspan=\"4\" width=\"604\">Wszystkie czasy obr\u00f3bki, temperatury i&nbsp;pr\u0119dko\u015bci post\u0119pu mo\u017cna regulowa\u0107<\/td>\n<\/tr>\n<\/tbody>\n<\/table>\n<p><strong>\u00a0<\/strong><\/p>\n<p>[\/et_pb_text][\/et_pb_column][\/et_pb_row][\/et_pb_section]<\/p>\n","protected":false},"excerpt":{"rendered":"<p>General information: \/ Myjnia przemys\u0142owa rolkowa z&nbsp;funkcj\u0105 mycia, p\u0142ukania i&nbsp;suszenia\/ Producent: ILVET s.r.l.\/ Rok produkcji 2013\/ Lokalizacja \u2013 Polska \u2013 Magazyn SECO\/WARWICK\/ Urz\u0105dzenie wy\u0142\u0105czone z&nbsp;u\u017cytkowania: mo\u017cliwo\u015b\u0107 pod\u0142\u0105czenia i&nbsp;testowania\/ Stan: Bardzo dobry. Urz\u0105dzenie nigdy nie&nbsp;pracowa\u0142o \u2013 anulowanie kontraktu przez&nbsp;klienta. Myjnia dedykowana do&nbsp;pracy ci\u0105g\u0142ej \u2013 pier\u015bcienie \u0142o\u017cyskowe z&nbsp;mo\u017cliwo\u015bci\u0105 adaptacji pod&nbsp;inne procesy produkcyjne Oferujemy ocen\u0119 techniczn\u0105, relokacj\u0119 oraz&nbsp;monta\u017c [&hellip;]<\/p>\n","protected":false},"author":2,"featured_media":164477,"parent":138631,"menu_order":0,"comment_status":"closed","ping_status":"closed","template":"","meta":{"_acf_changed":false,"_et_pb_use_builder":"on","_et_pb_old_content":"","_et_gb_content_width":"","footnotes":""},"class_list":["post-164526","page","type-page","status-publish","has-post-thumbnail"],"acf":[],"_links":{"self":[{"href":"https:\/\/www.secowarwick.com\/pl\/wp-json\/wp\/v2\/pages\/164526","targetHints":{"allow":["GET"]}}],"collection":[{"href":"https:\/\/www.secowarwick.com\/pl\/wp-json\/wp\/v2\/pages"}],"about":[{"href":"https:\/\/www.secowarwick.com\/pl\/wp-json\/wp\/v2\/types\/page"}],"author":[{"embeddable":true,"href":"https:\/\/www.secowarwick.com\/pl\/wp-json\/wp\/v2\/users\/2"}],"replies":[{"embeddable":true,"href":"https:\/\/www.secowarwick.com\/pl\/wp-json\/wp\/v2\/comments?post=164526"}],"version-history":[{"count":9,"href":"https:\/\/www.secowarwick.com\/pl\/wp-json\/wp\/v2\/pages\/164526\/revisions"}],"predecessor-version":[{"id":176570,"href":"https:\/\/www.secowarwick.com\/pl\/wp-json\/wp\/v2\/pages\/164526\/revisions\/176570"}],"up":[{"embeddable":true,"href":"https:\/\/www.secowarwick.com\/pl\/wp-json\/wp\/v2\/pages\/138631"}],"wp:featuredmedia":[{"embeddable":true,"href":"https:\/\/www.secowarwick.com\/pl\/wp-json\/wp\/v2\/media\/164477"}],"wp:attachment":[{"href":"https:\/\/www.secowarwick.com\/pl\/wp-json\/wp\/v2\/media?parent=164526"}],"curies":[{"name":"wp","href":"https:\/\/api.w.org\/{rel}","templated":true}]}}