{"id":165554,"date":"2024-10-17T11:01:28","date_gmt":"2024-10-17T09:01:28","guid":{"rendered":"https:\/\/www.secowarwick.com\/?page_id=165554"},"modified":"2024-10-17T11:04:28","modified_gmt":"2024-10-17T09:04:28","slug":"hr-business-partner","status":"publish","type":"page","link":"https:\/\/www.secowarwick.com\/pl\/karierar4\/hr-business-partner\/","title":{"rendered":"HR Business Partner"},"content":{"rendered":"<p>[et_pb_section fb_built=&#8221;1&#8243; _builder_version=&#8221;4.16&#8243; global_colors_info=&#8221;{}&#8221;][et_pb_row column_structure=&#8221;2_3,1_3&#8243; _builder_version=&#8221;4.16&#8243; global_colors_info=&#8221;{}&#8221;][et_pb_column type=&#8221;2_3&#8243; _builder_version=&#8221;4.16&#8243; custom_padding=&#8221;|||&#8221; global_colors_info=&#8221;{}&#8221; custom_padding__hover=&#8221;|||&#8221;][et_pb_text admin_label=&#8221;stanowisko&#8221; module_class=&#8221;kariera2021-h1&#8243; _builder_version=&#8221;4.23.1&#8243; header_font=&#8221;Titillium Web||||||||&#8221; global_colors_info=&#8221;{}&#8221;]<\/p>\n<h1>HR BUSINESS PARTNER K\/M<\/h1>\n<p>[\/et_pb_text][et_pb_text module_class=&#8221;kariera2021-fakty&#8221; _builder_version=&#8221;4.23.1&#8243; global_colors_info=&#8221;{}&#8221;]<\/p>\n<h3>JE\u015aLI:<\/h3>\n<p><strong><span style=\"color: #dc291e;\">\/<\/span><\/strong> Potrafisz wsp\u00f3\u0142tworzy\u0107 anga\u017cuj\u0105ce \u015brodowisko pracy, rozwija\u0107 pracownik\u00f3w a liczby w HR zjadasz na \u015bniadanie\u2026<\/p>\n<p><strong><span style=\"color: #dc291e;\">\/<\/span><\/strong> Chcesz kreowa\u0107 i wdra\u017ca\u0107 innowacyjne pomys\u0142y i dzia\u0142ania, a Twoj\u0105 pasj\u0105 jest budowanie silnych zespo\u0142\u00f3w i wspieranie mened\u017cer\u00f3w\u2026<\/p>\n<p>To jeste\u015b w dobrym miejscu!<\/p>\n<p>&nbsp;<\/p>\n<h3>NASZ DZIA\u0141<\/h3>\n<p>Jeste\u015bmy zespo\u0142em HR, kt\u00f3ry wie, \u017ce kropla dr\u0105\u017cy ska\u0142\u0119, a dobra relacja jest gwarancj\u0105 sukcesu. Tworzymy pomost mi\u0119dzy kadr\u0105 zarz\u0105dzaj\u0105c\u0105 a pracownikami i \u0142\u0105czymy oczekiwania obu stron. Dbamy o odpowiednie wdra\u017canie do pracy, podnoszenie umiej\u0119tno\u015bci oraz ci\u0105g\u0142y rozw\u00f3j i motywacj\u0119.<\/p>\n<p>Je\u015bli to samo Ci \u201ew duszy gra\u201d, HR \u201emasz we krwi\u201d i chcesz by\u0107 cz\u0119\u015bci\u0105 5-cio osobowego teamu pozytywnie nastawionych do pracy os\u00f3b, dla kt\u00f3rych nie ma rzeczy niemo\u017cliwych i kt\u00f3re dobrze rozumiej\u0105 potrzeby biznesu &#8211; to zapraszamy!<\/p>\n<p>&nbsp;<\/p>\n<h3>JAKO HR BUSINESS PARTNER B\u0118DZIESZ ODPOWIADA\u0141 ZA<\/h3>\n<p><strong><span style=\"color: #dc291e;\">\/<\/span><\/strong> Kreowanie rozwi\u0105za\u0144 z zakresu rozwoju kapita\u0142u ludzkiego, aby umo\u017cliwi\u0107 organizacji wdra\u017canie jej strategii oraz osi\u0105ganie cel\u00f3w biznesowych i organizacyjnych<br \/><strong><span style=\"color: #dc291e;\">\/<\/span><\/strong> Wspieranie mened\u017cer\u00f3w w zakresie zarz\u0105dzania zespo\u0142em i w rozwoju kompetencji liderskich<br \/><strong><span style=\"color: #dc291e;\">\/<\/span><\/strong> Prowadzenie analizy danych i wska\u017anik\u00f3w dotycz\u0105cych proces\u00f3w HR, przygotowywanie raport\u00f3w oraz rekomendacja adekwatnych dzia\u0142a\u0144 rozwojowych<br \/><strong><span style=\"color: #dc291e;\">\/<\/span><\/strong> Uczestniczenie w budowaniu sp\u00f3jnego i pozytywnego wizerunku firmy jako pracodawcy w opinii pracownik\u00f3w firmy, kandydat\u00f3w oraz partner\u00f3w biznesowych, klient\u00f3w i udzia\u0142owc\u00f3w<br \/><strong><span style=\"color: #dc291e;\">\/<\/span><\/strong> Zarz\u0105dzanie r\u00f3\u017cnorodno\u015bci\u0105 i mi\u0119dzykulturowo\u015bci\u0105 w lokalnej i globalnej skali<\/p>\n<p>&nbsp;<\/p>\n<h3>TAK ORGANIZUJEMY SOBIE PRAC\u0118<\/h3>\n<p><strong><span style=\"color: #dc291e;\">\/<\/span><\/strong> 40% spotkania<br \/><strong><span style=\"color: #dc291e;\">\/<\/span><\/strong> 30% praca koncepcyjna<br \/><strong><span style=\"color: #dc291e;\">\/<\/span><\/strong> 10% analiza i raporty<br \/><strong><span style=\"color: #dc291e;\">\/<\/span><\/strong> 15% praca zespo\u0142owa<br \/><strong><span style=\"color: #dc291e;\">\/<\/span><\/strong> 5% rozw\u00f3j w\u0142asny<\/p>\n<p>&nbsp;<\/p>\n<h3>KLUCZOWE KOMPETENCJE<\/h3>\n<p><strong><span style=\"color: #dc291e;\">\/<\/span><\/strong> Wykszta\u0142cenie wy\u017csze, preferowane: ekonomia, zarz\u0105dzanie, zarz\u0105dzanie zasobami ludzkimi, psychologia i pokrewne<br \/><strong><span style=\"color: #dc291e;\">\/<\/span><\/strong> Minimum 5 lat do\u015bwiadczenia w projektowaniu i wdra\u017caniu proces\u00f3w i rozwi\u0105za\u0144 HR w firmie produkcyjnej lub projektowej<br \/><strong><span style=\"color: #dc291e;\">\/<\/span><\/strong> Bardzo dobra znajomo\u015b\u0107 j\u0119zyka angielskiego \u2013 poziom min. B2<br \/><strong><span style=\"color: #dc291e;\">\/<\/span><\/strong> Praktyczna znajomo\u015b\u0107 wszystkich proces\u00f3w HR, w tym szczeg\u00f3lnie performance management oraz learning &amp; development<br \/><strong><span style=\"color: #dc291e;\">\/<\/span><\/strong> Do\u015bwiadczenie w pracy z kadr\u0105 mened\u017cersk\u0105 \u015bredniego i wy\u017cszego szczebla jako doradca i partner zapewniaj\u0105cy wsparcie we wszystkich kwestiach dotycz\u0105cych zarz\u0105dzania zasobami ludzkimi<br \/><strong><span style=\"color: #dc291e;\">\/<\/span><\/strong> Wysoka orientacja biznesowa<br \/><strong><span style=\"color: #dc291e;\">\/<\/span><\/strong> Doskona\u0142e umiej\u0119tno\u015bci komunikacyjne i negocjacyjne<br \/><strong><span style=\"color: #dc291e;\">\/<\/span><\/strong> Samodzielno\u015b\u0107 w dzia\u0142aniu oraz bardzo dobra organizacja pracy<br \/><strong><span style=\"color: #dc291e;\">\/<\/span><\/strong> Umiej\u0119tno\u015b\u0107 analitycznego i krytycznego my\u015blenia<\/p>\n<p>&nbsp;<\/p>\n<h3>W ZAMIAN ZA TWOJE DO\u015aWIADCZENIE, WIEDZ\u0118 I UMIEJ\u0118TNO\u015aCI MO\u017bESZ LICZY\u0106 NA<\/h3>\n<p><strong><span style=\"color: #dc291e;\">\/ <\/span><\/strong>Jasny system wynagradzania i premiowania \u2013 Twoja praca ma swoj\u0105 cen\u0119 \u2013 wybierz karier\u0119, kt\u00f3ra Ci si\u0119 op\u0142aci!<br \/><strong><span style=\"color: #dc291e;\">\/ <\/span><\/strong>Ubezpieczenie na \u017cycie i pakiet medyczny LUXMED dla Ciebie i Twoich najbli\u017cszych<br \/><strong><span style=\"color: #dc291e;\">\/ <\/span><\/strong>SECO\/BUS &#8211; darmowe dowozy do firmy z Zielonej G\u00f3ry i Sulechowa (w przypadku pracy w \u015awiebodzinie) lub wsparcie w dojazdach w postaci karty paliwowej<br \/><strong><span style=\"color: #dc291e;\">\/ <\/span><\/strong>Przejrzysta \u015bcie\u017cka kariery i awansu \u2013 w 2023 roku 8 pracownik\u00f3w awansowa\u0142o dzi\u0119ki rekrutacjom wewn\u0119trznym a w 2024 roku 57 os\u00f3b w ramach \u015bcie\u017cki karier<br \/><strong><span style=\"color: #dc291e;\">\/ <\/span><\/strong>Mobilno\u015b\u0107 wewn\u0105trz grupy SECO\/WARWICK i mo\u017cliwo\u015b\u0107 rozwoju w naszych sp\u00f3\u0142kach na ca\u0142ym \u015bwiecie<br \/><strong><span style=\"color: #dc291e;\">\/ <\/span><\/strong>Program polece\u0144 pracowniczych \u2013 w 2023 zatrudnili\u015bmy 25 os\u00f3b z polecenia naszych pracownik\u00f3w<br \/><strong><span style=\"color: #dc291e;\">\/ <\/span><\/strong>Chcesz pracowa\u0107 z domu? Masz t\u0119 mo\u017cliwo\u015b\u0107 \u2013 oferujemy hybrydowy model pracy oraz elastyczne godziny<br \/><strong><span style=\"color: #dc291e;\">\/ <\/span><\/strong>Twoje ambicje s\u0105 naszym priorytetem \u2013 inwestujemy w Tw\u00f3j rozw\u00f3j i zapewniamy obszern\u0105 ofert\u0119 szkole\u0144 wewn\u0119trznych i zewn\u0119trznych<br \/><strong><span style=\"color: #dc291e;\">\/ <\/span><\/strong>Mi\u0119dzynarodowe \u015brodowisko pracy, mo\u017cliwo\u015b\u0107 uczestnictwa w globalnych projektach i wsp\u00f3\u0142pracy z do\u015bwiadczonymi profesjonalistami z bran\u017cy<br \/><strong><span style=\"color: #dc291e;\">\/ <\/span><\/strong>Mo\u017cliwo\u015b\u0107 realizacji swoich pozazawodowych aspiracji poprzez do\u0142\u0105czenie do dru\u017cyny SECO\/RUN i SECO\/BIKE lub zainspirowania nas i by\u0107 mo\u017ce stworzenia w\u0142asnej\u2026?<\/p>\n<p><strong>\u00a0\u00a0<\/strong><\/p>\n<h3>JAK WYGL\u0104DA PROCES REKRUTACJI I WDRO\u017bENIA?<\/h3>\n<p><strong><span style=\"color: #dc291e;\">\/ <\/span><\/strong>Wy\u015blij swoje CV<br \/><strong><span style=\"color: #dc291e;\">\/ <\/span><\/strong>We\u017a udzia\u0142 w pierwszej rozmowie online z mened\u017cerem i rekruterem<br \/><strong><span style=\"color: #dc291e;\">\/ <\/span><\/strong>Przyjed\u017a do nas do firmy na drug\u0105 rozmow\u0119 i przygotuj\/wykonaj zadanie rekrutacyjne<br \/><strong><span style=\"color: #dc291e;\">\/ <\/span><\/strong>Poczekaj na decyzj\u0119<br \/><strong><span style=\"color: #dc291e;\">\/ <\/span><\/strong>Witamy na pok\u0142adzie!<\/p>\n<p>Wiemy jak stresuj\u0105ce jest do\u0142\u0105czenie do nowej organizacji. Dlatego w pierwszych miesi\u0105cach pracy otrzymasz od nas pe\u0142ne wsparcie w postaci osobistego opiekuna \u2013 Buddy\u2019ego, a tak\u017ce prze\u0142o\u017conego i zespo\u0142u. Zaopatrzymy Ci\u0119 te\u017c w niezb\u0119dne materia\u0142y wdro\u017ceniowe i narz\u0119dzia, dzi\u0119ki kt\u00f3rym b\u0119dziesz wiedzia\u0142\/a jak porusza\u0107 si\u0119 po firmie.<\/p>\n<p>&nbsp;<\/p>\n<h3>NASZE WYR\u00d3\u017bNIKI JAKO PRACODAWCY<\/h3>\n<p><strong><span style=\"color: #dc291e;\">\/ <\/span><\/strong>Bezpiecze\u0144stwo \u2013 prawie po\u0142owa pracownik\u00f3w jest z nami od ponad 10 lat<\/p>\n<p><strong><span style=\"color: #dc291e;\">\/ <\/span><\/strong>Stabilno\u015b\u0107 \u2013 U nas masz pewno\u015b\u0107, \u017ce jeste\u015b cz\u0119\u015bci\u0105 zespo\u0142u, kt\u00f3ry dba o sta\u0142y rozw\u00f3j i bezpiecze\u0144stwo swoich pracownik\u00f3w! Posiadamy ponad 100 lat do\u015bwiadczenia na rynku i jeste\u015bmy wiod\u0105c\u0105 firm\u0105 w bran\u017cy.<\/p>\n<p><strong><span style=\"color: #dc291e;\">\/ <\/span><\/strong>Bie\u017c\u0105cy i konstruktywny feedback od prze\u0142o\u017conego \u2013 cenimy otwart\u0105 komunikacj\u0119 i wzajemny szacunek, wiemy, jak wa\u017cnym jest zna\u0107 i widzie\u0107 efekty swojej pracy, dlatego nasi managerowie regularnie dbaj\u0105 o zapewnienie Ci informacji zwrotnej o Twojej pracy, a tak\u017ce sami s\u0105 w ci\u0105g\u0142ym procesie rozwoju i feedbacku.<\/p>\n<p><strong><span style=\"color: #dc291e;\">\/ <\/span><\/strong>Pracodawc\u0119 docenionego i wyr\u00f3\u017cnionego jako Solidny Pracodawca Roku oraz Organizator Pracy Bezpiecznej.<\/p>\n<p><strong><span style=\"color: #dc291e;\">\/ <\/span><\/strong>Realny wp\u0142yw na rozw\u00f3j i doskonalenie najnowocze\u015bniejszych technologii w bran\u017cy obr\u00f3bki cieplnej \u2013 co potwierdzaj\u0105 liczne wyr\u00f3\u017cnienia m.in. medal Zas\u0142u\u017cony dla Polskiej Wynalazczo\u015bci czy Lider Innowacyjno\u015bci.<\/p>\n<p><strong><span style=\"color: #dc291e;\">\/ <\/span><\/strong>Mo\u017cliwo\u015b\u0107 dbania o planet\u0119 \u2013 w ramach SECO\/ECO podejmujemy szereg dzia\u0142a\u0144 proekologicznych, aby zmieni\u0107 kolor metalurgii i obr\u00f3bki cieplnej na zielony.<\/p>\n<p><strong><span style=\"color: #dc291e;\">\/ <\/span><\/strong>Mo\u017cliwo\u015b\u0107 wspierania dzia\u0142a\u0144 CSR\u2019owych, dzi\u0119ki kt\u00f3rym poczujesz si\u0119 cz\u0119\u015bci\u0105 lokalnej spo\u0142eczno\u015bci i wp\u0142yniesz na rozw\u00f3j najbli\u017cszego \u015brodowiska, co zosta\u0142o docenione wyr\u00f3\u017cnieniem Fair Company w 2024 roku.<\/p>\n<p>&nbsp;<\/p>\n<h3>NIE CZEKAJ, APLIKUJ!<\/h3>\n<p>Masz pytania, w\u0105tpliwo\u015bci? Napisz na <a href=\"mailto:rekrutacja@secowarwick.com\">rekrutacja@secowarwick.com<\/a> lub skontaktuj si\u0119 z Aleksandr\u0105 Nog\u0105 +48\u00a0734\u00a0935\u00a0723.<\/p>\n<p>Je\u015bli czujesz, \u017ce oferta jest dla Ciebie, ale nie spe\u0142niasz 100% wymaga\u0144 \u2013 aplikuj! Wiemy, \u017ce nie ma kandydat\u00f3w idealnych i z ch\u0119ci\u0105 poznamy Ciebie i Twoj\u0105 motywacj\u0119 <strong>\ud83d\ude0a<\/strong><\/p>\n<p>&nbsp;<\/p>\n<h3>RODO<\/h3>\n<p>Masz prawo wiedzie\u0107 jakie informacje o Tobie posiadamy i w jaki spos\u00f3b je wykorzystujemy. Przed aplikacj\u0105 zapoznaj si\u0119 ze szczeg\u00f3\u0142ami <a href=\"https:\/\/www.secowarwick.com\/wp-content\/uploads\/2022\/09\/Zal.-09-Informacja-o-przetwarzaniu-danych-osobowych-%E2%80%93-proces-rekrutacji-ogloszenia.pdf\">tutaj<\/a>.<\/p>\n<p>&nbsp;<\/p>\n<h3>Zapraszamy do \u015bwiata SECO\/WARWICK!<\/h3>\n<p>[\/et_pb_text][\/et_pb_column][et_pb_column type=&#8221;1_3&#8243; module_class=&#8221;kariera2021-prawa-kolumna&#8221; _builder_version=&#8221;4.16&#8243; custom_padding=&#8221;|||&#8221; global_colors_info=&#8221;{}&#8221; custom_padding__hover=&#8221;|||&#8221;][et_pb_text module_class=&#8221;kariera2021-aplikuj-teraz&#8221; _builder_version=&#8221;4.23.1&#8243; global_colors_info=&#8221;{}&#8221;]<\/p>\n<p><a href=\"https:\/\/secowarwick.elementapp.ai\/application\/v2\/16991d54-9bc3-4705-8f09-78b825a21a38\/44a97225-6223-4c53-9118-27fe0bce62d7?source=097a9a2e-ba26-4e9e-a0cc-d740d7204a6c\" target=\"_blank\" rel=\"noopener\">APLIKUJ TERAZ<\/a><\/p>\n<p>[\/et_pb_text][et_pb_text admin_label=&#8221;aplikuj pdf&#8221; _builder_version=&#8221;4.23.1&#8243; _module_preset=&#8221;default&#8221; custom_padding=&#8221;||20px||false|false&#8221; global_module=&#8221;160563&#8243; saved_tabs=&#8221;all&#8221; global_colors_info=&#8221;{}&#8221;]<\/p>\n<p style=\"text-align: center;\">Przed z\u0142o\u017ceniem aplikacji zapoznaj si\u0119 z informacj\u0105 o przetwarzaniu Twoich danych osobowych <a href=\"https:\/\/www.secowarwick.com\/wp-content\/uploads\/2022\/09\/Zal.-09-Informacja-o-przetwarzaniu-danych-osobowych-%E2%80%93-proces-rekrutacji-ogloszenia.pdf\" target=\"_blank\" rel=\"noopener\">tutaj<\/a>.<\/p>\n<p>[\/et_pb_text][et_pb_image src=&#8221;https:\/\/www.secowarwick.com\/wp-content\/uploads\/2024\/10\/praca-HR-BUSINESS-PARTNER-2024.jpg&#8221; alt=&#8221;praca HR BUSINESS PARTNER&#8221; title_text=&#8221;monter urz\u0105dze\u0144 przemys\u0142owych oferta-pracy&#8221; align_tablet=&#8221;center&#8221; align_phone=&#8221;&#8221; align_last_edited=&#8221;on|desktop&#8221; _builder_version=&#8221;4.23.1&#8243; global_colors_info=&#8221;{}&#8221;][\/et_pb_image][et_pb_text admin_label=&#8221;FAKTY W PIGU\u0141CE&#8221; module_class=&#8221;kariera2021-fakty&#8221; _builder_version=&#8221;4.23.1&#8243; global_colors_info=&#8221;{}&#8221;]<\/p>\n<h3>FAKTY W PIGU\u0141CE<\/h3>\n<p><strong>Miejsce:<\/strong> <span style=\"color: #dc291e;\">Polska<\/span><br \/><strong>Miasto:<\/strong> <span style=\"color: #dc291e;\">\u015awiebodzin<\/span><br \/><strong>Stanowisko:<\/strong> <span style=\"color: #dc291e;\">HR Business Partner<\/span><br \/><strong>Wykszta\u0142cenie:<\/strong> <span style=\"color: #dc291e;\">wy\u017csze<\/span><br \/><strong>J\u0119zyk:<\/strong> <span style=\"color: #dc291e;\">angielski<br \/><\/span><strong>Poziom: <\/strong><span style=\"color: #dc291e;\">specjalista, starszy specjalista<br \/><\/span><strong>Typ zatrudnienie<\/strong>: <span style=\"color: #dc291e;\">pe\u0142en etat<\/span><br \/><strong>Forma:<\/strong> <span style=\"color: #dc291e;\">umowa o prac\u0119<\/span><br \/><strong>Delegacje:<\/strong> <span style=\"color: #dc291e;\">sporadycznie<\/span><\/p>\n<p>[\/et_pb_text][\/et_pb_column][\/et_pb_row][\/et_pb_section][et_pb_section fb_built=&#8221;1&#8243; _builder_version=&#8221;4.19.2&#8243; _module_preset=&#8221;default&#8221; global_colors_info=&#8221;{}&#8221;][et_pb_row _builder_version=&#8221;4.19.2&#8243; _module_preset=&#8221;default&#8221; global_colors_info=&#8221;{}&#8221;][et_pb_column type=&#8221;4_4&#8243; _builder_version=&#8221;4.19.2&#8243; _module_preset=&#8221;default&#8221; global_colors_info=&#8221;{}&#8221;][et_pb_text admin_label=&#8221;aplikuj pdf&#8221; _builder_version=&#8221;4.23.1&#8243; _module_preset=&#8221;default&#8221; custom_padding=&#8221;||20px||false|false&#8221; global_module=&#8221;160563&#8243; saved_tabs=&#8221;all&#8221; global_colors_info=&#8221;{}&#8221;]<\/p>\n<p style=\"text-align: center;\">Przed z\u0142o\u017ceniem aplikacji zapoznaj si\u0119 z informacj\u0105 o przetwarzaniu Twoich danych osobowych <a href=\"https:\/\/www.secowarwick.com\/wp-content\/uploads\/2022\/09\/Zal.-09-Informacja-o-przetwarzaniu-danych-osobowych-%E2%80%93-proces-rekrutacji-ogloszenia.pdf\" target=\"_blank\" rel=\"noopener\">tutaj<\/a>.<\/p>\n<p>[\/et_pb_text][et_pb_text _builder_version=&#8221;4.23.1&#8243; _module_preset=&#8221;default&#8221; global_colors_info=&#8221;{}&#8221;]<\/p>\n<p style=\"text-align: center;\"><a class=\"small-button smallred\" style=\"font-size: 15px; padding: 10px 40px;\" href=\"https:\/\/secowarwick.elementapp.ai\/application\/v2\/16991d54-9bc3-4705-8f09-78b825a21a38\/44a97225-6223-4c53-9118-27fe0bce62d7?source=097a9a2e-ba26-4e9e-a0cc-d740d7204a6c\" target=\"_blank\" rel=\"noopener\"><span style=\"display: block; transform: skew(15deg,0deg); -webkit-transform: skew(15deg,0deg); font-size: 15px;\">APLIKUJ<\/span><\/a><\/p>\n<p>[\/et_pb_text][\/et_pb_column][\/et_pb_row][\/et_pb_section]<\/p>\n","protected":false},"excerpt":{"rendered":"<p>HR BUSINESS PARTNER K\/MJE\u015aLI: \/ Potrafisz wsp\u00f3\u0142tworzy\u0107 anga\u017cuj\u0105ce \u015brodowisko pracy, rozwija\u0107 pracownik\u00f3w a liczby w HR zjadasz na \u015bniadanie\u2026 \/ Chcesz kreowa\u0107 i wdra\u017ca\u0107 innowacyjne pomys\u0142y i dzia\u0142ania, a Twoj\u0105 pasj\u0105 jest budowanie silnych zespo\u0142\u00f3w i wspieranie mened\u017cer\u00f3w\u2026 To jeste\u015b w dobrym miejscu! &nbsp; NASZ DZIA\u0141 Jeste\u015bmy zespo\u0142em HR, kt\u00f3ry wie, \u017ce kropla dr\u0105\u017cy ska\u0142\u0119, [&hellip;]<\/p>\n","protected":false},"author":2,"featured_media":165566,"parent":90568,"menu_order":0,"comment_status":"closed","ping_status":"closed","template":"","meta":{"_acf_changed":false,"_et_pb_use_builder":"on","_et_pb_old_content":"","_et_gb_content_width":"","footnotes":""},"class_list":["post-165554","page","type-page","status-publish","has-post-thumbnail"],"acf":[],"_links":{"self":[{"href":"https:\/\/www.secowarwick.com\/pl\/wp-json\/wp\/v2\/pages\/165554","targetHints":{"allow":["GET"]}}],"collection":[{"href":"https:\/\/www.secowarwick.com\/pl\/wp-json\/wp\/v2\/pages"}],"about":[{"href":"https:\/\/www.secowarwick.com\/pl\/wp-json\/wp\/v2\/types\/page"}],"author":[{"embeddable":true,"href":"https:\/\/www.secowarwick.com\/pl\/wp-json\/wp\/v2\/users\/2"}],"replies":[{"embeddable":true,"href":"https:\/\/www.secowarwick.com\/pl\/wp-json\/wp\/v2\/comments?post=165554"}],"version-history":[{"count":4,"href":"https:\/\/www.secowarwick.com\/pl\/wp-json\/wp\/v2\/pages\/165554\/revisions"}],"predecessor-version":[{"id":165576,"href":"https:\/\/www.secowarwick.com\/pl\/wp-json\/wp\/v2\/pages\/165554\/revisions\/165576"}],"up":[{"embeddable":true,"href":"https:\/\/www.secowarwick.com\/pl\/wp-json\/wp\/v2\/pages\/90568"}],"wp:featuredmedia":[{"embeddable":true,"href":"https:\/\/www.secowarwick.com\/pl\/wp-json\/wp\/v2\/media\/165566"}],"wp:attachment":[{"href":"https:\/\/www.secowarwick.com\/pl\/wp-json\/wp\/v2\/media?parent=165554"}],"curies":[{"name":"wp","href":"https:\/\/api.w.org\/{rel}","templated":true}]}}