{"id":165603,"date":"2024-10-17T11:50:03","date_gmt":"2024-10-17T09:50:03","guid":{"rendered":"https:\/\/www.secowarwick.com\/?page_id=165603"},"modified":"2024-10-28T17:39:40","modified_gmt":"2024-10-28T16:39:40","slug":"black-friday","status":"publish","type":"page","link":"https:\/\/www.secowarwick.com\/pl\/black-friday\/","title":{"rendered":"Black Friday"},"content":{"rendered":"<p>[et_pb_section fb_built=&#8221;1&#8243; _builder_version=&#8221;4.16&#8243; custom_margin=&#8221;0px|||&#8221; custom_padding=&#8221;0px|||&#8221; global_colors_info=&#8221;{}&#8221;][et_pb_row _builder_version=&#8221;4.16&#8243; background_size=&#8221;initial&#8221; background_position=&#8221;top_left&#8221; background_repeat=&#8221;repeat&#8221; global_colors_info=&#8221;{}&#8221;][et_pb_column type=&#8221;4_4&#8243; _builder_version=&#8221;4.16&#8243; custom_padding=&#8221;|||&#8221; global_colors_info=&#8221;{}&#8221; custom_padding__hover=&#8221;|||&#8221;][et_pb_breadcrumbs _builder_version=&#8221;4.23.1&#8243; _module_preset=&#8221;default&#8221; global_colors_info=&#8221;{}&#8221;][\/et_pb_breadcrumbs][et_pb_text _builder_version=&#8221;4.23.1&#8243; _module_preset=&#8221;default&#8221; global_colors_info=&#8221;{}&#8221;]<\/p>\n<h1>OFERTA BLACK FRIDAY W SECO\/WARWICK<\/h1>\n<p>[\/et_pb_text][et_pb_image src=&#8221;https:\/\/www.secowarwick.com\/wp-content\/uploads\/2024\/10\/black-friday-2024.jpg&#8221; alt=&#8221;OFERTA BLACK FRIDAY W SECO\/WARWICK&#8221; title_text=&#8221;2023BlackFriday&#8221; align_tablet=&#8221;center&#8221; align_phone=&#8221;&#8221; align_last_edited=&#8221;on|desktop&#8221; _builder_version=&#8221;4.23.1&#8243; animation_style=&#8221;slide&#8221; animation_direction=&#8221;bottom&#8221; global_colors_info=&#8221;{}&#8221;][\/et_pb_image][et_pb_text admin_label=&#8221;Text&#8221; module_class=&#8221;hunt&#8221; _builder_version=&#8221;4.23.1&#8243; custom_margin=&#8221;40px|||&#8221; custom_margin_tablet=&#8221;&#8221; custom_margin_phone=&#8221;20px|||&#8221; custom_margin_last_edited=&#8221;on|phone&#8221; animation_style=&#8221;fade&#8221; global_colors_info=&#8221;{}&#8221;]<\/p>\n<h2>\u00a0<\/h2>\n<h2 style=\"text-align: center;\">Na wyci\u0105gni\u0119cie r\u0119ki najlepsze oferty SECO\/WARWICK<\/h2>\n<p>&nbsp;<\/p>\n<p style=\"text-align: center;\"><strong><span style=\"font-size: 14pt; color: #000000;\"><span class=\"TextRun SCXW219964203 BCX0\" lang=\"PL-PL\" xml:lang=\"PL-PL\" data-contrast=\"auto\"><span class=\"NormalTextRun SCXW219964203 BCX0\">OFERTA<\/span><\/span> <span style=\"color: #dc291e;\">|<\/span> <span class=\"TextRun SCXW219964203 BCX0\" lang=\"PL-PL\" xml:lang=\"PL-PL\" data-contrast=\"auto\"><span class=\"NormalTextRun SCXW219964203 BCX0\">PRODUKT<\/span><\/span> <span style=\"color: #dc291e;\">|<\/span> <span class=\"TextRun SCXW219964203 BCX0\" lang=\"PL-PL\" xml:lang=\"PL-PL\" data-contrast=\"auto\"><span class=\"NormalTextRun SCXW219964203 BCX0\">CZAS<\/span><\/span> <\/span><\/strong><\/p>\n<p style=\"text-align: center;\">Chwytaj najlepsz\u0105 ofert\u0119 sprzeda\u017cow\u0105 piec\u00f3w pr\u00f3\u017cniowych SECO\/WARWICK! \u0141ap okazj\u0119 jeszcze przed szale\u0144stwem Black Friday. Zyskaj teraz!<\/p>\n<p style=\"text-align: center;\">Co zyskujesz kupuj\u0105c piece pr\u00f3\u017cniowe VECTOR w specjalnej ofercie BLACK FRIDAY SECO\/WARWICK?<\/p>\n<h3 style=\"text-align: center;\">\u00a0<\/h3>\n<p>[\/et_pb_text][\/et_pb_column][\/et_pb_row][et_pb_row column_structure=&#8221;1_3,1_3,1_3&#8243; _builder_version=&#8221;4.19.2&#8243; _module_preset=&#8221;default&#8221; width_tablet=&#8221;100%&#8221; width_phone=&#8221;100%&#8221; width_last_edited=&#8221;on|tablet&#8221; max_width=&#8221;900px&#8221; module_alignment=&#8221;center&#8221; custom_margin=&#8221;||||false|false&#8221; custom_padding=&#8221;||60px||false|false&#8221; global_colors_info=&#8221;{}&#8221;][et_pb_column type=&#8221;1_3&#8243; _builder_version=&#8221;4.19.2&#8243; _module_preset=&#8221;default&#8221; global_colors_info=&#8221;{}&#8221;][et_pb_blurb title=&#8221;CZAS&#8221; image=&#8221;https:\/\/www.secowarwick.com\/wp-content\/uploads\/2023\/10\/clock-1.png&#8221; alt=&#8221;save your time&#8221; image_icon_width=&#8221;60%&#8221; _builder_version=&#8221;4.19.2&#8243; header_font=&#8221;|800|||||||&#8221; header_text_align=&#8221;center&#8221; header_font_size=&#8221;16&#8243; body_font=&#8221;||||||||&#8221; text_orientation=&#8221;center&#8221; custom_margin=&#8221;-14px|||&#8221; locked=&#8221;off&#8221; global_colors_info=&#8221;{}&#8221;]<\/p>\n<p><span class=\"NormalTextRun SCXW216349708 BCX0\">Szybszy ni\u017c zwykle czas dostawy<\/span><span class=\"NormalTextRun SCXW216349708 BCX0\">, piec mo\u017ce by\u0107 Tw\u00f3j od <\/span><span class=\"NormalTextRun SCXW216349708 BCX0\">zaraz<\/span><\/p>\n<p>[\/et_pb_blurb][\/et_pb_column][et_pb_column type=&#8221;1_3&#8243; _builder_version=&#8221;4.19.2&#8243; _module_preset=&#8221;default&#8221; global_colors_info=&#8221;{}&#8221;][et_pb_blurb title=&#8221;PIENI\u0104DZE&#8221; image=&#8221;https:\/\/www.secowarwick.com\/wp-content\/uploads\/2023\/10\/save-money-1.png&#8221; alt=&#8221;save your money&#8221; image_icon_width=&#8221;60%&#8221; _builder_version=&#8221;4.19.2&#8243; header_font=&#8221;|800|||||||&#8221; header_text_align=&#8221;center&#8221; header_font_size=&#8221;16&#8243; body_font=&#8221;||||||||&#8221; text_orientation=&#8221;center&#8221; custom_margin=&#8221;-14px|||&#8221; locked=&#8221;off&#8221; global_colors_info=&#8221;{}&#8221;]<\/p>\n<p><span class=\"NormalTextRun SCXW163446888 BCX0\">M<\/span><span class=\"NormalTextRun SCXW163446888 BCX0\">niejsz<\/span><span class=\"NormalTextRun SCXW163446888 BCX0\">e<\/span><span class=\"NormalTextRun SCXW163446888 BCX0\"> koszty przestoju<\/span><span class=\"NormalTextRun SCXW163446888 BCX0\"> i zachowanie ci\u0105g\u0142o\u015bci <\/span><span class=\"NormalTextRun SCXW163446888 BCX0\">produkcji<\/span><\/p>\n<p>[\/et_pb_blurb][\/et_pb_column][et_pb_column type=&#8221;1_3&#8243; _builder_version=&#8221;4.19.2&#8243; _module_preset=&#8221;default&#8221; global_colors_info=&#8221;{}&#8221;][et_pb_blurb title=&#8221;SPOK\u00d3J&#8221; image=&#8221;https:\/\/www.secowarwick.com\/wp-content\/uploads\/2023\/10\/target-1.png&#8221; alt=&#8221;peace of mind&#8221; image_icon_width=&#8221;60%&#8221; _builder_version=&#8221;4.23.1&#8243; header_font=&#8221;|800|||||||&#8221; header_text_align=&#8221;center&#8221; header_font_size=&#8221;16&#8243; body_font=&#8221;||||||||&#8221; text_orientation=&#8221;center&#8221; custom_margin=&#8221;-14px|||&#8221; locked=&#8221;off&#8221; global_colors_info=&#8221;{}&#8221;]<\/p>\n<p><span class=\"NormalTextRun SCXW177040761 BCX0\">Nowa, lepsza wydajno\u015b\u0107<\/span><span class=\"NormalTextRun SCXW177040761 BCX0\">,<\/span><span class=\"NormalTextRun SCXW177040761 BCX0\"> dzi\u0119ki piecom pr\u00f3\u017cniowym <\/span><span class=\"NormalTextRun SpellingErrorV2Themed SpellingErrorHighlight SCXW177040761 BCX0\">Vector<\/span><\/p>\n<p>[\/et_pb_blurb][\/et_pb_column][\/et_pb_row][et_pb_row _builder_version=&#8221;4.23.1&#8243; _module_preset=&#8221;default&#8221; global_colors_info=&#8221;{}&#8221;][et_pb_column type=&#8221;4_4&#8243; _builder_version=&#8221;4.23.1&#8243; _module_preset=&#8221;default&#8221; global_colors_info=&#8221;{}&#8221;][et_pb_text _builder_version=&#8221;4.23.1&#8243; _module_preset=&#8221;default&#8221; header_2_text_color=&#8221;#dc291e&#8221; global_colors_info=&#8221;{}&#8221;]<\/p>\n<h2 style=\"text-align: center;\"><strong>&gt;&gt; NAJLEPSZE OFERTY BLACK FRIDAY NA WYCI\u0104GNI\u0118CIE R\u0118KI&lt;&lt;\u00a0<\/strong><\/h2>\n<p>&nbsp;<\/p>\n<p style=\"text-align: center;\"><strong>BLACK FRIDAY EUROPA I INDIE<\/strong><\/p>\n<p>[\/et_pb_text][et_pb_image src=&#8221;https:\/\/www.secowarwick.com\/wp-content\/uploads\/2024\/10\/piece_tlo.jpg&#8221; alt=&#8221;OFERTA BLACK FRIDAY W SECO\/WARWICK&#8221; title_text=&#8221;2023BlackFriday&#8221; align_tablet=&#8221;center&#8221; align_phone=&#8221;&#8221; align_last_edited=&#8221;on|desktop&#8221; _builder_version=&#8221;4.23.1&#8243; animation_style=&#8221;slide&#8221; animation_direction=&#8221;bottom&#8221; global_colors_info=&#8221;{}&#8221;][\/et_pb_image][et_pb_text _builder_version=&#8221;4.23.1&#8243; _module_preset=&#8221;default&#8221; header_2_text_color=&#8221;#dc291e&#8221; hover_enabled=&#8221;0&#8243; global_colors_info=&#8221;{}&#8221; sticky_enabled=&#8221;0&#8243;]<\/p>\n<p style=\"text-align: center;\">Popularne w Europie, doskona\u0142e na rynek indyjski bogato wyposa\u017cone piece pr\u00f3\u017cniowe z najwy\u017cszej p\u00f3\u0142ki<\/p>\n<p style=\"text-align: center;\"><a href=\"https:\/\/www.secowarwick.com\/wp-content\/uploads\/2024\/10\/Black_Friday_Offer_2024.pdf\" target=\"_blank\" rel=\"noopener\">Wi\u0119cej<\/a><\/p>\n<p>[\/et_pb_text][\/et_pb_column][\/et_pb_row][et_pb_row _builder_version=&#8221;4.16&#8243; _module_preset=&#8221;default&#8221; global_colors_info=&#8221;{}&#8221;][et_pb_column type=&#8221;4_4&#8243; _builder_version=&#8221;4.16&#8243; _module_preset=&#8221;default&#8221; global_colors_info=&#8221;{}&#8221;][et_pb_code _builder_version=&#8221;4.23.1&#8243; _module_preset=&#8221;default&#8221; saved_tabs=&#8221;all&#8221; global_colors_info=&#8221;{}&#8221;]<pee style=\"text-align: center;\"><a class=\"small-button smallred\" style=\"font-size: 20px; padding: 20px 60px;\" href=\"https:\/\/www.secowarwick.com\/pl\/zapytaj-o-oferte\/\"><span style=\"display: block; transform: skew(15deg,0deg); -webkit-transform: skew(15deg,0deg); font-size: 20px; !important\">ZAPYTAJ O OFERT\u0118<\/span><\/a><\/pee>[\/et_pb_code][\/et_pb_column][\/et_pb_row][\/et_pb_section]<\/p>\n","protected":false},"excerpt":{"rendered":"<p>[et_pb_breadcrumbs _builder_version=&#8221;4.23.1&#8243; _module_preset=&#8221;default&#8221; global_colors_info=&#8221;{}&#8221;][\/et_pb_breadcrumbs]OFERTA BLACK FRIDAY W SECO\/WARWICK\u00a0 Na wyci\u0105gni\u0119cie r\u0119ki najlepsze oferty SECO\/WARWICK &nbsp; OFERTA | PRODUKT | CZAS Chwytaj najlepsz\u0105 ofert\u0119 sprzeda\u017cow\u0105 piec\u00f3w pr\u00f3\u017cniowych SECO\/WARWICK! \u0141ap okazj\u0119 jeszcze przed szale\u0144stwem Black Friday. Zyskaj teraz! Co zyskujesz kupuj\u0105c piece pr\u00f3\u017cniowe VECTOR w specjalnej ofercie BLACK FRIDAY SECO\/WARWICK? \u00a0Szybszy ni\u017c zwykle czas dostawy, piec mo\u017ce [&hellip;]<\/p>\n","protected":false},"author":2,"featured_media":165606,"parent":0,"menu_order":0,"comment_status":"closed","ping_status":"closed","template":"","meta":{"_acf_changed":false,"_et_pb_use_builder":"on","_et_pb_old_content":"","_et_gb_content_width":"","footnotes":""},"class_list":["post-165603","page","type-page","status-publish","has-post-thumbnail"],"acf":[],"_links":{"self":[{"href":"https:\/\/www.secowarwick.com\/pl\/wp-json\/wp\/v2\/pages\/165603","targetHints":{"allow":["GET"]}}],"collection":[{"href":"https:\/\/www.secowarwick.com\/pl\/wp-json\/wp\/v2\/pages"}],"about":[{"href":"https:\/\/www.secowarwick.com\/pl\/wp-json\/wp\/v2\/types\/page"}],"author":[{"embeddable":true,"href":"https:\/\/www.secowarwick.com\/pl\/wp-json\/wp\/v2\/users\/2"}],"replies":[{"embeddable":true,"href":"https:\/\/www.secowarwick.com\/pl\/wp-json\/wp\/v2\/comments?post=165603"}],"version-history":[{"count":7,"href":"https:\/\/www.secowarwick.com\/pl\/wp-json\/wp\/v2\/pages\/165603\/revisions"}],"predecessor-version":[{"id":165939,"href":"https:\/\/www.secowarwick.com\/pl\/wp-json\/wp\/v2\/pages\/165603\/revisions\/165939"}],"wp:featuredmedia":[{"embeddable":true,"href":"https:\/\/www.secowarwick.com\/pl\/wp-json\/wp\/v2\/media\/165606"}],"wp:attachment":[{"href":"https:\/\/www.secowarwick.com\/pl\/wp-json\/wp\/v2\/media?parent=165603"}],"curies":[{"name":"wp","href":"https:\/\/api.w.org\/{rel}","templated":true}]}}