{"id":166307,"date":"2024-11-14T14:33:23","date_gmt":"2024-11-14T13:33:23","guid":{"rendered":"https:\/\/www.secowarwick.com\/ospolce\/nagrody-i-wyroznienia\/furnace-plus-platform-awarded\/"},"modified":"2024-11-14T19:17:42","modified_gmt":"2024-11-14T18:17:42","slug":"platforma-furnace-plus-nagrodzona","status":"publish","type":"page","link":"https:\/\/www.secowarwick.com\/pl\/ospolce\/nagrody-i-wyroznienia\/platforma-furnace-plus-nagrodzona\/","title":{"rendered":"Platforma FURNACE\/PLUS nagrodzona!"},"content":{"rendered":"<h3>Nasz flagowy produkt \u2013 portal <strong>FURNACE\/PLUS<\/strong>, zdoby\u0142 nagrod\u0119 w presti\u017cowym konkursie\u00a0<strong>BEST OF INDUSTRY 2024 &#8211; MM Poland Award<\/strong>\u00a0w kategorii\u00a0<strong>Automatyka<\/strong>!<\/h3>\n<p><img decoding=\"async\" class=\"aligncenter wp-image-166275 size-full\" src=\"https:\/\/www.secowarwick.com\/wp-content\/uploads\/2024\/11\/nagroda-Furnace-plus-web.jpg\" alt=\"Platforma FURNACE\/PLUS nagrodzona!\" width=\"1674\" height=\"1260\" srcset=\"https:\/\/www.secowarwick.com\/wp-content\/uploads\/2024\/11\/nagroda-Furnace-plus-web.jpg 1674w, https:\/\/www.secowarwick.com\/wp-content\/uploads\/2024\/11\/nagroda-Furnace-plus-web-1280x963.jpg 1280w, https:\/\/www.secowarwick.com\/wp-content\/uploads\/2024\/11\/nagroda-Furnace-plus-web-980x738.jpg 980w, https:\/\/www.secowarwick.com\/wp-content\/uploads\/2024\/11\/nagroda-Furnace-plus-web-480x361.jpg 480w\" sizes=\"(min-width: 0px) and (max-width: 480px) 480px, (min-width: 481px) and (max-width: 980px) 980px, (min-width: 981px) and (max-width: 1280px) 1280px, (min-width: 1281px) 1674px, 100vw\" \/><\/p>\n<p>Celem konkursu by\u0142o zaprezentowanie ciekawych produkt\u00f3w z bran\u017cy przemys\u0142owej, charakteryzuj\u0105cych si\u0119 innowacyjno\u015bci\u0105, nowoczesno\u015bci\u0105, konkurencyjno\u015bci\u0105 oraz wysok\u0105 jako\u015bci\u0105 i estetyk\u0105.<\/p>\n<p><strong>FURNACE\/PLUS<\/strong>\u00a0\u2013 zbi\u00f3r narz\u0119dzi do zarz\u0105dzania urz\u0105dzeniami przemys\u0142owymi idealnie wpisa\u0142 si\u0119 w te kryteria, a jego walory dostrzegli g\u0142osuj\u0105cy i Kapitu\u0142a Konkursowa.<\/p>\n<p>&nbsp;<\/p>\n","protected":false},"excerpt":{"rendered":"<p>Nasz flagowy produkt \u2013 portal FURNACE\/PLUS, zdoby\u0142 nagrod\u0119 w presti\u017cowym konkursie\u00a0BEST OF INDUSTRY 2024 &#8211; MM Poland Award\u00a0w kategorii\u00a0Automatyka! Celem konkursu by\u0142o zaprezentowanie ciekawych produkt\u00f3w z bran\u017cy przemys\u0142owej, charakteryzuj\u0105cych si\u0119 innowacyjno\u015bci\u0105, nowoczesno\u015bci\u0105, konkurencyjno\u015bci\u0105 oraz wysok\u0105 jako\u015bci\u0105 i estetyk\u0105. FURNACE\/PLUS\u00a0\u2013 zbi\u00f3r narz\u0119dzi do zarz\u0105dzania urz\u0105dzeniami przemys\u0142owymi idealnie wpisa\u0142 si\u0119 w te kryteria, a jego walory dostrzegli [&hellip;]<\/p>\n","protected":false},"author":2,"featured_media":166278,"parent":6722,"menu_order":0,"comment_status":"closed","ping_status":"closed","template":"","meta":{"_acf_changed":false,"_et_pb_use_builder":"off","_et_pb_old_content":"","_et_gb_content_width":"","footnotes":""},"class_list":["post-166307","page","type-page","status-publish","has-post-thumbnail"],"acf":[],"_links":{"self":[{"href":"https:\/\/www.secowarwick.com\/pl\/wp-json\/wp\/v2\/pages\/166307","targetHints":{"allow":["GET"]}}],"collection":[{"href":"https:\/\/www.secowarwick.com\/pl\/wp-json\/wp\/v2\/pages"}],"about":[{"href":"https:\/\/www.secowarwick.com\/pl\/wp-json\/wp\/v2\/types\/page"}],"author":[{"embeddable":true,"href":"https:\/\/www.secowarwick.com\/pl\/wp-json\/wp\/v2\/users\/2"}],"replies":[{"embeddable":true,"href":"https:\/\/www.secowarwick.com\/pl\/wp-json\/wp\/v2\/comments?post=166307"}],"version-history":[{"count":1,"href":"https:\/\/www.secowarwick.com\/pl\/wp-json\/wp\/v2\/pages\/166307\/revisions"}],"predecessor-version":[{"id":166309,"href":"https:\/\/www.secowarwick.com\/pl\/wp-json\/wp\/v2\/pages\/166307\/revisions\/166309"}],"up":[{"embeddable":true,"href":"https:\/\/www.secowarwick.com\/pl\/wp-json\/wp\/v2\/pages\/6722"}],"wp:featuredmedia":[{"embeddable":true,"href":"https:\/\/www.secowarwick.com\/pl\/wp-json\/wp\/v2\/media\/166278"}],"wp:attachment":[{"href":"https:\/\/www.secowarwick.com\/pl\/wp-json\/wp\/v2\/media?parent=166307"}],"curies":[{"name":"wp","href":"https:\/\/api.w.org\/{rel}","templated":true}]}}