{"id":166328,"date":"2024-11-14T19:29:37","date_gmt":"2024-11-14T18:29:37","guid":{"rendered":"https:\/\/www.secowarwick.com\/ospolce\/nagrody-i-wyroznienia\/seco-warwick-awarded-at-the-grand-finale\/"},"modified":"2024-11-14T19:33:52","modified_gmt":"2024-11-14T18:33:52","slug":"nagroda-dla-seco-warwick-w-12-edycji-konkursu","status":"publish","type":"page","link":"https:\/\/www.secowarwick.com\/pl\/ospolce\/nagrody-i-wyroznienia\/nagroda-dla-seco-warwick-w-12-edycji-konkursu\/","title":{"rendered":"Nagroda dla SECO\/WARWICK w 12. edycji konkursu \u201eBez przedsi\u0119biorczo\u015bci nie ma przysz\u0142o\u015bci\u201d!"},"content":{"rendered":"<h3>21 pa\u017adziernika 2024 roku mieli\u015bmy zaszczyt uczestniczy\u0107 w wyj\u0105tkowym wydarzeniu \u2013 12. edycji \u201eBez przedsi\u0119biorczo\u015bci nie ma przysz\u0142o\u015bci\u201d, kt\u00f3ra odby\u0142a si\u0119\u00a0 w siedzibie Dziennika Gazety Prawnej w Warszawie.<\/h3>\n<p><img decoding=\"async\" class=\"aligncenter wp-image-166318 size-full\" src=\"https:\/\/www.secowarwick.com\/wp-content\/uploads\/2024\/11\/SECOWARWICK-Awarded-at-the-Grand-Finale.jpg\" alt=\"Nagroda dla SECO\/WARWICK w 12. edycji konkursu \u201eBez przedsi\u0119biorczo\u015bci nie ma przysz\u0142o\u015bci\u201d!\" width=\"1674\" height=\"1260\" srcset=\"https:\/\/www.secowarwick.com\/wp-content\/uploads\/2024\/11\/SECOWARWICK-Awarded-at-the-Grand-Finale.jpg 1674w, https:\/\/www.secowarwick.com\/wp-content\/uploads\/2024\/11\/SECOWARWICK-Awarded-at-the-Grand-Finale-1280x963.jpg 1280w, https:\/\/www.secowarwick.com\/wp-content\/uploads\/2024\/11\/SECOWARWICK-Awarded-at-the-Grand-Finale-980x738.jpg 980w, https:\/\/www.secowarwick.com\/wp-content\/uploads\/2024\/11\/SECOWARWICK-Awarded-at-the-Grand-Finale-480x361.jpg 480w\" sizes=\"(min-width: 0px) and (max-width: 480px) 480px, (min-width: 481px) and (max-width: 980px) 980px, (min-width: 981px) and (max-width: 1280px) 1280px, (min-width: 1281px) 1674px, 100vw\" \/><\/p>\n<p>Grupa SECO\/WARWICK znalaz\u0142a si\u0119 w gronie trzech tegorocznych Laureat\u00f3w, docenionych za wk\u0142ad w rozw\u00f3j przedsi\u0119biorczo\u015bci i przysz\u0142o\u015b\u0107 polskiej gospodarki. Nagrod\u0119 w imieniu SECO\/WARWICK odebra\u0142a Katarzyna Sawka, wiceprezes ds. marketingu Grupy SECO\/WARWICK.<\/p>\n<p>Dzi\u0119kujemy Redakcji Infor Biznes Sp. z o.o za to presti\u017cowe wyr\u00f3\u017cnienie i uznanie naszej roli w kszta\u0142towaniu przysz\u0142o\u015bci polskiej przedsi\u0119biorczo\u015bci.<\/p>\n<p>&nbsp;<\/p>\n","protected":false},"excerpt":{"rendered":"<p>21 pa\u017adziernika 2024 roku mieli\u015bmy zaszczyt uczestniczy\u0107 w wyj\u0105tkowym wydarzeniu \u2013 12. edycji \u201eBez przedsi\u0119biorczo\u015bci nie ma przysz\u0142o\u015bci\u201d, kt\u00f3ra odby\u0142a si\u0119\u00a0 w siedzibie Dziennika Gazety Prawnej w Warszawie. Grupa SECO\/WARWICK znalaz\u0142a si\u0119 w gronie trzech tegorocznych Laureat\u00f3w, docenionych za wk\u0142ad w rozw\u00f3j przedsi\u0119biorczo\u015bci i przysz\u0142o\u015b\u0107 polskiej gospodarki. Nagrod\u0119 w imieniu SECO\/WARWICK odebra\u0142a Katarzyna Sawka, wiceprezes [&hellip;]<\/p>\n","protected":false},"author":2,"featured_media":166321,"parent":6722,"menu_order":0,"comment_status":"closed","ping_status":"closed","template":"","meta":{"_acf_changed":false,"_et_pb_use_builder":"","_et_pb_old_content":"","_et_gb_content_width":"","footnotes":""},"class_list":["post-166328","page","type-page","status-publish","has-post-thumbnail"],"acf":[],"_links":{"self":[{"href":"https:\/\/www.secowarwick.com\/pl\/wp-json\/wp\/v2\/pages\/166328","targetHints":{"allow":["GET"]}}],"collection":[{"href":"https:\/\/www.secowarwick.com\/pl\/wp-json\/wp\/v2\/pages"}],"about":[{"href":"https:\/\/www.secowarwick.com\/pl\/wp-json\/wp\/v2\/types\/page"}],"author":[{"embeddable":true,"href":"https:\/\/www.secowarwick.com\/pl\/wp-json\/wp\/v2\/users\/2"}],"replies":[{"embeddable":true,"href":"https:\/\/www.secowarwick.com\/pl\/wp-json\/wp\/v2\/comments?post=166328"}],"version-history":[{"count":1,"href":"https:\/\/www.secowarwick.com\/pl\/wp-json\/wp\/v2\/pages\/166328\/revisions"}],"predecessor-version":[{"id":166330,"href":"https:\/\/www.secowarwick.com\/pl\/wp-json\/wp\/v2\/pages\/166328\/revisions\/166330"}],"up":[{"embeddable":true,"href":"https:\/\/www.secowarwick.com\/pl\/wp-json\/wp\/v2\/pages\/6722"}],"wp:featuredmedia":[{"embeddable":true,"href":"https:\/\/www.secowarwick.com\/pl\/wp-json\/wp\/v2\/media\/166321"}],"wp:attachment":[{"href":"https:\/\/www.secowarwick.com\/pl\/wp-json\/wp\/v2\/media?parent=166328"}],"curies":[{"name":"wp","href":"https:\/\/api.w.org\/{rel}","templated":true}]}}