{"id":167196,"date":"2024-12-12T11:11:22","date_gmt":"2024-12-12T10:11:22","guid":{"rendered":"https:\/\/www.secowarwick.com\/?page_id=167196"},"modified":"2024-12-12T11:14:57","modified_gmt":"2024-12-12T10:14:57","slug":"elektryk","status":"publish","type":"page","link":"https:\/\/www.secowarwick.com\/pl\/karierar4\/elektryk\/","title":{"rendered":"Elektryk"},"content":{"rendered":"<p>[et_pb_section fb_built=&#8221;1&#8243; _builder_version=&#8221;4.16&#8243; global_colors_info=&#8221;{}&#8221;][et_pb_row column_structure=&#8221;2_3,1_3&#8243; _builder_version=&#8221;4.16&#8243; global_colors_info=&#8221;{}&#8221;][et_pb_column type=&#8221;2_3&#8243; _builder_version=&#8221;4.16&#8243; custom_padding=&#8221;|||&#8221; global_colors_info=&#8221;{}&#8221; custom_padding__hover=&#8221;|||&#8221;][et_pb_text admin_label=&#8221;stanowisko&#8221; module_class=&#8221;kariera2021-h1&#8243; _builder_version=&#8221;4.23.1&#8243; header_font=&#8221;Titillium Web||||||||&#8221; global_colors_info=&#8221;{}&#8221;]<\/p>\n<h1>ELEKTRYK<\/h1>\n<p>[\/et_pb_text][et_pb_text module_class=&#8221;kariera2021-fakty&#8221; _builder_version=&#8221;4.23.1&#8243; global_colors_info=&#8221;{}&#8221;]<\/p>\n<h3>JAKO ELEKTRYK B\u0118DZIESZ ODPOWIADA\u0141 ZA:<\/h3>\n<p><strong><span style=\"color: #dc291e;\">\/<\/span><\/strong> Prace instalacyjno-monta\u017cowe<br \/><strong><span style=\"color: #dc291e;\">\/<\/span><\/strong> Przy\u0142\u0105czenia na urz\u0105dzeniach<br \/><strong><span style=\"color: #dc291e;\">\/<\/span><\/strong> Monta\u017c nowych urz\u0105dze\u0144 w kraju i za granic\u0105<br \/><strong><span style=\"color: #dc291e;\">\/<\/span><\/strong> Wykonywanie zada\u0144 zgodnie ze schematem elektrycznym<\/p>\n<p>&nbsp;<\/p>\n<h3>KLUCZOWE KOMPETENCJE:<\/h3>\n<p><strong><span style=\"color: #dc291e;\">\/<\/span><\/strong> Do\u015bwiadczenie na podobnym stanowisku min. 2 lata<br \/><strong><span style=\"color: #dc291e;\">\/<\/span><\/strong> Zmys\u0142 techniczny<br \/><strong><span style=\"color: #dc291e;\">\/<\/span><\/strong> Umiej\u0119tno\u015b\u0107 czytania rysunku technicznego<br \/><strong><span style=\"color: #dc291e;\">\/<\/span><\/strong> Skrupulatno\u015b\u0107 i terminowo\u015b\u0107<br \/><strong><span style=\"color: #dc291e;\">\/<\/span><\/strong> Umiej\u0119tno\u015b\u0107 pracy w grupie<br \/><strong><span style=\"color: #dc291e;\">\/<\/span><\/strong> Gotowo\u015b\u0107 do podr\u00f3\u017cy s\u0142u\u017cbowych<br \/><strong><span style=\"color: #dc291e;\">\/<\/span><\/strong> Prawo jazdy kat. B<br \/><strong><span style=\"color: #dc291e;\">\/<\/span><\/strong> Odpowiedzialno\u015b\u0107 za wykonywan\u0105 prac\u0119<\/p>\n<p><strong>A DODATKOWO:<\/strong><\/p>\n<p><strong><span style=\"color: #dc291e;\">\/<\/span><\/strong> Uprawnienia SEP do 1KV<\/p>\n<p>&nbsp;<\/p>\n<h3>W ZAMIAN ZA TWOJE DO\u015aWIADCZENIE, WIEDZ\u0118 I UMIEJ\u0118TNO\u015aCI MO\u017bESZ LICZY\u0106 NA<\/h3>\n<p><strong><span style=\"color: #dc291e;\">\/<\/span><\/strong> Jasny system wynagradzania i premiowania \u2013 Twoja praca ma swoj\u0105 cen\u0119 \u2013 wybierz karier\u0119, kt\u00f3ra Ci si\u0119 op\u0142aci!<br \/><strong><span style=\"color: #dc291e;\">\/<\/span><\/strong> Ubezpieczenie na \u017cycie i pakiet medyczny LUXMED dla Ciebie i Twoich najbli\u017cszych<br \/><strong><span style=\"color: #dc291e;\">\/<\/span><\/strong> SECO\/BUS &#8211; darmowe dowozy do firmy z Zielonej G\u00f3ry i Sulechowa (w przypadku pracy w \u015awiebodzinie) lub wsparcie w dojazdach w postaci karty paliwowej<br \/><strong><span style=\"color: #dc291e;\">\/<\/span><\/strong> Program polece\u0144 pracowniczych \u2013 w 2023 zatrudnili\u015bmy 25 os\u00f3b z polecenia naszych pracownik\u00f3w<\/p>\n<p>Wiemy jak stresuj\u0105ce jest do\u0142\u0105czenie do nowej organizacji. Dlatego w pierwszych miesi\u0105cach pracy otrzymasz od nas pe\u0142ne wsparcie w postaci osobistego opiekuna \u2013 Buddy\u2019ego, a tak\u017ce prze\u0142o\u017conego i zespo\u0142u. Zaopatrzymy Ci\u0119 te\u017c w niezb\u0119dne materia\u0142y wdro\u017ceniowe i narz\u0119dzia, dzi\u0119ki kt\u00f3rym b\u0119dziesz wiedzia\u0142\/a jak porusza\u0107 si\u0119 po firmie.<\/p>\n<p>&nbsp;<\/p>\n<h3>NASZE WYR\u00d3\u017bNIKI JAKO PRACODAWCY<\/h3>\n<p><strong><span style=\"color: #dc291e;\">\/<\/span><\/strong> Bezpiecze\u0144stwo \u2013 prawie po\u0142owa pracownik\u00f3w jest z nami od ponad 10 lat.<br \/><strong><span style=\"color: #dc291e;\">\/<\/span><\/strong> Stabilno\u015b\u0107 \u2013 U nas masz pewno\u015b\u0107, \u017ce jeste\u015b cz\u0119\u015bci\u0105 zespo\u0142u, kt\u00f3ry dba o sta\u0142y rozw\u00f3j i bezpiecze\u0144stwo swoich pracownik\u00f3w! Posiadamy ponad 100 lat do\u015bwiadczenia na rynku i jeste\u015bmy wiod\u0105c\u0105 firm\u0105 w bran\u017cy a sta\u017c pracy wynosi \u015brednio 11 lat.<br \/><strong><span style=\"color: #dc291e;\">\/<\/span><\/strong> Bie\u017c\u0105cy i konstruktywny feedback od prze\u0142o\u017conego \u2013 cenimy otwart\u0105 komunikacj\u0119 i wzajemny szacunek, wiemy, jak wa\u017cnym jest zna\u0107 i widzie\u0107 efekty swojej pracy, dlatego nasi managerowie regularnie dbaj\u0105 o zapewnienie Ci informacji zwrotnej o Twojej pracy, a tak\u017ce sami s\u0105 w ci\u0105g\u0142ym procesie rozwoju i feedbacku.<br \/><strong><span style=\"color: #dc291e;\">\/<\/span><\/strong> Pracodawc\u0119 docenionego i wyr\u00f3\u017cnionego jako Solidny Pracodawca Roku oraz Organizator Pracy Bezpiecznej. \u00a0<br \/><strong><span style=\"color: #dc291e;\">\/<\/span><\/strong> Realny wp\u0142yw na rozw\u00f3j i doskonalenie najnowocze\u015bniejszych technologii w bran\u017cy obr\u00f3bki cieplnej \u2013 co potwierdzaj\u0105 liczne wyr\u00f3\u017cnienia m.in. medal Zas\u0142u\u017cony dla Polskiej Wynalazczo\u015bci czy Lider Innowacyjno\u015bci.<br \/><strong><span style=\"color: #dc291e;\">\/<\/span><\/strong> Mo\u017cliwo\u015b\u0107 dbania o planet\u0119 \u2013 w ramach SECO\/ECO podejmujemy szereg dzia\u0142a\u0144 proekologicznych, aby zmieni\u0107 kolor metalurgii i obr\u00f3bki cieplnej na zielony.<br \/><strong><span style=\"color: #dc291e;\">\/<\/span><\/strong> Mo\u017cliwo\u015b\u0107 wspierania dzia\u0142a\u0144 CSR\u2019owych, dzi\u0119ki kt\u00f3rym poczujesz si\u0119 cz\u0119\u015bci\u0105 lokalnej spo\u0142eczno\u015bci i wp\u0142yniesz na rozw\u00f3j najbli\u017cszego \u015brodowiska, co zosta\u0142o docenione wyr\u00f3\u017cnieniem Fair Company w 2024 roku.<\/p>\n<p>&nbsp;<\/p>\n<h3>NIE CZEKAJ, APLIKUJ!<\/h3>\n<p>Masz pytania, w\u0105tpliwo\u015bci? Napisz na <a href=\"mailto:rekrutacja@secowarwick.com\">rekrutacja@secowarwick.com<\/a> lub zadzwo\u0144 +48\u00a0734\u00a0935 723.<\/p>\n<p>Je\u015bli czujesz, \u017ce oferta jest dla Ciebie, ale nie spe\u0142niasz 100% wymaga\u0144 \u2013 aplikuj! Wiemy, \u017ce nie ma kandydat\u00f3w idealnych i z ch\u0119ci\u0105 poznamy Ciebie i Twoj\u0105 motywacj\u0119 <strong>\ud83d\ude0a<\/strong><\/p>\n<p>&nbsp;<\/p>\n<h3>RODO<\/h3>\n<p>Masz prawo wiedzie\u0107 jakie informacje o Tobie posiadamy i w jaki spos\u00f3b je wykorzystujemy. Przed aplikacj\u0105 zapoznaj si\u0119 ze szczeg\u00f3\u0142ami <a href=\"https:\/\/www.secowarwick.com\/wp-content\/uploads\/2022\/09\/Zal.-09-Informacja-o-przetwarzaniu-danych-osobowych-%E2%80%93-proces-rekrutacji-ogloszenia.pdf\">tutaj<\/a>.<\/p>\n<p><strong>Zapraszamy do \u015bwiata SECO\/WARWICK!<\/strong><\/p>\n<p>[\/et_pb_text][\/et_pb_column][et_pb_column type=&#8221;1_3&#8243; module_class=&#8221;kariera2021-prawa-kolumna&#8221; _builder_version=&#8221;4.16&#8243; custom_padding=&#8221;|||&#8221; global_colors_info=&#8221;{}&#8221; custom_padding__hover=&#8221;|||&#8221;][et_pb_text module_class=&#8221;kariera2021-aplikuj-teraz&#8221; _builder_version=&#8221;4.23.1&#8243; global_colors_info=&#8221;{}&#8221;]<\/p>\n<p><a href=\"https:\/\/secowarwick.elementapp.ai\/application\/v2\/e1b2b6e1-e0f7-497c-8d82-6f30aadd188a\/44a97225-6223-4c53-9118-27fe0bce62d7?source=097a9a2e-ba26-4e9e-a0cc-d740d7204a6c\" target=\"_blank\" rel=\"noopener\">APLIKUJ TERAZ<\/a><\/p>\n<p>[\/et_pb_text][et_pb_text admin_label=&#8221;aplikuj pdf&#8221; _builder_version=&#8221;4.23.1&#8243; _module_preset=&#8221;default&#8221; custom_padding=&#8221;||20px||false|false&#8221; global_module=&#8221;160563&#8243; saved_tabs=&#8221;all&#8221; global_colors_info=&#8221;{}&#8221;]<\/p>\n<p style=\"text-align: center;\">Przed z\u0142o\u017ceniem aplikacji zapoznaj si\u0119 z informacj\u0105 o przetwarzaniu Twoich danych osobowych <a href=\"https:\/\/www.secowarwick.com\/wp-content\/uploads\/2022\/09\/Zal.-09-Informacja-o-przetwarzaniu-danych-osobowych-%E2%80%93-proces-rekrutacji-ogloszenia.pdf\" target=\"_blank\" rel=\"noopener\">tutaj<\/a>.<\/p>\n<p>[\/et_pb_text][et_pb_image src=&#8221;https:\/\/www.secowarwick.com\/wp-content\/uploads\/2024\/12\/praca-elektryk.jpg&#8221; alt=&#8221;praca elektryk&#8221; title_text=&#8221;Specjalista ds. Marketingu&#8221; align_tablet=&#8221;center&#8221; align_phone=&#8221;&#8221; align_last_edited=&#8221;on|desktop&#8221; _builder_version=&#8221;4.23.1&#8243; global_colors_info=&#8221;{}&#8221;][\/et_pb_image][et_pb_text admin_label=&#8221;FAKTY W PIGU\u0141CE&#8221; module_class=&#8221;kariera2021-fakty&#8221; _builder_version=&#8221;4.23.1&#8243; global_colors_info=&#8221;{}&#8221;]<\/p>\n<h3>FAKTY W PIGU\u0141CE<\/h3>\n<p><strong>Miejsce:<\/strong> <span style=\"color: #dc291e;\">Polska<\/span><br \/><strong>Miasto:<\/strong> <span style=\"color: #dc291e;\">\u015awiebodzin<\/span><br \/><strong>Stanowisko:<\/strong> <span style=\"color: #dc291e;\">Elektryk<\/span><br \/><strong>Wykszta\u0142cenie:<\/strong> <span style=\"color: #dc291e;\">Zawodowe\/Techniczne<\/span><br \/><strong>J\u0119zyk:<\/strong> <span style=\"color: #dc291e;\">angielski<br \/><\/span><strong>Poziom:<\/strong> <span style=\"color: #dc291e;\">specjalista<\/span><br \/><strong>Typ zatrudnienie<\/strong>: <span style=\"color: #dc291e;\">umowa o prac\u0119<\/span><br \/><strong>Forma:<\/strong> <span style=\"color: #dc291e;\">stacjonarna, jedna zmiana 7-15<\/span><br \/><strong>Delegacje:<\/strong> <span style=\"color: #dc291e;\">regularne<\/span><\/p>\n<p>[\/et_pb_text][\/et_pb_column][\/et_pb_row][\/et_pb_section][et_pb_section fb_built=&#8221;1&#8243; _builder_version=&#8221;4.19.2&#8243; _module_preset=&#8221;default&#8221; global_colors_info=&#8221;{}&#8221;][et_pb_row _builder_version=&#8221;4.19.2&#8243; _module_preset=&#8221;default&#8221; global_colors_info=&#8221;{}&#8221;][et_pb_column type=&#8221;4_4&#8243; _builder_version=&#8221;4.19.2&#8243; _module_preset=&#8221;default&#8221; global_colors_info=&#8221;{}&#8221;][et_pb_text admin_label=&#8221;aplikuj pdf&#8221; _builder_version=&#8221;4.23.1&#8243; _module_preset=&#8221;default&#8221; custom_padding=&#8221;||20px||false|false&#8221; global_module=&#8221;160563&#8243; saved_tabs=&#8221;all&#8221; global_colors_info=&#8221;{}&#8221;]<\/p>\n<p style=\"text-align: center;\">Przed z\u0142o\u017ceniem aplikacji zapoznaj si\u0119 z informacj\u0105 o przetwarzaniu Twoich danych osobowych <a href=\"https:\/\/www.secowarwick.com\/wp-content\/uploads\/2022\/09\/Zal.-09-Informacja-o-przetwarzaniu-danych-osobowych-%E2%80%93-proces-rekrutacji-ogloszenia.pdf\" target=\"_blank\" rel=\"noopener\">tutaj<\/a>.<\/p>\n<p>[\/et_pb_text][et_pb_text _builder_version=&#8221;4.23.1&#8243; _module_preset=&#8221;default&#8221; global_colors_info=&#8221;{}&#8221;]<\/p>\n<p style=\"text-align: center;\"><a class=\"small-button smallred\" style=\"font-size: 15px; padding: 10px 40px;\" href=\"https:\/\/secowarwick.elementapp.ai\/application\/v2\/e1b2b6e1-e0f7-497c-8d82-6f30aadd188a\/44a97225-6223-4c53-9118-27fe0bce62d7?source=097a9a2e-ba26-4e9e-a0cc-d740d7204a6c\" target=\"_blank\" rel=\"noopener\"><span style=\"display: block; transform: skew(15deg,0deg); -webkit-transform: skew(15deg,0deg); font-size: 15px;\">APLIKUJ<\/span><\/a><\/p>\n<p>[\/et_pb_text][\/et_pb_column][\/et_pb_row][\/et_pb_section]<\/p>\n","protected":false},"excerpt":{"rendered":"<p>ELEKTRYKJAKO ELEKTRYK B\u0118DZIESZ ODPOWIADA\u0141 ZA: \/ Prace instalacyjno-monta\u017cowe\/ Przy\u0142\u0105czenia na urz\u0105dzeniach\/ Monta\u017c nowych urz\u0105dze\u0144 w kraju i za granic\u0105\/ Wykonywanie zada\u0144 zgodnie ze schematem elektrycznym &nbsp; KLUCZOWE KOMPETENCJE: \/ Do\u015bwiadczenie na podobnym stanowisku min. 2 lata\/ Zmys\u0142 techniczny\/ Umiej\u0119tno\u015b\u0107 czytania rysunku technicznego\/ Skrupulatno\u015b\u0107 i terminowo\u015b\u0107\/ Umiej\u0119tno\u015b\u0107 pracy w grupie\/ Gotowo\u015b\u0107 do podr\u00f3\u017cy s\u0142u\u017cbowych\/ Prawo jazdy [&hellip;]<\/p>\n","protected":false},"author":2,"featured_media":167208,"parent":90568,"menu_order":0,"comment_status":"closed","ping_status":"closed","template":"","meta":{"_acf_changed":false,"_et_pb_use_builder":"on","_et_pb_old_content":"","_et_gb_content_width":"","footnotes":""},"class_list":["post-167196","page","type-page","status-publish","has-post-thumbnail"],"acf":[],"_links":{"self":[{"href":"https:\/\/www.secowarwick.com\/pl\/wp-json\/wp\/v2\/pages\/167196","targetHints":{"allow":["GET"]}}],"collection":[{"href":"https:\/\/www.secowarwick.com\/pl\/wp-json\/wp\/v2\/pages"}],"about":[{"href":"https:\/\/www.secowarwick.com\/pl\/wp-json\/wp\/v2\/types\/page"}],"author":[{"embeddable":true,"href":"https:\/\/www.secowarwick.com\/pl\/wp-json\/wp\/v2\/users\/2"}],"replies":[{"embeddable":true,"href":"https:\/\/www.secowarwick.com\/pl\/wp-json\/wp\/v2\/comments?post=167196"}],"version-history":[{"count":5,"href":"https:\/\/www.secowarwick.com\/pl\/wp-json\/wp\/v2\/pages\/167196\/revisions"}],"predecessor-version":[{"id":167218,"href":"https:\/\/www.secowarwick.com\/pl\/wp-json\/wp\/v2\/pages\/167196\/revisions\/167218"}],"up":[{"embeddable":true,"href":"https:\/\/www.secowarwick.com\/pl\/wp-json\/wp\/v2\/pages\/90568"}],"wp:featuredmedia":[{"embeddable":true,"href":"https:\/\/www.secowarwick.com\/pl\/wp-json\/wp\/v2\/media\/167208"}],"wp:attachment":[{"href":"https:\/\/www.secowarwick.com\/pl\/wp-json\/wp\/v2\/media?parent=167196"}],"curies":[{"name":"wp","href":"https:\/\/api.w.org\/{rel}","templated":true}]}}