{"id":167625,"date":"2024-12-07T19:43:29","date_gmt":"2024-12-07T18:43:29","guid":{"rendered":"https:\/\/www.secowarwick.com\/service\/automatyka\/master-systems\/"},"modified":"2025-05-29T15:39:37","modified_gmt":"2025-05-29T13:39:37","slug":"system-nadrzedny","status":"publish","type":"page","link":"https:\/\/www.secowarwick.com\/pl\/service\/automatyka\/system-nadrzedny\/","title":{"rendered":"System nadrz\u0119dny"},"content":{"rendered":"<p>[et_pb_section fb_built=&#8221;1&#8243; fullwidth=&#8221;on&#8221; _builder_version=&#8221;4.23.1&#8243; global_colors_info=&#8221;{}&#8221;][et_pb_fullwidth_slider show_arrows=&#8221;off&#8221; show_pagination=&#8221;off&#8221; module_class=&#8221;slider-uslugowy-odzysk&#8221; _builder_version=&#8221;4.23.1&#8243; body_line_height=&#8221;1.9em&#8221; background_position=&#8221;top_left&#8221; custom_padding=&#8221;|||&#8221; global_colors_info=&#8221;{}&#8221; button_text_size__hover_enabled=&#8221;off&#8221; button_one_text_size__hover_enabled=&#8221;off&#8221; button_two_text_size__hover_enabled=&#8221;off&#8221; button_text_color__hover_enabled=&#8221;off&#8221; button_one_text_color__hover_enabled=&#8221;off&#8221; button_two_text_color__hover_enabled=&#8221;off&#8221; button_border_width__hover_enabled=&#8221;off&#8221; button_one_border_width__hover_enabled=&#8221;off&#8221; button_two_border_width__hover_enabled=&#8221;off&#8221; button_border_color__hover_enabled=&#8221;off&#8221; button_one_border_color__hover_enabled=&#8221;off&#8221; button_two_border_color__hover_enabled=&#8221;off&#8221; button_border_radius__hover_enabled=&#8221;off&#8221; button_one_border_radius__hover_enabled=&#8221;off&#8221; button_two_border_radius__hover_enabled=&#8221;off&#8221; button_letter_spacing__hover_enabled=&#8221;off&#8221; button_one_letter_spacing__hover_enabled=&#8221;off&#8221; button_two_letter_spacing__hover_enabled=&#8221;off&#8221; button_bg_color__hover_enabled=&#8221;off&#8221; button_one_bg_color__hover_enabled=&#8221;off&#8221; button_two_bg_color__hover_enabled=&#8221;off&#8221;][et_pb_slide use_bg_overlay=&#8221;off&#8221; use_text_overlay=&#8221;off&#8221; _builder_version=&#8221;4.23.1&#8243; header_font=&#8221;||||&#8221; body_font=&#8221;||||&#8221; body_font_size=&#8221;48&#8243; body_line_height=&#8221;1em&#8221; background_color=&#8221;#ffffff&#8221; background_image=&#8221;https:\/\/www.secowarwick.com\/wp-content\/uploads\/2024\/06\/automatyka-slider-tlo-2.jpg&#8221; background_enable_image=&#8221;on&#8221; background_position=&#8221;bottom_right&#8221; button_on_hover=&#8221;on&#8221; body_font_size_tablet=&#8221;40&#8243; body_font_size_phone=&#8221;30&#8243; body_font_size_last_edited=&#8221;on|phone&#8221; body_line_height_tablet=&#8221;1em&#8221; body_line_height_phone=&#8221;1em&#8221; global_colors_info=&#8221;{}&#8221; button_text_size__hover_enabled=&#8221;off&#8221; button_one_text_size__hover_enabled=&#8221;off&#8221; button_two_text_size__hover_enabled=&#8221;off&#8221; button_text_color__hover_enabled=&#8221;off&#8221; button_one_text_color__hover_enabled=&#8221;off&#8221; button_two_text_color__hover_enabled=&#8221;off&#8221; button_border_width__hover_enabled=&#8221;off&#8221; button_one_border_width__hover_enabled=&#8221;off&#8221; button_two_border_width__hover_enabled=&#8221;off&#8221; button_border_color__hover_enabled=&#8221;off&#8221; button_one_border_color__hover_enabled=&#8221;off&#8221; button_two_border_color__hover_enabled=&#8221;off&#8221; button_border_radius__hover_enabled=&#8221;off&#8221; button_one_border_radius__hover_enabled=&#8221;off&#8221; button_two_border_radius__hover_enabled=&#8221;off&#8221; button_letter_spacing__hover_enabled=&#8221;off&#8221; button_one_letter_spacing__hover_enabled=&#8221;off&#8221; button_two_letter_spacing__hover_enabled=&#8221;off&#8221; button_bg_color__hover_enabled=&#8221;off&#8221; button_one_bg_color__hover_enabled=&#8221;off&#8221; button_two_bg_color__hover_enabled=&#8221;off&#8221; sticky_transition=&#8221;on&#8221;]<\/p>\n<p style=\"text-align: left;\"><strong><span style=\"color: #dc291e;\">\/ <span style=\"color: #ffffff;\">SYSTEM NADRZ\u0118DNY<\/span><\/span><\/strong><\/p>\n<p>[\/et_pb_slide][\/et_pb_fullwidth_slider][\/et_pb_section][et_pb_section fb_built=&#8221;1&#8243; admin_label=&#8221;section&#8221; _builder_version=&#8221;4.23.1&#8243; background_color=&#8221;#ffffff&#8221; custom_margin=&#8221;0px|||&#8221; custom_padding=&#8221;0px||25px||false|false&#8221; transparent_background=&#8221;off&#8221; global_colors_info=&#8221;{}&#8221;][et_pb_row column_structure=&#8221;2_3,1_3&#8243; use_custom_gutter=&#8221;on&#8221; gutter_width=&#8221;2&#8243; admin_label=&#8221;row&#8221; _builder_version=&#8221;4.23.1&#8243; background_size=&#8221;initial&#8221; background_position=&#8221;top_left&#8221; background_repeat=&#8221;repeat&#8221; global_colors_info=&#8221;{}&#8221;][et_pb_column type=&#8221;2_3&#8243; _builder_version=&#8221;4.23.1&#8243; custom_padding=&#8221;|30px|||false|false&#8221; custom_padding_tablet=&#8221;|0px|||false|false&#8221; custom_padding_phone=&#8221;|0px|||false|false&#8221; custom_padding_last_edited=&#8221;on|desktop&#8221; global_colors_info=&#8221;{}&#8221; custom_padding__hover=&#8221;|||&#8221;][et_pb_breadcrumbs _builder_version=&#8221;3.0.47&#8243; global_colors_info=&#8221;{}&#8221;][\/et_pb_breadcrumbs][et_pb_text module_class=&#8221;ed-square-list-parent&#8221; _builder_version=&#8221;4.23.1&#8243; background_size=&#8221;initial&#8221; background_position=&#8221;top_left&#8221; background_repeat=&#8221;repeat&#8221; use_border_color=&#8221;off&#8221; border_color=&#8221;#ffffff&#8221; border_style=&#8221;solid&#8221; global_colors_info=&#8221;{}&#8221;]<\/p>\n<h1>SYSTEM NADRZ\u0118DNY<\/h1>\n<p>[\/et_pb_text][\/et_pb_column][et_pb_column type=&#8221;1_3&#8243; _builder_version=&#8221;4.16&#8243; custom_padding=&#8221;|||&#8221; global_colors_info=&#8221;{}&#8221; custom_padding__hover=&#8221;|||&#8221;][\/et_pb_column][\/et_pb_row][et_pb_row column_structure=&#8221;3_4,1_4&#8243; use_custom_gutter=&#8221;on&#8221; gutter_width=&#8221;2&#8243; admin_label=&#8221;row&#8221; _builder_version=&#8221;4.23.1&#8243; background_size=&#8221;initial&#8221; background_position=&#8221;top_left&#8221; background_repeat=&#8221;repeat&#8221; custom_padding=&#8221;0px||||false|false&#8221; global_colors_info=&#8221;{}&#8221;][et_pb_column type=&#8221;3_4&#8243; _builder_version=&#8221;4.23.1&#8243; custom_padding=&#8221;|30px|||false|false&#8221; custom_padding_tablet=&#8221;|0px|||false|false&#8221; custom_padding_phone=&#8221;|0px|||false|false&#8221; custom_padding_last_edited=&#8221;on|desktop&#8221; global_colors_info=&#8221;{}&#8221; custom_padding__hover=&#8221;|||&#8221;][et_pb_text module_class=&#8221;ed-square-list-parent&#8221; _builder_version=&#8221;4.23.1&#8243; background_size=&#8221;initial&#8221; background_position=&#8221;top_left&#8221; background_repeat=&#8221;repeat&#8221; text_orientation=&#8221;justified&#8221; use_border_color=&#8221;off&#8221; border_color=&#8221;#ffffff&#8221; border_style=&#8221;solid&#8221; global_colors_info=&#8221;{}&#8221;]<\/p>\n<p><img decoding=\"async\" class=\"alignleft wp-image-167370\" src=\"https:\/\/www.secowarwick.com\/wp-content\/uploads\/2024\/12\/master_system_icon.png\" alt=\"Master system\" width=\"80\" height=\"88\" srcset=\"https:\/\/www.secowarwick.com\/wp-content\/uploads\/2024\/12\/master_system_icon.png 316w, https:\/\/www.secowarwick.com\/wp-content\/uploads\/2024\/12\/master_system_icon-274x300.png 274w, https:\/\/www.secowarwick.com\/wp-content\/uploads\/2024\/12\/master_system_icon-137x150.png 137w\" sizes=\"(max-width: 80px) 100vw, 80px\" \/>System nadrz\u0119dny, to&nbsp;og\u00f3lna struktura lub mechanizm, kt\u00f3ry&nbsp;zarz\u0105dza i&nbsp;koordynuje dzia\u0142anie podrz\u0119dnych, autonomicznych system\u00f3w sterowania. S\u0142u\u017cy do&nbsp;zarz\u0105dzania produkcj\u0105, utrzymaniem ruchu, technologi\u0105 i&nbsp;optymalizacj\u0105 procesu produkcyjnego w&nbsp;uj\u0119ciu globalnym.<\/p>\n<p>[\/et_pb_text][et_pb_text module_class=&#8221;przecinek-tlo-nizej&#8221; _builder_version=&#8221;4.23.1&#8243; text_text_color=&#8221;#000000&#8243; header_2_font_size=&#8221;22px&#8221; background_size=&#8221;initial&#8221; background_position=&#8221;top_left&#8221; background_repeat=&#8221;repeat&#8221; use_border_color=&#8221;off&#8221; locked=&#8221;off&#8221; global_colors_info=&#8221;{}&#8221;]<\/p>\n<h2><strong>3 warto\u015bci systemu nadrz\u0119dnego poprawiaj\u0105ce efektywno\u015b\u0107 i&nbsp;organizacj\u0119:<\/strong><\/h2>\n<p>[\/et_pb_text][et_pb_text _builder_version=&#8221;4.23.1&#8243; text_text_color=&#8221;#000000&#8243; header_2_font_size=&#8221;22px&#8221; background_size=&#8221;initial&#8221; background_position=&#8221;top_left&#8221; background_repeat=&#8221;repeat&#8221; use_border_color=&#8221;off&#8221; locked=&#8221;off&#8221; global_colors_info=&#8221;{}&#8221;]<\/p>\n<ol>\n<li><strong>Koordynacja:<\/strong>Umo\u017cliwia p\u0142ynne funkcjonowanie r\u00f3\u017cnych podsystem\u00f3w poprzez skuteczn\u0105 synchronizacj\u0119 ich dzia\u0142a\u0144.<\/li>\n<li><strong>Zarz\u0105dzanie zasobami:<\/strong>\u00a0Pomaga w&nbsp;efektywnym zarz\u0105dzaniu zasobami, co&nbsp;prowadzi do&nbsp;oszcz\u0119dno\u015bci czasu i&nbsp;koszt\u00f3w.<\/li>\n<li><strong>Standaryzacja:<\/strong>\u00a0Wprowadza standardowe procedury, co&nbsp;u\u0142atwia analiz\u0119 i&nbsp;optymalizacj\u0119 proces\u00f3w.<\/li>\n<\/ol>\n<p>[\/et_pb_text][\/et_pb_column][et_pb_column type=&#8221;1_4&#8243; _builder_version=&#8221;4.16&#8243; custom_padding=&#8221;|||&#8221; global_colors_info=&#8221;{}&#8221; custom_padding__hover=&#8221;|||&#8221;][et_pb_text admin_label=&#8221;btn_pl_premiumlibrary&#8221; module_class=&#8221;premium-library-button&#8221; _builder_version=&#8221;4.23.1&#8243; _module_preset=&#8221;default&#8221; text_orientation=&#8221;center&#8221; global_module=&#8221;157169&#8243; saved_tabs=&#8221;all&#8221; locked=&#8221;off&#8221; global_colors_info=&#8221;{}&#8221;]<\/p>\n<a href='https:\/\/www.secowarwick.com\/pl\/trescipremium\/' class='small-button smallred'><span>TRE\u015aCI PREMIUM<\/span><\/a>\n<p>[\/et_pb_text][et_pb_text admin_label=&#8221;R&#038;D PL&#8221; module_class=&#8221;product_widget_wrap_rd&#8221; _builder_version=&#8221;4.23.1&#8243; _module_preset=&#8221;default&#8221; text_orientation=&#8221;center&#8221; global_module=&#8221;165497&#8243; saved_tabs=&#8221;all&#8221; locked=&#8221;off&#8221; global_colors_info=&#8221;{}&#8221;]<\/p>\n<p><a href=\"https:\/\/www.secowarwick.com\/pl\/rd\/\"><span class=\"product_wigtet_name\">R&amp;D<\/span><\/a><\/p>\n<p>[\/et_pb_text][et_pb_text admin_label=&#8221;PRODUKTY pl&#8221; module_class=&#8221;product_widget_wrap_products&#8221; _builder_version=&#8221;4.23.1&#8243; _module_preset=&#8221;default&#8221; global_module=&#8221;178154&#8243; saved_tabs=&#8221;all&#8221; locked=&#8221;off&#8221; global_colors_info=&#8221;{}&#8221;]<\/p>\n<p><a href=\"https:\/\/www.secowarwick.com\/pl\/produkty\/\" target=\"_blank\" rel=\"noopener\"><span class=\"product_wigtet_name\">PRODUKTY<\/span><\/a><\/p>\n<p>[\/et_pb_text][et_pb_text admin_label=&#8221;SERVICE PL&#8221; module_class=&#8221;product_widget_wrap_service&#8221; _builder_version=&#8221;4.23.1&#8243; _module_preset=&#8221;default&#8221; global_module=&#8221;165500&#8243; saved_tabs=&#8221;all&#8221; locked=&#8221;off&#8221; global_colors_info=&#8221;{}&#8221;]<\/p>\n<p><a href=\"https:\/\/www.secowarwick.com\/pl\/profesjonalne-uslugi-serwisowe\/\"><span class=\"product_wigtet_name\">SERWIS<\/span><\/a><\/p>\n<p>[\/et_pb_text][et_pb_text admin_label=&#8221;SUPLEMENTALS PL&#8221; module_class=&#8221;product_widget_wrap_supleme&#8221; _builder_version=&#8221;4.23.1&#8243; _module_preset=&#8221;default&#8221; global_module=&#8221;165502&#8243; saved_tabs=&#8221;all&#8221; locked=&#8221;off&#8221; global_colors_info=&#8221;{}&#8221;]<\/p>\n<p><span class=\"product_wigtet_name\">DODATKOWE:<\/span><\/p>\n<p>[\/et_pb_text][et_pb_text admin_label=&#8221;dnabook-pl&#8221; module_class=&#8221;suplementals_product_dna suplementals_wrap&#8221; _builder_version=&#8221;4.23.1&#8243; _module_preset=&#8221;default&#8221; global_module=&#8221;165509&#8243; saved_tabs=&#8221;all&#8221; locked=&#8221;off&#8221; global_colors_info=&#8221;{}&#8221;]<\/p>\n<p><a href=\"https:\/\/www.secowarwick.com\/wp-content\/uploads\/2024\/02\/2024_SECO_WARWICK_Catalog_DNA_EN_SECOLOGY.pdf\" target=\"_blank\" rel=\"noopener\">DNA\/BOOK<\/a><\/p>\n<p>[\/et_pb_text][et_pb_text admin_label=&#8221;ECO\/BOOK-pl&#8221; module_class=&#8221;suplementals_product_eco suplementals_wrap&#8221; _builder_version=&#8221;4.23.1&#8243; _module_preset=&#8221;default&#8221; global_module=&#8221;165511&#8243; saved_tabs=&#8221;all&#8221; locked=&#8221;off&#8221; global_colors_info=&#8221;{}&#8221;]<\/p>\n<p><a href=\"https:\/\/www.secowarwick.com\/wp-content\/uploads\/2023\/06\/ECOBOOK-2-1.pdf\" target=\"_blank\" rel=\"noopener\">ECO\/BOOK<\/a><\/p>\n<p>[\/et_pb_text][\/et_pb_column][\/et_pb_row][\/et_pb_section][et_pb_section fb_built=&#8221;1&#8243; _builder_version=&#8221;4.23.1&#8243; _module_preset=&#8221;default&#8221; background_color=&#8221;#f8f8f8&#8243; custom_padding=&#8221;25px||25px||false|false&#8221; global_colors_info=&#8221;{}&#8221;][et_pb_row make_equal=&#8221;on&#8221; admin_label=&#8221;row&#8221; _builder_version=&#8221;4.23.1&#8243; background_size=&#8221;initial&#8221; background_position=&#8221;top_left&#8221; background_repeat=&#8221;repeat&#8221; global_colors_info=&#8221;{}&#8221;][et_pb_column type=&#8221;4_4&#8243; _builder_version=&#8221;4.16&#8243; custom_padding=&#8221;|||&#8221; global_colors_info=&#8221;{}&#8221; custom_padding__hover=&#8221;|||&#8221;][et_pb_text module_class=&#8221;przecinek-tlo-nizej&#8221; _builder_version=&#8221;4.23.1&#8243; text_text_color=&#8221;#000000&#8243; header_2_font_size=&#8221;22px&#8221; background_size=&#8221;initial&#8221; background_position=&#8221;top_left&#8221; background_repeat=&#8221;repeat&#8221; use_border_color=&#8221;off&#8221; locked=&#8221;off&#8221; global_colors_info=&#8221;{}&#8221;]<\/p>\n<h2><strong>Korzy\u015bci posiadania systemu nadrz\u0119dnego:<\/strong><\/h2>\n<p>[\/et_pb_text][et_pb_text _builder_version=&#8221;4.23.1&#8243; text_text_color=&#8221;#000000&#8243; header_2_font_size=&#8221;22px&#8221; background_size=&#8221;initial&#8221; background_position=&#8221;top_left&#8221; background_repeat=&#8221;repeat&#8221; use_border_color=&#8221;off&#8221; locked=&#8221;off&#8221; global_colors_info=&#8221;{}&#8221;]<\/p>\n<p><img decoding=\"async\" class=\"wp-image-159339 size-full alignright\" src=\"https:\/\/www.secowarwick.com\/wp-content\/uploads\/2024\/05\/korzysci.png\" alt=\"korzy\u015bci\" width=\"150\" height=\"150\" \/><strong><span style=\"color: #dc291e;\">\/<\/span> Zwi\u0119kszona wydajno\u015b\u0107:<\/strong>\u00a0Lepsze zarz\u0105dzanie czasem i&nbsp;zasobami, co&nbsp;prowadzi do&nbsp;osi\u0105gania cel\u00f3w w&nbsp;kr\u00f3tszym czasie.<br \/><strong><span style=\"color: #dc291e;\">\/ <\/span>Lepsza komunikacja:<\/strong>\u00a0U\u0142atwia wsp\u00f3\u0142prac\u0119 i&nbsp;wymian\u0119 informacji mi\u0119dzy r\u00f3\u017cnymi dzia\u0142ami lub elementami systemu.<br \/><strong><span style=\"color: #dc291e;\">\/ <\/span>Wzrost jako\u015bci:<\/strong>\u00a0Gwarantuje dzia\u0142anie wszystkich element\u00f3w zgodnie z&nbsp;okre\u015blonymi standardami, co&nbsp;zwi\u0119ksza jako\u015b\u0107 ko\u0144cowych produkt\u00f3w lub us\u0142ug.<br \/><strong><span style=\"color: #dc291e;\">\/ <\/span>Mitigacja ryzyka:<\/strong>\u00a0Umo\u017cliwia lepsze przewidywanie problem\u00f3w i&nbsp;podejmowanie decyzji na&nbsp;podstawie zbiorczych danych, co&nbsp;zmniejsza ryzyko b\u0142\u0119d\u00f3w.<br \/><strong><span style=\"color: #dc291e;\">\/ <\/span>Zwi\u0119kszone mo\u017cliwo\u015bci analityczne:<\/strong>\u00a0Gromadzenie i&nbsp;analizowanie danych prowadz\u0105 do&nbsp;lepszego zrozumienia proces\u00f3w i&nbsp;poprawy decyzji strategicznych.<\/p>\n<p>Posiadanie systemu nadrz\u0119dnego mo\u017ce zatem przynie\u015b\u0107 wiele korzy\u015bci w&nbsp;zakresie wydajno\u015bci, jako\u015bci i&nbsp;efektywno\u015bci dzia\u0142a\u0144.<\/p>\n<p>[\/et_pb_text][\/et_pb_column][\/et_pb_row][\/et_pb_section]<\/p>\n","protected":false},"excerpt":{"rendered":"<p>\/ SYSTEM NADRZ\u0118DNY[et_pb_breadcrumbs _builder_version=&#8221;3.0.47&#8243; global_colors_info=&#8221;{}&#8221;][\/et_pb_breadcrumbs]SYSTEM NADRZ\u0118DNYSystem nadrz\u0119dny, to&nbsp;og\u00f3lna struktura lub mechanizm, kt\u00f3ry&nbsp;zarz\u0105dza i&nbsp;koordynuje dzia\u0142anie podrz\u0119dnych, autonomicznych system\u00f3w sterowania. S\u0142u\u017cy do&nbsp;zarz\u0105dzania produkcj\u0105, utrzymaniem ruchu, technologi\u0105 i&nbsp;optymalizacj\u0105 procesu produkcyjnego w&nbsp;uj\u0119ciu globalnym.3 warto\u015bci systemu nadrz\u0119dnego poprawiaj\u0105ce efektywno\u015b\u0107 i&nbsp;organizacj\u0119: Koordynacja:Umo\u017cliwia p\u0142ynne funkcjonowanie r\u00f3\u017cnych podsystem\u00f3w poprzez skuteczn\u0105 synchronizacj\u0119 ich dzia\u0142a\u0144. Zarz\u0105dzanie zasobami:\u00a0Pomaga w&nbsp;efektywnym zarz\u0105dzaniu zasobami, co&nbsp;prowadzi do&nbsp;oszcz\u0119dno\u015bci czasu i&nbsp;koszt\u00f3w. Standaryzacja:\u00a0Wprowadza [&hellip;]<\/p>\n","protected":false},"author":2,"featured_media":167364,"parent":124591,"menu_order":0,"comment_status":"closed","ping_status":"closed","template":"","meta":{"_acf_changed":false,"_et_pb_use_builder":"on","_et_pb_old_content":"","_et_gb_content_width":"","footnotes":""},"class_list":["post-167625","page","type-page","status-publish","has-post-thumbnail"],"acf":[],"_links":{"self":[{"href":"https:\/\/www.secowarwick.com\/pl\/wp-json\/wp\/v2\/pages\/167625","targetHints":{"allow":["GET"]}}],"collection":[{"href":"https:\/\/www.secowarwick.com\/pl\/wp-json\/wp\/v2\/pages"}],"about":[{"href":"https:\/\/www.secowarwick.com\/pl\/wp-json\/wp\/v2\/types\/page"}],"author":[{"embeddable":true,"href":"https:\/\/www.secowarwick.com\/pl\/wp-json\/wp\/v2\/users\/2"}],"replies":[{"embeddable":true,"href":"https:\/\/www.secowarwick.com\/pl\/wp-json\/wp\/v2\/comments?post=167625"}],"version-history":[{"count":6,"href":"https:\/\/www.secowarwick.com\/pl\/wp-json\/wp\/v2\/pages\/167625\/revisions"}],"predecessor-version":[{"id":178196,"href":"https:\/\/www.secowarwick.com\/pl\/wp-json\/wp\/v2\/pages\/167625\/revisions\/178196"}],"up":[{"embeddable":true,"href":"https:\/\/www.secowarwick.com\/pl\/wp-json\/wp\/v2\/pages\/124591"}],"wp:featuredmedia":[{"embeddable":true,"href":"https:\/\/www.secowarwick.com\/pl\/wp-json\/wp\/v2\/media\/167364"}],"wp:attachment":[{"href":"https:\/\/www.secowarwick.com\/pl\/wp-json\/wp\/v2\/media?parent=167625"}],"curies":[{"name":"wp","href":"https:\/\/api.w.org\/{rel}","templated":true}]}}