{"id":167635,"date":"2024-12-18T08:24:13","date_gmt":"2024-12-18T07:24:13","guid":{"rendered":"https:\/\/www.secowarwick.com\/service\/automatyka\/integration-of-control-systems\/"},"modified":"2025-05-29T15:44:08","modified_gmt":"2025-05-29T13:44:08","slug":"integracja-systemow-sterowania","status":"publish","type":"page","link":"https:\/\/www.secowarwick.com\/pl\/service\/automatyka\/integracja-systemow-sterowania\/","title":{"rendered":"Integracja system\u00f3w sterowania z urz\u0105dzeniami innych producent\u00f3w"},"content":{"rendered":"<p>[et_pb_section fb_built=&#8221;1&#8243; fullwidth=&#8221;on&#8221; _builder_version=&#8221;4.23.1&#8243; global_colors_info=&#8221;{}&#8221;][et_pb_fullwidth_slider show_arrows=&#8221;off&#8221; show_pagination=&#8221;off&#8221; module_class=&#8221;slider-uslugowy-odzysk&#8221; _builder_version=&#8221;4.23.1&#8243; body_line_height=&#8221;1.9em&#8221; background_position=&#8221;top_left&#8221; custom_padding=&#8221;|||&#8221; global_colors_info=&#8221;{}&#8221; button_text_size__hover_enabled=&#8221;off&#8221; button_one_text_size__hover_enabled=&#8221;off&#8221; button_two_text_size__hover_enabled=&#8221;off&#8221; button_text_color__hover_enabled=&#8221;off&#8221; button_one_text_color__hover_enabled=&#8221;off&#8221; button_two_text_color__hover_enabled=&#8221;off&#8221; button_border_width__hover_enabled=&#8221;off&#8221; button_one_border_width__hover_enabled=&#8221;off&#8221; button_two_border_width__hover_enabled=&#8221;off&#8221; button_border_color__hover_enabled=&#8221;off&#8221; button_one_border_color__hover_enabled=&#8221;off&#8221; button_two_border_color__hover_enabled=&#8221;off&#8221; button_border_radius__hover_enabled=&#8221;off&#8221; button_one_border_radius__hover_enabled=&#8221;off&#8221; button_two_border_radius__hover_enabled=&#8221;off&#8221; button_letter_spacing__hover_enabled=&#8221;off&#8221; button_one_letter_spacing__hover_enabled=&#8221;off&#8221; button_two_letter_spacing__hover_enabled=&#8221;off&#8221; button_bg_color__hover_enabled=&#8221;off&#8221; button_one_bg_color__hover_enabled=&#8221;off&#8221; button_two_bg_color__hover_enabled=&#8221;off&#8221;][et_pb_slide use_bg_overlay=&#8221;off&#8221; use_text_overlay=&#8221;off&#8221; _builder_version=&#8221;4.23.1&#8243; header_font=&#8221;||||&#8221; body_font=&#8221;||||&#8221; body_font_size=&#8221;48&#8243; body_line_height=&#8221;1em&#8221; background_color=&#8221;#ffffff&#8221; background_image=&#8221;https:\/\/www.secowarwick.com\/wp-content\/uploads\/2024\/06\/automatyka-slider-tlo-2.jpg&#8221; background_enable_image=&#8221;on&#8221; background_position=&#8221;bottom_right&#8221; button_on_hover=&#8221;on&#8221; body_font_size_tablet=&#8221;40&#8243; body_font_size_phone=&#8221;30&#8243; body_font_size_last_edited=&#8221;on|phone&#8221; body_line_height_tablet=&#8221;1em&#8221; body_line_height_phone=&#8221;1em&#8221; global_colors_info=&#8221;{}&#8221; button_text_size__hover_enabled=&#8221;off&#8221; button_one_text_size__hover_enabled=&#8221;off&#8221; button_two_text_size__hover_enabled=&#8221;off&#8221; button_text_color__hover_enabled=&#8221;off&#8221; button_one_text_color__hover_enabled=&#8221;off&#8221; button_two_text_color__hover_enabled=&#8221;off&#8221; button_border_width__hover_enabled=&#8221;off&#8221; button_one_border_width__hover_enabled=&#8221;off&#8221; button_two_border_width__hover_enabled=&#8221;off&#8221; button_border_color__hover_enabled=&#8221;off&#8221; button_one_border_color__hover_enabled=&#8221;off&#8221; button_two_border_color__hover_enabled=&#8221;off&#8221; button_border_radius__hover_enabled=&#8221;off&#8221; button_one_border_radius__hover_enabled=&#8221;off&#8221; button_two_border_radius__hover_enabled=&#8221;off&#8221; button_letter_spacing__hover_enabled=&#8221;off&#8221; button_one_letter_spacing__hover_enabled=&#8221;off&#8221; button_two_letter_spacing__hover_enabled=&#8221;off&#8221; button_bg_color__hover_enabled=&#8221;off&#8221; button_one_bg_color__hover_enabled=&#8221;off&#8221; button_two_bg_color__hover_enabled=&#8221;off&#8221; sticky_transition=&#8221;on&#8221;]<\/p>\n<p style=\"text-align: left;\"><strong><span style=\"color: #dc291e;\">\/ <span style=\"color: #ffffff;\">INTEGRACJA SYSTEM\u00d3W<\/span><\/span><\/strong><\/p>\n<p>[\/et_pb_slide][\/et_pb_fullwidth_slider][\/et_pb_section][et_pb_section fb_built=&#8221;1&#8243; admin_label=&#8221;section&#8221; _builder_version=&#8221;4.23.1&#8243; background_color=&#8221;#ffffff&#8221; custom_margin=&#8221;0px|||&#8221; custom_padding=&#8221;0px||25px||false|false&#8221; transparent_background=&#8221;off&#8221; global_colors_info=&#8221;{}&#8221;][et_pb_row column_structure=&#8221;2_3,1_3&#8243; use_custom_gutter=&#8221;on&#8221; gutter_width=&#8221;2&#8243; admin_label=&#8221;row&#8221; _builder_version=&#8221;4.23.1&#8243; background_size=&#8221;initial&#8221; background_position=&#8221;top_left&#8221; background_repeat=&#8221;repeat&#8221; global_colors_info=&#8221;{}&#8221;][et_pb_column type=&#8221;2_3&#8243; _builder_version=&#8221;4.23.1&#8243; custom_padding=&#8221;|30px|||false|false&#8221; custom_padding_tablet=&#8221;|0px|||false|false&#8221; custom_padding_phone=&#8221;|0px|||false|false&#8221; custom_padding_last_edited=&#8221;on|desktop&#8221; global_colors_info=&#8221;{}&#8221; custom_padding__hover=&#8221;|||&#8221;][et_pb_breadcrumbs _builder_version=&#8221;4.23.1&#8243; global_colors_info=&#8221;{}&#8221;][\/et_pb_breadcrumbs][et_pb_text module_class=&#8221;ed-square-list-parent&#8221; _builder_version=&#8221;4.23.1&#8243; background_size=&#8221;initial&#8221; background_position=&#8221;top_left&#8221; background_repeat=&#8221;repeat&#8221; use_border_color=&#8221;off&#8221; border_color=&#8221;#ffffff&#8221; border_style=&#8221;solid&#8221; global_colors_info=&#8221;{}&#8221;]<\/p>\n<h1>INTEGRACJA SYSTEM\u00d3W STEROWANIA Z&nbsp;URZ\u0104DZENIAMI INNYCH PRODUCENT\u00d3W<\/h1>\n<p>[\/et_pb_text][\/et_pb_column][et_pb_column type=&#8221;1_3&#8243; _builder_version=&#8221;4.16&#8243; custom_padding=&#8221;|||&#8221; global_colors_info=&#8221;{}&#8221; custom_padding__hover=&#8221;|||&#8221;][\/et_pb_column][\/et_pb_row][et_pb_row column_structure=&#8221;3_4,1_4&#8243; use_custom_gutter=&#8221;on&#8221; gutter_width=&#8221;2&#8243; admin_label=&#8221;row&#8221; _builder_version=&#8221;4.23.1&#8243; background_size=&#8221;initial&#8221; background_position=&#8221;top_left&#8221; background_repeat=&#8221;repeat&#8221; custom_padding=&#8221;0px||||false|false&#8221; global_colors_info=&#8221;{}&#8221;][et_pb_column type=&#8221;3_4&#8243; _builder_version=&#8221;4.23.1&#8243; custom_padding=&#8221;|30px|||false|false&#8221; custom_padding_tablet=&#8221;|0px|||false|false&#8221; custom_padding_phone=&#8221;|0px|||false|false&#8221; custom_padding_last_edited=&#8221;on|desktop&#8221; global_colors_info=&#8221;{}&#8221; custom_padding__hover=&#8221;|||&#8221;][et_pb_text module_class=&#8221;ed-square-list-parent&#8221; _builder_version=&#8221;4.23.1&#8243; background_size=&#8221;initial&#8221; background_position=&#8221;top_left&#8221; background_repeat=&#8221;repeat&#8221; text_orientation=&#8221;justified&#8221; use_border_color=&#8221;off&#8221; border_color=&#8221;#ffffff&#8221; border_style=&#8221;solid&#8221; global_colors_info=&#8221;{}&#8221;]<\/p>\n<p><img decoding=\"async\" class=\"alignleft wp-image-167562\" src=\"https:\/\/www.secowarwick.com\/wp-content\/uploads\/2024\/12\/integration_icon.png\" alt=\"INTEGRATION OF CONTROL SYSTEM\" width=\"80\" height=\"79\" srcset=\"https:\/\/www.secowarwick.com\/wp-content\/uploads\/2024\/12\/integration_icon.png 325w, https:\/\/www.secowarwick.com\/wp-content\/uploads\/2024\/12\/integration_icon-300x297.png 300w, https:\/\/www.secowarwick.com\/wp-content\/uploads\/2024\/12\/integration_icon-150x150.png 150w\" sizes=\"(max-width: 80px) 100vw, 80px\" \/>Integracja system\u00f3w sterowania z&nbsp;urz\u0105dzeniami innych producent\u00f3w to&nbsp;proces, w&nbsp;kt\u00f3rym&nbsp;r\u00f3\u017cne systemy automatyki i&nbsp;kontrolowania (np.&nbsp;PLC, SCADA, systemy DCS) s\u0105&nbsp;jednocze\u015bnie \u0142\u0105czone i&nbsp;synchronizowane z&nbsp;urz\u0105dzeniami, sensorami czy&nbsp;maszynami pochodz\u0105cymi od&nbsp;r\u00f3\u017cnych dostawc\u00f3w.<br \/>G\u0142\u00f3wnym celem integracji jest osi\u0105gni\u0119cie wsp\u00f3lnej komunikacji i&nbsp;efektywnej wsp\u00f3\u0142pracy mi\u0119dzy tymi systemami, co&nbsp;pozwala na&nbsp;lepsze zarz\u0105dzanie i&nbsp;kontrolowanie proces\u00f3w produkcyjnych oraz&nbsp;innych operacji.<\/p>\n<p>[\/et_pb_text][et_pb_text module_class=&#8221;przecinek-tlo-nizej&#8221; _builder_version=&#8221;4.23.1&#8243; text_text_color=&#8221;#000000&#8243; header_2_font_size=&#8221;22px&#8221; background_size=&#8221;initial&#8221; background_position=&#8221;top_left&#8221; background_repeat=&#8221;repeat&#8221; use_border_color=&#8221;off&#8221; locked=&#8221;off&#8221; global_colors_info=&#8221;{}&#8221;]<\/p>\n<h2><strong>3 warto\u015bci integracji system\u00f3w sterowania:<\/strong><\/h2>\n<p>[\/et_pb_text][et_pb_text _builder_version=&#8221;4.23.1&#8243; text_text_color=&#8221;#000000&#8243; header_2_font_size=&#8221;22px&#8221; background_size=&#8221;initial&#8221; background_position=&#8221;top_left&#8221; background_repeat=&#8221;repeat&#8221; use_border_color=&#8221;off&#8221; locked=&#8221;off&#8221; global_colors_info=&#8221;{}&#8221;]<\/p>\n<ol>\n<li><strong>Elastyczno\u015b\u0107<\/strong>: Mo\u017cliwo\u015b\u0107 wyboru najlepszych urz\u0105dze\u0144 i&nbsp;komponent\u00f3w od&nbsp;r\u00f3\u017cnych dostawc\u00f3w, co&nbsp;pozwala na&nbsp;dostosowanie rozwi\u0105zania do&nbsp;specyficznych potrzeb firmy.<\/li>\n<li><strong>Optymalizacja koszt\u00f3w<\/strong>: Nie&nbsp;trzeba ogranicza\u0107 si\u0119 do&nbsp;jednego dostawcy, co&nbsp;cz\u0119sto wi\u0105\u017ce si\u0119 z&nbsp;wy\u017cszymi kosztami. Mo\u017cna wybiera\u0107 bardziej konkurencyjnych dostawc\u00f3w i&nbsp;oferty.<\/li>\n<li><strong>Skalowalno\u015b\u0107<\/strong>: Mo\u017cliwo\u015b\u0107 \u0142atwego dodawania nowych urz\u0105dze\u0144 i&nbsp;system\u00f3w bez&nbsp;konieczno\u015bci wymiany ca\u0142ej infrastruktury.<\/li>\n<\/ol>\n<p>[\/et_pb_text][\/et_pb_column][et_pb_column type=&#8221;1_4&#8243; _builder_version=&#8221;4.16&#8243; custom_padding=&#8221;|||&#8221; global_colors_info=&#8221;{}&#8221; custom_padding__hover=&#8221;|||&#8221;][et_pb_text admin_label=&#8221;btn_pl_premiumlibrary&#8221; module_class=&#8221;premium-library-button&#8221; _builder_version=&#8221;4.23.1&#8243; _module_preset=&#8221;default&#8221; text_orientation=&#8221;center&#8221; global_module=&#8221;157169&#8243; saved_tabs=&#8221;all&#8221; locked=&#8221;off&#8221; global_colors_info=&#8221;{}&#8221;]<\/p>\n<a href='https:\/\/www.secowarwick.com\/pl\/trescipremium\/' class='small-button smallred'><span>TRE\u015aCI PREMIUM<\/span><\/a>\n<p>[\/et_pb_text][et_pb_text admin_label=&#8221;R&#038;D PL&#8221; module_class=&#8221;product_widget_wrap_rd&#8221; _builder_version=&#8221;4.23.1&#8243; _module_preset=&#8221;default&#8221; text_orientation=&#8221;center&#8221; global_module=&#8221;165497&#8243; saved_tabs=&#8221;all&#8221; locked=&#8221;off&#8221; global_colors_info=&#8221;{}&#8221;]<\/p>\n<p><a href=\"https:\/\/www.secowarwick.com\/pl\/rd\/\"><span class=\"product_wigtet_name\">R&amp;D<\/span><\/a><\/p>\n<p>[\/et_pb_text][et_pb_text admin_label=&#8221;PRODUKTY pl&#8221; module_class=&#8221;product_widget_wrap_products&#8221; _builder_version=&#8221;4.23.1&#8243; _module_preset=&#8221;default&#8221; global_module=&#8221;178154&#8243; saved_tabs=&#8221;all&#8221; locked=&#8221;off&#8221; global_colors_info=&#8221;{}&#8221;]<\/p>\n<p><a href=\"https:\/\/www.secowarwick.com\/pl\/produkty\/\" target=\"_blank\" rel=\"noopener\"><span class=\"product_wigtet_name\">PRODUKTY<\/span><\/a><\/p>\n<p>[\/et_pb_text][et_pb_text admin_label=&#8221;SERVICE PL&#8221; module_class=&#8221;product_widget_wrap_service&#8221; _builder_version=&#8221;4.23.1&#8243; _module_preset=&#8221;default&#8221; global_module=&#8221;165500&#8243; saved_tabs=&#8221;all&#8221; locked=&#8221;off&#8221; global_colors_info=&#8221;{}&#8221;]<\/p>\n<p><a href=\"https:\/\/www.secowarwick.com\/pl\/profesjonalne-uslugi-serwisowe\/\"><span class=\"product_wigtet_name\">SERWIS<\/span><\/a><\/p>\n<p>[\/et_pb_text][et_pb_text admin_label=&#8221;SUPLEMENTALS PL&#8221; module_class=&#8221;product_widget_wrap_supleme&#8221; _builder_version=&#8221;4.23.1&#8243; _module_preset=&#8221;default&#8221; global_module=&#8221;165502&#8243; saved_tabs=&#8221;all&#8221; locked=&#8221;off&#8221; global_colors_info=&#8221;{}&#8221;]<\/p>\n<p><span class=\"product_wigtet_name\">DODATKOWE:<\/span><\/p>\n<p>[\/et_pb_text][et_pb_text admin_label=&#8221;dnabook-pl&#8221; module_class=&#8221;suplementals_product_dna suplementals_wrap&#8221; _builder_version=&#8221;4.23.1&#8243; _module_preset=&#8221;default&#8221; global_module=&#8221;165509&#8243; saved_tabs=&#8221;all&#8221; locked=&#8221;off&#8221; global_colors_info=&#8221;{}&#8221;]<\/p>\n<p><a href=\"https:\/\/www.secowarwick.com\/wp-content\/uploads\/2024\/02\/2024_SECO_WARWICK_Catalog_DNA_EN_SECOLOGY.pdf\" target=\"_blank\" rel=\"noopener\">DNA\/BOOK<\/a><\/p>\n<p>[\/et_pb_text][et_pb_text admin_label=&#8221;ECO\/BOOK-pl&#8221; module_class=&#8221;suplementals_product_eco suplementals_wrap&#8221; _builder_version=&#8221;4.23.1&#8243; _module_preset=&#8221;default&#8221; global_module=&#8221;165511&#8243; saved_tabs=&#8221;all&#8221; locked=&#8221;off&#8221; global_colors_info=&#8221;{}&#8221;]<\/p>\n<p><a href=\"https:\/\/www.secowarwick.com\/wp-content\/uploads\/2023\/06\/ECOBOOK-2-1.pdf\" target=\"_blank\" rel=\"noopener\">ECO\/BOOK<\/a><\/p>\n<p>[\/et_pb_text][\/et_pb_column][\/et_pb_row][\/et_pb_section][et_pb_section fb_built=&#8221;1&#8243; _builder_version=&#8221;4.23.1&#8243; _module_preset=&#8221;default&#8221; background_color=&#8221;#f8f8f8&#8243; custom_padding=&#8221;25px||25px||false|false&#8221; global_colors_info=&#8221;{}&#8221;][et_pb_row make_equal=&#8221;on&#8221; admin_label=&#8221;row&#8221; _builder_version=&#8221;4.23.1&#8243; background_size=&#8221;initial&#8221; background_position=&#8221;top_left&#8221; background_repeat=&#8221;repeat&#8221; global_colors_info=&#8221;{}&#8221;][et_pb_column type=&#8221;4_4&#8243; _builder_version=&#8221;4.16&#8243; custom_padding=&#8221;|||&#8221; global_colors_info=&#8221;{}&#8221; custom_padding__hover=&#8221;|||&#8221;][et_pb_text module_class=&#8221;przecinek-tlo-nizej&#8221; _builder_version=&#8221;4.23.1&#8243; text_text_color=&#8221;#000000&#8243; header_2_font_size=&#8221;22px&#8221; background_size=&#8221;initial&#8221; background_position=&#8221;top_left&#8221; background_repeat=&#8221;repeat&#8221; use_border_color=&#8221;off&#8221; locked=&#8221;off&#8221; global_colors_info=&#8221;{}&#8221;]<\/p>\n<h2><strong>Korzy\u015bci integracji system\u00f3w sterowania:<\/strong><\/h2>\n<p>[\/et_pb_text][et_pb_text _builder_version=&#8221;4.23.1&#8243; text_text_color=&#8221;#000000&#8243; header_2_font_size=&#8221;22px&#8221; background_size=&#8221;initial&#8221; background_position=&#8221;top_left&#8221; background_repeat=&#8221;repeat&#8221; use_border_color=&#8221;off&#8221; locked=&#8221;off&#8221; global_colors_info=&#8221;{}&#8221;]<\/p>\n<p><img decoding=\"async\" class=\"wp-image-159339 size-full alignright\" src=\"https:\/\/www.secowarwick.com\/wp-content\/uploads\/2024\/05\/korzysci.png\" alt=\"korzy\u015bci\" width=\"150\" height=\"150\" \/><\/p>\n<p><strong><span style=\"color: #dc291e;\">\/<\/span> Zwi\u0119kszona wydajno\u015b\u0107<\/strong>: Dzi\u0119ki lepszej komunikacji mi\u0119dzy r\u00f3\u017cnymi systemami i&nbsp;urz\u0105dzeniami mo\u017cna zautomatyzowa\u0107 procesy, co&nbsp;prowadzi do&nbsp;zwi\u0119kszenia wydajno\u015bci produkcji.<br \/><strong><span style=\"color: #dc291e;\">\/ <\/span>Lepsza kontrola i&nbsp;monitorowanie<\/strong>: Zintegrowane systemy pozwalaj\u0105 na&nbsp;zbieranie danych w&nbsp;czasie rzeczywistym z&nbsp;r\u00f3\u017cnych \u017ar\u00f3de\u0142, co&nbsp;daje lepszy wgl\u0105d w&nbsp;dzia\u0142anie proces\u00f3w.<br \/><strong><span style=\"color: #dc291e;\">\/ <\/span>Wy\u017csza jako\u015b\u0107 danych<\/strong>: Umo\u017cliwia zbieranie, analizowanie i&nbsp;raportowanie danych z&nbsp;r\u00f3\u017cnych system\u00f3w w&nbsp;jednym miejscu, co&nbsp;poprawia podejmowanie decyzji.<br \/><strong><span style=\"color: #dc291e;\">\/ <\/span>Zwi\u0119kszenie bezpiecze\u0144stwa operacji<\/strong>: Lepiej zintegrowane systemy mog\u0105 zapewni\u0107 bardziej sp\u00f3jne procesy monitorowania i&nbsp;zarz\u0105dzania bezpiecze\u0144stwem.<br \/><strong><span style=\"color: #dc291e;\">\/ <\/span>U\u0142atwienie konserwacji i&nbsp;wsparcia technicznego<\/strong>: W&nbsp;przypadku problem\u00f3w technicznych, \u0142atwiejsza identyfikacja i&nbsp;lokalizacja usterek w&nbsp;systemach.<br \/><strong><span style=\"color: #dc291e;\">\/ <\/span>Innowacyjno\u015b\u0107<\/strong>: Integracja z&nbsp;nowymi technologiami, takimi jak IoT, umo\u017cliwia wdra\u017canie innowacji, kt\u00f3re mog\u0105 prowadzi\u0107 do&nbsp;znacz\u0105cej przewagi konkurencyjnej.<\/p>\n<p>Integracja system\u00f3w sterowania z&nbsp;urz\u0105dzeniami innych producent\u00f3w pozwala na&nbsp;stworzenie bardziej efektywnego, elastycznego i&nbsp;optymalnego \u015brodowiska pracy, co&nbsp;przek\u0142ada si\u0119 na&nbsp;lepsze wyniki biznesowe.<\/p>\n<p>&nbsp;<\/p>\n<p>[\/et_pb_text][\/et_pb_column][\/et_pb_row][\/et_pb_section]<\/p>\n","protected":false},"excerpt":{"rendered":"<p>\/ INTEGRACJA SYSTEM\u00d3W[et_pb_breadcrumbs _builder_version=&#8221;4.23.1&#8243; global_colors_info=&#8221;{}&#8221;][\/et_pb_breadcrumbs]INTEGRACJA SYSTEM\u00d3W STEROWANIA Z&nbsp;URZ\u0104DZENIAMI INNYCH PRODUCENT\u00d3WIntegracja system\u00f3w sterowania z&nbsp;urz\u0105dzeniami innych producent\u00f3w to&nbsp;proces, w&nbsp;kt\u00f3rym&nbsp;r\u00f3\u017cne systemy automatyki i&nbsp;kontrolowania (np.&nbsp;PLC, SCADA, systemy DCS) s\u0105&nbsp;jednocze\u015bnie \u0142\u0105czone i&nbsp;synchronizowane z&nbsp;urz\u0105dzeniami, sensorami czy&nbsp;maszynami pochodz\u0105cymi od&nbsp;r\u00f3\u017cnych dostawc\u00f3w.G\u0142\u00f3wnym celem integracji jest osi\u0105gni\u0119cie wsp\u00f3lnej komunikacji i&nbsp;efektywnej wsp\u00f3\u0142pracy mi\u0119dzy tymi systemami, co&nbsp;pozwala na&nbsp;lepsze zarz\u0105dzanie i&nbsp;kontrolowanie proces\u00f3w produkcyjnych oraz&nbsp;innych operacji.3 warto\u015bci integracji system\u00f3w [&hellip;]<\/p>\n","protected":false},"author":2,"featured_media":167364,"parent":124591,"menu_order":0,"comment_status":"closed","ping_status":"closed","template":"","meta":{"_acf_changed":false,"_et_pb_use_builder":"on","_et_pb_old_content":"","_et_gb_content_width":"","footnotes":""},"class_list":["post-167635","page","type-page","status-publish","has-post-thumbnail"],"acf":[],"_links":{"self":[{"href":"https:\/\/www.secowarwick.com\/pl\/wp-json\/wp\/v2\/pages\/167635","targetHints":{"allow":["GET"]}}],"collection":[{"href":"https:\/\/www.secowarwick.com\/pl\/wp-json\/wp\/v2\/pages"}],"about":[{"href":"https:\/\/www.secowarwick.com\/pl\/wp-json\/wp\/v2\/types\/page"}],"author":[{"embeddable":true,"href":"https:\/\/www.secowarwick.com\/pl\/wp-json\/wp\/v2\/users\/2"}],"replies":[{"embeddable":true,"href":"https:\/\/www.secowarwick.com\/pl\/wp-json\/wp\/v2\/comments?post=167635"}],"version-history":[{"count":6,"href":"https:\/\/www.secowarwick.com\/pl\/wp-json\/wp\/v2\/pages\/167635\/revisions"}],"predecessor-version":[{"id":178198,"href":"https:\/\/www.secowarwick.com\/pl\/wp-json\/wp\/v2\/pages\/167635\/revisions\/178198"}],"up":[{"embeddable":true,"href":"https:\/\/www.secowarwick.com\/pl\/wp-json\/wp\/v2\/pages\/124591"}],"wp:featuredmedia":[{"embeddable":true,"href":"https:\/\/www.secowarwick.com\/pl\/wp-json\/wp\/v2\/media\/167364"}],"wp:attachment":[{"href":"https:\/\/www.secowarwick.com\/pl\/wp-json\/wp\/v2\/media?parent=167635"}],"curies":[{"name":"wp","href":"https:\/\/api.w.org\/{rel}","templated":true}]}}