{"id":167644,"date":"2024-12-18T08:38:53","date_gmt":"2024-12-18T07:38:53","guid":{"rendered":"https:\/\/www.secowarwick.com\/service\/automatyka\/control-systems-replacement\/"},"modified":"2025-05-29T15:47:14","modified_gmt":"2025-05-29T13:47:14","slug":"wymiana-systemow-sterowania","status":"publish","type":"page","link":"https:\/\/www.secowarwick.com\/pl\/service\/automatyka\/wymiana-systemow-sterowania\/","title":{"rendered":"Wymiana system\u00f3w sterowania w urz\u0105dzeniach innych producent\u00f3w"},"content":{"rendered":"<p>[et_pb_section fb_built=&#8221;1&#8243; fullwidth=&#8221;on&#8221; _builder_version=&#8221;4.23.1&#8243; global_colors_info=&#8221;{}&#8221;][et_pb_fullwidth_slider show_arrows=&#8221;off&#8221; show_pagination=&#8221;off&#8221; module_class=&#8221;slider-uslugowy-odzysk&#8221; _builder_version=&#8221;4.23.1&#8243; body_line_height=&#8221;1.9em&#8221; background_position=&#8221;top_left&#8221; custom_padding=&#8221;|||&#8221; global_colors_info=&#8221;{}&#8221; button_text_size__hover_enabled=&#8221;off&#8221; button_one_text_size__hover_enabled=&#8221;off&#8221; button_two_text_size__hover_enabled=&#8221;off&#8221; button_text_color__hover_enabled=&#8221;off&#8221; button_one_text_color__hover_enabled=&#8221;off&#8221; button_two_text_color__hover_enabled=&#8221;off&#8221; button_border_width__hover_enabled=&#8221;off&#8221; button_one_border_width__hover_enabled=&#8221;off&#8221; button_two_border_width__hover_enabled=&#8221;off&#8221; button_border_color__hover_enabled=&#8221;off&#8221; button_one_border_color__hover_enabled=&#8221;off&#8221; button_two_border_color__hover_enabled=&#8221;off&#8221; button_border_radius__hover_enabled=&#8221;off&#8221; button_one_border_radius__hover_enabled=&#8221;off&#8221; button_two_border_radius__hover_enabled=&#8221;off&#8221; button_letter_spacing__hover_enabled=&#8221;off&#8221; button_one_letter_spacing__hover_enabled=&#8221;off&#8221; button_two_letter_spacing__hover_enabled=&#8221;off&#8221; button_bg_color__hover_enabled=&#8221;off&#8221; button_one_bg_color__hover_enabled=&#8221;off&#8221; button_two_bg_color__hover_enabled=&#8221;off&#8221;][et_pb_slide use_bg_overlay=&#8221;off&#8221; use_text_overlay=&#8221;off&#8221; _builder_version=&#8221;4.23.1&#8243; header_font=&#8221;||||&#8221; body_font=&#8221;||||&#8221; body_font_size=&#8221;48&#8243; body_line_height=&#8221;1em&#8221; background_color=&#8221;#ffffff&#8221; background_image=&#8221;https:\/\/www.secowarwick.com\/wp-content\/uploads\/2024\/06\/automatyka-slider-tlo-2.jpg&#8221; background_enable_image=&#8221;on&#8221; background_position=&#8221;bottom_right&#8221; button_on_hover=&#8221;on&#8221; body_font_size_tablet=&#8221;40&#8243; body_font_size_phone=&#8221;30&#8243; body_font_size_last_edited=&#8221;on|phone&#8221; body_line_height_tablet=&#8221;1em&#8221; body_line_height_phone=&#8221;1em&#8221; global_colors_info=&#8221;{}&#8221; button_text_size__hover_enabled=&#8221;off&#8221; button_one_text_size__hover_enabled=&#8221;off&#8221; button_two_text_size__hover_enabled=&#8221;off&#8221; button_text_color__hover_enabled=&#8221;off&#8221; button_one_text_color__hover_enabled=&#8221;off&#8221; button_two_text_color__hover_enabled=&#8221;off&#8221; button_border_width__hover_enabled=&#8221;off&#8221; button_one_border_width__hover_enabled=&#8221;off&#8221; button_two_border_width__hover_enabled=&#8221;off&#8221; button_border_color__hover_enabled=&#8221;off&#8221; button_one_border_color__hover_enabled=&#8221;off&#8221; button_two_border_color__hover_enabled=&#8221;off&#8221; button_border_radius__hover_enabled=&#8221;off&#8221; button_one_border_radius__hover_enabled=&#8221;off&#8221; button_two_border_radius__hover_enabled=&#8221;off&#8221; button_letter_spacing__hover_enabled=&#8221;off&#8221; button_one_letter_spacing__hover_enabled=&#8221;off&#8221; button_two_letter_spacing__hover_enabled=&#8221;off&#8221; button_bg_color__hover_enabled=&#8221;off&#8221; button_one_bg_color__hover_enabled=&#8221;off&#8221; button_two_bg_color__hover_enabled=&#8221;off&#8221; sticky_transition=&#8221;on&#8221;]<\/p>\n<p style=\"text-align: left;\"><strong><span style=\"color: #dc291e;\">\/ <span style=\"color: #ffffff;\">WYMIANA SYSTEM\u00d3W<\/span><\/span><\/strong><\/p>\n<p>[\/et_pb_slide][\/et_pb_fullwidth_slider][\/et_pb_section][et_pb_section fb_built=&#8221;1&#8243; admin_label=&#8221;section&#8221; _builder_version=&#8221;4.23.1&#8243; background_color=&#8221;#ffffff&#8221; custom_margin=&#8221;0px|||&#8221; custom_padding=&#8221;0px||25px||false|false&#8221; transparent_background=&#8221;off&#8221; global_colors_info=&#8221;{}&#8221;][et_pb_row column_structure=&#8221;2_3,1_3&#8243; use_custom_gutter=&#8221;on&#8221; gutter_width=&#8221;2&#8243; admin_label=&#8221;row&#8221; _builder_version=&#8221;4.23.1&#8243; background_size=&#8221;initial&#8221; background_position=&#8221;top_left&#8221; background_repeat=&#8221;repeat&#8221; global_colors_info=&#8221;{}&#8221;][et_pb_column type=&#8221;2_3&#8243; _builder_version=&#8221;4.23.1&#8243; custom_padding=&#8221;|30px|||false|false&#8221; custom_padding_tablet=&#8221;|0px|||false|false&#8221; custom_padding_phone=&#8221;|0px|||false|false&#8221; custom_padding_last_edited=&#8221;on|desktop&#8221; global_colors_info=&#8221;{}&#8221; custom_padding__hover=&#8221;|||&#8221;][et_pb_breadcrumbs _builder_version=&#8221;3.0.47&#8243; global_colors_info=&#8221;{}&#8221;][\/et_pb_breadcrumbs][et_pb_text module_class=&#8221;ed-square-list-parent&#8221; _builder_version=&#8221;4.23.1&#8243; background_size=&#8221;initial&#8221; background_position=&#8221;top_left&#8221; background_repeat=&#8221;repeat&#8221; use_border_color=&#8221;off&#8221; border_color=&#8221;#ffffff&#8221; border_style=&#8221;solid&#8221; global_colors_info=&#8221;{}&#8221;]<\/p>\n<h1>WYMIANA SYSTEM\u00d3W STEROWANIA W&nbsp;URZ\u0104DZENIACH INNYCH PRODUCENT\u00d3W<\/h1>\n<p>[\/et_pb_text][\/et_pb_column][et_pb_column type=&#8221;1_3&#8243; _builder_version=&#8221;4.16&#8243; custom_padding=&#8221;|||&#8221; global_colors_info=&#8221;{}&#8221; custom_padding__hover=&#8221;|||&#8221;][\/et_pb_column][\/et_pb_row][et_pb_row column_structure=&#8221;3_4,1_4&#8243; use_custom_gutter=&#8221;on&#8221; gutter_width=&#8221;2&#8243; admin_label=&#8221;row&#8221; _builder_version=&#8221;4.23.1&#8243; background_size=&#8221;initial&#8221; background_position=&#8221;top_left&#8221; background_repeat=&#8221;repeat&#8221; custom_padding=&#8221;0px||||false|false&#8221; global_colors_info=&#8221;{}&#8221;][et_pb_column type=&#8221;3_4&#8243; _builder_version=&#8221;4.23.1&#8243; custom_padding=&#8221;|30px|||false|false&#8221; custom_padding_tablet=&#8221;|0px|||false|false&#8221; custom_padding_phone=&#8221;|0px|||false|false&#8221; custom_padding_last_edited=&#8221;on|desktop&#8221; global_colors_info=&#8221;{}&#8221; custom_padding__hover=&#8221;|||&#8221;][et_pb_text module_class=&#8221;ed-square-list-parent&#8221; _builder_version=&#8221;4.23.1&#8243; background_size=&#8221;initial&#8221; background_position=&#8221;top_left&#8221; background_repeat=&#8221;repeat&#8221; text_orientation=&#8221;justified&#8221; use_border_color=&#8221;off&#8221; border_color=&#8221;#ffffff&#8221; border_style=&#8221;solid&#8221; global_colors_info=&#8221;{}&#8221;]<\/p>\n<p><img decoding=\"async\" class=\"alignleft wp-image-167573\" src=\"https:\/\/www.secowarwick.com\/wp-content\/uploads\/2024\/12\/replacement_icon.png\" alt=\"CONTROL SYSTEMS REPLACEMENT \" width=\"90\" height=\"74\" srcset=\"https:\/\/www.secowarwick.com\/wp-content\/uploads\/2024\/12\/replacement_icon.png 393w, https:\/\/www.secowarwick.com\/wp-content\/uploads\/2024\/12\/replacement_icon-300x246.png 300w, https:\/\/www.secowarwick.com\/wp-content\/uploads\/2024\/12\/replacement_icon-150x123.png 150w\" sizes=\"(max-width: 90px) 100vw, 90px\" \/>Wymiana sterowania urz\u0105dze\u0144 innych producent\u00f3w odnosi si\u0119 do&nbsp;procesu zast\u0119powania lub modernizacji system\u00f3w sterowania, w&nbsp;maszynach i&nbsp;urz\u0105dzeniach produkowanych przez&nbsp;jednego producenta, na&nbsp;nowoczesne systemy steruj\u0105ce produkcji SECO\/WARWICK.<br \/>Celem tego procesu jest poprawa wydajno\u015bci, dopasowanie do&nbsp;obowi\u0105zuj\u0105cych norm, przepis\u00f3w, funkcjonalno\u015bci oraz&nbsp;wskazanie na&nbsp;lepsze zarz\u0105dzanie urz\u0105dzeniami, kt\u00f3re mog\u0105 by\u0107 ju\u017c przestarza\u0142e lub niewystarczaj\u0105ce do&nbsp;spe\u0142nienia dzisiejszych wymaga\u0144 technologicznych.<\/p>\n<p>[\/et_pb_text][et_pb_text module_class=&#8221;przecinek-tlo-nizej&#8221; _builder_version=&#8221;4.23.1&#8243; text_text_color=&#8221;#000000&#8243; header_2_font_size=&#8221;22px&#8221; background_size=&#8221;initial&#8221; background_position=&#8221;top_left&#8221; background_repeat=&#8221;repeat&#8221; use_border_color=&#8221;off&#8221; locked=&#8221;off&#8221; global_colors_info=&#8221;{}&#8221;]<\/p>\n<h2><strong>3 warto\u015bci wymiany system\u00f3w sterowania:<\/strong><\/h2>\n<p>[\/et_pb_text][et_pb_text _builder_version=&#8221;4.23.1&#8243; text_text_color=&#8221;#000000&#8243; header_2_font_size=&#8221;22px&#8221; background_size=&#8221;initial&#8221; background_position=&#8221;top_left&#8221; background_repeat=&#8221;repeat&#8221; use_border_color=&#8221;off&#8221; locked=&#8221;off&#8221; global_colors_info=&#8221;{}&#8221;]<\/p>\n<ol>\n<li><strong>Zwi\u0119kszenie wydajno\u015bci: <\/strong>Nowe systemy steruj\u0105ce oferuj\u0105 lepsz\u0105 wydajno\u015b\u0107 operacyjn\u0105, co&nbsp;przek\u0142ada si\u0119 na&nbsp;efektywniejsze zarz\u0105dzanie procesami produkcyjnymi.<\/li>\n<li><strong>Integracja:<\/strong>\u00a0Nowoczesne sterowniki lepiej integruj\u0105 si\u0119 z&nbsp;innymi systemami w&nbsp;zak\u0142adzie, co&nbsp;umo\u017cliwia p\u0142ynniejsz\u0105 wymian\u0119 danych i&nbsp;wspomaga automatyzacj\u0119.<\/li>\n<li><strong>Wsparcie techniczne:<\/strong>\u00a0Z czasem, starsze systemy steruj\u0105ce trac\u0105 wsparcie techniczne. Przechodz\u0105c na&nbsp;nowoczesne rozwi\u0105zania, uzyskuje si\u0119 dost\u0119p do&nbsp;aktualizacji, pomocy technicznej i&nbsp;zasob\u00f3w.<\/li>\n<\/ol>\n<p>[\/et_pb_text][\/et_pb_column][et_pb_column type=&#8221;1_4&#8243; _builder_version=&#8221;4.16&#8243; custom_padding=&#8221;|||&#8221; global_colors_info=&#8221;{}&#8221; custom_padding__hover=&#8221;|||&#8221;][et_pb_text admin_label=&#8221;btn_pl_premiumlibrary&#8221; module_class=&#8221;premium-library-button&#8221; _builder_version=&#8221;4.23.1&#8243; _module_preset=&#8221;default&#8221; text_orientation=&#8221;center&#8221; global_module=&#8221;157169&#8243; saved_tabs=&#8221;all&#8221; locked=&#8221;off&#8221; global_colors_info=&#8221;{}&#8221;]<\/p>\n<a href='https:\/\/www.secowarwick.com\/pl\/trescipremium\/' class='small-button smallred'><span>TRE\u015aCI PREMIUM<\/span><\/a>\n<p>[\/et_pb_text][et_pb_text admin_label=&#8221;R&#038;D PL&#8221; module_class=&#8221;product_widget_wrap_rd&#8221; _builder_version=&#8221;4.23.1&#8243; _module_preset=&#8221;default&#8221; text_orientation=&#8221;center&#8221; global_module=&#8221;165497&#8243; saved_tabs=&#8221;all&#8221; locked=&#8221;off&#8221; global_colors_info=&#8221;{}&#8221;]<\/p>\n<p><a href=\"https:\/\/www.secowarwick.com\/pl\/rd\/\"><span class=\"product_wigtet_name\">R&amp;D<\/span><\/a><\/p>\n<p>[\/et_pb_text][et_pb_text admin_label=&#8221;PRODUKTY pl&#8221; module_class=&#8221;product_widget_wrap_products&#8221; _builder_version=&#8221;4.23.1&#8243; _module_preset=&#8221;default&#8221; global_module=&#8221;178154&#8243; saved_tabs=&#8221;all&#8221; locked=&#8221;off&#8221; global_colors_info=&#8221;{}&#8221;]<\/p>\n<p><a href=\"https:\/\/www.secowarwick.com\/pl\/produkty\/\" target=\"_blank\" rel=\"noopener\"><span class=\"product_wigtet_name\">PRODUKTY<\/span><\/a><\/p>\n<p>[\/et_pb_text][et_pb_text admin_label=&#8221;SERVICE PL&#8221; module_class=&#8221;product_widget_wrap_service&#8221; _builder_version=&#8221;4.23.1&#8243; _module_preset=&#8221;default&#8221; global_module=&#8221;165500&#8243; saved_tabs=&#8221;all&#8221; locked=&#8221;off&#8221; global_colors_info=&#8221;{}&#8221;]<\/p>\n<p><a href=\"https:\/\/www.secowarwick.com\/pl\/profesjonalne-uslugi-serwisowe\/\"><span class=\"product_wigtet_name\">SERWIS<\/span><\/a><\/p>\n<p>[\/et_pb_text][et_pb_text admin_label=&#8221;SUPLEMENTALS PL&#8221; module_class=&#8221;product_widget_wrap_supleme&#8221; _builder_version=&#8221;4.23.1&#8243; _module_preset=&#8221;default&#8221; global_module=&#8221;165502&#8243; saved_tabs=&#8221;all&#8221; locked=&#8221;off&#8221; global_colors_info=&#8221;{}&#8221;]<\/p>\n<p><span class=\"product_wigtet_name\">DODATKOWE:<\/span><\/p>\n<p>[\/et_pb_text][et_pb_text admin_label=&#8221;dnabook-pl&#8221; module_class=&#8221;suplementals_product_dna suplementals_wrap&#8221; _builder_version=&#8221;4.23.1&#8243; _module_preset=&#8221;default&#8221; global_module=&#8221;165509&#8243; saved_tabs=&#8221;all&#8221; locked=&#8221;off&#8221; global_colors_info=&#8221;{}&#8221;]<\/p>\n<p><a href=\"https:\/\/www.secowarwick.com\/wp-content\/uploads\/2024\/02\/2024_SECO_WARWICK_Catalog_DNA_EN_SECOLOGY.pdf\" target=\"_blank\" rel=\"noopener\">DNA\/BOOK<\/a><\/p>\n<p>[\/et_pb_text][et_pb_text admin_label=&#8221;ECO\/BOOK-pl&#8221; module_class=&#8221;suplementals_product_eco suplementals_wrap&#8221; _builder_version=&#8221;4.23.1&#8243; _module_preset=&#8221;default&#8221; global_module=&#8221;165511&#8243; saved_tabs=&#8221;all&#8221; locked=&#8221;off&#8221; global_colors_info=&#8221;{}&#8221;]<\/p>\n<p><a href=\"https:\/\/www.secowarwick.com\/wp-content\/uploads\/2023\/06\/ECOBOOK-2-1.pdf\" target=\"_blank\" rel=\"noopener\">ECO\/BOOK<\/a><\/p>\n<p>[\/et_pb_text][\/et_pb_column][\/et_pb_row][\/et_pb_section][et_pb_section fb_built=&#8221;1&#8243; _builder_version=&#8221;4.23.1&#8243; _module_preset=&#8221;default&#8221; background_color=&#8221;#f8f8f8&#8243; custom_padding=&#8221;25px||25px||false|false&#8221; global_colors_info=&#8221;{}&#8221;][et_pb_row make_equal=&#8221;on&#8221; admin_label=&#8221;row&#8221; _builder_version=&#8221;4.23.1&#8243; background_size=&#8221;initial&#8221; background_position=&#8221;top_left&#8221; background_repeat=&#8221;repeat&#8221; global_colors_info=&#8221;{}&#8221;][et_pb_column type=&#8221;4_4&#8243; _builder_version=&#8221;4.16&#8243; custom_padding=&#8221;|||&#8221; global_colors_info=&#8221;{}&#8221; custom_padding__hover=&#8221;|||&#8221;][et_pb_text module_class=&#8221;przecinek-tlo-nizej&#8221; _builder_version=&#8221;4.23.1&#8243; text_text_color=&#8221;#000000&#8243; header_2_font_size=&#8221;22px&#8221; background_size=&#8221;initial&#8221; background_position=&#8221;top_left&#8221; background_repeat=&#8221;repeat&#8221; use_border_color=&#8221;off&#8221; locked=&#8221;off&#8221; global_colors_info=&#8221;{}&#8221;]<\/p>\n<h2><strong>Korzy\u015bci wymiany system\u00f3w sterowania::<\/strong><\/h2>\n<p>[\/et_pb_text][et_pb_text _builder_version=&#8221;4.23.1&#8243; text_text_color=&#8221;#000000&#8243; header_2_font_size=&#8221;22px&#8221; background_size=&#8221;initial&#8221; background_position=&#8221;top_left&#8221; background_repeat=&#8221;repeat&#8221; use_border_color=&#8221;off&#8221; locked=&#8221;off&#8221; global_colors_info=&#8221;{}&#8221;]<\/p>\n<p><strong><span style=\"color: #dc291e;\"><img decoding=\"async\" class=\"alignright wp-image-159339 size-full\" src=\"https:\/\/www.secowarwick.com\/wp-content\/uploads\/2024\/05\/korzysci.png\" alt=\"koszy\u015bci\" width=\"150\" height=\"150\" \/><\/span><\/strong><strong><span style=\"color: #dc291e;\">\/<\/span> Wy\u017csza efektywno\u015b\u0107:<\/strong>\u00a0Nowe systemy mog\u0105 zredukowa\u0107 czas przestoj\u00f3w, zwi\u0119kszy\u0107 przepustowo\u015b\u0107 i&nbsp;skr\u00f3ci\u0107 cykle produkcyjne.<br \/><strong><span style=\"color: #dc291e;\">\/ <\/span>Oswobodzenie od&nbsp;przestarza\u0142ych technologii:<\/strong>\u00a0Wymiana starzej\u0105cego si\u0119 sterowania pozwala na&nbsp;wykorzystanie nowoczesnych technologii, kt\u00f3re mog\u0105 wprowadzi\u0107 nowe funkcjonalno\u015bci.<br \/><strong><span style=\"color: #dc291e;\">\/ <\/span>Poprawa bezpiecze\u0144stwa:<\/strong>\u00a0Nowe systemy cz\u0119sto zawieraj\u0105 lepsze rozwi\u0105zania dotycz\u0105ce bezpiecze\u0144stwa, co&nbsp;zmniejsza ryzyko wypadk\u00f3w oraz&nbsp;awarii.<br \/><strong><span style=\"color: #dc291e;\">\/ <\/span>Skalowalno\u015b\u0107 i&nbsp;elastyczno\u015b\u0107:<\/strong>\u00a0Umo\u017cliwiaj\u0105 \u0142atwiejsze dostosowanie systemu do&nbsp;zmieniaj\u0105cych si\u0119 potrzeb rynku oraz&nbsp;zwi\u0119kszaj\u0105 mo\u017cliwo\u015bci produkcyjne.<br \/><strong><span style=\"color: #dc291e;\">\/ <\/span>Oszcz\u0119dno\u015bci operacyjne:<\/strong>\u00a0Efektywniejsze zarz\u0105dzanie procesami mo\u017ce prowadzi\u0107 do&nbsp;obni\u017cenia koszt\u00f3w operacyjnych poprzez minimalizacj\u0119 strat energii, surowc\u00f3w czy&nbsp;czasu pracy.<\/p>\n<p>Decyzja o&nbsp;wymianie sterowania urz\u0105dze\u0144 innych producent\u00f3w mo\u017ce zatem przynie\u015b\u0107 szereg wymiernych korzy\u015bci, kt\u00f3re w&nbsp;d\u0142u\u017cszej perspektywie mog\u0105 znacz\u0105co wp\u0142yn\u0105\u0107 na&nbsp;konkurencyjno\u015b\u0107 przedsi\u0119biorstwa.<\/p>\n<p><strong><span style=\"color: #dc291e;\">\u00a0<\/span><\/strong><\/p>\n<p>[\/et_pb_text][\/et_pb_column][\/et_pb_row][\/et_pb_section]<\/p>\n","protected":false},"excerpt":{"rendered":"<p>\/ WYMIANA SYSTEM\u00d3W[et_pb_breadcrumbs _builder_version=&#8221;3.0.47&#8243; global_colors_info=&#8221;{}&#8221;][\/et_pb_breadcrumbs]WYMIANA SYSTEM\u00d3W STEROWANIA W&nbsp;URZ\u0104DZENIACH INNYCH PRODUCENT\u00d3WWymiana sterowania urz\u0105dze\u0144 innych producent\u00f3w odnosi si\u0119 do&nbsp;procesu zast\u0119powania lub modernizacji system\u00f3w sterowania, w&nbsp;maszynach i&nbsp;urz\u0105dzeniach produkowanych przez&nbsp;jednego producenta, na&nbsp;nowoczesne systemy steruj\u0105ce produkcji SECO\/WARWICK.Celem tego procesu jest poprawa wydajno\u015bci, dopasowanie do&nbsp;obowi\u0105zuj\u0105cych norm, przepis\u00f3w, funkcjonalno\u015bci oraz&nbsp;wskazanie na&nbsp;lepsze zarz\u0105dzanie urz\u0105dzeniami, kt\u00f3re mog\u0105 by\u0107 ju\u017c przestarza\u0142e lub niewystarczaj\u0105ce do&nbsp;spe\u0142nienia dzisiejszych [&hellip;]<\/p>\n","protected":false},"author":2,"featured_media":167357,"parent":124591,"menu_order":0,"comment_status":"closed","ping_status":"closed","template":"","meta":{"_acf_changed":false,"_et_pb_use_builder":"on","_et_pb_old_content":"","_et_gb_content_width":"","footnotes":""},"class_list":["post-167644","page","type-page","status-publish","has-post-thumbnail"],"acf":[],"_links":{"self":[{"href":"https:\/\/www.secowarwick.com\/pl\/wp-json\/wp\/v2\/pages\/167644","targetHints":{"allow":["GET"]}}],"collection":[{"href":"https:\/\/www.secowarwick.com\/pl\/wp-json\/wp\/v2\/pages"}],"about":[{"href":"https:\/\/www.secowarwick.com\/pl\/wp-json\/wp\/v2\/types\/page"}],"author":[{"embeddable":true,"href":"https:\/\/www.secowarwick.com\/pl\/wp-json\/wp\/v2\/users\/2"}],"replies":[{"embeddable":true,"href":"https:\/\/www.secowarwick.com\/pl\/wp-json\/wp\/v2\/comments?post=167644"}],"version-history":[{"count":8,"href":"https:\/\/www.secowarwick.com\/pl\/wp-json\/wp\/v2\/pages\/167644\/revisions"}],"predecessor-version":[{"id":178200,"href":"https:\/\/www.secowarwick.com\/pl\/wp-json\/wp\/v2\/pages\/167644\/revisions\/178200"}],"up":[{"embeddable":true,"href":"https:\/\/www.secowarwick.com\/pl\/wp-json\/wp\/v2\/pages\/124591"}],"wp:featuredmedia":[{"embeddable":true,"href":"https:\/\/www.secowarwick.com\/pl\/wp-json\/wp\/v2\/media\/167357"}],"wp:attachment":[{"href":"https:\/\/www.secowarwick.com\/pl\/wp-json\/wp\/v2\/media?parent=167644"}],"curies":[{"name":"wp","href":"https:\/\/api.w.org\/{rel}","templated":true}]}}