{"id":173732,"date":"2025-03-14T14:17:04","date_gmt":"2025-03-14T13:17:04","guid":{"rendered":"https:\/\/www.secowarwick.com\/?page_id=173732"},"modified":"2025-03-14T14:46:05","modified_gmt":"2025-03-14T13:46:05","slug":"menedzer-projektu-swsa","status":"publish","type":"page","link":"https:\/\/www.secowarwick.com\/pl\/karierar4\/menedzer-projektu-swsa\/","title":{"rendered":"Mened\u017cer Projektu SWSA"},"content":{"rendered":"<p>[et_pb_section fb_built=&#8221;1&#8243; _builder_version=&#8221;4.16&#8243; global_colors_info=&#8221;{}&#8221;][et_pb_row column_structure=&#8221;2_3,1_3&#8243; _builder_version=&#8221;4.16&#8243; global_colors_info=&#8221;{}&#8221;][et_pb_column type=&#8221;2_3&#8243; _builder_version=&#8221;4.16&#8243; custom_padding=&#8221;|||&#8221; global_colors_info=&#8221;{}&#8221; custom_padding__hover=&#8221;|||&#8221;][et_pb_text admin_label=&#8221;stanowisko&#8221; module_class=&#8221;kariera2021-h1&#8243; _builder_version=&#8221;4.23.1&#8243; header_font=&#8221;Titillium Web||||||||&#8221; global_colors_info=&#8221;{}&#8221;]<\/p>\n<h1>MENED\u017bER PROJEKTU<\/h1>\n<p>[\/et_pb_text][et_pb_text module_class=&#8221;kariera2021-fakty&#8221; _builder_version=&#8221;4.23.1&#8243; hover_enabled=&#8221;0&#8243; global_colors_info=&#8221;{}&#8221; sticky_enabled=&#8221;0&#8243;]<\/p>\n<h3>JE\u015aLI:<\/h3>\n<p><strong><span style=\"color: #dc291e;\">\/ <\/span><\/strong>Jeste\u015b fanem nowoczesnych technologii, lubisz wyzwania oraz masz ch\u0119ci i gotowo\u015b\u0107 stawia\u0107 czo\u0142a globalnym projektom\u2026<br \/><strong><span style=\"color: #dc291e;\">\/ <\/span><\/strong>Chcesz pozna\u0107 bli\u017cej \u015bwiat obr\u00f3bki cieplnej, kreowa\u0107, tworzy\u0107 i rozwija\u0107 innowacyjne rozwi\u0105zania, kt\u00f3re dotykaj\u0105 \u017cycia 7,6 miliarda ludzi\u2026<br \/><strong><span style=\"color: #dc291e;\">\/ <\/span><\/strong>To jeste\u015b w dobrym miejscu!<\/p>\n<p>&nbsp;<\/p>\n<h3>NASZ DZIA\u0141<\/h3>\n<p>Dzia\u0142 Piec\u00f3w Topielnych zajmuje si\u0119 produkcj\u0105 urz\u0105dze\u0144 do metalurgii pr\u00f3\u017cniowej. W naszym portfolio znajduj\u0105 si\u0119 urz\u0105dzenia do topienia \u0142ukiem plazmowym, topienia wi\u0105zk\u0105 elektron\u00f3w oraz topienia i przetapiania w indukcyjnym piecu pr\u00f3\u017cniowym. Jeste\u015bmy \u015bwiatowym liderem w dostarczaniu urz\u0105dze\u0144 do metalurgii pr\u00f3\u017cniowej od skali laboratoryjnej po du\u017ce niestandardowe systemy in\u017cynieryjne. Nasze rozwi\u0105zania mo\u017cna spotka\u0107 na ca\u0142ym \u015bwiecie i prawie ka\u017cdym kontynencie. Na co dzie\u0144 wsp\u00f3\u0142pracujemy z naszymi sp\u00f3\u0142kami w Stanach Zjednoczonych, Chinach i Indiach.<\/p>\n<p>&nbsp;<\/p>\n<h3>JAKO MENED\u017bER PROJEKTU B\u0118DZIESZ ODPOWIADA\u0141 ZA<\/h3>\n<p><strong><span style=\"color: #dc291e;\">\/<\/span><\/strong> Zarz\u0105dzanie projektami w mi\u0119dzynarodowym \u015brodowisku (Ameryka, Azja, Europa)<br \/><strong><span style=\"color: #dc291e;\">\/<\/span><\/strong> Identyfikowanie, ocena i zarz\u0105dzanie ryzykiem obecnych i nowych projekt\u00f3w<br \/><strong><span style=\"color: #dc291e;\">\/<\/span><\/strong> Koordynowanie i monitorowanie pracy poddostawc\u00f3w oraz ich partner\u00f3w<br \/><strong><span style=\"color: #dc291e;\">\/<\/span><\/strong> Zarz\u0105dzanie harmonogramem, bud\u017cetem i zasobami projektowymi oraz prowadzenie dokumentacji projektowej<br \/><strong><span style=\"color: #dc291e;\">\/<\/span><\/strong> Wsp\u00f3\u0142prac\u0119 z innymi dzia\u0142ami firmy oraz podmiotami zewn\u0119trznymi<br \/><strong><span style=\"color: #dc291e;\">\/<\/span><\/strong> Kontrol\u0105 realizacji um\u00f3w oraz bie\u017c\u0105ce raportowanie o przebiegu i stopniu zaawansowania projekt\u00f3w<\/p>\n<p>&nbsp;<\/p>\n<h3>TAK ORGANIZUJEMY SOBIE PRAC\u0118<\/h3>\n<p><strong><span style=\"color: #dc291e;\">\/ <\/span><\/strong>30% &#8211; spotkania z zespo\u0142em projektowym<br \/><strong><span style=\"color: #dc291e;\">\/ <\/span><\/strong>20% &#8211; kontakt z klientem<br \/><strong><span style=\"color: #dc291e;\">\/ <\/span><\/strong>20% &#8211; kontrola projektu<br \/><strong><span style=\"color: #dc291e;\">\/ <\/span><\/strong>30% &#8211; praca w\u0142asna<\/p>\n<p>&nbsp;<\/p>\n<h3>KLUCZOWE KOMPETENCJE<\/h3>\n<p><strong><span style=\"color: #dc291e;\">\/<\/span><\/strong> Do\u015bwiadczenie w zarz\u0105dzaniu projektami\/produktami lub pokrewnymi<br \/><strong><span style=\"color: #dc291e;\">\/<\/span><\/strong> Bardzo dobra znajomo\u015b\u0107 j\u0119zyka angielskiego \u2013 poziom B2\/C1<br \/><strong><span style=\"color: #dc291e;\">\/<\/span><\/strong> Umiej\u0119tno\u015b\u0107 i ch\u0119\u0107 do pracy w mi\u0119dzynarodowym \u015brodowisku<br \/><strong><span style=\"color: #dc291e;\">\/<\/span><\/strong> Doskona\u0142e zarz\u0105dzanie sob\u0105 w czasie i dobra organizacja pracy w\u0142asnej<br \/><strong><span style=\"color: #dc291e;\">\/<\/span><\/strong> Komunikatywno\u015b\u0107 i umiej\u0119tno\u015b\u0107 nawi\u0105zywania relacji<br \/><strong><span style=\"color: #dc291e;\">\/<\/span><\/strong> Samodzielno\u015b\u0107 i nastawienie na cel<br \/><strong><span style=\"color: #dc291e;\">\/<\/span><\/strong> Umiej\u0119tno\u015b\u0107 priorytetyzacji zada\u0144<br \/><strong><span style=\"color: #dc291e;\">\/<\/span><\/strong> Zdolno\u015b\u0107 do delegowania i egzekwowania zada\u0144<br \/><strong><span style=\"color: #dc291e;\">\/<\/span><\/strong> Dyspozycyjno\u015b\u0107 i gotowo\u015b\u0107 do wyjazd\u00f3w s\u0142u\u017cbowych<\/p>\n<p><strong>A DODATKOWO <\/strong><\/p>\n<p><strong><span style=\"color: #dc291e;\">\/<\/span><\/strong> Wykszta\u0142cenie lub background techniczny<br \/><strong><span style=\"color: #dc291e;\">\/<\/span><\/strong> Znajomo\u015b\u0107 system\u00f3w ERP, Power BI, MS Office i podobnych<\/p>\n<p>&nbsp;<\/p>\n<h3>W ZAMIAN ZA TWOJE DO\u015aWIADCZENIE, WIEDZ\u0118 I UMIEJ\u0118TNO\u015aCI MO\u017bESZ LICZY\u0106 NA<\/h3>\n<p><strong><span style=\"color: #dc291e;\">\/ <\/span><\/strong>Jasny system wynagradzania i premiowania \u2013 Twoja praca ma swoj\u0105 cen\u0119 \u2013 wybierz karier\u0119, kt\u00f3ra Ci si\u0119 op\u0142aci!<br \/><strong><span style=\"color: #dc291e;\">\/ <\/span><\/strong>Ubezpieczenie na \u017cycie i pakiet medyczny LUXMED dla Ciebie i Twoich najbli\u017cszych<br \/><strong><span style=\"color: #dc291e;\">\/ <\/span><\/strong>SECO\/BUS &#8211; darmowe dowozy do firmy z Zielonej G\u00f3ry i Sulechowa (w przypadku pracy w \u015awiebodzinie) lub wsparcie w dojazdach w postaci karty paliwowej<br \/><strong><span style=\"color: #dc291e;\">\/ <\/span><\/strong>Przejrzysta \u015bcie\u017cka kariery i awansu \u2013 w 2023 roku 8 pracownik\u00f3w awansowa\u0142o dzi\u0119ki rekrutacjom wewn\u0119trznym a w 2024 roku 57 os\u00f3b w ramach \u015bcie\u017cki karier<br \/><strong><span style=\"color: #dc291e;\">\/ <\/span><\/strong>Mobilno\u015b\u0107 wewn\u0105trz grupy SECO\/WARWICK i mo\u017cliwo\u015b\u0107 rozwoju w naszych sp\u00f3\u0142kach na ca\u0142ym \u015bwiecie<br \/><strong><span style=\"color: #dc291e;\">\/ <\/span><\/strong>Program polece\u0144 pracowniczych \u2013 w 2023 zatrudnili\u015bmy 25 os\u00f3b z polecenia naszych pracownik\u00f3w<br \/><strong><span style=\"color: #dc291e;\">\/ <\/span><\/strong>Chcesz pracowa\u0107 z domu? Masz t\u0119 mo\u017cliwo\u015b\u0107 \u2013 oferujemy hybrydowy model pracy oraz elastyczne godziny<br \/><strong><span style=\"color: #dc291e;\">\/ <\/span><\/strong>Twoje ambicje s\u0105 naszym priorytetem \u2013 inwestujemy w Tw\u00f3j rozw\u00f3j i zapewniamy obszern\u0105 ofert\u0119 szkole\u0144 wewn\u0119trznych i zewn\u0119trznych<br \/><strong><span style=\"color: #dc291e;\">\/ <\/span><\/strong>Mi\u0119dzynarodowe \u015brodowisko pracy, mo\u017cliwo\u015b\u0107 uczestnictwa w globalnych projektach i wsp\u00f3\u0142pracy z do\u015bwiadczonymi profesjonalistami z bran\u017cy<br \/><strong><span style=\"color: #dc291e;\">\/ <\/span><\/strong>Mo\u017cliwo\u015b\u0107 realizacji swoich pozazawodowych aspiracji poprzez do\u0142\u0105czenie do dru\u017cyny SECO\/RUN i SECO\/BIKE lub zainspirowania nas i by\u0107 mo\u017ce stworzenia w\u0142asnej\u2026?<\/p>\n<p>&nbsp;<\/p>\n<h3>JAK WYGL\u0104DA PROCES REKRUTACJI I WDRO\u017bENIA?<\/h3>\n<ol>\n<li>Wy\u015blij swoje CV<\/li>\n<li>We\u017a udzia\u0142 w pierwszej rozmowie online z mened\u017cerem i rekruterem<\/li>\n<li>Przyjed\u017a do nas do firmy na drug\u0105 rozmow\u0119 i przygotuj\/wykonaj zadanie rekrutacyjne<\/li>\n<li>Poczekaj na decyzj\u0119<\/li>\n<li>Witamy na pok\u0142adzie!<\/li>\n<\/ol>\n<p>Wiemy jak stresuj\u0105ce jest do\u0142\u0105czenie do nowej organizacji. Dlatego w pierwszych miesi\u0105cach pracy otrzymasz od nas pe\u0142ne wsparcie w postaci osobistego opiekuna \u2013 Buddy\u2019ego, a tak\u017ce prze\u0142o\u017conego i zespo\u0142u. Zaopatrzymy Ci\u0119 te\u017c w niezb\u0119dne materia\u0142y wdro\u017ceniowe i narz\u0119dzia, dzi\u0119ki kt\u00f3rym b\u0119dziesz wiedzia\u0142\/a jak porusza\u0107 si\u0119 po firmie.<\/p>\n<p>&nbsp;<\/p>\n<h3>NASZE WYR\u00d3\u017bNIKI JAKO PRACODAWCY<\/h3>\n<p><strong><span style=\"color: #dc291e;\">\/ <\/span><\/strong>Bezpiecze\u0144stwo \u2013 prawie po\u0142owa pracownik\u00f3w jest z nami od ponad 10 lat.<br \/><strong><span style=\"color: #dc291e;\">\/ <\/span><\/strong>Stabilno\u015b\u0107 \u2013 U nas masz pewno\u015b\u0107, \u017ce jeste\u015b cz\u0119\u015bci\u0105 zespo\u0142u, kt\u00f3ry dba o sta\u0142y rozw\u00f3j i bezpiecze\u0144stwo swoich pracownik\u00f3w! Posiadamy ponad 100 lat do\u015bwiadczenia na rynku i jeste\u015bmy wiod\u0105c\u0105 firm\u0105 w bran\u017cy a sta\u017c pracy wynosi \u015brednio 11 lat.<br \/><strong><span style=\"color: #dc291e;\">\/ <\/span><\/strong>Bie\u017c\u0105cy i konstruktywny feedback od prze\u0142o\u017conego \u2013 cenimy otwart\u0105 komunikacj\u0119 i wzajemny szacunek, wiemy, jak wa\u017cnym jest zna\u0107 i widzie\u0107 efekty swojej pracy, dlatego nasi managerowie regularnie dbaj\u0105 o zapewnienie Ci informacji zwrotnej o Twojej pracy, a tak\u017ce sami s\u0105 w ci\u0105g\u0142ym procesie rozwoju i feedbacku.<br \/><strong><span style=\"color: #dc291e;\">\/ <\/span><\/strong>Pracodawc\u0119 docenionego i wyr\u00f3\u017cnionego jako Solidny Pracodawca Roku oraz Organizator Pracy Bezpiecznej.<br \/><strong><span style=\"color: #dc291e;\">\/<\/span><\/strong>Realny wp\u0142yw na rozw\u00f3j i doskonalenie najnowocze\u015bniejszych technologii w bran\u017cy obr\u00f3bki cieplnej \u2013 co potwierdzaj\u0105 liczne wyr\u00f3\u017cnienia m.in. medal Zas\u0142u\u017cony dla Polskiej Wynalazczo\u015bci czy Lider Innowacyjno\u015bci.<br \/><strong><span style=\"color: #dc291e;\">\/ <\/span><\/strong>Mo\u017cliwo\u015b\u0107 dbania o planet\u0119 \u2013 w ramach SECO\/ECO podejmujemy szereg dzia\u0142a\u0144 proekologicznych, aby zmieni\u0107 kolor metalurgii i obr\u00f3bki cieplnej na zielony.<br \/><strong><span style=\"color: #dc291e;\">\/ <\/span><\/strong>Mo\u017cliwo\u015b\u0107 wspierania dzia\u0142a\u0144 CSR\u2019owych, dzi\u0119ki kt\u00f3rym poczujesz si\u0119 cz\u0119\u015bci\u0105 lokalnej spo\u0142eczno\u015bci i wp\u0142yniesz na rozw\u00f3j najbli\u017cszego \u015brodowiska, co zosta\u0142o docenione wyr\u00f3\u017cnieniem Fair Company w 2024 roku.<\/p>\n<p>&nbsp;<\/p>\n<h3>NIE CZEKAJ, APLIKUJ!<\/h3>\n<p>Masz pytania, w\u0105tpliwo\u015bci? Napisz na <a href=\"mailto:rekrutacja@secowarwick.com\">rekrutacja@secowarwick.com<\/a> lub skontaktuj si\u0119 z Aleksandr\u0105 Nog\u0105: +48\u00a0734\u00a0935\u00a0723.<\/p>\n<p>Je\u015bli czujesz, \u017ce oferta jest dla Ciebie, ale nie spe\u0142niasz 100% wymaga\u0144 \u2013 aplikuj! Wiemy, \u017ce nie ma kandydat\u00f3w idealnych i z ch\u0119ci\u0105 poznamy Ciebie i Twoj\u0105 motywacj\u0119 <strong>\ud83d\ude0a<\/strong><\/p>\n<p>Zasady etyczne oraz drogi zg\u0142aszania narusze\u0144 w SECO\/WARWICK S.A. oraz SECO\/WARWICK Services znajdziesz <a href=\"https:\/\/www.secowarwick.com\/wp-content\/uploads\/2024\/09\/Kodeks-Postepowania-Etycznego-SECOWARWICK-2024-1.pdf\">tutaj<\/a>.<\/p>\n<p>&nbsp;<\/p>\n<h3>RODO<\/h3>\n<p>Masz prawo wiedzie\u0107 jakie informacje o Tobie posiadamy i w jaki spos\u00f3b je wykorzystujemy. Przed aplikacj\u0105 zapoznaj si\u0119 ze szczeg\u00f3\u0142ami <a href=\"https:\/\/www.secowarwick.com\/wp-content\/uploads\/2022\/09\/Zal.-09-Informacja-o-przetwarzaniu-danych-osobowych-%E2%80%93-proces-rekrutacji-ogloszenia.pdf\">tutaj<\/a>.<\/p>\n<p>&nbsp;<\/p>\n<h3>Zapraszamy do \u015bwiata SECO\/WARWICK!<\/h3>\n<p>[\/et_pb_text][\/et_pb_column][et_pb_column type=&#8221;1_3&#8243; module_class=&#8221;kariera2021-prawa-kolumna&#8221; _builder_version=&#8221;4.16&#8243; custom_padding=&#8221;|||&#8221; global_colors_info=&#8221;{}&#8221; custom_padding__hover=&#8221;|||&#8221;][et_pb_text module_class=&#8221;kariera2021-aplikuj-teraz&#8221; _builder_version=&#8221;4.23.1&#8243; global_colors_info=&#8221;{}&#8221;]<\/p>\n<p><a href=\"https:\/\/secowarwick.elementapp.ai\/application\/v2\/2f3d04fe-0c90-4dfc-8e99-888afbe14dd6\/44a97225-6223-4c53-9118-27fe0bce62d7?source=097a9a2e-ba26-4e9e-a0cc-d740d7204a6c\" target=\"_blank\" rel=\"noopener\">APLIKUJ TERAZ<\/a><\/p>\n<p>[\/et_pb_text][et_pb_text admin_label=&#8221;aplikuj pdf&#8221; _builder_version=&#8221;4.23.1&#8243; _module_preset=&#8221;default&#8221; custom_padding=&#8221;||20px||false|false&#8221; global_module=&#8221;160563&#8243; saved_tabs=&#8221;all&#8221; global_colors_info=&#8221;{}&#8221;]<\/p>\n<p style=\"text-align: center;\">Przed z\u0142o\u017ceniem aplikacji zapoznaj si\u0119 z informacj\u0105 o przetwarzaniu Twoich danych osobowych <a href=\"https:\/\/www.secowarwick.com\/wp-content\/uploads\/2022\/09\/Zal.-09-Informacja-o-przetwarzaniu-danych-osobowych-%E2%80%93-proces-rekrutacji-ogloszenia.pdf\" target=\"_blank\" rel=\"noopener\">tutaj<\/a>.<\/p>\n<p>[\/et_pb_text][et_pb_image src=&#8221;https:\/\/www.secowarwick.com\/wp-content\/uploads\/2025\/03\/praca-menedzer-projektu-sws.jpg&#8221; alt=&#8221;Mened\u017cer projektu&#8221; title_text=&#8221;monter urz\u0105dze\u0144 przemys\u0142owych oferta-pracy&#8221; align_tablet=&#8221;center&#8221; align_phone=&#8221;&#8221; align_last_edited=&#8221;on|desktop&#8221; _builder_version=&#8221;4.23.1&#8243; global_colors_info=&#8221;{}&#8221;][\/et_pb_image][et_pb_text admin_label=&#8221;FAKTY W PIGU\u0141CE&#8221; module_class=&#8221;kariera2021-fakty&#8221; _builder_version=&#8221;4.23.1&#8243; hover_enabled=&#8221;0&#8243; global_colors_info=&#8221;{}&#8221; sticky_enabled=&#8221;0&#8243;]<\/p>\n<h3>FAKTY W PIGU\u0141CE<\/h3>\n<p><strong>Miejsce:<\/strong> <span style=\"color: #dc291e;\">SECO\/WARWICK S.A.<\/span><br \/><strong>Miasto:<\/strong> <span style=\"color: #dc291e;\">\u015awiebodzin\/Zielona G\u00f3ra<\/span><br \/><strong>Stanowisko:<\/strong> <span style=\"color: #dc291e;\">Mened\u017cer Projektu<\/span><br \/><strong>Wykszta\u0142cenie:<\/strong> <span style=\"color: #dc291e;\">wy\u017csze<\/span><br \/><strong>J\u0119zyk:<\/strong> <span style=\"color: #dc291e;\">angielski<br \/><\/span><strong>Poziom:<\/strong> <span style=\"color: #dc291e;\">specjalista<\/span><br \/><strong>Typ zatrudnienie<\/strong>: <span style=\"color: #dc291e;\">umowa o prac\u0119<\/span><br \/><strong>Forma:<\/strong> <span style=\"color: #dc291e;\">hybrydowa<\/span><br \/><strong>Delegacje:<\/strong> <span style=\"color: #dc291e;\">sporadycznie<\/span><\/p>\n<p>[\/et_pb_text][\/et_pb_column][\/et_pb_row][\/et_pb_section][et_pb_section fb_built=&#8221;1&#8243; _builder_version=&#8221;4.19.2&#8243; _module_preset=&#8221;default&#8221; global_colors_info=&#8221;{}&#8221;][et_pb_row _builder_version=&#8221;4.19.2&#8243; _module_preset=&#8221;default&#8221; global_colors_info=&#8221;{}&#8221;][et_pb_column type=&#8221;4_4&#8243; _builder_version=&#8221;4.19.2&#8243; _module_preset=&#8221;default&#8221; global_colors_info=&#8221;{}&#8221;][et_pb_text admin_label=&#8221;aplikuj pdf&#8221; _builder_version=&#8221;4.23.1&#8243; _module_preset=&#8221;default&#8221; custom_padding=&#8221;||20px||false|false&#8221; global_module=&#8221;160563&#8243; saved_tabs=&#8221;all&#8221; global_colors_info=&#8221;{}&#8221;]<\/p>\n<p style=\"text-align: center;\">Przed z\u0142o\u017ceniem aplikacji zapoznaj si\u0119 z informacj\u0105 o przetwarzaniu Twoich danych osobowych <a href=\"https:\/\/www.secowarwick.com\/wp-content\/uploads\/2022\/09\/Zal.-09-Informacja-o-przetwarzaniu-danych-osobowych-%E2%80%93-proces-rekrutacji-ogloszenia.pdf\" target=\"_blank\" rel=\"noopener\">tutaj<\/a>.<\/p>\n<p>[\/et_pb_text][et_pb_text _builder_version=&#8221;4.23.1&#8243; _module_preset=&#8221;default&#8221; global_colors_info=&#8221;{}&#8221;]<\/p>\n<p style=\"text-align: center;\"><a class=\"small-button smallred\" style=\"font-size: 15px; padding: 10px 40px;\" href=\"https:\/\/secowarwick.elementapp.ai\/application\/v2\/2f3d04fe-0c90-4dfc-8e99-888afbe14dd6\/44a97225-6223-4c53-9118-27fe0bce62d7?source=097a9a2e-ba26-4e9e-a0cc-d740d7204a6c\" target=\"_blank\" rel=\"noopener\"><span style=\"display: block; transform: skew(15deg,0deg); -webkit-transform: skew(15deg,0deg); font-size: 15px;\">APLIKUJ<\/span><\/a><\/p>\n<p>[\/et_pb_text][\/et_pb_column][\/et_pb_row][\/et_pb_section]<\/p>\n","protected":false},"excerpt":{"rendered":"<p>MENED\u017bER PROJEKTUJE\u015aLI: \/ Jeste\u015b fanem nowoczesnych technologii, lubisz wyzwania oraz masz ch\u0119ci i gotowo\u015b\u0107 stawia\u0107 czo\u0142a globalnym projektom\u2026\/ Chcesz pozna\u0107 bli\u017cej \u015bwiat obr\u00f3bki cieplnej, kreowa\u0107, tworzy\u0107 i rozwija\u0107 innowacyjne rozwi\u0105zania, kt\u00f3re dotykaj\u0105 \u017cycia 7,6 miliarda ludzi\u2026\/ To jeste\u015b w dobrym miejscu! &nbsp; NASZ DZIA\u0141 Dzia\u0142 Piec\u00f3w Topielnych zajmuje si\u0119 produkcj\u0105 urz\u0105dze\u0144 do metalurgii pr\u00f3\u017cniowej. W [&hellip;]<\/p>\n","protected":false},"author":2,"featured_media":173717,"parent":90568,"menu_order":0,"comment_status":"closed","ping_status":"closed","template":"","meta":{"_acf_changed":false,"_et_pb_use_builder":"on","_et_pb_old_content":"","_et_gb_content_width":"","footnotes":""},"class_list":["post-173732","page","type-page","status-publish","has-post-thumbnail"],"acf":[],"_links":{"self":[{"href":"https:\/\/www.secowarwick.com\/pl\/wp-json\/wp\/v2\/pages\/173732","targetHints":{"allow":["GET"]}}],"collection":[{"href":"https:\/\/www.secowarwick.com\/pl\/wp-json\/wp\/v2\/pages"}],"about":[{"href":"https:\/\/www.secowarwick.com\/pl\/wp-json\/wp\/v2\/types\/page"}],"author":[{"embeddable":true,"href":"https:\/\/www.secowarwick.com\/pl\/wp-json\/wp\/v2\/users\/2"}],"replies":[{"embeddable":true,"href":"https:\/\/www.secowarwick.com\/pl\/wp-json\/wp\/v2\/comments?post=173732"}],"version-history":[{"count":5,"href":"https:\/\/www.secowarwick.com\/pl\/wp-json\/wp\/v2\/pages\/173732\/revisions"}],"predecessor-version":[{"id":173744,"href":"https:\/\/www.secowarwick.com\/pl\/wp-json\/wp\/v2\/pages\/173732\/revisions\/173744"}],"up":[{"embeddable":true,"href":"https:\/\/www.secowarwick.com\/pl\/wp-json\/wp\/v2\/pages\/90568"}],"wp:featuredmedia":[{"embeddable":true,"href":"https:\/\/www.secowarwick.com\/pl\/wp-json\/wp\/v2\/media\/173717"}],"wp:attachment":[{"href":"https:\/\/www.secowarwick.com\/pl\/wp-json\/wp\/v2\/media?parent=173732"}],"curies":[{"name":"wp","href":"https:\/\/api.w.org\/{rel}","templated":true}]}}