{"id":176239,"date":"2025-04-22T11:45:19","date_gmt":"2025-04-22T09:45:19","guid":{"rendered":"https:\/\/www.secowarwick.com\/?page_id=176239"},"modified":"2025-04-23T13:13:18","modified_gmt":"2025-04-23T11:13:18","slug":"piec-prozniowy-typ-2-0-vpt-4050-48hv","status":"publish","type":"page","link":"https:\/\/www.secowarwick.com\/pl\/piec-prozniowy-typ-2-0-vpt-4050-48hv\/","title":{"rendered":"Piec pr\u00f3\u017cniowy TYP 2.0-VPT-4050\/48HV"},"content":{"rendered":"<p>[et_pb_section fb_built=&#8221;1&#8243; admin_label=&#8221;section&#8221; _builder_version=&#8221;4.16&#8243; custom_padding=&#8221;0px|||&#8221; transparent_background=&#8221;off&#8221; make_fullwidth=&#8221;off&#8221; use_custom_width=&#8221;off&#8221; width_unit=&#8221;on&#8221; global_colors_info=&#8221;{}&#8221;][et_pb_row _builder_version=&#8221;4.16&#8243; _module_preset=&#8221;default&#8221; global_colors_info=&#8221;{}&#8221;][et_pb_column type=&#8221;4_4&#8243; _builder_version=&#8221;4.16&#8243; _module_preset=&#8221;default&#8221; global_colors_info=&#8221;{}&#8221;][et_pb_breadcrumbs _builder_version=&#8221;4.10.3&#8243; _module_preset=&#8221;default&#8221; global_colors_info=&#8221;{}&#8221;][\/et_pb_breadcrumbs][\/et_pb_column][\/et_pb_row][et_pb_row admin_label=&#8221;row&#8221; _builder_version=&#8221;4.16&#8243; background_size=&#8221;initial&#8221; background_position=&#8221;top_left&#8221; background_repeat=&#8221;repeat&#8221; custom_padding=&#8221;0px|||&#8221; make_fullwidth=&#8221;off&#8221; use_custom_width=&#8221;off&#8221; width_unit=&#8221;on&#8221; global_colors_info=&#8221;{}&#8221;][et_pb_column type=&#8221;4_4&#8243; _builder_version=&#8221;4.16&#8243; custom_padding=&#8221;|||&#8221; global_colors_info=&#8221;{}&#8221; custom_padding__hover=&#8221;|||&#8221;][et_pb_divider show_divider=&#8221;off&#8221; _builder_version=&#8221;4.16&#8243; _module_preset=&#8221;default&#8221; global_colors_info=&#8221;{}&#8221;][\/et_pb_divider][et_pb_text module_class=&#8221;red-square-list-parent&#8221; _builder_version=&#8221;4.23.1&#8243; background_size=&#8221;initial&#8221; background_position=&#8221;top_left&#8221; background_repeat=&#8221;repeat&#8221; use_border_color=&#8221;off&#8221; global_colors_info=&#8221;{}&#8221;]<\/p>\n<h1>PIEC PR\u00d3\u017bNIOWY TYP 2.0-VPT-4050\/48HV<\/h1>\n<p>&nbsp;<\/p>\n<h3>Informacje og\u00f3lne:<\/h3>\n<p><strong><span style=\"color: #dc291e;\">\/<\/span><\/strong>\u00a0Piec pr\u00f3\u017cniowy z&nbsp;ch\u0142odzeniem gazowym argon\/azot pod&nbsp;ci\u015bnieniem 1 bar (2 bar abs)<br \/><strong><span style=\"color: #dc291e;\">\/<\/span><\/strong>\u00a0Producent SECO\/WARWICK<br \/><strong><span style=\"color: #dc291e;\">\/<\/span><\/strong>\u00a0Rok produkcji 2003<br \/><strong><span style=\"color: #dc291e;\">\/<\/span><\/strong>\u00a0Lokalizacja \u2013 Polska po\u0142udniowo-wschodnia<br \/><strong><span style=\"color: #dc291e;\">\/<\/span><\/strong>\u00a0Stan: Piec dzia\u0142aj\u0105cy \u2013 mo\u017cliwo\u015b\u0107 testowania na&nbsp;miejscu, wymieniono automatyk\u0119 pieca na&nbsp;standard Siemens S7<br \/><strong><span style=\"color: #dc291e;\">\/<\/span><\/strong>\u00a0Oferujemy ocen\u0119 techniczn\u0105, relokacj\u0119 oraz&nbsp;monta\u017c urz\u0105dzenia w&nbsp;miejscu docelowym na&nbsp;trenie E.U.<\/p>\n<h3>Przeznaczenie<\/h3>\n<p><strong><span style=\"color: #dc291e;\">\/<\/span><\/strong>\u00a0Piec pr\u00f3\u017cniowy przeznaczony jest do&nbsp;obr\u00f3bki cieplnej w&nbsp;pr\u00f3\u017cni do&nbsp;5&#215;10-5 mbar np.&nbsp;lutowania<\/p>\n<p>[\/et_pb_text][\/et_pb_column][\/et_pb_row][\/et_pb_section][et_pb_section fb_built=&#8221;1&#8243; admin_label=&#8221;section&#8221; _builder_version=&#8221;4.19.2&#8243; background_color=&#8221;#f8f8f8&#8243; custom_margin=&#8221;-20px||||false|false&#8221; custom_padding=&#8221;0px||||false|false&#8221; transparent_background=&#8221;off&#8221; make_fullwidth=&#8221;off&#8221; use_custom_width=&#8221;off&#8221; width_unit=&#8221;on&#8221; global_colors_info=&#8221;{}&#8221;][et_pb_row column_structure=&#8221;1_2,1_2&#8243; admin_label=&#8221;row&#8221; _builder_version=&#8221;4.19.2&#8243; background_size=&#8221;initial&#8221; background_position=&#8221;top_left&#8221; background_repeat=&#8221;repeat&#8221; custom_margin=&#8221;-20px||||false|false&#8221; global_colors_info=&#8221;{}&#8221;][et_pb_column type=&#8221;1_2&#8243; _builder_version=&#8221;4.16&#8243; custom_padding=&#8221;|||&#8221; global_colors_info=&#8221;{}&#8221; custom_padding__hover=&#8221;|||&#8221;][et_pb_gallery gallery_ids=&#8221;176254,176261,176268,176247&#8243; posts_number=&#8221;1&#8243; show_title_and_caption=&#8221;off&#8221; show_pagination=&#8221;off&#8221; zoom_icon_color=&#8221;#FFFFFF&#8221; module_class=&#8221;seco-products-gallery-new2025&#8243; _builder_version=&#8221;4.23.1&#8243; title_text_color=&#8221;#FFFFFF&#8221; pagination_text_color=&#8221;#FFFFFF&#8221; background_layout=&#8221;dark&#8221; custom_margin=&#8221;||||false|false&#8221; hover_enabled=&#8221;0&#8243; custom_css_before=&#8221; color: #fff !important;&#8221; custom_css_free_form=&#8221;.et_overlay:before {||    content: 'GALERIA&#8217; !important;||}&#8221; locked=&#8221;off&#8221; global_colors_info=&#8221;{}&#8221; custom_css_before_last_edited=&#8221;off|desktop&#8221; sticky_enabled=&#8221;0&#8243;][\/et_pb_gallery][et_pb_image src=&#8221;https:\/\/www.secowarwick.com\/wp-content\/uploads\/2025\/04\/PIEC-PROZNIOWY-2.0VP-405072M.jpg&#8221; alt=&#8221;PIEC PR\u00d3\u017bNIOWY<br \/>\nTYP 2.0-VPT-4050\/48HV &#8221; title_text=&#8221;RETORT ELECTRIC PIT FURNACE (3)&#8221; align_tablet=&#8221;center&#8221; align_phone=&#8221;&#8221; align_last_edited=&#8221;on|desktop&#8221; _builder_version=&#8221;4.23.1&#8243; global_colors_info=&#8221;{}&#8221;][\/et_pb_image][\/et_pb_column][et_pb_column type=&#8221;1_2&#8243; _builder_version=&#8221;4.16&#8243; custom_padding=&#8221;|||&#8221; global_colors_info=&#8221;{}&#8221; custom_padding__hover=&#8221;|||&#8221;][et_pb_text admin_label=&#8221;apostrof&#8221; module_class=&#8221;przecinek-tlo-nizej&#8221; _builder_version=&#8221;4.23.1&#8243; custom_margin=&#8221;||||false|false&#8221; custom_margin_tablet=&#8221;&#8221; custom_margin_phone=&#8221;&#8221; custom_margin_last_edited=&#8221;on|desktop&#8221; saved_tabs=&#8221;all&#8221; global_colors_info=&#8221;{}&#8221;]<\/p>\n<h2>Dane techniczne<\/h2>\n<p>[\/et_pb_text][et_pb_text _builder_version=&#8221;4.23.1&#8243; _module_preset=&#8221;default&#8221; global_colors_info=&#8221;{}&#8221;]<\/p>\n<table style=\"border-collapse: collapse; width: 100%;\">\n<tbody>\n<tr>\n<td>Maksymalna temperatura robocza<\/td>\n<td>1320\u00b0C<\/td>\n<\/tr>\n<tr>\n<td>Maksymalna temperatura bezpiecze\u0144stwa<\/td>\n<td>1350\u00b0C<\/td>\n<\/tr>\n<tr>\n<td>R\u00f3wnomierno\u015b\u0107 rozk\u0142adu temperatur w&nbsp;przestrzeni u\u017cytecznej pieca, powy\u017cej 600\u00b0C<\/td>\n<td>+\/-5\u00b0<\/td>\n<\/tr>\n<tr>\n<td><strong>Piec<\/strong><\/td>\n<td>\u00a0<\/td>\n<\/tr>\n<tr>\n<td>Ci\u0119\u017car pieca<\/td>\n<td>12000kg<\/td>\n<\/tr>\n<tr>\n<td>Maksymalny ci\u0119\u017car wsadu brutto<\/td>\n<td>800kg<\/td>\n<\/tr>\n<tr>\n<td><strong>Obudowa<\/strong><\/td>\n<td>\u00a0<\/td>\n<\/tr>\n<tr>\n<td>Materia\u0142<\/td>\n<td>stal w\u0119glowa<\/td>\n<\/tr>\n<tr>\n<td>Obj\u0119to\u015b\u0107<\/td>\n<td>9m<sup>3<\/sup><\/td>\n<\/tr>\n<tr>\n<td>Maksymalne ci\u015bnienie robocze<\/td>\n<td>1bar (2bar abs)<\/td>\n<\/tr>\n<tr>\n<td><strong>Komora grzejna<\/strong><\/td>\n<td>\u00a0<\/td>\n<\/tr>\n<tr>\n<td>Materia\u0142 obudowy komory<\/td>\n<td>stal w\u0119glowa<\/td>\n<\/tr>\n<tr>\n<td>Materia\u0142 izolacyjny komory<\/td>\n<td>grafit<\/td>\n<\/tr>\n<tr>\n<td>Wymiary u\u017cytecznej strefy grzejnej (WxHxL)<\/td>\n<td>900x800x1200mm<\/td>\n<\/tr>\n<tr>\n<td><strong>System grzejny<\/strong><\/td>\n<td>\u00a0<\/td>\n<\/tr>\n<tr>\n<td>Moc element\u00f3w grzejnych<\/td>\n<td>300 kW<\/td>\n<\/tr>\n<tr>\n<td>Ilo\u015b\u0107 stref grzejnych<\/td>\n<td>3<\/td>\n<\/tr>\n<tr>\n<td>Rozmieszczenie element\u00f3w grzejnych<\/td>\n<td>wok\u00f3\u0142 wsadu<\/td>\n<\/tr>\n<tr>\n<td><strong>System pompowy<\/strong><\/td>\n<td>\u00a0<\/td>\n<\/tr>\n<tr>\n<td>Pompa mechaniczna<\/td>\n<td>Sogevac 2xSV300 &#8211; Leybold Vacuum<\/td>\n<\/tr>\n<tr>\n<td>&#8211; wydajno\u015b\u0107:<\/td>\n<td>2x280m<sup>3<\/sup>\/h<\/td>\n<\/tr>\n<tr>\n<td>&#8211; moc silnika:<\/td>\n<td>2&#215;5.5kW<\/td>\n<\/tr>\n<tr>\n<td><strong>Pompa Root&#8217;a<\/strong><\/td>\n<td>RA\u00a03001 &#8211; Leybold Vacuum<\/td>\n<\/tr>\n<tr>\n<td>\u00a0&#8211; wydajno\u015b\u0107:<\/td>\n<td>3050m<sup>3<\/sup>\/h<\/td>\n<\/tr>\n<tr>\n<td>&#8211; moc silnika:<\/td>\n<td>11kW<\/td>\n<\/tr>\n<tr>\n<td><strong>Pompa dyfuzyjna<\/strong><\/td>\n<td>HS32 &#8211; Varian<\/td>\n<\/tr>\n<tr>\n<td>\u00a0&#8211; wydajno\u015b\u0107:<\/td>\n<td>32000 l\/s<\/td>\n<\/tr>\n<tr>\n<td>&#8211; moc silnika:<\/td>\n<td>24kW<\/td>\n<\/tr>\n<tr>\n<td><strong>Pompa podtrzymuj\u0105ca<\/strong><\/td>\n<td>Trivac D8B \u2013 Leybold Vacuum<\/td>\n<\/tr>\n<tr>\n<td>\u00a0&#8211; wydajno\u015b\u0107:<\/td>\n<td>8.5m<sup>3<\/sup>\/h<\/td>\n<\/tr>\n<tr>\n<td>&#8211; moc silnika:<\/td>\n<td>0.37kW<\/td>\n<\/tr>\n<tr>\n<td><strong>System ch\u0142odzenia<\/strong><\/td>\n<td>\u00a0<\/td>\n<\/tr>\n<tr>\n<td>Rodzaj gazu<\/td>\n<td>Argon, (Azot)<\/td>\n<\/tr>\n<tr>\n<td>Wlot gazu<\/td>\n<td>system dysz wok\u00f3\u0142 wsadu, prz\u00f3d komory<\/td>\n<\/tr>\n<tr>\n<td>Wylot gazu<\/td>\n<td>luk wylotowy tylnej cz\u0119\u015bci komory grzejnej<\/td>\n<\/tr>\n<tr>\n<td>Dmuchawa<\/td>\n<td>\u00a0<\/td>\n<\/tr>\n<tr>\n<td>obroty:<\/td>\n<td>3000obr\/min<\/td>\n<\/tr>\n<tr>\n<td>moc silnika:<\/td>\n<td>55 kW<\/td>\n<\/tr>\n<\/tbody>\n<\/table>\n<p>[\/et_pb_text][\/et_pb_column][\/et_pb_row][\/et_pb_section]<\/p>\n","protected":false},"excerpt":{"rendered":"<p>[et_pb_breadcrumbs _builder_version=&#8221;4.10.3&#8243; _module_preset=&#8221;default&#8221; global_colors_info=&#8221;{}&#8221;][\/et_pb_breadcrumbs]PIEC PR\u00d3\u017bNIOWY TYP 2.0-VPT-4050\/48HV &nbsp; Informacje og\u00f3lne: \/\u00a0Piec pr\u00f3\u017cniowy z&nbsp;ch\u0142odzeniem gazowym argon\/azot pod&nbsp;ci\u015bnieniem 1 bar (2 bar abs)\/\u00a0Producent SECO\/WARWICK\/\u00a0Rok produkcji 2003\/\u00a0Lokalizacja \u2013 Polska po\u0142udniowo-wschodnia\/\u00a0Stan: Piec dzia\u0142aj\u0105cy \u2013 mo\u017cliwo\u015b\u0107 testowania na&nbsp;miejscu, wymieniono automatyk\u0119 pieca na&nbsp;standard Siemens S7\/\u00a0Oferujemy ocen\u0119 techniczn\u0105, relokacj\u0119 oraz&nbsp;monta\u017c urz\u0105dzenia w&nbsp;miejscu docelowym na&nbsp;trenie E.U. Przeznaczenie \/\u00a0Piec pr\u00f3\u017cniowy przeznaczony jest do&nbsp;obr\u00f3bki cieplnej [&hellip;]<\/p>\n","protected":false},"author":2,"featured_media":176275,"parent":0,"menu_order":0,"comment_status":"closed","ping_status":"closed","template":"","meta":{"_acf_changed":false,"_et_pb_use_builder":"on","_et_pb_old_content":"","_et_gb_content_width":"","footnotes":""},"class_list":["post-176239","page","type-page","status-publish","has-post-thumbnail"],"acf":[],"_links":{"self":[{"href":"https:\/\/www.secowarwick.com\/pl\/wp-json\/wp\/v2\/pages\/176239","targetHints":{"allow":["GET"]}}],"collection":[{"href":"https:\/\/www.secowarwick.com\/pl\/wp-json\/wp\/v2\/pages"}],"about":[{"href":"https:\/\/www.secowarwick.com\/pl\/wp-json\/wp\/v2\/types\/page"}],"author":[{"embeddable":true,"href":"https:\/\/www.secowarwick.com\/pl\/wp-json\/wp\/v2\/users\/2"}],"replies":[{"embeddable":true,"href":"https:\/\/www.secowarwick.com\/pl\/wp-json\/wp\/v2\/comments?post=176239"}],"version-history":[{"count":17,"href":"https:\/\/www.secowarwick.com\/pl\/wp-json\/wp\/v2\/pages\/176239\/revisions"}],"predecessor-version":[{"id":176534,"href":"https:\/\/www.secowarwick.com\/pl\/wp-json\/wp\/v2\/pages\/176239\/revisions\/176534"}],"wp:featuredmedia":[{"embeddable":true,"href":"https:\/\/www.secowarwick.com\/pl\/wp-json\/wp\/v2\/media\/176275"}],"wp:attachment":[{"href":"https:\/\/www.secowarwick.com\/pl\/wp-json\/wp\/v2\/media?parent=176239"}],"curies":[{"name":"wp","href":"https:\/\/api.w.org\/{rel}","templated":true}]}}