{"id":177547,"date":"2025-05-20T13:19:27","date_gmt":"2025-05-20T11:19:27","guid":{"rendered":"https:\/\/www.secowarwick.com\/piec-przemyslowy-z-drugiej-reki\/electric-chamber-furnace\/"},"modified":"2025-05-20T13:52:41","modified_gmt":"2025-05-20T11:52:41","slug":"piec-elektryczny-komorowy","status":"publish","type":"page","link":"https:\/\/www.secowarwick.com\/pl\/piec-przemyslowy-z-drugiej-reki\/piec-elektryczny-komorowy\/","title":{"rendered":"Piec Elektryczny Komorowy"},"content":{"rendered":"<p>[et_pb_section fb_built=&#8221;1&#8243; admin_label=&#8221;section&#8221; _builder_version=&#8221;4.16&#8243; custom_padding=&#8221;0px|||&#8221; transparent_background=&#8221;off&#8221; make_fullwidth=&#8221;off&#8221; use_custom_width=&#8221;off&#8221; width_unit=&#8221;on&#8221; global_colors_info=&#8221;{}&#8221;][et_pb_row _builder_version=&#8221;4.16&#8243; _module_preset=&#8221;default&#8221; global_colors_info=&#8221;{}&#8221;][et_pb_column type=&#8221;4_4&#8243; _builder_version=&#8221;4.16&#8243; _module_preset=&#8221;default&#8221; global_colors_info=&#8221;{}&#8221;][et_pb_breadcrumbs _builder_version=&#8221;4.10.3&#8243; _module_preset=&#8221;default&#8221; global_colors_info=&#8221;{}&#8221;][\/et_pb_breadcrumbs][\/et_pb_column][\/et_pb_row][et_pb_row admin_label=&#8221;row&#8221; _builder_version=&#8221;4.16&#8243; background_size=&#8221;initial&#8221; background_position=&#8221;top_left&#8221; background_repeat=&#8221;repeat&#8221; custom_padding=&#8221;0px|||&#8221; make_fullwidth=&#8221;off&#8221; use_custom_width=&#8221;off&#8221; width_unit=&#8221;on&#8221; global_colors_info=&#8221;{}&#8221;][et_pb_column type=&#8221;4_4&#8243; _builder_version=&#8221;4.16&#8243; custom_padding=&#8221;|||&#8221; global_colors_info=&#8221;{}&#8221; custom_padding__hover=&#8221;|||&#8221;][et_pb_divider show_divider=&#8221;off&#8221; _builder_version=&#8221;4.16&#8243; _module_preset=&#8221;default&#8221; global_colors_info=&#8221;{}&#8221;][\/et_pb_divider][et_pb_text module_class=&#8221;red-square-list-parent&#8221; _builder_version=&#8221;4.23.1&#8243; background_size=&#8221;initial&#8221; background_position=&#8221;top_left&#8221; background_repeat=&#8221;repeat&#8221; use_border_color=&#8221;off&#8221; global_colors_info=&#8221;{}&#8221;]<\/p>\n<h1>Piec Elektryczny Komorowy<\/h1>\n<p>&nbsp;<\/p>\n<h3><strong>Informacje og\u00f3lne:<\/strong><\/h3>\n<p><strong><span style=\"color: #dc291e;\">\/<\/span><\/strong>\u00a0Piec komorowy elektryczny z&nbsp;wysuwnym trzonem i&nbsp;termoobiegiem<br \/><strong><span style=\"color: #dc291e;\">\/<\/span><\/strong>\u00a0Producent Kepka Group Produkcja Piec\u00f3w<br \/><strong><span style=\"color: #dc291e;\">\/<\/span><\/strong>\u00a0Rok produkcji 2019<br \/><strong><span style=\"color: #dc291e;\">\/<\/span><\/strong>\u00a0Lokalizacja \u2013 Polska \u015arodkowa<br \/><strong><span style=\"color: #dc291e;\">\/<\/span><\/strong>\u00a0Piec dzia\u0142aj\u0105cy \u2013 mo\u017cliwo\u015b\u0107 testowania na&nbsp;miejscu<br \/><strong><span style=\"color: #dc291e;\">\/<\/span><\/strong>\u00a0Oferujemy ocen\u0119 techniczn\u0105, relokacj\u0119 oraz&nbsp;monta\u017c urz\u0105dzenia w&nbsp;miejscu docelowym na&nbsp;trenie E.U.<\/p>\n<h3><strong>Przeznaczenie:<\/strong><\/h3>\n<p><strong><span style=\"color: #dc291e;\">\/<\/span><\/strong>\u00a0Piec komorowy z&nbsp;termoobiegiem jest piecem elektrycznym, oporowym, przeznaczonym do&nbsp;prowadzenia proces\u00f3w obr\u00f3bki cieplnej metali w&nbsp;temperaturze maksymalnej do&nbsp;700 [C] w&nbsp;atmosferze utleniaj\u0105cej.<\/p>\n<p>[\/et_pb_text][\/et_pb_column][\/et_pb_row][\/et_pb_section][et_pb_section fb_built=&#8221;1&#8243; admin_label=&#8221;section&#8221; _builder_version=&#8221;4.19.2&#8243; background_color=&#8221;#f8f8f8&#8243; custom_margin=&#8221;-20px||||false|false&#8221; custom_padding=&#8221;0px||||false|false&#8221; transparent_background=&#8221;off&#8221; make_fullwidth=&#8221;off&#8221; use_custom_width=&#8221;off&#8221; width_unit=&#8221;on&#8221; global_colors_info=&#8221;{}&#8221;][et_pb_row column_structure=&#8221;1_2,1_2&#8243; admin_label=&#8221;row&#8221; _builder_version=&#8221;4.19.2&#8243; background_size=&#8221;initial&#8221; background_position=&#8221;top_left&#8221; background_repeat=&#8221;repeat&#8221; custom_margin=&#8221;-20px||||false|false&#8221; global_colors_info=&#8221;{}&#8221;][et_pb_column type=&#8221;1_2&#8243; _builder_version=&#8221;4.16&#8243; custom_padding=&#8221;|||&#8221; global_colors_info=&#8221;{}&#8221; custom_padding__hover=&#8221;|||&#8221;][et_pb_gallery gallery_ids=&#8221;177512,177519,177526,177533,177540&#8243; posts_number=&#8221;1&#8243; show_title_and_caption=&#8221;off&#8221; show_pagination=&#8221;off&#8221; zoom_icon_color=&#8221;#FFFFFF&#8221; module_class=&#8221;seco-products-gallery-new2025&#8243; _builder_version=&#8221;4.23.1&#8243; title_text_color=&#8221;#FFFFFF&#8221; pagination_text_color=&#8221;#FFFFFF&#8221; background_layout=&#8221;dark&#8221; custom_margin=&#8221;||||false|false&#8221; custom_css_before=&#8221; color: #fff !important;&#8221; custom_css_free_form=&#8221;.et_overlay:before {||    content: 'GALERIA&#8217; !important;||}&#8221; locked=&#8221;off&#8221; global_colors_info=&#8221;{}&#8221; custom_css_before_last_edited=&#8221;off|desktop&#8221;][\/et_pb_gallery][et_pb_image src=&#8221;https:\/\/www.secowarwick.com\/wp-content\/uploads\/2025\/05\/Electric-Chamber-Furnace.jpg&#8221; alt=&#8221;Piec Elektryczny Komorowy&#8221; title_text=&#8221;Electric ChaPiec Elektryczny Komorowymber Furnace&#8221; align_tablet=&#8221;center&#8221; align_phone=&#8221;&#8221; align_last_edited=&#8221;on|desktop&#8221; _builder_version=&#8221;4.23.1&#8243; global_colors_info=&#8221;{}&#8221;][\/et_pb_image][\/et_pb_column][et_pb_column type=&#8221;1_2&#8243; _builder_version=&#8221;4.16&#8243; custom_padding=&#8221;|||&#8221; global_colors_info=&#8221;{}&#8221; custom_padding__hover=&#8221;|||&#8221;][et_pb_text admin_label=&#8221;apostrof&#8221; module_class=&#8221;przecinek-tlo-nizej&#8221; _builder_version=&#8221;4.23.1&#8243; custom_margin=&#8221;||||false|false&#8221; custom_margin_tablet=&#8221;&#8221; custom_margin_phone=&#8221;&#8221; custom_margin_last_edited=&#8221;on|desktop&#8221; saved_tabs=&#8221;all&#8221; global_colors_info=&#8221;{}&#8221;]<\/p>\n<h2>Dane techniczne<\/h2>\n<p>[\/et_pb_text][et_pb_text _builder_version=&#8221;4.23.1&#8243; _module_preset=&#8221;default&#8221; hover_enabled=&#8221;0&#8243; global_colors_info=&#8221;{}&#8221; sticky_enabled=&#8221;0&#8243;]<\/p>\n<table style=\"border-collapse: collapse; width: 100%;\">\n<tbody>\n<tr>\n<td>Napi\u0119cie znamionowe<\/td>\n<td>230\/400 AC\u00a0[V]<\/td>\n<\/tr>\n<tr>\n<td>Moc znamionowa<\/td>\n<td>60 [kW]<\/td>\n<\/tr>\n<tr>\n<td>Pojemno\u015b\u0107 komory grzewczej<\/td>\n<td>780 [dm3]<\/td>\n<\/tr>\n<tr>\n<td>Temperatura znamionowa<\/td>\n<td>700\u00b0C<\/td>\n<\/tr>\n<tr>\n<td>Dopuszczalne obci\u0105\u017cenie trzonu<\/td>\n<td>800 [kg]<\/td>\n<\/tr>\n<tr>\n<td>Odchy\u0142ka od\u00a0temperatury znamionowej<\/td>\n<td>\u00b110\u00b0C<\/td>\n<\/tr>\n<tr>\n<td><strong>Wymiary komory grzewczej:<\/strong><\/td>\n<td>\u00a0<\/td>\n<\/tr>\n<tr>\n<td>&#8211; Szeroko\u015b\u0107<\/td>\n<td>800 [mm]<\/td>\n<\/tr>\n<tr>\n<td>&#8211; G\u0142\u0119boko\u015b\u0107<\/td>\n<td>1300 [mm]<\/td>\n<\/tr>\n<tr>\n<td width=\"255\">&#8211; Wysoko\u015b\u0107<\/td>\n<td>750 [mm]<\/td>\n<\/tr>\n<tr>\n<td>Ilo\u015b\u0107 stref grzewczych<\/td>\n<td>2 (SSR)<\/td>\n<\/tr>\n<tr>\n<td>Termopary<\/td>\n<td>2 x\u00a0Guenther \u2013 Type K\u00a0280mm<\/td>\n<\/tr>\n<tr>\n<td>Panel PLC<\/td>\n<td>Siemens \u2013 KTP 400 COMFORT<\/td>\n<\/tr>\n<\/tbody>\n<\/table>\n<p>[\/et_pb_text][\/et_pb_column][\/et_pb_row][\/et_pb_section]<\/p>\n","protected":false},"excerpt":{"rendered":"<p>[et_pb_breadcrumbs _builder_version=&#8221;4.10.3&#8243; _module_preset=&#8221;default&#8221; global_colors_info=&#8221;{}&#8221;][\/et_pb_breadcrumbs]Piec Elektryczny Komorowy &nbsp; Informacje og\u00f3lne: \/\u00a0Piec komorowy elektryczny z&nbsp;wysuwnym trzonem i&nbsp;termoobiegiem\/\u00a0Producent Kepka Group Produkcja Piec\u00f3w\/\u00a0Rok produkcji 2019\/\u00a0Lokalizacja \u2013 Polska \u015arodkowa\/\u00a0Piec dzia\u0142aj\u0105cy \u2013 mo\u017cliwo\u015b\u0107 testowania na&nbsp;miejscu\/\u00a0Oferujemy ocen\u0119 techniczn\u0105, relokacj\u0119 oraz&nbsp;monta\u017c urz\u0105dzenia w&nbsp;miejscu docelowym na&nbsp;trenie E.U. Przeznaczenie: \/\u00a0Piec komorowy z&nbsp;termoobiegiem jest piecem elektrycznym, oporowym, przeznaczonym do&nbsp;prowadzenia proces\u00f3w obr\u00f3bki cieplnej metali w&nbsp;temperaturze maksymalnej do&nbsp;700 [&hellip;]<\/p>\n","protected":false},"author":2,"featured_media":177504,"parent":138631,"menu_order":0,"comment_status":"closed","ping_status":"closed","template":"","meta":{"_acf_changed":false,"_et_pb_use_builder":"on","_et_pb_old_content":"","_et_gb_content_width":"","footnotes":""},"class_list":["post-177547","page","type-page","status-publish","has-post-thumbnail"],"acf":[],"_links":{"self":[{"href":"https:\/\/www.secowarwick.com\/pl\/wp-json\/wp\/v2\/pages\/177547","targetHints":{"allow":["GET"]}}],"collection":[{"href":"https:\/\/www.secowarwick.com\/pl\/wp-json\/wp\/v2\/pages"}],"about":[{"href":"https:\/\/www.secowarwick.com\/pl\/wp-json\/wp\/v2\/types\/page"}],"author":[{"embeddable":true,"href":"https:\/\/www.secowarwick.com\/pl\/wp-json\/wp\/v2\/users\/2"}],"replies":[{"embeddable":true,"href":"https:\/\/www.secowarwick.com\/pl\/wp-json\/wp\/v2\/comments?post=177547"}],"version-history":[{"count":6,"href":"https:\/\/www.secowarwick.com\/pl\/wp-json\/wp\/v2\/pages\/177547\/revisions"}],"predecessor-version":[{"id":177567,"href":"https:\/\/www.secowarwick.com\/pl\/wp-json\/wp\/v2\/pages\/177547\/revisions\/177567"}],"up":[{"embeddable":true,"href":"https:\/\/www.secowarwick.com\/pl\/wp-json\/wp\/v2\/pages\/138631"}],"wp:featuredmedia":[{"embeddable":true,"href":"https:\/\/www.secowarwick.com\/pl\/wp-json\/wp\/v2\/media\/177504"}],"wp:attachment":[{"href":"https:\/\/www.secowarwick.com\/pl\/wp-json\/wp\/v2\/media?parent=177547"}],"curies":[{"name":"wp","href":"https:\/\/api.w.org\/{rel}","templated":true}]}}