{"id":178352,"date":"2025-06-03T09:36:47","date_gmt":"2025-06-03T07:36:47","guid":{"rendered":"https:\/\/www.secowarwick.com\/?page_id=178352"},"modified":"2025-10-09T07:30:16","modified_gmt":"2025-10-09T05:30:16","slug":"produkcja-chlodu","status":"publish","type":"page","link":"https:\/\/www.secowarwick.com\/pl\/profesjonalne-uslugi-serwisowe\/produkcja-chlodu\/","title":{"rendered":"Produkcja ch\u0142odu"},"content":{"rendered":"<p>[et_pb_section fb_built=&#8221;1&#8243; module_class=&#8221;skos-slider-bottom innowacje-top serwis-naglowek-2025&#8243; _builder_version=&#8221;4.23.1&#8243; background_enable_image=&#8221;off&#8221; custom_padding=&#8221;0px||0px|&#8221; locked=&#8221;off&#8221; global_colors_info=&#8221;{}&#8221;][et_pb_row _builder_version=&#8221;4.23.1&#8243; custom_padding=&#8221;0px||0px|&#8221; global_colors_info=&#8221;{}&#8221;][et_pb_column type=&#8221;4_4&#8243; _builder_version=&#8221;4.16&#8243; custom_padding=&#8221;|||&#8221; global_colors_info=&#8221;{}&#8221; custom_padding__hover=&#8221;|||&#8221;][et_pb_text module_class=&#8221;naglowek-innowacje&#8221; _builder_version=&#8221;4.23.1&#8243; header_2_text_color=&#8221;#ffffff&#8221; header_2_font_size=&#8221;35px&#8221; custom_margin=&#8221;||||false|false&#8221; custom_padding_tablet=&#8221;||100px|&#8221; custom_padding_last_edited=&#8221;off|desktop&#8221; global_colors_info=&#8221;{}&#8221;]<\/p>\n<h2><span style=\"color: #000000;\"><span style=\"color: #dc291e;\">\/<\/span>PRODUKCJA CH\u0141ODU<\/span><\/h2>\n<p>[\/et_pb_text][\/et_pb_column][\/et_pb_row][\/et_pb_section][et_pb_section fb_built=&#8221;1&#8243; admin_label=&#8221;section&#8221; _builder_version=&#8221;4.16&#8243; background_color=&#8221;#ffffff&#8221; custom_margin=&#8221;0px|||&#8221; custom_padding=&#8221;0px|||&#8221; transparent_background=&#8221;off&#8221; global_colors_info=&#8221;{}&#8221;][et_pb_row column_structure=&#8221;2_3,1_3&#8243; use_custom_gutter=&#8221;on&#8221; gutter_width=&#8221;2&#8243; admin_label=&#8221;row&#8221; _builder_version=&#8221;4.23.1&#8243; background_size=&#8221;initial&#8221; background_position=&#8221;top_left&#8221; background_repeat=&#8221;repeat&#8221; global_colors_info=&#8221;{}&#8221;][et_pb_column type=&#8221;2_3&#8243; _builder_version=&#8221;4.23.1&#8243; custom_padding=&#8221;|30px|||false|false&#8221; custom_padding_tablet=&#8221;|0px|||false|false&#8221; custom_padding_phone=&#8221;|0px|||false|false&#8221; custom_padding_last_edited=&#8221;on|desktop&#8221; global_colors_info=&#8221;{}&#8221; custom_padding__hover=&#8221;|||&#8221;][et_pb_breadcrumbs _builder_version=&#8221;4.23.1&#8243; global_colors_info=&#8221;{}&#8221;][\/et_pb_breadcrumbs][et_pb_text module_class=&#8221;ed-square-list-parent&#8221; _builder_version=&#8221;4.23.1&#8243; background_size=&#8221;initial&#8221; background_position=&#8221;top_left&#8221; background_repeat=&#8221;repeat&#8221; text_orientation=&#8221;justified&#8221; use_border_color=&#8221;off&#8221; border_color=&#8221;#ffffff&#8221; border_style=&#8221;solid&#8221; global_colors_info=&#8221;{}&#8221;]<\/p>\n<h1>PRODUKCJA CH\u0141ODU<\/h1>\n<p>[\/et_pb_text][\/et_pb_column][et_pb_column type=&#8221;1_3&#8243; _builder_version=&#8221;4.16&#8243; custom_padding=&#8221;|||&#8221; global_colors_info=&#8221;{}&#8221; custom_padding__hover=&#8221;|||&#8221;][\/et_pb_column][\/et_pb_row][et_pb_row column_structure=&#8221;3_4,1_4&#8243; use_custom_gutter=&#8221;on&#8221; admin_label=&#8221;row&#8221; _builder_version=&#8221;4.23.1&#8243; background_size=&#8221;initial&#8221; background_position=&#8221;top_left&#8221; background_repeat=&#8221;repeat&#8221; custom_padding=&#8221;0px||||false|false&#8221; global_colors_info=&#8221;{}&#8221;][et_pb_column type=&#8221;3_4&#8243; _builder_version=&#8221;4.23.1&#8243; custom_padding=&#8221;|30px|||false|false&#8221; custom_padding_tablet=&#8221;|0px|||false|false&#8221; custom_padding_phone=&#8221;|0px|||false|false&#8221; custom_padding_last_edited=&#8221;on|desktop&#8221; global_colors_info=&#8221;{}&#8221; custom_padding__hover=&#8221;|||&#8221;][et_pb_text _builder_version=&#8221;4.23.1&#8243; _module_preset=&#8221;default&#8221; text_orientation=&#8221;justified&#8221; global_colors_info=&#8221;{}&#8221;]<\/p>\n<p>Klienci szukaj\u0105 rozwi\u0105za\u0144 pozwalaj\u0105cych\u00a0oszcz\u0119dzi\u0107 media, tj.\u00a0gazu ziemnego, gaz\u00f3w procesowych (tlen, argon, azot) czy\u00a0ch\u0142odu niezb\u0119dnego do\u00a0zapewnienia w\u0142a\u015bciwej temperatury procesu technologicznego.<\/p>\n<p>Proces ten <strong>polega na\u00a0odzysku ch\u0142odu z\u00a0przemiany fazowej gaz\u00f3w skroplonych<\/strong>. Dzi\u0119ki wykorzystaniu specjalnego wymiennika mo\u017cliwe jest pozyskiwanie ch\u0142odu z&nbsp;procesu regazyfikacji skroplonych gaz\u00f3w (LNG, azot, tlen, argon, etc.) oraz&nbsp;wykorzystanie go&nbsp;przez&nbsp;odbiorc\u0119 do&nbsp;cel\u00f3w technologicznych. To&nbsp;nie&nbsp;tylko&nbsp;<strong>pomaga obni\u017cy\u0107 koszty energii,<\/strong>\u00a0ale\u00a0tak\u017ce przynosi korzy\u015bci dla \u015brodowiska,<strong> redukuj\u0105c np.\u00a0emisj\u0119 CO\u2082<\/strong>.<\/p>\n<p>Ch\u0142\u00f3d odzyskany w&nbsp;procesie wymiany ciep\u0142a mo\u017ce zosta\u0107 ponownie wykorzystany w&nbsp;aplikacjach technologicznych lub u\u017cytkowych, takich jak klimatyzacja pomieszcze\u0144. Implementacja uk\u0142ad\u00f3w odzysku ch\u0142odu pozwala na&nbsp;istotne ograniczenie zapotrzebowania na&nbsp;energi\u0119 pierwotn\u0105, w&nbsp;szczeg\u00f3lno\u015bci energi\u0119 elektryczn\u0105, poprzez cz\u0119\u015bciowe pokrycie bilansu energetycznego z&nbsp;energii wt\u00f3rnej. W&nbsp;por\u00f3wnaniu do&nbsp;system\u00f3w pozbawionych mechanizm\u00f3w odzysku, rozwi\u0105zania te&nbsp;charakteryzuj\u0105 si\u0119 wy\u017csz\u0105 efektywno\u015bci\u0105 energetyczn\u0105 oraz&nbsp;ni\u017cszymi kosztami operacyjnymi.<\/p>\n<p>[\/et_pb_text][et_pb_image src=&#8221;https:\/\/www.secowarwick.com\/wp-content\/uploads\/2025\/09\/produkcja-chlodu.jpg&#8221; alt=&#8221;Produkcja ch\u0142odu&#8221; _builder_version=&#8221;4.23.1&#8243; _module_preset=&#8221;default&#8221; global_colors_info=&#8221;{}&#8221;][\/et_pb_image][\/et_pb_column][et_pb_column type=&#8221;1_4&#8243; _builder_version=&#8221;4.16&#8243; custom_padding=&#8221;|||&#8221; global_colors_info=&#8221;{}&#8221; custom_padding__hover=&#8221;|||&#8221;][et_pb_text admin_label=&#8221;btn_pl_premiumlibrary&#8221; module_class=&#8221;premium-library-button&#8221; _builder_version=&#8221;4.23.1&#8243; _module_preset=&#8221;default&#8221; text_orientation=&#8221;center&#8221; global_module=&#8221;157169&#8243; saved_tabs=&#8221;all&#8221; locked=&#8221;off&#8221; global_colors_info=&#8221;{}&#8221;]<\/p>\n<a href='https:\/\/www.secowarwick.com\/pl\/trescipremium\/' class='small-button smallred'><span>TRE\u015aCI PREMIUM<\/span><\/a>\n<p>[\/et_pb_text][et_pb_text admin_label=&#8221;R&#038;D PL&#8221; module_class=&#8221;product_widget_wrap_rd&#8221; _builder_version=&#8221;4.23.1&#8243; _module_preset=&#8221;default&#8221; text_orientation=&#8221;center&#8221; global_module=&#8221;165497&#8243; saved_tabs=&#8221;all&#8221; locked=&#8221;off&#8221; global_colors_info=&#8221;{}&#8221;]<\/p>\n<p><a href=\"https:\/\/www.secowarwick.com\/pl\/rd\/\"><span class=\"product_wigtet_name\">R&amp;D<\/span><\/a><\/p>\n<p>[\/et_pb_text][et_pb_text admin_label=&#8221;AUTOMATYKA PL&#8221; module_class=&#8221;product_widget_wrap_automation&#8221; _builder_version=&#8221;4.23.1&#8243; _module_preset=&#8221;default&#8221; global_module=&#8221;165495&#8243; saved_tabs=&#8221;all&#8221; locked=&#8221;off&#8221; global_colors_info=&#8221;{}&#8221;]<\/p>\n<p><a href=\"https:\/\/www.secowarwick.com\/pl\/service\/automatyka\/\"><span class=\"product_wigtet_name\">AUTOMATYKA<\/span><\/a><\/p>\n<p>[\/et_pb_text][et_pb_text admin_label=&#8221;PRODUKTY pl&#8221; module_class=&#8221;product_widget_wrap_products&#8221; _builder_version=&#8221;4.23.1&#8243; _module_preset=&#8221;default&#8221; global_module=&#8221;178154&#8243; saved_tabs=&#8221;all&#8221; locked=&#8221;off&#8221; global_colors_info=&#8221;{}&#8221;]<\/p>\n<p><a href=\"https:\/\/www.secowarwick.com\/pl\/produkty\/\" target=\"_blank\" rel=\"noopener\"><span class=\"product_wigtet_name\">PRODUKTY<\/span><\/a><\/p>\n<p>[\/et_pb_text][et_pb_text admin_label=&#8221;SUPLEMENTALS PL&#8221; module_class=&#8221;product_widget_wrap_supleme&#8221; _builder_version=&#8221;4.23.1&#8243; _module_preset=&#8221;default&#8221; global_module=&#8221;165502&#8243; saved_tabs=&#8221;all&#8221; locked=&#8221;off&#8221; global_colors_info=&#8221;{}&#8221;]<\/p>\n<p><span class=\"product_wigtet_name\">DODATKOWE:<\/span><\/p>\n<p>[\/et_pb_text][et_pb_text admin_label=&#8221;Product brochure&#8221; module_class=&#8221;suplementals_product_brochure suplementals_wrap&#8221; _builder_version=&#8221;4.23.1&#8243; _module_preset=&#8221;default&#8221; locked=&#8221;off&#8221; global_colors_info=&#8221;{}&#8221;]<\/p>\n<p><a href=\"https:\/\/www.secowarwick.com\/wp-content\/uploads\/2025\/09\/Profesjonalne_uslugi_serwisowe.pdf\" target=\"_blank\" rel=\"noopener\">Broszura produktu<\/a><\/p>\n<p>[\/et_pb_text][et_pb_text admin_label=&#8221;dnabook-pl&#8221; module_class=&#8221;suplementals_product_dna suplementals_wrap&#8221; _builder_version=&#8221;4.23.1&#8243; _module_preset=&#8221;default&#8221; global_module=&#8221;165509&#8243; saved_tabs=&#8221;all&#8221; locked=&#8221;off&#8221; global_colors_info=&#8221;{}&#8221;]<\/p>\n<p><a href=\"https:\/\/www.secowarwick.com\/wp-content\/uploads\/2025\/07\/DNA_BOOK.pdf\" target=\"_blank\" rel=\"noopener\">DNA\/BOOK<\/a><\/p>\n<p>[\/et_pb_text][et_pb_text admin_label=&#8221;ECO\/BOOK-pl&#8221; module_class=&#8221;suplementals_product_eco suplementals_wrap&#8221; _builder_version=&#8221;4.23.1&#8243; _module_preset=&#8221;default&#8221; global_module=&#8221;165511&#8243; saved_tabs=&#8221;all&#8221; locked=&#8221;off&#8221; global_colors_info=&#8221;{}&#8221;]<\/p>\n<p><a href=\"https:\/\/www.secowarwick.com\/wp-content\/uploads\/2023\/06\/ECOBOOK-2-1.pdf\" target=\"_blank\" rel=\"noopener\">ECO\/BOOK<\/a><\/p>\n<p>[\/et_pb_text][\/et_pb_column][\/et_pb_row][et_pb_row _builder_version=&#8221;4.23.1&#8243; _module_preset=&#8221;default&#8221; global_colors_info=&#8221;{}&#8221;][et_pb_column type=&#8221;4_4&#8243; _builder_version=&#8221;4.23.1&#8243; _module_preset=&#8221;default&#8221; global_colors_info=&#8221;{}&#8221;][et_pb_image alt=&#8221;ODZYSK Z\u00a0INSTALCJI LNG&#8221; _builder_version=&#8221;4.23.1&#8243; _module_preset=&#8221;default&#8221; width=&#8221;800px&#8221; module_alignment=&#8221;center&#8221; global_colors_info=&#8221;{}&#8221;][\/et_pb_image][\/et_pb_column][\/et_pb_row][\/et_pb_section][et_pb_section fb_built=&#8221;1&#8243; _builder_version=&#8221;4.23.1&#8243; _module_preset=&#8221;default&#8221; background_color=&#8221;#f8f8f8&#8243; global_colors_info=&#8221;{}&#8221;][et_pb_row _builder_version=&#8221;4.23.1&#8243; _module_preset=&#8221;default&#8221; global_colors_info=&#8221;{}&#8221;][et_pb_column type=&#8221;4_4&#8243; _builder_version=&#8221;4.23.1&#8243; _module_preset=&#8221;default&#8221; global_colors_info=&#8221;{}&#8221;][et_pb_text module_class=&#8221;red-hash-list-parent&#8221; _builder_version=&#8221;4.23.1&#8243; ul_text_align=&#8221;justify&#8221; header_2_font_size=&#8221;35px&#8221; background_size=&#8221;initial&#8221; background_position=&#8221;top_left&#8221; background_repeat=&#8221;repeat&#8221; use_border_color=&#8221;off&#8221; global_colors_info=&#8221;{}&#8221;]<\/p>\n<h2><strong><span style=\"color: #dc291e;\">\/<\/span><\/strong>CEL ODZYSKU CH\u0141ODU<\/h2>\n<ul>\n<li>Zwi\u0119kszenie efektywno\u015bci energetycznej ca\u0142ego procesu produkcyjnego zak\u0142adu lub hartowni,<\/li>\n<li>Zastosowanie systemu odzysku ch\u0142odu umo\u017cliwia ponowne wykorzystanie energii ch\u0142odniczej, kt\u00f3ra\u00a0w\u00a0tradycyjnych instalacjach stosowanych na\u00a0stacjach magazynowania i\u00a0regazyfikacji skroplonych gaz\u00f3w \u2013 takich jak parownice atmosferyczne ciecz\/powietrze \u2013 zazwyczaj bezpowrotnie ulatnia si\u0119 do\u00a0otoczenia,<\/li>\n<li>Odzyskany ch\u0142\u00f3d mo\u017ce zosta\u0107 efektywnie wykorzystany w&nbsp;r\u00f3\u017cnych procesach technologicznych lub do&nbsp;zapewnienia komfortu cieplnego w&nbsp;pomieszczeniach u\u017cytkowych. Dzi\u0119ki temu mo\u017cliwe jest znaczne ograniczenie zu\u017cycia energii zewn\u0119trznej, na&nbsp;przyk\u0142ad elektrycznej, co&nbsp;przek\u0142ada si\u0119 na&nbsp;obni\u017cenie ca\u0142kowitych koszt\u00f3w energetycznych zwi\u0105zanych z&nbsp;realizacj\u0105 danego procesu.<\/li>\n<\/ul>\n<p>[\/et_pb_text][\/et_pb_column][\/et_pb_row][\/et_pb_section][et_pb_section fb_built=&#8221;1&#8243; _builder_version=&#8221;4.23.1&#8243; _module_preset=&#8221;default&#8221; global_colors_info=&#8221;{}&#8221;][et_pb_row column_structure=&#8221;1_2,1_2&#8243; _builder_version=&#8221;4.23.1&#8243; _module_preset=&#8221;default&#8221; global_colors_info=&#8221;{}&#8221;][et_pb_column type=&#8221;1_2&#8243; _builder_version=&#8221;4.23.1&#8243; _module_preset=&#8221;default&#8221; global_colors_info=&#8221;{}&#8221;][et_pb_text module_class=&#8221;red-hash-list-parent&#8221; _builder_version=&#8221;4.23.1&#8243; ul_text_align=&#8221;justify&#8221; header_2_font_size=&#8221;35px&#8221; background_size=&#8221;initial&#8221; background_position=&#8221;top_left&#8221; background_repeat=&#8221;repeat&#8221; use_border_color=&#8221;off&#8221; global_colors_info=&#8221;{}&#8221;]<\/p>\n<h2><strong><span style=\"color: #dc291e;\">\/<\/span><\/strong>ZASTOSOWANIE ODZYSKANEJ ENERGII CH\u0141ODU<\/h2>\n<ul>\n<li>Odpowiednia temperatura przechowywania produkt\u00f3w,<\/li>\n<li>Obni\u017cenie temperatury produktu po\u00a0przeprowadzeniu obr\u00f3bki cieplnej,<\/li>\n<li>Ch\u0142odzenie urz\u0105dze\u0144 i\u00a0maszyn pracuj\u0105cych w\u00a0warunkach wysokiej temperatury,<\/li>\n<li>Ch\u0142odzenie pomieszcze\u0144,<\/li>\n<li>W\u0142a\u015bciwa temperatura medium ch\u0142odniczego w\u00a0instalacji.<\/li>\n<\/ul>\n<p>[\/et_pb_text][\/et_pb_column][et_pb_column type=&#8221;1_2&#8243; _builder_version=&#8221;4.23.1&#8243; _module_preset=&#8221;default&#8221; global_colors_info=&#8221;{}&#8221;][et_pb_text module_class=&#8221;red-hash-list-parent&#8221; _builder_version=&#8221;4.23.1&#8243; ul_text_align=&#8221;justify&#8221; header_2_font_size=&#8221;35px&#8221; background_size=&#8221;initial&#8221; background_position=&#8221;top_left&#8221; background_repeat=&#8221;repeat&#8221; use_border_color=&#8221;off&#8221; global_colors_info=&#8221;{}&#8221;]<\/p>\n<h2><strong><span style=\"color: #dc291e;\">\/<\/span><\/strong>KORZY\u015aCI ODZYSKU CH\u0141ODU<\/h2>\n<ul>\n<li>Poprawa efektywno\u015bci energetycznej procesu produkcyjnego,<\/li>\n<li>Obni\u017cenie koszt\u00f3w energii dzi\u0119ki wykorzystaniu energii wt\u00f3rnej,<\/li>\n<li>Wsparcie instalacji ch\u0142odniczych,<\/li>\n<li>Redukcja emisji CO<sub>2<\/sub> poprzez zmniejszenie poboru energii elektrycznej.<\/li>\n<\/ul>\n<p>[\/et_pb_text][\/et_pb_column][\/et_pb_row][\/et_pb_section][et_pb_section fb_built=&#8221;1&#8243; _builder_version=&#8221;4.23.1&#8243; _module_preset=&#8221;default&#8221; background_color=&#8221;#f8f8f8&#8243; global_colors_info=&#8221;{}&#8221;][et_pb_row column_structure=&#8221;1_2,1_2&#8243; make_equal=&#8221;on&#8221; admin_label=&#8221;row&#8221; _builder_version=&#8221;4.23.1&#8243; background_size=&#8221;initial&#8221; background_position=&#8221;top_left&#8221; background_repeat=&#8221;repeat&#8221; global_colors_info=&#8221;{}&#8221;][et_pb_column type=&#8221;1_2&#8243; _builder_version=&#8221;4.16&#8243; custom_padding=&#8221;|||&#8221; global_colors_info=&#8221;{}&#8221; custom_padding__hover=&#8221;|||&#8221;][et_pb_image src=&#8221;https:\/\/www.secowarwick.com\/wp-content\/uploads\/2025\/06\/odzysk-chlodu.jpg&#8221; alt=&#8221;ODZYSK CH\u0141ODU&#8221; title_text=&#8221;Odzysk ch\u0142odu&#8221; align_tablet=&#8221;center&#8221; align_phone=&#8221;center&#8221; align_last_edited=&#8221;on|desktop&#8221; _builder_version=&#8221;4.23.1&#8243; animation_style=&#8221;slide&#8221; animation_direction=&#8221;left&#8221; animation_duration=&#8221;500ms&#8221; animation_intensity_slide=&#8221;10%&#8221; use_border_color=&#8221;off&#8221; global_colors_info=&#8221;{}&#8221;][\/et_pb_image][\/et_pb_column][et_pb_column type=&#8221;1_2&#8243; module_class=&#8221;kolumna-wysrodkowana&#8221; _builder_version=&#8221;4.23.1&#8243; custom_padding=&#8221;|||&#8221; global_colors_info=&#8221;{}&#8221; custom_padding__hover=&#8221;|||&#8221;][et_pb_text admin_label=&#8221;ETAPY PROCESU&#8221; module_class=&#8221;ed-square-list-parent&#8221; _builder_version=&#8221;4.23.1&#8243; background_size=&#8221;initial&#8221; background_position=&#8221;top_left&#8221; background_repeat=&#8221;repeat&#8221; text_orientation=&#8221;justified&#8221; use_border_color=&#8221;off&#8221; border_color=&#8221;#ffffff&#8221; border_style=&#8221;solid&#8221; global_colors_info=&#8221;{}&#8221;]<\/p>\n<h2><strong><span style=\"color: #dc291e;\">\/<\/span><\/strong>ETAPY PROCESU<\/h2>\n<p>Proces wdra\u017cania instalacji odzysku ch\u0142odu przebiega analogicznie do\u00a0innych z\u0142o\u017conych przedsi\u0119wzi\u0119\u0107 in\u017cynieryjnych. Czas realizacji uzale\u017cniony jest od\u00a0skali projektowanej instalacji oraz\u00a0poziomu z\u0142o\u017cono\u015bci poszczeg\u00f3lnych komponent\u00f3w systemu. Dzi\u0119ki modu\u0142owej architekturze oraz\u00a0zastosowaniu sprawdzonych rozwi\u0105za\u0144 technologicznych, mo\u017cliwe jest szybkie uruchomienie uk\u0142adu przy jednoczesnym zachowaniu najwy\u017cszych standard\u00f3w jako\u015bci i\u00a0bezpiecze\u0144stwa eksploatacyjnego.<\/p>\n<p>[\/et_pb_text][\/et_pb_column][\/et_pb_row][et_pb_row module_class=&#8221;secoservice-faq-wiersz&#8221; _builder_version=&#8221;4.19.2&#8243; _module_preset=&#8221;default&#8221; locked=&#8221;off&#8221; global_colors_info=&#8221;{}&#8221;][et_pb_column type=&#8221;4_4&#8243; _builder_version=&#8221;4.19.2&#8243; _module_preset=&#8221;default&#8221; global_colors_info=&#8221;{}&#8221;][dipl_faq_page_schema closed_toggle_icon=&#8221;&#x4c;||divi||400&#8243; closed_icon_color=&#8221;#000000&#8243; closed_use_icon_font_size=&#8221;on&#8221; closed_icon_font_size=&#8221;24px&#8221; open_toggle_icon=&#8221;&#x4c;||divi||400&#8243; open_icon_color=&#8221;RGBA(255,255,255,0)&#8221; open_use_icon_font_size=&#8221;on&#8221; open_icon_font_size=&#8221;24px&#8221; closed_toggle_bg_color=&#8221;rgba(244,244,244,0)&#8221; open_toggle_bg_color=&#8221;rgba(255,255,255,0)&#8221; module_class=&#8221;secoservice-faq red-hash-list-parent faq-center-background&#8221; _builder_version=&#8221;4.23.1&#8243; _module_preset=&#8221;default&#8221; faq_heading_font=&#8221;TitilliumWeb Black|900|||||||&#8221; faq_question_closed_font=&#8221;TitilliumWeb Black||||||||&#8221; faq_question_closed_font_size=&#8221;26px&#8221; faq_answer_text_font=&#8221;Titillium Web||||||||&#8221; faq_answer_text_font_size=&#8221;24px&#8221; animation_style=&#8221;slide&#8221; animation_direction=&#8221;bottom&#8221; hover_enabled=&#8221;0&#8243; faq_question_closed_font_size_tablet=&#8221;26px&#8221; faq_question_closed_font_size_phone=&#8221;20px&#8221; faq_question_closed_font_size_last_edited=&#8221;on|phone&#8221; faq_answer_text_font_size_tablet=&#8221;24px&#8221; faq_answer_text_font_size_phone=&#8221;16px&#8221; faq_answer_text_font_size_last_edited=&#8221;on|phone&#8221; border_width_all=&#8221;0px&#8221; border_width_right=&#8221;0px&#8221; border_width_left=&#8221;0px&#8221; global_colors_info=&#8221;{}&#8221; sticky_enabled=&#8221;0&#8243;][dipl_faq_page_schema_item faq_question=&#8221;Na czym polega produkcja ch\u0142odu?&#8221; _builder_version=&#8221;4.23.1&#8243; _module_preset=&#8221;default&#8221; question_heading_level=&#8221;h1&#8243; question_heading_font=&#8221;|800|||||||&#8221; hover_enabled=&#8221;0&#8243; global_colors_info=&#8221;{}&#8221; sticky_enabled=&#8221;0&#8243;]<\/p>\n<p>Produkcja ch\u0142odu to proces technologiczny polegaj\u0105cy na generowaniu niskich temperatur z procesu regazyfikacji spr\u0119\u017conych gaz\u00f3w LNG. Gazy te u\u017cywane s\u0105 najcz\u0119\u015bciej do ch\u0142odzenia wsadu w procesie obr\u00f3bki cieplnej a tak\u017ce jako atmosfera ochronna.<\/p>\n<p>[\/dipl_faq_page_schema_item][dipl_faq_page_schema_item faq_question=&#8221;Jakie s\u0105 zastosowania odzyskanego ch\u0142odu?&#8221; _builder_version=&#8221;4.23.1&#8243; _module_preset=&#8221;default&#8221; question_heading_level=&#8221;h1&#8243; question_heading_font=&#8221;|800|||||||&#8221; hover_enabled=&#8221;0&#8243; global_colors_info=&#8221;{}&#8221; sticky_enabled=&#8221;0&#8243;]<\/p>\n<ul>\n<li>Odpowiednia temperatura przechowywania produkt\u00f3w,<\/li>\n<li>Obni\u017cenie temperatury produktu po\u00a0przeprowadzeniu obr\u00f3bki cieplnej,<\/li>\n<li>Ch\u0142odzenie urz\u0105dze\u0144 i\u00a0maszyn pracuj\u0105cych w\u00a0warunkach wysokiej temperatury,<\/li>\n<li>Ch\u0142odzenie pomieszcze\u0144,<\/li>\n<li>W\u0142a\u015bciwa temperatura medium ch\u0142odniczego w\u00a0instalacji.<\/li>\n<\/ul>\n<p>[\/dipl_faq_page_schema_item][dipl_faq_page_schema_item faq_question=&#8221;Jakie korzy\u015bci daje produkcja ch\u0142odu?&#8221; _builder_version=&#8221;4.23.1&#8243; _module_preset=&#8221;default&#8221; question_heading_level=&#8221;h1&#8243; question_heading_font=&#8221;|800|||||||&#8221; hover_enabled=&#8221;0&#8243; global_colors_info=&#8221;{}&#8221; sticky_enabled=&#8221;0&#8243;]<\/p>\n<ul>\n<li>Poprawa efektywno\u015bci energetycznej procesu produkcyjnego,<\/li>\n<li>Obni\u017cenie koszt\u00f3w energii dzi\u0119ki wykorzystaniu energii, kt\u00f3ra\u00a0w\u00a0warunkach normalnej pracy by\u0142aby bezpowrotnie tracona do\u00a0otoczenia,<\/li>\n<li>Wsparcie instalacji ch\u0142odniczych,<\/li>\n<li>Redukcja emisji CO<sub>2<\/sub>poprzez zmniejszenie poboru energii elektrycznej.<\/li>\n<\/ul>\n<p>[\/dipl_faq_page_schema_item][\/dipl_faq_page_schema][\/et_pb_column][\/et_pb_row][\/et_pb_section][et_pb_section fb_built=&#8221;1&#8243; module_class=&#8221;secoservice-sekcja-button-find&#8221; _builder_version=&#8221;4.19.2&#8243; _module_preset=&#8221;default&#8221; custom_padding=&#8221;0px||0px||false|false&#8221; global_module=&#8221;177836&#8243; saved_tabs=&#8221;all&#8221; locked=&#8221;off&#8221; global_colors_info=&#8221;{}&#8221;][et_pb_row _builder_version=&#8221;4.19.2&#8243; _module_preset=&#8221;default&#8221; custom_padding=&#8221;0px||0px||false|false&#8221; global_colors_info=&#8221;{}&#8221;][et_pb_column type=&#8221;4_4&#8243; _builder_version=&#8221;4.19.2&#8243; _module_preset=&#8221;default&#8221; global_colors_info=&#8221;{}&#8221;][et_pb_code admin_label=&#8221;znajdz swoj serwis button &#8221; module_class=&#8221;secoservice-znajdz-swoj-service&#8221; _builder_version=&#8221;4.23.1&#8243; _module_preset=&#8221;default&#8221; custom_css_free_form=&#8221;.seco-rfq-button {||  display: none !important;||}&#8221; global_colors_info=&#8221;{}&#8221;]<a href=\"https:\/\/www.secowarwick.com\/pl\/service\/\"><img decoding=\"async\" src=\"https:\/\/www.secowarwick.com\/wp-content\/uploads\/2023\/09\/secoservice-znajdz-swoj-serwis-1.svg\" alt=\"Znajd\u017a sw\u00f3j serwis\"><\/a>[\/et_pb_code][\/et_pb_column][\/et_pb_row][\/et_pb_section]<\/p>\n","protected":false},"excerpt":{"rendered":"<p>\/PRODUKCJA CH\u0141ODU[et_pb_breadcrumbs _builder_version=&#8221;4.23.1&#8243; global_colors_info=&#8221;{}&#8221;][\/et_pb_breadcrumbs]PRODUKCJA CH\u0141ODUKlienci szukaj\u0105 rozwi\u0105za\u0144 pozwalaj\u0105cych\u00a0oszcz\u0119dzi\u0107 media, tj.\u00a0gazu ziemnego, gaz\u00f3w procesowych (tlen, argon, azot) czy\u00a0ch\u0142odu niezb\u0119dnego do\u00a0zapewnienia w\u0142a\u015bciwej temperatury procesu technologicznego. Proces ten polega na\u00a0odzysku ch\u0142odu z\u00a0przemiany fazowej gaz\u00f3w skroplonych. Dzi\u0119ki wykorzystaniu specjalnego wymiennika mo\u017cliwe jest pozyskiwanie ch\u0142odu z&nbsp;procesu regazyfikacji skroplonych gaz\u00f3w (LNG, azot, tlen, argon, etc.) oraz&nbsp;wykorzystanie go&nbsp;przez&nbsp;odbiorc\u0119 do&nbsp;cel\u00f3w technologicznych. To&nbsp;nie&nbsp;tylko&nbsp;pomaga obni\u017cy\u0107 [&hellip;]<\/p>\n","protected":false},"author":2,"featured_media":180049,"parent":53793,"menu_order":0,"comment_status":"closed","ping_status":"closed","template":"","meta":{"_acf_changed":false,"_et_pb_use_builder":"on","_et_pb_old_content":"","_et_gb_content_width":"","footnotes":""},"class_list":["post-178352","page","type-page","status-publish","has-post-thumbnail"],"acf":[],"_links":{"self":[{"href":"https:\/\/www.secowarwick.com\/pl\/wp-json\/wp\/v2\/pages\/178352","targetHints":{"allow":["GET"]}}],"collection":[{"href":"https:\/\/www.secowarwick.com\/pl\/wp-json\/wp\/v2\/pages"}],"about":[{"href":"https:\/\/www.secowarwick.com\/pl\/wp-json\/wp\/v2\/types\/page"}],"author":[{"embeddable":true,"href":"https:\/\/www.secowarwick.com\/pl\/wp-json\/wp\/v2\/users\/2"}],"replies":[{"embeddable":true,"href":"https:\/\/www.secowarwick.com\/pl\/wp-json\/wp\/v2\/comments?post=178352"}],"version-history":[{"count":31,"href":"https:\/\/www.secowarwick.com\/pl\/wp-json\/wp\/v2\/pages\/178352\/revisions"}],"predecessor-version":[{"id":184870,"href":"https:\/\/www.secowarwick.com\/pl\/wp-json\/wp\/v2\/pages\/178352\/revisions\/184870"}],"up":[{"embeddable":true,"href":"https:\/\/www.secowarwick.com\/pl\/wp-json\/wp\/v2\/pages\/53793"}],"wp:featuredmedia":[{"embeddable":true,"href":"https:\/\/www.secowarwick.com\/pl\/wp-json\/wp\/v2\/media\/180049"}],"wp:attachment":[{"href":"https:\/\/www.secowarwick.com\/pl\/wp-json\/wp\/v2\/media?parent=178352"}],"curies":[{"name":"wp","href":"https:\/\/api.w.org\/{rel}","templated":true}]}}