{"id":178609,"date":"2025-06-06T07:58:41","date_gmt":"2025-06-06T05:58:41","guid":{"rendered":"https:\/\/www.secowarwick.com\/ospolce\/nagrody-i-wyroznienia\/angel-of-dual-education\/"},"modified":"2025-06-06T08:18:06","modified_gmt":"2025-06-06T06:18:06","slug":"aniol-ksztalcenia-dualnego","status":"publish","type":"page","link":"https:\/\/www.secowarwick.com\/pl\/ospolce\/nagrody-i-wyroznienia\/aniol-ksztalcenia-dualnego\/","title":{"rendered":"27 maja 2025 roku otrzymali\u015bmy nagrod\u0119 &#8222;Anio\u0142 Kszta\u0142cenia Dualnego&#8221; za wybitne osi\u0105gni\u0119cia w dziedzinie kszta\u0142cenia dualnego."},"content":{"rendered":"<h3>Nagroda przyznana przez Stowarzyszenie Edukacji Dualnej potwierdza nasz\u0105 siln\u0105 pozycj\u0119 w obszarze wspierania edukacji zawodowej.<\/h3>\n<p><img decoding=\"async\" class=\"aligncenter wp-image-178596 size-full\" src=\"https:\/\/www.secowarwick.com\/wp-content\/uploads\/2025\/06\/Angel-of-Dual-Education.jpg\" alt=\"Anio\u0142 Kszta\u0142cenia Dualnego\" width=\"1044\" height=\"591\" srcset=\"https:\/\/www.secowarwick.com\/wp-content\/uploads\/2025\/06\/Angel-of-Dual-Education.jpg 1044w, https:\/\/www.secowarwick.com\/wp-content\/uploads\/2025\/06\/Angel-of-Dual-Education-980x555.jpg 980w, https:\/\/www.secowarwick.com\/wp-content\/uploads\/2025\/06\/Angel-of-Dual-Education-480x272.jpg 480w\" sizes=\"(min-width: 0px) and (max-width: 480px) 480px, (min-width: 481px) and (max-width: 980px) 980px, (min-width: 981px) 1044px, 100vw\" \/><\/p>\n<p>To uznanie dla SECO\/WARWICK, kt\u00f3re od lat anga\u017cuje si\u0119 w rozw\u00f3j m\u0142odzie\u017cy, oferuj\u0105c programy edukacyjne, sta\u017ce oraz wsparcie dla uczni\u00f3w i student\u00f3w. Dzi\u0119ki temu m\u0142odzi ludzie maj\u0105 mo\u017cliwo\u015b\u0107 zdobycia praktycznych umiej\u0119tno\u015bci i do\u015bwiadczenia zawodowego, co przyczynia si\u0119 do ich lepszego przygotowania do przysz\u0142ej kariery zawodowej.<\/p>\n<p>&nbsp;<\/p>\n","protected":false},"excerpt":{"rendered":"<p>Nagroda przyznana przez Stowarzyszenie Edukacji Dualnej potwierdza nasz\u0105 siln\u0105 pozycj\u0119 w obszarze wspierania edukacji zawodowej. To uznanie dla SECO\/WARWICK, kt\u00f3re od lat anga\u017cuje si\u0119 w rozw\u00f3j m\u0142odzie\u017cy, oferuj\u0105c programy edukacyjne, sta\u017ce oraz wsparcie dla uczni\u00f3w i student\u00f3w. Dzi\u0119ki temu m\u0142odzi ludzie maj\u0105 mo\u017cliwo\u015b\u0107 zdobycia praktycznych umiej\u0119tno\u015bci i do\u015bwiadczenia zawodowego, co przyczynia si\u0119 do ich lepszego [&hellip;]<\/p>\n","protected":false},"author":2,"featured_media":178599,"parent":6722,"menu_order":0,"comment_status":"closed","ping_status":"closed","template":"","meta":{"_acf_changed":false,"_et_pb_use_builder":"off","_et_pb_old_content":"","_et_gb_content_width":"","footnotes":""},"class_list":["post-178609","page","type-page","status-publish","has-post-thumbnail"],"acf":[],"_links":{"self":[{"href":"https:\/\/www.secowarwick.com\/pl\/wp-json\/wp\/v2\/pages\/178609","targetHints":{"allow":["GET"]}}],"collection":[{"href":"https:\/\/www.secowarwick.com\/pl\/wp-json\/wp\/v2\/pages"}],"about":[{"href":"https:\/\/www.secowarwick.com\/pl\/wp-json\/wp\/v2\/types\/page"}],"author":[{"embeddable":true,"href":"https:\/\/www.secowarwick.com\/pl\/wp-json\/wp\/v2\/users\/2"}],"replies":[{"embeddable":true,"href":"https:\/\/www.secowarwick.com\/pl\/wp-json\/wp\/v2\/comments?post=178609"}],"version-history":[{"count":2,"href":"https:\/\/www.secowarwick.com\/pl\/wp-json\/wp\/v2\/pages\/178609\/revisions"}],"predecessor-version":[{"id":178617,"href":"https:\/\/www.secowarwick.com\/pl\/wp-json\/wp\/v2\/pages\/178609\/revisions\/178617"}],"up":[{"embeddable":true,"href":"https:\/\/www.secowarwick.com\/pl\/wp-json\/wp\/v2\/pages\/6722"}],"wp:featuredmedia":[{"embeddable":true,"href":"https:\/\/www.secowarwick.com\/pl\/wp-json\/wp\/v2\/media\/178599"}],"wp:attachment":[{"href":"https:\/\/www.secowarwick.com\/pl\/wp-json\/wp\/v2\/media?parent=178609"}],"curies":[{"name":"wp","href":"https:\/\/api.w.org\/{rel}","templated":true}]}}