{"id":178953,"date":"2025-06-07T15:17:03","date_gmt":"2025-06-07T13:17:03","guid":{"rendered":"https:\/\/www.secowarwick.com\/?page_id=178953"},"modified":"2025-09-10T11:05:41","modified_gmt":"2025-09-10T09:05:41","slug":"energy-guard","status":"publish","type":"page","link":"https:\/\/www.secowarwick.com\/pl\/service\/automatyka\/energy-guard\/","title":{"rendered":"Energy Guard"},"content":{"rendered":"<p>[et_pb_section fb_built=&#8221;1&#8243; admin_label=&#8221;section&#8221; _builder_version=&#8221;4.16&#8243; custom_padding=&#8221;0px|||&#8221; transparent_background=&#8221;off&#8221; make_fullwidth=&#8221;off&#8221; use_custom_width=&#8221;off&#8221; width_unit=&#8221;on&#8221; global_colors_info=&#8221;{}&#8221;][et_pb_row column_structure=&#8221;3_4,1_4&#8243; admin_label=&#8221;row&#8221; _builder_version=&#8221;4.23.1&#8243; background_size=&#8221;initial&#8221; background_position=&#8221;top_left&#8221; background_repeat=&#8221;repeat&#8221; custom_padding=&#8221;||||false|false&#8221; make_fullwidth=&#8221;off&#8221; use_custom_width=&#8221;off&#8221; width_unit=&#8221;on&#8221; global_colors_info=&#8221;{}&#8221;][et_pb_column type=&#8221;3_4&#8243; _builder_version=&#8221;4.16&#8243; custom_padding=&#8221;|||&#8221; global_colors_info=&#8221;{}&#8221; custom_padding__hover=&#8221;|||&#8221;][et_pb_code module_class=&#8221;custom-bread&#8221; _builder_version=&#8221;4.23.1&#8243; _module_preset=&#8221;default&#8221; global_colors_info=&#8221;{}&#8221;]<\/p>\n<div class=\"et_pb_module et_pb_breadcrumbs   et_pb_breadcrumbs_0\"><!-- [et_pb_line_break_holder] -->\t\t\t\t<pee id=\"breadcrumbs\"><span><span><a href=\"https:\/\/www.secowarwick.com\/pl\/\">HOME<\/a><\/span> \/ <span><a href=\"https:\/\/www.secowarwick.com\/pl\/service\/automatyka\/\">AUTOMATYKA<\/a><\/span> \/ <span class=\"breadcrumb_last\" aria-current=\"page\">ENERGY GUARD<\/span><\/span><\/pee><!-- [et_pb_line_break_holder] -->\t\t\t<\/div>\n<p>[\/et_pb_code][et_pb_text module_class=&#8221;red-square-list-parent podtytuly&#8221; _builder_version=&#8221;4.23.1&#8243; background_size=&#8221;initial&#8221; background_position=&#8221;top_left&#8221; background_repeat=&#8221;repeat&#8221; text_orientation=&#8221;justified&#8221; use_border_color=&#8221;off&#8221; global_colors_info=&#8221;{}&#8221;]<\/p>\n<h1>ENERGY GUARD<\/h1>\n<h2><img decoding=\"async\" class=\"alignleft wp-image-180353\" src=\"https:\/\/www.secowarwick.com\/wp-content\/uploads\/2025\/06\/energy-guard-v2-1.png\" alt=\"ENERGY GUARD\" width=\"80\" height=\"75\" srcset=\"https:\/\/www.secowarwick.com\/wp-content\/uploads\/2025\/06\/energy-guard-v2-1.png 158w, https:\/\/www.secowarwick.com\/wp-content\/uploads\/2025\/06\/energy-guard-v2-1-150x141.png 150w\" sizes=\"(max-width: 80px) 100vw, 80px\" \/>\u200bOprogramowanie do\u00a0optymalizacji zu\u017cycia energii.<\/h2>\n<p>&nbsp;<\/p>\n<p>Energy Guard, to\u00a0zaawansowane oprogramowanie zaprojektowane z\u00a0my\u015bl\u0105 o\u00a0optymalizacji zu\u017cycia energii w\u00a0przedsi\u0119biorstwach zajmuj\u0105cych si\u0119 obr\u00f3bk\u0105 ciepln\u0105 metali.<\/p>\n<p>[\/et_pb_text][et_pb_text _builder_version=&#8221;4.23.1&#8243; _module_preset=&#8221;default&#8221; header_2_font_size=&#8221;35px&#8221; text_orientation=&#8221;justified&#8221; global_colors_info=&#8221;{}&#8221;]<\/p>\n<h2><strong><span style=\"color: #dc291e;\">\/<\/span><\/strong>CEL ENERGY GUARD<\/h2>\n<p>Jego g\u0142\u00f3wnym celem jest <strong>przewidywanie zapotrzebowania na\u00a0energi\u0119<\/strong> na\u00a0podstawie planowanych proces\u00f3w produkcyjnych, co\u00a0pozwala na\u00a0zarz\u0105dzanie zu\u017cyciem energii w\u00a0spos\u00f3b bardziej efektywny i\u00a0zgodny z\u00a0ustalonymi limitami mocy umownej przedsi\u0119biorstwa.<\/p>\n<p>[\/et_pb_text][\/et_pb_column][et_pb_column type=&#8221;1_4&#8243; _builder_version=&#8221;4.23.1&#8243; custom_padding=&#8221;70px||||false|false&#8221; custom_padding_tablet=&#8221;0px||||false|false&#8221; custom_padding_phone=&#8221;0px||||false|false&#8221; custom_padding_last_edited=&#8221;on|desktop&#8221; global_colors_info=&#8221;{}&#8221; custom_padding__hover=&#8221;|||&#8221;][et_pb_text admin_label=&#8221;btn_pl_premiumlibrary&#8221; module_class=&#8221;premium-library-button&#8221; _builder_version=&#8221;4.23.1&#8243; _module_preset=&#8221;default&#8221; text_orientation=&#8221;center&#8221; global_module=&#8221;157169&#8243; saved_tabs=&#8221;all&#8221; locked=&#8221;off&#8221; global_colors_info=&#8221;{}&#8221;]<\/p>\n<a href='https:\/\/www.secowarwick.com\/pl\/trescipremium\/' class='small-button smallred'><span>TRE\u015aCI PREMIUM<\/span><\/a>\n<p>[\/et_pb_text][et_pb_text admin_label=&#8221;R&#038;D PL&#8221; module_class=&#8221;product_widget_wrap_rd&#8221; _builder_version=&#8221;4.23.1&#8243; _module_preset=&#8221;default&#8221; text_orientation=&#8221;center&#8221; global_module=&#8221;165497&#8243; saved_tabs=&#8221;all&#8221; locked=&#8221;off&#8221; global_colors_info=&#8221;{}&#8221;]<\/p>\n<p><a href=\"https:\/\/www.secowarwick.com\/pl\/rd\/\"><span class=\"product_wigtet_name\">R&amp;D<\/span><\/a><\/p>\n<p>[\/et_pb_text][et_pb_text admin_label=&#8221;PRODUKTY pl&#8221; module_class=&#8221;product_widget_wrap_products&#8221; _builder_version=&#8221;4.23.1&#8243; _module_preset=&#8221;default&#8221; global_module=&#8221;178154&#8243; saved_tabs=&#8221;all&#8221; locked=&#8221;off&#8221; global_colors_info=&#8221;{}&#8221;]<\/p>\n<p><a href=\"https:\/\/www.secowarwick.com\/pl\/produkty\/\" target=\"_blank\" rel=\"noopener\"><span class=\"product_wigtet_name\">PRODUKTY<\/span><\/a><\/p>\n<p>[\/et_pb_text][et_pb_text admin_label=&#8221;SERVICE PL&#8221; module_class=&#8221;product_widget_wrap_service&#8221; _builder_version=&#8221;4.23.1&#8243; _module_preset=&#8221;default&#8221; global_module=&#8221;165500&#8243; saved_tabs=&#8221;all&#8221; locked=&#8221;off&#8221; global_colors_info=&#8221;{}&#8221;]<\/p>\n<p><a href=\"https:\/\/www.secowarwick.com\/pl\/profesjonalne-uslugi-serwisowe\/\"><span class=\"product_wigtet_name\">SERWIS<\/span><\/a><\/p>\n<p>[\/et_pb_text][et_pb_text admin_label=&#8221;SUPLEMENTALS PL&#8221; module_class=&#8221;product_widget_wrap_supleme&#8221; _builder_version=&#8221;4.23.1&#8243; _module_preset=&#8221;default&#8221; global_module=&#8221;165502&#8243; saved_tabs=&#8221;all&#8221; locked=&#8221;off&#8221; global_colors_info=&#8221;{}&#8221;]<\/p>\n<p><span class=\"product_wigtet_name\">DODATKOWE:<\/span><\/p>\n<p>[\/et_pb_text][et_pb_text admin_label=&#8221;dnabook-pl&#8221; module_class=&#8221;suplementals_product_dna suplementals_wrap&#8221; _builder_version=&#8221;4.23.1&#8243; _module_preset=&#8221;default&#8221; global_module=&#8221;165509&#8243; saved_tabs=&#8221;all&#8221; locked=&#8221;off&#8221; global_colors_info=&#8221;{}&#8221;]<\/p>\n<p><a href=\"https:\/\/www.secowarwick.com\/wp-content\/uploads\/2025\/07\/DNA_BOOK.pdf\" target=\"_blank\" rel=\"noopener\">DNA\/BOOK<\/a><\/p>\n<p>[\/et_pb_text][et_pb_text admin_label=&#8221;ECO\/BOOK-pl&#8221; module_class=&#8221;suplementals_product_eco suplementals_wrap&#8221; _builder_version=&#8221;4.23.1&#8243; _module_preset=&#8221;default&#8221; global_module=&#8221;165511&#8243; saved_tabs=&#8221;all&#8221; locked=&#8221;off&#8221; global_colors_info=&#8221;{}&#8221;]<\/p>\n<p><a href=\"https:\/\/www.secowarwick.com\/wp-content\/uploads\/2023\/06\/ECOBOOK-2-1.pdf\" target=\"_blank\" rel=\"noopener\">ECO\/BOOK<\/a><\/p>\n<p>[\/et_pb_text][\/et_pb_column][\/et_pb_row][\/et_pb_section][et_pb_section fb_built=&#8221;1&#8243; admin_label=&#8221;section&#8221; _builder_version=&#8221;4.16&#8243; background_color=&#8221;#f8f8f8&#8243; transparent_background=&#8221;off&#8221; make_fullwidth=&#8221;off&#8221; use_custom_width=&#8221;off&#8221; width_unit=&#8221;on&#8221; global_colors_info=&#8221;{}&#8221;][et_pb_row column_structure=&#8221;1_2,1_2&#8243; _builder_version=&#8221;4.23.1&#8243; _module_preset=&#8221;default&#8221; global_colors_info=&#8221;{}&#8221;][et_pb_column type=&#8221;1_2&#8243; _builder_version=&#8221;4.23.1&#8243; _module_preset=&#8221;default&#8221; global_colors_info=&#8221;{}&#8221;][et_pb_text module_class=&#8221;red-square-list-parent podtytuly&#8221; _builder_version=&#8221;4.23.1&#8243; header_2_font_size=&#8221;35px&#8221; background_size=&#8221;initial&#8221; background_position=&#8221;top_left&#8221; background_repeat=&#8221;repeat&#8221; text_orientation=&#8221;justified&#8221; use_border_color=&#8221;off&#8221; global_colors_info=&#8221;{}&#8221;]<\/p>\n<h2><strong><span style=\"color: #dc291e;\">\/<\/span><\/strong>FUNKCJE ENERGY GUARD<\/h2>\n<p>Podstawow\u0105 funkcj\u0105 aplikacji jest <strong>efektywne kolejkowanie<\/strong> <strong>zaplanowanych proces\u00f3w na\u00a0r\u00f3\u017cnych urz\u0105dzeniach na\u00a0linii produkcyjnej w\u00a0celu optymalizacji wydajno\u015bci<\/strong>.<\/p>\n<p>Jedn\u0105 z\u00a0najbardziej warto\u015bciowych cech oprogramowania jest jego zdolno\u015b\u0107 do\u00a0redukcji koszt\u00f3w zu\u017cycia energii przez\u00a0firm\u0119. Poprzez obliczanie rozwi\u0105za\u0144 co\u00a0minut\u0119, w\u00a0oparciu o\u00a0stan linii produkcyjnej w\u00a0czasie rzeczywistym, oprogramowanie stale dostosowuje swoje operacje. Ta\u00a0regulacja w\u00a0czasie rzeczywistym pozwala systemowi dynamicznie reagowa\u0107 na\u00a0zmieniaj\u0105ce si\u0119 warunki na\u00a0linii, zapewniaj\u0105c ci\u0105g\u0142\u0105 optymalizacj\u0119 procesu produkcyjnego.<\/p>\n<p>Og\u00f3lnym celem oprogramowania jest minimalizacja koszt\u00f3w energii poprzez planowanie proces\u00f3w w\u00a0spos\u00f3b zgodny ze\u00a0specyficznym profilem zu\u017cycia energii ka\u017cdej receptury. Ka\u017cda receptura ma\u00a0sw\u00f3j w\u0142asny odr\u0119bny profil zu\u017cycia energii, kt\u00f3ry\u00a0jest aktualizowany po\u00a0ka\u017cdym procesie, aby zapewni\u0107, \u017ce\u00a0zu\u017cycie energii pozostaje tak\u00a0wydajne, jak to\u00a0mo\u017cliwe.<\/p>\n<p>Optymalizacja zu\u017cycia energii jest kluczowa nie\u00a0tylko\u00a0w\u00a0kontek\u015bcie koszt\u00f3w, ale\u00a0r\u00f3wnie\u017c w\u00a0aspekcie zr\u00f3wnowa\u017conego rozwoju i\u00a0efektywno\u015bci operacyjnej.<\/p>\n<p>[\/et_pb_text][\/et_pb_column][et_pb_column type=&#8221;1_2&#8243; _builder_version=&#8221;4.23.1&#8243; _module_preset=&#8221;default&#8221; global_colors_info=&#8221;{}&#8221;][et_pb_text module_class=&#8221;red-hash-list-parent podtytuly&#8221; _builder_version=&#8221;4.23.1&#8243; ul_text_align=&#8221;justify&#8221; header_2_font_size=&#8221;35px&#8221; background_size=&#8221;initial&#8221; background_position=&#8221;top_left&#8221; background_repeat=&#8221;repeat&#8221; text_orientation=&#8221;justified&#8221; use_border_color=&#8221;off&#8221; global_colors_info=&#8221;{}&#8221;]<\/p>\n<h2><strong><span style=\"color: #dc291e;\">\/<\/span><\/strong>PROBLEMY, KT\u00d3RE ROZWI\u0104ZUJE<\/h2>\n<ul>\n<li><strong>Przekroczenie mocy umownej<\/strong>: Energy Guard skutecznie zapobiega sytuacjom, w\u00a0kt\u00f3rych\u00a0firma przekracza zakontraktowan\u0105 moc, co\u00a0mog\u0142oby skutkowa\u0107 wysokimi op\u0142atami za\u00a0nadmierne zu\u017cycie energii.<\/li>\n<li><strong>Brak transparentno\u015bci w\u00a0zu\u017cyciu energii<\/strong>: Oprogramowanie zapewnia pe\u0142n\u0105 widoczno\u015b\u0107 w\u00a0zakresie przewidywanego zu\u017cycia energii, co\u00a0u\u0142atwia przedsi\u0119biorstwom podejmowanie \u015bwiadomych decyzji dotycz\u0105cych alokacji zasob\u00f3w.<\/li>\n<li><strong>Niska efektywno\u015b\u0107 energetyczna<\/strong>: Dzi\u0119ki optymalizacji plan\u00f3w produkcyjnych, przedsi\u0119biorstwo mo\u017ce znacz\u0105co poprawi\u0107 efektywno\u015b\u0107 energetyczn\u0105, zmniejszaj\u0105c koszty oraz\u00a0negatywny wp\u0142yw na\u00a0\u015brodowisko.<\/li>\n<\/ul>\n<p>Dwa tryby pracy: Eco (ekologiczny) i\u00a0Fast (szybki), z\u00a0kt\u00f3rych\u00a0ka\u017cdy zaspokaja r\u00f3\u017cne potrzeby w\u00a0zakresie r\u00f3wnowa\u017cenia efektywno\u015bci energetycznej i\u00a0produktywno\u015bci.<\/p>\n<p>[\/et_pb_text][\/et_pb_column][\/et_pb_row][\/et_pb_section][et_pb_section fb_built=&#8221;1&#8243; _builder_version=&#8221;4.23.1&#8243; _module_preset=&#8221;default&#8221; global_colors_info=&#8221;{}&#8221;][et_pb_row column_structure=&#8221;1_2,1_2&#8243; make_equal=&#8221;on&#8221; admin_label=&#8221;row&#8221; _builder_version=&#8221;4.23.1&#8243; background_size=&#8221;initial&#8221; background_position=&#8221;top_left&#8221; background_repeat=&#8221;repeat&#8221; global_colors_info=&#8221;{}&#8221;][et_pb_column type=&#8221;1_2&#8243; module_class=&#8221;kolumna-wysrodkowana&#8221; _builder_version=&#8221;4.23.1&#8243; custom_padding=&#8221;|||&#8221; global_colors_info=&#8221;{}&#8221; custom_padding__hover=&#8221;|||&#8221;][et_pb_image src=&#8221;https:\/\/www.secowarwick.com\/wp-content\/uploads\/2025\/06\/tryb-eco.jpg&#8221; alt=&#8221;tryb eco&#8221; title_text=&#8221;seco_preventive 1&#8243; align_tablet=&#8221;center&#8221; align_phone=&#8221;&#8221; align_last_edited=&#8221;on|desktop&#8221; _builder_version=&#8221;4.23.1&#8243; global_colors_info=&#8221;{}&#8221;][\/et_pb_image][\/et_pb_column][et_pb_column type=&#8221;1_2&#8243; _builder_version=&#8221;4.16&#8243; custom_padding=&#8221;|||&#8221; global_colors_info=&#8221;{}&#8221; custom_padding__hover=&#8221;|||&#8221;][et_pb_text _builder_version=&#8221;4.23.1&#8243; _module_preset=&#8221;default&#8221; header_2_font_size=&#8221;35px&#8221; text_orientation=&#8221;justified&#8221; global_colors_info=&#8221;{}&#8221;]<\/p>\n<h2><strong><span style=\"color: #dc291e;\">\/<\/span><\/strong>Tryb ECO<\/h2>\n<p>W\u00a0trybie Eco <strong>algorytm optymalizacji bierze pod\u00a0uwag\u0119 zu\u017cycie energii ka\u017cdego segmentu<\/strong> w\u00a0ramach zaplanowanych proces\u00f3w dla ka\u017cdej partii na\u00a0ka\u017cdym urz\u0105dzeniu. Algorytm dok\u0142adnie rozwa\u017ca zapotrzebowanie na\u00a0energi\u0119 na\u00a0wszystkich etapach procesu produkcyjnego, zapewniaj\u0105c, \u017ce\u00a0zu\u017cycie energii pozostaje w\u00a0ramach wst\u0119pnie zdefiniowanego limitu przez\u00a0okre\u015blony czas. Tryb ten priorytetowo traktuje oszcz\u0119dno\u015b\u0107 energii, maj\u0105c na\u00a0celu znalezienie najlepszego rozwi\u0105zania, kt\u00f3re optymalizuje zu\u017cycie energii bez\u00a0przekraczania ustalonych limit\u00f3w energii przez\u00a0d\u0142u\u017cszy okres czasu. Jest idealny w\u00a0sytuacjach, w\u00a0kt\u00f3rych\u00a0priorytetem jest redukcja koszt\u00f3w i\u00a0wp\u0142yw na\u00a0\u015brodowisko.<\/p>\n<p>[\/et_pb_text][\/et_pb_column][\/et_pb_row][et_pb_row column_structure=&#8221;1_2,1_2&#8243; make_equal=&#8221;on&#8221; admin_label=&#8221;row&#8221; _builder_version=&#8221;4.23.1&#8243; background_size=&#8221;initial&#8221; background_position=&#8221;top_left&#8221; background_repeat=&#8221;repeat&#8221; global_colors_info=&#8221;{}&#8221;][et_pb_column type=&#8221;1_2&#8243; _builder_version=&#8221;4.16&#8243; custom_padding=&#8221;|||&#8221; global_colors_info=&#8221;{}&#8221; custom_padding__hover=&#8221;|||&#8221;][et_pb_text _builder_version=&#8221;4.23.1&#8243; _module_preset=&#8221;default&#8221; header_2_font_size=&#8221;35px&#8221; text_orientation=&#8221;justified&#8221; global_colors_info=&#8221;{}&#8221;]<\/p>\n<h2><span style=\"color: #dc291e;\"><strong>\/<\/strong><\/span>Tryb FAST<\/h2>\n<p>W\u00a0trybie szybkim Energy Guard <strong>koncentruje si\u0119 na\u00a0maksymalizacji og\u00f3lnej wydajno\u015bci linii produkcyjnej<\/strong>. Algorytm harmonogramowania dzia\u0142a w\u00a0celu osi\u0105gni\u0119cia jak najwy\u017cszej wydajno\u015bci urz\u0105dze\u0144 i\u00a0zminimalizowania czasu, jaki ka\u017cda partia sp\u0119dza na\u00a0linii produkcyjnej. W\u00a0tym trybie limity zu\u017cycia energii nie\u00a0s\u0105\u00a0uwzgl\u0119dniane w\u00a0procesie harmonogramowania. Zamiast tego algorytm koncentruje si\u0119 na\u00a0zapewnieniu, \u017ce\u00a0proces produkcji jest tak\u00a0szybki i\u00a0wydajny, jak to\u00a0mo\u017cliwe, nawet je\u015bli oznacza to\u00a0tymczasowe przekroczenie limit\u00f3w zu\u017cycia energii. Ten tryb najlepiej nadaje si\u0119 do\u00a0scenariuszy, w\u00a0kt\u00f3rych\u00a0maksymalizacja szybko\u015bci produkcji i\u00a0przepustowo\u015bci ma\u00a0wi\u0119ksze znaczenie ni\u017c efektywno\u015b\u0107 energetyczna.<\/p>\n<p>[\/et_pb_text][\/et_pb_column][et_pb_column type=&#8221;1_2&#8243; module_class=&#8221;kolumna-wysrodkowana&#8221; _builder_version=&#8221;4.23.1&#8243; custom_padding=&#8221;|||&#8221; global_colors_info=&#8221;{}&#8221; custom_padding__hover=&#8221;|||&#8221;][et_pb_image src=&#8221;https:\/\/www.secowarwick.com\/wp-content\/uploads\/2025\/06\/tryb-fast.jpg&#8221; alt=&#8221;Tryb Fast&#8221; title_text=&#8221;seco_preventive 2&#8243; align_tablet=&#8221;center&#8221; align_phone=&#8221;&#8221; align_last_edited=&#8221;on|desktop&#8221; _builder_version=&#8221;4.23.1&#8243; global_colors_info=&#8221;{}&#8221;][\/et_pb_image][\/et_pb_column][\/et_pb_row][\/et_pb_section][et_pb_section fb_built=&#8221;1&#8243; _builder_version=&#8221;4.23.1&#8243; _module_preset=&#8221;default&#8221; global_colors_info=&#8221;{}&#8221;][et_pb_row column_structure=&#8221;3_4,1_4&#8243; use_custom_gutter=&#8221;on&#8221; gutter_width=&#8221;2&#8243; module_class=&#8221;automatycy-wiersz-korzysci&#8221; _builder_version=&#8221;4.23.1&#8243; _module_preset=&#8221;default&#8221; locked=&#8221;off&#8221; global_colors_info=&#8221;{}&#8221;][et_pb_column type=&#8221;3_4&#8243; _builder_version=&#8221;4.23.1&#8243; _module_preset=&#8221;default&#8221; global_colors_info=&#8221;{}&#8221;][et_pb_text module_class=&#8221;przecinek-tlo-nizej&#8221; _builder_version=&#8221;4.23.1&#8243; text_text_color=&#8221;#000000&#8243; background_size=&#8221;initial&#8221; background_position=&#8221;top_left&#8221; background_repeat=&#8221;repeat&#8221; use_border_color=&#8221;off&#8221; global_colors_info=&#8221;{}&#8221;]<\/p>\n<p>KORZY\u015aCI<\/p>\n<p>[\/et_pb_text][et_pb_text module_class=&#8221;opis-korzysci&#8221; _builder_version=&#8221;4.23.1&#8243; _module_preset=&#8221;default&#8221; text_orientation=&#8221;justified&#8221; custom_margin=&#8221;20px||||false|false&#8221; global_colors_info=&#8221;{}&#8221;]<\/p>\n<p><strong><span style=\"color: #dc291e;\">\/<\/span><\/strong>\u00a0Prognozowanie zu\u017cycia energii<\/p>\n<p><strong><span style=\"color: #dc291e;\">\/<\/span><\/strong>\u00a0Optymalizacja harmonogramu produkcji<\/p>\n<p><strong><span style=\"color: #dc291e;\">\/<\/span><\/strong>\u00a0Redukcja koszt\u00f3w energii (po\u015brednio)<\/p>\n<p><strong><span style=\"color: #dc291e;\">\/<\/span><\/strong>\u00a0Zgodno\u015b\u0107 z\u00a0profilem energetycznym receptur<\/p>\n<p><strong><span style=\"color: #dc291e;\">\/<\/span><\/strong>\u00a0Elastyczno\u015b\u0107 operacyjna<\/p>\n<p><strong><span style=\"color: #dc291e;\">\/<\/span><\/strong>\u00a0Unikanie przekrocze\u0144 mocy umownej<\/p>\n<p><strong><span style=\"color: #dc291e;\">\/<\/span><\/strong>\u00a0Pe\u0142na transparentno\u015b\u0107 energetyczna<\/p>\n<p><strong><span style=\"color: #dc291e;\">\/<\/span><\/strong>\u00a0Zwi\u0119kszenie efektywno\u015bci energetycznej<\/p>\n<p><strong><span style=\"color: #dc291e;\">\/<\/span><\/strong>\u00a0Ci\u0105g\u0142a optymalizacja w\u00a0czasie rzeczywistym<\/p>\n<p>[\/et_pb_text][\/et_pb_column][et_pb_column type=&#8221;1_4&#8243; _builder_version=&#8221;4.23.1&#8243; _module_preset=&#8221;default&#8221; global_colors_info=&#8221;{}&#8221;][et_pb_image src=&#8221;https:\/\/www.secowarwick.com\/wp-content\/uploads\/2024\/05\/korzysci.png&#8221; alt=&#8221;korzy\u015bci&#8221; align=&#8221;center&#8221; module_class=&#8221;obraz-korzysci&#8221; _builder_version=&#8221;4.23.1&#8243; _module_preset=&#8221;default&#8221; global_colors_info=&#8221;{}&#8221;][\/et_pb_image][\/et_pb_column][\/et_pb_row][et_pb_row _builder_version=&#8221;4.23.1&#8243; _module_preset=&#8221;default&#8221; global_colors_info=&#8221;{}&#8221;][et_pb_column type=&#8221;4_4&#8243; _builder_version=&#8221;4.23.1&#8243; _module_preset=&#8221;default&#8221; global_colors_info=&#8221;{}&#8221;][et_pb_text _builder_version=&#8221;4.23.1&#8243; _module_preset=&#8221;default&#8221; text_orientation=&#8221;justified&#8221; global_colors_info=&#8221;{}&#8221;]<\/p>\n<p>Podsumowuj\u0105c, Energy Guard oferuje dwa warto\u015bciowe tryby, kt\u00f3re <strong>pozwalaj\u0105 firmom dostosowa\u0107 harmonogram produkcji do\u00a0konkretnych potrzeb<\/strong> \u2014\u00a0czy\u00a0to\u00a0priorytetowe traktowanie efektywno\u015bci energetycznej i\u00a0oszcz\u0119dno\u015bci koszt\u00f3w w\u00a0trybie ECO, czy\u00a0maksymalizacja produktywno\u015bci i\u00a0skr\u00f3cenie czas\u00f3w cykli w\u00a0trybie FAST.<br \/>Oba tryby zapewniaj\u0105 elastyczne, oparte na\u00a0danych podej\u015bcie do\u00a0ulepszania operacji produkcyjnych, z\u00a0dodatkow\u0105 korzy\u015bci\u0105 w\u00a0postaci dostosowa\u0144 w\u00a0czasie rzeczywistym i\u00a0ci\u0105g\u0142ej optymalizacji.<\/p>\n<p>[\/et_pb_text][\/et_pb_column][\/et_pb_row][\/et_pb_section]<\/p>\n","protected":false},"excerpt":{"rendered":"<p>ENERGY GUARD \u200bOprogramowanie do\u00a0optymalizacji zu\u017cycia energii. &nbsp; Energy Guard, to\u00a0zaawansowane oprogramowanie zaprojektowane z\u00a0my\u015bl\u0105 o\u00a0optymalizacji zu\u017cycia energii w\u00a0przedsi\u0119biorstwach zajmuj\u0105cych si\u0119 obr\u00f3bk\u0105 ciepln\u0105 metali.\/CEL ENERGY GUARD Jego g\u0142\u00f3wnym celem jest przewidywanie zapotrzebowania na\u00a0energi\u0119 na\u00a0podstawie planowanych proces\u00f3w produkcyjnych, co\u00a0pozwala na\u00a0zarz\u0105dzanie zu\u017cyciem energii w\u00a0spos\u00f3b bardziej efektywny i\u00a0zgodny z\u00a0ustalonymi limitami mocy umownej przedsi\u0119biorstwa.<a href='https:\/\/www.secowarwick.com\/pl\/trescipremium\/' class='small-button smallred'><span>TRE\u015aCI PREMIUM<\/span><\/a> R&amp;D PRODUKTY SERWIS [&hellip;]<\/p>\n","protected":false},"author":2,"featured_media":178964,"parent":124591,"menu_order":0,"comment_status":"closed","ping_status":"closed","template":"","meta":{"_acf_changed":false,"_et_pb_use_builder":"on","_et_pb_old_content":"","_et_gb_content_width":"","footnotes":""},"class_list":["post-178953","page","type-page","status-publish","has-post-thumbnail"],"acf":[],"_links":{"self":[{"href":"https:\/\/www.secowarwick.com\/pl\/wp-json\/wp\/v2\/pages\/178953","targetHints":{"allow":["GET"]}}],"collection":[{"href":"https:\/\/www.secowarwick.com\/pl\/wp-json\/wp\/v2\/pages"}],"about":[{"href":"https:\/\/www.secowarwick.com\/pl\/wp-json\/wp\/v2\/types\/page"}],"author":[{"embeddable":true,"href":"https:\/\/www.secowarwick.com\/pl\/wp-json\/wp\/v2\/users\/2"}],"replies":[{"embeddable":true,"href":"https:\/\/www.secowarwick.com\/pl\/wp-json\/wp\/v2\/comments?post=178953"}],"version-history":[{"count":29,"href":"https:\/\/www.secowarwick.com\/pl\/wp-json\/wp\/v2\/pages\/178953\/revisions"}],"predecessor-version":[{"id":184097,"href":"https:\/\/www.secowarwick.com\/pl\/wp-json\/wp\/v2\/pages\/178953\/revisions\/184097"}],"up":[{"embeddable":true,"href":"https:\/\/www.secowarwick.com\/pl\/wp-json\/wp\/v2\/pages\/124591"}],"wp:featuredmedia":[{"embeddable":true,"href":"https:\/\/www.secowarwick.com\/pl\/wp-json\/wp\/v2\/media\/178964"}],"wp:attachment":[{"href":"https:\/\/www.secowarwick.com\/pl\/wp-json\/wp\/v2\/media?parent=178953"}],"curies":[{"name":"wp","href":"https:\/\/api.w.org\/{rel}","templated":true}]}}